{"id":1593,"date":"2025-08-10T16:58:51","date_gmt":"2025-08-10T15:58:51","guid":{"rendered":"https:\/\/japanmatsuri.org\/it\/?page_id=1593"},"modified":"2025-08-10T17:05:32","modified_gmt":"2025-08-10T16:05:32","slug":"expositions","status":"publish","type":"page","link":"http:\/\/japanmatsuri.org\/fr\/expositions\/","title":{"rendered":"Expositions"},"content":{"rendered":"<div data-elementor-type=\"wp-page\" data-elementor-id=\"1593\" class=\"elementor elementor-1593\" data-elementor-post-type=\"page\">\n\t\t\t\t<div class=\"elementor-element elementor-element-71ac5092 e-flex e-con-boxed e-con e-parent\" data-id=\"71ac5092\" data-element_type=\"container\">\n\t\t\t\t\t<div class=\"e-con-inner\">\n\t\t\t\t<div class=\"elementor-element elementor-element-74e00b24 elementor-widget elementor-widget-heading\" data-id=\"74e00b24\" data-element_type=\"widget\" data-widget_type=\"heading.default\">\n\t\t\t\t<div class=\"elementor-widget-container\">\n\t\t\t\t\t<h1 class=\"elementor-heading-title elementor-size-default\">Expositions<\/h1>\t\t\t\t<\/div>\n\t\t\t\t<\/div>\n\t\t\t\t\t<\/div>\n\t\t\t\t<\/div>\n\t\t<div class=\"elementor-element elementor-element-02ca99d e-flex e-con-boxed e-con e-parent\" data-id=\"02ca99d\" data-element_type=\"container\">\n\t\t\t\t\t<div class=\"e-con-inner\">\n\t\t\t\t<div class=\"elementor-element elementor-element-ed43a89 elementor-widget elementor-widget-text-editor\" data-id=\"ed43a89\" data-element_type=\"widget\" data-widget_type=\"text-editor.default\">\n\t\t\t\t<div class=\"elementor-widget-container\">\n\t\t\t\t\t\t\t\t\t<p>\u00c0 l\u2019occasion du Japan Matsuri, deux expositions offriront au public des perspectives diff\u00e9rentes mais compl\u00e9mentaires sur la richesse de la culture japonaise.<\/p><p class=\"translation-block\">D\u2019un c\u00f4t\u00e9, \u00ab <b>Trame d\u2019Oriente<\/b> \u00bb, une collection raffin\u00e9e de mini-kimonos confectionn\u00e9s avec soin par les \u00e9tudiantes de l\u2019\u00c9cole des Arts et M\u00e9tiers de la Couture de Biasca. De l\u2019autre, \u00ab <b>JDM \u2013 Passion japonaise sur quatre roues<\/b> \u00bb, une s\u00e9lection de v\u00e9hicules embl\u00e9matiques du march\u00e9 automobile japonais, pr\u00e9sent\u00e9s par les passionn\u00e9s de l\u2019association Japan Style Ticino.<\/p><p>Deux interpr\u00e9tations, une inspiration commune : l\u2019esth\u00e9tique et le savoir-faire du Japon.<\/p>\t\t\t\t\t\t\t\t<\/div>\n\t\t\t\t<\/div>\n\t\t\t\t\t<\/div>\n\t\t\t\t<\/div>\n\t\t<div class=\"elementor-element elementor-element-796ded3 e-flex e-con-boxed e-con e-parent\" data-id=\"796ded3\" data-element_type=\"container\">\n\t\t\t\t\t<div class=\"e-con-inner\">\n\t\t<div class=\"elementor-element elementor-element-288925c e-con-full e-flex e-con e-child\" data-id=\"288925c\" data-element_type=\"container\">\n\t\t\t\t<div class=\"elementor-element elementor-element-2650821 elementor-widget elementor-widget-image\" data-id=\"2650821\" data-element_type=\"widget\" data-widget_type=\"image.default\">\n\t\t\t\t<div class=\"elementor-widget-container\">\n\t\t\t\t\t\t\t\t\t\t\t\t<figure class=\"wp-caption\">\n\t\t\t\t\t\t\t\t\t\t\t<a href=\"https:\/\/japanmatsuri.org\/fr\/trame-d-oriente\/\">\n\t\t\t\t\t\t\t<img fetchpriority=\"high\" decoding=\"async\" width=\"500\" height=\"300\" src=\"https:\/\/japanmatsuri.org\/wp-content\/uploads\/2025\/08\/button_trame.png\" class=\"attachment-large size-large wp-image-1627\" alt=\"\" srcset=\"https:\/\/japanmatsuri.org\/wp-content\/uploads\/2025\/08\/button_trame.png 500w, https:\/\/japanmatsuri.org\/wp-content\/uploads\/2025\/08\/button_trame-300x180.png 300w, https:\/\/japanmatsuri.org\/wp-content\/uploads\/2025\/08\/button_trame-18x12.png 18w\" sizes=\"(max-width: 500px) 100vw, 500px\" \/>\t\t\t\t\t\t\t\t<\/a>\n\t\t\t\t\t\t\t\t\t\t\t<figcaption class=\"widget-image-caption wp-caption-text\">Foto: Franco Taranto - PRO Cadenazzo e Robasacco<\/figcaption>\n\t\t\t\t\t\t\t\t\t\t<\/figure>\n\t\t\t\t\t\t\t\t\t<\/div>\n\t\t\t\t<\/div>\n\t\t\t\t<\/div>\n\t\t<div class=\"elementor-element elementor-element-5d5449b e-con-full e-flex e-con e-child\" data-id=\"5d5449b\" data-element_type=\"container\">\n\t\t\t\t<div class=\"elementor-element elementor-element-6d31943 elementor-widget elementor-widget-image\" data-id=\"6d31943\" data-element_type=\"widget\" data-widget_type=\"image.default\">\n\t\t\t\t<div class=\"elementor-widget-container\">\n\t\t\t\t\t\t\t\t\t\t\t\t\t\t\t\t<a href=\"https:\/\/japanmatsuri.org\/fr\/jdm\/\">\n\t\t\t\t\t\t\t<img decoding=\"async\" width=\"500\" height=\"300\" src=\"https:\/\/japanmatsuri.org\/wp-content\/uploads\/2025\/08\/button_jdm.png\" class=\"attachment-large size-large wp-image-1628\" alt=\"\" srcset=\"https:\/\/japanmatsuri.org\/wp-content\/uploads\/2025\/08\/button_jdm.png 500w, https:\/\/japanmatsuri.org\/wp-content\/uploads\/2025\/08\/button_jdm-300x180.png 300w, https:\/\/japanmatsuri.org\/wp-content\/uploads\/2025\/08\/button_jdm-18x12.png 18w\" sizes=\"(max-width: 500px) 100vw, 500px\" \/>\t\t\t\t\t\t\t\t<\/a>\n\t\t\t\t\t\t\t\t\t\t\t\t\t\t\t<\/div>\n\t\t\t\t<\/div>\n\t\t\t\t<\/div>\n\t\t\t\t\t<\/div>\n\t\t\t\t<\/div>\n\t\t\t\t<\/div>","protected":false},"excerpt":{"rendered":"<p>Esposizioni In occasione del Japan Matsuri, due esposizioni offriranno al pubblico prospettive diverse ma complementari sulla ricchezza della cultura giapponese. Da un lato, \u201cTrame d\u2019Oriente\u201d, una raffinata collezione di mini kimono realizzati con maestria dalle studentesse della Scuola d&#8217;Arti e Mestieri della Sartoria di Biasca. Dall\u2019altro, \u201cJDM \u2013 Passione giapponese, su quattro ruote\u201d, una selezione [&hellip;]<\/p>","protected":false},"author":1,"featured_media":0,"parent":0,"menu_order":0,"comment_status":"closed","ping_status":"closed","template":"","meta":{"footnotes":""},"class_list":["post-1593","page","type-page","status-publish","hentry"],"yoast_head":"<!-- This site is optimized with the Yoast SEO plugin v25.4 - https:\/\/yoast.com\/wordpress\/plugins\/seo\/ -->\n<title>Esposizioni - Japan Matsuri - Festival Giapponese Bellinzona<\/title>\n<meta name=\"robots\" content=\"index, follow, max-snippet:-1, max-image-preview:large, max-video-preview:-1\" \/>\n<link rel=\"canonical\" href=\"https:\/\/japanmatsuri.org\/fr\/expositions\/\" \/>\n<meta property=\"og:locale\" content=\"fr_FR\" \/>\n<meta property=\"og:type\" content=\"article\" \/>\n<meta property=\"og:title\" content=\"Esposizioni - Japan Matsuri - Festival Giapponese Bellinzona\" \/>\n<meta property=\"og:description\" content=\"Esposizioni In occasione del Japan Matsuri, due esposizioni offriranno al pubblico prospettive diverse ma complementari sulla ricchezza della cultura giapponese. Da un lato, \u201cTrame d\u2019Oriente\u201d, una raffinata collezione di mini kimono realizzati con maestria dalle studentesse della Scuola d&#8217;Arti e Mestieri della Sartoria di Biasca. Dall\u2019altro, \u201cJDM \u2013 Passione giapponese, su quattro ruote\u201d, una selezione [&hellip;]\" \/>\n<meta property=\"og:url\" content=\"https:\/\/japanmatsuri.org\/fr\/expositions\/\" \/>\n<meta property=\"og:site_name\" content=\"Japan Matsuri - Festival Giapponese Bellinzona\" \/>\n<meta property=\"article:modified_time\" content=\"2025-08-10T16:05:32+00:00\" \/>\n<meta property=\"og:image\" content=\"https:\/\/japanmatsuri.org\/wp-content\/uploads\/2025\/08\/button_trame.png\" \/>\n\t<meta property=\"og:image:width\" content=\"500\" \/>\n\t<meta property=\"og:image:height\" content=\"300\" \/>\n\t<meta property=\"og:image:type\" content=\"image\/png\" \/>\n<meta name=\"twitter:card\" content=\"summary_large_image\" \/>\n<script type=\"application\/ld+json\" class=\"yoast-schema-graph\">{\"@context\":\"https:\/\/schema.org\",\"@graph\":[{\"@type\":\"WebPage\",\"@id\":\"https:\/\/japanmatsuri.org\/it\/esposizioni\/\",\"url\":\"https:\/\/japanmatsuri.org\/it\/esposizioni\/\",\"name\":\"Esposizioni - Japan Matsuri - Festival Giapponese Bellinzona\",\"isPartOf\":{\"@id\":\"https:\/\/japanmatsuri.org\/#website\"},\"primaryImageOfPage\":{\"@id\":\"https:\/\/japanmatsuri.org\/it\/esposizioni\/#primaryimage\"},\"image\":{\"@id\":\"https:\/\/japanmatsuri.org\/it\/esposizioni\/#primaryimage\"},\"thumbnailUrl\":\"https:\/\/japanmatsuri.org\/wp-content\/uploads\/2025\/08\/button_trame.png\",\"datePublished\":\"2025-08-10T15:58:51+00:00\",\"dateModified\":\"2025-08-10T16:05:32+00:00\",\"breadcrumb\":{\"@id\":\"https:\/\/japanmatsuri.org\/it\/esposizioni\/#breadcrumb\"},\"inLanguage\":\"fr-FR\",\"potentialAction\":[{\"@type\":\"ReadAction\",\"target\":[\"https:\/\/japanmatsuri.org\/it\/esposizioni\/\"]}]},{\"@type\":\"ImageObject\",\"inLanguage\":\"fr-FR\",\"@id\":\"https:\/\/japanmatsuri.org\/it\/esposizioni\/#primaryimage\",\"url\":\"https:\/\/japanmatsuri.org\/wp-content\/uploads\/2025\/08\/button_trame.png\",\"contentUrl\":\"https:\/\/japanmatsuri.org\/wp-content\/uploads\/2025\/08\/button_trame.png\"},{\"@type\":\"BreadcrumbList\",\"@id\":\"https:\/\/japanmatsuri.org\/it\/esposizioni\/#breadcrumb\",\"itemListElement\":[{\"@type\":\"ListItem\",\"position\":1,\"name\":\"Home\",\"item\":\"https:\/\/japanmatsuri.org\/it\/\"},{\"@type\":\"ListItem\",\"position\":2,\"name\":\"Esposizioni\"}]},{\"@type\":\"WebSite\",\"@id\":\"https:\/\/japanmatsuri.org\/#website\",\"url\":\"https:\/\/japanmatsuri.org\/\",\"name\":\"Japan Matsuri - Festival Giapponese Bellinzona\",\"description\":\"Festival Giapponese Bellinzona\",\"potentialAction\":[{\"@type\":\"SearchAction\",\"target\":{\"@type\":\"EntryPoint\",\"urlTemplate\":\"https:\/\/japanmatsuri.org\/?s={search_term_string}\"},\"query-input\":{\"@type\":\"PropertyValueSpecification\",\"valueRequired\":true,\"valueName\":\"search_term_string\"}}],\"inLanguage\":\"fr-FR\"}]}<\/script>\n<!-- \/ Yoast SEO plugin. -->","yoast_head_json":{"title":"Esposizioni - Japan Matsuri - Festival Giapponese Bellinzona","robots":{"index":"index","follow":"follow","max-snippet":"max-snippet:-1","max-image-preview":"max-image-preview:large","max-video-preview":"max-video-preview:-1"},"canonical":"https:\/\/japanmatsuri.org\/fr\/expositions\/","og_locale":"fr_FR","og_type":"article","og_title":"Esposizioni - Japan Matsuri - Festival Giapponese Bellinzona","og_description":"Esposizioni In occasione del Japan Matsuri, due esposizioni offriranno al pubblico prospettive diverse ma complementari sulla ricchezza della cultura giapponese. Da un lato, \u201cTrame d\u2019Oriente\u201d, una raffinata collezione di mini kimono realizzati con maestria dalle studentesse della Scuola d&#8217;Arti e Mestieri della Sartoria di Biasca. Dall\u2019altro, \u201cJDM \u2013 Passione giapponese, su quattro ruote\u201d, una selezione [&hellip;]","og_url":"https:\/\/japanmatsuri.org\/fr\/expositions\/","og_site_name":"Japan Matsuri - Festival Giapponese Bellinzona","article_modified_time":"2025-08-10T16:05:32+00:00","og_image":[{"width":500,"height":300,"url":"https:\/\/japanmatsuri.org\/wp-content\/uploads\/2025\/08\/button_trame.png","type":"image\/png"}],"twitter_card":"summary_large_image","schema":{"@context":"https:\/\/schema.org","@graph":[{"@type":"WebPage","@id":"https:\/\/japanmatsuri.org\/it\/esposizioni\/","url":"https:\/\/japanmatsuri.org\/it\/esposizioni\/","name":"Esposizioni - Japan Matsuri - Festival Giapponese Bellinzona","isPartOf":{"@id":"https:\/\/japanmatsuri.org\/#website"},"primaryImageOfPage":{"@id":"https:\/\/japanmatsuri.org\/it\/esposizioni\/#primaryimage"},"image":{"@id":"https:\/\/japanmatsuri.org\/it\/esposizioni\/#primaryimage"},"thumbnailUrl":"https:\/\/japanmatsuri.org\/wp-content\/uploads\/2025\/08\/button_trame.png","datePublished":"2025-08-10T15:58:51+00:00","dateModified":"2025-08-10T16:05:32+00:00","breadcrumb":{"@id":"https:\/\/japanmatsuri.org\/it\/esposizioni\/#breadcrumb"},"inLanguage":"fr-FR","potentialAction":[{"@type":"ReadAction","target":["https:\/\/japanmatsuri.org\/it\/esposizioni\/"]}]},{"@type":"ImageObject","inLanguage":"fr-FR","@id":"https:\/\/japanmatsuri.org\/it\/esposizioni\/#primaryimage","url":"https:\/\/japanmatsuri.org\/wp-content\/uploads\/2025\/08\/button_trame.png","contentUrl":"https:\/\/japanmatsuri.org\/wp-content\/uploads\/2025\/08\/button_trame.png"},{"@type":"BreadcrumbList","@id":"https:\/\/japanmatsuri.org\/it\/esposizioni\/#breadcrumb","itemListElement":[{"@type":"ListItem","position":1,"name":"Home","item":"https:\/\/japanmatsuri.org\/it\/"},{"@type":"ListItem","position":2,"name":"Esposizioni"}]},{"@type":"WebSite","@id":"https:\/\/japanmatsuri.org\/#website","url":"https:\/\/japanmatsuri.org\/","name":"Japan Matsuri - Festival Giapponese Bellinzona","description":"Festival Giapponese Bellinzona","potentialAction":[{"@type":"SearchAction","target":{"@type":"EntryPoint","urlTemplate":"https:\/\/japanmatsuri.org\/?s={search_term_string}"},"query-input":{"@type":"PropertyValueSpecification","valueRequired":true,"valueName":"search_term_string"}}],"inLanguage":"fr-FR"}]}},"_links":{"self":[{"href":"http:\/\/japanmatsuri.org\/fr\/wp-json\/wp\/v2\/pages\/1593","targetHints":{"allow":["GET"]}}],"collection":[{"href":"http:\/\/japanmatsuri.org\/fr\/wp-json\/wp\/v2\/pages"}],"about":[{"href":"http:\/\/japanmatsuri.org\/fr\/wp-json\/wp\/v2\/types\/page"}],"author":[{"embeddable":true,"href":"http:\/\/japanmatsuri.org\/fr\/wp-json\/wp\/v2\/users\/1"}],"replies":[{"embeddable":true,"href":"http:\/\/japanmatsuri.org\/fr\/wp-json\/wp\/v2\/comments?post=1593"}],"version-history":[{"count":13,"href":"http:\/\/japanmatsuri.org\/fr\/wp-json\/wp\/v2\/pages\/1593\/revisions"}],"predecessor-version":[{"id":1635,"href":"http:\/\/japanmatsuri.org\/fr\/wp-json\/wp\/v2\/pages\/1593\/revisions\/1635"}],"wp:attachment":[{"href":"http:\/\/japanmatsuri.org\/fr\/wp-json\/wp\/v2\/media?parent=1593"}],"curies":[{"name":"wp","href":"https:\/\/api.w.org\/{rel}","templated":true}]}}