{"id":1156,"date":"2025-06-25T18:43:12","date_gmt":"2025-06-25T17:43:12","guid":{"rendered":"https:\/\/japanmatsuri.org\/it\/?page_id=1156"},"modified":"2025-06-25T18:54:17","modified_gmt":"2025-06-25T17:54:17","slug":"origami-tsuru-schachtel","status":"publish","type":"page","link":"https:\/\/japanmatsuri.org\/de\/origami-tsuru-schachtel\/","title":{"rendered":"Origami Scatola di Tsuru"},"content":{"rendered":"<div data-elementor-type=\"wp-page\" data-elementor-id=\"1156\" class=\"elementor elementor-1156\" data-elementor-post-type=\"page\">\n\t\t\t\t<div class=\"elementor-element elementor-element-4210d750 e-flex e-con-boxed e-con e-parent\" data-id=\"4210d750\" data-element_type=\"container\">\n\t\t\t\t\t<div class=\"e-con-inner\">\n\t\t\t\t<div class=\"elementor-element elementor-element-7c08c954 elementor-widget elementor-widget-heading\" data-id=\"7c08c954\" data-element_type=\"widget\" data-widget_type=\"heading.default\">\n\t\t\t\t<div class=\"elementor-widget-container\">\n\t\t\t\t\t<h1 class=\"elementor-heading-title elementor-size-default\">Origami<\/h1>\t\t\t\t<\/div>\n\t\t\t\t<\/div>\n\t\t\t\t<div class=\"elementor-element elementor-element-c9339fb elementor-widget elementor-widget-heading\" data-id=\"c9339fb\" data-element_type=\"widget\" data-widget_type=\"heading.default\">\n\t\t\t\t<div class=\"elementor-widget-container\">\n\t\t\t\t\t<h2 class=\"elementor-heading-title elementor-size-default\">Gestalte deine eigene Tsuru-Schachtel<\/h2>\t\t\t\t<\/div>\n\t\t\t\t<\/div>\n\t\t\t\t\t<\/div>\n\t\t\t\t<\/div>\n\t\t<div class=\"elementor-element elementor-element-75a1ec44 e-flex e-con-boxed e-con e-parent\" data-id=\"75a1ec44\" data-element_type=\"container\">\n\t\t\t\t\t<div class=\"e-con-inner\">\n\t\t\t\t<div class=\"elementor-element elementor-element-386273b elementor-widget elementor-widget-image\" data-id=\"386273b\" data-element_type=\"widget\" data-widget_type=\"image.default\">\n\t\t\t\t<div class=\"elementor-widget-container\">\n\t\t\t\t\t\t\t\t\t\t\t\t\t\t\t<img fetchpriority=\"high\" decoding=\"async\" width=\"1750\" height=\"700\" src=\"https:\/\/japanmatsuri.org\/wp-content\/uploads\/2025\/06\/2.png\" class=\"attachment-full size-full wp-image-1158\" alt=\"\" srcset=\"https:\/\/japanmatsuri.org\/wp-content\/uploads\/2025\/06\/2.png 1750w, https:\/\/japanmatsuri.org\/wp-content\/uploads\/2025\/06\/2-300x120.png 300w, https:\/\/japanmatsuri.org\/wp-content\/uploads\/2025\/06\/2-1024x410.png 1024w, https:\/\/japanmatsuri.org\/wp-content\/uploads\/2025\/06\/2-768x307.png 768w, https:\/\/japanmatsuri.org\/wp-content\/uploads\/2025\/06\/2-1536x614.png 1536w, https:\/\/japanmatsuri.org\/wp-content\/uploads\/2025\/06\/2-18x7.png 18w\" sizes=\"(max-width: 1750px) 100vw, 1750px\" \/>\t\t\t\t\t\t\t\t\t\t\t\t\t\t\t<\/div>\n\t\t\t\t<\/div>\n\t\t\t\t\t<\/div>\n\t\t\t\t<\/div>\n\t\t<div class=\"elementor-element elementor-element-686cdf3 e-flex e-con-boxed e-con e-parent\" data-id=\"686cdf3\" data-element_type=\"container\">\n\t\t\t\t\t<div class=\"e-con-inner\">\n\t\t\t\t<div class=\"elementor-element elementor-element-0d6b52e elementor-widget elementor-widget-text-editor\" data-id=\"0d6b52e\" data-element_type=\"widget\" data-widget_type=\"text-editor.default\">\n\t\t\t\t<div class=\"elementor-widget-container\">\n\t\t\t\t\t\t\t\t\t<p class=\"translation-block\">Erlebe die Faszination des Origami, der alten japanischen Kunst des Papierfaltens, bei der elegante, poetische und bedeutungsvolle Formen entstehen.<br>\nIn diesem Workshop begleiten dich erfahrene Lehrerinnen bei der Herstellung der Tsuru-Schachtel, inspiriert vom Kranich \u2013 einem Symbol f\u00fcr Frieden, Wohlstand und Gl\u00fcck.<\/p><p>Ein feines und symbolisches Projekt, ideal f\u00fcr alle, die bereits mit den Grundfaltungen vertraut sind und sich an einer komplexeren und erf\u00fcllenden Kreation versuchen m\u00f6chten. Du wirst entdecken, wie Technik und Kreativit\u00e4t zu einer entspannenden und konzentrierten T\u00e4tigkeit verschmelzen, voller Sch\u00f6nheit. Am Ende nimmst du ein handgemachtes Kunstwerk und eine bleibende Erinnerung mit nach Hause.<\/p>\t\t\t\t\t\t\t\t<\/div>\n\t\t\t\t<\/div>\n\t\t\t\t\t<\/div>\n\t\t\t\t<\/div>\n\t\t<div class=\"elementor-element elementor-element-0693852 e-flex e-con-boxed e-con e-parent\" data-id=\"0693852\" data-element_type=\"container\">\n\t\t\t\t\t<div class=\"e-con-inner\">\n\t\t<div class=\"elementor-element elementor-element-f4d69c8 e-con-full e-flex e-con e-child\" data-id=\"f4d69c8\" data-element_type=\"container\">\n\t\t\t\t<div class=\"elementor-element elementor-element-9200652 elementor-widget elementor-widget-text-editor\" data-id=\"9200652\" data-element_type=\"widget\" data-widget_type=\"text-editor.default\">\n\t\t\t\t<div class=\"elementor-widget-container\">\n\t\t\t\t\t\t\t\t\t<p class=\"translation-block\"><b>Datum<\/b>: Samstag, 20. September 2025\n<b>Uhrzeit<\/b>: 11:00 \u2013 12:00 Uhr\n<b>Ort<\/b>: Raum 2\n<b>Teilnehmendenzahl<\/b>: maximal 10 Personen\n<b>Kosten<\/b>: 15 CHF\n<b>Hinweis<\/b>: ab 12 Jahren\n<b>Erforderliches Niveau<\/b>: Mittelstufe<\/p><p class=\"translation-block\"><b>Sprache:<\/b> Italienisch, Japanisch<\/p>\t\t\t\t\t\t\t\t<\/div>\n\t\t\t\t<\/div>\n\t\t\t\t<\/div>\n\t\t<div class=\"elementor-element elementor-element-5baa7b4 e-flex e-con-boxed e-con e-child\" data-id=\"5baa7b4\" data-element_type=\"container\">\n\t\t\t\t\t<div class=\"e-con-inner\">\n\t\t\t\t<div class=\"elementor-element elementor-element-7dc0004 elementor-widget-mobile__width-initial elementor-widget elementor-widget-button\" data-id=\"7dc0004\" data-element_type=\"widget\" data-widget_type=\"button.default\">\n\t\t\t\t<div class=\"elementor-widget-container\">\n\t\t\t\t\t\t\t\t\t<div class=\"elementor-button-wrapper\">\n\t\t\t\t\t<a class=\"elementor-button elementor-button-link elementor-size-sm\" href=\"https:\/\/www.ticketino.com\/de\/event\/japan-matsuri-workshops\/205119\" target=\"_blank\">\n\t\t\t\t\t\t<span class=\"elementor-button-content-wrapper\">\n\t\t\t\t\t\t\t\t\t<span class=\"elementor-button-text\">ANMELDUNG<\/span>\n\t\t\t\t\t<\/span>\n\t\t\t\t\t<\/a>\n\t\t\t\t<\/div>\n\t\t\t\t\t\t\t\t<\/div>\n\t\t\t\t<\/div>\n\t\t\t\t<div class=\"elementor-element elementor-element-80cd495 elementor-widget elementor-widget-button\" data-id=\"80cd495\" data-element_type=\"widget\" data-widget_type=\"button.default\">\n\t\t\t\t<div class=\"elementor-widget-container\">\n\t\t\t\t\t\t\t\t\t<div class=\"elementor-button-wrapper\">\n\t\t\t\t\t<a class=\"elementor-button elementor-button-link elementor-size-sm\" href=\"https:\/\/japanmatsuri.org\/de\/regeln\/\" target=\"_blank\">\n\t\t\t\t\t\t<span class=\"elementor-button-content-wrapper\">\n\t\t\t\t\t\t\t\t\t<span class=\"elementor-button-text\">REGELN<\/span>\n\t\t\t\t\t<\/span>\n\t\t\t\t\t<\/a>\n\t\t\t\t<\/div>\n\t\t\t\t\t\t\t\t<\/div>\n\t\t\t\t<\/div>\n\t\t\t\t\t<\/div>\n\t\t\t\t<\/div>\n\t\t\t\t\t<\/div>\n\t\t\t\t<\/div>\n\t\t<div class=\"elementor-element elementor-element-dc0fd2b e-flex e-con-boxed e-con e-parent\" data-id=\"dc0fd2b\" data-element_type=\"container\">\n\t\t\t\t\t<div class=\"e-con-inner\">\n\t\t\t\t\t<\/div>\n\t\t\t\t<\/div>\n\t\t<div class=\"elementor-element elementor-element-d0a64a3 e-flex e-con-boxed e-con e-parent\" data-id=\"d0a64a3\" data-element_type=\"container\">\n\t\t\t\t\t<div class=\"e-con-inner\">\n\t\t\t\t<div class=\"elementor-element elementor-element-6f4f199 elementor-widget elementor-widget-text-editor\" data-id=\"6f4f199\" data-element_type=\"widget\" data-widget_type=\"text-editor.default\">\n\t\t\t\t<div class=\"elementor-widget-container\">\n\t\t\t\t\t\t\t\t\t<p><i>Um Zugang zum Workshop-Bereich zu erhalten, m\u00fcssen Sie das Armband tragen, das am Festival-Eingang ausgegeben wird. Um den Eintritt zu erleichtern, empfehlen wir, Ihr Festivalticket online zu kaufen. Menschen mit Behinderungen oder eingeschr\u00e4nkter Mobilit\u00e4t bitten wir, uns im Voraus per E-Mail an info@japanmatsuri.org zu kontaktieren, damit wir einen stressfreien Zugang arrangieren k\u00f6nnen.<\/i><\/p>\t\t\t\t\t\t\t\t<\/div>\n\t\t\t\t<\/div>\n\t\t\t\t\t<\/div>\n\t\t\t\t<\/div>\n\t\t<div class=\"elementor-element elementor-element-3df3a8ac e-flex e-con-boxed e-con e-parent\" data-id=\"3df3a8ac\" data-element_type=\"container\">\n\t\t\t\t\t<div class=\"e-con-inner\">\n\t\t\t\t\t<\/div>\n\t\t\t\t<\/div>\n\t\t\t\t<\/div>","protected":false},"excerpt":{"rendered":"<p>Origami crea la tua Scatola di Tsuru Scopri l\u2019incanto dell\u2019origami, l\u2019antica arte giapponese di piegare la carta per trasformarla in forme eleganti, poetiche e ricche di significato.In questo laboratorio, le Maestre ti accompagneranno nella realizzazione della Scatola di Tsuru, ispirata alla gru \u2013 simbolo di pace, prosperit\u00e0 e fortuna. Un progetto raffinato e simbolico, perfetto [&hellip;]<\/p>","protected":false},"author":1,"featured_media":0,"parent":0,"menu_order":0,"comment_status":"closed","ping_status":"closed","template":"","meta":{"footnotes":""},"class_list":["post-1156","page","type-page","status-publish","hentry"],"yoast_head":"<!-- This site is optimized with the Yoast SEO plugin v25.4 - https:\/\/yoast.com\/wordpress\/plugins\/seo\/ -->\n<title>Origami Scatola di Tsuru - Japan Matsuri - Festival Giapponese Bellinzona<\/title>\n<meta name=\"robots\" content=\"index, follow, max-snippet:-1, max-image-preview:large, max-video-preview:-1\" \/>\n<link rel=\"canonical\" href=\"https:\/\/japanmatsuri.org\/de\/origami-tsuru-schachtel\/\" \/>\n<meta property=\"og:locale\" content=\"de_DE\" \/>\n<meta property=\"og:type\" content=\"article\" \/>\n<meta property=\"og:title\" content=\"Origami Scatola di Tsuru - Japan Matsuri - Festival Giapponese Bellinzona\" \/>\n<meta property=\"og:description\" content=\"Origami crea la tua Scatola di Tsuru Scopri l\u2019incanto dell\u2019origami, l\u2019antica arte giapponese di piegare la carta per trasformarla in forme eleganti, poetiche e ricche di significato.In questo laboratorio, le Maestre ti accompagneranno nella realizzazione della Scatola di Tsuru, ispirata alla gru \u2013 simbolo di pace, prosperit\u00e0 e fortuna. Un progetto raffinato e simbolico, perfetto [&hellip;]\" \/>\n<meta property=\"og:url\" content=\"https:\/\/japanmatsuri.org\/de\/origami-tsuru-schachtel\/\" \/>\n<meta property=\"og:site_name\" content=\"Japan Matsuri - Festival Giapponese Bellinzona\" \/>\n<meta property=\"article:modified_time\" content=\"2025-06-25T17:54:17+00:00\" \/>\n<meta property=\"og:image\" content=\"https:\/\/japanmatsuri.org\/wp-content\/uploads\/2025\/06\/2.png\" \/>\n\t<meta property=\"og:image:width\" content=\"1750\" \/>\n\t<meta property=\"og:image:height\" content=\"700\" \/>\n\t<meta property=\"og:image:type\" content=\"image\/png\" \/>\n<meta name=\"twitter:card\" content=\"summary_large_image\" \/>\n<meta name=\"twitter:label1\" content=\"Gesch\u00e4tzte Lesezeit\" \/>\n\t<meta name=\"twitter:data1\" content=\"1\u00a0Minute\" \/>\n<script type=\"application\/ld+json\" class=\"yoast-schema-graph\">{\"@context\":\"https:\/\/schema.org\",\"@graph\":[{\"@type\":\"WebPage\",\"@id\":\"https:\/\/japanmatsuri.org\/origami-scatola-di-tsuru\/\",\"url\":\"https:\/\/japanmatsuri.org\/origami-scatola-di-tsuru\/\",\"name\":\"Origami Scatola di Tsuru - Japan Matsuri - Festival Giapponese Bellinzona\",\"isPartOf\":{\"@id\":\"https:\/\/japanmatsuri.org\/#website\"},\"primaryImageOfPage\":{\"@id\":\"https:\/\/japanmatsuri.org\/origami-scatola-di-tsuru\/#primaryimage\"},\"image\":{\"@id\":\"https:\/\/japanmatsuri.org\/origami-scatola-di-tsuru\/#primaryimage\"},\"thumbnailUrl\":\"https:\/\/japanmatsuri.org\/wp-content\/uploads\/2025\/06\/2.png\",\"datePublished\":\"2025-06-25T17:43:12+00:00\",\"dateModified\":\"2025-06-25T17:54:17+00:00\",\"breadcrumb\":{\"@id\":\"https:\/\/japanmatsuri.org\/origami-scatola-di-tsuru\/#breadcrumb\"},\"inLanguage\":\"de-CH\",\"potentialAction\":[{\"@type\":\"ReadAction\",\"target\":[\"https:\/\/japanmatsuri.org\/origami-scatola-di-tsuru\/\"]}]},{\"@type\":\"ImageObject\",\"inLanguage\":\"de-CH\",\"@id\":\"https:\/\/japanmatsuri.org\/origami-scatola-di-tsuru\/#primaryimage\",\"url\":\"https:\/\/japanmatsuri.org\/wp-content\/uploads\/2025\/06\/2.png\",\"contentUrl\":\"https:\/\/japanmatsuri.org\/wp-content\/uploads\/2025\/06\/2.png\"},{\"@type\":\"BreadcrumbList\",\"@id\":\"https:\/\/japanmatsuri.org\/origami-scatola-di-tsuru\/#breadcrumb\",\"itemListElement\":[{\"@type\":\"ListItem\",\"position\":1,\"name\":\"Home\",\"item\":\"https:\/\/japanmatsuri.org\/it\/\"},{\"@type\":\"ListItem\",\"position\":2,\"name\":\"Origami Scatola di Tsuru\"}]},{\"@type\":\"WebSite\",\"@id\":\"https:\/\/japanmatsuri.org\/#website\",\"url\":\"https:\/\/japanmatsuri.org\/\",\"name\":\"Japan Matsuri - Festival Giapponese Bellinzona\",\"description\":\"Festival Giapponese Bellinzona\",\"potentialAction\":[{\"@type\":\"SearchAction\",\"target\":{\"@type\":\"EntryPoint\",\"urlTemplate\":\"https:\/\/japanmatsuri.org\/?s={search_term_string}\"},\"query-input\":{\"@type\":\"PropertyValueSpecification\",\"valueRequired\":true,\"valueName\":\"search_term_string\"}}],\"inLanguage\":\"de-CH\"}]}<\/script>\n<!-- \/ Yoast SEO plugin. -->","yoast_head_json":{"title":"Origami Scatola di Tsuru - Japan Matsuri - Festival Giapponese Bellinzona","robots":{"index":"index","follow":"follow","max-snippet":"max-snippet:-1","max-image-preview":"max-image-preview:large","max-video-preview":"max-video-preview:-1"},"canonical":"https:\/\/japanmatsuri.org\/de\/origami-tsuru-schachtel\/","og_locale":"de_DE","og_type":"article","og_title":"Origami Scatola di Tsuru - Japan Matsuri - Festival Giapponese Bellinzona","og_description":"Origami crea la tua Scatola di Tsuru Scopri l\u2019incanto dell\u2019origami, l\u2019antica arte giapponese di piegare la carta per trasformarla in forme eleganti, poetiche e ricche di significato.In questo laboratorio, le Maestre ti accompagneranno nella realizzazione della Scatola di Tsuru, ispirata alla gru \u2013 simbolo di pace, prosperit\u00e0 e fortuna. Un progetto raffinato e simbolico, perfetto [&hellip;]","og_url":"https:\/\/japanmatsuri.org\/de\/origami-tsuru-schachtel\/","og_site_name":"Japan Matsuri - Festival Giapponese Bellinzona","article_modified_time":"2025-06-25T17:54:17+00:00","og_image":[{"width":1750,"height":700,"url":"https:\/\/japanmatsuri.org\/wp-content\/uploads\/2025\/06\/2.png","type":"image\/png"}],"twitter_card":"summary_large_image","twitter_misc":{"Gesch\u00e4tzte Lesezeit":"1\u00a0Minute"},"schema":{"@context":"https:\/\/schema.org","@graph":[{"@type":"WebPage","@id":"https:\/\/japanmatsuri.org\/origami-scatola-di-tsuru\/","url":"https:\/\/japanmatsuri.org\/origami-scatola-di-tsuru\/","name":"Origami Scatola di Tsuru - Japan Matsuri - Festival Giapponese Bellinzona","isPartOf":{"@id":"https:\/\/japanmatsuri.org\/#website"},"primaryImageOfPage":{"@id":"https:\/\/japanmatsuri.org\/origami-scatola-di-tsuru\/#primaryimage"},"image":{"@id":"https:\/\/japanmatsuri.org\/origami-scatola-di-tsuru\/#primaryimage"},"thumbnailUrl":"https:\/\/japanmatsuri.org\/wp-content\/uploads\/2025\/06\/2.png","datePublished":"2025-06-25T17:43:12+00:00","dateModified":"2025-06-25T17:54:17+00:00","breadcrumb":{"@id":"https:\/\/japanmatsuri.org\/origami-scatola-di-tsuru\/#breadcrumb"},"inLanguage":"de-CH","potentialAction":[{"@type":"ReadAction","target":["https:\/\/japanmatsuri.org\/origami-scatola-di-tsuru\/"]}]},{"@type":"ImageObject","inLanguage":"de-CH","@id":"https:\/\/japanmatsuri.org\/origami-scatola-di-tsuru\/#primaryimage","url":"https:\/\/japanmatsuri.org\/wp-content\/uploads\/2025\/06\/2.png","contentUrl":"https:\/\/japanmatsuri.org\/wp-content\/uploads\/2025\/06\/2.png"},{"@type":"BreadcrumbList","@id":"https:\/\/japanmatsuri.org\/origami-scatola-di-tsuru\/#breadcrumb","itemListElement":[{"@type":"ListItem","position":1,"name":"Home","item":"https:\/\/japanmatsuri.org\/it\/"},{"@type":"ListItem","position":2,"name":"Origami Scatola di Tsuru"}]},{"@type":"WebSite","@id":"https:\/\/japanmatsuri.org\/#website","url":"https:\/\/japanmatsuri.org\/","name":"Japan Matsuri - Festival Giapponese Bellinzona","description":"Festival Giapponese Bellinzona","potentialAction":[{"@type":"SearchAction","target":{"@type":"EntryPoint","urlTemplate":"https:\/\/japanmatsuri.org\/?s={search_term_string}"},"query-input":{"@type":"PropertyValueSpecification","valueRequired":true,"valueName":"search_term_string"}}],"inLanguage":"de-CH"}]}},"_links":{"self":[{"href":"https:\/\/japanmatsuri.org\/de\/wp-json\/wp\/v2\/pages\/1156","targetHints":{"allow":["GET"]}}],"collection":[{"href":"https:\/\/japanmatsuri.org\/de\/wp-json\/wp\/v2\/pages"}],"about":[{"href":"https:\/\/japanmatsuri.org\/de\/wp-json\/wp\/v2\/types\/page"}],"author":[{"embeddable":true,"href":"https:\/\/japanmatsuri.org\/de\/wp-json\/wp\/v2\/users\/1"}],"replies":[{"embeddable":true,"href":"https:\/\/japanmatsuri.org\/de\/wp-json\/wp\/v2\/comments?post=1156"}],"version-history":[{"count":13,"href":"https:\/\/japanmatsuri.org\/de\/wp-json\/wp\/v2\/pages\/1156\/revisions"}],"predecessor-version":[{"id":1170,"href":"https:\/\/japanmatsuri.org\/de\/wp-json\/wp\/v2\/pages\/1156\/revisions\/1170"}],"wp:attachment":[{"href":"https:\/\/japanmatsuri.org\/de\/wp-json\/wp\/v2\/media?parent=1156"}],"curies":[{"name":"wp","href":"https:\/\/api.w.org\/{rel}","templated":true}]}}