{"id":1235,"date":"2025-07-01T19:02:44","date_gmt":"2025-07-01T18:02:44","guid":{"rendered":"https:\/\/japanmatsuri.org\/it\/?page_id=1235"},"modified":"2025-07-09T18:03:25","modified_gmt":"2025-07-09T17:03:25","slug":"sumi-e-shozo-koike","status":"publish","type":"page","link":"https:\/\/japanmatsuri.org\/de\/sumi-e-shozo-koike\/","title":{"rendered":"SUMI-E Shozo Koike"},"content":{"rendered":"<div data-elementor-type=\"wp-page\" data-elementor-id=\"1235\" class=\"elementor elementor-1235\" data-elementor-post-type=\"page\">\n\t\t\t\t<div class=\"elementor-element elementor-element-68c8ea0d e-flex e-con-boxed e-con e-parent\" data-id=\"68c8ea0d\" data-element_type=\"container\">\n\t\t\t\t\t<div class=\"e-con-inner\">\n\t\t\t\t<div class=\"elementor-element elementor-element-5b3d0899 elementor-widget elementor-widget-heading\" data-id=\"5b3d0899\" data-element_type=\"widget\" data-widget_type=\"heading.default\">\n\t\t\t\t<div class=\"elementor-widget-container\">\n\t\t\t\t\t<h1 class=\"elementor-heading-title elementor-size-default\">SUMI-E mit Shozo Koike<\/h1>\t\t\t\t<\/div>\n\t\t\t\t<\/div>\n\t\t\t\t\t<\/div>\n\t\t\t\t<\/div>\n\t\t<div class=\"elementor-element elementor-element-7d9cda23 e-flex e-con-boxed e-con e-parent\" data-id=\"7d9cda23\" data-element_type=\"container\">\n\t\t\t\t\t<div class=\"e-con-inner\">\n\t\t\t\t<div class=\"elementor-element elementor-element-55d3942 elementor-widget elementor-widget-image\" data-id=\"55d3942\" data-element_type=\"widget\" data-widget_type=\"image.default\">\n\t\t\t\t<div class=\"elementor-widget-container\">\n\t\t\t\t\t\t\t\t\t\t\t\t\t\t\t<img fetchpriority=\"high\" decoding=\"async\" width=\"1750\" height=\"700\" src=\"https:\/\/japanmatsuri.org\/wp-content\/uploads\/2025\/07\/16.png\" class=\"attachment-full size-full wp-image-1237\" alt=\"\" srcset=\"https:\/\/japanmatsuri.org\/wp-content\/uploads\/2025\/07\/16.png 1750w, https:\/\/japanmatsuri.org\/wp-content\/uploads\/2025\/07\/16-300x120.png 300w, https:\/\/japanmatsuri.org\/wp-content\/uploads\/2025\/07\/16-1024x410.png 1024w, https:\/\/japanmatsuri.org\/wp-content\/uploads\/2025\/07\/16-768x307.png 768w, https:\/\/japanmatsuri.org\/wp-content\/uploads\/2025\/07\/16-1536x614.png 1536w, https:\/\/japanmatsuri.org\/wp-content\/uploads\/2025\/07\/16-18x7.png 18w\" sizes=\"(max-width: 1750px) 100vw, 1750px\" \/>\t\t\t\t\t\t\t\t\t\t\t\t\t\t\t<\/div>\n\t\t\t\t<\/div>\n\t\t\t\t\t<\/div>\n\t\t\t\t<\/div>\n\t\t<div class=\"elementor-element elementor-element-7abcbb3 e-flex e-con-boxed e-con e-parent\" data-id=\"7abcbb3\" data-element_type=\"container\">\n\t\t\t\t\t<div class=\"e-con-inner\">\n\t\t\t\t\t<\/div>\n\t\t\t\t<\/div>\n\t\t<div class=\"elementor-element elementor-element-4ab12ba e-flex e-con-boxed e-con e-parent\" data-id=\"4ab12ba\" data-element_type=\"container\">\n\t\t\t\t\t<div class=\"e-con-inner\">\n\t\t\t\t<div class=\"elementor-element elementor-element-be32378 elementor-widget elementor-widget-text-editor\" data-id=\"be32378\" data-element_type=\"widget\" data-widget_type=\"text-editor.default\">\n\t\t\t\t<div class=\"elementor-widget-container\">\n\t\t\t\t\t\t\t\t\t<p>Der japanische Begriff SUMI-E (\u58a8\u7d75) bedeutet w\u00f6rtlich \"Tuschmalerei\" und bezeichnet eine Maltechnik, die mit schwarzer Tinte (sumi) in verschiedenen Verd\u00fcnnungen ausgef\u00fchrt wird. Diese Kunst verk\u00f6rpert Harmonie und erm\u00f6glicht es, durch den Einsatz eines Pinsels eine Welt in Schwarz, Wei\u00df und Grau zu erschaffen. Die T\u00f6ne und Nuancen auf dem Papier vermitteln dem Maler und Betrachter dieselben Gef\u00fchle, die auch Farben hervorrufen. Die Striche k\u00f6nnen nicht korrigiert werden, was Konzentration, Hingabe und viel \u00dcbung erfordert. Man malt nicht, um Geschicklichkeit zu zeigen, sondern um sich auszudr\u00fccken.<\/p>\t\t\t\t\t\t\t\t<\/div>\n\t\t\t\t<\/div>\n\t\t\t\t<div class=\"elementor-element elementor-element-287a43f elementor-widget elementor-widget-text-editor\" data-id=\"287a43f\" data-element_type=\"widget\" data-widget_type=\"text-editor.default\">\n\t\t\t\t<div class=\"elementor-widget-container\">\n\t\t\t\t\t\t\t\t\t<p class=\"translation-block\"><b>Programm:<\/b>\nOhne die Verwendung von Skizzen entstehen scheinbar einfache Bilder, die dennoch Harmonie und Eleganz ausstrahlen. Es sind keine Malkenntnisse erforderlich, da jeder diese einzigartige Technik zum ersten Mal ausprobieren kann. Diese besondere Methode lehrt, die Natur zu beobachten und mit Pinselstrichen und Schwarzabstufungen zu malen. Von der Verd\u00fcnnung der Tinte \u00fcber die Vorbereitung der Abstufungen bis hin zur Schaffung eines Bildes, ist es eine Reise in die Welt und Kultur Japans.<\/p>\t\t\t\t\t\t\t\t<\/div>\n\t\t\t\t<\/div>\n\t\t\t\t<div class=\"elementor-element elementor-element-810eec2 elementor-widget elementor-widget-text-editor\" data-id=\"810eec2\" data-element_type=\"widget\" data-widget_type=\"text-editor.default\">\n\t\t\t\t<div class=\"elementor-widget-container\">\n\t\t\t\t\t\t\t\t\t<p><strong><b>Unterrichtsinhalte:<\/b><\/strong><\/p><ul><li>\u00a0 \u00a0 \u00a0 Vorbereitung der Tinte und Verwendung des Pinsels<\/li><li>\u00a0 \u00a0 \u00a0 Eigenschaften des sumi (japanische Tinte)<\/li><li>\u00a0 \u00a0 \u00a0 Techniken und Einstellung, die zum Malen erforderlich sind<\/li><li>\u00a0 \u00a0 \u00a0 Schaffung einiger traditioneller Motive<\/li><\/ul>\t\t\t\t\t\t\t\t<\/div>\n\t\t\t\t<\/div>\n\t\t\t\t\t<\/div>\n\t\t\t\t<\/div>\n\t\t<div class=\"elementor-element elementor-element-f227403 e-flex e-con-boxed e-con e-parent\" data-id=\"f227403\" data-element_type=\"container\">\n\t\t\t\t\t<div class=\"e-con-inner\">\n\t\t<div class=\"elementor-element elementor-element-146b1b3 e-con-full e-flex e-con e-child\" data-id=\"146b1b3\" data-element_type=\"container\">\n\t\t\t\t<div class=\"elementor-element elementor-element-d29e83a elementor-widget elementor-widget-image\" data-id=\"d29e83a\" data-element_type=\"widget\" data-widget_type=\"image.default\">\n\t\t\t\t<div class=\"elementor-widget-container\">\n\t\t\t\t\t\t\t\t\t\t\t\t\t\t\t<img decoding=\"async\" width=\"800\" height=\"573\" src=\"https:\/\/japanmatsuri.org\/wp-content\/uploads\/2025\/07\/Sumi-e-1024x734.jpg\" class=\"attachment-large size-large wp-image-1238\" alt=\"\" srcset=\"https:\/\/japanmatsuri.org\/wp-content\/uploads\/2025\/07\/Sumi-e-1024x734.jpg 1024w, https:\/\/japanmatsuri.org\/wp-content\/uploads\/2025\/07\/Sumi-e-300x215.jpg 300w, https:\/\/japanmatsuri.org\/wp-content\/uploads\/2025\/07\/Sumi-e-768x550.jpg 768w, https:\/\/japanmatsuri.org\/wp-content\/uploads\/2025\/07\/Sumi-e-1536x1100.jpg 1536w, https:\/\/japanmatsuri.org\/wp-content\/uploads\/2025\/07\/Sumi-e-18x12.jpg 18w, https:\/\/japanmatsuri.org\/wp-content\/uploads\/2025\/07\/Sumi-e.jpg 2048w\" sizes=\"(max-width: 800px) 100vw, 800px\" \/>\t\t\t\t\t\t\t\t\t\t\t\t\t\t\t<\/div>\n\t\t\t\t<\/div>\n\t\t\t\t<\/div>\n\t\t<div class=\"elementor-element elementor-element-3db8ad5 e-con-full e-flex e-con e-child\" data-id=\"3db8ad5\" data-element_type=\"container\">\n\t\t\t\t<div class=\"elementor-element elementor-element-1a57efb elementor-widget elementor-widget-text-editor\" data-id=\"1a57efb\" data-element_type=\"widget\" data-widget_type=\"text-editor.default\">\n\t\t\t\t<div class=\"elementor-widget-container\">\n\t\t\t\t\t\t\t\t\t<p class=\"\"><strong>Docente:<\/strong> Shozo Koike<\/p><p class=\"\">Geboren in Okaya, in der Pr\u00e4fektur Nagano, Japan, lebt er seit \u00fcber zwanzig Jahren in Italien. Nach seinem Studium an der Taiheiyo Kunstakademie in Tokio und einer beruflichen sowie k\u00fcnstlerischen Laufbahn in Japan zog er aus Leidenschaft f\u00fcr die Kunst nach Italien. In Florenz erwarb er ein Diplom in der Gem\u00e4lderestaurierung am Palazzo Spinelli und nahm an einem Zeichenkurs an der Akademie der Sch\u00f6nen K\u00fcnste in Florenz teil. Nach vielen Jahren in Florenz lie\u00df er sich im Piemont, in Casale Monferrato (AL), nieder, wo er traditionelle japanische Tuschmalerei, bekannt als \u2018Sumi-e\u2019, unterrichtet. Neben seiner T\u00e4tigkeit als Restaurator f\u00fchrt er eine aktive k\u00fcnstlerische Laufbahn, mit Ausstellungen in Japan und Italien seit 1981, sowohl solo als auch in Gruppen.<\/p>\t\t\t\t\t\t\t\t<\/div>\n\t\t\t\t<\/div>\n\t\t\t\t<\/div>\n\t\t\t\t\t<\/div>\n\t\t\t\t<\/div>\n\t\t<div class=\"elementor-element elementor-element-fd1f431 e-flex e-con-boxed e-con e-parent\" data-id=\"fd1f431\" data-element_type=\"container\">\n\t\t\t\t\t<div class=\"e-con-inner\">\n\t\t<div class=\"elementor-element elementor-element-8e23d23 e-con-full e-flex e-con e-child\" data-id=\"8e23d23\" data-element_type=\"container\">\n\t\t\t\t<div class=\"elementor-element elementor-element-e0103d8 elementor-widget elementor-widget-text-editor\" data-id=\"e0103d8\" data-element_type=\"widget\" data-widget_type=\"text-editor.default\">\n\t\t\t\t<div class=\"elementor-widget-container\">\n\t\t\t\t\t\t\t\t\t<p class=\"translation-block\"><b>Datum<\/b>: Sonntag, 21. September 2025<br>\n<b>Uhrzeit<\/b>: 13:30 \u2013 15:00 Uhr<br>\n<b>Ort<\/b>: Raum 1<br>\n<b>Anmeldung<\/b>: Maximal 10 Teilnehmende<br>\n<b>Kosten<\/b>: Kostenlos<\/p><p class=\"translation-block\"><b>Sprache:<\/b> Italienisch, Japanisch<\/p>\t\t\t\t\t\t\t\t<\/div>\n\t\t\t\t<\/div>\n\t\t\t\t<\/div>\n\t\t<div class=\"elementor-element elementor-element-75f49a1 e-flex e-con-boxed e-con e-child\" data-id=\"75f49a1\" data-element_type=\"container\">\n\t\t\t\t\t<div class=\"e-con-inner\">\n\t\t\t\t<div class=\"elementor-element elementor-element-d3f91e9 elementor-widget-mobile__width-initial elementor-widget elementor-widget-button\" data-id=\"d3f91e9\" data-element_type=\"widget\" data-widget_type=\"button.default\">\n\t\t\t\t<div class=\"elementor-widget-container\">\n\t\t\t\t\t\t\t\t\t<div class=\"elementor-button-wrapper\">\n\t\t\t\t\t<a class=\"elementor-button elementor-button-link elementor-size-sm\" href=\"https:\/\/www.ticketino.com\/de\/event\/japan-matsuri-corsi\/205136\" target=\"_blank\">\n\t\t\t\t\t\t<span class=\"elementor-button-content-wrapper\">\n\t\t\t\t\t\t\t\t\t<span class=\"elementor-button-text\">ANMELDUNG<\/span>\n\t\t\t\t\t<\/span>\n\t\t\t\t\t<\/a>\n\t\t\t\t<\/div>\n\t\t\t\t\t\t\t\t<\/div>\n\t\t\t\t<\/div>\n\t\t\t\t<div class=\"elementor-element elementor-element-4a3b6e8 elementor-widget elementor-widget-button\" data-id=\"4a3b6e8\" data-element_type=\"widget\" data-widget_type=\"button.default\">\n\t\t\t\t<div class=\"elementor-widget-container\">\n\t\t\t\t\t\t\t\t\t<div class=\"elementor-button-wrapper\">\n\t\t\t\t\t<a class=\"elementor-button elementor-button-link elementor-size-sm\" href=\"https:\/\/japanmatsuri.org\/de\/regeln\/\" target=\"_blank\">\n\t\t\t\t\t\t<span class=\"elementor-button-content-wrapper\">\n\t\t\t\t\t\t\t\t\t<span class=\"elementor-button-text\">REGELN<\/span>\n\t\t\t\t\t<\/span>\n\t\t\t\t\t<\/a>\n\t\t\t\t<\/div>\n\t\t\t\t\t\t\t\t<\/div>\n\t\t\t\t<\/div>\n\t\t\t\t\t<\/div>\n\t\t\t\t<\/div>\n\t\t\t\t\t<\/div>\n\t\t\t\t<\/div>\n\t\t<div class=\"elementor-element elementor-element-3855ea0 e-flex e-con-boxed e-con e-parent\" data-id=\"3855ea0\" data-element_type=\"container\">\n\t\t\t\t\t<div class=\"e-con-inner\">\n\t\t\t\t<div class=\"elementor-element elementor-element-34375c7 elementor-widget elementor-widget-text-editor\" data-id=\"34375c7\" data-element_type=\"widget\" data-widget_type=\"text-editor.default\">\n\t\t\t\t<div class=\"elementor-widget-container\">\n\t\t\t\t\t\t\t\t\t<p><i>Um Zugang zum Workshop-Bereich zu erhalten, m\u00fcssen Sie das Armband tragen, das am Festival-Eingang ausgegeben wird. Um den Eintritt zu erleichtern, empfehlen wir, Ihr Festivalticket online zu kaufen. Menschen mit Behinderungen oder eingeschr\u00e4nkter Mobilit\u00e4t bitten wir, uns im Voraus per E-Mail an info@japanmatsuri.org zu kontaktieren, damit wir einen stressfreien Zugang arrangieren k\u00f6nnen.<\/i><\/p>\t\t\t\t\t\t\t\t<\/div>\n\t\t\t\t<\/div>\n\t\t\t\t\t<\/div>\n\t\t\t\t<\/div>\n\t\t<div class=\"elementor-element elementor-element-2a9ad7db e-flex e-con-boxed e-con e-parent\" data-id=\"2a9ad7db\" data-element_type=\"container\">\n\t\t\t\t\t<div class=\"e-con-inner\">\n\t\t\t\t\t<\/div>\n\t\t\t\t<\/div>\n\t\t\t\t<\/div>","protected":false},"excerpt":{"rendered":"<p>SUMI-E con Shozo Koike Il termine giapponese SUMI-E (\u58a8\u7d75) significa letteralmente \u201cpittura ad inchiostro\u201d ed indica una forma di pittura che si esegue con inchiostro nero (sumi) in varie diluizioni. \u00c8 un\u2019arte che rappresenta l\u2019armonia e che tramite l\u2019uso del pennello permette di riprodurre un mondo in bianco, nero, e grigio; tonalit\u00e0 e giochi di [&hellip;]<\/p>","protected":false},"author":1,"featured_media":0,"parent":0,"menu_order":0,"comment_status":"closed","ping_status":"closed","template":"","meta":{"footnotes":""},"class_list":["post-1235","page","type-page","status-publish","hentry"],"yoast_head":"<!-- This site is optimized with the Yoast SEO plugin v25.4 - https:\/\/yoast.com\/wordpress\/plugins\/seo\/ -->\n<title>SUMI-E Shozo Koike - Japan Matsuri - Festival Giapponese Bellinzona<\/title>\n<meta name=\"robots\" content=\"index, follow, max-snippet:-1, max-image-preview:large, max-video-preview:-1\" \/>\n<link rel=\"canonical\" href=\"https:\/\/japanmatsuri.org\/de\/sumi-e-shozo-koike\/\" \/>\n<meta property=\"og:locale\" content=\"de_DE\" \/>\n<meta property=\"og:type\" content=\"article\" \/>\n<meta property=\"og:title\" content=\"SUMI-E Shozo Koike - Japan Matsuri - Festival Giapponese Bellinzona\" \/>\n<meta property=\"og:description\" content=\"SUMI-E con Shozo Koike Il termine giapponese SUMI-E (\u58a8\u7d75) significa letteralmente \u201cpittura ad inchiostro\u201d ed indica una forma di pittura che si esegue con inchiostro nero (sumi) in varie diluizioni. \u00c8 un\u2019arte che rappresenta l\u2019armonia e che tramite l\u2019uso del pennello permette di riprodurre un mondo in bianco, nero, e grigio; tonalit\u00e0 e giochi di [&hellip;]\" \/>\n<meta property=\"og:url\" content=\"https:\/\/japanmatsuri.org\/de\/sumi-e-shozo-koike\/\" \/>\n<meta property=\"og:site_name\" content=\"Japan Matsuri - Festival Giapponese Bellinzona\" \/>\n<meta property=\"article:modified_time\" content=\"2025-07-09T17:03:25+00:00\" \/>\n<meta property=\"og:image\" content=\"https:\/\/japanmatsuri.org\/wp-content\/uploads\/2025\/07\/16.png\" \/>\n\t<meta property=\"og:image:width\" content=\"1750\" \/>\n\t<meta property=\"og:image:height\" content=\"700\" \/>\n\t<meta property=\"og:image:type\" content=\"image\/png\" \/>\n<meta name=\"twitter:card\" content=\"summary_large_image\" \/>\n<meta name=\"twitter:label1\" content=\"Gesch\u00e4tzte Lesezeit\" \/>\n\t<meta name=\"twitter:data1\" content=\"2\u00a0Minuten\" \/>\n<script type=\"application\/ld+json\" class=\"yoast-schema-graph\">{\"@context\":\"https:\/\/schema.org\",\"@graph\":[{\"@type\":\"WebPage\",\"@id\":\"https:\/\/japanmatsuri.org\/en\/sumi-e-shozo-koike\/\",\"url\":\"https:\/\/japanmatsuri.org\/en\/sumi-e-shozo-koike\/\",\"name\":\"SUMI-E Shozo Koike - Japan Matsuri - Festival Giapponese Bellinzona\",\"isPartOf\":{\"@id\":\"https:\/\/japanmatsuri.org\/#website\"},\"primaryImageOfPage\":{\"@id\":\"https:\/\/japanmatsuri.org\/en\/sumi-e-shozo-koike\/#primaryimage\"},\"image\":{\"@id\":\"https:\/\/japanmatsuri.org\/en\/sumi-e-shozo-koike\/#primaryimage\"},\"thumbnailUrl\":\"https:\/\/japanmatsuri.org\/wp-content\/uploads\/2025\/07\/16.png\",\"datePublished\":\"2025-07-01T18:02:44+00:00\",\"dateModified\":\"2025-07-09T17:03:25+00:00\",\"breadcrumb\":{\"@id\":\"https:\/\/japanmatsuri.org\/en\/sumi-e-shozo-koike\/#breadcrumb\"},\"inLanguage\":\"de-CH\",\"potentialAction\":[{\"@type\":\"ReadAction\",\"target\":[\"https:\/\/japanmatsuri.org\/en\/sumi-e-shozo-koike\/\"]}]},{\"@type\":\"ImageObject\",\"inLanguage\":\"de-CH\",\"@id\":\"https:\/\/japanmatsuri.org\/en\/sumi-e-shozo-koike\/#primaryimage\",\"url\":\"https:\/\/japanmatsuri.org\/wp-content\/uploads\/2025\/07\/16.png\",\"contentUrl\":\"https:\/\/japanmatsuri.org\/wp-content\/uploads\/2025\/07\/16.png\"},{\"@type\":\"BreadcrumbList\",\"@id\":\"https:\/\/japanmatsuri.org\/en\/sumi-e-shozo-koike\/#breadcrumb\",\"itemListElement\":[{\"@type\":\"ListItem\",\"position\":1,\"name\":\"Home\",\"item\":\"https:\/\/japanmatsuri.org\/it\/\"},{\"@type\":\"ListItem\",\"position\":2,\"name\":\"SUMI-E Shozo Koike\"}]},{\"@type\":\"WebSite\",\"@id\":\"https:\/\/japanmatsuri.org\/#website\",\"url\":\"https:\/\/japanmatsuri.org\/\",\"name\":\"Japan Matsuri - Festival Giapponese Bellinzona\",\"description\":\"Festival Giapponese Bellinzona\",\"potentialAction\":[{\"@type\":\"SearchAction\",\"target\":{\"@type\":\"EntryPoint\",\"urlTemplate\":\"https:\/\/japanmatsuri.org\/?s={search_term_string}\"},\"query-input\":{\"@type\":\"PropertyValueSpecification\",\"valueRequired\":true,\"valueName\":\"search_term_string\"}}],\"inLanguage\":\"de-CH\"}]}<\/script>\n<!-- \/ Yoast SEO plugin. -->","yoast_head_json":{"title":"SUMI-E Shozo Koike - Japan Matsuri - Festival Giapponese Bellinzona","robots":{"index":"index","follow":"follow","max-snippet":"max-snippet:-1","max-image-preview":"max-image-preview:large","max-video-preview":"max-video-preview:-1"},"canonical":"https:\/\/japanmatsuri.org\/de\/sumi-e-shozo-koike\/","og_locale":"de_DE","og_type":"article","og_title":"SUMI-E Shozo Koike - Japan Matsuri - Festival Giapponese Bellinzona","og_description":"SUMI-E con Shozo Koike Il termine giapponese SUMI-E (\u58a8\u7d75) significa letteralmente \u201cpittura ad inchiostro\u201d ed indica una forma di pittura che si esegue con inchiostro nero (sumi) in varie diluizioni. \u00c8 un\u2019arte che rappresenta l\u2019armonia e che tramite l\u2019uso del pennello permette di riprodurre un mondo in bianco, nero, e grigio; tonalit\u00e0 e giochi di [&hellip;]","og_url":"https:\/\/japanmatsuri.org\/de\/sumi-e-shozo-koike\/","og_site_name":"Japan Matsuri - Festival Giapponese Bellinzona","article_modified_time":"2025-07-09T17:03:25+00:00","og_image":[{"width":1750,"height":700,"url":"https:\/\/japanmatsuri.org\/wp-content\/uploads\/2025\/07\/16.png","type":"image\/png"}],"twitter_card":"summary_large_image","twitter_misc":{"Gesch\u00e4tzte Lesezeit":"2\u00a0Minuten"},"schema":{"@context":"https:\/\/schema.org","@graph":[{"@type":"WebPage","@id":"https:\/\/japanmatsuri.org\/en\/sumi-e-shozo-koike\/","url":"https:\/\/japanmatsuri.org\/en\/sumi-e-shozo-koike\/","name":"SUMI-E Shozo Koike - Japan Matsuri - Festival Giapponese Bellinzona","isPartOf":{"@id":"https:\/\/japanmatsuri.org\/#website"},"primaryImageOfPage":{"@id":"https:\/\/japanmatsuri.org\/en\/sumi-e-shozo-koike\/#primaryimage"},"image":{"@id":"https:\/\/japanmatsuri.org\/en\/sumi-e-shozo-koike\/#primaryimage"},"thumbnailUrl":"https:\/\/japanmatsuri.org\/wp-content\/uploads\/2025\/07\/16.png","datePublished":"2025-07-01T18:02:44+00:00","dateModified":"2025-07-09T17:03:25+00:00","breadcrumb":{"@id":"https:\/\/japanmatsuri.org\/en\/sumi-e-shozo-koike\/#breadcrumb"},"inLanguage":"de-CH","potentialAction":[{"@type":"ReadAction","target":["https:\/\/japanmatsuri.org\/en\/sumi-e-shozo-koike\/"]}]},{"@type":"ImageObject","inLanguage":"de-CH","@id":"https:\/\/japanmatsuri.org\/en\/sumi-e-shozo-koike\/#primaryimage","url":"https:\/\/japanmatsuri.org\/wp-content\/uploads\/2025\/07\/16.png","contentUrl":"https:\/\/japanmatsuri.org\/wp-content\/uploads\/2025\/07\/16.png"},{"@type":"BreadcrumbList","@id":"https:\/\/japanmatsuri.org\/en\/sumi-e-shozo-koike\/#breadcrumb","itemListElement":[{"@type":"ListItem","position":1,"name":"Home","item":"https:\/\/japanmatsuri.org\/it\/"},{"@type":"ListItem","position":2,"name":"SUMI-E Shozo Koike"}]},{"@type":"WebSite","@id":"https:\/\/japanmatsuri.org\/#website","url":"https:\/\/japanmatsuri.org\/","name":"Japan Matsuri - Festival Giapponese Bellinzona","description":"Festival Giapponese Bellinzona","potentialAction":[{"@type":"SearchAction","target":{"@type":"EntryPoint","urlTemplate":"https:\/\/japanmatsuri.org\/?s={search_term_string}"},"query-input":{"@type":"PropertyValueSpecification","valueRequired":true,"valueName":"search_term_string"}}],"inLanguage":"de-CH"}]}},"_links":{"self":[{"href":"https:\/\/japanmatsuri.org\/de\/wp-json\/wp\/v2\/pages\/1235","targetHints":{"allow":["GET"]}}],"collection":[{"href":"https:\/\/japanmatsuri.org\/de\/wp-json\/wp\/v2\/pages"}],"about":[{"href":"https:\/\/japanmatsuri.org\/de\/wp-json\/wp\/v2\/types\/page"}],"author":[{"embeddable":true,"href":"https:\/\/japanmatsuri.org\/de\/wp-json\/wp\/v2\/users\/1"}],"replies":[{"embeddable":true,"href":"https:\/\/japanmatsuri.org\/de\/wp-json\/wp\/v2\/comments?post=1235"}],"version-history":[{"count":16,"href":"https:\/\/japanmatsuri.org\/de\/wp-json\/wp\/v2\/pages\/1235\/revisions"}],"predecessor-version":[{"id":1316,"href":"https:\/\/japanmatsuri.org\/de\/wp-json\/wp\/v2\/pages\/1235\/revisions\/1316"}],"wp:attachment":[{"href":"https:\/\/japanmatsuri.org\/de\/wp-json\/wp\/v2\/media?parent=1235"}],"curies":[{"name":"wp","href":"https:\/\/api.w.org\/{rel}","templated":true}]}}