{"id":1317,"date":"2025-07-09T18:23:12","date_gmt":"2025-07-09T17:23:12","guid":{"rendered":"https:\/\/japanmatsuri.org\/it\/?page_id=1317"},"modified":"2025-07-09T18:27:56","modified_gmt":"2025-07-09T17:27:56","slug":"masterclass-cosplay","status":"publish","type":"page","link":"https:\/\/japanmatsuri.org\/de\/masterclass-cosplay\/","title":{"rendered":"Cosplay-Masterclass"},"content":{"rendered":"<div data-elementor-type=\"wp-page\" data-elementor-id=\"1317\" class=\"elementor elementor-1317\" data-elementor-post-type=\"page\">\n\t\t\t\t<div class=\"elementor-element elementor-element-15774812 e-flex e-con-boxed e-con e-parent\" data-id=\"15774812\" data-element_type=\"container\">\n\t\t\t\t\t<div class=\"e-con-inner\">\n\t\t\t\t<div class=\"elementor-element elementor-element-4a124e24 elementor-widget elementor-widget-heading\" data-id=\"4a124e24\" data-element_type=\"widget\" data-widget_type=\"heading.default\">\n\t\t\t\t<div class=\"elementor-widget-container\">\n\t\t\t\t\t<h1 class=\"elementor-heading-title elementor-size-default\">Cosplay-Masterclass<\/h1>\t\t\t\t<\/div>\n\t\t\t\t<\/div>\n\t\t\t\t\t<\/div>\n\t\t\t\t<\/div>\n\t\t<div class=\"elementor-element elementor-element-4c070702 e-flex e-con-boxed e-con e-parent\" data-id=\"4c070702\" data-element_type=\"container\">\n\t\t\t\t\t<div class=\"e-con-inner\">\n\t\t\t\t<div class=\"elementor-element elementor-element-5dbbfe4 elementor-widget elementor-widget-image\" data-id=\"5dbbfe4\" data-element_type=\"widget\" data-widget_type=\"image.default\">\n\t\t\t\t<div class=\"elementor-widget-container\">\n\t\t\t\t\t\t\t\t\t\t\t\t\t\t\t<img fetchpriority=\"high\" decoding=\"async\" width=\"1750\" height=\"700\" src=\"https:\/\/japanmatsuri.org\/wp-content\/uploads\/2025\/07\/cosplay2.png\" class=\"attachment-full size-full wp-image-1319\" alt=\"\" srcset=\"https:\/\/japanmatsuri.org\/wp-content\/uploads\/2025\/07\/cosplay2.png 1750w, https:\/\/japanmatsuri.org\/wp-content\/uploads\/2025\/07\/cosplay2-300x120.png 300w, https:\/\/japanmatsuri.org\/wp-content\/uploads\/2025\/07\/cosplay2-1024x410.png 1024w, https:\/\/japanmatsuri.org\/wp-content\/uploads\/2025\/07\/cosplay2-768x307.png 768w, https:\/\/japanmatsuri.org\/wp-content\/uploads\/2025\/07\/cosplay2-1536x614.png 1536w, https:\/\/japanmatsuri.org\/wp-content\/uploads\/2025\/07\/cosplay2-18x7.png 18w\" sizes=\"(max-width: 1750px) 100vw, 1750px\" \/>\t\t\t\t\t\t\t\t\t\t\t\t\t\t\t<\/div>\n\t\t\t\t<\/div>\n\t\t\t\t\t<\/div>\n\t\t\t\t<\/div>\n\t\t<div class=\"elementor-element elementor-element-ec7cff9 e-flex e-con-boxed e-con e-parent\" data-id=\"ec7cff9\" data-element_type=\"container\">\n\t\t\t\t\t<div class=\"e-con-inner\">\n\t\t\t\t\t<\/div>\n\t\t\t\t<\/div>\n\t\t<div class=\"elementor-element elementor-element-a9d6493 e-flex e-con-boxed e-con e-parent\" data-id=\"a9d6493\" data-element_type=\"container\">\n\t\t\t\t\t<div class=\"e-con-inner\">\n\t\t\t\t<div class=\"elementor-element elementor-element-f51bf98 elementor-widget elementor-widget-text-editor\" data-id=\"f51bf98\" data-element_type=\"widget\" data-widget_type=\"text-editor.default\">\n\t\t\t\t<div class=\"elementor-widget-container\">\n\t\t\t\t\t\t\t\t\t<p class=\"translation-block\"><b>1) Korawui: Wie w\u00e4hlt man Stoffe f\u00fcr Cosplay-Projekte aus<\/b><br>\nEntdecke alle Geheimnisse der Stoffauswahl, um deine Cosplays lebensechter denn je zu gestalten \u2013 in unserer exklusiven Masterclass. Lerne, die idealen Materialien f\u00fcr jedes Kost\u00fcm zu erkennen, mit Texturen und Falten zu spielen und aus einem einfachen Stoff ein zentrales Element deiner Kreation zu machen. Ob Anf\u00e4nger oder erfahrener Cosplayer \u2013 du wirst mit praktischen Tipps und neuem Know-how nach Hause gehen, um deine zuk\u00fcnftigen Projekte zu veredeln und f\u00fcr Aufsehen zu sorgen. Verpasse nicht die Gelegenheit, deiner Leidenschaft eine neue Dimension zu verleihen!<\/p>\t\t\t\t\t\t\t\t<\/div>\n\t\t\t\t<\/div>\n\t\t\t\t<div class=\"elementor-element elementor-element-f1dab10 elementor-widget elementor-widget-text-editor\" data-id=\"f1dab10\" data-element_type=\"widget\" data-widget_type=\"text-editor.default\">\n\t\t\t\t<div class=\"elementor-widget-container\">\n\t\t\t\t\t\t\t\t\t<p class=\"translation-block\"><b>2) Ami-R\u00e2le: Einstieg ins Cosplay mit EVA-Schaumstoff<\/b><br>\n M\u00f6chtest du einfache EVA-Schaumstoffplatten in epische R\u00fcstungen, beeindruckende Accessoires oder atemberaubende Deko-Elemente verwandeln? Dann besuche unsere Masterclass und beherrsche die grundlegenden Techniken zum Formen, Kleben und Bemalen dieses vielseitigen Materials. Ob du ein detailliertes Cosplay oder ein einzigartiges Einzelst\u00fcck erschaffen willst \u2013 du erh\u00e4ltst alle Werkzeuge, um EVA-Schaumstoff zu deinem kreativen Verb\u00fcndeten zu machen. Dein n\u00e4chstes Kunstwerk wartet auf dich!<\/p>\t\t\t\t\t\t\t\t<\/div>\n\t\t\t\t<\/div>\n\t\t\t\t\t<\/div>\n\t\t\t\t<\/div>\n\t\t<div class=\"elementor-element elementor-element-b5e8ee0 e-flex e-con-boxed e-con e-parent\" data-id=\"b5e8ee0\" data-element_type=\"container\">\n\t\t\t\t\t<div class=\"e-con-inner\">\n\t\t<div class=\"elementor-element elementor-element-4ec0ca9 e-con-full e-flex e-con e-child\" data-id=\"4ec0ca9\" data-element_type=\"container\">\n\t\t\t\t<div class=\"elementor-element elementor-element-989dc36 elementor-widget elementor-widget-text-editor\" data-id=\"989dc36\" data-element_type=\"widget\" data-widget_type=\"text-editor.default\">\n\t\t\t\t<div class=\"elementor-widget-container\">\n\t\t\t\t\t\t\t\t\t<p class=\"translation-block\"><b>Datum:<\/b> Samstag, 20. September 2025<br>\n<b>Uhrzeit:<\/b> 11:00 \u2013 12:00<br>\n<b>Ort:<\/b> Raum 3<br>\n<b>Teilnehmerzahl:<\/b> maximal 24<br>\n<b>Kosten:<\/b> kostenlos<\/p><p class=\"translation-block\"><b>Sprachen:<\/b> Franz\u00f6sisch, Italienisch<\/p>\t\t\t\t\t\t\t\t<\/div>\n\t\t\t\t<\/div>\n\t\t\t\t<\/div>\n\t\t<div class=\"elementor-element elementor-element-fbdfd05 e-flex e-con-boxed e-con e-child\" data-id=\"fbdfd05\" data-element_type=\"container\">\n\t\t\t\t\t<div class=\"e-con-inner\">\n\t\t\t\t<div class=\"elementor-element elementor-element-94f21f9 elementor-widget-mobile__width-initial elementor-widget elementor-widget-button\" data-id=\"94f21f9\" data-element_type=\"widget\" data-widget_type=\"button.default\">\n\t\t\t\t<div class=\"elementor-widget-container\">\n\t\t\t\t\t\t\t\t\t<div class=\"elementor-button-wrapper\">\n\t\t\t\t\t<a class=\"elementor-button elementor-button-link elementor-size-sm\" href=\"https:\/\/www.ticketino.com\/de\/event\/japan-matsuri-corsi\/205136\" target=\"_blank\">\n\t\t\t\t\t\t<span class=\"elementor-button-content-wrapper\">\n\t\t\t\t\t\t\t\t\t<span class=\"elementor-button-text\">ANMELDUNG<\/span>\n\t\t\t\t\t<\/span>\n\t\t\t\t\t<\/a>\n\t\t\t\t<\/div>\n\t\t\t\t\t\t\t\t<\/div>\n\t\t\t\t<\/div>\n\t\t\t\t<div class=\"elementor-element elementor-element-e99c157 elementor-widget elementor-widget-button\" data-id=\"e99c157\" data-element_type=\"widget\" data-widget_type=\"button.default\">\n\t\t\t\t<div class=\"elementor-widget-container\">\n\t\t\t\t\t\t\t\t\t<div class=\"elementor-button-wrapper\">\n\t\t\t\t\t<a class=\"elementor-button elementor-button-link elementor-size-sm\" href=\"https:\/\/japanmatsuri.org\/de\/regeln\/\" target=\"_blank\">\n\t\t\t\t\t\t<span class=\"elementor-button-content-wrapper\">\n\t\t\t\t\t\t\t\t\t<span class=\"elementor-button-text\">REGELN<\/span>\n\t\t\t\t\t<\/span>\n\t\t\t\t\t<\/a>\n\t\t\t\t<\/div>\n\t\t\t\t\t\t\t\t<\/div>\n\t\t\t\t<\/div>\n\t\t\t\t\t<\/div>\n\t\t\t\t<\/div>\n\t\t\t\t\t<\/div>\n\t\t\t\t<\/div>\n\t\t<div class=\"elementor-element elementor-element-e3e4f9b e-flex e-con-boxed e-con e-parent\" data-id=\"e3e4f9b\" data-element_type=\"container\">\n\t\t\t\t\t<div class=\"e-con-inner\">\n\t\t\t\t<div class=\"elementor-element elementor-element-adc2012 elementor-widget elementor-widget-text-editor\" data-id=\"adc2012\" data-element_type=\"widget\" data-widget_type=\"text-editor.default\">\n\t\t\t\t<div class=\"elementor-widget-container\">\n\t\t\t\t\t\t\t\t\t<p><i>Um Zugang zum Workshop-Bereich zu erhalten, m\u00fcssen Sie das Armband tragen, das am Festival-Eingang ausgegeben wird. Um den Eintritt zu erleichtern, empfehlen wir, Ihr Festivalticket online zu kaufen. Menschen mit Behinderungen oder eingeschr\u00e4nkter Mobilit\u00e4t bitten wir, uns im Voraus per E-Mail an info@japanmatsuri.org zu kontaktieren, damit wir einen stressfreien Zugang arrangieren k\u00f6nnen.<\/i><\/p>\t\t\t\t\t\t\t\t<\/div>\n\t\t\t\t<\/div>\n\t\t\t\t\t<\/div>\n\t\t\t\t<\/div>\n\t\t<div class=\"elementor-element elementor-element-2302182c e-flex e-con-boxed e-con e-parent\" data-id=\"2302182c\" data-element_type=\"container\">\n\t\t\t\t\t<div class=\"e-con-inner\">\n\t\t\t\t\t<\/div>\n\t\t\t\t<\/div>\n\t\t\t\t<\/div>","protected":false},"excerpt":{"rendered":"<p>Masterclass Cosplay 1) Korawui: come scegliere i tessuti per i tuoi progetti cosplay Scopri tutti i segreti per scegliere i tessuti ideali e rendere i tuoi cosplay pi\u00f9 realistici che mai, grazie a questa masterclass esclusiva. Impara a identificare i materiali pi\u00f9 adatti per ogni costume, a combinare texture e drappeggi, e a trasformare un [&hellip;]<\/p>","protected":false},"author":1,"featured_media":0,"parent":0,"menu_order":0,"comment_status":"closed","ping_status":"closed","template":"","meta":{"footnotes":""},"class_list":["post-1317","page","type-page","status-publish","hentry"],"yoast_head":"<!-- This site is optimized with the Yoast SEO plugin v25.4 - https:\/\/yoast.com\/wordpress\/plugins\/seo\/ -->\n<title>Masterclass Cosplay - Japan Matsuri - Festival Giapponese Bellinzona<\/title>\n<meta name=\"robots\" content=\"index, follow, max-snippet:-1, max-image-preview:large, max-video-preview:-1\" \/>\n<link rel=\"canonical\" href=\"https:\/\/japanmatsuri.org\/de\/masterclass-cosplay\/\" \/>\n<meta property=\"og:locale\" content=\"de_DE\" \/>\n<meta property=\"og:type\" content=\"article\" \/>\n<meta property=\"og:title\" content=\"Masterclass Cosplay - Japan Matsuri - Festival Giapponese Bellinzona\" \/>\n<meta property=\"og:description\" content=\"Masterclass Cosplay 1) Korawui: come scegliere i tessuti per i tuoi progetti cosplay Scopri tutti i segreti per scegliere i tessuti ideali e rendere i tuoi cosplay pi\u00f9 realistici che mai, grazie a questa masterclass esclusiva. Impara a identificare i materiali pi\u00f9 adatti per ogni costume, a combinare texture e drappeggi, e a trasformare un [&hellip;]\" \/>\n<meta property=\"og:url\" content=\"https:\/\/japanmatsuri.org\/de\/masterclass-cosplay\/\" \/>\n<meta property=\"og:site_name\" content=\"Japan Matsuri - Festival Giapponese Bellinzona\" \/>\n<meta property=\"article:modified_time\" content=\"2025-07-09T17:27:56+00:00\" \/>\n<meta property=\"og:image\" content=\"https:\/\/japanmatsuri.org\/wp-content\/uploads\/2025\/07\/cosplay2.png\" \/>\n\t<meta property=\"og:image:width\" content=\"1750\" \/>\n\t<meta property=\"og:image:height\" content=\"700\" \/>\n\t<meta property=\"og:image:type\" content=\"image\/png\" \/>\n<meta name=\"twitter:card\" content=\"summary_large_image\" \/>\n<meta name=\"twitter:label1\" content=\"Gesch\u00e4tzte Lesezeit\" \/>\n\t<meta name=\"twitter:data1\" content=\"1\u00a0Minute\" \/>\n<script type=\"application\/ld+json\" class=\"yoast-schema-graph\">{\"@context\":\"https:\/\/schema.org\",\"@graph\":[{\"@type\":\"WebPage\",\"@id\":\"https:\/\/japanmatsuri.org\/masterclass-cosplay\/\",\"url\":\"https:\/\/japanmatsuri.org\/masterclass-cosplay\/\",\"name\":\"Masterclass Cosplay - Japan Matsuri - Festival Giapponese Bellinzona\",\"isPartOf\":{\"@id\":\"https:\/\/japanmatsuri.org\/#website\"},\"primaryImageOfPage\":{\"@id\":\"https:\/\/japanmatsuri.org\/masterclass-cosplay\/#primaryimage\"},\"image\":{\"@id\":\"https:\/\/japanmatsuri.org\/masterclass-cosplay\/#primaryimage\"},\"thumbnailUrl\":\"https:\/\/japanmatsuri.org\/wp-content\/uploads\/2025\/07\/cosplay2.png\",\"datePublished\":\"2025-07-09T17:23:12+00:00\",\"dateModified\":\"2025-07-09T17:27:56+00:00\",\"breadcrumb\":{\"@id\":\"https:\/\/japanmatsuri.org\/masterclass-cosplay\/#breadcrumb\"},\"inLanguage\":\"de-CH\",\"potentialAction\":[{\"@type\":\"ReadAction\",\"target\":[\"https:\/\/japanmatsuri.org\/masterclass-cosplay\/\"]}]},{\"@type\":\"ImageObject\",\"inLanguage\":\"de-CH\",\"@id\":\"https:\/\/japanmatsuri.org\/masterclass-cosplay\/#primaryimage\",\"url\":\"https:\/\/japanmatsuri.org\/wp-content\/uploads\/2025\/07\/cosplay2.png\",\"contentUrl\":\"https:\/\/japanmatsuri.org\/wp-content\/uploads\/2025\/07\/cosplay2.png\"},{\"@type\":\"BreadcrumbList\",\"@id\":\"https:\/\/japanmatsuri.org\/masterclass-cosplay\/#breadcrumb\",\"itemListElement\":[{\"@type\":\"ListItem\",\"position\":1,\"name\":\"Home\",\"item\":\"https:\/\/japanmatsuri.org\/it\/\"},{\"@type\":\"ListItem\",\"position\":2,\"name\":\"Masterclass Cosplay\"}]},{\"@type\":\"WebSite\",\"@id\":\"https:\/\/japanmatsuri.org\/#website\",\"url\":\"https:\/\/japanmatsuri.org\/\",\"name\":\"Japan Matsuri - Festival Giapponese Bellinzona\",\"description\":\"Festival Giapponese Bellinzona\",\"potentialAction\":[{\"@type\":\"SearchAction\",\"target\":{\"@type\":\"EntryPoint\",\"urlTemplate\":\"https:\/\/japanmatsuri.org\/?s={search_term_string}\"},\"query-input\":{\"@type\":\"PropertyValueSpecification\",\"valueRequired\":true,\"valueName\":\"search_term_string\"}}],\"inLanguage\":\"de-CH\"}]}<\/script>\n<!-- \/ Yoast SEO plugin. -->","yoast_head_json":{"title":"Masterclass Cosplay - Japan Matsuri - Festival Giapponese Bellinzona","robots":{"index":"index","follow":"follow","max-snippet":"max-snippet:-1","max-image-preview":"max-image-preview:large","max-video-preview":"max-video-preview:-1"},"canonical":"https:\/\/japanmatsuri.org\/de\/masterclass-cosplay\/","og_locale":"de_DE","og_type":"article","og_title":"Masterclass Cosplay - Japan Matsuri - Festival Giapponese Bellinzona","og_description":"Masterclass Cosplay 1) Korawui: come scegliere i tessuti per i tuoi progetti cosplay Scopri tutti i segreti per scegliere i tessuti ideali e rendere i tuoi cosplay pi\u00f9 realistici che mai, grazie a questa masterclass esclusiva. Impara a identificare i materiali pi\u00f9 adatti per ogni costume, a combinare texture e drappeggi, e a trasformare un [&hellip;]","og_url":"https:\/\/japanmatsuri.org\/de\/masterclass-cosplay\/","og_site_name":"Japan Matsuri - Festival Giapponese Bellinzona","article_modified_time":"2025-07-09T17:27:56+00:00","og_image":[{"width":1750,"height":700,"url":"https:\/\/japanmatsuri.org\/wp-content\/uploads\/2025\/07\/cosplay2.png","type":"image\/png"}],"twitter_card":"summary_large_image","twitter_misc":{"Gesch\u00e4tzte Lesezeit":"1\u00a0Minute"},"schema":{"@context":"https:\/\/schema.org","@graph":[{"@type":"WebPage","@id":"https:\/\/japanmatsuri.org\/masterclass-cosplay\/","url":"https:\/\/japanmatsuri.org\/masterclass-cosplay\/","name":"Masterclass Cosplay - Japan Matsuri - Festival Giapponese Bellinzona","isPartOf":{"@id":"https:\/\/japanmatsuri.org\/#website"},"primaryImageOfPage":{"@id":"https:\/\/japanmatsuri.org\/masterclass-cosplay\/#primaryimage"},"image":{"@id":"https:\/\/japanmatsuri.org\/masterclass-cosplay\/#primaryimage"},"thumbnailUrl":"https:\/\/japanmatsuri.org\/wp-content\/uploads\/2025\/07\/cosplay2.png","datePublished":"2025-07-09T17:23:12+00:00","dateModified":"2025-07-09T17:27:56+00:00","breadcrumb":{"@id":"https:\/\/japanmatsuri.org\/masterclass-cosplay\/#breadcrumb"},"inLanguage":"de-CH","potentialAction":[{"@type":"ReadAction","target":["https:\/\/japanmatsuri.org\/masterclass-cosplay\/"]}]},{"@type":"ImageObject","inLanguage":"de-CH","@id":"https:\/\/japanmatsuri.org\/masterclass-cosplay\/#primaryimage","url":"https:\/\/japanmatsuri.org\/wp-content\/uploads\/2025\/07\/cosplay2.png","contentUrl":"https:\/\/japanmatsuri.org\/wp-content\/uploads\/2025\/07\/cosplay2.png"},{"@type":"BreadcrumbList","@id":"https:\/\/japanmatsuri.org\/masterclass-cosplay\/#breadcrumb","itemListElement":[{"@type":"ListItem","position":1,"name":"Home","item":"https:\/\/japanmatsuri.org\/it\/"},{"@type":"ListItem","position":2,"name":"Masterclass Cosplay"}]},{"@type":"WebSite","@id":"https:\/\/japanmatsuri.org\/#website","url":"https:\/\/japanmatsuri.org\/","name":"Japan Matsuri - Festival Giapponese Bellinzona","description":"Festival Giapponese Bellinzona","potentialAction":[{"@type":"SearchAction","target":{"@type":"EntryPoint","urlTemplate":"https:\/\/japanmatsuri.org\/?s={search_term_string}"},"query-input":{"@type":"PropertyValueSpecification","valueRequired":true,"valueName":"search_term_string"}}],"inLanguage":"de-CH"}]}},"_links":{"self":[{"href":"https:\/\/japanmatsuri.org\/de\/wp-json\/wp\/v2\/pages\/1317","targetHints":{"allow":["GET"]}}],"collection":[{"href":"https:\/\/japanmatsuri.org\/de\/wp-json\/wp\/v2\/pages"}],"about":[{"href":"https:\/\/japanmatsuri.org\/de\/wp-json\/wp\/v2\/types\/page"}],"author":[{"embeddable":true,"href":"https:\/\/japanmatsuri.org\/de\/wp-json\/wp\/v2\/users\/1"}],"replies":[{"embeddable":true,"href":"https:\/\/japanmatsuri.org\/de\/wp-json\/wp\/v2\/comments?post=1317"}],"version-history":[{"count":4,"href":"https:\/\/japanmatsuri.org\/de\/wp-json\/wp\/v2\/pages\/1317\/revisions"}],"predecessor-version":[{"id":1322,"href":"https:\/\/japanmatsuri.org\/de\/wp-json\/wp\/v2\/pages\/1317\/revisions\/1322"}],"wp:attachment":[{"href":"https:\/\/japanmatsuri.org\/de\/wp-json\/wp\/v2\/media?parent=1317"}],"curies":[{"name":"wp","href":"https:\/\/api.w.org\/{rel}","templated":true}]}}