{"id":1372,"date":"2025-07-14T18:32:17","date_gmt":"2025-07-14T17:32:17","guid":{"rendered":"https:\/\/japanmatsuri.org\/it\/?page_id=1372"},"modified":"2025-07-14T18:35:59","modified_gmt":"2025-07-14T17:35:59","slug":"tonkotsu-ramen","status":"publish","type":"page","link":"https:\/\/japanmatsuri.org\/de\/tonkotsu-ramen\/","title":{"rendered":"Tonkotsu Ramen"},"content":{"rendered":"<div data-elementor-type=\"wp-page\" data-elementor-id=\"1372\" class=\"elementor elementor-1372\" data-elementor-post-type=\"page\">\n\t\t\t\t<div class=\"elementor-element elementor-element-320726b2 e-flex e-con-boxed e-con e-parent\" data-id=\"320726b2\" data-element_type=\"container\">\n\t\t\t\t\t<div class=\"e-con-inner\">\n\t\t\t\t<div class=\"elementor-element elementor-element-464527d2 elementor-widget elementor-widget-heading\" data-id=\"464527d2\" data-element_type=\"widget\" data-widget_type=\"heading.default\">\n\t\t\t\t<div class=\"elementor-widget-container\">\n\t\t\t\t\t<h1 class=\"elementor-heading-title elementor-size-default\">Tonkotsu Ramen<\/h1>\t\t\t\t<\/div>\n\t\t\t\t<\/div>\n\t\t\t\t<div class=\"elementor-element elementor-element-d5b061e elementor-widget elementor-widget-heading\" data-id=\"d5b061e\" data-element_type=\"widget\" data-widget_type=\"heading.default\">\n\t\t\t\t<div class=\"elementor-widget-container\">\n\t\t\t\t\t<h2 class=\"elementor-heading-title elementor-size-default\">Authentische Aromen Japans<\/h2>\t\t\t\t<\/div>\n\t\t\t\t<\/div>\n\t\t\t\t\t<\/div>\n\t\t\t\t<\/div>\n\t\t<div class=\"elementor-element elementor-element-491c0aa7 e-flex e-con-boxed e-con e-parent\" data-id=\"491c0aa7\" data-element_type=\"container\">\n\t\t\t\t\t<div class=\"e-con-inner\">\n\t\t\t\t<div class=\"elementor-element elementor-element-dbfccd8 elementor-widget elementor-widget-image\" data-id=\"dbfccd8\" data-element_type=\"widget\" data-widget_type=\"image.default\">\n\t\t\t\t<div class=\"elementor-widget-container\">\n\t\t\t\t\t\t\t\t\t\t\t\t\t\t\t<img fetchpriority=\"high\" decoding=\"async\" width=\"1750\" height=\"700\" src=\"https:\/\/japanmatsuri.org\/wp-content\/uploads\/2025\/07\/copertine-2.png\" class=\"attachment-full size-full wp-image-1374\" alt=\"\" srcset=\"https:\/\/japanmatsuri.org\/wp-content\/uploads\/2025\/07\/copertine-2.png 1750w, https:\/\/japanmatsuri.org\/wp-content\/uploads\/2025\/07\/copertine-2-300x120.png 300w, https:\/\/japanmatsuri.org\/wp-content\/uploads\/2025\/07\/copertine-2-1024x410.png 1024w, https:\/\/japanmatsuri.org\/wp-content\/uploads\/2025\/07\/copertine-2-768x307.png 768w, https:\/\/japanmatsuri.org\/wp-content\/uploads\/2025\/07\/copertine-2-1536x614.png 1536w, https:\/\/japanmatsuri.org\/wp-content\/uploads\/2025\/07\/copertine-2-18x7.png 18w\" sizes=\"(max-width: 1750px) 100vw, 1750px\" \/>\t\t\t\t\t\t\t\t\t\t\t\t\t\t\t<\/div>\n\t\t\t\t<\/div>\n\t\t\t\t\t<\/div>\n\t\t\t\t<\/div>\n\t\t<div class=\"elementor-element elementor-element-e585c8a e-flex e-con-boxed e-con e-parent\" data-id=\"e585c8a\" data-element_type=\"container\">\n\t\t\t\t\t<div class=\"e-con-inner\">\n\t\t\t\t\t<\/div>\n\t\t\t\t<\/div>\n\t\t<div class=\"elementor-element elementor-element-2eebe6a e-flex e-con-boxed e-con e-parent\" data-id=\"2eebe6a\" data-element_type=\"container\">\n\t\t\t\t\t<div class=\"e-con-inner\">\n\t\t\t\t<div class=\"elementor-element elementor-element-a6cda78 elementor-widget elementor-widget-text-editor\" data-id=\"a6cda78\" data-element_type=\"widget\" data-widget_type=\"text-editor.default\">\n\t\t\t\t<div class=\"elementor-widget-container\">\n\t\t\t\t\t\t\t\t\t<p class=\"translation-block\">Erleben Sie einen einzigartigen Kochworkshop mit <b>Trevor Appignani<\/b>, dem renommierten Koch des beliebtesten Food Trucks im Tessin. Mit fast zwanzig Jahren Erfahrung in renommierten europ\u00e4ischen Restaurants ist Trevor ein Perfektionist mit gro\u00dfer Leidenschaft f\u00fcr die japanische K\u00fcche. Seine Liebe zum Detail und seine Kreativit\u00e4t machen jedes Gericht zu einem kulinarischen Erlebnis.<\/p><p class=\"translation-block\">In diesem praktischen Workshop lernen Sie die Zubereitung von Tonkotsu Ramen, einem der bekanntesten Gerichte Japans. Sie erfahren, wie man eine reichhaltige Br\u00fche kocht, traditionelle Beilagen zubereitet und die Aromen perfekt ausbalanciert. Ideal f\u00fcr alle Liebhaber der asiatischen K\u00fcche, die ein authentisches Rezept erlernen und ihre Kochk\u00fcnste erweitern m\u00f6chten.<\/p>\t\t\t\t\t\t\t\t<\/div>\n\t\t\t\t<\/div>\n\t\t\t\t\t<\/div>\n\t\t\t\t<\/div>\n\t\t<div class=\"elementor-element elementor-element-0039596 e-flex e-con-boxed e-con e-parent\" data-id=\"0039596\" data-element_type=\"container\">\n\t\t\t\t\t<div class=\"e-con-inner\">\n\t\t<div class=\"elementor-element elementor-element-dde8116 e-con-full e-flex e-con e-child\" data-id=\"dde8116\" data-element_type=\"container\">\n\t\t\t\t<div class=\"elementor-element elementor-element-ac1a3c2 elementor-widget elementor-widget-text-editor\" data-id=\"ac1a3c2\" data-element_type=\"widget\" data-widget_type=\"text-editor.default\">\n\t\t\t\t<div class=\"elementor-widget-container\">\n\t\t\t\t\t\t\t\t\t<p class=\"translation-block\"><b>Datum:<\/b> Samstag, 20. September 2025<br>\n<b>Uhrzeit:<\/b> 14:30 \u2013 16:00<br>\n<b>Ort:<\/b> K\u00fcche Klassenzimmer<br>\n<b>Teilnehmerzahl:<\/b> maximal 24<br>\n<b>Kosten:<\/b> CHF 45<\/p><p class=\"translation-block\"><b>Sprache:<\/b> Italienisch<\/p>\t\t\t\t\t\t\t\t<\/div>\n\t\t\t\t<\/div>\n\t\t\t\t<\/div>\n\t\t<div class=\"elementor-element elementor-element-0216b1d e-flex e-con-boxed e-con e-child\" data-id=\"0216b1d\" data-element_type=\"container\">\n\t\t\t\t\t<div class=\"e-con-inner\">\n\t\t\t\t<div class=\"elementor-element elementor-element-3dbb066 elementor-widget-mobile__width-initial elementor-widget elementor-widget-button\" data-id=\"3dbb066\" data-element_type=\"widget\" data-widget_type=\"button.default\">\n\t\t\t\t<div class=\"elementor-widget-container\">\n\t\t\t\t\t\t\t\t\t<div class=\"elementor-button-wrapper\">\n\t\t\t\t\t<a class=\"elementor-button elementor-button-link elementor-size-sm\" href=\"https:\/\/www.ticketino.com\/de\/event\/japan-matsuri-workshops\/205119\" target=\"_blank\">\n\t\t\t\t\t\t<span class=\"elementor-button-content-wrapper\">\n\t\t\t\t\t\t\t\t\t<span class=\"elementor-button-text\">ANMELDUNG<\/span>\n\t\t\t\t\t<\/span>\n\t\t\t\t\t<\/a>\n\t\t\t\t<\/div>\n\t\t\t\t\t\t\t\t<\/div>\n\t\t\t\t<\/div>\n\t\t\t\t<div class=\"elementor-element elementor-element-54eb402 elementor-widget elementor-widget-button\" data-id=\"54eb402\" data-element_type=\"widget\" data-widget_type=\"button.default\">\n\t\t\t\t<div class=\"elementor-widget-container\">\n\t\t\t\t\t\t\t\t\t<div class=\"elementor-button-wrapper\">\n\t\t\t\t\t<a class=\"elementor-button elementor-button-link elementor-size-sm\" href=\"https:\/\/japanmatsuri.org\/de\/regeln\/\" target=\"_blank\">\n\t\t\t\t\t\t<span class=\"elementor-button-content-wrapper\">\n\t\t\t\t\t\t\t\t\t<span class=\"elementor-button-text\">REGELN<\/span>\n\t\t\t\t\t<\/span>\n\t\t\t\t\t<\/a>\n\t\t\t\t<\/div>\n\t\t\t\t\t\t\t\t<\/div>\n\t\t\t\t<\/div>\n\t\t\t\t\t<\/div>\n\t\t\t\t<\/div>\n\t\t\t\t\t<\/div>\n\t\t\t\t<\/div>\n\t\t<div class=\"elementor-element elementor-element-12e365d e-flex e-con-boxed e-con e-parent\" data-id=\"12e365d\" data-element_type=\"container\">\n\t\t\t\t\t<div class=\"e-con-inner\">\n\t\t\t\t<div class=\"elementor-element elementor-element-8c01af7 elementor-widget elementor-widget-text-editor\" data-id=\"8c01af7\" data-element_type=\"widget\" data-widget_type=\"text-editor.default\">\n\t\t\t\t<div class=\"elementor-widget-container\">\n\t\t\t\t\t\t\t\t\t<p><i>Um Zugang zum Workshop-Bereich zu erhalten, m\u00fcssen Sie das Armband tragen, das am Festival-Eingang ausgegeben wird. Um den Eintritt zu erleichtern, empfehlen wir, Ihr Festivalticket online zu kaufen. Menschen mit Behinderungen oder eingeschr\u00e4nkter Mobilit\u00e4t bitten wir, uns im Voraus per E-Mail an info@japanmatsuri.org zu kontaktieren, damit wir einen stressfreien Zugang arrangieren k\u00f6nnen.<\/i><\/p>\t\t\t\t\t\t\t\t<\/div>\n\t\t\t\t<\/div>\n\t\t\t\t\t<\/div>\n\t\t\t\t<\/div>\n\t\t<div class=\"elementor-element elementor-element-6181bf4c e-flex e-con-boxed e-con e-parent\" data-id=\"6181bf4c\" data-element_type=\"container\">\n\t\t\t\t\t<div class=\"e-con-inner\">\n\t\t\t\t\t<\/div>\n\t\t\t\t<\/div>\n\t\t\t\t<\/div>","protected":false},"excerpt":{"rendered":"<p>Tonkotsu Ramen Sapori autentici del Giappone Partecipa a un&#8217;esperienza culinaria straordinaria con Trevor Appignani, il celebre chef del food truck pi\u00f9 amato del Ticino. Con quasi vent\u2019anni di esperienza nei migliori ristoranti d\u2019Europa, Trevor \u00e8 un perfezionista appassionato della cucina giapponese. La sua attenzione per la qualit\u00e0 e la creativit\u00e0 trasforma ogni piatto in un&#8217;esperienza [&hellip;]<\/p>","protected":false},"author":1,"featured_media":0,"parent":0,"menu_order":0,"comment_status":"closed","ping_status":"closed","template":"","meta":{"footnotes":""},"class_list":["post-1372","page","type-page","status-publish","hentry"],"yoast_head":"<!-- This site is optimized with the Yoast SEO plugin v25.4 - https:\/\/yoast.com\/wordpress\/plugins\/seo\/ -->\n<title>Tonkotsu Ramen - Japan Matsuri - Festival Giapponese Bellinzona<\/title>\n<meta name=\"robots\" content=\"index, follow, max-snippet:-1, max-image-preview:large, max-video-preview:-1\" \/>\n<link rel=\"canonical\" href=\"https:\/\/japanmatsuri.org\/de\/tonkotsu-ramen\/\" \/>\n<meta property=\"og:locale\" content=\"de_DE\" \/>\n<meta property=\"og:type\" content=\"article\" \/>\n<meta property=\"og:title\" content=\"Tonkotsu Ramen - Japan Matsuri - Festival Giapponese Bellinzona\" \/>\n<meta property=\"og:description\" content=\"Tonkotsu Ramen Sapori autentici del Giappone Partecipa a un&#8217;esperienza culinaria straordinaria con Trevor Appignani, il celebre chef del food truck pi\u00f9 amato del Ticino. Con quasi vent\u2019anni di esperienza nei migliori ristoranti d\u2019Europa, Trevor \u00e8 un perfezionista appassionato della cucina giapponese. La sua attenzione per la qualit\u00e0 e la creativit\u00e0 trasforma ogni piatto in un&#8217;esperienza [&hellip;]\" \/>\n<meta property=\"og:url\" content=\"https:\/\/japanmatsuri.org\/de\/tonkotsu-ramen\/\" \/>\n<meta property=\"og:site_name\" content=\"Japan Matsuri - Festival Giapponese Bellinzona\" \/>\n<meta property=\"article:modified_time\" content=\"2025-07-14T17:35:59+00:00\" \/>\n<meta property=\"og:image\" content=\"https:\/\/japanmatsuri.org\/wp-content\/uploads\/2025\/07\/copertine-2.png\" \/>\n\t<meta property=\"og:image:width\" content=\"1750\" \/>\n\t<meta property=\"og:image:height\" content=\"700\" \/>\n\t<meta property=\"og:image:type\" content=\"image\/png\" \/>\n<meta name=\"twitter:card\" content=\"summary_large_image\" \/>\n<meta name=\"twitter:label1\" content=\"Gesch\u00e4tzte Lesezeit\" \/>\n\t<meta name=\"twitter:data1\" content=\"1\u00a0Minute\" \/>\n<script type=\"application\/ld+json\" class=\"yoast-schema-graph\">{\"@context\":\"https:\/\/schema.org\",\"@graph\":[{\"@type\":\"WebPage\",\"@id\":\"https:\/\/japanmatsuri.org\/tonkotsu-ramen\/\",\"url\":\"https:\/\/japanmatsuri.org\/tonkotsu-ramen\/\",\"name\":\"Tonkotsu Ramen - Japan Matsuri - Festival Giapponese Bellinzona\",\"isPartOf\":{\"@id\":\"https:\/\/japanmatsuri.org\/#website\"},\"primaryImageOfPage\":{\"@id\":\"https:\/\/japanmatsuri.org\/tonkotsu-ramen\/#primaryimage\"},\"image\":{\"@id\":\"https:\/\/japanmatsuri.org\/tonkotsu-ramen\/#primaryimage\"},\"thumbnailUrl\":\"https:\/\/japanmatsuri.org\/wp-content\/uploads\/2025\/07\/copertine-2.png\",\"datePublished\":\"2025-07-14T17:32:17+00:00\",\"dateModified\":\"2025-07-14T17:35:59+00:00\",\"breadcrumb\":{\"@id\":\"https:\/\/japanmatsuri.org\/tonkotsu-ramen\/#breadcrumb\"},\"inLanguage\":\"de-CH\",\"potentialAction\":[{\"@type\":\"ReadAction\",\"target\":[\"https:\/\/japanmatsuri.org\/tonkotsu-ramen\/\"]}]},{\"@type\":\"ImageObject\",\"inLanguage\":\"de-CH\",\"@id\":\"https:\/\/japanmatsuri.org\/tonkotsu-ramen\/#primaryimage\",\"url\":\"https:\/\/japanmatsuri.org\/wp-content\/uploads\/2025\/07\/copertine-2.png\",\"contentUrl\":\"https:\/\/japanmatsuri.org\/wp-content\/uploads\/2025\/07\/copertine-2.png\"},{\"@type\":\"BreadcrumbList\",\"@id\":\"https:\/\/japanmatsuri.org\/tonkotsu-ramen\/#breadcrumb\",\"itemListElement\":[{\"@type\":\"ListItem\",\"position\":1,\"name\":\"Home\",\"item\":\"https:\/\/japanmatsuri.org\/it\/\"},{\"@type\":\"ListItem\",\"position\":2,\"name\":\"Tonkotsu Ramen\"}]},{\"@type\":\"WebSite\",\"@id\":\"https:\/\/japanmatsuri.org\/#website\",\"url\":\"https:\/\/japanmatsuri.org\/\",\"name\":\"Japan Matsuri - Festival Giapponese Bellinzona\",\"description\":\"Festival Giapponese Bellinzona\",\"potentialAction\":[{\"@type\":\"SearchAction\",\"target\":{\"@type\":\"EntryPoint\",\"urlTemplate\":\"https:\/\/japanmatsuri.org\/?s={search_term_string}\"},\"query-input\":{\"@type\":\"PropertyValueSpecification\",\"valueRequired\":true,\"valueName\":\"search_term_string\"}}],\"inLanguage\":\"de-CH\"}]}<\/script>\n<!-- \/ Yoast SEO plugin. -->","yoast_head_json":{"title":"Tonkotsu Ramen - Japan Matsuri - Festival Giapponese Bellinzona","robots":{"index":"index","follow":"follow","max-snippet":"max-snippet:-1","max-image-preview":"max-image-preview:large","max-video-preview":"max-video-preview:-1"},"canonical":"https:\/\/japanmatsuri.org\/de\/tonkotsu-ramen\/","og_locale":"de_DE","og_type":"article","og_title":"Tonkotsu Ramen - Japan Matsuri - Festival Giapponese Bellinzona","og_description":"Tonkotsu Ramen Sapori autentici del Giappone Partecipa a un&#8217;esperienza culinaria straordinaria con Trevor Appignani, il celebre chef del food truck pi\u00f9 amato del Ticino. Con quasi vent\u2019anni di esperienza nei migliori ristoranti d\u2019Europa, Trevor \u00e8 un perfezionista appassionato della cucina giapponese. La sua attenzione per la qualit\u00e0 e la creativit\u00e0 trasforma ogni piatto in un&#8217;esperienza [&hellip;]","og_url":"https:\/\/japanmatsuri.org\/de\/tonkotsu-ramen\/","og_site_name":"Japan Matsuri - Festival Giapponese Bellinzona","article_modified_time":"2025-07-14T17:35:59+00:00","og_image":[{"width":1750,"height":700,"url":"https:\/\/japanmatsuri.org\/wp-content\/uploads\/2025\/07\/copertine-2.png","type":"image\/png"}],"twitter_card":"summary_large_image","twitter_misc":{"Gesch\u00e4tzte Lesezeit":"1\u00a0Minute"},"schema":{"@context":"https:\/\/schema.org","@graph":[{"@type":"WebPage","@id":"https:\/\/japanmatsuri.org\/tonkotsu-ramen\/","url":"https:\/\/japanmatsuri.org\/tonkotsu-ramen\/","name":"Tonkotsu Ramen - Japan Matsuri - Festival Giapponese Bellinzona","isPartOf":{"@id":"https:\/\/japanmatsuri.org\/#website"},"primaryImageOfPage":{"@id":"https:\/\/japanmatsuri.org\/tonkotsu-ramen\/#primaryimage"},"image":{"@id":"https:\/\/japanmatsuri.org\/tonkotsu-ramen\/#primaryimage"},"thumbnailUrl":"https:\/\/japanmatsuri.org\/wp-content\/uploads\/2025\/07\/copertine-2.png","datePublished":"2025-07-14T17:32:17+00:00","dateModified":"2025-07-14T17:35:59+00:00","breadcrumb":{"@id":"https:\/\/japanmatsuri.org\/tonkotsu-ramen\/#breadcrumb"},"inLanguage":"de-CH","potentialAction":[{"@type":"ReadAction","target":["https:\/\/japanmatsuri.org\/tonkotsu-ramen\/"]}]},{"@type":"ImageObject","inLanguage":"de-CH","@id":"https:\/\/japanmatsuri.org\/tonkotsu-ramen\/#primaryimage","url":"https:\/\/japanmatsuri.org\/wp-content\/uploads\/2025\/07\/copertine-2.png","contentUrl":"https:\/\/japanmatsuri.org\/wp-content\/uploads\/2025\/07\/copertine-2.png"},{"@type":"BreadcrumbList","@id":"https:\/\/japanmatsuri.org\/tonkotsu-ramen\/#breadcrumb","itemListElement":[{"@type":"ListItem","position":1,"name":"Home","item":"https:\/\/japanmatsuri.org\/it\/"},{"@type":"ListItem","position":2,"name":"Tonkotsu Ramen"}]},{"@type":"WebSite","@id":"https:\/\/japanmatsuri.org\/#website","url":"https:\/\/japanmatsuri.org\/","name":"Japan Matsuri - Festival Giapponese Bellinzona","description":"Festival Giapponese Bellinzona","potentialAction":[{"@type":"SearchAction","target":{"@type":"EntryPoint","urlTemplate":"https:\/\/japanmatsuri.org\/?s={search_term_string}"},"query-input":{"@type":"PropertyValueSpecification","valueRequired":true,"valueName":"search_term_string"}}],"inLanguage":"de-CH"}]}},"_links":{"self":[{"href":"https:\/\/japanmatsuri.org\/de\/wp-json\/wp\/v2\/pages\/1372","targetHints":{"allow":["GET"]}}],"collection":[{"href":"https:\/\/japanmatsuri.org\/de\/wp-json\/wp\/v2\/pages"}],"about":[{"href":"https:\/\/japanmatsuri.org\/de\/wp-json\/wp\/v2\/types\/page"}],"author":[{"embeddable":true,"href":"https:\/\/japanmatsuri.org\/de\/wp-json\/wp\/v2\/users\/1"}],"replies":[{"embeddable":true,"href":"https:\/\/japanmatsuri.org\/de\/wp-json\/wp\/v2\/comments?post=1372"}],"version-history":[{"count":4,"href":"https:\/\/japanmatsuri.org\/de\/wp-json\/wp\/v2\/pages\/1372\/revisions"}],"predecessor-version":[{"id":1377,"href":"https:\/\/japanmatsuri.org\/de\/wp-json\/wp\/v2\/pages\/1372\/revisions\/1377"}],"wp:attachment":[{"href":"https:\/\/japanmatsuri.org\/de\/wp-json\/wp\/v2\/media?parent=1372"}],"curies":[{"name":"wp","href":"https:\/\/api.w.org\/{rel}","templated":true}]}}