{"id":1470,"date":"2025-08-28T09:53:55","date_gmt":"2025-08-28T08:53:55","guid":{"rendered":"https:\/\/japanmatsuri.org\/it\/?page_id=1470"},"modified":"2025-08-28T09:54:56","modified_gmt":"2025-08-28T08:54:56","slug":"neko-maske","status":"publish","type":"page","link":"https:\/\/japanmatsuri.org\/de\/neko-maske\/","title":{"rendered":"Neko-Maske"},"content":{"rendered":"<div data-elementor-type=\"wp-page\" data-elementor-id=\"1470\" class=\"elementor elementor-1470\" data-elementor-post-type=\"page\">\n\t\t\t\t<div class=\"elementor-element elementor-element-132ef8e8 e-flex e-con-boxed e-con e-parent\" data-id=\"132ef8e8\" data-element_type=\"container\">\n\t\t\t\t\t<div class=\"e-con-inner\">\n\t\t\t\t<div class=\"elementor-element elementor-element-29c8818 elementor-widget elementor-widget-heading\" data-id=\"29c8818\" data-element_type=\"widget\" data-widget_type=\"heading.default\">\n\t\t\t\t<div class=\"elementor-widget-container\">\n\t\t\t\t\t<h1 class=\"elementor-heading-title elementor-size-default\">Neko-Maske<\/h1>\t\t\t\t<\/div>\n\t\t\t\t<\/div>\n\t\t\t\t\t<\/div>\n\t\t\t\t<\/div>\n\t\t<div class=\"elementor-element elementor-element-e3cc76a e-flex e-con-boxed e-con e-parent\" data-id=\"e3cc76a\" data-element_type=\"container\">\n\t\t\t\t\t<div class=\"e-con-inner\">\n\t\t<div class=\"elementor-element elementor-element-012b26c e-con-full e-flex e-con e-child\" data-id=\"012b26c\" data-element_type=\"container\">\n\t\t\t\t<div class=\"elementor-element elementor-element-a4a5142 elementor-widget elementor-widget-image\" data-id=\"a4a5142\" data-element_type=\"widget\" data-widget_type=\"image.default\">\n\t\t\t\t<div class=\"elementor-widget-container\">\n\t\t\t\t\t\t\t\t\t\t\t\t\t\t\t<img fetchpriority=\"high\" decoding=\"async\" width=\"736\" height=\"981\" src=\"https:\/\/japanmatsuri.org\/wp-content\/uploads\/2025\/08\/Camelia-maschera-neko.jpg\" class=\"attachment-large size-large wp-image-1839\" alt=\"\" srcset=\"https:\/\/japanmatsuri.org\/wp-content\/uploads\/2025\/08\/Camelia-maschera-neko.jpg 736w, https:\/\/japanmatsuri.org\/wp-content\/uploads\/2025\/08\/Camelia-maschera-neko-225x300.jpg 225w, https:\/\/japanmatsuri.org\/wp-content\/uploads\/2025\/08\/Camelia-maschera-neko-9x12.jpg 9w\" sizes=\"(max-width: 736px) 100vw, 736px\" \/>\t\t\t\t\t\t\t\t\t\t\t\t\t\t\t<\/div>\n\t\t\t\t<\/div>\n\t\t\t\t<\/div>\n\t\t<div class=\"elementor-element elementor-element-c67a637 e-con-full e-flex e-con e-child\" data-id=\"c67a637\" data-element_type=\"container\">\n\t\t\t\t<div class=\"elementor-element elementor-element-b2aeb6e elementor-widget elementor-widget-text-editor\" data-id=\"b2aeb6e\" data-element_type=\"widget\" data-widget_type=\"text-editor.default\">\n\t\t\t\t<div class=\"elementor-widget-container\">\n\t\t\t\t\t\t\t\t\t<p class=\"translation-block\">Der Neko, die Katze auf Japanisch, ist in der japanischen Kultur ein tief verehrtes und beliebtes Wesen. Er taucht in vielen Volkserz\u00e4hlungen auf und wird durch Symbole wie den ber\u00fchmten <\/i>Maneki Neko<\/i> geehrt \u2013 die Gl\u00fcckskatze schlechthin.<br>\nLass deiner Kreativit\u00e4t freien Lauf und gestalte mit uns eine Maske dieses faszinierenden Tieres<\/p><p>Der Workshop findet an beiden Tagen am Stand des Camelia Clubs im Espocentro statt.<\/p><p class=\"translation-block\"><b>Kosten<\/b>: CHF 15 \u2013 bar direkt am Stand zu bezahlen.<\/p>\t\t\t\t\t\t\t\t<\/div>\n\t\t\t\t<\/div>\n\t\t\t\t<\/div>\n\t\t\t\t\t<\/div>\n\t\t\t\t<\/div>\n\t\t<div class=\"elementor-element elementor-element-45013acc e-flex e-con-boxed e-con e-parent\" data-id=\"45013acc\" data-element_type=\"container\">\n\t\t\t\t\t<div class=\"e-con-inner\">\n\t\t\t\t\t<\/div>\n\t\t\t\t<\/div>\n\t\t\t\t<\/div>","protected":false},"excerpt":{"rendered":"<p>Maschera Neko Il Neko, il gatto in giapponese, \u00e8 un animale profondamente amato e rispettato nella cultura giapponese. Compare in numerose leggende popolari e viene celebrato attraverso figure come il celebre Maneki Neko, simbolo di fortuna e prosperit\u00e0.Esprimi la tua creativit\u00e0 dipingendo con noi una maschera ispirata a questo affascinante animale. Il corso si terr\u00e0 [&hellip;]<\/p>","protected":false},"author":1,"featured_media":0,"parent":0,"menu_order":0,"comment_status":"closed","ping_status":"closed","template":"","meta":{"footnotes":""},"class_list":["post-1470","page","type-page","status-publish","hentry"],"yoast_head":"<!-- This site is optimized with the Yoast SEO plugin v25.4 - https:\/\/yoast.com\/wordpress\/plugins\/seo\/ -->\n<title>Maschera Neko - Japan Matsuri - Festival Giapponese Bellinzona<\/title>\n<meta name=\"robots\" content=\"index, follow, max-snippet:-1, max-image-preview:large, max-video-preview:-1\" \/>\n<link rel=\"canonical\" href=\"https:\/\/japanmatsuri.org\/de\/neko-maske\/\" \/>\n<meta property=\"og:locale\" content=\"de_DE\" \/>\n<meta property=\"og:type\" content=\"article\" \/>\n<meta property=\"og:title\" content=\"Maschera Neko - Japan Matsuri - Festival Giapponese Bellinzona\" \/>\n<meta property=\"og:description\" content=\"Maschera Neko Il Neko, il gatto in giapponese, \u00e8 un animale profondamente amato e rispettato nella cultura giapponese. Compare in numerose leggende popolari e viene celebrato attraverso figure come il celebre Maneki Neko, simbolo di fortuna e prosperit\u00e0.Esprimi la tua creativit\u00e0 dipingendo con noi una maschera ispirata a questo affascinante animale. Il corso si terr\u00e0 [&hellip;]\" \/>\n<meta property=\"og:url\" content=\"https:\/\/japanmatsuri.org\/de\/neko-maske\/\" \/>\n<meta property=\"og:site_name\" content=\"Japan Matsuri - Festival Giapponese Bellinzona\" \/>\n<meta property=\"article:modified_time\" content=\"2025-08-28T08:54:56+00:00\" \/>\n<meta property=\"og:image\" content=\"https:\/\/japanmatsuri.org\/wp-content\/uploads\/2025\/08\/Camelia-maschera-neko.jpg\" \/>\n\t<meta property=\"og:image:width\" content=\"736\" \/>\n\t<meta property=\"og:image:height\" content=\"981\" \/>\n\t<meta property=\"og:image:type\" content=\"image\/jpeg\" \/>\n<meta name=\"twitter:card\" content=\"summary_large_image\" \/>\n<meta name=\"twitter:label1\" content=\"Gesch\u00e4tzte Lesezeit\" \/>\n\t<meta name=\"twitter:data1\" content=\"1\u00a0Minute\" \/>\n<script type=\"application\/ld+json\" class=\"yoast-schema-graph\">{\"@context\":\"https:\/\/schema.org\",\"@graph\":[{\"@type\":\"WebPage\",\"@id\":\"https:\/\/japanmatsuri.org\/it\/maschera-neko\/\",\"url\":\"https:\/\/japanmatsuri.org\/it\/maschera-neko\/\",\"name\":\"Maschera Neko - Japan Matsuri - Festival Giapponese Bellinzona\",\"isPartOf\":{\"@id\":\"https:\/\/japanmatsuri.org\/#website\"},\"primaryImageOfPage\":{\"@id\":\"https:\/\/japanmatsuri.org\/it\/maschera-neko\/#primaryimage\"},\"image\":{\"@id\":\"https:\/\/japanmatsuri.org\/it\/maschera-neko\/#primaryimage\"},\"thumbnailUrl\":\"https:\/\/japanmatsuri.org\/wp-content\/uploads\/2025\/08\/Camelia-maschera-neko.jpg\",\"datePublished\":\"2025-08-28T08:53:55+00:00\",\"dateModified\":\"2025-08-28T08:54:56+00:00\",\"breadcrumb\":{\"@id\":\"https:\/\/japanmatsuri.org\/it\/maschera-neko\/#breadcrumb\"},\"inLanguage\":\"de-CH\",\"potentialAction\":[{\"@type\":\"ReadAction\",\"target\":[\"https:\/\/japanmatsuri.org\/it\/maschera-neko\/\"]}]},{\"@type\":\"ImageObject\",\"inLanguage\":\"de-CH\",\"@id\":\"https:\/\/japanmatsuri.org\/it\/maschera-neko\/#primaryimage\",\"url\":\"https:\/\/japanmatsuri.org\/wp-content\/uploads\/2025\/08\/Camelia-maschera-neko.jpg\",\"contentUrl\":\"https:\/\/japanmatsuri.org\/wp-content\/uploads\/2025\/08\/Camelia-maschera-neko.jpg\"},{\"@type\":\"BreadcrumbList\",\"@id\":\"https:\/\/japanmatsuri.org\/it\/maschera-neko\/#breadcrumb\",\"itemListElement\":[{\"@type\":\"ListItem\",\"position\":1,\"name\":\"Home\",\"item\":\"https:\/\/japanmatsuri.org\/it\/\"},{\"@type\":\"ListItem\",\"position\":2,\"name\":\"Maschera Neko\"}]},{\"@type\":\"WebSite\",\"@id\":\"https:\/\/japanmatsuri.org\/#website\",\"url\":\"https:\/\/japanmatsuri.org\/\",\"name\":\"Japan Matsuri - Festival Giapponese Bellinzona\",\"description\":\"Festival Giapponese Bellinzona\",\"potentialAction\":[{\"@type\":\"SearchAction\",\"target\":{\"@type\":\"EntryPoint\",\"urlTemplate\":\"https:\/\/japanmatsuri.org\/?s={search_term_string}\"},\"query-input\":{\"@type\":\"PropertyValueSpecification\",\"valueRequired\":true,\"valueName\":\"search_term_string\"}}],\"inLanguage\":\"de-CH\"}]}<\/script>\n<!-- \/ Yoast SEO plugin. -->","yoast_head_json":{"title":"Maschera Neko - Japan Matsuri - Festival Giapponese Bellinzona","robots":{"index":"index","follow":"follow","max-snippet":"max-snippet:-1","max-image-preview":"max-image-preview:large","max-video-preview":"max-video-preview:-1"},"canonical":"https:\/\/japanmatsuri.org\/de\/neko-maske\/","og_locale":"de_DE","og_type":"article","og_title":"Maschera Neko - Japan Matsuri - Festival Giapponese Bellinzona","og_description":"Maschera Neko Il Neko, il gatto in giapponese, \u00e8 un animale profondamente amato e rispettato nella cultura giapponese. Compare in numerose leggende popolari e viene celebrato attraverso figure come il celebre Maneki Neko, simbolo di fortuna e prosperit\u00e0.Esprimi la tua creativit\u00e0 dipingendo con noi una maschera ispirata a questo affascinante animale. Il corso si terr\u00e0 [&hellip;]","og_url":"https:\/\/japanmatsuri.org\/de\/neko-maske\/","og_site_name":"Japan Matsuri - Festival Giapponese Bellinzona","article_modified_time":"2025-08-28T08:54:56+00:00","og_image":[{"width":736,"height":981,"url":"https:\/\/japanmatsuri.org\/wp-content\/uploads\/2025\/08\/Camelia-maschera-neko.jpg","type":"image\/jpeg"}],"twitter_card":"summary_large_image","twitter_misc":{"Gesch\u00e4tzte Lesezeit":"1\u00a0Minute"},"schema":{"@context":"https:\/\/schema.org","@graph":[{"@type":"WebPage","@id":"https:\/\/japanmatsuri.org\/it\/maschera-neko\/","url":"https:\/\/japanmatsuri.org\/it\/maschera-neko\/","name":"Maschera Neko - Japan Matsuri - Festival Giapponese Bellinzona","isPartOf":{"@id":"https:\/\/japanmatsuri.org\/#website"},"primaryImageOfPage":{"@id":"https:\/\/japanmatsuri.org\/it\/maschera-neko\/#primaryimage"},"image":{"@id":"https:\/\/japanmatsuri.org\/it\/maschera-neko\/#primaryimage"},"thumbnailUrl":"https:\/\/japanmatsuri.org\/wp-content\/uploads\/2025\/08\/Camelia-maschera-neko.jpg","datePublished":"2025-08-28T08:53:55+00:00","dateModified":"2025-08-28T08:54:56+00:00","breadcrumb":{"@id":"https:\/\/japanmatsuri.org\/it\/maschera-neko\/#breadcrumb"},"inLanguage":"de-CH","potentialAction":[{"@type":"ReadAction","target":["https:\/\/japanmatsuri.org\/it\/maschera-neko\/"]}]},{"@type":"ImageObject","inLanguage":"de-CH","@id":"https:\/\/japanmatsuri.org\/it\/maschera-neko\/#primaryimage","url":"https:\/\/japanmatsuri.org\/wp-content\/uploads\/2025\/08\/Camelia-maschera-neko.jpg","contentUrl":"https:\/\/japanmatsuri.org\/wp-content\/uploads\/2025\/08\/Camelia-maschera-neko.jpg"},{"@type":"BreadcrumbList","@id":"https:\/\/japanmatsuri.org\/it\/maschera-neko\/#breadcrumb","itemListElement":[{"@type":"ListItem","position":1,"name":"Home","item":"https:\/\/japanmatsuri.org\/it\/"},{"@type":"ListItem","position":2,"name":"Maschera Neko"}]},{"@type":"WebSite","@id":"https:\/\/japanmatsuri.org\/#website","url":"https:\/\/japanmatsuri.org\/","name":"Japan Matsuri - Festival Giapponese Bellinzona","description":"Festival Giapponese Bellinzona","potentialAction":[{"@type":"SearchAction","target":{"@type":"EntryPoint","urlTemplate":"https:\/\/japanmatsuri.org\/?s={search_term_string}"},"query-input":{"@type":"PropertyValueSpecification","valueRequired":true,"valueName":"search_term_string"}}],"inLanguage":"de-CH"}]}},"_links":{"self":[{"href":"https:\/\/japanmatsuri.org\/de\/wp-json\/wp\/v2\/pages\/1470","targetHints":{"allow":["GET"]}}],"collection":[{"href":"https:\/\/japanmatsuri.org\/de\/wp-json\/wp\/v2\/pages"}],"about":[{"href":"https:\/\/japanmatsuri.org\/de\/wp-json\/wp\/v2\/types\/page"}],"author":[{"embeddable":true,"href":"https:\/\/japanmatsuri.org\/de\/wp-json\/wp\/v2\/users\/1"}],"replies":[{"embeddable":true,"href":"https:\/\/japanmatsuri.org\/de\/wp-json\/wp\/v2\/comments?post=1470"}],"version-history":[{"count":13,"href":"https:\/\/japanmatsuri.org\/de\/wp-json\/wp\/v2\/pages\/1470\/revisions"}],"predecessor-version":[{"id":1845,"href":"https:\/\/japanmatsuri.org\/de\/wp-json\/wp\/v2\/pages\/1470\/revisions\/1845"}],"wp:attachment":[{"href":"https:\/\/japanmatsuri.org\/de\/wp-json\/wp\/v2\/media?parent=1470"}],"curies":[{"name":"wp","href":"https:\/\/api.w.org\/{rel}","templated":true}]}}