{"id":1494,"date":"2025-08-02T15:46:54","date_gmt":"2025-08-02T14:46:54","guid":{"rendered":"https:\/\/japanmatsuri.org\/it\/?page_id=1494"},"modified":"2025-08-02T16:27:04","modified_gmt":"2025-08-02T15:27:04","slug":"cristina-d-avena","status":"publish","type":"page","link":"https:\/\/japanmatsuri.org\/de\/cristina-d-avena\/","title":{"rendered":"Cristina D&#8217;Avena"},"content":{"rendered":"<div data-elementor-type=\"wp-page\" data-elementor-id=\"1494\" class=\"elementor elementor-1494\" data-elementor-post-type=\"page\">\n\t\t\t\t<div class=\"elementor-element elementor-element-311d80e6 e-flex e-con-boxed e-con e-parent\" data-id=\"311d80e6\" data-element_type=\"container\">\n\t\t\t\t\t<div class=\"e-con-inner\">\n\t\t\t\t<div class=\"elementor-element elementor-element-6e8f93cd elementor-widget elementor-widget-heading\" data-id=\"6e8f93cd\" data-element_type=\"widget\" data-widget_type=\"heading.default\">\n\t\t\t\t<div class=\"elementor-widget-container\">\n\t\t\t\t\t<h1 class=\"elementor-heading-title elementor-size-default\">Cristina D'Avena<\/h1>\t\t\t\t<\/div>\n\t\t\t\t<\/div>\n\t\t\t\t\t<\/div>\n\t\t\t\t<\/div>\n\t\t<div class=\"elementor-element elementor-element-988aefd e-flex e-con-boxed e-con e-parent\" data-id=\"988aefd\" data-element_type=\"container\">\n\t\t\t\t\t<div class=\"e-con-inner\">\n\t\t<div class=\"elementor-element elementor-element-feea9c7 e-con-full e-flex e-con e-child\" data-id=\"feea9c7\" data-element_type=\"container\">\n\t\t\t\t<div class=\"elementor-element elementor-element-cf066cc elementor-widget elementor-widget-image\" data-id=\"cf066cc\" data-element_type=\"widget\" data-widget_type=\"image.default\">\n\t\t\t\t<div class=\"elementor-widget-container\">\n\t\t\t\t\t\t\t\t\t\t\t\t\t\t\t<img decoding=\"async\" src=\"https:\/\/japanmatsuri.org\/wp-content\/uploads\/2025\/08\/cristina_2025.png\" title=\"cristina_2025\" alt=\"cristina_2025\" loading=\"lazy\" \/>\t\t\t\t\t\t\t\t\t\t\t\t\t\t\t<\/div>\n\t\t\t\t<\/div>\n\t\t\t\t<\/div>\n\t\t<div class=\"elementor-element elementor-element-d371171 e-con-full e-flex e-con e-child\" data-id=\"d371171\" data-element_type=\"container\">\n\t\t\t\t<div class=\"elementor-element elementor-element-313c71d elementor-widget elementor-widget-text-editor\" data-id=\"313c71d\" data-element_type=\"widget\" data-widget_type=\"text-editor.default\">\n\t\t\t\t<div class=\"elementor-widget-container\">\n\t\t\t\t\t\t\t\t\t<p class=\"translation-block\">Mach dich bereit f\u00fcr ein unvergessliches Erlebnis! Cristina D\u2019Avena, die K\u00f6nigin der Zeichentrick-Titellieder, kehrt zur\u00fcck und begeistert uns mit einer einzigartigen <b>Live-Show am Sonntag, dem 21. September um 16:30 Uhr!<\/b><\/p><p>Von den unvergesslichen Liedern, die ganze Generationen gepr\u00e4gt haben, bis zu ihren neuesten Produktionen \u2013 ihre Show ist ein perfekter Mix aus Emotionen, Musik und mitrei\u00dfender Stimmung. Eine Show voller Energie und Magie, getragen von der Stimme, die Millionen von Fans zum Mitsingen gebracht hat.<\/p><p class=\"translation-block\">Und das ist noch nicht alles: Ab <b>17:30 Uhr<\/b>, direkt im Anschluss an die Show, gibt es ein besonderes <b>Meet &amp; Greet<\/b>. Cristina D\u2019Avena trifft ihre Fans zu einer exklusiven Autogramm- und Fotosession \u2013 eine einmalige Gelegenheit, eine wahre Ikone der italienischen Musik und Fernsehgeschichte pers\u00f6nlich kennenzulernen.<\/p><p>Verpasse dieses au\u00dfergew\u00f6hnliche Event nicht: ein Fest f\u00fcr alle, bei dem Musik und Erinnerungen zusammenkommen \u2013 zum Mitsingen, zum Feiern, gemeinsam vereint.<\/p>\t\t\t\t\t\t\t\t<\/div>\n\t\t\t\t<\/div>\n\t\t\t\t<\/div>\n\t\t\t\t\t<\/div>\n\t\t\t\t<\/div>\n\t\t<div class=\"elementor-element elementor-element-3a1d415 e-flex e-con-boxed e-con e-parent\" data-id=\"3a1d415\" data-element_type=\"container\">\n\t\t\t\t\t<div class=\"e-con-inner\">\n\t\t\t\t<div class=\"elementor-element elementor-element-17e0260 elementor-widget elementor-widget-text-editor\" data-id=\"17e0260\" data-element_type=\"widget\" data-widget_type=\"text-editor.default\">\n\t\t\t\t<div class=\"elementor-widget-container\">\n\t\t\t\t\t\t\t\t\t<p><strong>Meet &amp; Greet<\/strong><\/p><p>Das Meet &amp; Greet findet am Sonntag, den 21. September, von 17:30 bis 19:00 Uhr in Halle E statt.<\/p>\t\t\t\t\t\t\t\t<\/div>\n\t\t\t\t<\/div>\n\t\t\t\t\t<\/div>\n\t\t\t\t<\/div>\n\t\t<div class=\"elementor-element elementor-element-f075cf0 e-flex e-con-boxed e-con e-parent\" data-id=\"f075cf0\" data-element_type=\"container\">\n\t\t\t\t\t<div class=\"e-con-inner\">\n\t\t\t\t<div class=\"elementor-element elementor-element-10f9aee elementor-widget elementor-widget-text-editor\" data-id=\"10f9aee\" data-element_type=\"widget\" data-widget_type=\"text-editor.default\">\n\t\t\t\t<div class=\"elementor-widget-container\">\n\t\t\t\t\t\t\t\t\t<p><i>Um Zugang zum Bereich zu erhalten, m\u00fcssen Sie das Armband tragen, das am Festival-Eingang ausgegeben wird. Um den Eintritt zu erleichtern, empfehlen wir, Ihr Festivalticket online zu kaufen. Menschen mit Behinderungen oder eingeschr\u00e4nkter Mobilit\u00e4t bitten wir, uns im Voraus per E-Mail an info@japanmatsuri.org zu kontaktieren, damit wir einen stressfreien Zugang arrangieren k\u00f6nnen.<\/i><\/p>\t\t\t\t\t\t\t\t<\/div>\n\t\t\t\t<\/div>\n\t\t\t\t\t<\/div>\n\t\t\t\t<\/div>\n\t\t<div class=\"elementor-element elementor-element-317721eb e-flex e-con-boxed e-con e-parent\" data-id=\"317721eb\" data-element_type=\"container\">\n\t\t\t\t\t<div class=\"e-con-inner\">\n\t\t\t\t\t<\/div>\n\t\t\t\t<\/div>\n\t\t\t\t<\/div>","protected":false},"excerpt":{"rendered":"<p>Cristina D&#8217;Avena Preparati a vivere un\u2019esperienza indimenticabile: Cristina D\u2019Avena, la regina delle sigle dei cartoni animati, torna a emozionarci con un imperdibile live show domenica 21 settembre alle 16:30! Dalle canzoni che hanno fatto cantare intere generazioni alle produzioni pi\u00f9 recenti, il suo spettacolo \u00e8 un mix perfetto di emozioni, musica e coinvolgimento. Uno show [&hellip;]<\/p>","protected":false},"author":1,"featured_media":0,"parent":0,"menu_order":0,"comment_status":"closed","ping_status":"closed","template":"","meta":{"footnotes":""},"class_list":["post-1494","page","type-page","status-publish","hentry"],"yoast_head":"<!-- This site is optimized with the Yoast SEO plugin v25.4 - https:\/\/yoast.com\/wordpress\/plugins\/seo\/ -->\n<title>Cristina D&#039;Avena - Japan Matsuri - Festival Giapponese Bellinzona<\/title>\n<meta name=\"robots\" content=\"index, follow, max-snippet:-1, max-image-preview:large, max-video-preview:-1\" \/>\n<link rel=\"canonical\" href=\"https:\/\/japanmatsuri.org\/de\/cristina-d-avena\/\" \/>\n<meta property=\"og:locale\" content=\"de_DE\" \/>\n<meta property=\"og:type\" content=\"article\" \/>\n<meta property=\"og:title\" content=\"Cristina D&#039;Avena - Japan Matsuri - Festival Giapponese Bellinzona\" \/>\n<meta property=\"og:description\" content=\"Cristina D&#8217;Avena Preparati a vivere un\u2019esperienza indimenticabile: Cristina D\u2019Avena, la regina delle sigle dei cartoni animati, torna a emozionarci con un imperdibile live show domenica 21 settembre alle 16:30! Dalle canzoni che hanno fatto cantare intere generazioni alle produzioni pi\u00f9 recenti, il suo spettacolo \u00e8 un mix perfetto di emozioni, musica e coinvolgimento. Uno show [&hellip;]\" \/>\n<meta property=\"og:url\" content=\"https:\/\/japanmatsuri.org\/de\/cristina-d-avena\/\" \/>\n<meta property=\"og:site_name\" content=\"Japan Matsuri - Festival Giapponese Bellinzona\" \/>\n<meta property=\"article:modified_time\" content=\"2025-08-02T15:27:04+00:00\" \/>\n<meta property=\"og:image\" content=\"https:\/\/japanmatsuri.org\/wp-content\/uploads\/2025\/08\/cristina_2025.png\" \/>\n<meta name=\"twitter:card\" content=\"summary_large_image\" \/>\n<meta name=\"twitter:label1\" content=\"Gesch\u00e4tzte Lesezeit\" \/>\n\t<meta name=\"twitter:data1\" content=\"1\u00a0Minute\" \/>\n<script type=\"application\/ld+json\" class=\"yoast-schema-graph\">{\"@context\":\"https:\/\/schema.org\",\"@graph\":[{\"@type\":\"WebPage\",\"@id\":\"https:\/\/japanmatsuri.org\/it\/cristina-d-avena\/\",\"url\":\"https:\/\/japanmatsuri.org\/it\/cristina-d-avena\/\",\"name\":\"Cristina D'Avena - Japan Matsuri - Festival Giapponese Bellinzona\",\"isPartOf\":{\"@id\":\"https:\/\/japanmatsuri.org\/#website\"},\"primaryImageOfPage\":{\"@id\":\"https:\/\/japanmatsuri.org\/it\/cristina-d-avena\/#primaryimage\"},\"image\":{\"@id\":\"https:\/\/japanmatsuri.org\/it\/cristina-d-avena\/#primaryimage\"},\"thumbnailUrl\":\"https:\/\/japanmatsuri.org\/wp-content\/uploads\/2025\/08\/cristina_2025.png\",\"datePublished\":\"2025-08-02T14:46:54+00:00\",\"dateModified\":\"2025-08-02T15:27:04+00:00\",\"breadcrumb\":{\"@id\":\"https:\/\/japanmatsuri.org\/it\/cristina-d-avena\/#breadcrumb\"},\"inLanguage\":\"de-CH\",\"potentialAction\":[{\"@type\":\"ReadAction\",\"target\":[\"https:\/\/japanmatsuri.org\/it\/cristina-d-avena\/\"]}]},{\"@type\":\"ImageObject\",\"inLanguage\":\"de-CH\",\"@id\":\"https:\/\/japanmatsuri.org\/it\/cristina-d-avena\/#primaryimage\",\"url\":\"https:\/\/japanmatsuri.org\/wp-content\/uploads\/2025\/08\/cristina_2025.png\",\"contentUrl\":\"https:\/\/japanmatsuri.org\/wp-content\/uploads\/2025\/08\/cristina_2025.png\"},{\"@type\":\"BreadcrumbList\",\"@id\":\"https:\/\/japanmatsuri.org\/it\/cristina-d-avena\/#breadcrumb\",\"itemListElement\":[{\"@type\":\"ListItem\",\"position\":1,\"name\":\"Home\",\"item\":\"https:\/\/japanmatsuri.org\/it\/\"},{\"@type\":\"ListItem\",\"position\":2,\"name\":\"Cristina D&#8217;Avena\"}]},{\"@type\":\"WebSite\",\"@id\":\"https:\/\/japanmatsuri.org\/#website\",\"url\":\"https:\/\/japanmatsuri.org\/\",\"name\":\"Japan Matsuri - Festival Giapponese Bellinzona\",\"description\":\"Festival Giapponese Bellinzona\",\"potentialAction\":[{\"@type\":\"SearchAction\",\"target\":{\"@type\":\"EntryPoint\",\"urlTemplate\":\"https:\/\/japanmatsuri.org\/?s={search_term_string}\"},\"query-input\":{\"@type\":\"PropertyValueSpecification\",\"valueRequired\":true,\"valueName\":\"search_term_string\"}}],\"inLanguage\":\"de-CH\"}]}<\/script>\n<!-- \/ Yoast SEO plugin. -->","yoast_head_json":{"title":"Cristina D'Avena - Japan Matsuri - Festival Giapponese Bellinzona","robots":{"index":"index","follow":"follow","max-snippet":"max-snippet:-1","max-image-preview":"max-image-preview:large","max-video-preview":"max-video-preview:-1"},"canonical":"https:\/\/japanmatsuri.org\/de\/cristina-d-avena\/","og_locale":"de_DE","og_type":"article","og_title":"Cristina D'Avena - Japan Matsuri - Festival Giapponese Bellinzona","og_description":"Cristina D&#8217;Avena Preparati a vivere un\u2019esperienza indimenticabile: Cristina D\u2019Avena, la regina delle sigle dei cartoni animati, torna a emozionarci con un imperdibile live show domenica 21 settembre alle 16:30! Dalle canzoni che hanno fatto cantare intere generazioni alle produzioni pi\u00f9 recenti, il suo spettacolo \u00e8 un mix perfetto di emozioni, musica e coinvolgimento. Uno show [&hellip;]","og_url":"https:\/\/japanmatsuri.org\/de\/cristina-d-avena\/","og_site_name":"Japan Matsuri - Festival Giapponese Bellinzona","article_modified_time":"2025-08-02T15:27:04+00:00","og_image":[{"url":"https:\/\/japanmatsuri.org\/wp-content\/uploads\/2025\/08\/cristina_2025.png","type":"","width":"","height":""}],"twitter_card":"summary_large_image","twitter_misc":{"Gesch\u00e4tzte Lesezeit":"1\u00a0Minute"},"schema":{"@context":"https:\/\/schema.org","@graph":[{"@type":"WebPage","@id":"https:\/\/japanmatsuri.org\/it\/cristina-d-avena\/","url":"https:\/\/japanmatsuri.org\/it\/cristina-d-avena\/","name":"Cristina D'Avena - Japan Matsuri - Festival Giapponese Bellinzona","isPartOf":{"@id":"https:\/\/japanmatsuri.org\/#website"},"primaryImageOfPage":{"@id":"https:\/\/japanmatsuri.org\/it\/cristina-d-avena\/#primaryimage"},"image":{"@id":"https:\/\/japanmatsuri.org\/it\/cristina-d-avena\/#primaryimage"},"thumbnailUrl":"https:\/\/japanmatsuri.org\/wp-content\/uploads\/2025\/08\/cristina_2025.png","datePublished":"2025-08-02T14:46:54+00:00","dateModified":"2025-08-02T15:27:04+00:00","breadcrumb":{"@id":"https:\/\/japanmatsuri.org\/it\/cristina-d-avena\/#breadcrumb"},"inLanguage":"de-CH","potentialAction":[{"@type":"ReadAction","target":["https:\/\/japanmatsuri.org\/it\/cristina-d-avena\/"]}]},{"@type":"ImageObject","inLanguage":"de-CH","@id":"https:\/\/japanmatsuri.org\/it\/cristina-d-avena\/#primaryimage","url":"https:\/\/japanmatsuri.org\/wp-content\/uploads\/2025\/08\/cristina_2025.png","contentUrl":"https:\/\/japanmatsuri.org\/wp-content\/uploads\/2025\/08\/cristina_2025.png"},{"@type":"BreadcrumbList","@id":"https:\/\/japanmatsuri.org\/it\/cristina-d-avena\/#breadcrumb","itemListElement":[{"@type":"ListItem","position":1,"name":"Home","item":"https:\/\/japanmatsuri.org\/it\/"},{"@type":"ListItem","position":2,"name":"Cristina D&#8217;Avena"}]},{"@type":"WebSite","@id":"https:\/\/japanmatsuri.org\/#website","url":"https:\/\/japanmatsuri.org\/","name":"Japan Matsuri - Festival Giapponese Bellinzona","description":"Festival Giapponese Bellinzona","potentialAction":[{"@type":"SearchAction","target":{"@type":"EntryPoint","urlTemplate":"https:\/\/japanmatsuri.org\/?s={search_term_string}"},"query-input":{"@type":"PropertyValueSpecification","valueRequired":true,"valueName":"search_term_string"}}],"inLanguage":"de-CH"}]}},"_links":{"self":[{"href":"https:\/\/japanmatsuri.org\/de\/wp-json\/wp\/v2\/pages\/1494","targetHints":{"allow":["GET"]}}],"collection":[{"href":"https:\/\/japanmatsuri.org\/de\/wp-json\/wp\/v2\/pages"}],"about":[{"href":"https:\/\/japanmatsuri.org\/de\/wp-json\/wp\/v2\/types\/page"}],"author":[{"embeddable":true,"href":"https:\/\/japanmatsuri.org\/de\/wp-json\/wp\/v2\/users\/1"}],"replies":[{"embeddable":true,"href":"https:\/\/japanmatsuri.org\/de\/wp-json\/wp\/v2\/comments?post=1494"}],"version-history":[{"count":7,"href":"https:\/\/japanmatsuri.org\/de\/wp-json\/wp\/v2\/pages\/1494\/revisions"}],"predecessor-version":[{"id":1516,"href":"https:\/\/japanmatsuri.org\/de\/wp-json\/wp\/v2\/pages\/1494\/revisions\/1516"}],"wp:attachment":[{"href":"https:\/\/japanmatsuri.org\/de\/wp-json\/wp\/v2\/media?parent=1494"}],"curies":[{"name":"wp","href":"https:\/\/api.w.org\/{rel}","templated":true}]}}