{"id":1608,"date":"2025-08-23T13:01:47","date_gmt":"2025-08-23T12:01:47","guid":{"rendered":"https:\/\/japanmatsuri.org\/it\/?page_id=1608"},"modified":"2025-08-23T13:05:22","modified_gmt":"2025-08-23T12:05:22","slug":"nintendo","status":"publish","type":"page","link":"https:\/\/japanmatsuri.org\/de\/nintendo\/","title":{"rendered":"Nintendo"},"content":{"rendered":"<div data-elementor-type=\"wp-page\" data-elementor-id=\"1608\" class=\"elementor elementor-1608\" data-elementor-post-type=\"page\">\n\t\t\t\t<div class=\"elementor-element elementor-element-e750ad2 e-flex e-con-boxed e-con e-parent\" data-id=\"e750ad2\" data-element_type=\"container\">\n\t\t\t\t\t<div class=\"e-con-inner\">\n\t\t\t\t<div class=\"elementor-element elementor-element-cf17967 elementor-widget elementor-widget-heading\" data-id=\"cf17967\" data-element_type=\"widget\" data-widget_type=\"heading.default\">\n\t\t\t\t<div class=\"elementor-widget-container\">\n\t\t\t\t\t<h1 class=\"elementor-heading-title elementor-size-default\">Nintendo<\/h1>\t\t\t\t<\/div>\n\t\t\t\t<\/div>\n\t\t\t\t\t<\/div>\n\t\t\t\t<\/div>\n\t\t<div class=\"elementor-element elementor-element-6d3890b e-flex e-con-boxed e-con e-parent\" data-id=\"6d3890b\" data-element_type=\"container\">\n\t\t\t\t\t<div class=\"e-con-inner\">\n\t\t\t\t<div class=\"elementor-element elementor-element-aadea70 elementor-widget elementor-widget-text-editor\" data-id=\"aadea70\" data-element_type=\"widget\" data-widget_type=\"text-editor.default\">\n\t\t\t\t<div class=\"elementor-widget-container\">\n\t\t\t\t\t\t\t\t\t<p class=\"translation-block\">Tauche ein in die Nintendo Area \u2013 ein Ort voller Spa\u00df und Innovation, der f\u00fcr Fans jeden Alters geschaffen wurde.\n Im Vergleich zum letzten Jahr wird die Fl\u00e4che noch gr\u00f6\u00dfer und inhaltlich vielf\u00e4ltiger sein: mehr Spielstationen, neue interaktive Erlebnisse und ein noch h\u00f6heres Ma\u00df an Interaktivit\u00e4t.\n Du kannst die neue <i>Nintendo Switch 2<\/i>-Konsole ausprobieren, zusammen mit einer Auswahl an Spielen, die f\u00fcr \u00fcberraschende, dynamische und vielseitige Spielmomente sorgen \u2013 geeignet f\u00fcr jeden Spieltyp.\nEine einmalige Gelegenheit, neue Formen der Unterhaltung zu entdecken, Freunde und Familie herauszufordern und dich von der Qualit\u00e4t und Kreativit\u00e4t des Nintendo-Universums begeistern zu lassen.<\/p>\t\t\t\t\t\t\t\t<\/div>\n\t\t\t\t<\/div>\n\t\t\t\t\t<\/div>\n\t\t\t\t<\/div>\n\t\t<div class=\"elementor-element elementor-element-40383fa e-flex e-con-boxed e-con e-parent\" data-id=\"40383fa\" data-element_type=\"container\">\n\t\t\t\t\t<div class=\"e-con-inner\">\n\t\t\t\t<div class=\"elementor-element elementor-element-9ee2be1 elementor-widget elementor-widget-image\" data-id=\"9ee2be1\" data-element_type=\"widget\" data-widget_type=\"image.default\">\n\t\t\t\t<div class=\"elementor-widget-container\">\n\t\t\t\t\t\t\t\t\t\t\t\t\t\t\t<img fetchpriority=\"high\" decoding=\"async\" width=\"1470\" height=\"871\" src=\"https:\/\/japanmatsuri.org\/wp-content\/uploads\/2025\/08\/mariokart.jpg\" class=\"attachment-full size-full wp-image-1762\" alt=\"\" srcset=\"https:\/\/japanmatsuri.org\/wp-content\/uploads\/2025\/08\/mariokart.jpg 1470w, https:\/\/japanmatsuri.org\/wp-content\/uploads\/2025\/08\/mariokart-300x178.jpg 300w, https:\/\/japanmatsuri.org\/wp-content\/uploads\/2025\/08\/mariokart-1024x607.jpg 1024w, https:\/\/japanmatsuri.org\/wp-content\/uploads\/2025\/08\/mariokart-768x455.jpg 768w, https:\/\/japanmatsuri.org\/wp-content\/uploads\/2025\/08\/mariokart-18x12.jpg 18w\" sizes=\"(max-width: 1470px) 100vw, 1470px\" \/>\t\t\t\t\t\t\t\t\t\t\t\t\t\t\t<\/div>\n\t\t\t\t<\/div>\n\t\t\t\t\t<\/div>\n\t\t\t\t<\/div>\n\t\t<div class=\"elementor-element elementor-element-5fdc1b3 e-flex e-con-boxed e-con e-parent\" data-id=\"5fdc1b3\" data-element_type=\"container\">\n\t\t\t\t\t<div class=\"e-con-inner\">\n\t\t\t\t<div class=\"elementor-element elementor-element-be4b218 elementor-widget elementor-widget-text-editor\" data-id=\"be4b218\" data-element_type=\"widget\" data-widget_type=\"text-editor.default\">\n\t\t\t\t<div class=\"elementor-widget-container\">\n\t\t\t\t\t\t\t\t\t<p class=\"translation-block\">Au\u00dferdem erh\u00e4ltst du ein exklusives Gadget (solange der Vorrat reicht), wenn du deinen pers\u00f6nlichen QR-Code am Stand vorzeigst.\nEinfach mit deinem My Nintendo-Konto einloggen (oder ein neues erstellen) und den Code generieren unter:<a href=\"https:\/\/accounts.nintendo.com\/qrcode\" target=\"_blank\" rel=\"noopener\">accounts.nintendo.com\/qrcode<\/a>.<br>\nVerpasse nicht die Chance, die Zukunft des Gamings zu erleben.<\/p><p>Nintendo erwartet dich mit einem einzigartigen und unvergesslichen Erlebnis.<\/p>\t\t\t\t\t\t\t\t<\/div>\n\t\t\t\t<\/div>\n\t\t\t\t\t<\/div>\n\t\t\t\t<\/div>\n\t\t<div class=\"elementor-element elementor-element-4114463b e-flex e-con-boxed e-con e-parent\" data-id=\"4114463b\" data-element_type=\"container\">\n\t\t\t\t\t<div class=\"e-con-inner\">\n\t\t\t\t\t<\/div>\n\t\t\t\t<\/div>\n\t\t\t\t<\/div>","protected":false},"excerpt":{"rendered":"<p>Nintendo Vivi un\u2019esperienza immersiva nell\u2019Area Nintendo, uno spazio interamente dedicato al divertimento e all\u2019innovazione, pensato per appassionati di tutte le et\u00e0. Rispetto allo scorso anno, l\u2019area sar\u00e0 ancora pi\u00f9 ampia e ricca di contenuti: pi\u00f9 postazioni di gioco, nuove esperienze interattive e un livello di coinvolgimento ancora pi\u00f9 elevato. Potrai provare la nuova console Nintendo [&hellip;]<\/p>","protected":false},"author":1,"featured_media":0,"parent":0,"menu_order":0,"comment_status":"closed","ping_status":"closed","template":"","meta":{"footnotes":""},"class_list":["post-1608","page","type-page","status-publish","hentry"],"yoast_head":"<!-- This site is optimized with the Yoast SEO plugin v25.4 - https:\/\/yoast.com\/wordpress\/plugins\/seo\/ -->\n<title>Nintendo - Japan Matsuri - Festival Giapponese Bellinzona<\/title>\n<meta name=\"robots\" content=\"index, follow, max-snippet:-1, max-image-preview:large, max-video-preview:-1\" \/>\n<link rel=\"canonical\" href=\"https:\/\/japanmatsuri.org\/de\/nintendo\/\" \/>\n<meta property=\"og:locale\" content=\"de_DE\" \/>\n<meta property=\"og:type\" content=\"article\" \/>\n<meta property=\"og:title\" content=\"Nintendo - Japan Matsuri - Festival Giapponese Bellinzona\" \/>\n<meta property=\"og:description\" content=\"Nintendo Vivi un\u2019esperienza immersiva nell\u2019Area Nintendo, uno spazio interamente dedicato al divertimento e all\u2019innovazione, pensato per appassionati di tutte le et\u00e0. Rispetto allo scorso anno, l\u2019area sar\u00e0 ancora pi\u00f9 ampia e ricca di contenuti: pi\u00f9 postazioni di gioco, nuove esperienze interattive e un livello di coinvolgimento ancora pi\u00f9 elevato. Potrai provare la nuova console Nintendo [&hellip;]\" \/>\n<meta property=\"og:url\" content=\"https:\/\/japanmatsuri.org\/de\/nintendo\/\" \/>\n<meta property=\"og:site_name\" content=\"Japan Matsuri - Festival Giapponese Bellinzona\" \/>\n<meta property=\"article:modified_time\" content=\"2025-08-23T12:05:22+00:00\" \/>\n<meta property=\"og:image\" content=\"https:\/\/japanmatsuri.org\/wp-content\/uploads\/2025\/08\/mariokart.jpg\" \/>\n\t<meta property=\"og:image:width\" content=\"1470\" \/>\n\t<meta property=\"og:image:height\" content=\"871\" \/>\n\t<meta property=\"og:image:type\" content=\"image\/jpeg\" \/>\n<meta name=\"twitter:card\" content=\"summary_large_image\" \/>\n<meta name=\"twitter:label1\" content=\"Gesch\u00e4tzte Lesezeit\" \/>\n\t<meta name=\"twitter:data1\" content=\"2\u00a0Minuten\" \/>\n<script type=\"application\/ld+json\" class=\"yoast-schema-graph\">{\"@context\":\"https:\/\/schema.org\",\"@graph\":[{\"@type\":\"WebPage\",\"@id\":\"https:\/\/japanmatsuri.org\/it\/nintendo\/\",\"url\":\"https:\/\/japanmatsuri.org\/it\/nintendo\/\",\"name\":\"Nintendo - Japan Matsuri - Festival Giapponese Bellinzona\",\"isPartOf\":{\"@id\":\"https:\/\/japanmatsuri.org\/#website\"},\"primaryImageOfPage\":{\"@id\":\"https:\/\/japanmatsuri.org\/it\/nintendo\/#primaryimage\"},\"image\":{\"@id\":\"https:\/\/japanmatsuri.org\/it\/nintendo\/#primaryimage\"},\"thumbnailUrl\":\"https:\/\/japanmatsuri.org\/wp-content\/uploads\/2025\/08\/mariokart.jpg\",\"datePublished\":\"2025-08-23T12:01:47+00:00\",\"dateModified\":\"2025-08-23T12:05:22+00:00\",\"breadcrumb\":{\"@id\":\"https:\/\/japanmatsuri.org\/it\/nintendo\/#breadcrumb\"},\"inLanguage\":\"de-CH\",\"potentialAction\":[{\"@type\":\"ReadAction\",\"target\":[\"https:\/\/japanmatsuri.org\/it\/nintendo\/\"]}]},{\"@type\":\"ImageObject\",\"inLanguage\":\"de-CH\",\"@id\":\"https:\/\/japanmatsuri.org\/it\/nintendo\/#primaryimage\",\"url\":\"https:\/\/japanmatsuri.org\/wp-content\/uploads\/2025\/08\/mariokart.jpg\",\"contentUrl\":\"https:\/\/japanmatsuri.org\/wp-content\/uploads\/2025\/08\/mariokart.jpg\"},{\"@type\":\"BreadcrumbList\",\"@id\":\"https:\/\/japanmatsuri.org\/it\/nintendo\/#breadcrumb\",\"itemListElement\":[{\"@type\":\"ListItem\",\"position\":1,\"name\":\"Home\",\"item\":\"https:\/\/japanmatsuri.org\/it\/\"},{\"@type\":\"ListItem\",\"position\":2,\"name\":\"Nintendo\"}]},{\"@type\":\"WebSite\",\"@id\":\"https:\/\/japanmatsuri.org\/#website\",\"url\":\"https:\/\/japanmatsuri.org\/\",\"name\":\"Japan Matsuri - Festival Giapponese Bellinzona\",\"description\":\"Festival Giapponese Bellinzona\",\"potentialAction\":[{\"@type\":\"SearchAction\",\"target\":{\"@type\":\"EntryPoint\",\"urlTemplate\":\"https:\/\/japanmatsuri.org\/?s={search_term_string}\"},\"query-input\":{\"@type\":\"PropertyValueSpecification\",\"valueRequired\":true,\"valueName\":\"search_term_string\"}}],\"inLanguage\":\"de-CH\"}]}<\/script>\n<!-- \/ Yoast SEO plugin. -->","yoast_head_json":{"title":"Nintendo - Japan Matsuri - Festival Giapponese Bellinzona","robots":{"index":"index","follow":"follow","max-snippet":"max-snippet:-1","max-image-preview":"max-image-preview:large","max-video-preview":"max-video-preview:-1"},"canonical":"https:\/\/japanmatsuri.org\/de\/nintendo\/","og_locale":"de_DE","og_type":"article","og_title":"Nintendo - Japan Matsuri - Festival Giapponese Bellinzona","og_description":"Nintendo Vivi un\u2019esperienza immersiva nell\u2019Area Nintendo, uno spazio interamente dedicato al divertimento e all\u2019innovazione, pensato per appassionati di tutte le et\u00e0. Rispetto allo scorso anno, l\u2019area sar\u00e0 ancora pi\u00f9 ampia e ricca di contenuti: pi\u00f9 postazioni di gioco, nuove esperienze interattive e un livello di coinvolgimento ancora pi\u00f9 elevato. Potrai provare la nuova console Nintendo [&hellip;]","og_url":"https:\/\/japanmatsuri.org\/de\/nintendo\/","og_site_name":"Japan Matsuri - Festival Giapponese Bellinzona","article_modified_time":"2025-08-23T12:05:22+00:00","og_image":[{"width":1470,"height":871,"url":"https:\/\/japanmatsuri.org\/wp-content\/uploads\/2025\/08\/mariokart.jpg","type":"image\/jpeg"}],"twitter_card":"summary_large_image","twitter_misc":{"Gesch\u00e4tzte Lesezeit":"2\u00a0Minuten"},"schema":{"@context":"https:\/\/schema.org","@graph":[{"@type":"WebPage","@id":"https:\/\/japanmatsuri.org\/it\/nintendo\/","url":"https:\/\/japanmatsuri.org\/it\/nintendo\/","name":"Nintendo - Japan Matsuri - Festival Giapponese Bellinzona","isPartOf":{"@id":"https:\/\/japanmatsuri.org\/#website"},"primaryImageOfPage":{"@id":"https:\/\/japanmatsuri.org\/it\/nintendo\/#primaryimage"},"image":{"@id":"https:\/\/japanmatsuri.org\/it\/nintendo\/#primaryimage"},"thumbnailUrl":"https:\/\/japanmatsuri.org\/wp-content\/uploads\/2025\/08\/mariokart.jpg","datePublished":"2025-08-23T12:01:47+00:00","dateModified":"2025-08-23T12:05:22+00:00","breadcrumb":{"@id":"https:\/\/japanmatsuri.org\/it\/nintendo\/#breadcrumb"},"inLanguage":"de-CH","potentialAction":[{"@type":"ReadAction","target":["https:\/\/japanmatsuri.org\/it\/nintendo\/"]}]},{"@type":"ImageObject","inLanguage":"de-CH","@id":"https:\/\/japanmatsuri.org\/it\/nintendo\/#primaryimage","url":"https:\/\/japanmatsuri.org\/wp-content\/uploads\/2025\/08\/mariokart.jpg","contentUrl":"https:\/\/japanmatsuri.org\/wp-content\/uploads\/2025\/08\/mariokart.jpg"},{"@type":"BreadcrumbList","@id":"https:\/\/japanmatsuri.org\/it\/nintendo\/#breadcrumb","itemListElement":[{"@type":"ListItem","position":1,"name":"Home","item":"https:\/\/japanmatsuri.org\/it\/"},{"@type":"ListItem","position":2,"name":"Nintendo"}]},{"@type":"WebSite","@id":"https:\/\/japanmatsuri.org\/#website","url":"https:\/\/japanmatsuri.org\/","name":"Japan Matsuri - Festival Giapponese Bellinzona","description":"Festival Giapponese Bellinzona","potentialAction":[{"@type":"SearchAction","target":{"@type":"EntryPoint","urlTemplate":"https:\/\/japanmatsuri.org\/?s={search_term_string}"},"query-input":{"@type":"PropertyValueSpecification","valueRequired":true,"valueName":"search_term_string"}}],"inLanguage":"de-CH"}]}},"_links":{"self":[{"href":"https:\/\/japanmatsuri.org\/de\/wp-json\/wp\/v2\/pages\/1608","targetHints":{"allow":["GET"]}}],"collection":[{"href":"https:\/\/japanmatsuri.org\/de\/wp-json\/wp\/v2\/pages"}],"about":[{"href":"https:\/\/japanmatsuri.org\/de\/wp-json\/wp\/v2\/types\/page"}],"author":[{"embeddable":true,"href":"https:\/\/japanmatsuri.org\/de\/wp-json\/wp\/v2\/users\/1"}],"replies":[{"embeddable":true,"href":"https:\/\/japanmatsuri.org\/de\/wp-json\/wp\/v2\/comments?post=1608"}],"version-history":[{"count":13,"href":"https:\/\/japanmatsuri.org\/de\/wp-json\/wp\/v2\/pages\/1608\/revisions"}],"predecessor-version":[{"id":1771,"href":"https:\/\/japanmatsuri.org\/de\/wp-json\/wp\/v2\/pages\/1608\/revisions\/1771"}],"wp:attachment":[{"href":"https:\/\/japanmatsuri.org\/de\/wp-json\/wp\/v2\/media?parent=1608"}],"curies":[{"name":"wp","href":"https:\/\/api.w.org\/{rel}","templated":true}]}}