{"id":1645,"date":"2025-08-10T17:26:17","date_gmt":"2025-08-10T16:26:17","guid":{"rendered":"https:\/\/japanmatsuri.org\/it\/?page_id=1645"},"modified":"2025-09-09T09:51:19","modified_gmt":"2025-09-09T08:51:19","slug":"taiko","status":"publish","type":"page","link":"https:\/\/japanmatsuri.org\/de\/taiko\/","title":{"rendered":"taiko"},"content":{"rendered":"<div data-elementor-type=\"wp-page\" data-elementor-id=\"1645\" class=\"elementor elementor-1645\" data-elementor-post-type=\"page\">\n\t\t\t\t<div class=\"elementor-element elementor-element-53a6f6b8 e-flex e-con-boxed e-con e-parent\" data-id=\"53a6f6b8\" data-element_type=\"container\">\n\t\t\t\t\t<div class=\"e-con-inner\">\n\t\t\t\t<div class=\"elementor-element elementor-element-1024032d elementor-widget elementor-widget-heading\" data-id=\"1024032d\" data-element_type=\"widget\" data-widget_type=\"heading.default\">\n\t\t\t\t<div class=\"elementor-widget-container\">\n\t\t\t\t\t<h1 class=\"elementor-heading-title elementor-size-default\">Trommeln der aufgehenden Sonne<\/h1>\t\t\t\t<\/div>\n\t\t\t\t<\/div>\n\t\t\t\t<div class=\"elementor-element elementor-element-02365a3 elementor-widget elementor-widget-heading\" data-id=\"02365a3\" data-element_type=\"widget\" data-widget_type=\"heading.default\">\n\t\t\t\t<div class=\"elementor-widget-container\">\n\t\t\t\t\t<h2 class=\"elementor-heading-title elementor-size-default\">Taiko-Konzert zwischen Tradition und modernem Rhythmus<\/h2>\t\t\t\t<\/div>\n\t\t\t\t<\/div>\n\t\t\t\t\t<\/div>\n\t\t\t\t<\/div>\n\t\t<div class=\"elementor-element elementor-element-27f3ad76 e-flex e-con-boxed e-con e-parent\" data-id=\"27f3ad76\" data-element_type=\"container\">\n\t\t\t\t\t<div class=\"e-con-inner\">\n\t\t\t\t<div class=\"elementor-element elementor-element-2219099 elementor-widget elementor-widget-image\" data-id=\"2219099\" data-element_type=\"widget\" data-widget_type=\"image.default\">\n\t\t\t\t<div class=\"elementor-widget-container\">\n\t\t\t\t\t\t\t\t\t\t\t\t\t\t\t<img fetchpriority=\"high\" decoding=\"async\" width=\"1750\" height=\"700\" src=\"https:\/\/japanmatsuri.org\/wp-content\/uploads\/2025\/08\/taiko.png\" class=\"attachment-full size-full wp-image-1647\" alt=\"\" srcset=\"https:\/\/japanmatsuri.org\/wp-content\/uploads\/2025\/08\/taiko.png 1750w, https:\/\/japanmatsuri.org\/wp-content\/uploads\/2025\/08\/taiko-300x120.png 300w, https:\/\/japanmatsuri.org\/wp-content\/uploads\/2025\/08\/taiko-1024x410.png 1024w, https:\/\/japanmatsuri.org\/wp-content\/uploads\/2025\/08\/taiko-768x307.png 768w\" sizes=\"(max-width: 1750px) 100vw, 1750px\" \/>\t\t\t\t\t\t\t\t\t\t\t\t\t\t\t<\/div>\n\t\t\t\t<\/div>\n\t\t\t\t\t<\/div>\n\t\t\t\t<\/div>\n\t\t<div class=\"elementor-element elementor-element-ce09f4a e-flex e-con-boxed e-con e-parent\" data-id=\"ce09f4a\" data-element_type=\"container\">\n\t\t\t\t\t<div class=\"e-con-inner\">\n\t\t\t\t<div class=\"elementor-element elementor-element-d71800b elementor-widget elementor-widget-text-editor\" data-id=\"d71800b\" data-element_type=\"widget\" data-widget_type=\"text-editor.default\">\n\t\t\t\t<div class=\"elementor-widget-container\">\n\t\t\t\t\t\t\t\t\t<p><b>Taiko Zurich l\u00e4dt Sie zu einem mitrei\u00dfenden und immersiven Klangerlebnis ein, bei dem die urt\u00fcmliche Kraft japanischer Trommeln auf die lebendige Energie traditioneller Feste und die kreative Freiheit der modernen Szene trifft.<\/b><\/p><p class=\"translation-block\">Ihr Repertoire reicht von den pulsierenden Kl\u00e4ngen der Matsuri \u2013 den popul\u00e4ren Festen Japans \u2013 bis hin zu modernen Kompositionen von K\u00fcnstlern wie Kenny Endo, Kaoly Asano und Taiko Bastards, die es verstanden haben, die Sprache des Taiko mit Einfl\u00fcssen aus Japan, den USA, Europa und der ganzen Welt neu zu interpretieren.<\/p><p class=\"translation-block\">Auf der B\u00fchne wechseln sich spektakul\u00e4re Choreografien und explosive Rhythmen mit intimeren, melodischen Momenten ab, die den zarten T\u00f6nen des Shinobue (der japanischen Bambusfl\u00f6te) anvertraut werden, und gehen \u00fcber in spielerische, heitere Passagen. Ihr kraftvoller und dynamischer Stil wird oft als die lebendige Essenz des festlichen Taiko beschrieben: gemeinschaftlich, zug\u00e4nglich und unwiderstehlich mitrei\u00dfend.<\/p><p>Mit dieser Vision hat sich Taiko Zurich als eine der originellsten und aktivsten Formationen der Schweizer Szene etabliert. Jeder Trommelschlag wird zu einer Einladung, den Rhythmus im eigenen K\u00f6rper zu sp\u00fcren, loszulassen und gemeinsam ein Fest zu erleben, das Tradition und Zukunft miteinander verbindet.<\/p><p><b>Konzert: Samstag, 20. September um 20:15 Uhr<\/b><\/p>\t\t\t\t\t\t\t\t<\/div>\n\t\t\t\t<\/div>\n\t\t\t\t\t<\/div>\n\t\t\t\t<\/div>\n\t\t<div class=\"elementor-element elementor-element-532984e e-flex e-con-boxed e-con e-parent\" data-id=\"532984e\" data-element_type=\"container\">\n\t\t\t\t\t<div class=\"e-con-inner\">\n\t\t\t\t\t<\/div>\n\t\t\t\t<\/div>\n\t\t\t\t<\/div>","protected":false},"excerpt":{"rendered":"<p>Tamburi del Sol Levante Concerto di Taiko tra tradizione e ritmo contemporaneo Taiko Zurich vi invita a un\u2019esperienza sonora immersiva e travolgente, dove la potenza ancestrale dei tamburi giapponesi incontra l\u2019energia vibrante delle feste tradizionali e la libert\u00e0 espressiva della scena contemporanea. Il loro repertorio spazia dalle sonorit\u00e0 pulsanti dei matsuri \u2013 le celebrazioni popolari [&hellip;]<\/p>","protected":false},"author":1,"featured_media":0,"parent":0,"menu_order":0,"comment_status":"closed","ping_status":"closed","template":"","meta":{"footnotes":""},"class_list":["post-1645","page","type-page","status-publish","hentry"],"yoast_head":"<!-- This site is optimized with the Yoast SEO plugin v25.4 - https:\/\/yoast.com\/wordpress\/plugins\/seo\/ -->\n<title>taiko - Japan Matsuri - Festival Giapponese Bellinzona<\/title>\n<meta name=\"robots\" content=\"index, follow, max-snippet:-1, max-image-preview:large, max-video-preview:-1\" \/>\n<link rel=\"canonical\" href=\"https:\/\/japanmatsuri.org\/de\/taiko\/\" \/>\n<meta property=\"og:locale\" content=\"de_DE\" \/>\n<meta property=\"og:type\" content=\"article\" \/>\n<meta property=\"og:title\" content=\"taiko - Japan Matsuri - Festival Giapponese Bellinzona\" \/>\n<meta property=\"og:description\" content=\"Tamburi del Sol Levante Concerto di Taiko tra tradizione e ritmo contemporaneo Taiko Zurich vi invita a un\u2019esperienza sonora immersiva e travolgente, dove la potenza ancestrale dei tamburi giapponesi incontra l\u2019energia vibrante delle feste tradizionali e la libert\u00e0 espressiva della scena contemporanea. Il loro repertorio spazia dalle sonorit\u00e0 pulsanti dei matsuri \u2013 le celebrazioni popolari [&hellip;]\" \/>\n<meta property=\"og:url\" content=\"https:\/\/japanmatsuri.org\/de\/taiko\/\" \/>\n<meta property=\"og:site_name\" content=\"Japan Matsuri - Festival Giapponese Bellinzona\" \/>\n<meta property=\"article:modified_time\" content=\"2025-09-09T08:51:19+00:00\" \/>\n<meta property=\"og:image\" content=\"https:\/\/japanmatsuri.org\/wp-content\/uploads\/2025\/08\/taiko.png\" \/>\n\t<meta property=\"og:image:width\" content=\"1750\" \/>\n\t<meta property=\"og:image:height\" content=\"700\" \/>\n\t<meta property=\"og:image:type\" content=\"image\/png\" \/>\n<meta name=\"twitter:card\" content=\"summary_large_image\" \/>\n<meta name=\"twitter:label1\" content=\"Gesch\u00e4tzte Lesezeit\" \/>\n\t<meta name=\"twitter:data1\" content=\"2\u00a0Minuten\" \/>\n<script type=\"application\/ld+json\" class=\"yoast-schema-graph\">{\"@context\":\"https:\/\/schema.org\",\"@graph\":[{\"@type\":\"WebPage\",\"@id\":\"https:\/\/japanmatsuri.org\/it\/taiko\/\",\"url\":\"https:\/\/japanmatsuri.org\/it\/taiko\/\",\"name\":\"taiko - Japan Matsuri - Festival Giapponese Bellinzona\",\"isPartOf\":{\"@id\":\"https:\/\/japanmatsuri.org\/#website\"},\"primaryImageOfPage\":{\"@id\":\"https:\/\/japanmatsuri.org\/it\/taiko\/#primaryimage\"},\"image\":{\"@id\":\"https:\/\/japanmatsuri.org\/it\/taiko\/#primaryimage\"},\"thumbnailUrl\":\"https:\/\/japanmatsuri.org\/wp-content\/uploads\/2025\/08\/taiko.png\",\"datePublished\":\"2025-08-10T16:26:17+00:00\",\"dateModified\":\"2025-09-09T08:51:19+00:00\",\"breadcrumb\":{\"@id\":\"https:\/\/japanmatsuri.org\/it\/taiko\/#breadcrumb\"},\"inLanguage\":\"de-CH\",\"potentialAction\":[{\"@type\":\"ReadAction\",\"target\":[\"https:\/\/japanmatsuri.org\/it\/taiko\/\"]}]},{\"@type\":\"ImageObject\",\"inLanguage\":\"de-CH\",\"@id\":\"https:\/\/japanmatsuri.org\/it\/taiko\/#primaryimage\",\"url\":\"https:\/\/japanmatsuri.org\/wp-content\/uploads\/2025\/08\/taiko.png\",\"contentUrl\":\"https:\/\/japanmatsuri.org\/wp-content\/uploads\/2025\/08\/taiko.png\"},{\"@type\":\"BreadcrumbList\",\"@id\":\"https:\/\/japanmatsuri.org\/it\/taiko\/#breadcrumb\",\"itemListElement\":[{\"@type\":\"ListItem\",\"position\":1,\"name\":\"Home\",\"item\":\"https:\/\/japanmatsuri.org\/it\/\"},{\"@type\":\"ListItem\",\"position\":2,\"name\":\"taiko\"}]},{\"@type\":\"WebSite\",\"@id\":\"https:\/\/japanmatsuri.org\/#website\",\"url\":\"https:\/\/japanmatsuri.org\/\",\"name\":\"Japan Matsuri - Festival Giapponese Bellinzona\",\"description\":\"Festival Giapponese Bellinzona\",\"potentialAction\":[{\"@type\":\"SearchAction\",\"target\":{\"@type\":\"EntryPoint\",\"urlTemplate\":\"https:\/\/japanmatsuri.org\/?s={search_term_string}\"},\"query-input\":{\"@type\":\"PropertyValueSpecification\",\"valueRequired\":true,\"valueName\":\"search_term_string\"}}],\"inLanguage\":\"de-CH\"}]}<\/script>\n<!-- \/ Yoast SEO plugin. -->","yoast_head_json":{"title":"taiko - Japan Matsuri - Festival Giapponese Bellinzona","robots":{"index":"index","follow":"follow","max-snippet":"max-snippet:-1","max-image-preview":"max-image-preview:large","max-video-preview":"max-video-preview:-1"},"canonical":"https:\/\/japanmatsuri.org\/de\/taiko\/","og_locale":"de_DE","og_type":"article","og_title":"taiko - Japan Matsuri - Festival Giapponese Bellinzona","og_description":"Tamburi del Sol Levante Concerto di Taiko tra tradizione e ritmo contemporaneo Taiko Zurich vi invita a un\u2019esperienza sonora immersiva e travolgente, dove la potenza ancestrale dei tamburi giapponesi incontra l\u2019energia vibrante delle feste tradizionali e la libert\u00e0 espressiva della scena contemporanea. Il loro repertorio spazia dalle sonorit\u00e0 pulsanti dei matsuri \u2013 le celebrazioni popolari [&hellip;]","og_url":"https:\/\/japanmatsuri.org\/de\/taiko\/","og_site_name":"Japan Matsuri - Festival Giapponese Bellinzona","article_modified_time":"2025-09-09T08:51:19+00:00","og_image":[{"width":1750,"height":700,"url":"https:\/\/japanmatsuri.org\/wp-content\/uploads\/2025\/08\/taiko.png","type":"image\/png"}],"twitter_card":"summary_large_image","twitter_misc":{"Gesch\u00e4tzte Lesezeit":"2\u00a0Minuten"},"schema":{"@context":"https:\/\/schema.org","@graph":[{"@type":"WebPage","@id":"https:\/\/japanmatsuri.org\/it\/taiko\/","url":"https:\/\/japanmatsuri.org\/it\/taiko\/","name":"taiko - Japan Matsuri - Festival Giapponese Bellinzona","isPartOf":{"@id":"https:\/\/japanmatsuri.org\/#website"},"primaryImageOfPage":{"@id":"https:\/\/japanmatsuri.org\/it\/taiko\/#primaryimage"},"image":{"@id":"https:\/\/japanmatsuri.org\/it\/taiko\/#primaryimage"},"thumbnailUrl":"https:\/\/japanmatsuri.org\/wp-content\/uploads\/2025\/08\/taiko.png","datePublished":"2025-08-10T16:26:17+00:00","dateModified":"2025-09-09T08:51:19+00:00","breadcrumb":{"@id":"https:\/\/japanmatsuri.org\/it\/taiko\/#breadcrumb"},"inLanguage":"de-CH","potentialAction":[{"@type":"ReadAction","target":["https:\/\/japanmatsuri.org\/it\/taiko\/"]}]},{"@type":"ImageObject","inLanguage":"de-CH","@id":"https:\/\/japanmatsuri.org\/it\/taiko\/#primaryimage","url":"https:\/\/japanmatsuri.org\/wp-content\/uploads\/2025\/08\/taiko.png","contentUrl":"https:\/\/japanmatsuri.org\/wp-content\/uploads\/2025\/08\/taiko.png"},{"@type":"BreadcrumbList","@id":"https:\/\/japanmatsuri.org\/it\/taiko\/#breadcrumb","itemListElement":[{"@type":"ListItem","position":1,"name":"Home","item":"https:\/\/japanmatsuri.org\/it\/"},{"@type":"ListItem","position":2,"name":"taiko"}]},{"@type":"WebSite","@id":"https:\/\/japanmatsuri.org\/#website","url":"https:\/\/japanmatsuri.org\/","name":"Japan Matsuri - Festival Giapponese Bellinzona","description":"Festival Giapponese Bellinzona","potentialAction":[{"@type":"SearchAction","target":{"@type":"EntryPoint","urlTemplate":"https:\/\/japanmatsuri.org\/?s={search_term_string}"},"query-input":{"@type":"PropertyValueSpecification","valueRequired":true,"valueName":"search_term_string"}}],"inLanguage":"de-CH"}]}},"_links":{"self":[{"href":"https:\/\/japanmatsuri.org\/de\/wp-json\/wp\/v2\/pages\/1645","targetHints":{"allow":["GET"]}}],"collection":[{"href":"https:\/\/japanmatsuri.org\/de\/wp-json\/wp\/v2\/pages"}],"about":[{"href":"https:\/\/japanmatsuri.org\/de\/wp-json\/wp\/v2\/types\/page"}],"author":[{"embeddable":true,"href":"https:\/\/japanmatsuri.org\/de\/wp-json\/wp\/v2\/users\/1"}],"replies":[{"embeddable":true,"href":"https:\/\/japanmatsuri.org\/de\/wp-json\/wp\/v2\/comments?post=1645"}],"version-history":[{"count":10,"href":"https:\/\/japanmatsuri.org\/de\/wp-json\/wp\/v2\/pages\/1645\/revisions"}],"predecessor-version":[{"id":2053,"href":"https:\/\/japanmatsuri.org\/de\/wp-json\/wp\/v2\/pages\/1645\/revisions\/2053"}],"wp:attachment":[{"href":"https:\/\/japanmatsuri.org\/de\/wp-json\/wp\/v2\/media?parent=1645"}],"curies":[{"name":"wp","href":"https:\/\/api.w.org\/{rel}","templated":true}]}}