{"id":1676,"date":"2025-08-11T16:56:57","date_gmt":"2025-08-11T15:56:57","guid":{"rendered":"https:\/\/japanmatsuri.org\/it\/?page_id=1676"},"modified":"2025-08-11T17:27:44","modified_gmt":"2025-08-11T16:27:44","slug":"ami-rale","status":"publish","type":"page","link":"https:\/\/japanmatsuri.org\/de\/ami-rale\/","title":{"rendered":"Ami-R\u00e2le"},"content":{"rendered":"<div data-elementor-type=\"wp-page\" data-elementor-id=\"1676\" class=\"elementor elementor-1676\" data-elementor-post-type=\"page\">\n\t\t\t\t<div class=\"elementor-element elementor-element-7bd1557e e-flex e-con-boxed e-con e-parent\" data-id=\"7bd1557e\" data-element_type=\"container\">\n\t\t\t\t\t<div class=\"e-con-inner\">\n\t\t\t\t<div class=\"elementor-element elementor-element-4808cf40 elementor-widget elementor-widget-heading\" data-id=\"4808cf40\" data-element_type=\"widget\" data-widget_type=\"heading.default\">\n\t\t\t\t<div class=\"elementor-widget-container\">\n\t\t\t\t\t<h1 class=\"elementor-heading-title elementor-size-default\">Ami-R\u00e2le<\/h1>\t\t\t\t<\/div>\n\t\t\t\t<\/div>\n\t\t\t\t\t<\/div>\n\t\t\t\t<\/div>\n\t\t<div class=\"elementor-element elementor-element-1dc4490 e-flex e-con-boxed e-con e-parent\" data-id=\"1dc4490\" data-element_type=\"container\">\n\t\t\t\t\t<div class=\"e-con-inner\">\n\t\t<div class=\"elementor-element elementor-element-7908a8a e-con-full e-flex e-con e-child\" data-id=\"7908a8a\" data-element_type=\"container\">\n\t\t\t\t<div class=\"elementor-element elementor-element-2a1d6c6 elementor-widget elementor-widget-image\" data-id=\"2a1d6c6\" data-element_type=\"widget\" data-widget_type=\"image.default\">\n\t\t\t\t<div class=\"elementor-widget-container\">\n\t\t\t\t\t\t\t\t\t\t\t\t\t\t\t<img fetchpriority=\"high\" decoding=\"async\" width=\"683\" height=\"1024\" src=\"https:\/\/japanmatsuri.org\/wp-content\/uploads\/2025\/08\/Popcon2024_eosAndy_R5__7075-683x1024.jpg\" class=\"attachment-large size-large wp-image-1678\" alt=\"\" srcset=\"https:\/\/japanmatsuri.org\/wp-content\/uploads\/2025\/08\/Popcon2024_eosAndy_R5__7075-683x1024.jpg 683w, https:\/\/japanmatsuri.org\/wp-content\/uploads\/2025\/08\/Popcon2024_eosAndy_R5__7075-200x300.jpg 200w, https:\/\/japanmatsuri.org\/wp-content\/uploads\/2025\/08\/Popcon2024_eosAndy_R5__7075-768x1151.jpg 768w, https:\/\/japanmatsuri.org\/wp-content\/uploads\/2025\/08\/Popcon2024_eosAndy_R5__7075-1025x1536.jpg 1025w, https:\/\/japanmatsuri.org\/wp-content\/uploads\/2025\/08\/Popcon2024_eosAndy_R5__7075-8x12.jpg 8w, https:\/\/japanmatsuri.org\/wp-content\/uploads\/2025\/08\/Popcon2024_eosAndy_R5__7075.jpg 1334w\" sizes=\"(max-width: 683px) 100vw, 683px\" \/>\t\t\t\t\t\t\t\t\t\t\t\t\t\t\t<\/div>\n\t\t\t\t<\/div>\n\t\t\t\t<\/div>\n\t\t<div class=\"elementor-element elementor-element-e000fbc e-con-full e-flex e-con e-child\" data-id=\"e000fbc\" data-element_type=\"container\">\n\t\t\t\t<div class=\"elementor-element elementor-element-063ef9d elementor-widget elementor-widget-text-editor\" data-id=\"063ef9d\" data-element_type=\"widget\" data-widget_type=\"text-editor.default\">\n\t\t\t\t<div class=\"elementor-widget-container\">\n\t\t\t\t\t\t\t\t\t<p>Ami-R\u00e2le si dedica con passione al cosplay dal 2015. Specializzato nell&#8217;utilizzo della mousse EVA e di altri materiali termoformabili, realizza costumi e accessori esplorando tecniche costruttive sempre pi\u00f9 innovative.<\/p><p>In j\u00fcngerer Zeit hat er sich zus\u00e4tzlich der B\u00fchnenbildgestaltung mit Karton gewidmet \u2013 ein innovativer Ansatz, der ihm erlaubt, neue kreative Wege zu beschreiten und seine Leidenschaft f\u00fcr Cosplay weiterzuentwickeln.<\/p><p>Partecipa regolarmente a concorsi durante eventi e convention, spesso insieme ai suoi figli, rendendo il cosplay una vera e propria passione di famiglia. Da oltre quattro anni \u00e8 invitato come giurato in importanti fiere del settore in Svizzera e in Francia, dove ha l&#8217;opportunit\u00e0 di scoprire nuovi talenti e tecniche.<\/p><p>F\u00fcr Ami-R\u00e2le ist Cosplay weit mehr als ein Hobby: Es ist eine echte Leidenschaft, ein Ausdruck kreativer Freiheit und ein Weg, sich mit einer inspirierenden und unterst\u00fctzenden Community zu verbinden.<\/p>\t\t\t\t\t\t\t\t<\/div>\n\t\t\t\t<\/div>\n\t\t\t\t<\/div>\n\t\t\t\t\t<\/div>\n\t\t\t\t<\/div>\n\t\t<div class=\"elementor-element elementor-element-295f974 e-flex e-con-boxed e-con e-parent\" data-id=\"295f974\" data-element_type=\"container\">\n\t\t\t\t\t<div class=\"e-con-inner\">\n\t\t\t\t<div class=\"elementor-element elementor-element-8260a4c e-grid-align-mobile-left elementor-shape-rounded elementor-grid-0 e-grid-align-center elementor-widget elementor-widget-social-icons\" data-id=\"8260a4c\" data-element_type=\"widget\" data-widget_type=\"social-icons.default\">\n\t\t\t\t<div class=\"elementor-widget-container\">\n\t\t\t\t\t\t\t<div class=\"elementor-social-icons-wrapper elementor-grid\">\n\t\t\t\t\t\t\t<span class=\"elementor-grid-item\">\n\t\t\t\t\t<a class=\"elementor-icon elementor-social-icon elementor-social-icon-instagram elementor-repeater-item-e7a9ae9\" href=\"https:\/\/www.instagram.com\/ami_rale_cosplayer\/\" target=\"_blank\">\n\t\t\t\t\t\t<span class=\"elementor-screen-only\">Instagram<\/span>\n\t\t\t\t\t\t<svg class=\"e-font-icon-svg e-fab-instagram\" viewbox=\"0 0 448 512\" xmlns=\"http:\/\/www.w3.org\/2000\/svg\"><path d=\"M224.1 141c-63.6 0-114.9 51.3-114.9 114.9s51.3 114.9 114.9 114.9S339 319.5 339 255.9 287.7 141 224.1 141zm0 189.6c-41.1 0-74.7-33.5-74.7-74.7s33.5-74.7 74.7-74.7 74.7 33.5 74.7 74.7-33.6 74.7-74.7 74.7zm146.4-194.3c0 14.9-12 26.8-26.8 26.8-14.9 0-26.8-12-26.8-26.8s12-26.8 26.8-26.8 26.8 12 26.8 26.8zm76.1 27.2c-1.7-35.9-9.9-67.7-36.2-93.9-26.2-26.2-58-34.4-93.9-36.2-37-2.1-147.9-2.1-184.9 0-35.8 1.7-67.6 9.9-93.9 36.1s-34.4 58-36.2 93.9c-2.1 37-2.1 147.9 0 184.9 1.7 35.9 9.9 67.7 36.2 93.9s58 34.4 93.9 36.2c37 2.1 147.9 2.1 184.9 0 35.9-1.7 67.7-9.9 93.9-36.2 26.2-26.2 34.4-58 36.2-93.9 2.1-37 2.1-147.8 0-184.8zM398.8 388c-7.8 19.6-22.9 34.7-42.6 42.6-29.5 11.7-99.5 9-132.1 9s-102.7 2.6-132.1-9c-19.6-7.8-34.7-22.9-42.6-42.6-11.7-29.5-9-99.5-9-132.1s-2.6-102.7 9-132.1c7.8-19.6 22.9-34.7 42.6-42.6 29.5-11.7 99.5-9 132.1-9s102.7-2.6 132.1 9c19.6 7.8 34.7 22.9 42.6 42.6 11.7 29.5 9 99.5 9 132.1s2.7 102.7-9 132.1z\"><\/path><\/svg>\t\t\t\t\t<\/a>\n\t\t\t\t<\/span>\n\t\t\t\t\t<\/div>\n\t\t\t\t\t\t<\/div>\n\t\t\t\t<\/div>\n\t\t\t\t\t<\/div>\n\t\t\t\t<\/div>\n\t\t\t\t<\/div>","protected":false},"excerpt":{"rendered":"<p>Ami-R\u00e2le Ami-R\u00e2le si dedica con passione al cosplay dal 2015. Specializzato nell&#8217;utilizzo della mousse EVA e di altri materiali termoformabili, realizza costumi e accessori esplorando tecniche costruttive sempre pi\u00f9 innovative. Negli ultimi anni ha ampliato la propria attivit\u00e0 creativa dedicandosi alla realizzazione di scenografie interamente in cartone, un approccio originale che gli permette di esplorare [&hellip;]<\/p>","protected":false},"author":1,"featured_media":0,"parent":0,"menu_order":0,"comment_status":"closed","ping_status":"closed","template":"","meta":{"footnotes":""},"class_list":["post-1676","page","type-page","status-publish","hentry"],"yoast_head":"<!-- This site is optimized with the Yoast SEO plugin v25.4 - https:\/\/yoast.com\/wordpress\/plugins\/seo\/ -->\n<title>Ami-R\u00e2le - Japan Matsuri - Festival Giapponese Bellinzona<\/title>\n<meta name=\"robots\" content=\"index, follow, max-snippet:-1, max-image-preview:large, max-video-preview:-1\" \/>\n<link rel=\"canonical\" href=\"https:\/\/japanmatsuri.org\/de\/ami-rale\/\" \/>\n<meta property=\"og:locale\" content=\"de_DE\" \/>\n<meta property=\"og:type\" content=\"article\" \/>\n<meta property=\"og:title\" content=\"Ami-R\u00e2le - Japan Matsuri - Festival Giapponese Bellinzona\" \/>\n<meta property=\"og:description\" content=\"Ami-R\u00e2le Ami-R\u00e2le si dedica con passione al cosplay dal 2015. Specializzato nell&#8217;utilizzo della mousse EVA e di altri materiali termoformabili, realizza costumi e accessori esplorando tecniche costruttive sempre pi\u00f9 innovative. Negli ultimi anni ha ampliato la propria attivit\u00e0 creativa dedicandosi alla realizzazione di scenografie interamente in cartone, un approccio originale che gli permette di esplorare [&hellip;]\" \/>\n<meta property=\"og:url\" content=\"https:\/\/japanmatsuri.org\/de\/ami-rale\/\" \/>\n<meta property=\"og:site_name\" content=\"Japan Matsuri - Festival Giapponese Bellinzona\" \/>\n<meta property=\"article:modified_time\" content=\"2025-08-11T16:27:44+00:00\" \/>\n<meta property=\"og:image\" content=\"https:\/\/japanmatsuri.org\/wp-content\/uploads\/2025\/08\/Popcon2024_eosAndy_R5__7075.jpg\" \/>\n\t<meta property=\"og:image:width\" content=\"1334\" \/>\n\t<meta property=\"og:image:height\" content=\"2000\" \/>\n\t<meta property=\"og:image:type\" content=\"image\/jpeg\" \/>\n<meta name=\"twitter:card\" content=\"summary_large_image\" \/>\n<meta name=\"twitter:label1\" content=\"Gesch\u00e4tzte Lesezeit\" \/>\n\t<meta name=\"twitter:data1\" content=\"1\u00a0Minute\" \/>\n<script type=\"application\/ld+json\" class=\"yoast-schema-graph\">{\"@context\":\"https:\/\/schema.org\",\"@graph\":[{\"@type\":\"WebPage\",\"@id\":\"https:\/\/japanmatsuri.org\/it\/ami-rale\/\",\"url\":\"https:\/\/japanmatsuri.org\/it\/ami-rale\/\",\"name\":\"Ami-R\u00e2le - Japan Matsuri - Festival Giapponese Bellinzona\",\"isPartOf\":{\"@id\":\"https:\/\/japanmatsuri.org\/#website\"},\"primaryImageOfPage\":{\"@id\":\"https:\/\/japanmatsuri.org\/it\/ami-rale\/#primaryimage\"},\"image\":{\"@id\":\"https:\/\/japanmatsuri.org\/it\/ami-rale\/#primaryimage\"},\"thumbnailUrl\":\"https:\/\/japanmatsuri.org\/wp-content\/uploads\/2025\/08\/Popcon2024_eosAndy_R5__7075-683x1024.jpg\",\"datePublished\":\"2025-08-11T15:56:57+00:00\",\"dateModified\":\"2025-08-11T16:27:44+00:00\",\"breadcrumb\":{\"@id\":\"https:\/\/japanmatsuri.org\/it\/ami-rale\/#breadcrumb\"},\"inLanguage\":\"de-CH\",\"potentialAction\":[{\"@type\":\"ReadAction\",\"target\":[\"https:\/\/japanmatsuri.org\/it\/ami-rale\/\"]}]},{\"@type\":\"ImageObject\",\"inLanguage\":\"de-CH\",\"@id\":\"https:\/\/japanmatsuri.org\/it\/ami-rale\/#primaryimage\",\"url\":\"https:\/\/japanmatsuri.org\/wp-content\/uploads\/2025\/08\/Popcon2024_eosAndy_R5__7075-683x1024.jpg\",\"contentUrl\":\"https:\/\/japanmatsuri.org\/wp-content\/uploads\/2025\/08\/Popcon2024_eosAndy_R5__7075-683x1024.jpg\"},{\"@type\":\"BreadcrumbList\",\"@id\":\"https:\/\/japanmatsuri.org\/it\/ami-rale\/#breadcrumb\",\"itemListElement\":[{\"@type\":\"ListItem\",\"position\":1,\"name\":\"Home\",\"item\":\"https:\/\/japanmatsuri.org\/it\/\"},{\"@type\":\"ListItem\",\"position\":2,\"name\":\"Ami-R\u00e2le\"}]},{\"@type\":\"WebSite\",\"@id\":\"https:\/\/japanmatsuri.org\/#website\",\"url\":\"https:\/\/japanmatsuri.org\/\",\"name\":\"Japan Matsuri - Festival Giapponese Bellinzona\",\"description\":\"Festival Giapponese Bellinzona\",\"potentialAction\":[{\"@type\":\"SearchAction\",\"target\":{\"@type\":\"EntryPoint\",\"urlTemplate\":\"https:\/\/japanmatsuri.org\/?s={search_term_string}\"},\"query-input\":{\"@type\":\"PropertyValueSpecification\",\"valueRequired\":true,\"valueName\":\"search_term_string\"}}],\"inLanguage\":\"de-CH\"}]}<\/script>\n<!-- \/ Yoast SEO plugin. -->","yoast_head_json":{"title":"Ami-R\u00e2le - Japan Matsuri - Festival Giapponese Bellinzona","robots":{"index":"index","follow":"follow","max-snippet":"max-snippet:-1","max-image-preview":"max-image-preview:large","max-video-preview":"max-video-preview:-1"},"canonical":"https:\/\/japanmatsuri.org\/de\/ami-rale\/","og_locale":"de_DE","og_type":"article","og_title":"Ami-R\u00e2le - Japan Matsuri - Festival Giapponese Bellinzona","og_description":"Ami-R\u00e2le Ami-R\u00e2le si dedica con passione al cosplay dal 2015. Specializzato nell&#8217;utilizzo della mousse EVA e di altri materiali termoformabili, realizza costumi e accessori esplorando tecniche costruttive sempre pi\u00f9 innovative. Negli ultimi anni ha ampliato la propria attivit\u00e0 creativa dedicandosi alla realizzazione di scenografie interamente in cartone, un approccio originale che gli permette di esplorare [&hellip;]","og_url":"https:\/\/japanmatsuri.org\/de\/ami-rale\/","og_site_name":"Japan Matsuri - Festival Giapponese Bellinzona","article_modified_time":"2025-08-11T16:27:44+00:00","og_image":[{"width":1334,"height":2000,"url":"https:\/\/japanmatsuri.org\/wp-content\/uploads\/2025\/08\/Popcon2024_eosAndy_R5__7075.jpg","type":"image\/jpeg"}],"twitter_card":"summary_large_image","twitter_misc":{"Gesch\u00e4tzte Lesezeit":"1\u00a0Minute"},"schema":{"@context":"https:\/\/schema.org","@graph":[{"@type":"WebPage","@id":"https:\/\/japanmatsuri.org\/it\/ami-rale\/","url":"https:\/\/japanmatsuri.org\/it\/ami-rale\/","name":"Ami-R\u00e2le - Japan Matsuri - Festival Giapponese Bellinzona","isPartOf":{"@id":"https:\/\/japanmatsuri.org\/#website"},"primaryImageOfPage":{"@id":"https:\/\/japanmatsuri.org\/it\/ami-rale\/#primaryimage"},"image":{"@id":"https:\/\/japanmatsuri.org\/it\/ami-rale\/#primaryimage"},"thumbnailUrl":"https:\/\/japanmatsuri.org\/wp-content\/uploads\/2025\/08\/Popcon2024_eosAndy_R5__7075-683x1024.jpg","datePublished":"2025-08-11T15:56:57+00:00","dateModified":"2025-08-11T16:27:44+00:00","breadcrumb":{"@id":"https:\/\/japanmatsuri.org\/it\/ami-rale\/#breadcrumb"},"inLanguage":"de-CH","potentialAction":[{"@type":"ReadAction","target":["https:\/\/japanmatsuri.org\/it\/ami-rale\/"]}]},{"@type":"ImageObject","inLanguage":"de-CH","@id":"https:\/\/japanmatsuri.org\/it\/ami-rale\/#primaryimage","url":"https:\/\/japanmatsuri.org\/wp-content\/uploads\/2025\/08\/Popcon2024_eosAndy_R5__7075-683x1024.jpg","contentUrl":"https:\/\/japanmatsuri.org\/wp-content\/uploads\/2025\/08\/Popcon2024_eosAndy_R5__7075-683x1024.jpg"},{"@type":"BreadcrumbList","@id":"https:\/\/japanmatsuri.org\/it\/ami-rale\/#breadcrumb","itemListElement":[{"@type":"ListItem","position":1,"name":"Home","item":"https:\/\/japanmatsuri.org\/it\/"},{"@type":"ListItem","position":2,"name":"Ami-R\u00e2le"}]},{"@type":"WebSite","@id":"https:\/\/japanmatsuri.org\/#website","url":"https:\/\/japanmatsuri.org\/","name":"Japan Matsuri - Festival Giapponese Bellinzona","description":"Festival Giapponese Bellinzona","potentialAction":[{"@type":"SearchAction","target":{"@type":"EntryPoint","urlTemplate":"https:\/\/japanmatsuri.org\/?s={search_term_string}"},"query-input":{"@type":"PropertyValueSpecification","valueRequired":true,"valueName":"search_term_string"}}],"inLanguage":"de-CH"}]}},"_links":{"self":[{"href":"https:\/\/japanmatsuri.org\/de\/wp-json\/wp\/v2\/pages\/1676","targetHints":{"allow":["GET"]}}],"collection":[{"href":"https:\/\/japanmatsuri.org\/de\/wp-json\/wp\/v2\/pages"}],"about":[{"href":"https:\/\/japanmatsuri.org\/de\/wp-json\/wp\/v2\/types\/page"}],"author":[{"embeddable":true,"href":"https:\/\/japanmatsuri.org\/de\/wp-json\/wp\/v2\/users\/1"}],"replies":[{"embeddable":true,"href":"https:\/\/japanmatsuri.org\/de\/wp-json\/wp\/v2\/comments?post=1676"}],"version-history":[{"count":7,"href":"https:\/\/japanmatsuri.org\/de\/wp-json\/wp\/v2\/pages\/1676\/revisions"}],"predecessor-version":[{"id":1703,"href":"https:\/\/japanmatsuri.org\/de\/wp-json\/wp\/v2\/pages\/1676\/revisions\/1703"}],"wp:attachment":[{"href":"https:\/\/japanmatsuri.org\/de\/wp-json\/wp\/v2\/media?parent=1676"}],"curies":[{"name":"wp","href":"https:\/\/api.w.org\/{rel}","templated":true}]}}