{"id":1692,"date":"2025-08-11T17:22:47","date_gmt":"2025-08-11T16:22:47","guid":{"rendered":"https:\/\/japanmatsuri.org\/it\/?page_id=1692"},"modified":"2025-08-11T17:24:18","modified_gmt":"2025-08-11T16:24:18","slug":"foxfire","status":"publish","type":"page","link":"https:\/\/japanmatsuri.org\/de\/foxfire\/","title":{"rendered":"Foxfire"},"content":{"rendered":"<div data-elementor-type=\"wp-page\" data-elementor-id=\"1692\" class=\"elementor elementor-1692\" data-elementor-post-type=\"page\">\n\t\t\t\t<div class=\"elementor-element elementor-element-2c9747db e-flex e-con-boxed e-con e-parent\" data-id=\"2c9747db\" data-element_type=\"container\">\n\t\t\t\t\t<div class=\"e-con-inner\">\n\t\t\t\t<div class=\"elementor-element elementor-element-32628e81 elementor-widget elementor-widget-heading\" data-id=\"32628e81\" data-element_type=\"widget\" data-widget_type=\"heading.default\">\n\t\t\t\t<div class=\"elementor-widget-container\">\n\t\t\t\t\t<h1 class=\"elementor-heading-title elementor-size-default\">Foxfire<\/h1>\t\t\t\t<\/div>\n\t\t\t\t<\/div>\n\t\t\t\t\t<\/div>\n\t\t\t\t<\/div>\n\t\t<div class=\"elementor-element elementor-element-96532eb e-flex e-con-boxed e-con e-parent\" data-id=\"96532eb\" data-element_type=\"container\">\n\t\t\t\t\t<div class=\"e-con-inner\">\n\t\t<div class=\"elementor-element elementor-element-48b1ca5 e-con-full e-flex e-con e-child\" data-id=\"48b1ca5\" data-element_type=\"container\">\n\t\t\t\t<div class=\"elementor-element elementor-element-cf3cc3f elementor-widget elementor-widget-image\" data-id=\"cf3cc3f\" data-element_type=\"widget\" data-widget_type=\"image.default\">\n\t\t\t\t<div class=\"elementor-widget-container\">\n\t\t\t\t\t\t\t\t\t\t\t\t\t\t\t<img fetchpriority=\"high\" decoding=\"async\" width=\"667\" height=\"1000\" src=\"https:\/\/japanmatsuri.org\/wp-content\/uploads\/2025\/08\/foxfire.png\" class=\"attachment-large size-large wp-image-1694\" alt=\"\" srcset=\"https:\/\/japanmatsuri.org\/wp-content\/uploads\/2025\/08\/foxfire.png 667w, https:\/\/japanmatsuri.org\/wp-content\/uploads\/2025\/08\/foxfire-200x300.png 200w, https:\/\/japanmatsuri.org\/wp-content\/uploads\/2025\/08\/foxfire-8x12.png 8w\" sizes=\"(max-width: 667px) 100vw, 667px\" \/>\t\t\t\t\t\t\t\t\t\t\t\t\t\t\t<\/div>\n\t\t\t\t<\/div>\n\t\t\t\t<\/div>\n\t\t<div class=\"elementor-element elementor-element-5130a35 e-con-full e-flex e-con e-child\" data-id=\"5130a35\" data-element_type=\"container\">\n\t\t\t\t<div class=\"elementor-element elementor-element-156d280 elementor-widget elementor-widget-text-editor\" data-id=\"156d280\" data-element_type=\"widget\" data-widget_type=\"text-editor.default\">\n\t\t\t\t<div class=\"elementor-widget-container\">\n\t\t\t\t\t\t\t\t\t<p>Foxfire ist eine Schweizer Cosplayerin, die 2018 ihre ersten Schritte in der Szene macht \u2014 neugierig, kreativ und schnell vollkommen begeistert. Ab 2022 nimmt sie an Wettbewerben teil, doch erst 2023 beginnt sie, ihre eigenen Kost\u00fcme zu n\u00e4hen. Besonders die Schneiderei fasziniert sie \u2013 beruflich wie privat.<\/p><p class=\"translation-block\">Ihr gro\u00dfer Durchbruch folgt 2024: Mit der d\u00e4monischen Version von Homura Akemi aus Madoka Magica wird sie zur Repr\u00e4sentantin des Japan Matsuri bei der Swiss Cosplay League gew\u00e4hlt. 2025 erf\u00fcllt sie sich einen langgehegten Traum: Am Polymanga steht sie als K\u00f6nigin Nia aus Xenoblade Chronicles 3 auf der B\u00fchne.<\/p><p>Foxfires Handschrift ist unverkennbar: detailverliebt, charaktertreu und stets mit k\u00fcnstlerischem Feingef\u00fchl. Sie fertigt ihre Kost\u00fcme und Accessoires \u2013 auch aus Kunstharz \u2013 f\u00fcr sich selbst und auf Anfrage. F\u00fcr sie ist Cosplay nicht nur ein kreativer Ausdruck, sondern ein Teil ihrer Pers\u00f6nlichkeit.<\/p>\t\t\t\t\t\t\t\t<\/div>\n\t\t\t\t<\/div>\n\t\t\t\t<\/div>\n\t\t\t\t\t<\/div>\n\t\t\t\t<\/div>\n\t\t<div class=\"elementor-element elementor-element-65817bc6 e-flex e-con-boxed e-con e-parent\" data-id=\"65817bc6\" data-element_type=\"container\">\n\t\t\t\t\t<div class=\"e-con-inner\">\n\t\t\t\t<div class=\"elementor-element elementor-element-3f77fba e-grid-align-mobile-left elementor-shape-rounded elementor-grid-0 e-grid-align-center elementor-widget elementor-widget-social-icons\" data-id=\"3f77fba\" data-element_type=\"widget\" data-widget_type=\"social-icons.default\">\n\t\t\t\t<div class=\"elementor-widget-container\">\n\t\t\t\t\t\t\t<div class=\"elementor-social-icons-wrapper elementor-grid\">\n\t\t\t\t\t\t\t<span class=\"elementor-grid-item\">\n\t\t\t\t\t<a class=\"elementor-icon elementor-social-icon elementor-social-icon-instagram elementor-repeater-item-e7a9ae9\" href=\"https:\/\/www.instagram.com\/foxfire113\/\" target=\"_blank\">\n\t\t\t\t\t\t<span class=\"elementor-screen-only\">Instagram<\/span>\n\t\t\t\t\t\t<svg class=\"e-font-icon-svg e-fab-instagram\" viewbox=\"0 0 448 512\" xmlns=\"http:\/\/www.w3.org\/2000\/svg\"><path d=\"M224.1 141c-63.6 0-114.9 51.3-114.9 114.9s51.3 114.9 114.9 114.9S339 319.5 339 255.9 287.7 141 224.1 141zm0 189.6c-41.1 0-74.7-33.5-74.7-74.7s33.5-74.7 74.7-74.7 74.7 33.5 74.7 74.7-33.6 74.7-74.7 74.7zm146.4-194.3c0 14.9-12 26.8-26.8 26.8-14.9 0-26.8-12-26.8-26.8s12-26.8 26.8-26.8 26.8 12 26.8 26.8zm76.1 27.2c-1.7-35.9-9.9-67.7-36.2-93.9-26.2-26.2-58-34.4-93.9-36.2-37-2.1-147.9-2.1-184.9 0-35.8 1.7-67.6 9.9-93.9 36.1s-34.4 58-36.2 93.9c-2.1 37-2.1 147.9 0 184.9 1.7 35.9 9.9 67.7 36.2 93.9s58 34.4 93.9 36.2c37 2.1 147.9 2.1 184.9 0 35.9-1.7 67.7-9.9 93.9-36.2 26.2-26.2 34.4-58 36.2-93.9 2.1-37 2.1-147.8 0-184.8zM398.8 388c-7.8 19.6-22.9 34.7-42.6 42.6-29.5 11.7-99.5 9-132.1 9s-102.7 2.6-132.1-9c-19.6-7.8-34.7-22.9-42.6-42.6-11.7-29.5-9-99.5-9-132.1s-2.6-102.7 9-132.1c7.8-19.6 22.9-34.7 42.6-42.6 29.5-11.7 99.5-9 132.1-9s102.7-2.6 132.1 9c19.6 7.8 34.7 22.9 42.6 42.6 11.7 29.5 9 99.5 9 132.1s2.7 102.7-9 132.1z\"><\/path><\/svg>\t\t\t\t\t<\/a>\n\t\t\t\t<\/span>\n\t\t\t\t\t<\/div>\n\t\t\t\t\t\t<\/div>\n\t\t\t\t<\/div>\n\t\t\t\t\t<\/div>\n\t\t\t\t<\/div>\n\t\t<div class=\"elementor-element elementor-element-168e451f e-flex e-con-boxed e-con e-parent\" data-id=\"168e451f\" data-element_type=\"container\">\n\t\t\t\t\t<div class=\"e-con-inner\">\n\t\t\t\t\t<\/div>\n\t\t\t\t<\/div>\n\t\t\t\t<\/div>","protected":false},"excerpt":{"rendered":"<p>Foxfire Dietro il nome Foxfire si cela una cosplayer svizzera che ha scoperto il mondo del cosplay nel 2018, trasformando una semplice curiosit\u00e0 in una passione travolgente. Dopo aver debuttato nelle gare nel 2022, ha iniziato a creare i propri costumi dal 2023, lasciandosi conquistare dalla sartoria \u2014 una passione che \u00e8 anche parte della [&hellip;]<\/p>","protected":false},"author":1,"featured_media":0,"parent":0,"menu_order":0,"comment_status":"closed","ping_status":"closed","template":"","meta":{"footnotes":""},"class_list":["post-1692","page","type-page","status-publish","hentry"],"yoast_head":"<!-- This site is optimized with the Yoast SEO plugin v25.4 - https:\/\/yoast.com\/wordpress\/plugins\/seo\/ -->\n<title>Foxfire - Japan Matsuri - Festival Giapponese Bellinzona<\/title>\n<meta name=\"robots\" content=\"index, follow, max-snippet:-1, max-image-preview:large, max-video-preview:-1\" \/>\n<link rel=\"canonical\" href=\"https:\/\/japanmatsuri.org\/de\/foxfire\/\" \/>\n<meta property=\"og:locale\" content=\"de_DE\" \/>\n<meta property=\"og:type\" content=\"article\" \/>\n<meta property=\"og:title\" content=\"Foxfire - Japan Matsuri - Festival Giapponese Bellinzona\" \/>\n<meta property=\"og:description\" content=\"Foxfire Dietro il nome Foxfire si cela una cosplayer svizzera che ha scoperto il mondo del cosplay nel 2018, trasformando una semplice curiosit\u00e0 in una passione travolgente. Dopo aver debuttato nelle gare nel 2022, ha iniziato a creare i propri costumi dal 2023, lasciandosi conquistare dalla sartoria \u2014 una passione che \u00e8 anche parte della [&hellip;]\" \/>\n<meta property=\"og:url\" content=\"https:\/\/japanmatsuri.org\/de\/foxfire\/\" \/>\n<meta property=\"og:site_name\" content=\"Japan Matsuri - Festival Giapponese Bellinzona\" \/>\n<meta property=\"article:modified_time\" content=\"2025-08-11T16:24:18+00:00\" \/>\n<meta property=\"og:image\" content=\"https:\/\/japanmatsuri.org\/wp-content\/uploads\/2025\/08\/foxfire.png\" \/>\n\t<meta property=\"og:image:width\" content=\"667\" \/>\n\t<meta property=\"og:image:height\" content=\"1000\" \/>\n\t<meta property=\"og:image:type\" content=\"image\/png\" \/>\n<meta name=\"twitter:card\" content=\"summary_large_image\" \/>\n<meta name=\"twitter:label1\" content=\"Gesch\u00e4tzte Lesezeit\" \/>\n\t<meta name=\"twitter:data1\" content=\"1\u00a0Minute\" \/>\n<script type=\"application\/ld+json\" class=\"yoast-schema-graph\">{\"@context\":\"https:\/\/schema.org\",\"@graph\":[{\"@type\":\"WebPage\",\"@id\":\"https:\/\/japanmatsuri.org\/it\/foxfire\/\",\"url\":\"https:\/\/japanmatsuri.org\/it\/foxfire\/\",\"name\":\"Foxfire - Japan Matsuri - Festival Giapponese Bellinzona\",\"isPartOf\":{\"@id\":\"https:\/\/japanmatsuri.org\/#website\"},\"primaryImageOfPage\":{\"@id\":\"https:\/\/japanmatsuri.org\/it\/foxfire\/#primaryimage\"},\"image\":{\"@id\":\"https:\/\/japanmatsuri.org\/it\/foxfire\/#primaryimage\"},\"thumbnailUrl\":\"https:\/\/japanmatsuri.org\/wp-content\/uploads\/2025\/08\/foxfire.png\",\"datePublished\":\"2025-08-11T16:22:47+00:00\",\"dateModified\":\"2025-08-11T16:24:18+00:00\",\"breadcrumb\":{\"@id\":\"https:\/\/japanmatsuri.org\/it\/foxfire\/#breadcrumb\"},\"inLanguage\":\"de-CH\",\"potentialAction\":[{\"@type\":\"ReadAction\",\"target\":[\"https:\/\/japanmatsuri.org\/it\/foxfire\/\"]}]},{\"@type\":\"ImageObject\",\"inLanguage\":\"de-CH\",\"@id\":\"https:\/\/japanmatsuri.org\/it\/foxfire\/#primaryimage\",\"url\":\"https:\/\/japanmatsuri.org\/wp-content\/uploads\/2025\/08\/foxfire.png\",\"contentUrl\":\"https:\/\/japanmatsuri.org\/wp-content\/uploads\/2025\/08\/foxfire.png\"},{\"@type\":\"BreadcrumbList\",\"@id\":\"https:\/\/japanmatsuri.org\/it\/foxfire\/#breadcrumb\",\"itemListElement\":[{\"@type\":\"ListItem\",\"position\":1,\"name\":\"Home\",\"item\":\"https:\/\/japanmatsuri.org\/it\/\"},{\"@type\":\"ListItem\",\"position\":2,\"name\":\"Foxfire\"}]},{\"@type\":\"WebSite\",\"@id\":\"https:\/\/japanmatsuri.org\/#website\",\"url\":\"https:\/\/japanmatsuri.org\/\",\"name\":\"Japan Matsuri - Festival Giapponese Bellinzona\",\"description\":\"Festival Giapponese Bellinzona\",\"potentialAction\":[{\"@type\":\"SearchAction\",\"target\":{\"@type\":\"EntryPoint\",\"urlTemplate\":\"https:\/\/japanmatsuri.org\/?s={search_term_string}\"},\"query-input\":{\"@type\":\"PropertyValueSpecification\",\"valueRequired\":true,\"valueName\":\"search_term_string\"}}],\"inLanguage\":\"de-CH\"}]}<\/script>\n<!-- \/ Yoast SEO plugin. -->","yoast_head_json":{"title":"Foxfire - Japan Matsuri - Festival Giapponese Bellinzona","robots":{"index":"index","follow":"follow","max-snippet":"max-snippet:-1","max-image-preview":"max-image-preview:large","max-video-preview":"max-video-preview:-1"},"canonical":"https:\/\/japanmatsuri.org\/de\/foxfire\/","og_locale":"de_DE","og_type":"article","og_title":"Foxfire - Japan Matsuri - Festival Giapponese Bellinzona","og_description":"Foxfire Dietro il nome Foxfire si cela una cosplayer svizzera che ha scoperto il mondo del cosplay nel 2018, trasformando una semplice curiosit\u00e0 in una passione travolgente. Dopo aver debuttato nelle gare nel 2022, ha iniziato a creare i propri costumi dal 2023, lasciandosi conquistare dalla sartoria \u2014 una passione che \u00e8 anche parte della [&hellip;]","og_url":"https:\/\/japanmatsuri.org\/de\/foxfire\/","og_site_name":"Japan Matsuri - Festival Giapponese Bellinzona","article_modified_time":"2025-08-11T16:24:18+00:00","og_image":[{"width":667,"height":1000,"url":"https:\/\/japanmatsuri.org\/wp-content\/uploads\/2025\/08\/foxfire.png","type":"image\/png"}],"twitter_card":"summary_large_image","twitter_misc":{"Gesch\u00e4tzte Lesezeit":"1\u00a0Minute"},"schema":{"@context":"https:\/\/schema.org","@graph":[{"@type":"WebPage","@id":"https:\/\/japanmatsuri.org\/it\/foxfire\/","url":"https:\/\/japanmatsuri.org\/it\/foxfire\/","name":"Foxfire - Japan Matsuri - Festival Giapponese Bellinzona","isPartOf":{"@id":"https:\/\/japanmatsuri.org\/#website"},"primaryImageOfPage":{"@id":"https:\/\/japanmatsuri.org\/it\/foxfire\/#primaryimage"},"image":{"@id":"https:\/\/japanmatsuri.org\/it\/foxfire\/#primaryimage"},"thumbnailUrl":"https:\/\/japanmatsuri.org\/wp-content\/uploads\/2025\/08\/foxfire.png","datePublished":"2025-08-11T16:22:47+00:00","dateModified":"2025-08-11T16:24:18+00:00","breadcrumb":{"@id":"https:\/\/japanmatsuri.org\/it\/foxfire\/#breadcrumb"},"inLanguage":"de-CH","potentialAction":[{"@type":"ReadAction","target":["https:\/\/japanmatsuri.org\/it\/foxfire\/"]}]},{"@type":"ImageObject","inLanguage":"de-CH","@id":"https:\/\/japanmatsuri.org\/it\/foxfire\/#primaryimage","url":"https:\/\/japanmatsuri.org\/wp-content\/uploads\/2025\/08\/foxfire.png","contentUrl":"https:\/\/japanmatsuri.org\/wp-content\/uploads\/2025\/08\/foxfire.png"},{"@type":"BreadcrumbList","@id":"https:\/\/japanmatsuri.org\/it\/foxfire\/#breadcrumb","itemListElement":[{"@type":"ListItem","position":1,"name":"Home","item":"https:\/\/japanmatsuri.org\/it\/"},{"@type":"ListItem","position":2,"name":"Foxfire"}]},{"@type":"WebSite","@id":"https:\/\/japanmatsuri.org\/#website","url":"https:\/\/japanmatsuri.org\/","name":"Japan Matsuri - Festival Giapponese Bellinzona","description":"Festival Giapponese Bellinzona","potentialAction":[{"@type":"SearchAction","target":{"@type":"EntryPoint","urlTemplate":"https:\/\/japanmatsuri.org\/?s={search_term_string}"},"query-input":{"@type":"PropertyValueSpecification","valueRequired":true,"valueName":"search_term_string"}}],"inLanguage":"de-CH"}]}},"_links":{"self":[{"href":"https:\/\/japanmatsuri.org\/de\/wp-json\/wp\/v2\/pages\/1692","targetHints":{"allow":["GET"]}}],"collection":[{"href":"https:\/\/japanmatsuri.org\/de\/wp-json\/wp\/v2\/pages"}],"about":[{"href":"https:\/\/japanmatsuri.org\/de\/wp-json\/wp\/v2\/types\/page"}],"author":[{"embeddable":true,"href":"https:\/\/japanmatsuri.org\/de\/wp-json\/wp\/v2\/users\/1"}],"replies":[{"embeddable":true,"href":"https:\/\/japanmatsuri.org\/de\/wp-json\/wp\/v2\/comments?post=1692"}],"version-history":[{"count":4,"href":"https:\/\/japanmatsuri.org\/de\/wp-json\/wp\/v2\/pages\/1692\/revisions"}],"predecessor-version":[{"id":1700,"href":"https:\/\/japanmatsuri.org\/de\/wp-json\/wp\/v2\/pages\/1692\/revisions\/1700"}],"wp:attachment":[{"href":"https:\/\/japanmatsuri.org\/de\/wp-json\/wp\/v2\/media?parent=1692"}],"curies":[{"name":"wp","href":"https:\/\/api.w.org\/{rel}","templated":true}]}}