{"id":1738,"date":"2025-08-19T15:13:58","date_gmt":"2025-08-19T14:13:58","guid":{"rendered":"https:\/\/japanmatsuri.org\/it\/?page_id=1738"},"modified":"2025-08-23T12:46:05","modified_gmt":"2025-08-23T11:46:05","slug":"swiss-garrison-helvetic-base","status":"publish","type":"page","link":"https:\/\/japanmatsuri.org\/de\/swiss-garrison-helvetic-base\/","title":{"rendered":"Swiss Garrison Helvetic Base"},"content":{"rendered":"<div data-elementor-type=\"wp-page\" data-elementor-id=\"1738\" class=\"elementor elementor-1738\" data-elementor-post-type=\"page\">\n\t\t\t\t<div class=\"elementor-element elementor-element-31db8d96 e-flex e-con-boxed e-con e-parent\" data-id=\"31db8d96\" data-element_type=\"container\">\n\t\t\t\t\t<div class=\"e-con-inner\">\n\t\t\t\t<div class=\"elementor-element elementor-element-3464fd2f elementor-widget elementor-widget-heading\" data-id=\"3464fd2f\" data-element_type=\"widget\" data-widget_type=\"heading.default\">\n\t\t\t\t<div class=\"elementor-widget-container\">\n\t\t\t\t\t<h1 class=\"elementor-heading-title elementor-size-default\">Swiss Garrison und Helvetic Base <\/h1>\t\t\t\t<\/div>\n\t\t\t\t<\/div>\n\t\t\t\t\t<\/div>\n\t\t\t\t<\/div>\n\t\t<div class=\"elementor-element elementor-element-7264458 e-flex e-con-boxed e-con e-parent\" data-id=\"7264458\" data-element_type=\"container\">\n\t\t\t\t\t<div class=\"e-con-inner\">\n\t\t\t\t<div class=\"elementor-element elementor-element-b4bbfc4 elementor-widget elementor-widget-image\" data-id=\"b4bbfc4\" data-element_type=\"widget\" data-widget_type=\"image.default\">\n\t\t\t\t<div class=\"elementor-widget-container\">\n\t\t\t\t\t\t\t\t\t\t\t\t\t\t\t<img fetchpriority=\"high\" decoding=\"async\" width=\"1750\" height=\"700\" src=\"https:\/\/japanmatsuri.org\/wp-content\/uploads\/2025\/08\/SwissGarrison.png\" class=\"attachment-full size-full wp-image-1740\" alt=\"\" srcset=\"https:\/\/japanmatsuri.org\/wp-content\/uploads\/2025\/08\/SwissGarrison.png 1750w, https:\/\/japanmatsuri.org\/wp-content\/uploads\/2025\/08\/SwissGarrison-300x120.png 300w, https:\/\/japanmatsuri.org\/wp-content\/uploads\/2025\/08\/SwissGarrison-1024x410.png 1024w, https:\/\/japanmatsuri.org\/wp-content\/uploads\/2025\/08\/SwissGarrison-768x307.png 768w, https:\/\/japanmatsuri.org\/wp-content\/uploads\/2025\/08\/SwissGarrison-1536x614.png 1536w, https:\/\/japanmatsuri.org\/wp-content\/uploads\/2025\/08\/SwissGarrison-18x7.png 18w\" sizes=\"(max-width: 1750px) 100vw, 1750px\" \/>\t\t\t\t\t\t\t\t\t\t\t\t\t\t\t<\/div>\n\t\t\t\t<\/div>\n\t\t\t\t\t<\/div>\n\t\t\t\t<\/div>\n\t\t<div class=\"elementor-element elementor-element-47d952e e-flex e-con-boxed e-con e-parent\" data-id=\"47d952e\" data-element_type=\"container\">\n\t\t\t\t\t<div class=\"e-con-inner\">\n\t\t\t\t<div class=\"elementor-element elementor-element-01920da elementor-widget elementor-widget-text-editor\" data-id=\"01920da\" data-element_type=\"widget\" data-widget_type=\"text-editor.default\">\n\t\t\t\t<div class=\"elementor-widget-container\">\n\t\t\t\t\t\t\t\t\t<p class=\"translation-block\">Die Swiss Garrison und die Helvetic Base sind die Schweizer Vertretungen der 501st Legion (<a href=\"https:\/\/www.501st.com\/\" target=\"_blank\" rel=\"noopener\">501st.com<\/a>) und der Rebel Legion (<a href=\"https:\/\/www.rebellegion.com\/\" target=\"_blank\" rel=\"noopener\">rebellegion.com<\/a>), internationale Fanclubs, die dem Star-Wars-Universum gewidmet sind. W\u00e4hrend die 501st Legion die dunkle Seite des Imperiums verk\u00f6rpert, erweckt die Rebel Legion die Helden der Rebellion zum Leben.<\/p><p>Diese Gruppen begn\u00fcgen sich nicht damit, die legend\u00e4ren Figuren der Saga nachzustellen: Ihr Ziel ist es, den Fans \u2013 insbesondere Kindern \u2013 unvergessliche Erlebnisse zu bieten und die Magie von Star Wars in die reale Welt zu bringen. Wohlt\u00e4tigkeit ist zudem ein zentraler Wert beider Legions, die als gemeinn\u00fctzige Organisationen t\u00e4tig sind.<\/p>\t\t\t\t\t\t\t\t<\/div>\n\t\t\t\t<\/div>\n\t\t\t\t<div class=\"elementor-element elementor-element-e10067f elementor-widget elementor-widget-text-editor\" data-id=\"e10067f\" data-element_type=\"widget\" data-widget_type=\"text-editor.default\">\n\t\t\t\t<div class=\"elementor-widget-container\">\n\t\t\t\t\t\t\t\t\t<h4><b>Un po&#8217; di storia<\/b><\/h4><p>La Swiss Garrison \u00e8 stata fondata nel 1998, poco dopo l&#8217;uscita delle edizioni speciali della trilogia originale. La Rebel Legion ha seguito nel 2000, ampliando la rappresentanza dell\u2019universo di Star Wars.<\/p><p>Alles begann mit Albin Johnson, dem Gr\u00fcnder der 501st Legion, der in einem US-Kino in einer Sturmtruppenr\u00fcstung erschien. Das Publikum war begeistert, und dank der Medienberichterstattung verbreitete sich die Idee einer offiziellen Cosplay-Gruppe schnell. Heute z\u00e4hlt die 501st Legion \u00fcber 13.000 Mitglieder, w\u00e4hrend die Rebel Legion mehr als 9.000 Mitglieder in nahezu allen L\u00e4ndern der Welt hat.<\/p><p>Auch Lucasfilm greift f\u00fcr offizielle Veranstaltungen wie die Rose Parade 2007 und zahlreiche Filmpremieren auf die 501st Legion zur\u00fcck. Seit 2015 sind die Swiss Garrison und die Helvetic Base mit einem eigenen Stand auf der Fantasy Basel, der gr\u00f6\u00dften Fantasy-Messe der Schweiz, vertreten.<\/p>\t\t\t\t\t\t\t\t<\/div>\n\t\t\t\t<\/div>\n\t\t\t\t<div class=\"elementor-element elementor-element-a9bb27c elementor-widget elementor-widget-text-editor\" data-id=\"a9bb27c\" data-element_type=\"widget\" data-widget_type=\"text-editor.default\">\n\t\t\t\t<div class=\"elementor-widget-container\">\n\t\t\t\t\t\t\t\t\t<p>Mehr erfahren:<br \/>\ud83d\udd17<a href=\"https:\/\/beacons.ai\/helveticabase\" target=\"_blank\" rel=\"noopener\" data-wplink-edit=\"true\"> Helvetic Base<br \/><\/a>\ud83d\udd17<a href=\"https:\/\/linktr.ee\/swissgarrison\" target=\"_blank\" rel=\"noopener\"> Swiss Garrison<\/a><\/p>\t\t\t\t\t\t\t\t<\/div>\n\t\t\t\t<\/div>\n\t\t\t\t\t<\/div>\n\t\t\t\t<\/div>\n\t\t<div class=\"elementor-element elementor-element-1068562 e-flex e-con-boxed e-con e-parent\" data-id=\"1068562\" data-element_type=\"container\">\n\t\t\t\t\t<div class=\"e-con-inner\">\n\t\t\t\t\t<\/div>\n\t\t\t\t<\/div>\n\t\t\t\t<\/div>","protected":false},"excerpt":{"rendered":"<p>Swiss Garrison e Helvetic Base La Swiss Garrison e la Helvetic Base sono le rappresentanze svizzere della 501st Legion (501st.com) e della Rebel Legion (rebellegion.com), fan club globali dedicati all\u2019universo di Star Wars. Mentre la 501st Legion incarna il lato oscuro dell\u2019Impero, la Rebel Legion porta in vita gli eroi della Ribellione. Questi gruppi non [&hellip;]<\/p>","protected":false},"author":1,"featured_media":0,"parent":0,"menu_order":0,"comment_status":"closed","ping_status":"closed","template":"","meta":{"footnotes":""},"class_list":["post-1738","page","type-page","status-publish","hentry"],"yoast_head":"<!-- This site is optimized with the Yoast SEO plugin v25.4 - https:\/\/yoast.com\/wordpress\/plugins\/seo\/ -->\n<title>Swiss Garrison Helvetic Base - Japan Matsuri - Festival Giapponese Bellinzona<\/title>\n<meta name=\"robots\" content=\"index, follow, max-snippet:-1, max-image-preview:large, max-video-preview:-1\" \/>\n<link rel=\"canonical\" href=\"https:\/\/japanmatsuri.org\/de\/swiss-garrison-helvetic-base\/\" \/>\n<meta property=\"og:locale\" content=\"de_DE\" \/>\n<meta property=\"og:type\" content=\"article\" \/>\n<meta property=\"og:title\" content=\"Swiss Garrison Helvetic Base - Japan Matsuri - Festival Giapponese Bellinzona\" \/>\n<meta property=\"og:description\" content=\"Swiss Garrison e Helvetic Base La Swiss Garrison e la Helvetic Base sono le rappresentanze svizzere della 501st Legion (501st.com) e della Rebel Legion (rebellegion.com), fan club globali dedicati all\u2019universo di Star Wars. Mentre la 501st Legion incarna il lato oscuro dell\u2019Impero, la Rebel Legion porta in vita gli eroi della Ribellione. Questi gruppi non [&hellip;]\" \/>\n<meta property=\"og:url\" content=\"https:\/\/japanmatsuri.org\/de\/swiss-garrison-helvetic-base\/\" \/>\n<meta property=\"og:site_name\" content=\"Japan Matsuri - Festival Giapponese Bellinzona\" \/>\n<meta property=\"article:modified_time\" content=\"2025-08-23T11:46:05+00:00\" \/>\n<meta property=\"og:image\" content=\"https:\/\/japanmatsuri.org\/wp-content\/uploads\/2025\/08\/SwissGarrison.png\" \/>\n\t<meta property=\"og:image:width\" content=\"1750\" \/>\n\t<meta property=\"og:image:height\" content=\"700\" \/>\n\t<meta property=\"og:image:type\" content=\"image\/png\" \/>\n<meta name=\"twitter:card\" content=\"summary_large_image\" \/>\n<meta name=\"twitter:label1\" content=\"Gesch\u00e4tzte Lesezeit\" \/>\n\t<meta name=\"twitter:data1\" content=\"3\u00a0Minuten\" \/>\n<script type=\"application\/ld+json\" class=\"yoast-schema-graph\">{\"@context\":\"https:\/\/schema.org\",\"@graph\":[{\"@type\":\"WebPage\",\"@id\":\"https:\/\/japanmatsuri.org\/it\/swiss-garrison-helvetic-base\/\",\"url\":\"https:\/\/japanmatsuri.org\/it\/swiss-garrison-helvetic-base\/\",\"name\":\"Swiss Garrison Helvetic Base - Japan Matsuri - Festival Giapponese Bellinzona\",\"isPartOf\":{\"@id\":\"https:\/\/japanmatsuri.org\/#website\"},\"primaryImageOfPage\":{\"@id\":\"https:\/\/japanmatsuri.org\/it\/swiss-garrison-helvetic-base\/#primaryimage\"},\"image\":{\"@id\":\"https:\/\/japanmatsuri.org\/it\/swiss-garrison-helvetic-base\/#primaryimage\"},\"thumbnailUrl\":\"https:\/\/japanmatsuri.org\/wp-content\/uploads\/2025\/08\/SwissGarrison.png\",\"datePublished\":\"2025-08-19T14:13:58+00:00\",\"dateModified\":\"2025-08-23T11:46:05+00:00\",\"breadcrumb\":{\"@id\":\"https:\/\/japanmatsuri.org\/it\/swiss-garrison-helvetic-base\/#breadcrumb\"},\"inLanguage\":\"de-CH\",\"potentialAction\":[{\"@type\":\"ReadAction\",\"target\":[\"https:\/\/japanmatsuri.org\/it\/swiss-garrison-helvetic-base\/\"]}]},{\"@type\":\"ImageObject\",\"inLanguage\":\"de-CH\",\"@id\":\"https:\/\/japanmatsuri.org\/it\/swiss-garrison-helvetic-base\/#primaryimage\",\"url\":\"https:\/\/japanmatsuri.org\/wp-content\/uploads\/2025\/08\/SwissGarrison.png\",\"contentUrl\":\"https:\/\/japanmatsuri.org\/wp-content\/uploads\/2025\/08\/SwissGarrison.png\"},{\"@type\":\"BreadcrumbList\",\"@id\":\"https:\/\/japanmatsuri.org\/it\/swiss-garrison-helvetic-base\/#breadcrumb\",\"itemListElement\":[{\"@type\":\"ListItem\",\"position\":1,\"name\":\"Home\",\"item\":\"https:\/\/japanmatsuri.org\/it\/\"},{\"@type\":\"ListItem\",\"position\":2,\"name\":\"Swiss Garrison Helvetic Base\"}]},{\"@type\":\"WebSite\",\"@id\":\"https:\/\/japanmatsuri.org\/#website\",\"url\":\"https:\/\/japanmatsuri.org\/\",\"name\":\"Japan Matsuri - Festival Giapponese Bellinzona\",\"description\":\"Festival Giapponese Bellinzona\",\"potentialAction\":[{\"@type\":\"SearchAction\",\"target\":{\"@type\":\"EntryPoint\",\"urlTemplate\":\"https:\/\/japanmatsuri.org\/?s={search_term_string}\"},\"query-input\":{\"@type\":\"PropertyValueSpecification\",\"valueRequired\":true,\"valueName\":\"search_term_string\"}}],\"inLanguage\":\"de-CH\"}]}<\/script>\n<!-- \/ Yoast SEO plugin. -->","yoast_head_json":{"title":"Swiss Garrison Helvetic Base - Japan Matsuri - Festival Giapponese Bellinzona","robots":{"index":"index","follow":"follow","max-snippet":"max-snippet:-1","max-image-preview":"max-image-preview:large","max-video-preview":"max-video-preview:-1"},"canonical":"https:\/\/japanmatsuri.org\/de\/swiss-garrison-helvetic-base\/","og_locale":"de_DE","og_type":"article","og_title":"Swiss Garrison Helvetic Base - Japan Matsuri - Festival Giapponese Bellinzona","og_description":"Swiss Garrison e Helvetic Base La Swiss Garrison e la Helvetic Base sono le rappresentanze svizzere della 501st Legion (501st.com) e della Rebel Legion (rebellegion.com), fan club globali dedicati all\u2019universo di Star Wars. Mentre la 501st Legion incarna il lato oscuro dell\u2019Impero, la Rebel Legion porta in vita gli eroi della Ribellione. Questi gruppi non [&hellip;]","og_url":"https:\/\/japanmatsuri.org\/de\/swiss-garrison-helvetic-base\/","og_site_name":"Japan Matsuri - Festival Giapponese Bellinzona","article_modified_time":"2025-08-23T11:46:05+00:00","og_image":[{"width":1750,"height":700,"url":"https:\/\/japanmatsuri.org\/wp-content\/uploads\/2025\/08\/SwissGarrison.png","type":"image\/png"}],"twitter_card":"summary_large_image","twitter_misc":{"Gesch\u00e4tzte Lesezeit":"3\u00a0Minuten"},"schema":{"@context":"https:\/\/schema.org","@graph":[{"@type":"WebPage","@id":"https:\/\/japanmatsuri.org\/it\/swiss-garrison-helvetic-base\/","url":"https:\/\/japanmatsuri.org\/it\/swiss-garrison-helvetic-base\/","name":"Swiss Garrison Helvetic Base - Japan Matsuri - Festival Giapponese Bellinzona","isPartOf":{"@id":"https:\/\/japanmatsuri.org\/#website"},"primaryImageOfPage":{"@id":"https:\/\/japanmatsuri.org\/it\/swiss-garrison-helvetic-base\/#primaryimage"},"image":{"@id":"https:\/\/japanmatsuri.org\/it\/swiss-garrison-helvetic-base\/#primaryimage"},"thumbnailUrl":"https:\/\/japanmatsuri.org\/wp-content\/uploads\/2025\/08\/SwissGarrison.png","datePublished":"2025-08-19T14:13:58+00:00","dateModified":"2025-08-23T11:46:05+00:00","breadcrumb":{"@id":"https:\/\/japanmatsuri.org\/it\/swiss-garrison-helvetic-base\/#breadcrumb"},"inLanguage":"de-CH","potentialAction":[{"@type":"ReadAction","target":["https:\/\/japanmatsuri.org\/it\/swiss-garrison-helvetic-base\/"]}]},{"@type":"ImageObject","inLanguage":"de-CH","@id":"https:\/\/japanmatsuri.org\/it\/swiss-garrison-helvetic-base\/#primaryimage","url":"https:\/\/japanmatsuri.org\/wp-content\/uploads\/2025\/08\/SwissGarrison.png","contentUrl":"https:\/\/japanmatsuri.org\/wp-content\/uploads\/2025\/08\/SwissGarrison.png"},{"@type":"BreadcrumbList","@id":"https:\/\/japanmatsuri.org\/it\/swiss-garrison-helvetic-base\/#breadcrumb","itemListElement":[{"@type":"ListItem","position":1,"name":"Home","item":"https:\/\/japanmatsuri.org\/it\/"},{"@type":"ListItem","position":2,"name":"Swiss Garrison Helvetic Base"}]},{"@type":"WebSite","@id":"https:\/\/japanmatsuri.org\/#website","url":"https:\/\/japanmatsuri.org\/","name":"Japan Matsuri - Festival Giapponese Bellinzona","description":"Festival Giapponese Bellinzona","potentialAction":[{"@type":"SearchAction","target":{"@type":"EntryPoint","urlTemplate":"https:\/\/japanmatsuri.org\/?s={search_term_string}"},"query-input":{"@type":"PropertyValueSpecification","valueRequired":true,"valueName":"search_term_string"}}],"inLanguage":"de-CH"}]}},"_links":{"self":[{"href":"https:\/\/japanmatsuri.org\/de\/wp-json\/wp\/v2\/pages\/1738","targetHints":{"allow":["GET"]}}],"collection":[{"href":"https:\/\/japanmatsuri.org\/de\/wp-json\/wp\/v2\/pages"}],"about":[{"href":"https:\/\/japanmatsuri.org\/de\/wp-json\/wp\/v2\/types\/page"}],"author":[{"embeddable":true,"href":"https:\/\/japanmatsuri.org\/de\/wp-json\/wp\/v2\/users\/1"}],"replies":[{"embeddable":true,"href":"https:\/\/japanmatsuri.org\/de\/wp-json\/wp\/v2\/comments?post=1738"}],"version-history":[{"count":10,"href":"https:\/\/japanmatsuri.org\/de\/wp-json\/wp\/v2\/pages\/1738\/revisions"}],"predecessor-version":[{"id":1761,"href":"https:\/\/japanmatsuri.org\/de\/wp-json\/wp\/v2\/pages\/1738\/revisions\/1761"}],"wp:attachment":[{"href":"https:\/\/japanmatsuri.org\/de\/wp-json\/wp\/v2\/media?parent=1738"}],"curies":[{"name":"wp","href":"https:\/\/api.w.org\/{rel}","templated":true}]}}