{"id":1747,"date":"2025-08-23T13:24:05","date_gmt":"2025-08-23T12:24:05","guid":{"rendered":"https:\/\/japanmatsuri.org\/it\/?page_id=1747"},"modified":"2025-08-23T13:27:50","modified_gmt":"2025-08-23T12:27:50","slug":"ludo-ticino","status":"publish","type":"page","link":"https:\/\/japanmatsuri.org\/de\/ludo-ticino\/","title":{"rendered":"LUDO Ticino"},"content":{"rendered":"<div data-elementor-type=\"wp-page\" data-elementor-id=\"1747\" class=\"elementor elementor-1747\" data-elementor-post-type=\"page\">\n\t\t\t\t<div class=\"elementor-element elementor-element-2ff7a92a e-flex e-con-boxed e-con e-parent\" data-id=\"2ff7a92a\" data-element_type=\"container\">\n\t\t\t\t\t<div class=\"e-con-inner\">\n\t\t\t\t<div class=\"elementor-element elementor-element-73f51d2e elementor-widget elementor-widget-heading\" data-id=\"73f51d2e\" data-element_type=\"widget\" data-widget_type=\"heading.default\">\n\t\t\t\t<div class=\"elementor-widget-container\">\n\t\t\t\t\t<h1 class=\"elementor-heading-title elementor-size-default\">LUDO Ticino<\/h1>\t\t\t\t<\/div>\n\t\t\t\t<\/div>\n\t\t\t\t<div class=\"elementor-element elementor-element-2948806 elementor-widget elementor-widget-heading\" data-id=\"2948806\" data-element_type=\"widget\" data-widget_type=\"heading.default\">\n\t\t\t\t<div class=\"elementor-widget-container\">\n\t\t\t\t\t<h2 class=\"elementor-heading-title elementor-size-default\">Bildung, Community und die Zukunft des Gamings im Tessin <\/h2>\t\t\t\t<\/div>\n\t\t\t\t<\/div>\n\t\t\t\t\t<\/div>\n\t\t\t\t<\/div>\n\t\t<div class=\"elementor-element elementor-element-c2f5133 e-flex e-con-boxed e-con e-parent\" data-id=\"c2f5133\" data-element_type=\"container\">\n\t\t\t\t\t<div class=\"e-con-inner\">\n\t\t\t\t<div class=\"elementor-element elementor-element-b92d5a2 elementor-widget elementor-widget-text-editor\" data-id=\"b92d5a2\" data-element_type=\"widget\" data-widget_type=\"text-editor.default\">\n\t\t\t\t<div class=\"elementor-widget-container\">\n\t\t\t\t\t\t\t\t\t<p class=\"translation-block\">Im Bereich der Indie-Games darf ein Raum f\u00fcr Bildung und die Entwicklung der lokalen Community nicht fehlen.<\/p><p class=\"translation-block\">W\u00e4hrend der Veranstaltung wird <b>LUDO Ticino<\/b> mit einem eigenen Stand vertreten sein, der als Anlaufstelle f\u00fcr alle dient, die mehr \u00fcber die Aktivit\u00e4ten des Vereins und die M\u00f6glichkeiten der Videospielbranche im Tessin erfahren m\u00f6chten.<\/p><p>LUDO Ticino ist ein Verein, der Enthusiasten und Fachleute aus dem Bereich zusammenbringt, mit dem Ziel, den Ideenaustausch, die Zusammenarbeit und das Teilen von Wissen im Videospielbereich zu f\u00f6rdern. Die Mitglieder des Komitees stehen bereit, um aktuelle Initiativen vorzustellen, Fragen des Publikums zu beantworten und \u00fcber zuk\u00fcnftige Projekte zu berichten.<\/p>\t\t\t\t\t\t\t\t<\/div>\n\t\t\t\t<\/div>\n\t\t\t\t\t<\/div>\n\t\t\t\t<\/div>\n\t\t<div class=\"elementor-element elementor-element-bd51182 e-flex e-con-boxed e-con e-parent\" data-id=\"bd51182\" data-element_type=\"container\">\n\t\t\t\t\t<div class=\"e-con-inner\">\n\t\t<div class=\"elementor-element elementor-element-034175c e-con-full e-flex e-con e-child\" data-id=\"034175c\" data-element_type=\"container\">\n\t\t\t\t<div class=\"elementor-element elementor-element-eb54445 elementor-widget elementor-widget-image\" data-id=\"eb54445\" data-element_type=\"widget\" data-widget_type=\"image.default\">\n\t\t\t\t<div class=\"elementor-widget-container\">\n\t\t\t\t\t\t\t\t\t\t\t\t\t\t\t<img fetchpriority=\"high\" decoding=\"async\" width=\"800\" height=\"450\" src=\"https:\/\/japanmatsuri.org\/wp-content\/uploads\/2025\/08\/Immagine-WhatsApp-2025-08-19-ore-16.59.46_e59563cc-1024x576.jpg\" class=\"attachment-large size-large wp-image-1772\" alt=\"\" srcset=\"https:\/\/japanmatsuri.org\/wp-content\/uploads\/2025\/08\/Immagine-WhatsApp-2025-08-19-ore-16.59.46_e59563cc-1024x576.jpg 1024w, https:\/\/japanmatsuri.org\/wp-content\/uploads\/2025\/08\/Immagine-WhatsApp-2025-08-19-ore-16.59.46_e59563cc-300x169.jpg 300w, https:\/\/japanmatsuri.org\/wp-content\/uploads\/2025\/08\/Immagine-WhatsApp-2025-08-19-ore-16.59.46_e59563cc-768x432.jpg 768w, https:\/\/japanmatsuri.org\/wp-content\/uploads\/2025\/08\/Immagine-WhatsApp-2025-08-19-ore-16.59.46_e59563cc-18x10.jpg 18w, https:\/\/japanmatsuri.org\/wp-content\/uploads\/2025\/08\/Immagine-WhatsApp-2025-08-19-ore-16.59.46_e59563cc.jpg 1200w\" sizes=\"(max-width: 800px) 100vw, 800px\" \/>\t\t\t\t\t\t\t\t\t\t\t\t\t\t\t<\/div>\n\t\t\t\t<\/div>\n\t\t\t\t<\/div>\n\t\t<div class=\"elementor-element elementor-element-2e7b2e2 e-con-full e-flex e-con e-child\" data-id=\"2e7b2e2\" data-element_type=\"container\">\n\t\t\t\t<div class=\"elementor-element elementor-element-9d55f5a elementor-widget elementor-widget-text-editor\" data-id=\"9d55f5a\" data-element_type=\"widget\" data-widget_type=\"text-editor.default\">\n\t\t\t\t<div class=\"elementor-widget-container\">\n\t\t\t\t\t\t\t\t\t<p class=\"translation-block\">Am Stand werden auch die <b>Scuola Specializzata Superiore d'Arte Applicata des CSIA<\/b>(<i>H\u00f6here Fachschule f\u00fcr angewandte Kunst am CSIA<\/i> und die <b>Berufsfachschule f\u00fcr Kunst und Handwerk in Trevano<\/b> vertreten sein, mit einer Auswahl an Videospielen, die im Rahmen der Kurse entwickelt wurden.<\/p><p>Dies ist eine besondere Gelegenheit, die kreative und bildungsorientierte Arbeit in den Tessiner Schulen hautnah zu erleben und einige der Projekte selbst auszuprobieren.<\/p>\t\t\t\t\t\t\t\t<\/div>\n\t\t\t\t<\/div>\n\t\t\t\t<\/div>\n\t\t\t\t\t<\/div>\n\t\t\t\t<\/div>\n\t\t<div class=\"elementor-element elementor-element-ce5e2e3 e-flex e-con-boxed e-con e-parent\" data-id=\"ce5e2e3\" data-element_type=\"container\">\n\t\t\t\t\t<div class=\"e-con-inner\">\n\t\t\t\t<div class=\"elementor-element elementor-element-6b7323d elementor-widget elementor-widget-text-editor\" data-id=\"6b7323d\" data-element_type=\"widget\" data-widget_type=\"text-editor.default\">\n\t\t\t\t<div class=\"elementor-widget-container\">\n\t\t\t\t\t\t\t\t\t<p>Der Stand von LUDO Ticino wird w\u00e4hrend der gesamten Veranstaltung aktiv sein und bietet eine wertvolle Networking-Plattform f\u00fcr Entwickler, Fachleute und Gaming-Fans.\n Komm vorbei, lerne die Community kennen und lass dich von der Zukunft des Gamings im Tessin inspirieren!<\/p>\t\t\t\t\t\t\t\t<\/div>\n\t\t\t\t<\/div>\n\t\t\t\t\t<\/div>\n\t\t\t\t<\/div>\n\t\t<div class=\"elementor-element elementor-element-be77dde e-flex e-con-boxed e-con e-parent\" data-id=\"be77dde\" data-element_type=\"container\">\n\t\t\t\t\t<div class=\"e-con-inner\">\n\t\t\t\t\t<\/div>\n\t\t\t\t<\/div>\n\t\t\t\t<\/div>","protected":false},"excerpt":{"rendered":"<p>LUDO Ticino educazione, community e futuro del gaming in Ticino All\u2019interno della sezione dedicata agli indie games, non pu\u00f2 mancare uno spazio rivolto alla formazione e allo sviluppo della community locale. Durante l\u2019evento, LUDO Ticino sar\u00e0 presente con uno stand dedicato, pensato come punto di riferimento per tutti coloro che desiderano scoprire le attivit\u00e0 dell\u2019associazione [&hellip;]<\/p>","protected":false},"author":1,"featured_media":0,"parent":0,"menu_order":0,"comment_status":"closed","ping_status":"closed","template":"","meta":{"footnotes":""},"class_list":["post-1747","page","type-page","status-publish","hentry"],"yoast_head":"<!-- This site is optimized with the Yoast SEO plugin v25.4 - https:\/\/yoast.com\/wordpress\/plugins\/seo\/ -->\n<title>LUDO Ticino - Japan Matsuri - Festival Giapponese Bellinzona<\/title>\n<meta name=\"robots\" content=\"index, follow, max-snippet:-1, max-image-preview:large, max-video-preview:-1\" \/>\n<link rel=\"canonical\" href=\"https:\/\/japanmatsuri.org\/de\/ludo-ticino\/\" \/>\n<meta property=\"og:locale\" content=\"de_DE\" \/>\n<meta property=\"og:type\" content=\"article\" \/>\n<meta property=\"og:title\" content=\"LUDO Ticino - Japan Matsuri - Festival Giapponese Bellinzona\" \/>\n<meta property=\"og:description\" content=\"LUDO Ticino educazione, community e futuro del gaming in Ticino All\u2019interno della sezione dedicata agli indie games, non pu\u00f2 mancare uno spazio rivolto alla formazione e allo sviluppo della community locale. Durante l\u2019evento, LUDO Ticino sar\u00e0 presente con uno stand dedicato, pensato come punto di riferimento per tutti coloro che desiderano scoprire le attivit\u00e0 dell\u2019associazione [&hellip;]\" \/>\n<meta property=\"og:url\" content=\"https:\/\/japanmatsuri.org\/de\/ludo-ticino\/\" \/>\n<meta property=\"og:site_name\" content=\"Japan Matsuri - Festival Giapponese Bellinzona\" \/>\n<meta property=\"article:modified_time\" content=\"2025-08-23T12:27:50+00:00\" \/>\n<meta property=\"og:image\" content=\"https:\/\/japanmatsuri.org\/wp-content\/uploads\/2025\/08\/Immagine-WhatsApp-2025-08-19-ore-16.59.46_e59563cc.jpg\" \/>\n\t<meta property=\"og:image:width\" content=\"1200\" \/>\n\t<meta property=\"og:image:height\" content=\"675\" \/>\n\t<meta property=\"og:image:type\" content=\"image\/jpeg\" \/>\n<meta name=\"twitter:card\" content=\"summary_large_image\" \/>\n<meta name=\"twitter:label1\" content=\"Gesch\u00e4tzte Lesezeit\" \/>\n\t<meta name=\"twitter:data1\" content=\"2\u00a0Minuten\" \/>\n<script type=\"application\/ld+json\" class=\"yoast-schema-graph\">{\"@context\":\"https:\/\/schema.org\",\"@graph\":[{\"@type\":\"WebPage\",\"@id\":\"https:\/\/japanmatsuri.org\/it\/ludo-ticino\/\",\"url\":\"https:\/\/japanmatsuri.org\/it\/ludo-ticino\/\",\"name\":\"LUDO Ticino - Japan Matsuri - Festival Giapponese Bellinzona\",\"isPartOf\":{\"@id\":\"https:\/\/japanmatsuri.org\/#website\"},\"primaryImageOfPage\":{\"@id\":\"https:\/\/japanmatsuri.org\/it\/ludo-ticino\/#primaryimage\"},\"image\":{\"@id\":\"https:\/\/japanmatsuri.org\/it\/ludo-ticino\/#primaryimage\"},\"thumbnailUrl\":\"https:\/\/japanmatsuri.org\/wp-content\/uploads\/2025\/08\/Immagine-WhatsApp-2025-08-19-ore-16.59.46_e59563cc-1024x576.jpg\",\"datePublished\":\"2025-08-23T12:24:05+00:00\",\"dateModified\":\"2025-08-23T12:27:50+00:00\",\"breadcrumb\":{\"@id\":\"https:\/\/japanmatsuri.org\/it\/ludo-ticino\/#breadcrumb\"},\"inLanguage\":\"de-CH\",\"potentialAction\":[{\"@type\":\"ReadAction\",\"target\":[\"https:\/\/japanmatsuri.org\/it\/ludo-ticino\/\"]}]},{\"@type\":\"ImageObject\",\"inLanguage\":\"de-CH\",\"@id\":\"https:\/\/japanmatsuri.org\/it\/ludo-ticino\/#primaryimage\",\"url\":\"https:\/\/japanmatsuri.org\/wp-content\/uploads\/2025\/08\/Immagine-WhatsApp-2025-08-19-ore-16.59.46_e59563cc-1024x576.jpg\",\"contentUrl\":\"https:\/\/japanmatsuri.org\/wp-content\/uploads\/2025\/08\/Immagine-WhatsApp-2025-08-19-ore-16.59.46_e59563cc-1024x576.jpg\"},{\"@type\":\"BreadcrumbList\",\"@id\":\"https:\/\/japanmatsuri.org\/it\/ludo-ticino\/#breadcrumb\",\"itemListElement\":[{\"@type\":\"ListItem\",\"position\":1,\"name\":\"Home\",\"item\":\"https:\/\/japanmatsuri.org\/it\/\"},{\"@type\":\"ListItem\",\"position\":2,\"name\":\"LUDO Ticino\"}]},{\"@type\":\"WebSite\",\"@id\":\"https:\/\/japanmatsuri.org\/#website\",\"url\":\"https:\/\/japanmatsuri.org\/\",\"name\":\"Japan Matsuri - Festival Giapponese Bellinzona\",\"description\":\"Festival Giapponese Bellinzona\",\"potentialAction\":[{\"@type\":\"SearchAction\",\"target\":{\"@type\":\"EntryPoint\",\"urlTemplate\":\"https:\/\/japanmatsuri.org\/?s={search_term_string}\"},\"query-input\":{\"@type\":\"PropertyValueSpecification\",\"valueRequired\":true,\"valueName\":\"search_term_string\"}}],\"inLanguage\":\"de-CH\"}]}<\/script>\n<!-- \/ Yoast SEO plugin. -->","yoast_head_json":{"title":"LUDO Ticino - Japan Matsuri - Festival Giapponese Bellinzona","robots":{"index":"index","follow":"follow","max-snippet":"max-snippet:-1","max-image-preview":"max-image-preview:large","max-video-preview":"max-video-preview:-1"},"canonical":"https:\/\/japanmatsuri.org\/de\/ludo-ticino\/","og_locale":"de_DE","og_type":"article","og_title":"LUDO Ticino - Japan Matsuri - Festival Giapponese Bellinzona","og_description":"LUDO Ticino educazione, community e futuro del gaming in Ticino All\u2019interno della sezione dedicata agli indie games, non pu\u00f2 mancare uno spazio rivolto alla formazione e allo sviluppo della community locale. Durante l\u2019evento, LUDO Ticino sar\u00e0 presente con uno stand dedicato, pensato come punto di riferimento per tutti coloro che desiderano scoprire le attivit\u00e0 dell\u2019associazione [&hellip;]","og_url":"https:\/\/japanmatsuri.org\/de\/ludo-ticino\/","og_site_name":"Japan Matsuri - Festival Giapponese Bellinzona","article_modified_time":"2025-08-23T12:27:50+00:00","og_image":[{"width":1200,"height":675,"url":"https:\/\/japanmatsuri.org\/wp-content\/uploads\/2025\/08\/Immagine-WhatsApp-2025-08-19-ore-16.59.46_e59563cc.jpg","type":"image\/jpeg"}],"twitter_card":"summary_large_image","twitter_misc":{"Gesch\u00e4tzte Lesezeit":"2\u00a0Minuten"},"schema":{"@context":"https:\/\/schema.org","@graph":[{"@type":"WebPage","@id":"https:\/\/japanmatsuri.org\/it\/ludo-ticino\/","url":"https:\/\/japanmatsuri.org\/it\/ludo-ticino\/","name":"LUDO Ticino - Japan Matsuri - Festival Giapponese Bellinzona","isPartOf":{"@id":"https:\/\/japanmatsuri.org\/#website"},"primaryImageOfPage":{"@id":"https:\/\/japanmatsuri.org\/it\/ludo-ticino\/#primaryimage"},"image":{"@id":"https:\/\/japanmatsuri.org\/it\/ludo-ticino\/#primaryimage"},"thumbnailUrl":"https:\/\/japanmatsuri.org\/wp-content\/uploads\/2025\/08\/Immagine-WhatsApp-2025-08-19-ore-16.59.46_e59563cc-1024x576.jpg","datePublished":"2025-08-23T12:24:05+00:00","dateModified":"2025-08-23T12:27:50+00:00","breadcrumb":{"@id":"https:\/\/japanmatsuri.org\/it\/ludo-ticino\/#breadcrumb"},"inLanguage":"de-CH","potentialAction":[{"@type":"ReadAction","target":["https:\/\/japanmatsuri.org\/it\/ludo-ticino\/"]}]},{"@type":"ImageObject","inLanguage":"de-CH","@id":"https:\/\/japanmatsuri.org\/it\/ludo-ticino\/#primaryimage","url":"https:\/\/japanmatsuri.org\/wp-content\/uploads\/2025\/08\/Immagine-WhatsApp-2025-08-19-ore-16.59.46_e59563cc-1024x576.jpg","contentUrl":"https:\/\/japanmatsuri.org\/wp-content\/uploads\/2025\/08\/Immagine-WhatsApp-2025-08-19-ore-16.59.46_e59563cc-1024x576.jpg"},{"@type":"BreadcrumbList","@id":"https:\/\/japanmatsuri.org\/it\/ludo-ticino\/#breadcrumb","itemListElement":[{"@type":"ListItem","position":1,"name":"Home","item":"https:\/\/japanmatsuri.org\/it\/"},{"@type":"ListItem","position":2,"name":"LUDO Ticino"}]},{"@type":"WebSite","@id":"https:\/\/japanmatsuri.org\/#website","url":"https:\/\/japanmatsuri.org\/","name":"Japan Matsuri - Festival Giapponese Bellinzona","description":"Festival Giapponese Bellinzona","potentialAction":[{"@type":"SearchAction","target":{"@type":"EntryPoint","urlTemplate":"https:\/\/japanmatsuri.org\/?s={search_term_string}"},"query-input":{"@type":"PropertyValueSpecification","valueRequired":true,"valueName":"search_term_string"}}],"inLanguage":"de-CH"}]}},"_links":{"self":[{"href":"https:\/\/japanmatsuri.org\/de\/wp-json\/wp\/v2\/pages\/1747","targetHints":{"allow":["GET"]}}],"collection":[{"href":"https:\/\/japanmatsuri.org\/de\/wp-json\/wp\/v2\/pages"}],"about":[{"href":"https:\/\/japanmatsuri.org\/de\/wp-json\/wp\/v2\/types\/page"}],"author":[{"embeddable":true,"href":"https:\/\/japanmatsuri.org\/de\/wp-json\/wp\/v2\/users\/1"}],"replies":[{"embeddable":true,"href":"https:\/\/japanmatsuri.org\/de\/wp-json\/wp\/v2\/comments?post=1747"}],"version-history":[{"count":10,"href":"https:\/\/japanmatsuri.org\/de\/wp-json\/wp\/v2\/pages\/1747\/revisions"}],"predecessor-version":[{"id":1779,"href":"https:\/\/japanmatsuri.org\/de\/wp-json\/wp\/v2\/pages\/1747\/revisions\/1779"}],"wp:attachment":[{"href":"https:\/\/japanmatsuri.org\/de\/wp-json\/wp\/v2\/media?parent=1747"}],"curies":[{"name":"wp","href":"https:\/\/api.w.org\/{rel}","templated":true}]}}