{"id":1780,"date":"2025-08-29T14:54:09","date_gmt":"2025-08-29T13:54:09","guid":{"rendered":"https:\/\/japanmatsuri.org\/it\/?page_id=1780"},"modified":"2025-08-29T14:56:37","modified_gmt":"2025-08-29T13:56:37","slug":"indie-games","status":"publish","type":"page","link":"https:\/\/japanmatsuri.org\/de\/indie-games\/","title":{"rendered":"Indie Games"},"content":{"rendered":"<div data-elementor-type=\"wp-page\" data-elementor-id=\"1780\" class=\"elementor elementor-1780\" data-elementor-post-type=\"page\">\n\t\t\t\t<div class=\"elementor-element elementor-element-4b4f26c4 e-flex e-con-boxed e-con e-parent\" data-id=\"4b4f26c4\" data-element_type=\"container\">\n\t\t\t\t\t<div class=\"e-con-inner\">\n\t\t\t\t<div class=\"elementor-element elementor-element-5eff9a85 elementor-widget elementor-widget-heading\" data-id=\"5eff9a85\" data-element_type=\"widget\" data-widget_type=\"heading.default\">\n\t\t\t\t<div class=\"elementor-widget-container\">\n\t\t\t\t\t<h1 class=\"elementor-heading-title elementor-size-default\">Indie Games<\/h1>\t\t\t\t<\/div>\n\t\t\t\t<\/div>\n\t\t\t\t<div class=\"elementor-element elementor-element-5c7ba38 elementor-widget elementor-widget-heading\" data-id=\"5c7ba38\" data-element_type=\"widget\" data-widget_type=\"heading.default\">\n\t\t\t\t<div class=\"elementor-widget-container\">\n\t\t\t\t\t<h2 class=\"elementor-heading-title elementor-size-default\">Swiss Game Developers Association (SGDA) und Stelex Software<\/h2>\t\t\t\t<\/div>\n\t\t\t\t<\/div>\n\t\t\t\t\t<\/div>\n\t\t\t\t<\/div>\n\t\t<div class=\"elementor-element elementor-element-4d8c2ee e-flex e-con-boxed e-con e-parent\" data-id=\"4d8c2ee\" data-element_type=\"container\">\n\t\t\t\t\t<div class=\"e-con-inner\">\n\t\t\t\t<div class=\"elementor-element elementor-element-2c47afb elementor-widget elementor-widget-image\" data-id=\"2c47afb\" data-element_type=\"widget\" data-widget_type=\"image.default\">\n\t\t\t\t<div class=\"elementor-widget-container\">\n\t\t\t\t\t\t\t\t\t\t\t\t\t\t\t<img fetchpriority=\"high\" decoding=\"async\" width=\"1750\" height=\"700\" src=\"https:\/\/japanmatsuri.org\/wp-content\/uploads\/2025\/08\/indiegame.png\" class=\"attachment-full size-full wp-image-1914\" alt=\"\" srcset=\"https:\/\/japanmatsuri.org\/wp-content\/uploads\/2025\/08\/indiegame.png 1750w, https:\/\/japanmatsuri.org\/wp-content\/uploads\/2025\/08\/indiegame-300x120.png 300w, https:\/\/japanmatsuri.org\/wp-content\/uploads\/2025\/08\/indiegame-1024x410.png 1024w, https:\/\/japanmatsuri.org\/wp-content\/uploads\/2025\/08\/indiegame-768x307.png 768w, https:\/\/japanmatsuri.org\/wp-content\/uploads\/2025\/08\/indiegame-1536x614.png 1536w, https:\/\/japanmatsuri.org\/wp-content\/uploads\/2025\/08\/indiegame-18x7.png 18w\" sizes=\"(max-width: 1750px) 100vw, 1750px\" \/>\t\t\t\t\t\t\t\t\t\t\t\t\t\t\t<\/div>\n\t\t\t\t<\/div>\n\t\t\t\t\t<\/div>\n\t\t\t\t<\/div>\n\t\t<div class=\"elementor-element elementor-element-78a16740 e-flex e-con-boxed e-con e-parent\" data-id=\"78a16740\" data-element_type=\"container\">\n\t\t\t\t\t<div class=\"e-con-inner\">\n\t\t\t\t\t<\/div>\n\t\t\t\t<\/div>\n\t\t<div class=\"elementor-element elementor-element-6473f4e e-flex e-con-boxed e-con e-parent\" data-id=\"6473f4e\" data-element_type=\"container\">\n\t\t\t\t\t<div class=\"e-con-inner\">\n\t\t\t\t<div class=\"elementor-element elementor-element-5d954c5 elementor-widget elementor-widget-text-editor\" data-id=\"5d954c5\" data-element_type=\"widget\" data-widget_type=\"text-editor.default\">\n\t\t\t\t<div class=\"elementor-widget-container\">\n\t\t\t\t\t\t\t\t\t<p>Entdecke das Universum der unabh\u00e4ngigen Spieleentwickler aus allen Regionen der Schweiz. Tauche ein in eine Welt voller Originalit\u00e4t und Kreativit\u00e4t. Teste exklusive Vorschauen auf Meisterwerke schweizerischer Indie-Entwickler und entdecke das Talent hinter jedem einzelnen Pixel.<\/p><p><b>SWISS GAME DEVELOPERS ASSOCIATION (SGDA)<\/b><b><br \/><\/b> Die Swiss Game Developers Association (SGDA) ist eine unabh\u00e4ngige Organisation und der wichtigste Interessenvertreter der Schweizer Spieleentwickler. Als gemeinn\u00fctziger Verein setzt sie sich f\u00fcr politische Unterst\u00fctzung, Professionalisierung durch Ausbildung und Talentf\u00f6rderung sowie f\u00fcr mehr Sichtbarkeit einer starken Schweizer Game-Industrie ein. Die SGDA organisiert die \u201eSwiss Game Awards\u201c, die Schweizer Innovation im Bereich Videospiele auszeichnen.<\/p>\t\t\t\t\t\t\t\t<\/div>\n\t\t\t\t<\/div>\n\t\t\t\t<div class=\"elementor-element elementor-element-3d6db34 elementor-widget elementor-widget-text-editor\" data-id=\"3d6db34\" data-element_type=\"widget\" data-widget_type=\"text-editor.default\">\n\t\t\t\t<div class=\"elementor-widget-container\">\n\t\t\t\t\t\t\t\t\t<p><b>STELEX SOFTWARE<\/b><b><br \/><\/b> Stelex Software wurde 2004 aus der Leidenschaft zweier junger M\u00e4nner aus dem Vallemaggia gegr\u00fcndet \u2013 einfache Videospiel-Fans ohne spezielle Ausbildung, die in ihrer Freizeit Amateurspiele entwickelten, rein aus Freude, Neugier und dem Wunsch, etwas zu lernen \u2013 ohne kommerzielle Absicht.<br \/>2012 wurde das Unternehmen von Stefano Maccarinelli (Mitgr\u00fcnder und heutiger Miteigent\u00fcmer) und seiner Frau Tania Maccarinelli (Miteigent\u00fcmerin und 3D-Umgebungsk\u00fcnstlerin) \u00fcbernommen, die es vollst\u00e4ndig neu strukturierten und in ein professionelles Unternehmen mit erweiterten Dienstleistungen verwandelten.<br \/>Stelex Software prides itself on offering original, often niche games that break away from mass-market productions\u2014games \u201cwith a soul,\u201d made with passion. While others shout, we prefer to whisper.<br \/>Im Jahr 2021 gewann Stelex Software bei den Swiss Game Awards \u2013 der renommiertesten Auszeichnung f\u00fcr Videospiele in der Schweiz.<\/p>\t\t\t\t\t\t\t\t<\/div>\n\t\t\t\t<\/div>\n\t\t\t\t\t<\/div>\n\t\t\t\t<\/div>\n\t\t<div class=\"elementor-element elementor-element-71a33dc4 e-flex e-con-boxed e-con e-parent\" data-id=\"71a33dc4\" data-element_type=\"container\">\n\t\t\t\t\t<div class=\"e-con-inner\">\n\t\t\t\t\t<\/div>\n\t\t\t\t<\/div>\n\t\t\t\t<\/div>","protected":false},"excerpt":{"rendered":"<p>Indie Games Swiss Game Developers Association (SGDA) e Stelex Software Esplora l\u2019universo dei giochi indipendenti provenienti da ogni angolo della Svizzera. Immergiti in un mondo di giochi indie che celebrano l\u2019originalit\u00e0. Prova in anteprima i capolavori degli sviluppatori indipendenti svizzeri e scopri il talento dietro ogni pixel. SWISS GAME DEVELOPERS ASSOCIATION (SGDA) La Swiss Game [&hellip;]<\/p>","protected":false},"author":1,"featured_media":0,"parent":0,"menu_order":0,"comment_status":"closed","ping_status":"closed","template":"","meta":{"footnotes":""},"class_list":["post-1780","page","type-page","status-publish","hentry"],"yoast_head":"<!-- This site is optimized with the Yoast SEO plugin v25.4 - https:\/\/yoast.com\/wordpress\/plugins\/seo\/ -->\n<title>Indie Games - Japan Matsuri - Festival Giapponese Bellinzona<\/title>\n<meta name=\"robots\" content=\"index, follow, max-snippet:-1, max-image-preview:large, max-video-preview:-1\" \/>\n<link rel=\"canonical\" href=\"https:\/\/japanmatsuri.org\/de\/indie-games\/\" \/>\n<meta property=\"og:locale\" content=\"de_DE\" \/>\n<meta property=\"og:type\" content=\"article\" \/>\n<meta property=\"og:title\" content=\"Indie Games - Japan Matsuri - Festival Giapponese Bellinzona\" \/>\n<meta property=\"og:description\" content=\"Indie Games Swiss Game Developers Association (SGDA) e Stelex Software Esplora l\u2019universo dei giochi indipendenti provenienti da ogni angolo della Svizzera. Immergiti in un mondo di giochi indie che celebrano l\u2019originalit\u00e0. Prova in anteprima i capolavori degli sviluppatori indipendenti svizzeri e scopri il talento dietro ogni pixel. SWISS GAME DEVELOPERS ASSOCIATION (SGDA) La Swiss Game [&hellip;]\" \/>\n<meta property=\"og:url\" content=\"https:\/\/japanmatsuri.org\/de\/indie-games\/\" \/>\n<meta property=\"og:site_name\" content=\"Japan Matsuri - Festival Giapponese Bellinzona\" \/>\n<meta property=\"article:modified_time\" content=\"2025-08-29T13:56:37+00:00\" \/>\n<meta property=\"og:image\" content=\"https:\/\/japanmatsuri.org\/wp-content\/uploads\/2025\/08\/indiegame.png\" \/>\n\t<meta property=\"og:image:width\" content=\"1750\" \/>\n\t<meta property=\"og:image:height\" content=\"700\" \/>\n\t<meta property=\"og:image:type\" content=\"image\/png\" \/>\n<meta name=\"twitter:card\" content=\"summary_large_image\" \/>\n<meta name=\"twitter:label1\" content=\"Gesch\u00e4tzte Lesezeit\" \/>\n\t<meta name=\"twitter:data1\" content=\"2\u00a0Minuten\" \/>\n<script type=\"application\/ld+json\" class=\"yoast-schema-graph\">{\"@context\":\"https:\/\/schema.org\",\"@graph\":[{\"@type\":\"WebPage\",\"@id\":\"https:\/\/japanmatsuri.org\/it\/indie-games\/\",\"url\":\"https:\/\/japanmatsuri.org\/it\/indie-games\/\",\"name\":\"Indie Games - Japan Matsuri - Festival Giapponese Bellinzona\",\"isPartOf\":{\"@id\":\"https:\/\/japanmatsuri.org\/#website\"},\"primaryImageOfPage\":{\"@id\":\"https:\/\/japanmatsuri.org\/it\/indie-games\/#primaryimage\"},\"image\":{\"@id\":\"https:\/\/japanmatsuri.org\/it\/indie-games\/#primaryimage\"},\"thumbnailUrl\":\"https:\/\/japanmatsuri.org\/wp-content\/uploads\/2025\/08\/indiegame.png\",\"datePublished\":\"2025-08-29T13:54:09+00:00\",\"dateModified\":\"2025-08-29T13:56:37+00:00\",\"breadcrumb\":{\"@id\":\"https:\/\/japanmatsuri.org\/it\/indie-games\/#breadcrumb\"},\"inLanguage\":\"de-CH\",\"potentialAction\":[{\"@type\":\"ReadAction\",\"target\":[\"https:\/\/japanmatsuri.org\/it\/indie-games\/\"]}]},{\"@type\":\"ImageObject\",\"inLanguage\":\"de-CH\",\"@id\":\"https:\/\/japanmatsuri.org\/it\/indie-games\/#primaryimage\",\"url\":\"https:\/\/japanmatsuri.org\/wp-content\/uploads\/2025\/08\/indiegame.png\",\"contentUrl\":\"https:\/\/japanmatsuri.org\/wp-content\/uploads\/2025\/08\/indiegame.png\"},{\"@type\":\"BreadcrumbList\",\"@id\":\"https:\/\/japanmatsuri.org\/it\/indie-games\/#breadcrumb\",\"itemListElement\":[{\"@type\":\"ListItem\",\"position\":1,\"name\":\"Home\",\"item\":\"https:\/\/japanmatsuri.org\/it\/\"},{\"@type\":\"ListItem\",\"position\":2,\"name\":\"Indie Games\"}]},{\"@type\":\"WebSite\",\"@id\":\"https:\/\/japanmatsuri.org\/#website\",\"url\":\"https:\/\/japanmatsuri.org\/\",\"name\":\"Japan Matsuri - Festival Giapponese Bellinzona\",\"description\":\"Festival Giapponese Bellinzona\",\"potentialAction\":[{\"@type\":\"SearchAction\",\"target\":{\"@type\":\"EntryPoint\",\"urlTemplate\":\"https:\/\/japanmatsuri.org\/?s={search_term_string}\"},\"query-input\":{\"@type\":\"PropertyValueSpecification\",\"valueRequired\":true,\"valueName\":\"search_term_string\"}}],\"inLanguage\":\"de-CH\"}]}<\/script>\n<!-- \/ Yoast SEO plugin. -->","yoast_head_json":{"title":"Indie Games - Japan Matsuri - Festival Giapponese Bellinzona","robots":{"index":"index","follow":"follow","max-snippet":"max-snippet:-1","max-image-preview":"max-image-preview:large","max-video-preview":"max-video-preview:-1"},"canonical":"https:\/\/japanmatsuri.org\/de\/indie-games\/","og_locale":"de_DE","og_type":"article","og_title":"Indie Games - Japan Matsuri - Festival Giapponese Bellinzona","og_description":"Indie Games Swiss Game Developers Association (SGDA) e Stelex Software Esplora l\u2019universo dei giochi indipendenti provenienti da ogni angolo della Svizzera. Immergiti in un mondo di giochi indie che celebrano l\u2019originalit\u00e0. Prova in anteprima i capolavori degli sviluppatori indipendenti svizzeri e scopri il talento dietro ogni pixel. SWISS GAME DEVELOPERS ASSOCIATION (SGDA) La Swiss Game [&hellip;]","og_url":"https:\/\/japanmatsuri.org\/de\/indie-games\/","og_site_name":"Japan Matsuri - Festival Giapponese Bellinzona","article_modified_time":"2025-08-29T13:56:37+00:00","og_image":[{"width":1750,"height":700,"url":"https:\/\/japanmatsuri.org\/wp-content\/uploads\/2025\/08\/indiegame.png","type":"image\/png"}],"twitter_card":"summary_large_image","twitter_misc":{"Gesch\u00e4tzte Lesezeit":"2\u00a0Minuten"},"schema":{"@context":"https:\/\/schema.org","@graph":[{"@type":"WebPage","@id":"https:\/\/japanmatsuri.org\/it\/indie-games\/","url":"https:\/\/japanmatsuri.org\/it\/indie-games\/","name":"Indie Games - Japan Matsuri - Festival Giapponese Bellinzona","isPartOf":{"@id":"https:\/\/japanmatsuri.org\/#website"},"primaryImageOfPage":{"@id":"https:\/\/japanmatsuri.org\/it\/indie-games\/#primaryimage"},"image":{"@id":"https:\/\/japanmatsuri.org\/it\/indie-games\/#primaryimage"},"thumbnailUrl":"https:\/\/japanmatsuri.org\/wp-content\/uploads\/2025\/08\/indiegame.png","datePublished":"2025-08-29T13:54:09+00:00","dateModified":"2025-08-29T13:56:37+00:00","breadcrumb":{"@id":"https:\/\/japanmatsuri.org\/it\/indie-games\/#breadcrumb"},"inLanguage":"de-CH","potentialAction":[{"@type":"ReadAction","target":["https:\/\/japanmatsuri.org\/it\/indie-games\/"]}]},{"@type":"ImageObject","inLanguage":"de-CH","@id":"https:\/\/japanmatsuri.org\/it\/indie-games\/#primaryimage","url":"https:\/\/japanmatsuri.org\/wp-content\/uploads\/2025\/08\/indiegame.png","contentUrl":"https:\/\/japanmatsuri.org\/wp-content\/uploads\/2025\/08\/indiegame.png"},{"@type":"BreadcrumbList","@id":"https:\/\/japanmatsuri.org\/it\/indie-games\/#breadcrumb","itemListElement":[{"@type":"ListItem","position":1,"name":"Home","item":"https:\/\/japanmatsuri.org\/it\/"},{"@type":"ListItem","position":2,"name":"Indie Games"}]},{"@type":"WebSite","@id":"https:\/\/japanmatsuri.org\/#website","url":"https:\/\/japanmatsuri.org\/","name":"Japan Matsuri - Festival Giapponese Bellinzona","description":"Festival Giapponese Bellinzona","potentialAction":[{"@type":"SearchAction","target":{"@type":"EntryPoint","urlTemplate":"https:\/\/japanmatsuri.org\/?s={search_term_string}"},"query-input":{"@type":"PropertyValueSpecification","valueRequired":true,"valueName":"search_term_string"}}],"inLanguage":"de-CH"}]}},"_links":{"self":[{"href":"https:\/\/japanmatsuri.org\/de\/wp-json\/wp\/v2\/pages\/1780","targetHints":{"allow":["GET"]}}],"collection":[{"href":"https:\/\/japanmatsuri.org\/de\/wp-json\/wp\/v2\/pages"}],"about":[{"href":"https:\/\/japanmatsuri.org\/de\/wp-json\/wp\/v2\/types\/page"}],"author":[{"embeddable":true,"href":"https:\/\/japanmatsuri.org\/de\/wp-json\/wp\/v2\/users\/1"}],"replies":[{"embeddable":true,"href":"https:\/\/japanmatsuri.org\/de\/wp-json\/wp\/v2\/comments?post=1780"}],"version-history":[{"count":10,"href":"https:\/\/japanmatsuri.org\/de\/wp-json\/wp\/v2\/pages\/1780\/revisions"}],"predecessor-version":[{"id":1921,"href":"https:\/\/japanmatsuri.org\/de\/wp-json\/wp\/v2\/pages\/1780\/revisions\/1921"}],"wp:attachment":[{"href":"https:\/\/japanmatsuri.org\/de\/wp-json\/wp\/v2\/media?parent=1780"}],"curies":[{"name":"wp","href":"https:\/\/api.w.org\/{rel}","templated":true}]}}