{"id":1879,"date":"2025-08-29T10:50:54","date_gmt":"2025-08-29T09:50:54","guid":{"rendered":"https:\/\/japanmatsuri.org\/it\/?page_id=1879"},"modified":"2025-08-29T16:33:20","modified_gmt":"2025-08-29T15:33:20","slug":"magic-the-gathering","status":"publish","type":"page","link":"https:\/\/japanmatsuri.org\/de\/magic-the-gathering\/","title":{"rendered":"Magic The Gathering"},"content":{"rendered":"<div data-elementor-type=\"wp-page\" data-elementor-id=\"1879\" class=\"elementor elementor-1879\" data-elementor-post-type=\"page\">\n\t\t\t\t<div class=\"elementor-element elementor-element-4c4af5cb e-flex e-con-boxed e-con e-parent\" data-id=\"4c4af5cb\" data-element_type=\"container\">\n\t\t\t\t\t<div class=\"e-con-inner\">\n\t\t\t\t<div class=\"elementor-element elementor-element-45b06d1b elementor-widget elementor-widget-heading\" data-id=\"45b06d1b\" data-element_type=\"widget\" data-widget_type=\"heading.default\">\n\t\t\t\t<div class=\"elementor-widget-container\">\n\t\t\t\t\t<h1 class=\"elementor-heading-title elementor-size-default\">Magic: The Gathering Turnier<\/h1>\t\t\t\t<\/div>\n\t\t\t\t<\/div>\n\t\t\t\t\t<\/div>\n\t\t\t\t<\/div>\n\t\t<div class=\"elementor-element elementor-element-e59bce4 e-flex e-con-boxed e-con e-parent\" data-id=\"e59bce4\" data-element_type=\"container\">\n\t\t\t\t\t<div class=\"e-con-inner\">\n\t\t\t\t<div class=\"elementor-element elementor-element-4aa5990 elementor-widget elementor-widget-image\" data-id=\"4aa5990\" data-element_type=\"widget\" data-widget_type=\"image.default\">\n\t\t\t\t<div class=\"elementor-widget-container\">\n\t\t\t\t\t\t\t\t\t\t\t\t\t\t\t<img fetchpriority=\"high\" decoding=\"async\" width=\"1750\" height=\"700\" src=\"https:\/\/japanmatsuri.org\/wp-content\/uploads\/2025\/08\/magic.png\" class=\"attachment-full size-full wp-image-1881\" alt=\"\" srcset=\"https:\/\/japanmatsuri.org\/wp-content\/uploads\/2025\/08\/magic.png 1750w, https:\/\/japanmatsuri.org\/wp-content\/uploads\/2025\/08\/magic-300x120.png 300w, https:\/\/japanmatsuri.org\/wp-content\/uploads\/2025\/08\/magic-1024x410.png 1024w, https:\/\/japanmatsuri.org\/wp-content\/uploads\/2025\/08\/magic-768x307.png 768w, https:\/\/japanmatsuri.org\/wp-content\/uploads\/2025\/08\/magic-1536x614.png 1536w, https:\/\/japanmatsuri.org\/wp-content\/uploads\/2025\/08\/magic-18x7.png 18w\" sizes=\"(max-width: 1750px) 100vw, 1750px\" \/>\t\t\t\t\t\t\t\t\t\t\t\t\t\t\t<\/div>\n\t\t\t\t<\/div>\n\t\t\t\t\t<\/div>\n\t\t\t\t<\/div>\n\t\t<div class=\"elementor-element elementor-element-c38e79a e-flex e-con-boxed e-con e-parent\" data-id=\"c38e79a\" data-element_type=\"container\">\n\t\t\t\t\t<div class=\"e-con-inner\">\n\t\t\t\t<div class=\"elementor-element elementor-element-ab6bf0b elementor-widget elementor-widget-text-editor\" data-id=\"ab6bf0b\" data-element_type=\"widget\" data-widget_type=\"text-editor.default\">\n\t\t\t\t<div class=\"elementor-widget-container\">\n\t\t\t\t\t\t\t\t\t<p class=\"translation-block\">Der <b>Verein Lotus<\/b> ist eine gemeinn\u00fctzige Organisation mit Sitz im Tessin, die seit 2017 aktiv ist und sich auf die Organisation von Magic: The Gathering-Turnieren spezialisiert hat. Mit besonderem Fokus auf die Formate Legacy und Modern veranstaltet der Verein auch Events f\u00fcr Vintage, Pauper und Commander und ist ein zentraler Treffpunkt f\u00fcr die lokale Magic-Community. Jedes Jahr finden zahlreiche Turniere statt, mit dem Ziel, spannende und wettbewerbsorientierte Events zu schaffen.<\/p>\t\t\t\t\t\t\t\t<\/div>\n\t\t\t\t<\/div>\n\t\t\t\t<div class=\"elementor-element elementor-element-6890232 elementor-widget elementor-widget-text-editor\" data-id=\"6890232\" data-element_type=\"widget\" data-widget_type=\"text-editor.default\">\n\t\t\t\t<div class=\"elementor-widget-container\">\n\t\t\t\t\t\t\t\t\t<p><b>Modern-Turnier \u2013 Samstag, 20. September<\/b><br \/>Der Verein Lotus organisiert ein Modern-Turnier mit der Competitive REL. Das Event beginnt um 11:00 Uhr mit 4\u20135 Swiss-Runden (je nach Teilnehmerzahl), gefolgt von einer Top 8.<\/p><p><b>Preise &amp; Anmeldung<\/b><br \/>Die Preise bestehen aus beliebten Karten des Modern-Formats und richten sich nach der Anzahl der Teilnehmenden. Die Teilnahmegeb\u00fchr betr\u00e4gt CHF 10 (zuz\u00fcglich Eintritt zum Festival).\nAnmeldung unter: <strong>lotus.ticino@gmail.com<\/strong><\/p><p>Ein Muss f\u00fcr alle Magic-Fans \u2013 ein spannendes Turnier in einer lebendigen und motivierenden Atmosph\u00e4re!<\/p>\t\t\t\t\t\t\t\t<\/div>\n\t\t\t\t<\/div>\n\t\t\t\t\t<\/div>\n\t\t\t\t<\/div>\n\t\t<div class=\"elementor-element elementor-element-49a107ef e-flex e-con-boxed e-con e-parent\" data-id=\"49a107ef\" data-element_type=\"container\">\n\t\t\t\t\t<div class=\"e-con-inner\">\n\t\t\t\t\t<\/div>\n\t\t\t\t<\/div>\n\t\t\t\t<\/div>","protected":false},"excerpt":{"rendered":"<p>Torneo Magic: The Gathering L\u2019Associazione Lotus \u00e8 un\u2019associazione no profit attiva in Ticino dal 2017, specializzata nell\u2019organizzazione di tornei di Magic: The Gathering. Con un\u2019attenzione particolare ai formati Legacy e Modern, l\u2019associazione propone anche eventi dedicati a Vintage, Pauper e Commander, offrendo un punto di riferimento per la community locale di giocatori. Ogni anno vengono [&hellip;]<\/p>","protected":false},"author":1,"featured_media":0,"parent":0,"menu_order":0,"comment_status":"closed","ping_status":"closed","template":"","meta":{"footnotes":""},"class_list":["post-1879","page","type-page","status-publish","hentry"],"yoast_head":"<!-- This site is optimized with the Yoast SEO plugin v25.4 - https:\/\/yoast.com\/wordpress\/plugins\/seo\/ -->\n<title>Magic The Gathering - Japan Matsuri - Festival Giapponese Bellinzona<\/title>\n<meta name=\"robots\" content=\"index, follow, max-snippet:-1, max-image-preview:large, max-video-preview:-1\" \/>\n<link rel=\"canonical\" href=\"https:\/\/japanmatsuri.org\/de\/magic-the-gathering\/\" \/>\n<meta property=\"og:locale\" content=\"de_DE\" \/>\n<meta property=\"og:type\" content=\"article\" \/>\n<meta property=\"og:title\" content=\"Magic The Gathering - Japan Matsuri - Festival Giapponese Bellinzona\" \/>\n<meta property=\"og:description\" content=\"Torneo Magic: The Gathering L\u2019Associazione Lotus \u00e8 un\u2019associazione no profit attiva in Ticino dal 2017, specializzata nell\u2019organizzazione di tornei di Magic: The Gathering. Con un\u2019attenzione particolare ai formati Legacy e Modern, l\u2019associazione propone anche eventi dedicati a Vintage, Pauper e Commander, offrendo un punto di riferimento per la community locale di giocatori. Ogni anno vengono [&hellip;]\" \/>\n<meta property=\"og:url\" content=\"https:\/\/japanmatsuri.org\/de\/magic-the-gathering\/\" \/>\n<meta property=\"og:site_name\" content=\"Japan Matsuri - Festival Giapponese Bellinzona\" \/>\n<meta property=\"article:modified_time\" content=\"2025-08-29T15:33:20+00:00\" \/>\n<meta property=\"og:image\" content=\"https:\/\/japanmatsuri.org\/wp-content\/uploads\/2025\/08\/magic.png\" \/>\n\t<meta property=\"og:image:width\" content=\"1750\" \/>\n\t<meta property=\"og:image:height\" content=\"700\" \/>\n\t<meta property=\"og:image:type\" content=\"image\/png\" \/>\n<meta name=\"twitter:card\" content=\"summary_large_image\" \/>\n<meta name=\"twitter:label1\" content=\"Gesch\u00e4tzte Lesezeit\" \/>\n\t<meta name=\"twitter:data1\" content=\"2\u00a0Minuten\" \/>\n<script type=\"application\/ld+json\" class=\"yoast-schema-graph\">{\"@context\":\"https:\/\/schema.org\",\"@graph\":[{\"@type\":\"WebPage\",\"@id\":\"https:\/\/japanmatsuri.org\/it\/magic-the-gathering\/\",\"url\":\"https:\/\/japanmatsuri.org\/it\/magic-the-gathering\/\",\"name\":\"Magic The Gathering - Japan Matsuri - Festival Giapponese Bellinzona\",\"isPartOf\":{\"@id\":\"https:\/\/japanmatsuri.org\/#website\"},\"primaryImageOfPage\":{\"@id\":\"https:\/\/japanmatsuri.org\/it\/magic-the-gathering\/#primaryimage\"},\"image\":{\"@id\":\"https:\/\/japanmatsuri.org\/it\/magic-the-gathering\/#primaryimage\"},\"thumbnailUrl\":\"https:\/\/japanmatsuri.org\/wp-content\/uploads\/2025\/08\/magic.png\",\"datePublished\":\"2025-08-29T09:50:54+00:00\",\"dateModified\":\"2025-08-29T15:33:20+00:00\",\"breadcrumb\":{\"@id\":\"https:\/\/japanmatsuri.org\/it\/magic-the-gathering\/#breadcrumb\"},\"inLanguage\":\"de-CH\",\"potentialAction\":[{\"@type\":\"ReadAction\",\"target\":[\"https:\/\/japanmatsuri.org\/it\/magic-the-gathering\/\"]}]},{\"@type\":\"ImageObject\",\"inLanguage\":\"de-CH\",\"@id\":\"https:\/\/japanmatsuri.org\/it\/magic-the-gathering\/#primaryimage\",\"url\":\"https:\/\/japanmatsuri.org\/wp-content\/uploads\/2025\/08\/magic.png\",\"contentUrl\":\"https:\/\/japanmatsuri.org\/wp-content\/uploads\/2025\/08\/magic.png\"},{\"@type\":\"BreadcrumbList\",\"@id\":\"https:\/\/japanmatsuri.org\/it\/magic-the-gathering\/#breadcrumb\",\"itemListElement\":[{\"@type\":\"ListItem\",\"position\":1,\"name\":\"Home\",\"item\":\"https:\/\/japanmatsuri.org\/it\/\"},{\"@type\":\"ListItem\",\"position\":2,\"name\":\"Magic The Gathering\"}]},{\"@type\":\"WebSite\",\"@id\":\"https:\/\/japanmatsuri.org\/#website\",\"url\":\"https:\/\/japanmatsuri.org\/\",\"name\":\"Japan Matsuri - Festival Giapponese Bellinzona\",\"description\":\"Festival Giapponese Bellinzona\",\"potentialAction\":[{\"@type\":\"SearchAction\",\"target\":{\"@type\":\"EntryPoint\",\"urlTemplate\":\"https:\/\/japanmatsuri.org\/?s={search_term_string}\"},\"query-input\":{\"@type\":\"PropertyValueSpecification\",\"valueRequired\":true,\"valueName\":\"search_term_string\"}}],\"inLanguage\":\"de-CH\"}]}<\/script>\n<!-- \/ Yoast SEO plugin. -->","yoast_head_json":{"title":"Magic The Gathering - Japan Matsuri - Festival Giapponese Bellinzona","robots":{"index":"index","follow":"follow","max-snippet":"max-snippet:-1","max-image-preview":"max-image-preview:large","max-video-preview":"max-video-preview:-1"},"canonical":"https:\/\/japanmatsuri.org\/de\/magic-the-gathering\/","og_locale":"de_DE","og_type":"article","og_title":"Magic The Gathering - Japan Matsuri - Festival Giapponese Bellinzona","og_description":"Torneo Magic: The Gathering L\u2019Associazione Lotus \u00e8 un\u2019associazione no profit attiva in Ticino dal 2017, specializzata nell\u2019organizzazione di tornei di Magic: The Gathering. Con un\u2019attenzione particolare ai formati Legacy e Modern, l\u2019associazione propone anche eventi dedicati a Vintage, Pauper e Commander, offrendo un punto di riferimento per la community locale di giocatori. Ogni anno vengono [&hellip;]","og_url":"https:\/\/japanmatsuri.org\/de\/magic-the-gathering\/","og_site_name":"Japan Matsuri - Festival Giapponese Bellinzona","article_modified_time":"2025-08-29T15:33:20+00:00","og_image":[{"width":1750,"height":700,"url":"https:\/\/japanmatsuri.org\/wp-content\/uploads\/2025\/08\/magic.png","type":"image\/png"}],"twitter_card":"summary_large_image","twitter_misc":{"Gesch\u00e4tzte Lesezeit":"2\u00a0Minuten"},"schema":{"@context":"https:\/\/schema.org","@graph":[{"@type":"WebPage","@id":"https:\/\/japanmatsuri.org\/it\/magic-the-gathering\/","url":"https:\/\/japanmatsuri.org\/it\/magic-the-gathering\/","name":"Magic The Gathering - Japan Matsuri - Festival Giapponese Bellinzona","isPartOf":{"@id":"https:\/\/japanmatsuri.org\/#website"},"primaryImageOfPage":{"@id":"https:\/\/japanmatsuri.org\/it\/magic-the-gathering\/#primaryimage"},"image":{"@id":"https:\/\/japanmatsuri.org\/it\/magic-the-gathering\/#primaryimage"},"thumbnailUrl":"https:\/\/japanmatsuri.org\/wp-content\/uploads\/2025\/08\/magic.png","datePublished":"2025-08-29T09:50:54+00:00","dateModified":"2025-08-29T15:33:20+00:00","breadcrumb":{"@id":"https:\/\/japanmatsuri.org\/it\/magic-the-gathering\/#breadcrumb"},"inLanguage":"de-CH","potentialAction":[{"@type":"ReadAction","target":["https:\/\/japanmatsuri.org\/it\/magic-the-gathering\/"]}]},{"@type":"ImageObject","inLanguage":"de-CH","@id":"https:\/\/japanmatsuri.org\/it\/magic-the-gathering\/#primaryimage","url":"https:\/\/japanmatsuri.org\/wp-content\/uploads\/2025\/08\/magic.png","contentUrl":"https:\/\/japanmatsuri.org\/wp-content\/uploads\/2025\/08\/magic.png"},{"@type":"BreadcrumbList","@id":"https:\/\/japanmatsuri.org\/it\/magic-the-gathering\/#breadcrumb","itemListElement":[{"@type":"ListItem","position":1,"name":"Home","item":"https:\/\/japanmatsuri.org\/it\/"},{"@type":"ListItem","position":2,"name":"Magic The Gathering"}]},{"@type":"WebSite","@id":"https:\/\/japanmatsuri.org\/#website","url":"https:\/\/japanmatsuri.org\/","name":"Japan Matsuri - Festival Giapponese Bellinzona","description":"Festival Giapponese Bellinzona","potentialAction":[{"@type":"SearchAction","target":{"@type":"EntryPoint","urlTemplate":"https:\/\/japanmatsuri.org\/?s={search_term_string}"},"query-input":{"@type":"PropertyValueSpecification","valueRequired":true,"valueName":"search_term_string"}}],"inLanguage":"de-CH"}]}},"_links":{"self":[{"href":"https:\/\/japanmatsuri.org\/de\/wp-json\/wp\/v2\/pages\/1879","targetHints":{"allow":["GET"]}}],"collection":[{"href":"https:\/\/japanmatsuri.org\/de\/wp-json\/wp\/v2\/pages"}],"about":[{"href":"https:\/\/japanmatsuri.org\/de\/wp-json\/wp\/v2\/types\/page"}],"author":[{"embeddable":true,"href":"https:\/\/japanmatsuri.org\/de\/wp-json\/wp\/v2\/users\/1"}],"replies":[{"embeddable":true,"href":"https:\/\/japanmatsuri.org\/de\/wp-json\/wp\/v2\/comments?post=1879"}],"version-history":[{"count":10,"href":"https:\/\/japanmatsuri.org\/de\/wp-json\/wp\/v2\/pages\/1879\/revisions"}],"predecessor-version":[{"id":1892,"href":"https:\/\/japanmatsuri.org\/de\/wp-json\/wp\/v2\/pages\/1879\/revisions\/1892"}],"wp:attachment":[{"href":"https:\/\/japanmatsuri.org\/de\/wp-json\/wp\/v2\/media?parent=1879"}],"curies":[{"name":"wp","href":"https:\/\/api.w.org\/{rel}","templated":true}]}}