{"id":1888,"date":"2025-08-29T12:52:51","date_gmt":"2025-08-29T11:52:51","guid":{"rendered":"https:\/\/japanmatsuri.org\/it\/?page_id=1888"},"modified":"2025-09-05T18:56:10","modified_gmt":"2025-09-05T17:56:10","slug":"hyakki-yagyo-manhole","status":"publish","type":"page","link":"https:\/\/japanmatsuri.org\/de\/hyakki-yagyo-manhole\/","title":{"rendered":"Hyakki Yagy\u014d Manhole"},"content":{"rendered":"<div data-elementor-type=\"wp-page\" data-elementor-id=\"1888\" class=\"elementor elementor-1888\" data-elementor-post-type=\"page\">\n\t\t\t\t<div class=\"elementor-element elementor-element-754314e0 e-flex e-con-boxed e-con e-parent\" data-id=\"754314e0\" data-element_type=\"container\">\n\t\t\t\t\t<div class=\"e-con-inner\">\n\t\t\t\t<div class=\"elementor-element elementor-element-6287496b elementor-widget elementor-widget-heading\" data-id=\"6287496b\" data-element_type=\"widget\" data-widget_type=\"heading.default\">\n\t\t\t\t<div class=\"elementor-widget-container\">\n\t\t\t\t\t<h1 class=\"elementor-heading-title elementor-size-default\"> Hyakki Yagy\u014d Manhole\n<\/h1>\t\t\t\t<\/div>\n\t\t\t\t<\/div>\n\t\t\t\t<div class=\"elementor-element elementor-element-1f736b8 elementor-widget elementor-widget-heading\" data-id=\"1f736b8\" data-element_type=\"widget\" data-widget_type=\"heading.default\">\n\t\t\t\t<div class=\"elementor-widget-container\">\n\t\t\t\t\t<h2 class=\"elementor-heading-title elementor-size-default\">Disegna la cultura giapponese<\/h2>\t\t\t\t<\/div>\n\t\t\t\t<\/div>\n\t\t\t\t\t<\/div>\n\t\t\t\t<\/div>\n\t\t<div class=\"elementor-element elementor-element-fc6032d e-flex e-con-boxed e-con e-parent\" data-id=\"fc6032d\" data-element_type=\"container\">\n\t\t\t\t\t<div class=\"e-con-inner\">\n\t\t\t\t<div class=\"elementor-element elementor-element-a9e1a7f elementor-widget elementor-widget-image\" data-id=\"a9e1a7f\" data-element_type=\"widget\" data-widget_type=\"image.default\">\n\t\t\t\t<div class=\"elementor-widget-container\">\n\t\t\t\t\t\t\t\t\t\t\t\t\t\t\t<img fetchpriority=\"high\" decoding=\"async\" width=\"1750\" height=\"700\" src=\"https:\/\/japanmatsuri.org\/wp-content\/uploads\/2025\/08\/yokai.png\" class=\"attachment-full size-full wp-image-1902\" alt=\"\" srcset=\"https:\/\/japanmatsuri.org\/wp-content\/uploads\/2025\/08\/yokai.png 1750w, https:\/\/japanmatsuri.org\/wp-content\/uploads\/2025\/08\/yokai-300x120.png 300w, https:\/\/japanmatsuri.org\/wp-content\/uploads\/2025\/08\/yokai-1024x410.png 1024w, https:\/\/japanmatsuri.org\/wp-content\/uploads\/2025\/08\/yokai-768x307.png 768w, https:\/\/japanmatsuri.org\/wp-content\/uploads\/2025\/08\/yokai-1536x614.png 1536w, https:\/\/japanmatsuri.org\/wp-content\/uploads\/2025\/08\/yokai-18x7.png 18w\" sizes=\"(max-width: 1750px) 100vw, 1750px\" \/>\t\t\t\t\t\t\t\t\t\t\t\t\t\t\t<\/div>\n\t\t\t\t<\/div>\n\t\t\t\t\t<\/div>\n\t\t\t\t<\/div>\n\t\t<div class=\"elementor-element elementor-element-72a3845 e-flex e-con-boxed e-con e-parent\" data-id=\"72a3845\" data-element_type=\"container\">\n\t\t\t\t\t<div class=\"e-con-inner\">\n\t\t\t\t<div class=\"elementor-element elementor-element-9632c7f elementor-widget elementor-widget-text-editor\" data-id=\"9632c7f\" data-element_type=\"widget\" data-widget_type=\"text-editor.default\">\n\t\t\t\t<div class=\"elementor-widget-container\">\n\t\t\t\t\t\t\t\t\t<p><b>Die urbane Kunst japanischer Kanaldeckel<\/b><b><br \/><\/b> I <i>manhole<\/i> giapponesi sono vere opere di arte urbana: piccoli scrigni di cultura locale che raccontano folklore, natura e identit\u00e0. Come i graffiti in Occidente, anche i <i>manhole<\/i> sono una forma di arte pubblica e popolare, visibile a tutti e radicata nello spazio quotidiano. I temi sono vari e spesso \u00e8 facile incontrare personaggi che si conoscono grazie al mondo degli anime e dei manga. \u00c8 un\u2019arte che unisce funzionalit\u00e0 e creativit\u00e0, trasformando un semplice coperchio in un piccolo mondo da scoprire.<br \/>In questo laboratorio ti aiuter\u00f2 tramite un percorso cretivo mirato a realizzare un design completo, dalla A alla Z, per il tuo tombino Yokai giapponese!<\/p>\t\t\t\t\t\t\t\t<\/div>\n\t\t\t\t<\/div>\n\t\t\t\t<div class=\"elementor-element elementor-element-1b251a3 elementor-widget elementor-widget-text-editor\" data-id=\"1b251a3\" data-element_type=\"widget\" data-widget_type=\"text-editor.default\">\n\t\t\t\t<div class=\"elementor-widget-container\">\n\t\t\t\t\t\t\t\t\t<p><b>Was wir machen werden:<\/b><b><br \/><\/b>Inspiriert von den ber\u00fchmten Kanaldeckeln, die man \u00fcberall in Japan findet, entwerfen und gestalten wir unseren ganz pers\u00f6nlichen Yokai-Kanaldeckel \u2013 selbstverst\u00e4ndlich im runden Format!<\/p><p class=\"translation-block\">Was du lernen wirst:<\/p><ul><li>Entdecke die faszinierende Welt der Yokai<\/li><li class=\"translation-block\">W\u00e4hle deinen Lieblings-Yokai aus und <b>analysiere<\/b> ihn, um ihn in deinem eigenen Stil umzusetzen<\/li><li class=\"translation-block\">Lerne die Grundlagen der Zeichentechnik, um ihn leichter zeichnen zu k\u00f6nnen<\/li><li class=\"translation-block\">Koloriere mit Copics, den weltweit bekannten Markern von Designern und Mangaka<\/li><li class=\"translation-block\">Erfahre einige Tricks, um deine Zeichnungen aufzuwerten, fertigzustellen und zu komponieren<\/li><\/ul>\t\t\t\t\t\t\t\t<\/div>\n\t\t\t\t<\/div>\n\t\t\t\t\t<\/div>\n\t\t\t\t<\/div>\n\t\t<div class=\"elementor-element elementor-element-9683826 e-flex e-con-boxed e-con e-parent\" data-id=\"9683826\" data-element_type=\"container\">\n\t\t\t\t\t<div class=\"e-con-inner\">\n\t\t\t\t<div class=\"elementor-element elementor-element-1712f81 elementor-widget elementor-widget-text-editor\" data-id=\"1712f81\" data-element_type=\"widget\" data-widget_type=\"text-editor.default\">\n\t\t\t\t<div class=\"elementor-widget-container\">\n\t\t\t\t\t\t\t\t\t<p><b>Cinzia Bruschi<\/b><\/p><p>Ausgebildete Lehrerin f\u00fcr visuelle Erziehung und plastische Kunst (SUPSI DFA). Au\u00dferdem studierte und unterrichtete sie an der Europ\u00e4ischen Manga-Akademie.<\/p><p>Sie ist auf die japanische Popkultur spezialisiert und widmete beide Abschlussarbeiten dem Land der aufgehenden Sonne, wobei sie ihre Studien an der Universit\u00e4t Ca\u2019 Foscari weiter vertiefte.<\/p><p>Seit \u00fcber f\u00fcnfzehn Jahren reist sie regelm\u00e4\u00dfig nach Japan zum Studieren, Arbeiten und f\u00fcr Inspiration. Besonders am Herzen liegt ihr die Teilnahme an gro\u00dfen japanischen Messen f\u00fcr Selbstpublikationen wie Comiket und Comitia.<\/p>\t\t\t\t\t\t\t\t<\/div>\n\t\t\t\t<\/div>\n\t\t\t\t\t<\/div>\n\t\t\t\t<\/div>\n\t\t<div class=\"elementor-element elementor-element-8e3cb10 e-flex e-con-boxed e-con e-parent\" data-id=\"8e3cb10\" data-element_type=\"container\">\n\t\t\t\t\t<div class=\"e-con-inner\">\n\t\t<div class=\"elementor-element elementor-element-1dc32d6 e-con-full e-flex e-con e-child\" data-id=\"1dc32d6\" data-element_type=\"container\">\n\t\t\t\t<div class=\"elementor-element elementor-element-4c6c305 elementor-widget elementor-widget-text-editor\" data-id=\"4c6c305\" data-element_type=\"widget\" data-widget_type=\"text-editor.default\">\n\t\t\t\t<div class=\"elementor-widget-container\">\n\t\t\t\t\t\t\t\t\t<p class=\"translation-block\"><b>Datum:<\/b> Sonntag, 21. September<br>\n<b>Uhrzeit:<\/b> 11:00 \u2013 12:30 (kleine Snacks werden angeboten)<br>\n<b>Ort:<\/b> Kursraum 1<br>\n<b>Teilnehmerzahl:<\/b> Maximal 24 <br>\n<b>Kosten:<\/b> 15 CHF \u2013 UND du erh\u00e4ltst einen GUTSCHEIN \u00fcber 30 CHF!<br>\n(Am Ende des Workshops erh\u00e4ltst du einen Gutschein \u00fcber 30 CHF f\u00fcr die Anmeldung zu<\/p><p class=\"translation-block\"><b>Sprache:<\/b> Italienisch und Englisch<\/p><p>Die Dozentin wird den Workshop individuell anpassen, um jede\/n bei der erfolgreichen Umsetzung des eigenen \u201eYokai-Kanaldeckels\u201c zu begleiten<\/p>\t\t\t\t\t\t\t\t<\/div>\n\t\t\t\t<\/div>\n\t\t\t\t<\/div>\n\t\t<div class=\"elementor-element elementor-element-e2a1b39 e-flex e-con-boxed e-con e-child\" data-id=\"e2a1b39\" data-element_type=\"container\">\n\t\t\t\t\t<div class=\"e-con-inner\">\n\t\t\t\t<div class=\"elementor-element elementor-element-a6d12d6 elementor-widget-mobile__width-initial elementor-widget elementor-widget-button\" data-id=\"a6d12d6\" data-element_type=\"widget\" data-widget_type=\"button.default\">\n\t\t\t\t<div class=\"elementor-widget-container\">\n\t\t\t\t\t\t\t\t\t<div class=\"elementor-button-wrapper\">\n\t\t\t\t\t<a class=\"elementor-button elementor-button-link elementor-size-sm\" href=\"https:\/\/www.ticketino.com\/de\/event\/japan-matsuri-workshops\/205119\" target=\"_blank\">\n\t\t\t\t\t\t<span class=\"elementor-button-content-wrapper\">\n\t\t\t\t\t\t\t\t\t<span class=\"elementor-button-text\">ANMELDUNG<\/span>\n\t\t\t\t\t<\/span>\n\t\t\t\t\t<\/a>\n\t\t\t\t<\/div>\n\t\t\t\t\t\t\t\t<\/div>\n\t\t\t\t<\/div>\n\t\t\t\t<div class=\"elementor-element elementor-element-99045bf elementor-widget elementor-widget-button\" data-id=\"99045bf\" data-element_type=\"widget\" data-widget_type=\"button.default\">\n\t\t\t\t<div class=\"elementor-widget-container\">\n\t\t\t\t\t\t\t\t\t<div class=\"elementor-button-wrapper\">\n\t\t\t\t\t<a class=\"elementor-button elementor-button-link elementor-size-sm\" href=\"https:\/\/japanmatsuri.org\/de\/regeln\/\" target=\"_blank\">\n\t\t\t\t\t\t<span class=\"elementor-button-content-wrapper\">\n\t\t\t\t\t\t\t\t\t<span class=\"elementor-button-text\">REGELN<\/span>\n\t\t\t\t\t<\/span>\n\t\t\t\t\t<\/a>\n\t\t\t\t<\/div>\n\t\t\t\t\t\t\t\t<\/div>\n\t\t\t\t<\/div>\n\t\t\t\t\t<\/div>\n\t\t\t\t<\/div>\n\t\t\t\t\t<\/div>\n\t\t\t\t<\/div>\n\t\t<div class=\"elementor-element elementor-element-92e2594 e-flex e-con-boxed e-con e-parent\" data-id=\"92e2594\" data-element_type=\"container\">\n\t\t\t\t\t<div class=\"e-con-inner\">\n\t\t\t\t\t<\/div>\n\t\t\t\t<\/div>\n\t\t<div class=\"elementor-element elementor-element-cf4f26e e-flex e-con-boxed e-con e-parent\" data-id=\"cf4f26e\" data-element_type=\"container\">\n\t\t\t\t\t<div class=\"e-con-inner\">\n\t\t\t\t<div class=\"elementor-element elementor-element-e91b1e5 elementor-widget elementor-widget-text-editor\" data-id=\"e91b1e5\" data-element_type=\"widget\" data-widget_type=\"text-editor.default\">\n\t\t\t\t<div class=\"elementor-widget-container\">\n\t\t\t\t\t\t\t\t\t<p><i>Um Zugang zum Workshop-Bereich zu erhalten, m\u00fcssen Sie das Armband tragen, das am Festival-Eingang ausgegeben wird. Um den Eintritt zu erleichtern, empfehlen wir, Ihr Festivalticket online zu kaufen. Menschen mit Behinderungen oder eingeschr\u00e4nkter Mobilit\u00e4t bitten wir, uns im Voraus per E-Mail an info@japanmatsuri.org zu kontaktieren, damit wir einen stressfreien Zugang arrangieren k\u00f6nnen.<\/i><\/p>\t\t\t\t\t\t\t\t<\/div>\n\t\t\t\t<\/div>\n\t\t\t\t\t<\/div>\n\t\t\t\t<\/div>\n\t\t<div class=\"elementor-element elementor-element-6f2f22cb e-flex e-con-boxed e-con e-parent\" data-id=\"6f2f22cb\" data-element_type=\"container\">\n\t\t\t\t\t<div class=\"e-con-inner\">\n\t\t\t\t\t<\/div>\n\t\t\t\t<\/div>\n\t\t\t\t<\/div>","protected":false},"excerpt":{"rendered":"<p>Hyakki Yagy\u014d Manhole Disegna la cultura giapponese L\u2019arte urbana dei tombini giapponesi I manhole giapponesi sono vere opere di arte urbana: piccoli scrigni di cultura locale che raccontano folklore, natura e identit\u00e0. Come i graffiti in Occidente, anche i manhole sono una forma di arte pubblica e popolare, visibile a tutti e radicata nello spazio [&hellip;]<\/p>","protected":false},"author":1,"featured_media":0,"parent":0,"menu_order":0,"comment_status":"closed","ping_status":"closed","template":"","meta":{"footnotes":""},"class_list":["post-1888","page","type-page","status-publish","hentry"],"yoast_head":"<!-- This site is optimized with the Yoast SEO plugin v25.4 - https:\/\/yoast.com\/wordpress\/plugins\/seo\/ -->\n<title>Hyakki Yagy\u014d Manhole - Japan Matsuri - Festival Giapponese Bellinzona<\/title>\n<meta name=\"robots\" content=\"index, follow, max-snippet:-1, max-image-preview:large, max-video-preview:-1\" \/>\n<link rel=\"canonical\" href=\"https:\/\/japanmatsuri.org\/de\/hyakki-yagyo-manhole\/\" \/>\n<meta property=\"og:locale\" content=\"de_DE\" \/>\n<meta property=\"og:type\" content=\"article\" \/>\n<meta property=\"og:title\" content=\"Hyakki Yagy\u014d Manhole - Japan Matsuri - Festival Giapponese Bellinzona\" \/>\n<meta property=\"og:description\" content=\"Hyakki Yagy\u014d Manhole Disegna la cultura giapponese L\u2019arte urbana dei tombini giapponesi I manhole giapponesi sono vere opere di arte urbana: piccoli scrigni di cultura locale che raccontano folklore, natura e identit\u00e0. Come i graffiti in Occidente, anche i manhole sono una forma di arte pubblica e popolare, visibile a tutti e radicata nello spazio [&hellip;]\" \/>\n<meta property=\"og:url\" content=\"https:\/\/japanmatsuri.org\/de\/hyakki-yagyo-manhole\/\" \/>\n<meta property=\"og:site_name\" content=\"Japan Matsuri - Festival Giapponese Bellinzona\" \/>\n<meta property=\"article:modified_time\" content=\"2025-09-05T17:56:10+00:00\" \/>\n<meta property=\"og:image\" content=\"https:\/\/japanmatsuri.org\/wp-content\/uploads\/2025\/08\/yokai.png\" \/>\n\t<meta property=\"og:image:width\" content=\"1750\" \/>\n\t<meta property=\"og:image:height\" content=\"700\" \/>\n\t<meta property=\"og:image:type\" content=\"image\/png\" \/>\n<meta name=\"twitter:card\" content=\"summary_large_image\" \/>\n<meta name=\"twitter:label1\" content=\"Gesch\u00e4tzte Lesezeit\" \/>\n\t<meta name=\"twitter:data1\" content=\"3\u00a0Minuten\" \/>\n<script type=\"application\/ld+json\" class=\"yoast-schema-graph\">{\"@context\":\"https:\/\/schema.org\",\"@graph\":[{\"@type\":\"WebPage\",\"@id\":\"https:\/\/japanmatsuri.org\/it\/hyakki-yagyo-manhole\/\",\"url\":\"https:\/\/japanmatsuri.org\/it\/hyakki-yagyo-manhole\/\",\"name\":\"Hyakki Yagy\u014d Manhole - Japan Matsuri - Festival Giapponese Bellinzona\",\"isPartOf\":{\"@id\":\"https:\/\/japanmatsuri.org\/#website\"},\"primaryImageOfPage\":{\"@id\":\"https:\/\/japanmatsuri.org\/it\/hyakki-yagyo-manhole\/#primaryimage\"},\"image\":{\"@id\":\"https:\/\/japanmatsuri.org\/it\/hyakki-yagyo-manhole\/#primaryimage\"},\"thumbnailUrl\":\"https:\/\/japanmatsuri.org\/wp-content\/uploads\/2025\/08\/yokai.png\",\"datePublished\":\"2025-08-29T11:52:51+00:00\",\"dateModified\":\"2025-09-05T17:56:10+00:00\",\"breadcrumb\":{\"@id\":\"https:\/\/japanmatsuri.org\/it\/hyakki-yagyo-manhole\/#breadcrumb\"},\"inLanguage\":\"de-CH\",\"potentialAction\":[{\"@type\":\"ReadAction\",\"target\":[\"https:\/\/japanmatsuri.org\/it\/hyakki-yagyo-manhole\/\"]}]},{\"@type\":\"ImageObject\",\"inLanguage\":\"de-CH\",\"@id\":\"https:\/\/japanmatsuri.org\/it\/hyakki-yagyo-manhole\/#primaryimage\",\"url\":\"https:\/\/japanmatsuri.org\/wp-content\/uploads\/2025\/08\/yokai.png\",\"contentUrl\":\"https:\/\/japanmatsuri.org\/wp-content\/uploads\/2025\/08\/yokai.png\"},{\"@type\":\"BreadcrumbList\",\"@id\":\"https:\/\/japanmatsuri.org\/it\/hyakki-yagyo-manhole\/#breadcrumb\",\"itemListElement\":[{\"@type\":\"ListItem\",\"position\":1,\"name\":\"Home\",\"item\":\"https:\/\/japanmatsuri.org\/it\/\"},{\"@type\":\"ListItem\",\"position\":2,\"name\":\"Hyakki Yagy\u014d Manhole\"}]},{\"@type\":\"WebSite\",\"@id\":\"https:\/\/japanmatsuri.org\/#website\",\"url\":\"https:\/\/japanmatsuri.org\/\",\"name\":\"Japan Matsuri - Festival Giapponese Bellinzona\",\"description\":\"Festival Giapponese Bellinzona\",\"potentialAction\":[{\"@type\":\"SearchAction\",\"target\":{\"@type\":\"EntryPoint\",\"urlTemplate\":\"https:\/\/japanmatsuri.org\/?s={search_term_string}\"},\"query-input\":{\"@type\":\"PropertyValueSpecification\",\"valueRequired\":true,\"valueName\":\"search_term_string\"}}],\"inLanguage\":\"de-CH\"}]}<\/script>\n<!-- \/ Yoast SEO plugin. -->","yoast_head_json":{"title":"Hyakki Yagy\u014d Manhole - Japan Matsuri - Festival Giapponese Bellinzona","robots":{"index":"index","follow":"follow","max-snippet":"max-snippet:-1","max-image-preview":"max-image-preview:large","max-video-preview":"max-video-preview:-1"},"canonical":"https:\/\/japanmatsuri.org\/de\/hyakki-yagyo-manhole\/","og_locale":"de_DE","og_type":"article","og_title":"Hyakki Yagy\u014d Manhole - Japan Matsuri - Festival Giapponese Bellinzona","og_description":"Hyakki Yagy\u014d Manhole Disegna la cultura giapponese L\u2019arte urbana dei tombini giapponesi I manhole giapponesi sono vere opere di arte urbana: piccoli scrigni di cultura locale che raccontano folklore, natura e identit\u00e0. Come i graffiti in Occidente, anche i manhole sono una forma di arte pubblica e popolare, visibile a tutti e radicata nello spazio [&hellip;]","og_url":"https:\/\/japanmatsuri.org\/de\/hyakki-yagyo-manhole\/","og_site_name":"Japan Matsuri - Festival Giapponese Bellinzona","article_modified_time":"2025-09-05T17:56:10+00:00","og_image":[{"width":1750,"height":700,"url":"https:\/\/japanmatsuri.org\/wp-content\/uploads\/2025\/08\/yokai.png","type":"image\/png"}],"twitter_card":"summary_large_image","twitter_misc":{"Gesch\u00e4tzte Lesezeit":"3\u00a0Minuten"},"schema":{"@context":"https:\/\/schema.org","@graph":[{"@type":"WebPage","@id":"https:\/\/japanmatsuri.org\/it\/hyakki-yagyo-manhole\/","url":"https:\/\/japanmatsuri.org\/it\/hyakki-yagyo-manhole\/","name":"Hyakki Yagy\u014d Manhole - Japan Matsuri - Festival Giapponese Bellinzona","isPartOf":{"@id":"https:\/\/japanmatsuri.org\/#website"},"primaryImageOfPage":{"@id":"https:\/\/japanmatsuri.org\/it\/hyakki-yagyo-manhole\/#primaryimage"},"image":{"@id":"https:\/\/japanmatsuri.org\/it\/hyakki-yagyo-manhole\/#primaryimage"},"thumbnailUrl":"https:\/\/japanmatsuri.org\/wp-content\/uploads\/2025\/08\/yokai.png","datePublished":"2025-08-29T11:52:51+00:00","dateModified":"2025-09-05T17:56:10+00:00","breadcrumb":{"@id":"https:\/\/japanmatsuri.org\/it\/hyakki-yagyo-manhole\/#breadcrumb"},"inLanguage":"de-CH","potentialAction":[{"@type":"ReadAction","target":["https:\/\/japanmatsuri.org\/it\/hyakki-yagyo-manhole\/"]}]},{"@type":"ImageObject","inLanguage":"de-CH","@id":"https:\/\/japanmatsuri.org\/it\/hyakki-yagyo-manhole\/#primaryimage","url":"https:\/\/japanmatsuri.org\/wp-content\/uploads\/2025\/08\/yokai.png","contentUrl":"https:\/\/japanmatsuri.org\/wp-content\/uploads\/2025\/08\/yokai.png"},{"@type":"BreadcrumbList","@id":"https:\/\/japanmatsuri.org\/it\/hyakki-yagyo-manhole\/#breadcrumb","itemListElement":[{"@type":"ListItem","position":1,"name":"Home","item":"https:\/\/japanmatsuri.org\/it\/"},{"@type":"ListItem","position":2,"name":"Hyakki Yagy\u014d Manhole"}]},{"@type":"WebSite","@id":"https:\/\/japanmatsuri.org\/#website","url":"https:\/\/japanmatsuri.org\/","name":"Japan Matsuri - Festival Giapponese Bellinzona","description":"Festival Giapponese Bellinzona","potentialAction":[{"@type":"SearchAction","target":{"@type":"EntryPoint","urlTemplate":"https:\/\/japanmatsuri.org\/?s={search_term_string}"},"query-input":{"@type":"PropertyValueSpecification","valueRequired":true,"valueName":"search_term_string"}}],"inLanguage":"de-CH"}]}},"_links":{"self":[{"href":"https:\/\/japanmatsuri.org\/de\/wp-json\/wp\/v2\/pages\/1888","targetHints":{"allow":["GET"]}}],"collection":[{"href":"https:\/\/japanmatsuri.org\/de\/wp-json\/wp\/v2\/pages"}],"about":[{"href":"https:\/\/japanmatsuri.org\/de\/wp-json\/wp\/v2\/types\/page"}],"author":[{"embeddable":true,"href":"https:\/\/japanmatsuri.org\/de\/wp-json\/wp\/v2\/users\/1"}],"replies":[{"embeddable":true,"href":"https:\/\/japanmatsuri.org\/de\/wp-json\/wp\/v2\/comments?post=1888"}],"version-history":[{"count":16,"href":"https:\/\/japanmatsuri.org\/de\/wp-json\/wp\/v2\/pages\/1888\/revisions"}],"predecessor-version":[{"id":2040,"href":"https:\/\/japanmatsuri.org\/de\/wp-json\/wp\/v2\/pages\/1888\/revisions\/2040"}],"wp:attachment":[{"href":"https:\/\/japanmatsuri.org\/de\/wp-json\/wp\/v2\/media?parent=1888"}],"curies":[{"name":"wp","href":"https:\/\/api.w.org\/{rel}","templated":true}]}}