{"id":1961,"date":"2025-08-31T17:27:38","date_gmt":"2025-08-31T16:27:38","guid":{"rendered":"https:\/\/japanmatsuri.org\/it\/?page_id=1961"},"modified":"2025-09-16T21:03:16","modified_gmt":"2025-09-16T20:03:16","slug":"karate-shintai-karate-do","status":"publish","type":"page","link":"https:\/\/japanmatsuri.org\/de\/karate-shintai-karate-do\/","title":{"rendered":"Karate Shintai-Karate Do"},"content":{"rendered":"<div data-elementor-type=\"wp-page\" data-elementor-id=\"1961\" class=\"elementor elementor-1961\" data-elementor-post-type=\"page\">\n\t\t\t\t<div class=\"elementor-element elementor-element-78468dc3 e-flex e-con-boxed e-con e-parent\" data-id=\"78468dc3\" data-element_type=\"container\">\n\t\t\t\t\t<div class=\"e-con-inner\">\n\t\t\t\t<div class=\"elementor-element elementor-element-23d797dc elementor-widget elementor-widget-heading\" data-id=\"23d797dc\" data-element_type=\"widget\" data-widget_type=\"heading.default\">\n\t\t\t\t<div class=\"elementor-widget-container\">\n\t\t\t\t\t<h1 class=\"elementor-heading-title elementor-size-default\">Karate<\/h1>\t\t\t\t<\/div>\n\t\t\t\t<\/div>\n\t\t\t\t<div class=\"elementor-element elementor-element-a4ac4e1 elementor-widget elementor-widget-heading\" data-id=\"a4ac4e1\" data-element_type=\"widget\" data-widget_type=\"heading.default\">\n\t\t\t\t<div class=\"elementor-widget-container\">\n\t\t\t\t\t<h2 class=\"elementor-heading-title elementor-size-default\">Shintai-Karate Do<\/h2>\t\t\t\t<\/div>\n\t\t\t\t<\/div>\n\t\t\t\t\t<\/div>\n\t\t\t\t<\/div>\n\t\t<div class=\"elementor-element elementor-element-4d3958a e-flex e-con-boxed e-con e-parent\" data-id=\"4d3958a\" data-element_type=\"container\">\n\t\t\t\t\t<div class=\"e-con-inner\">\n\t\t\t\t<div class=\"elementor-element elementor-element-04fb31d elementor-widget elementor-widget-image\" data-id=\"04fb31d\" data-element_type=\"widget\" data-widget_type=\"image.default\">\n\t\t\t\t<div class=\"elementor-widget-container\">\n\t\t\t\t\t\t\t\t\t\t\t\t\t\t\t<img fetchpriority=\"high\" decoding=\"async\" width=\"1750\" height=\"700\" src=\"https:\/\/japanmatsuri.org\/wp-content\/uploads\/2025\/08\/Shintai-Karate_Do.png\" class=\"attachment-full size-full wp-image-1963\" alt=\"\" srcset=\"https:\/\/japanmatsuri.org\/wp-content\/uploads\/2025\/08\/Shintai-Karate_Do.png 1750w, https:\/\/japanmatsuri.org\/wp-content\/uploads\/2025\/08\/Shintai-Karate_Do-300x120.png 300w, https:\/\/japanmatsuri.org\/wp-content\/uploads\/2025\/08\/Shintai-Karate_Do-1024x410.png 1024w, https:\/\/japanmatsuri.org\/wp-content\/uploads\/2025\/08\/Shintai-Karate_Do-768x307.png 768w, https:\/\/japanmatsuri.org\/wp-content\/uploads\/2025\/08\/Shintai-Karate_Do-1536x614.png 1536w, https:\/\/japanmatsuri.org\/wp-content\/uploads\/2025\/08\/Shintai-Karate_Do-18x7.png 18w\" sizes=\"(max-width: 1750px) 100vw, 1750px\" \/>\t\t\t\t\t\t\t\t\t\t\t\t\t\t\t<\/div>\n\t\t\t\t<\/div>\n\t\t\t\t\t<\/div>\n\t\t\t\t<\/div>\n\t\t<div class=\"elementor-element elementor-element-343125c e-flex e-con-boxed e-con e-parent\" data-id=\"343125c\" data-element_type=\"container\">\n\t\t\t\t\t<div class=\"e-con-inner\">\n\t\t\t\t<div class=\"elementor-element elementor-element-eb09b84 elementor-widget elementor-widget-text-editor\" data-id=\"eb09b84\" data-element_type=\"widget\" data-widget_type=\"text-editor.default\">\n\t\t\t\t<div class=\"elementor-widget-container\">\n\t\t\t\t\t\t\t\t\t<p>Tauchen Sie ein in die Welt des Shotokan-Karate aus Tokio und entdecken Sie seine tiefgr\u00fcndige Philosophie, seine reiche Geschichte und die authentische Praxis. Erfahren Sie den Unterschied zwischen traditionellem Karate, das innere Disziplin und Harmonie f\u00f6rdert, und Sportkarate, das auf Wettkampf und Leistung ausgerichtet ist. Lernen Sie die wichtigsten Stile kennen, die Bedeutung von Begriffen wie <i>Kihon<\/i>, <i>Kata<\/i> und <i>Kumite<\/i> sowie die beeindruckende weltweite Verbreitung dieser Kampfkunst. Nehmen Sie an einer Pr\u00e4sentation teil, die mit einem Grundtraining unter der Leitung erfahrener Meister verbunden ist: Aufw\u00e4rmen, grundlegende Techniken, Formsequenzen und Kampftraining \u2013 f\u00fcr ein intensives Erlebnis, das K\u00f6rper, Geist und Seele vereint.<\/p>\t\t\t\t\t\t\t\t<\/div>\n\t\t\t\t<\/div>\n\t\t\t\t<div class=\"elementor-element elementor-element-31d0b68 elementor-widget elementor-widget-text-editor\" data-id=\"31d0b68\" data-element_type=\"widget\" data-widget_type=\"text-editor.default\">\n\t\t\t\t<div class=\"elementor-widget-container\">\n\t\t\t\t\t\t\t\t\t<p class=\"translation-block\"><b>Shintai-Karate Do<\/b> ist eine junge Karateschule mit Sitz in Lugano. Seit drei Jahren widmet sie sich der Weitergabe und Verbreitung dieser alten Kampfkunst \u2013 mit Authentizit\u00e4t, Professionalit\u00e4t und vor allem Traditionstreue. Die Schule ist aktives Mitglied der JKS, einer japanischen F\u00f6deration mit Sitz in Tokio, die im Jahr 2000 von Meister Asai Tetsuhiko gegr\u00fcndet wurde.<\/p>\t\t\t\t\t\t\t\t<\/div>\n\t\t\t\t<\/div>\n\t\t\t\t\t<\/div>\n\t\t\t\t<\/div>\n\t\t<div class=\"elementor-element elementor-element-96a4f68 e-flex e-con-boxed e-con e-parent\" data-id=\"96a4f68\" data-element_type=\"container\">\n\t\t\t\t\t<div class=\"e-con-inner\">\n\t\t\t\t<div class=\"elementor-element elementor-element-1aeddd5 elementor-widget elementor-widget-image\" data-id=\"1aeddd5\" data-element_type=\"widget\" data-widget_type=\"image.default\">\n\t\t\t\t<div class=\"elementor-widget-container\">\n\t\t\t\t\t\t\t\t\t\t\t\t\t\t\t<img decoding=\"async\" width=\"800\" height=\"317\" src=\"https:\/\/japanmatsuri.org\/wp-content\/uploads\/2025\/08\/Karate3.png\" class=\"attachment-large size-large wp-image-1972\" alt=\"\" srcset=\"https:\/\/japanmatsuri.org\/wp-content\/uploads\/2025\/08\/Karate3.png 1000w, https:\/\/japanmatsuri.org\/wp-content\/uploads\/2025\/08\/Karate3-300x119.png 300w, https:\/\/japanmatsuri.org\/wp-content\/uploads\/2025\/08\/Karate3-768x304.png 768w, https:\/\/japanmatsuri.org\/wp-content\/uploads\/2025\/08\/Karate3-18x7.png 18w\" sizes=\"(max-width: 800px) 100vw, 800px\" \/>\t\t\t\t\t\t\t\t\t\t\t\t\t\t\t<\/div>\n\t\t\t\t<\/div>\n\t\t\t\t\t<\/div>\n\t\t\t\t<\/div>\n\t\t<div class=\"elementor-element elementor-element-04ccd26 e-flex e-con-boxed e-con e-parent\" data-id=\"04ccd26\" data-element_type=\"container\">\n\t\t\t\t\t<div class=\"e-con-inner\">\n\t\t<div class=\"elementor-element elementor-element-556257a e-con-full e-flex e-con e-child\" data-id=\"556257a\" data-element_type=\"container\">\n\t\t\t\t<div class=\"elementor-element elementor-element-8454cf4 elementor-widget elementor-widget-text-editor\" data-id=\"8454cf4\" data-element_type=\"widget\" data-widget_type=\"text-editor.default\">\n\t\t\t\t<div class=\"elementor-widget-container\">\n\t\t\t\t\t\t\t\t\t<p class=\"translation-block\"><b>Datum:<\/b> Sonntag, 21. September 2025<br>\n<b>Zeit:<\/b> 14:15 \u2013 15:15 Uhr<br>\n<b>Ort:<\/b> Au\u00dfenbereich<br>\n<b>Anmeldung:<\/b> maximal 24 Teilnehmer<br>\n<b>Kosten:<\/b> kostenlos<\/p><p class=\"translation-block\"><b>Sprache:<\/b> Italienisch, Japanisch<\/p>\t\t\t\t\t\t\t\t<\/div>\n\t\t\t\t<\/div>\n\t\t\t\t<\/div>\n\t\t<div class=\"elementor-element elementor-element-5e5df7e e-flex e-con-boxed e-con e-child\" data-id=\"5e5df7e\" data-element_type=\"container\">\n\t\t\t\t\t<div class=\"e-con-inner\">\n\t\t\t\t<div class=\"elementor-element elementor-element-79921d0 elementor-widget-mobile__width-initial elementor-widget elementor-widget-button\" data-id=\"79921d0\" data-element_type=\"widget\" data-widget_type=\"button.default\">\n\t\t\t\t<div class=\"elementor-widget-container\">\n\t\t\t\t\t\t\t\t\t<div class=\"elementor-button-wrapper\">\n\t\t\t\t\t<a class=\"elementor-button elementor-button-link elementor-size-sm\" href=\"https:\/\/www.ticketino.com\/de\/event\/japan-matsuri-corsi\/205136\" target=\"_blank\">\n\t\t\t\t\t\t<span class=\"elementor-button-content-wrapper\">\n\t\t\t\t\t\t\t\t\t<span class=\"elementor-button-text\">ANMELDUNG<\/span>\n\t\t\t\t\t<\/span>\n\t\t\t\t\t<\/a>\n\t\t\t\t<\/div>\n\t\t\t\t\t\t\t\t<\/div>\n\t\t\t\t<\/div>\n\t\t\t\t<div class=\"elementor-element elementor-element-220815f elementor-widget elementor-widget-button\" data-id=\"220815f\" data-element_type=\"widget\" data-widget_type=\"button.default\">\n\t\t\t\t<div class=\"elementor-widget-container\">\n\t\t\t\t\t\t\t\t\t<div class=\"elementor-button-wrapper\">\n\t\t\t\t\t<a class=\"elementor-button elementor-button-link elementor-size-sm\" href=\"https:\/\/japanmatsuri.org\/de\/regeln\/\" target=\"_blank\">\n\t\t\t\t\t\t<span class=\"elementor-button-content-wrapper\">\n\t\t\t\t\t\t\t\t\t<span class=\"elementor-button-text\">REGELN<\/span>\n\t\t\t\t\t<\/span>\n\t\t\t\t\t<\/a>\n\t\t\t\t<\/div>\n\t\t\t\t\t\t\t\t<\/div>\n\t\t\t\t<\/div>\n\t\t\t\t\t<\/div>\n\t\t\t\t<\/div>\n\t\t\t\t\t<\/div>\n\t\t\t\t<\/div>\n\t\t<div class=\"elementor-element elementor-element-f0a14d6 e-flex e-con-boxed e-con e-parent\" data-id=\"f0a14d6\" data-element_type=\"container\">\n\t\t\t\t\t<div class=\"e-con-inner\">\n\t\t\t\t<div class=\"elementor-element elementor-element-05e3783 elementor-widget elementor-widget-text-editor\" data-id=\"05e3783\" data-element_type=\"widget\" data-widget_type=\"text-editor.default\">\n\t\t\t\t<div class=\"elementor-widget-container\">\n\t\t\t\t\t\t\t\t\t<p><i>Um Zugang zum Workshop-Bereich zu erhalten, m\u00fcssen Sie das Armband tragen, das am Festival-Eingang ausgegeben wird. Um den Eintritt zu erleichtern, empfehlen wir, Ihr Festivalticket online zu kaufen. Menschen mit Behinderungen oder eingeschr\u00e4nkter Mobilit\u00e4t bitten wir, uns im Voraus per E-Mail an info@japanmatsuri.org zu kontaktieren, damit wir einen stressfreien Zugang arrangieren k\u00f6nnen.<\/i><\/p>\t\t\t\t\t\t\t\t<\/div>\n\t\t\t\t<\/div>\n\t\t\t\t\t<\/div>\n\t\t\t\t<\/div>\n\t\t<div class=\"elementor-element elementor-element-6c068adb e-flex e-con-boxed e-con e-parent\" data-id=\"6c068adb\" data-element_type=\"container\">\n\t\t\t\t\t<div class=\"e-con-inner\">\n\t\t\t\t\t<\/div>\n\t\t\t\t<\/div>\n\t\t\t\t<\/div>","protected":false},"excerpt":{"rendered":"<p>Karate Shintai-Karate Do Immergiti nel cuore del Karate Shotokan di Tokyo, esplorando la sua profonda filosofia, la sua ricca storia e la pratica autentica. Scopri la distinzione tra Karat\u00e9 tradizionale, che coltiva disciplina interiore e armonia, e quello sportivo, incentrato sulla competizione agonistica. Approfondisci i principali stili, il significato di termini come kihon, kata e [&hellip;]<\/p>","protected":false},"author":1,"featured_media":0,"parent":0,"menu_order":0,"comment_status":"closed","ping_status":"closed","template":"","meta":{"footnotes":""},"class_list":["post-1961","page","type-page","status-publish","hentry"],"yoast_head":"<!-- This site is optimized with the Yoast SEO plugin v25.4 - https:\/\/yoast.com\/wordpress\/plugins\/seo\/ -->\n<title>Karate Shintai-Karate Do - Japan Matsuri - Festival Giapponese Bellinzona<\/title>\n<meta name=\"robots\" content=\"index, follow, max-snippet:-1, max-image-preview:large, max-video-preview:-1\" \/>\n<link rel=\"canonical\" href=\"https:\/\/japanmatsuri.org\/de\/karate-shintai-karate-do\/\" \/>\n<meta property=\"og:locale\" content=\"de_DE\" \/>\n<meta property=\"og:type\" content=\"article\" \/>\n<meta property=\"og:title\" content=\"Karate Shintai-Karate Do - Japan Matsuri - Festival Giapponese Bellinzona\" \/>\n<meta property=\"og:description\" content=\"Karate Shintai-Karate Do Immergiti nel cuore del Karate Shotokan di Tokyo, esplorando la sua profonda filosofia, la sua ricca storia e la pratica autentica. Scopri la distinzione tra Karat\u00e9 tradizionale, che coltiva disciplina interiore e armonia, e quello sportivo, incentrato sulla competizione agonistica. Approfondisci i principali stili, il significato di termini come kihon, kata e [&hellip;]\" \/>\n<meta property=\"og:url\" content=\"https:\/\/japanmatsuri.org\/de\/karate-shintai-karate-do\/\" \/>\n<meta property=\"og:site_name\" content=\"Japan Matsuri - Festival Giapponese Bellinzona\" \/>\n<meta property=\"article:modified_time\" content=\"2025-09-16T20:03:16+00:00\" \/>\n<meta property=\"og:image\" content=\"https:\/\/japanmatsuri.org\/wp-content\/uploads\/2025\/08\/Shintai-Karate_Do.png\" \/>\n\t<meta property=\"og:image:width\" content=\"1750\" \/>\n\t<meta property=\"og:image:height\" content=\"700\" \/>\n\t<meta property=\"og:image:type\" content=\"image\/png\" \/>\n<meta name=\"twitter:card\" content=\"summary_large_image\" \/>\n<meta name=\"twitter:label1\" content=\"Gesch\u00e4tzte Lesezeit\" \/>\n\t<meta name=\"twitter:data1\" content=\"2\u00a0Minuten\" \/>\n<script type=\"application\/ld+json\" class=\"yoast-schema-graph\">{\"@context\":\"https:\/\/schema.org\",\"@graph\":[{\"@type\":\"WebPage\",\"@id\":\"https:\/\/japanmatsuri.org\/it\/karate-shintai-karate-do\/\",\"url\":\"https:\/\/japanmatsuri.org\/it\/karate-shintai-karate-do\/\",\"name\":\"Karate Shintai-Karate Do - Japan Matsuri - Festival Giapponese Bellinzona\",\"isPartOf\":{\"@id\":\"https:\/\/japanmatsuri.org\/#website\"},\"primaryImageOfPage\":{\"@id\":\"https:\/\/japanmatsuri.org\/it\/karate-shintai-karate-do\/#primaryimage\"},\"image\":{\"@id\":\"https:\/\/japanmatsuri.org\/it\/karate-shintai-karate-do\/#primaryimage\"},\"thumbnailUrl\":\"https:\/\/japanmatsuri.org\/wp-content\/uploads\/2025\/08\/Shintai-Karate_Do.png\",\"datePublished\":\"2025-08-31T16:27:38+00:00\",\"dateModified\":\"2025-09-16T20:03:16+00:00\",\"breadcrumb\":{\"@id\":\"https:\/\/japanmatsuri.org\/it\/karate-shintai-karate-do\/#breadcrumb\"},\"inLanguage\":\"de-CH\",\"potentialAction\":[{\"@type\":\"ReadAction\",\"target\":[\"https:\/\/japanmatsuri.org\/it\/karate-shintai-karate-do\/\"]}]},{\"@type\":\"ImageObject\",\"inLanguage\":\"de-CH\",\"@id\":\"https:\/\/japanmatsuri.org\/it\/karate-shintai-karate-do\/#primaryimage\",\"url\":\"https:\/\/japanmatsuri.org\/wp-content\/uploads\/2025\/08\/Shintai-Karate_Do.png\",\"contentUrl\":\"https:\/\/japanmatsuri.org\/wp-content\/uploads\/2025\/08\/Shintai-Karate_Do.png\"},{\"@type\":\"BreadcrumbList\",\"@id\":\"https:\/\/japanmatsuri.org\/it\/karate-shintai-karate-do\/#breadcrumb\",\"itemListElement\":[{\"@type\":\"ListItem\",\"position\":1,\"name\":\"Home\",\"item\":\"https:\/\/japanmatsuri.org\/it\/\"},{\"@type\":\"ListItem\",\"position\":2,\"name\":\"Karate Shintai-Karate Do\"}]},{\"@type\":\"WebSite\",\"@id\":\"https:\/\/japanmatsuri.org\/#website\",\"url\":\"https:\/\/japanmatsuri.org\/\",\"name\":\"Japan Matsuri - Festival Giapponese Bellinzona\",\"description\":\"Festival Giapponese Bellinzona\",\"potentialAction\":[{\"@type\":\"SearchAction\",\"target\":{\"@type\":\"EntryPoint\",\"urlTemplate\":\"https:\/\/japanmatsuri.org\/?s={search_term_string}\"},\"query-input\":{\"@type\":\"PropertyValueSpecification\",\"valueRequired\":true,\"valueName\":\"search_term_string\"}}],\"inLanguage\":\"de-CH\"}]}<\/script>\n<!-- \/ Yoast SEO plugin. -->","yoast_head_json":{"title":"Karate Shintai-Karate Do - Japan Matsuri - Festival Giapponese Bellinzona","robots":{"index":"index","follow":"follow","max-snippet":"max-snippet:-1","max-image-preview":"max-image-preview:large","max-video-preview":"max-video-preview:-1"},"canonical":"https:\/\/japanmatsuri.org\/de\/karate-shintai-karate-do\/","og_locale":"de_DE","og_type":"article","og_title":"Karate Shintai-Karate Do - Japan Matsuri - Festival Giapponese Bellinzona","og_description":"Karate Shintai-Karate Do Immergiti nel cuore del Karate Shotokan di Tokyo, esplorando la sua profonda filosofia, la sua ricca storia e la pratica autentica. Scopri la distinzione tra Karat\u00e9 tradizionale, che coltiva disciplina interiore e armonia, e quello sportivo, incentrato sulla competizione agonistica. Approfondisci i principali stili, il significato di termini come kihon, kata e [&hellip;]","og_url":"https:\/\/japanmatsuri.org\/de\/karate-shintai-karate-do\/","og_site_name":"Japan Matsuri - Festival Giapponese Bellinzona","article_modified_time":"2025-09-16T20:03:16+00:00","og_image":[{"width":1750,"height":700,"url":"https:\/\/japanmatsuri.org\/wp-content\/uploads\/2025\/08\/Shintai-Karate_Do.png","type":"image\/png"}],"twitter_card":"summary_large_image","twitter_misc":{"Gesch\u00e4tzte Lesezeit":"2\u00a0Minuten"},"schema":{"@context":"https:\/\/schema.org","@graph":[{"@type":"WebPage","@id":"https:\/\/japanmatsuri.org\/it\/karate-shintai-karate-do\/","url":"https:\/\/japanmatsuri.org\/it\/karate-shintai-karate-do\/","name":"Karate Shintai-Karate Do - Japan Matsuri - Festival Giapponese Bellinzona","isPartOf":{"@id":"https:\/\/japanmatsuri.org\/#website"},"primaryImageOfPage":{"@id":"https:\/\/japanmatsuri.org\/it\/karate-shintai-karate-do\/#primaryimage"},"image":{"@id":"https:\/\/japanmatsuri.org\/it\/karate-shintai-karate-do\/#primaryimage"},"thumbnailUrl":"https:\/\/japanmatsuri.org\/wp-content\/uploads\/2025\/08\/Shintai-Karate_Do.png","datePublished":"2025-08-31T16:27:38+00:00","dateModified":"2025-09-16T20:03:16+00:00","breadcrumb":{"@id":"https:\/\/japanmatsuri.org\/it\/karate-shintai-karate-do\/#breadcrumb"},"inLanguage":"de-CH","potentialAction":[{"@type":"ReadAction","target":["https:\/\/japanmatsuri.org\/it\/karate-shintai-karate-do\/"]}]},{"@type":"ImageObject","inLanguage":"de-CH","@id":"https:\/\/japanmatsuri.org\/it\/karate-shintai-karate-do\/#primaryimage","url":"https:\/\/japanmatsuri.org\/wp-content\/uploads\/2025\/08\/Shintai-Karate_Do.png","contentUrl":"https:\/\/japanmatsuri.org\/wp-content\/uploads\/2025\/08\/Shintai-Karate_Do.png"},{"@type":"BreadcrumbList","@id":"https:\/\/japanmatsuri.org\/it\/karate-shintai-karate-do\/#breadcrumb","itemListElement":[{"@type":"ListItem","position":1,"name":"Home","item":"https:\/\/japanmatsuri.org\/it\/"},{"@type":"ListItem","position":2,"name":"Karate Shintai-Karate Do"}]},{"@type":"WebSite","@id":"https:\/\/japanmatsuri.org\/#website","url":"https:\/\/japanmatsuri.org\/","name":"Japan Matsuri - Festival Giapponese Bellinzona","description":"Festival Giapponese Bellinzona","potentialAction":[{"@type":"SearchAction","target":{"@type":"EntryPoint","urlTemplate":"https:\/\/japanmatsuri.org\/?s={search_term_string}"},"query-input":{"@type":"PropertyValueSpecification","valueRequired":true,"valueName":"search_term_string"}}],"inLanguage":"de-CH"}]}},"_links":{"self":[{"href":"https:\/\/japanmatsuri.org\/de\/wp-json\/wp\/v2\/pages\/1961","targetHints":{"allow":["GET"]}}],"collection":[{"href":"https:\/\/japanmatsuri.org\/de\/wp-json\/wp\/v2\/pages"}],"about":[{"href":"https:\/\/japanmatsuri.org\/de\/wp-json\/wp\/v2\/types\/page"}],"author":[{"embeddable":true,"href":"https:\/\/japanmatsuri.org\/de\/wp-json\/wp\/v2\/users\/1"}],"replies":[{"embeddable":true,"href":"https:\/\/japanmatsuri.org\/de\/wp-json\/wp\/v2\/comments?post=1961"}],"version-history":[{"count":13,"href":"https:\/\/japanmatsuri.org\/de\/wp-json\/wp\/v2\/pages\/1961\/revisions"}],"predecessor-version":[{"id":2102,"href":"https:\/\/japanmatsuri.org\/de\/wp-json\/wp\/v2\/pages\/1961\/revisions\/2102"}],"wp:attachment":[{"href":"https:\/\/japanmatsuri.org\/de\/wp-json\/wp\/v2\/media?parent=1961"}],"curies":[{"name":"wp","href":"https:\/\/api.w.org\/{rel}","templated":true}]}}