{"id":355,"date":"2025-04-27T16:03:22","date_gmt":"2025-04-27T15:03:22","guid":{"rendered":"http:\/\/chimelofafare.subwoofer.it:14044\/?page_id=355"},"modified":"2025-05-17T16:36:09","modified_gmt":"2025-05-17T15:36:09","slug":"anreise","status":"publish","type":"page","link":"https:\/\/japanmatsuri.org\/de\/anreise\/","title":{"rendered":"Anreise"},"content":{"rendered":"<div data-elementor-type=\"wp-page\" data-elementor-id=\"355\" class=\"elementor elementor-355\" data-elementor-post-type=\"page\">\n\t\t\t\t<div class=\"elementor-element elementor-element-1d634dd e-flex e-con-boxed e-con e-parent\" data-id=\"1d634dd\" data-element_type=\"container\">\n\t\t\t\t\t<div class=\"e-con-inner\">\n\t\t\t\t<div class=\"elementor-element elementor-element-da92fc6 elementor-widget elementor-widget-heading\" data-id=\"da92fc6\" data-element_type=\"widget\" data-widget_type=\"heading.default\">\n\t\t\t\t<div class=\"elementor-widget-container\">\n\t\t\t\t\t<h1 class=\"elementor-heading-title elementor-size-default\">Anreise<\/h1>\t\t\t\t<\/div>\n\t\t\t\t<\/div>\n\t\t\t\t\t<\/div>\n\t\t\t\t<\/div>\n\t\t<div class=\"elementor-element elementor-element-197e682 e-flex e-con-boxed e-con e-parent\" data-id=\"197e682\" data-element_type=\"container\">\n\t\t\t\t\t<div class=\"e-con-inner\">\n\t\t\t\t<div class=\"elementor-element elementor-element-1b11f67 elementor-widget elementor-widget-text-editor\" data-id=\"1b11f67\" data-element_type=\"widget\" data-widget_type=\"text-editor.default\">\n\t\t\t\t<div class=\"elementor-widget-container\">\n\t\t\t\t\t\t\t\t\t<p class=\"translation-block\">Der Pavillon befindet sich nur wenige Schritte vom Stadtzentrum entfernt, in einer Lage, die sowohl mit privaten Fahrzeugen als auch mit \u00f6ffentlichen Verkehrsmitteln bequem erreichbar ist. In unmittelbarer N\u00e4he stehen zudem zahlreiche kostenlose Parkpl\u00e4tze zur Verf\u00fcgung, ebenso wie der Parkplatz \u201eTatti\u201c.<\/p>\t\t\t\t\t\t\t\t<\/div>\n\t\t\t\t<\/div>\n\t\t\t\t\t<\/div>\n\t\t\t\t<\/div>\n\t\t<div class=\"elementor-element elementor-element-2690c05 e-flex e-con-boxed e-con e-parent\" data-id=\"2690c05\" data-element_type=\"container\">\n\t\t\t\t\t<div class=\"e-con-inner\">\n\t\t<div class=\"elementor-element elementor-element-3f7d9de e-con-full e-flex e-con e-child\" data-id=\"3f7d9de\" data-element_type=\"container\">\n\t\t\t\t<div class=\"elementor-element elementor-element-86bb8bc elementor-widget elementor-widget-text-editor\" data-id=\"86bb8bc\" data-element_type=\"widget\" data-widget_type=\"text-editor.default\">\n\t\t\t\t<div class=\"elementor-widget-container\">\n\t\t\t\t\t\t\t\t\t<p><strong>Ort<\/strong><br \/>Padiglione Espocentro<br \/>Via Giuseppe Cattori 3<br \/>6500 Bellinzona (CH)\u00a0<\/p>\t\t\t\t\t\t\t\t<\/div>\n\t\t\t\t<\/div>\n\t\t\t\t<\/div>\n\t\t<div class=\"elementor-element elementor-element-7018112 e-con-full e-flex e-con e-child\" data-id=\"7018112\" data-element_type=\"container\">\n\t\t\t\t<\/div>\n\t\t\t\t\t<\/div>\n\t\t\t\t<\/div>\n\t\t<div class=\"elementor-element elementor-element-2097ac1 e-flex e-con-boxed e-con e-parent\" data-id=\"2097ac1\" data-element_type=\"container\">\n\t\t\t\t\t<div class=\"e-con-inner\">\n\t\t\t\t<div class=\"elementor-element elementor-element-2b2e58f elementor-widget elementor-widget-google_maps\" data-id=\"2b2e58f\" data-element_type=\"widget\" data-widget_type=\"google_maps.default\">\n\t\t\t\t<div class=\"elementor-widget-container\">\n\t\t\t\t\t\t\t<div class=\"elementor-custom-embed\">\n\t\t\t<iframe loading=\"lazy\"\n\t\t\t\t\tsrc=\"https:\/\/maps.google.com\/maps?q=Via%20Giuseppe%20Cattori%203%2C%20bellinzona&#038;t=m&#038;z=15&#038;output=embed&#038;iwloc=near\"\n\t\t\t\t\ttitle=\"Via Giuseppe Cattori 3, bellinzona\"\n\t\t\t\t\taria-label=\"Via Giuseppe Cattori 3, bellinzona\"\n\t\t\t><\/iframe>\n\t\t<\/div>\n\t\t\t\t\t\t<\/div>\n\t\t\t\t<\/div>\n\t\t\t\t\t<\/div>\n\t\t\t\t<\/div>\n\t\t<div class=\"elementor-element elementor-element-aa52d2e e-flex e-con-boxed e-con e-parent\" data-id=\"aa52d2e\" data-element_type=\"container\">\n\t\t\t\t\t<div class=\"e-con-inner\">\n\t\t\t\t<div class=\"elementor-element elementor-element-0d62d40 elementor-widget elementor-widget-heading\" data-id=\"0d62d40\" data-element_type=\"widget\" data-widget_type=\"heading.default\">\n\t\t\t\t<div class=\"elementor-widget-container\">\n\t\t\t\t\t<h2 class=\"elementor-heading-title elementor-size-default\">\u00d6ffentliche Verkehrsmittel<\/h2>\t\t\t\t<\/div>\n\t\t\t\t<\/div>\n\t\t\t\t<div class=\"elementor-element elementor-element-1787b18 elementor-widget elementor-widget-text-editor\" data-id=\"1787b18\" data-element_type=\"widget\" data-widget_type=\"text-editor.default\">\n\t\t\t\t<div class=\"elementor-widget-container\">\n\t\t\t\t\t\t\t\t\t<p>Dalla stazione di Bellinzona \u00e8 possibile raggiungere l&#8217;Espocentro in ca. 15 minuti a piedi. In alternativa, si pu\u00f2 prendere il bus numero 2 dal Piazzale Stazione, in direzione Monte Carasso \u2013 Sementina \u2013 Giubiasco, e scendere alla fermata Espocentro.<\/p>\t\t\t\t\t\t\t\t<\/div>\n\t\t\t\t<\/div>\n\t\t\t\t\t<\/div>\n\t\t\t\t<\/div>\n\t\t<div class=\"elementor-element elementor-element-0bf3087 e-flex e-con-boxed e-con e-parent\" data-id=\"0bf3087\" data-element_type=\"container\">\n\t\t\t\t\t<div class=\"e-con-inner\">\n\t\t\t\t<div class=\"elementor-element elementor-element-432d940 elementor-widget elementor-widget-heading\" data-id=\"432d940\" data-element_type=\"widget\" data-widget_type=\"heading.default\">\n\t\t\t\t<div class=\"elementor-widget-container\">\n\t\t\t\t\t<h2 class=\"elementor-heading-title elementor-size-default\">Mit dem Auto<\/h2>\t\t\t\t<\/div>\n\t\t\t\t<\/div>\n\t\t\t\t<div class=\"elementor-element elementor-element-c0a1455 elementor-widget elementor-widget-text-editor\" data-id=\"c0a1455\" data-element_type=\"widget\" data-widget_type=\"text-editor.default\">\n\t\t\t\t<div class=\"elementor-widget-container\">\n\t\t\t\t\t\t\t\t\t<p>Auf der Autobahn A2, in n\u00f6rdlicher Richtung, nehmen Sie die Ausfahrt Bellinzona Centro und folgen der Beschilderung nach Bellinzona Centro, dann zum Espocentro.<\/p><p>In s\u00fcdlicher Richtung nehmen Sie die Ausfahrt Bellinzona Nord und fahren weiter in Richtung Zentrum. Anschlie\u00dfend folgen Sie den Schildern zum Espocentro.<\/p>\t\t\t\t\t\t\t\t<\/div>\n\t\t\t\t<\/div>\n\t\t\t\t\t<\/div>\n\t\t\t\t<\/div>\n\t\t\t\t<\/div>","protected":false},"excerpt":{"rendered":"<p>Come Raggiungerci Il padiglione \u00e8 situato a pochi passi dal centro cittadino, in posizione comodamente raggiungibile sia con veicoli privati che con mezzi pubblici ed \u00e8 inoltre dotato di ampi posteggi gratuiti nelle immediate vicinanze, come pure il parcheggio &#8220;Tatti&#8221;. Dove:Padiglione EspocentroVia Giuseppe Cattori 36500 Bellinzona (CH)\u00a0 Trasporto pubblico Dalla stazione di Bellinzona \u00e8 possibile [&hellip;]<\/p>","protected":false},"author":1,"featured_media":0,"parent":0,"menu_order":0,"comment_status":"closed","ping_status":"closed","template":"","meta":{"footnotes":""},"class_list":["post-355","page","type-page","status-publish","hentry"],"yoast_head":"<!-- This site is optimized with the Yoast SEO plugin v25.4 - https:\/\/yoast.com\/wordpress\/plugins\/seo\/ -->\n<title>Come raggiungerci - Japan Matsuri - Festival Giapponese Bellinzona<\/title>\n<meta name=\"robots\" content=\"index, follow, max-snippet:-1, max-image-preview:large, max-video-preview:-1\" \/>\n<link rel=\"canonical\" href=\"https:\/\/japanmatsuri.org\/de\/anreise\/\" \/>\n<meta property=\"og:locale\" content=\"de_DE\" \/>\n<meta property=\"og:type\" content=\"article\" \/>\n<meta property=\"og:title\" content=\"Come raggiungerci - Japan Matsuri - Festival Giapponese Bellinzona\" \/>\n<meta property=\"og:description\" content=\"Come Raggiungerci Il padiglione \u00e8 situato a pochi passi dal centro cittadino, in posizione comodamente raggiungibile sia con veicoli privati che con mezzi pubblici ed \u00e8 inoltre dotato di ampi posteggi gratuiti nelle immediate vicinanze, come pure il parcheggio &#8220;Tatti&#8221;. Dove:Padiglione EspocentroVia Giuseppe Cattori 36500 Bellinzona (CH)\u00a0 Trasporto pubblico Dalla stazione di Bellinzona \u00e8 possibile [&hellip;]\" \/>\n<meta property=\"og:url\" content=\"https:\/\/japanmatsuri.org\/de\/anreise\/\" \/>\n<meta property=\"og:site_name\" content=\"Japan Matsuri - Festival Giapponese Bellinzona\" \/>\n<meta property=\"article:modified_time\" content=\"2025-05-17T15:36:09+00:00\" \/>\n<meta name=\"twitter:card\" content=\"summary_large_image\" \/>\n<meta name=\"twitter:label1\" content=\"Gesch\u00e4tzte Lesezeit\" \/>\n\t<meta name=\"twitter:data1\" content=\"1\u00a0Minute\" \/>\n<script type=\"application\/ld+json\" class=\"yoast-schema-graph\">{\"@context\":\"https:\/\/schema.org\",\"@graph\":[{\"@type\":\"WebPage\",\"@id\":\"https:\/\/japanmatsuri.org\/it\/come-raggiungerci\/\",\"url\":\"https:\/\/japanmatsuri.org\/it\/come-raggiungerci\/\",\"name\":\"Come raggiungerci - Japan Matsuri - Festival Giapponese Bellinzona\",\"isPartOf\":{\"@id\":\"https:\/\/japanmatsuri.org\/#website\"},\"datePublished\":\"2025-04-27T15:03:22+00:00\",\"dateModified\":\"2025-05-17T15:36:09+00:00\",\"breadcrumb\":{\"@id\":\"https:\/\/japanmatsuri.org\/it\/come-raggiungerci\/#breadcrumb\"},\"inLanguage\":\"de-CH\",\"potentialAction\":[{\"@type\":\"ReadAction\",\"target\":[\"https:\/\/japanmatsuri.org\/it\/come-raggiungerci\/\"]}]},{\"@type\":\"BreadcrumbList\",\"@id\":\"https:\/\/japanmatsuri.org\/it\/come-raggiungerci\/#breadcrumb\",\"itemListElement\":[{\"@type\":\"ListItem\",\"position\":1,\"name\":\"Home\",\"item\":\"https:\/\/japanmatsuri.org\/it\/\"},{\"@type\":\"ListItem\",\"position\":2,\"name\":\"Come raggiungerci\"}]},{\"@type\":\"WebSite\",\"@id\":\"https:\/\/japanmatsuri.org\/#website\",\"url\":\"https:\/\/japanmatsuri.org\/\",\"name\":\"Japan Matsuri - Festival Giapponese Bellinzona\",\"description\":\"Festival Giapponese Bellinzona\",\"potentialAction\":[{\"@type\":\"SearchAction\",\"target\":{\"@type\":\"EntryPoint\",\"urlTemplate\":\"https:\/\/japanmatsuri.org\/?s={search_term_string}\"},\"query-input\":{\"@type\":\"PropertyValueSpecification\",\"valueRequired\":true,\"valueName\":\"search_term_string\"}}],\"inLanguage\":\"de-CH\"}]}<\/script>\n<!-- \/ Yoast SEO plugin. -->","yoast_head_json":{"title":"Come raggiungerci - Japan Matsuri - Festival Giapponese Bellinzona","robots":{"index":"index","follow":"follow","max-snippet":"max-snippet:-1","max-image-preview":"max-image-preview:large","max-video-preview":"max-video-preview:-1"},"canonical":"https:\/\/japanmatsuri.org\/de\/anreise\/","og_locale":"de_DE","og_type":"article","og_title":"Come raggiungerci - Japan Matsuri - Festival Giapponese Bellinzona","og_description":"Come Raggiungerci Il padiglione \u00e8 situato a pochi passi dal centro cittadino, in posizione comodamente raggiungibile sia con veicoli privati che con mezzi pubblici ed \u00e8 inoltre dotato di ampi posteggi gratuiti nelle immediate vicinanze, come pure il parcheggio &#8220;Tatti&#8221;. Dove:Padiglione EspocentroVia Giuseppe Cattori 36500 Bellinzona (CH)\u00a0 Trasporto pubblico Dalla stazione di Bellinzona \u00e8 possibile [&hellip;]","og_url":"https:\/\/japanmatsuri.org\/de\/anreise\/","og_site_name":"Japan Matsuri - Festival Giapponese Bellinzona","article_modified_time":"2025-05-17T15:36:09+00:00","twitter_card":"summary_large_image","twitter_misc":{"Gesch\u00e4tzte Lesezeit":"1\u00a0Minute"},"schema":{"@context":"https:\/\/schema.org","@graph":[{"@type":"WebPage","@id":"https:\/\/japanmatsuri.org\/it\/come-raggiungerci\/","url":"https:\/\/japanmatsuri.org\/it\/come-raggiungerci\/","name":"Come raggiungerci - Japan Matsuri - Festival Giapponese Bellinzona","isPartOf":{"@id":"https:\/\/japanmatsuri.org\/#website"},"datePublished":"2025-04-27T15:03:22+00:00","dateModified":"2025-05-17T15:36:09+00:00","breadcrumb":{"@id":"https:\/\/japanmatsuri.org\/it\/come-raggiungerci\/#breadcrumb"},"inLanguage":"de-CH","potentialAction":[{"@type":"ReadAction","target":["https:\/\/japanmatsuri.org\/it\/come-raggiungerci\/"]}]},{"@type":"BreadcrumbList","@id":"https:\/\/japanmatsuri.org\/it\/come-raggiungerci\/#breadcrumb","itemListElement":[{"@type":"ListItem","position":1,"name":"Home","item":"https:\/\/japanmatsuri.org\/it\/"},{"@type":"ListItem","position":2,"name":"Come raggiungerci"}]},{"@type":"WebSite","@id":"https:\/\/japanmatsuri.org\/#website","url":"https:\/\/japanmatsuri.org\/","name":"Japan Matsuri - Festival Giapponese Bellinzona","description":"Festival Giapponese Bellinzona","potentialAction":[{"@type":"SearchAction","target":{"@type":"EntryPoint","urlTemplate":"https:\/\/japanmatsuri.org\/?s={search_term_string}"},"query-input":{"@type":"PropertyValueSpecification","valueRequired":true,"valueName":"search_term_string"}}],"inLanguage":"de-CH"}]}},"_links":{"self":[{"href":"https:\/\/japanmatsuri.org\/de\/wp-json\/wp\/v2\/pages\/355","targetHints":{"allow":["GET"]}}],"collection":[{"href":"https:\/\/japanmatsuri.org\/de\/wp-json\/wp\/v2\/pages"}],"about":[{"href":"https:\/\/japanmatsuri.org\/de\/wp-json\/wp\/v2\/types\/page"}],"author":[{"embeddable":true,"href":"https:\/\/japanmatsuri.org\/de\/wp-json\/wp\/v2\/users\/1"}],"replies":[{"embeddable":true,"href":"https:\/\/japanmatsuri.org\/de\/wp-json\/wp\/v2\/comments?post=355"}],"version-history":[{"count":12,"href":"https:\/\/japanmatsuri.org\/de\/wp-json\/wp\/v2\/pages\/355\/revisions"}],"predecessor-version":[{"id":654,"href":"https:\/\/japanmatsuri.org\/de\/wp-json\/wp\/v2\/pages\/355\/revisions\/654"}],"wp:attachment":[{"href":"https:\/\/japanmatsuri.org\/de\/wp-json\/wp\/v2\/media?parent=355"}],"curies":[{"name":"wp","href":"https:\/\/api.w.org\/{rel}","templated":true}]}}