{"id":471,"date":"2025-05-10T18:41:36","date_gmt":"2025-05-10T17:41:36","guid":{"rendered":"https:\/\/japanmatsuri.org\/?page_id=471"},"modified":"2025-06-01T20:22:14","modified_gmt":"2025-06-01T19:22:14","slug":"tickets","status":"publish","type":"page","link":"https:\/\/japanmatsuri.org\/de\/tickets\/","title":{"rendered":"biglietti"},"content":{"rendered":"<div data-elementor-type=\"wp-page\" data-elementor-id=\"471\" class=\"elementor elementor-471\" data-elementor-post-type=\"page\">\n\t\t\t\t<div class=\"elementor-element elementor-element-1b637d37 e-flex e-con-boxed e-con e-parent\" data-id=\"1b637d37\" data-element_type=\"container\">\n\t\t\t\t\t<div class=\"e-con-inner\">\n\t\t\t\t<div class=\"elementor-element elementor-element-20a096ec elementor-widget elementor-widget-heading\" data-id=\"20a096ec\" data-element_type=\"widget\" data-widget_type=\"heading.default\">\n\t\t\t\t<div class=\"elementor-widget-container\">\n\t\t\t\t\t<h1 class=\"elementor-heading-title elementor-size-default\">Tickets<\/h1>\t\t\t\t<\/div>\n\t\t\t\t<\/div>\n\t\t\t\t\t<\/div>\n\t\t\t\t<\/div>\n\t\t<div class=\"elementor-element elementor-element-448f37ee e-flex e-con-boxed e-con e-parent\" data-id=\"448f37ee\" data-element_type=\"container\">\n\t\t\t\t\t<div class=\"e-con-inner\">\n\t\t\t\t<div class=\"elementor-element elementor-element-3825bfc elementor-widget elementor-widget-text-editor\" data-id=\"3825bfc\" data-element_type=\"widget\" data-widget_type=\"text-editor.default\">\n\t\t\t\t<div class=\"elementor-widget-container\">\n\t\t\t\t\t\t\t\t\t<p class=\"translation-block\">Die Tickets k\u00f6nnen direkt am Eingang oder online unter <a href=\"https:\/\/www.ticketino.com\/de\/event\/202747\" target=\"_blank\" rel=\"noopener\">ticketino.com<\/a> gekauft werden.<\/p>\t\t\t\t\t\t\t\t<\/div>\n\t\t\t\t<\/div>\n\t\t\t\t\t<\/div>\n\t\t\t\t<\/div>\n\t\t<div class=\"elementor-element elementor-element-eaf3c15 e-flex e-con-boxed e-con e-parent\" data-id=\"eaf3c15\" data-element_type=\"container\">\n\t\t\t\t\t<div class=\"e-con-inner\">\n\t\t\t\t<div class=\"elementor-element elementor-element-2de7eaf elementor-widget elementor-widget-heading\" data-id=\"2de7eaf\" data-element_type=\"widget\" data-widget_type=\"heading.default\">\n\t\t\t\t<div class=\"elementor-widget-container\">\n\t\t\t\t\t<h3 class=\"elementor-heading-title elementor-size-default\">Preise zur Kasse<\/h3>\t\t\t\t<\/div>\n\t\t\t\t<\/div>\n\t\t\t\t\t<\/div>\n\t\t\t\t<\/div>\n\t\t<div class=\"elementor-element elementor-element-365f1be e-flex e-con-boxed e-con e-parent\" data-id=\"365f1be\" data-element_type=\"container\">\n\t\t\t\t\t<div class=\"e-con-inner\">\n\t\t<div class=\"elementor-element elementor-element-a7c7f30 e-con-full e-flex e-con e-child\" data-id=\"a7c7f30\" data-element_type=\"container\">\n\t\t\t\t<div class=\"elementor-element elementor-element-7304299 elementor-widget elementor-widget-text-editor\" data-id=\"7304299\" data-element_type=\"widget\" data-widget_type=\"text-editor.default\">\n\t\t\t\t<div class=\"elementor-widget-container\">\n\t\t\t\t\t\t\t\t\t<div class=\"wp-block-column is-layout-flow wp-block-column-is-layout-flow\"><p class=\"\"><strong><em>1-Tages-Pass:<br \/><\/em><\/strong>Adulti\u00a0 CHF 17.-<br \/>Kinder (6-14 Jahren) CHF 8<br \/>Kinder unter 6 Jahren: kostenlos<\/p><p class=\"\"><strong><em>2-Tages-Pass:<br \/><\/em><\/strong>Adulti \u00a0 CHF 22.-<br \/>Kinder (6-14 Jahren) CHF 13<br \/>Kinder unter 6 Jahren: kostenlos<\/p><\/div>\t\t\t\t\t\t\t\t<\/div>\n\t\t\t\t<\/div>\n\t\t\t\t<\/div>\n\t\t<div class=\"elementor-element elementor-element-3c70551 e-con-full e-flex e-con e-child\" data-id=\"3c70551\" data-element_type=\"container\">\n\t\t\t\t<div class=\"elementor-element elementor-element-3b0236d elementor-widget elementor-widget-image\" data-id=\"3b0236d\" data-element_type=\"widget\" data-widget_type=\"image.default\">\n\t\t\t\t<div class=\"elementor-widget-container\">\n\t\t\t\t\t\t\t\t\t\t\t\t\t\t\t<img fetchpriority=\"high\" decoding=\"async\" width=\"300\" height=\"283\" src=\"https:\/\/japanmatsuri.org\/wp-content\/uploads\/2025\/05\/Cash-300x283-1.jpg\" class=\"attachment-large size-large wp-image-473\" alt=\"\" srcset=\"https:\/\/japanmatsuri.org\/wp-content\/uploads\/2025\/05\/Cash-300x283-1.jpg 300w, https:\/\/japanmatsuri.org\/wp-content\/uploads\/2025\/05\/Cash-300x283-1-13x12.jpg 13w\" sizes=\"(max-width: 300px) 100vw, 300px\" \/>\t\t\t\t\t\t\t\t\t\t\t\t\t\t\t<\/div>\n\t\t\t\t<\/div>\n\t\t\t\t<\/div>\n\t\t\t\t\t<\/div>\n\t\t\t\t<\/div>\n\t\t<div class=\"elementor-element elementor-element-db99263 e-flex e-con-boxed e-con e-parent\" data-id=\"db99263\" data-element_type=\"container\">\n\t\t\t\t\t<div class=\"e-con-inner\">\n\t\t\t\t<div class=\"elementor-element elementor-element-80b37be elementor-widget elementor-widget-text-editor\" data-id=\"80b37be\" data-element_type=\"widget\" data-widget_type=\"text-editor.default\">\n\t\t\t\t<div class=\"elementor-widget-container\">\n\t\t\t\t\t\t\t\t\t<p><strong>Non si accettano banconote da CHF 200.- e CHF 1000.-<\/strong><\/p>\t\t\t\t\t\t\t\t<\/div>\n\t\t\t\t<\/div>\n\t\t\t\t\t<\/div>\n\t\t\t\t<\/div>\n\t\t<div class=\"elementor-element elementor-element-f061710 e-flex e-con-boxed e-con e-parent\" data-id=\"f061710\" data-element_type=\"container\">\n\t\t\t\t\t<div class=\"e-con-inner\">\n\t\t\t\t<div class=\"elementor-element elementor-element-bba2cdc elementor-widget elementor-widget-heading\" data-id=\"bba2cdc\" data-element_type=\"widget\" data-widget_type=\"heading.default\">\n\t\t\t\t<div class=\"elementor-widget-container\">\n\t\t\t\t\t<h3 class=\"elementor-heading-title elementor-size-default\">Vorverkauf Tickets<\/h3>\t\t\t\t<\/div>\n\t\t\t\t<\/div>\n\t\t\t\t<div class=\"elementor-element elementor-element-73defb9 elementor-widget elementor-widget-text-editor\" data-id=\"73defb9\" data-element_type=\"widget\" data-widget_type=\"text-editor.default\">\n\t\t\t\t<div class=\"elementor-widget-container\">\n\t\t\t\t\t\t\t\t\t<p>In diesem Jahr hast du die M\u00f6glichkeit, das Festival zu genie\u00dfen, indem du dein Ticket online kaufst und durch einen Seiteneingang eingehst. Tats\u00e4chlich kannst du das Ausstellungsgel\u00e4nde \u00fcber einen exklusiven Eingang betreten, der sich in der Via del Bramantino befindet, auf der Seite des PalaSport, die zu den Parkpl\u00e4tzen zeigt. Zus\u00e4tzlich hast du mit deinem Online-Ticket auch das Recht, an unserem fantastischen Wettbewerb teilzunehmen.<\/p>\t\t\t\t\t\t\t\t<\/div>\n\t\t\t\t<\/div>\n\t\t\t\t<div class=\"elementor-element elementor-element-ecef01c elementor-widget elementor-widget-image\" data-id=\"ecef01c\" data-element_type=\"widget\" data-widget_type=\"image.default\">\n\t\t\t\t<div class=\"elementor-widget-container\">\n\t\t\t\t\t\t\t\t\t\t\t\t\t\t\t<img decoding=\"async\" width=\"300\" height=\"228\" src=\"https:\/\/japanmatsuri.org\/wp-content\/uploads\/2025\/05\/QR-300x228-1.jpg\" class=\"attachment-large size-large wp-image-474\" alt=\"\" srcset=\"https:\/\/japanmatsuri.org\/wp-content\/uploads\/2025\/05\/QR-300x228-1.jpg 300w, https:\/\/japanmatsuri.org\/wp-content\/uploads\/2025\/05\/QR-300x228-1-16x12.jpg 16w\" sizes=\"(max-width: 300px) 100vw, 300px\" \/>\t\t\t\t\t\t\t\t\t\t\t\t\t\t\t<\/div>\n\t\t\t\t<\/div>\n\t\t\t\t\t<\/div>\n\t\t\t\t<\/div>\n\t\t<div class=\"elementor-element elementor-element-db33f5d e-flex e-con-boxed e-con e-parent\" data-id=\"db33f5d\" data-element_type=\"container\">\n\t\t\t\t\t<div class=\"e-con-inner\">\n\t\t\t\t<div class=\"elementor-element elementor-element-c3927b3 elementor-widget elementor-widget-text-editor\" data-id=\"c3927b3\" data-element_type=\"widget\" data-widget_type=\"text-editor.default\">\n\t\t\t\t<div class=\"elementor-widget-container\">\n\t\t\t\t\t\t\t\t\t<p class=\"\">*<em>*Reduzierte Tickets f\u00fcr Menschen mit Behinderung k\u00f6nnen nur an den Veranstaltungstagen an der Kasse gekauft werden.<\/em><\/p><p class=\"\">Online-Tickets verf\u00fcgbar auf <a href=\"https:\/\/www.ticketino.com\/de\/event\/202747\" target=\"_blank\" rel=\"noopener\">ticketino.com<\/a><\/p>\t\t\t\t\t\t\t\t<\/div>\n\t\t\t\t<\/div>\n\t\t\t\t\t<\/div>\n\t\t\t\t<\/div>\n\t\t<div class=\"elementor-element elementor-element-b58a289 e-flex e-con-boxed e-con e-parent\" data-id=\"b58a289\" data-element_type=\"container\">\n\t\t\t\t\t<div class=\"e-con-inner\">\n\t\t\t\t<div class=\"elementor-element elementor-element-b2b039e elementor-widget elementor-widget-html\" data-id=\"b2b039e\" data-element_type=\"widget\" data-widget_type=\"html.default\">\n\t\t\t\t<div class=\"elementor-widget-container\">\n\t\t\t\t\t<script src=\"https:\/\/www.ticketino.com\/js\/iframe-resizer\/iframeResizer.min.js\"><\/script>\n<script>function iframeDidLoad() { iFrameResize({ log: false, heightCalculationMethod: 'max' }, '#ticketino-iframe'); }<\/script>\n<iframe id=\"ticketino-iframe\" style=\"width: 1px; min-width: 100%; border: none;\" src=\"https:\/\/www.ticketino.com\/it\/event\/Embed\/202747\" onload=\"iframeDidLoad()\"><\/iframe>\t\t\t\t<\/div>\n\t\t\t\t<\/div>\n\t\t\t\t\t<\/div>\n\t\t\t\t<\/div>\n\t\t<div class=\"elementor-element elementor-element-b7658d3 e-flex e-con-boxed e-con e-parent\" data-id=\"b7658d3\" data-element_type=\"container\">\n\t\t\t\t\t<div class=\"e-con-inner\">\n\t\t\t\t<div class=\"elementor-element elementor-element-0fcf6de elementor-widget elementor-widget-heading\" data-id=\"0fcf6de\" data-element_type=\"widget\" data-widget_type=\"heading.default\">\n\t\t\t\t<div class=\"elementor-widget-container\">\n\t\t\t\t\t<h3 class=\"elementor-heading-title elementor-size-default\">Wie funktioniert es?<\/h3>\t\t\t\t<\/div>\n\t\t\t\t<\/div>\n\t\t\t\t<div class=\"elementor-element elementor-element-dd55898 elementor-widget elementor-widget-text-editor\" data-id=\"dd55898\" data-element_type=\"widget\" data-widget_type=\"text-editor.default\">\n\t\t\t\t<div class=\"elementor-widget-container\">\n\t\t\t\t\t\t\t\t\t<p>Die P\u00e4sse sind Armb\u00e4nder, die beim Einlass zum Festival ausgegeben werden. Diejenigen, die die Eintrittskarte im Voraus gekauft haben, erhalten beim ersten Einlass zum Japan Matsuri ein Armband anstelle der Eintrittskarte.<\/p><p><span style=\"text-decoration: underline;\"><strong>Entfernte Armb\u00e4nder werden nicht ersetzt.<\/strong><\/span><\/p>\t\t\t\t\t\t\t\t<\/div>\n\t\t\t\t<\/div>\n\t\t\t\t\t<\/div>\n\t\t\t\t<\/div>\n\t\t\t\t<\/div>","protected":false},"excerpt":{"rendered":"<p>Biglietti I biglietti sono acquistabili direttamente alla cassa o online su ticketino.com Costo alla cassa Pass valido 1 Giorno:Adulti\u00a0 CHF 17.-Bambini(6-14) CHF 8.-Bambini sotto i 6 anni: gratis Pass valido 2 Giorni:Adulti \u00a0 CHF 22.-Bambini(6-14)\u00a0 CHF 13.-Bambini sotto i 6 anni: gratis Non si accettano banconote da CHF 200.- e CHF 1000.- Costo biglietto online [&hellip;]<\/p>","protected":false},"author":1,"featured_media":0,"parent":0,"menu_order":0,"comment_status":"closed","ping_status":"closed","template":"","meta":{"footnotes":""},"class_list":["post-471","page","type-page","status-publish","hentry"],"yoast_head":"<!-- This site is optimized with the Yoast SEO plugin v25.4 - https:\/\/yoast.com\/wordpress\/plugins\/seo\/ -->\n<title>biglietti - Japan Matsuri - Festival Giapponese Bellinzona<\/title>\n<meta name=\"robots\" content=\"index, follow, max-snippet:-1, max-image-preview:large, max-video-preview:-1\" \/>\n<link rel=\"canonical\" href=\"https:\/\/japanmatsuri.org\/de\/tickets\/\" \/>\n<meta property=\"og:locale\" content=\"de_DE\" \/>\n<meta property=\"og:type\" content=\"article\" \/>\n<meta property=\"og:title\" content=\"biglietti - Japan Matsuri - Festival Giapponese Bellinzona\" \/>\n<meta property=\"og:description\" content=\"Biglietti I biglietti sono acquistabili direttamente alla cassa o online su ticketino.com Costo alla cassa Pass valido 1 Giorno:Adulti\u00a0 CHF 17.-Bambini(6-14) CHF 8.-Bambini sotto i 6 anni: gratis Pass valido 2 Giorni:Adulti \u00a0 CHF 22.-Bambini(6-14)\u00a0 CHF 13.-Bambini sotto i 6 anni: gratis Non si accettano banconote da CHF 200.- e CHF 1000.- Costo biglietto online [&hellip;]\" \/>\n<meta property=\"og:url\" content=\"https:\/\/japanmatsuri.org\/de\/tickets\/\" \/>\n<meta property=\"og:site_name\" content=\"Japan Matsuri - Festival Giapponese Bellinzona\" \/>\n<meta property=\"article:modified_time\" content=\"2025-06-01T19:22:14+00:00\" \/>\n<meta property=\"og:image\" content=\"https:\/\/japanmatsuri.org\/wp-content\/uploads\/2025\/05\/Cash-300x283-1.jpg\" \/>\n\t<meta property=\"og:image:width\" content=\"300\" \/>\n\t<meta property=\"og:image:height\" content=\"283\" \/>\n\t<meta property=\"og:image:type\" content=\"image\/jpeg\" \/>\n<meta name=\"twitter:card\" content=\"summary_large_image\" \/>\n<meta name=\"twitter:label1\" content=\"Gesch\u00e4tzte Lesezeit\" \/>\n\t<meta name=\"twitter:data1\" content=\"1\u00a0Minute\" \/>\n<script type=\"application\/ld+json\" class=\"yoast-schema-graph\">{\"@context\":\"https:\/\/schema.org\",\"@graph\":[{\"@type\":\"WebPage\",\"@id\":\"https:\/\/japanmatsuri.org\/it\/biglietti\/\",\"url\":\"https:\/\/japanmatsuri.org\/it\/biglietti\/\",\"name\":\"biglietti - Japan Matsuri - Festival Giapponese Bellinzona\",\"isPartOf\":{\"@id\":\"https:\/\/japanmatsuri.org\/#website\"},\"primaryImageOfPage\":{\"@id\":\"https:\/\/japanmatsuri.org\/it\/biglietti\/#primaryimage\"},\"image\":{\"@id\":\"https:\/\/japanmatsuri.org\/it\/biglietti\/#primaryimage\"},\"thumbnailUrl\":\"https:\/\/japanmatsuri.org\/wp-content\/uploads\/2025\/05\/Cash-300x283-1.jpg\",\"datePublished\":\"2025-05-10T17:41:36+00:00\",\"dateModified\":\"2025-06-01T19:22:14+00:00\",\"breadcrumb\":{\"@id\":\"https:\/\/japanmatsuri.org\/it\/biglietti\/#breadcrumb\"},\"inLanguage\":\"de-CH\",\"potentialAction\":[{\"@type\":\"ReadAction\",\"target\":[\"https:\/\/japanmatsuri.org\/it\/biglietti\/\"]}]},{\"@type\":\"ImageObject\",\"inLanguage\":\"de-CH\",\"@id\":\"https:\/\/japanmatsuri.org\/it\/biglietti\/#primaryimage\",\"url\":\"https:\/\/japanmatsuri.org\/wp-content\/uploads\/2025\/05\/Cash-300x283-1.jpg\",\"contentUrl\":\"https:\/\/japanmatsuri.org\/wp-content\/uploads\/2025\/05\/Cash-300x283-1.jpg\"},{\"@type\":\"BreadcrumbList\",\"@id\":\"https:\/\/japanmatsuri.org\/it\/biglietti\/#breadcrumb\",\"itemListElement\":[{\"@type\":\"ListItem\",\"position\":1,\"name\":\"Home\",\"item\":\"https:\/\/japanmatsuri.org\/it\/\"},{\"@type\":\"ListItem\",\"position\":2,\"name\":\"biglietti\"}]},{\"@type\":\"WebSite\",\"@id\":\"https:\/\/japanmatsuri.org\/#website\",\"url\":\"https:\/\/japanmatsuri.org\/\",\"name\":\"Japan Matsuri - Festival Giapponese Bellinzona\",\"description\":\"Festival Giapponese Bellinzona\",\"potentialAction\":[{\"@type\":\"SearchAction\",\"target\":{\"@type\":\"EntryPoint\",\"urlTemplate\":\"https:\/\/japanmatsuri.org\/?s={search_term_string}\"},\"query-input\":{\"@type\":\"PropertyValueSpecification\",\"valueRequired\":true,\"valueName\":\"search_term_string\"}}],\"inLanguage\":\"de-CH\"}]}<\/script>\n<!-- \/ Yoast SEO plugin. -->","yoast_head_json":{"title":"biglietti - Japan Matsuri - Festival Giapponese Bellinzona","robots":{"index":"index","follow":"follow","max-snippet":"max-snippet:-1","max-image-preview":"max-image-preview:large","max-video-preview":"max-video-preview:-1"},"canonical":"https:\/\/japanmatsuri.org\/de\/tickets\/","og_locale":"de_DE","og_type":"article","og_title":"biglietti - Japan Matsuri - Festival Giapponese Bellinzona","og_description":"Biglietti I biglietti sono acquistabili direttamente alla cassa o online su ticketino.com Costo alla cassa Pass valido 1 Giorno:Adulti\u00a0 CHF 17.-Bambini(6-14) CHF 8.-Bambini sotto i 6 anni: gratis Pass valido 2 Giorni:Adulti \u00a0 CHF 22.-Bambini(6-14)\u00a0 CHF 13.-Bambini sotto i 6 anni: gratis Non si accettano banconote da CHF 200.- e CHF 1000.- Costo biglietto online [&hellip;]","og_url":"https:\/\/japanmatsuri.org\/de\/tickets\/","og_site_name":"Japan Matsuri - Festival Giapponese Bellinzona","article_modified_time":"2025-06-01T19:22:14+00:00","og_image":[{"width":300,"height":283,"url":"https:\/\/japanmatsuri.org\/wp-content\/uploads\/2025\/05\/Cash-300x283-1.jpg","type":"image\/jpeg"}],"twitter_card":"summary_large_image","twitter_misc":{"Gesch\u00e4tzte Lesezeit":"1\u00a0Minute"},"schema":{"@context":"https:\/\/schema.org","@graph":[{"@type":"WebPage","@id":"https:\/\/japanmatsuri.org\/it\/biglietti\/","url":"https:\/\/japanmatsuri.org\/it\/biglietti\/","name":"biglietti - Japan Matsuri - Festival Giapponese Bellinzona","isPartOf":{"@id":"https:\/\/japanmatsuri.org\/#website"},"primaryImageOfPage":{"@id":"https:\/\/japanmatsuri.org\/it\/biglietti\/#primaryimage"},"image":{"@id":"https:\/\/japanmatsuri.org\/it\/biglietti\/#primaryimage"},"thumbnailUrl":"https:\/\/japanmatsuri.org\/wp-content\/uploads\/2025\/05\/Cash-300x283-1.jpg","datePublished":"2025-05-10T17:41:36+00:00","dateModified":"2025-06-01T19:22:14+00:00","breadcrumb":{"@id":"https:\/\/japanmatsuri.org\/it\/biglietti\/#breadcrumb"},"inLanguage":"de-CH","potentialAction":[{"@type":"ReadAction","target":["https:\/\/japanmatsuri.org\/it\/biglietti\/"]}]},{"@type":"ImageObject","inLanguage":"de-CH","@id":"https:\/\/japanmatsuri.org\/it\/biglietti\/#primaryimage","url":"https:\/\/japanmatsuri.org\/wp-content\/uploads\/2025\/05\/Cash-300x283-1.jpg","contentUrl":"https:\/\/japanmatsuri.org\/wp-content\/uploads\/2025\/05\/Cash-300x283-1.jpg"},{"@type":"BreadcrumbList","@id":"https:\/\/japanmatsuri.org\/it\/biglietti\/#breadcrumb","itemListElement":[{"@type":"ListItem","position":1,"name":"Home","item":"https:\/\/japanmatsuri.org\/it\/"},{"@type":"ListItem","position":2,"name":"biglietti"}]},{"@type":"WebSite","@id":"https:\/\/japanmatsuri.org\/#website","url":"https:\/\/japanmatsuri.org\/","name":"Japan Matsuri - Festival Giapponese Bellinzona","description":"Festival Giapponese Bellinzona","potentialAction":[{"@type":"SearchAction","target":{"@type":"EntryPoint","urlTemplate":"https:\/\/japanmatsuri.org\/?s={search_term_string}"},"query-input":{"@type":"PropertyValueSpecification","valueRequired":true,"valueName":"search_term_string"}}],"inLanguage":"de-CH"}]}},"_links":{"self":[{"href":"https:\/\/japanmatsuri.org\/de\/wp-json\/wp\/v2\/pages\/471","targetHints":{"allow":["GET"]}}],"collection":[{"href":"https:\/\/japanmatsuri.org\/de\/wp-json\/wp\/v2\/pages"}],"about":[{"href":"https:\/\/japanmatsuri.org\/de\/wp-json\/wp\/v2\/types\/page"}],"author":[{"embeddable":true,"href":"https:\/\/japanmatsuri.org\/de\/wp-json\/wp\/v2\/users\/1"}],"replies":[{"embeddable":true,"href":"https:\/\/japanmatsuri.org\/de\/wp-json\/wp\/v2\/comments?post=471"}],"version-history":[{"count":13,"href":"https:\/\/japanmatsuri.org\/de\/wp-json\/wp\/v2\/pages\/471\/revisions"}],"predecessor-version":[{"id":780,"href":"https:\/\/japanmatsuri.org\/de\/wp-json\/wp\/v2\/pages\/471\/revisions\/780"}],"wp:attachment":[{"href":"https:\/\/japanmatsuri.org\/de\/wp-json\/wp\/v2\/media?parent=471"}],"curies":[{"name":"wp","href":"https:\/\/api.w.org\/{rel}","templated":true}]}}