{"id":484,"date":"2025-05-11T14:52:31","date_gmt":"2025-05-11T13:52:31","guid":{"rendered":"https:\/\/japanmatsuri.org\/?page_id=484"},"modified":"2025-05-13T12:40:30","modified_gmt":"2025-05-13T11:40:30","slug":"street-food","status":"publish","type":"page","link":"https:\/\/japanmatsuri.org\/de\/street-food\/","title":{"rendered":"street food"},"content":{"rendered":"<div data-elementor-type=\"wp-page\" data-elementor-id=\"484\" class=\"elementor elementor-484\" data-elementor-post-type=\"page\">\n\t\t\t\t<div class=\"elementor-element elementor-element-2e1a35cb e-flex e-con-boxed e-con e-parent\" data-id=\"2e1a35cb\" data-element_type=\"container\">\n\t\t\t\t\t<div class=\"e-con-inner\">\n\t\t\t\t<div class=\"elementor-element elementor-element-264bf408 elementor-widget elementor-widget-heading\" data-id=\"264bf408\" data-element_type=\"widget\" data-widget_type=\"heading.default\">\n\t\t\t\t<div class=\"elementor-widget-container\">\n\t\t\t\t\t<h1 class=\"elementor-heading-title elementor-size-default\">Street Food<\/h1>\t\t\t\t<\/div>\n\t\t\t\t<\/div>\n\t\t\t\t\t<\/div>\n\t\t\t\t<\/div>\n\t\t<div class=\"elementor-element elementor-element-7332af5f e-flex e-con-boxed e-con e-parent\" data-id=\"7332af5f\" data-element_type=\"container\">\n\t\t\t\t\t<div class=\"e-con-inner\">\n\t\t\t\t<div class=\"elementor-element elementor-element-bd4db33 elementor-widget elementor-widget-text-editor\" data-id=\"bd4db33\" data-element_type=\"widget\" data-widget_type=\"text-editor.default\">\n\t\t\t\t<div class=\"elementor-widget-container\">\n\t\t\t\t\t\t\t\t\t<p class=\"translation-block\">W\u00e4hrend des Festivals wird ein sehr vielf\u00e4ltiger Einblick in die japanische Kochkunst geboten, bei dem es nicht nur Sushi oder Sashimi, sondern auch leckere traditionelle Gerichte wie Takoyaki, Okonomiyaki, Dorayaki, Kakig\u014dri und andere K\u00f6stlichkeiten zu entdecken und zu genie\u00dfen gibt, nicht zu vergessen eine gro\u00dfe Auswahl an japanischen Getr\u00e4nken und S\u00fc\u00dfigkeiten.<\/p>\t\t\t\t\t\t\t\t<\/div>\n\t\t\t\t<\/div>\n\t\t\t\t\t<\/div>\n\t\t\t\t<\/div>\n\t\t<div class=\"elementor-element elementor-element-689df09 e-flex e-con-boxed e-con e-parent\" data-id=\"689df09\" data-element_type=\"container\">\n\t\t\t\t\t<div class=\"e-con-inner\">\n\t\t<div class=\"elementor-element elementor-element-df2611f e-con-full e-flex e-con e-child\" data-id=\"df2611f\" data-element_type=\"container\">\n\t\t<div class=\"elementor-element elementor-element-a6b3cb9 e-grid e-con-full e-con e-child\" data-id=\"a6b3cb9\" data-element_type=\"container\">\n\t\t\t\t<div class=\"elementor-element elementor-element-45194ca elementor-widget elementor-widget-image\" data-id=\"45194ca\" data-element_type=\"widget\" data-widget_type=\"image.default\">\n\t\t\t\t<div class=\"elementor-widget-container\">\n\t\t\t\t\t\t\t\t\t\t\t\t\t\t\t<img fetchpriority=\"high\" decoding=\"async\" width=\"300\" height=\"199\" src=\"https:\/\/japanmatsuri.org\/wp-content\/uploads\/2025\/05\/takoyaki.jpeg\" class=\"attachment-medium size-medium wp-image-486\" alt=\"\" srcset=\"https:\/\/japanmatsuri.org\/wp-content\/uploads\/2025\/05\/takoyaki.jpeg 300w, https:\/\/japanmatsuri.org\/wp-content\/uploads\/2025\/05\/takoyaki-18x12.jpeg 18w\" sizes=\"(max-width: 300px) 100vw, 300px\" \/>\t\t\t\t\t\t\t\t\t\t\t\t\t\t\t<\/div>\n\t\t\t\t<\/div>\n\t\t\t\t<div class=\"elementor-element elementor-element-beb5658 elementor-widget elementor-widget-image\" data-id=\"beb5658\" data-element_type=\"widget\" data-widget_type=\"image.default\">\n\t\t\t\t<div class=\"elementor-widget-container\">\n\t\t\t\t\t\t\t\t\t\t\t\t\t\t\t<img decoding=\"async\" width=\"300\" height=\"199\" src=\"https:\/\/japanmatsuri.org\/wp-content\/uploads\/2025\/05\/Okonomiyaki.jpeg\" class=\"attachment-large size-large wp-image-487\" alt=\"\" srcset=\"https:\/\/japanmatsuri.org\/wp-content\/uploads\/2025\/05\/Okonomiyaki.jpeg 300w, https:\/\/japanmatsuri.org\/wp-content\/uploads\/2025\/05\/Okonomiyaki-18x12.jpeg 18w\" sizes=\"(max-width: 300px) 100vw, 300px\" \/>\t\t\t\t\t\t\t\t\t\t\t\t\t\t\t<\/div>\n\t\t\t\t<\/div>\n\t\t\t\t<div class=\"elementor-element elementor-element-ce8dade elementor-widget elementor-widget-image\" data-id=\"ce8dade\" data-element_type=\"widget\" data-widget_type=\"image.default\">\n\t\t\t\t<div class=\"elementor-widget-container\">\n\t\t\t\t\t\t\t\t\t\t\t\t\t\t\t<img decoding=\"async\" width=\"300\" height=\"200\" src=\"https:\/\/japanmatsuri.org\/wp-content\/uploads\/2025\/05\/nikuman.jpeg\" class=\"attachment-large size-large wp-image-488\" alt=\"\" srcset=\"https:\/\/japanmatsuri.org\/wp-content\/uploads\/2025\/05\/nikuman.jpeg 300w, https:\/\/japanmatsuri.org\/wp-content\/uploads\/2025\/05\/nikuman-18x12.jpeg 18w\" sizes=\"(max-width: 300px) 100vw, 300px\" \/>\t\t\t\t\t\t\t\t\t\t\t\t\t\t\t<\/div>\n\t\t\t\t<\/div>\n\t\t\t\t<div class=\"elementor-element elementor-element-e4668ab elementor-widget elementor-widget-image\" data-id=\"e4668ab\" data-element_type=\"widget\" data-widget_type=\"image.default\">\n\t\t\t\t<div class=\"elementor-widget-container\">\n\t\t\t\t\t\t\t\t\t\t\t\t\t\t\t<img loading=\"lazy\" decoding=\"async\" width=\"300\" height=\"200\" src=\"https:\/\/japanmatsuri.org\/wp-content\/uploads\/2025\/05\/onigiri.jpeg\" class=\"attachment-large size-large wp-image-489\" alt=\"\" srcset=\"https:\/\/japanmatsuri.org\/wp-content\/uploads\/2025\/05\/onigiri.jpeg 300w, https:\/\/japanmatsuri.org\/wp-content\/uploads\/2025\/05\/onigiri-18x12.jpeg 18w\" sizes=\"(max-width: 300px) 100vw, 300px\" \/>\t\t\t\t\t\t\t\t\t\t\t\t\t\t\t<\/div>\n\t\t\t\t<\/div>\n\t\t\t\t<div class=\"elementor-element elementor-element-45c689d elementor-widget elementor-widget-image\" data-id=\"45c689d\" data-element_type=\"widget\" data-widget_type=\"image.default\">\n\t\t\t\t<div class=\"elementor-widget-container\">\n\t\t\t\t\t\t\t\t\t\t\t\t\t\t\t<img loading=\"lazy\" decoding=\"async\" width=\"300\" height=\"200\" src=\"https:\/\/japanmatsuri.org\/wp-content\/uploads\/2025\/05\/taiyaki.jpeg\" class=\"attachment-large size-large wp-image-490\" alt=\"\" srcset=\"https:\/\/japanmatsuri.org\/wp-content\/uploads\/2025\/05\/taiyaki.jpeg 300w, https:\/\/japanmatsuri.org\/wp-content\/uploads\/2025\/05\/taiyaki-18x12.jpeg 18w\" sizes=\"(max-width: 300px) 100vw, 300px\" \/>\t\t\t\t\t\t\t\t\t\t\t\t\t\t\t<\/div>\n\t\t\t\t<\/div>\n\t\t\t\t<div class=\"elementor-element elementor-element-dadcb87 elementor-widget elementor-widget-image\" data-id=\"dadcb87\" data-element_type=\"widget\" data-widget_type=\"image.default\">\n\t\t\t\t<div class=\"elementor-widget-container\">\n\t\t\t\t\t\t\t\t\t\t\t\t\t\t\t<img loading=\"lazy\" decoding=\"async\" width=\"300\" height=\"180\" src=\"https:\/\/japanmatsuri.org\/wp-content\/uploads\/2025\/05\/sushi.jpeg\" class=\"attachment-large size-large wp-image-491\" alt=\"\" srcset=\"https:\/\/japanmatsuri.org\/wp-content\/uploads\/2025\/05\/sushi.jpeg 300w, https:\/\/japanmatsuri.org\/wp-content\/uploads\/2025\/05\/sushi-18x12.jpeg 18w\" sizes=\"(max-width: 300px) 100vw, 300px\" \/>\t\t\t\t\t\t\t\t\t\t\t\t\t\t\t<\/div>\n\t\t\t\t<\/div>\n\t\t\t\t<div class=\"elementor-element elementor-element-9fd28d0 elementor-widget elementor-widget-image\" data-id=\"9fd28d0\" data-element_type=\"widget\" data-widget_type=\"image.default\">\n\t\t\t\t<div class=\"elementor-widget-container\">\n\t\t\t\t\t\t\t\t\t\t\t\t\t\t\t<img loading=\"lazy\" decoding=\"async\" width=\"300\" height=\"200\" src=\"https:\/\/japanmatsuri.org\/wp-content\/uploads\/2025\/05\/melonpan_crema.jpeg\" class=\"attachment-large size-large wp-image-492\" alt=\"\" srcset=\"https:\/\/japanmatsuri.org\/wp-content\/uploads\/2025\/05\/melonpan_crema.jpeg 300w, https:\/\/japanmatsuri.org\/wp-content\/uploads\/2025\/05\/melonpan_crema-18x12.jpeg 18w\" sizes=\"(max-width: 300px) 100vw, 300px\" \/>\t\t\t\t\t\t\t\t\t\t\t\t\t\t\t<\/div>\n\t\t\t\t<\/div>\n\t\t\t\t<div class=\"elementor-element elementor-element-77f1bdb elementor-widget elementor-widget-image\" data-id=\"77f1bdb\" data-element_type=\"widget\" data-widget_type=\"image.default\">\n\t\t\t\t<div class=\"elementor-widget-container\">\n\t\t\t\t\t\t\t\t\t\t\t\t\t\t\t<img decoding=\"async\" src=\"https:\/\/japanmatsuri.org\/wp-content\/uploads\/elementor\/thumbs\/kakigori-300x277-1-rhtz1hg4bja4bn2097vvcdv6wtlxx34zvv91p971fk.jpg\" title=\"kakigori-300&#215;277\" alt=\"kakigori-300x277\" loading=\"lazy\" \/>\t\t\t\t\t\t\t\t\t\t\t\t\t\t\t<\/div>\n\t\t\t\t<\/div>\n\t\t\t\t<div class=\"elementor-element elementor-element-342fa6d elementor-widget elementor-widget-image\" data-id=\"342fa6d\" data-element_type=\"widget\" data-widget_type=\"image.default\">\n\t\t\t\t<div class=\"elementor-widget-container\">\n\t\t\t\t\t\t\t\t\t\t\t\t\t\t\t<img loading=\"lazy\" decoding=\"async\" width=\"300\" height=\"200\" src=\"https:\/\/japanmatsuri.org\/wp-content\/uploads\/2025\/05\/yakitori.jpeg\" class=\"attachment-large size-large wp-image-494\" alt=\"\" srcset=\"https:\/\/japanmatsuri.org\/wp-content\/uploads\/2025\/05\/yakitori.jpeg 300w, https:\/\/japanmatsuri.org\/wp-content\/uploads\/2025\/05\/yakitori-18x12.jpeg 18w\" sizes=\"(max-width: 300px) 100vw, 300px\" \/>\t\t\t\t\t\t\t\t\t\t\t\t\t\t\t<\/div>\n\t\t\t\t<\/div>\n\t\t\t\t<\/div>\n\t\t\t\t<\/div>\n\t\t\t\t\t<\/div>\n\t\t\t\t<\/div>\n\t\t<div class=\"elementor-element elementor-element-190a2990 e-flex e-con-boxed e-con e-parent\" data-id=\"190a2990\" data-element_type=\"container\">\n\t\t\t\t\t<div class=\"e-con-inner\">\n\t\t\t\t\t<\/div>\n\t\t\t\t<\/div>\n\t\t\t\t<\/div>","protected":false},"excerpt":{"rendered":"<p>Street Food Durante il festival, viene proposta una visione molto variegata dell\u2019arte culinaria nipponica, la quale non offre solo sushi o sashimi, ma anche gustosi piatti tradizionali come i takoyaki, l\u2019okonomiyaki, i dorayaki, i Kakig\u014dri, e altre delizie da scoprire e da assaporare, senza dimenticare una grande selezione di bevande, dolci nipponici e proposte vegane.<\/p>","protected":false},"author":1,"featured_media":0,"parent":0,"menu_order":0,"comment_status":"closed","ping_status":"closed","template":"","meta":{"footnotes":""},"class_list":["post-484","page","type-page","status-publish","hentry"],"yoast_head":"<!-- This site is optimized with the Yoast SEO plugin v25.4 - https:\/\/yoast.com\/wordpress\/plugins\/seo\/ -->\n<title>street food - Japan Matsuri - Festival Giapponese Bellinzona<\/title>\n<meta name=\"robots\" content=\"index, follow, max-snippet:-1, max-image-preview:large, max-video-preview:-1\" \/>\n<link rel=\"canonical\" href=\"https:\/\/japanmatsuri.org\/de\/street-food\/\" \/>\n<meta property=\"og:locale\" content=\"de_DE\" \/>\n<meta property=\"og:type\" content=\"article\" \/>\n<meta property=\"og:title\" content=\"street food - Japan Matsuri - Festival Giapponese Bellinzona\" \/>\n<meta property=\"og:description\" content=\"Street Food Durante il festival, viene proposta una visione molto variegata dell\u2019arte culinaria nipponica, la quale non offre solo sushi o sashimi, ma anche gustosi piatti tradizionali come i takoyaki, l\u2019okonomiyaki, i dorayaki, i Kakig\u014dri, e altre delizie da scoprire e da assaporare, senza dimenticare una grande selezione di bevande, dolci nipponici e proposte vegane.\" \/>\n<meta property=\"og:url\" content=\"https:\/\/japanmatsuri.org\/de\/street-food\/\" \/>\n<meta property=\"og:site_name\" content=\"Japan Matsuri - Festival Giapponese Bellinzona\" \/>\n<meta property=\"article:modified_time\" content=\"2025-05-13T11:40:30+00:00\" \/>\n<meta property=\"og:image\" content=\"https:\/\/japanmatsuri.org\/wp-content\/uploads\/2025\/05\/takoyaki.jpeg\" \/>\n\t<meta property=\"og:image:width\" content=\"300\" \/>\n\t<meta property=\"og:image:height\" content=\"199\" \/>\n\t<meta property=\"og:image:type\" content=\"image\/jpeg\" \/>\n<meta name=\"twitter:card\" content=\"summary_large_image\" \/>\n<script type=\"application\/ld+json\" class=\"yoast-schema-graph\">{\"@context\":\"https:\/\/schema.org\",\"@graph\":[{\"@type\":\"WebPage\",\"@id\":\"https:\/\/japanmatsuri.org\/it\/street-food\/\",\"url\":\"https:\/\/japanmatsuri.org\/it\/street-food\/\",\"name\":\"street food - Japan Matsuri - Festival Giapponese Bellinzona\",\"isPartOf\":{\"@id\":\"https:\/\/japanmatsuri.org\/#website\"},\"primaryImageOfPage\":{\"@id\":\"https:\/\/japanmatsuri.org\/it\/street-food\/#primaryimage\"},\"image\":{\"@id\":\"https:\/\/japanmatsuri.org\/it\/street-food\/#primaryimage\"},\"thumbnailUrl\":\"https:\/\/japanmatsuri.org\/wp-content\/uploads\/2025\/05\/takoyaki.jpeg\",\"datePublished\":\"2025-05-11T13:52:31+00:00\",\"dateModified\":\"2025-05-13T11:40:30+00:00\",\"breadcrumb\":{\"@id\":\"https:\/\/japanmatsuri.org\/it\/street-food\/#breadcrumb\"},\"inLanguage\":\"de-CH\",\"potentialAction\":[{\"@type\":\"ReadAction\",\"target\":[\"https:\/\/japanmatsuri.org\/it\/street-food\/\"]}]},{\"@type\":\"ImageObject\",\"inLanguage\":\"de-CH\",\"@id\":\"https:\/\/japanmatsuri.org\/it\/street-food\/#primaryimage\",\"url\":\"https:\/\/japanmatsuri.org\/wp-content\/uploads\/2025\/05\/takoyaki.jpeg\",\"contentUrl\":\"https:\/\/japanmatsuri.org\/wp-content\/uploads\/2025\/05\/takoyaki.jpeg\"},{\"@type\":\"BreadcrumbList\",\"@id\":\"https:\/\/japanmatsuri.org\/it\/street-food\/#breadcrumb\",\"itemListElement\":[{\"@type\":\"ListItem\",\"position\":1,\"name\":\"Home\",\"item\":\"https:\/\/japanmatsuri.org\/it\/\"},{\"@type\":\"ListItem\",\"position\":2,\"name\":\"street food\"}]},{\"@type\":\"WebSite\",\"@id\":\"https:\/\/japanmatsuri.org\/#website\",\"url\":\"https:\/\/japanmatsuri.org\/\",\"name\":\"Japan Matsuri - Festival Giapponese Bellinzona\",\"description\":\"Festival Giapponese Bellinzona\",\"potentialAction\":[{\"@type\":\"SearchAction\",\"target\":{\"@type\":\"EntryPoint\",\"urlTemplate\":\"https:\/\/japanmatsuri.org\/?s={search_term_string}\"},\"query-input\":{\"@type\":\"PropertyValueSpecification\",\"valueRequired\":true,\"valueName\":\"search_term_string\"}}],\"inLanguage\":\"de-CH\"}]}<\/script>\n<!-- \/ Yoast SEO plugin. -->","yoast_head_json":{"title":"street food - Japan Matsuri - Festival Giapponese Bellinzona","robots":{"index":"index","follow":"follow","max-snippet":"max-snippet:-1","max-image-preview":"max-image-preview:large","max-video-preview":"max-video-preview:-1"},"canonical":"https:\/\/japanmatsuri.org\/de\/street-food\/","og_locale":"de_DE","og_type":"article","og_title":"street food - Japan Matsuri - Festival Giapponese Bellinzona","og_description":"Street Food Durante il festival, viene proposta una visione molto variegata dell\u2019arte culinaria nipponica, la quale non offre solo sushi o sashimi, ma anche gustosi piatti tradizionali come i takoyaki, l\u2019okonomiyaki, i dorayaki, i Kakig\u014dri, e altre delizie da scoprire e da assaporare, senza dimenticare una grande selezione di bevande, dolci nipponici e proposte vegane.","og_url":"https:\/\/japanmatsuri.org\/de\/street-food\/","og_site_name":"Japan Matsuri - Festival Giapponese Bellinzona","article_modified_time":"2025-05-13T11:40:30+00:00","og_image":[{"width":300,"height":199,"url":"https:\/\/japanmatsuri.org\/wp-content\/uploads\/2025\/05\/takoyaki.jpeg","type":"image\/jpeg"}],"twitter_card":"summary_large_image","schema":{"@context":"https:\/\/schema.org","@graph":[{"@type":"WebPage","@id":"https:\/\/japanmatsuri.org\/it\/street-food\/","url":"https:\/\/japanmatsuri.org\/it\/street-food\/","name":"street food - Japan Matsuri - Festival Giapponese Bellinzona","isPartOf":{"@id":"https:\/\/japanmatsuri.org\/#website"},"primaryImageOfPage":{"@id":"https:\/\/japanmatsuri.org\/it\/street-food\/#primaryimage"},"image":{"@id":"https:\/\/japanmatsuri.org\/it\/street-food\/#primaryimage"},"thumbnailUrl":"https:\/\/japanmatsuri.org\/wp-content\/uploads\/2025\/05\/takoyaki.jpeg","datePublished":"2025-05-11T13:52:31+00:00","dateModified":"2025-05-13T11:40:30+00:00","breadcrumb":{"@id":"https:\/\/japanmatsuri.org\/it\/street-food\/#breadcrumb"},"inLanguage":"de-CH","potentialAction":[{"@type":"ReadAction","target":["https:\/\/japanmatsuri.org\/it\/street-food\/"]}]},{"@type":"ImageObject","inLanguage":"de-CH","@id":"https:\/\/japanmatsuri.org\/it\/street-food\/#primaryimage","url":"https:\/\/japanmatsuri.org\/wp-content\/uploads\/2025\/05\/takoyaki.jpeg","contentUrl":"https:\/\/japanmatsuri.org\/wp-content\/uploads\/2025\/05\/takoyaki.jpeg"},{"@type":"BreadcrumbList","@id":"https:\/\/japanmatsuri.org\/it\/street-food\/#breadcrumb","itemListElement":[{"@type":"ListItem","position":1,"name":"Home","item":"https:\/\/japanmatsuri.org\/it\/"},{"@type":"ListItem","position":2,"name":"street food"}]},{"@type":"WebSite","@id":"https:\/\/japanmatsuri.org\/#website","url":"https:\/\/japanmatsuri.org\/","name":"Japan Matsuri - Festival Giapponese Bellinzona","description":"Festival Giapponese Bellinzona","potentialAction":[{"@type":"SearchAction","target":{"@type":"EntryPoint","urlTemplate":"https:\/\/japanmatsuri.org\/?s={search_term_string}"},"query-input":{"@type":"PropertyValueSpecification","valueRequired":true,"valueName":"search_term_string"}}],"inLanguage":"de-CH"}]}},"_links":{"self":[{"href":"https:\/\/japanmatsuri.org\/de\/wp-json\/wp\/v2\/pages\/484","targetHints":{"allow":["GET"]}}],"collection":[{"href":"https:\/\/japanmatsuri.org\/de\/wp-json\/wp\/v2\/pages"}],"about":[{"href":"https:\/\/japanmatsuri.org\/de\/wp-json\/wp\/v2\/types\/page"}],"author":[{"embeddable":true,"href":"https:\/\/japanmatsuri.org\/de\/wp-json\/wp\/v2\/users\/1"}],"replies":[{"embeddable":true,"href":"https:\/\/japanmatsuri.org\/de\/wp-json\/wp\/v2\/comments?post=484"}],"version-history":[{"count":13,"href":"https:\/\/japanmatsuri.org\/de\/wp-json\/wp\/v2\/pages\/484\/revisions"}],"predecessor-version":[{"id":628,"href":"https:\/\/japanmatsuri.org\/de\/wp-json\/wp\/v2\/pages\/484\/revisions\/628"}],"wp:attachment":[{"href":"https:\/\/japanmatsuri.org\/de\/wp-json\/wp\/v2\/media?parent=484"}],"curies":[{"name":"wp","href":"https:\/\/api.w.org\/{rel}","templated":true}]}}