{"id":876,"date":"2025-06-22T16:19:54","date_gmt":"2025-06-22T15:19:54","guid":{"rendered":"https:\/\/japanmatsuri.org\/it\/?page_id=876"},"modified":"2025-07-02T20:37:28","modified_gmt":"2025-07-02T19:37:28","slug":"gyoza-masterclass","status":"publish","type":"page","link":"https:\/\/japanmatsuri.org\/de\/gyoza-masterclass\/","title":{"rendered":"Gyoza-Meisterkurs"},"content":{"rendered":"<div data-elementor-type=\"wp-page\" data-elementor-id=\"876\" class=\"elementor elementor-876\" data-elementor-post-type=\"page\">\n\t\t\t\t<div class=\"elementor-element elementor-element-62d1fed1 e-flex e-con-boxed e-con e-parent\" data-id=\"62d1fed1\" data-element_type=\"container\">\n\t\t\t\t\t<div class=\"e-con-inner\">\n\t\t\t\t<div class=\"elementor-element elementor-element-39f856e2 elementor-widget elementor-widget-heading\" data-id=\"39f856e2\" data-element_type=\"widget\" data-widget_type=\"heading.default\">\n\t\t\t\t<div class=\"elementor-widget-container\">\n\t\t\t\t\t<h1 class=\"elementor-heading-title elementor-size-default\">Gyoza-Meisterkurs<\/h1>\t\t\t\t<\/div>\n\t\t\t\t<\/div>\n\t\t\t\t<div class=\"elementor-element elementor-element-2d6c96d elementor-widget elementor-widget-heading\" data-id=\"2d6c96d\" data-element_type=\"widget\" data-widget_type=\"heading.default\">\n\t\t\t\t<div class=\"elementor-widget-container\">\n\t\t\t\t\t<h2 class=\"elementor-heading-title elementor-size-default\">Lerne, authentische japanische Teigtaschen zuzubereiten<\/h2>\t\t\t\t<\/div>\n\t\t\t\t<\/div>\n\t\t\t\t\t<\/div>\n\t\t\t\t<\/div>\n\t\t<div class=\"elementor-element elementor-element-19d719b7 e-flex e-con-boxed e-con e-parent\" data-id=\"19d719b7\" data-element_type=\"container\">\n\t\t\t\t\t<div class=\"e-con-inner\">\n\t\t\t\t<div class=\"elementor-element elementor-element-b1c5421 elementor-widget elementor-widget-image\" data-id=\"b1c5421\" data-element_type=\"widget\" data-widget_type=\"image.default\">\n\t\t\t\t<div class=\"elementor-widget-container\">\n\t\t\t\t\t\t\t\t\t\t\t\t\t\t\t<img fetchpriority=\"high\" decoding=\"async\" width=\"1750\" height=\"700\" src=\"https:\/\/japanmatsuri.org\/wp-content\/uploads\/2025\/06\/5.png\" class=\"attachment-full size-full wp-image-878\" alt=\"\" srcset=\"https:\/\/japanmatsuri.org\/wp-content\/uploads\/2025\/06\/5.png 1750w, https:\/\/japanmatsuri.org\/wp-content\/uploads\/2025\/06\/5-300x120.png 300w, https:\/\/japanmatsuri.org\/wp-content\/uploads\/2025\/06\/5-1024x410.png 1024w, https:\/\/japanmatsuri.org\/wp-content\/uploads\/2025\/06\/5-768x307.png 768w, https:\/\/japanmatsuri.org\/wp-content\/uploads\/2025\/06\/5-1536x614.png 1536w, https:\/\/japanmatsuri.org\/wp-content\/uploads\/2025\/06\/5-18x7.png 18w\" sizes=\"(max-width: 1750px) 100vw, 1750px\" \/>\t\t\t\t\t\t\t\t\t\t\t\t\t\t\t<\/div>\n\t\t\t\t<\/div>\n\t\t\t\t\t<\/div>\n\t\t\t\t<\/div>\n\t\t<div class=\"elementor-element elementor-element-a1c1b90 e-flex e-con-boxed e-con e-parent\" data-id=\"a1c1b90\" data-element_type=\"container\">\n\t\t\t\t\t<div class=\"e-con-inner\">\n\t\t\t\t\t<\/div>\n\t\t\t\t<\/div>\n\t\t<div class=\"elementor-element elementor-element-67eecf2 e-flex e-con-boxed e-con e-parent\" data-id=\"67eecf2\" data-element_type=\"container\">\n\t\t\t\t\t<div class=\"e-con-inner\">\n\t\t\t\t<div class=\"elementor-element elementor-element-5173777 elementor-widget elementor-widget-text-editor\" data-id=\"5173777\" data-element_type=\"widget\" data-widget_type=\"text-editor.default\">\n\t\t\t\t<div class=\"elementor-widget-container\">\n\t\t\t\t\t\t\t\t\t<p class=\"translation-block\">Ein praxisorientierter Kurs, in dem du lernst, traditionelle japanische Gyoza herzustellen \u2013 mit besonderem Fokus auf die <i>Yaki<\/i>-Variante, die in der Pfanne gebraten wird, bis sie ihre charakteristische knusprige Unterseite bekommt.<\/p><p class=\"translation-block\">Der Kurs beginnt mit der Zubereitung des Teigs f\u00fcr handgemachte Teigh\u00fcllen, gefolgt von der Herstellung der F\u00fcllung aus Fleisch, Gem\u00fcse und japanischen Saucen \u2013 ausgewogen im Geschmack und besonders saftig.\n Die Teilnehmenden lernen verschiedene Falttechniken \u2013 vom klassischen Halbmond bis zur F\u00e4cherfaltung \u2013 sowie die richtige Zubereitung in der Pfanne nach der japanischen Zwei-Phasen-Methode: Anbraten und D\u00e4mpfen.<\/p><p>Auch eine hausgemachte Dipsauce wird im Kurs zubereitet, um den Geschmack der Gyoza perfekt zu unterstreichen.<\/p><p>Dazu wird japanisches Bier serviert \u2013 f\u00fcr ein rundum authentisches und vollst\u00e4ndiges Erlebnis.<\/p>\t\t\t\t\t\t\t\t<\/div>\n\t\t\t\t<\/div>\n\t\t\t\t\t<\/div>\n\t\t\t\t<\/div>\n\t\t<div class=\"elementor-element elementor-element-e4e5bbb e-flex e-con-boxed e-con e-parent\" data-id=\"e4e5bbb\" data-element_type=\"container\">\n\t\t\t\t\t<div class=\"e-con-inner\">\n\t\t\t\t<div class=\"elementor-element elementor-element-655b4f3 elementor-widget elementor-widget-image\" data-id=\"655b4f3\" data-element_type=\"widget\" data-widget_type=\"image.default\">\n\t\t\t\t<div class=\"elementor-widget-container\">\n\t\t\t\t\t\t\t\t\t\t\t\t\t\t\t<img decoding=\"async\" width=\"743\" height=\"1024\" src=\"https:\/\/japanmatsuri.org\/wp-content\/uploads\/2025\/07\/GyozaOnigiri-TabeteMarket-Levi-e-Sara-743x1024.jpeg\" class=\"attachment-large size-large wp-image-1292\" alt=\"\" srcset=\"https:\/\/japanmatsuri.org\/wp-content\/uploads\/2025\/07\/GyozaOnigiri-TabeteMarket-Levi-e-Sara-743x1024.jpeg 743w, https:\/\/japanmatsuri.org\/wp-content\/uploads\/2025\/07\/GyozaOnigiri-TabeteMarket-Levi-e-Sara-218x300.jpeg 218w, https:\/\/japanmatsuri.org\/wp-content\/uploads\/2025\/07\/GyozaOnigiri-TabeteMarket-Levi-e-Sara-768x1059.jpeg 768w, https:\/\/japanmatsuri.org\/wp-content\/uploads\/2025\/07\/GyozaOnigiri-TabeteMarket-Levi-e-Sara-1114x1536.jpeg 1114w, https:\/\/japanmatsuri.org\/wp-content\/uploads\/2025\/07\/GyozaOnigiri-TabeteMarket-Levi-e-Sara-9x12.jpeg 9w, https:\/\/japanmatsuri.org\/wp-content\/uploads\/2025\/07\/GyozaOnigiri-TabeteMarket-Levi-e-Sara.jpeg 1290w\" sizes=\"(max-width: 743px) 100vw, 743px\" \/>\t\t\t\t\t\t\t\t\t\t\t\t\t\t\t<\/div>\n\t\t\t\t<\/div>\n\t\t\t\t\t<\/div>\n\t\t\t\t<\/div>\n\t\t<div class=\"elementor-element elementor-element-92e727a e-flex e-con-boxed e-con e-parent\" data-id=\"92e727a\" data-element_type=\"container\">\n\t\t\t\t\t<div class=\"e-con-inner\">\n\t\t<div class=\"elementor-element elementor-element-b512bf8 e-con-full e-flex e-con e-child\" data-id=\"b512bf8\" data-element_type=\"container\">\n\t\t\t\t<div class=\"elementor-element elementor-element-d1b4b5a elementor-widget elementor-widget-text-editor\" data-id=\"d1b4b5a\" data-element_type=\"widget\" data-widget_type=\"text-editor.default\">\n\t\t\t\t<div class=\"elementor-widget-container\">\n\t\t\t\t\t\t\t\t\t<p class=\"translation-block\"><b>Datum<\/b>: Samstag, 20. September 2025<br>\n<b>Uhrzeit<\/b>: 18:00 \u2013 19:30 Uhr<br>\n<b>Ort<\/b>: K\u00fcche Klassenzimmer<br>\n<b>Teilnahme<\/b>: Maximal 24 Personen<br>\n<b>Kosten<\/b>: CHF 43<\/p><p class=\"translation-block\"><b>Sprache:<\/b> Italienisch<\/p>\t\t\t\t\t\t\t\t<\/div>\n\t\t\t\t<\/div>\n\t\t\t\t<\/div>\n\t\t<div class=\"elementor-element elementor-element-5a877bc e-flex e-con-boxed e-con e-child\" data-id=\"5a877bc\" data-element_type=\"container\">\n\t\t\t\t\t<div class=\"e-con-inner\">\n\t\t\t\t<div class=\"elementor-element elementor-element-561af5f elementor-widget-mobile__width-initial elementor-widget elementor-widget-button\" data-id=\"561af5f\" data-element_type=\"widget\" data-widget_type=\"button.default\">\n\t\t\t\t<div class=\"elementor-widget-container\">\n\t\t\t\t\t\t\t\t\t<div class=\"elementor-button-wrapper\">\n\t\t\t\t\t<a class=\"elementor-button elementor-button-link elementor-size-sm\" href=\"https:\/\/www.ticketino.com\/de\/event\/japan-matsuri-workshops\/205119\" target=\"_blank\">\n\t\t\t\t\t\t<span class=\"elementor-button-content-wrapper\">\n\t\t\t\t\t\t\t\t\t<span class=\"elementor-button-text\">ANMELDUNG<\/span>\n\t\t\t\t\t<\/span>\n\t\t\t\t\t<\/a>\n\t\t\t\t<\/div>\n\t\t\t\t\t\t\t\t<\/div>\n\t\t\t\t<\/div>\n\t\t\t\t<div class=\"elementor-element elementor-element-e3b7db8 elementor-widget elementor-widget-button\" data-id=\"e3b7db8\" data-element_type=\"widget\" data-widget_type=\"button.default\">\n\t\t\t\t<div class=\"elementor-widget-container\">\n\t\t\t\t\t\t\t\t\t<div class=\"elementor-button-wrapper\">\n\t\t\t\t\t<a class=\"elementor-button elementor-button-link elementor-size-sm\" href=\"https:\/\/japanmatsuri.org\/de\/regeln\/\" target=\"_blank\">\n\t\t\t\t\t\t<span class=\"elementor-button-content-wrapper\">\n\t\t\t\t\t\t\t\t\t<span class=\"elementor-button-text\">REGELN<\/span>\n\t\t\t\t\t<\/span>\n\t\t\t\t\t<\/a>\n\t\t\t\t<\/div>\n\t\t\t\t\t\t\t\t<\/div>\n\t\t\t\t<\/div>\n\t\t\t\t\t<\/div>\n\t\t\t\t<\/div>\n\t\t\t\t\t<\/div>\n\t\t\t\t<\/div>\n\t\t<div class=\"elementor-element elementor-element-fb864cd e-flex e-con-boxed e-con e-parent\" data-id=\"fb864cd\" data-element_type=\"container\">\n\t\t\t\t\t<div class=\"e-con-inner\">\n\t\t\t\t<div class=\"elementor-element elementor-element-3d674f4 elementor-widget elementor-widget-text-editor\" data-id=\"3d674f4\" data-element_type=\"widget\" data-widget_type=\"text-editor.default\">\n\t\t\t\t<div class=\"elementor-widget-container\">\n\t\t\t\t\t\t\t\t\t<p><i>Um Zugang zum Workshop-Bereich zu erhalten, m\u00fcssen Sie das Armband tragen, das am Festival-Eingang ausgegeben wird. Um den Eintritt zu erleichtern, empfehlen wir, Ihr Festivalticket online zu kaufen. Menschen mit Behinderungen oder eingeschr\u00e4nkter Mobilit\u00e4t bitten wir, uns im Voraus per E-Mail an info@japanmatsuri.org zu kontaktieren, damit wir einen stressfreien Zugang arrangieren k\u00f6nnen.<\/i><\/p>\t\t\t\t\t\t\t\t<\/div>\n\t\t\t\t<\/div>\n\t\t\t\t\t<\/div>\n\t\t\t\t<\/div>\n\t\t<div class=\"elementor-element elementor-element-46e8c13c e-flex e-con-boxed e-con e-parent\" data-id=\"46e8c13c\" data-element_type=\"container\">\n\t\t\t\t\t<div class=\"e-con-inner\">\n\t\t\t\t\t<\/div>\n\t\t\t\t<\/div>\n\t\t\t\t<\/div>","protected":false},"excerpt":{"rendered":"<p>Gyoza Masterclass Impara a preparare i ravioli giapponesi autentici Un\u2019esperienza pratica per imparare a realizzare i tradizionali gyoza giapponesi, con particolare attenzione alla versione yaki, ovvero grigliata in padella fino a ottenere la caratteristica base croccante. Il corso inizier\u00e0 con la preparazione dell\u2019impasto per realizzare la sfoglia fatta a mano, seguita dalla composizione del ripieno [&hellip;]<\/p>","protected":false},"author":1,"featured_media":0,"parent":0,"menu_order":0,"comment_status":"closed","ping_status":"closed","template":"","meta":{"footnotes":""},"class_list":["post-876","page","type-page","status-publish","hentry"],"yoast_head":"<!-- This site is optimized with the Yoast SEO plugin v25.4 - https:\/\/yoast.com\/wordpress\/plugins\/seo\/ -->\n<title>Gyoza Masterclass - Japan Matsuri - Festival Giapponese Bellinzona<\/title>\n<meta name=\"robots\" content=\"index, follow, max-snippet:-1, max-image-preview:large, max-video-preview:-1\" \/>\n<link rel=\"canonical\" href=\"https:\/\/japanmatsuri.org\/de\/gyoza-masterclass\/\" \/>\n<meta property=\"og:locale\" content=\"de_DE\" \/>\n<meta property=\"og:type\" content=\"article\" \/>\n<meta property=\"og:title\" content=\"Gyoza Masterclass - Japan Matsuri - Festival Giapponese Bellinzona\" \/>\n<meta property=\"og:description\" content=\"Gyoza Masterclass Impara a preparare i ravioli giapponesi autentici Un\u2019esperienza pratica per imparare a realizzare i tradizionali gyoza giapponesi, con particolare attenzione alla versione yaki, ovvero grigliata in padella fino a ottenere la caratteristica base croccante. Il corso inizier\u00e0 con la preparazione dell\u2019impasto per realizzare la sfoglia fatta a mano, seguita dalla composizione del ripieno [&hellip;]\" \/>\n<meta property=\"og:url\" content=\"https:\/\/japanmatsuri.org\/de\/gyoza-masterclass\/\" \/>\n<meta property=\"og:site_name\" content=\"Japan Matsuri - Festival Giapponese Bellinzona\" \/>\n<meta property=\"article:modified_time\" content=\"2025-07-02T19:37:28+00:00\" \/>\n<meta property=\"og:image\" content=\"https:\/\/japanmatsuri.org\/wp-content\/uploads\/2025\/06\/5.png\" \/>\n\t<meta property=\"og:image:width\" content=\"1750\" \/>\n\t<meta property=\"og:image:height\" content=\"700\" \/>\n\t<meta property=\"og:image:type\" content=\"image\/png\" \/>\n<meta name=\"twitter:card\" content=\"summary_large_image\" \/>\n<meta name=\"twitter:label1\" content=\"Gesch\u00e4tzte Lesezeit\" \/>\n\t<meta name=\"twitter:data1\" content=\"1\u00a0Minute\" \/>\n<script type=\"application\/ld+json\" class=\"yoast-schema-graph\">{\"@context\":\"https:\/\/schema.org\",\"@graph\":[{\"@type\":\"WebPage\",\"@id\":\"https:\/\/japanmatsuri.org\/gyoza-masterclass\/\",\"url\":\"https:\/\/japanmatsuri.org\/gyoza-masterclass\/\",\"name\":\"Gyoza Masterclass - Japan Matsuri - Festival Giapponese Bellinzona\",\"isPartOf\":{\"@id\":\"https:\/\/japanmatsuri.org\/#website\"},\"primaryImageOfPage\":{\"@id\":\"https:\/\/japanmatsuri.org\/gyoza-masterclass\/#primaryimage\"},\"image\":{\"@id\":\"https:\/\/japanmatsuri.org\/gyoza-masterclass\/#primaryimage\"},\"thumbnailUrl\":\"https:\/\/japanmatsuri.org\/wp-content\/uploads\/2025\/06\/5.png\",\"datePublished\":\"2025-06-22T15:19:54+00:00\",\"dateModified\":\"2025-07-02T19:37:28+00:00\",\"breadcrumb\":{\"@id\":\"https:\/\/japanmatsuri.org\/gyoza-masterclass\/#breadcrumb\"},\"inLanguage\":\"de-CH\",\"potentialAction\":[{\"@type\":\"ReadAction\",\"target\":[\"https:\/\/japanmatsuri.org\/gyoza-masterclass\/\"]}]},{\"@type\":\"ImageObject\",\"inLanguage\":\"de-CH\",\"@id\":\"https:\/\/japanmatsuri.org\/gyoza-masterclass\/#primaryimage\",\"url\":\"https:\/\/japanmatsuri.org\/wp-content\/uploads\/2025\/06\/5.png\",\"contentUrl\":\"https:\/\/japanmatsuri.org\/wp-content\/uploads\/2025\/06\/5.png\"},{\"@type\":\"BreadcrumbList\",\"@id\":\"https:\/\/japanmatsuri.org\/gyoza-masterclass\/#breadcrumb\",\"itemListElement\":[{\"@type\":\"ListItem\",\"position\":1,\"name\":\"Home\",\"item\":\"https:\/\/japanmatsuri.org\/it\/\"},{\"@type\":\"ListItem\",\"position\":2,\"name\":\"Gyoza Masterclass\"}]},{\"@type\":\"WebSite\",\"@id\":\"https:\/\/japanmatsuri.org\/#website\",\"url\":\"https:\/\/japanmatsuri.org\/\",\"name\":\"Japan Matsuri - Festival Giapponese Bellinzona\",\"description\":\"Festival Giapponese Bellinzona\",\"potentialAction\":[{\"@type\":\"SearchAction\",\"target\":{\"@type\":\"EntryPoint\",\"urlTemplate\":\"https:\/\/japanmatsuri.org\/?s={search_term_string}\"},\"query-input\":{\"@type\":\"PropertyValueSpecification\",\"valueRequired\":true,\"valueName\":\"search_term_string\"}}],\"inLanguage\":\"de-CH\"}]}<\/script>\n<!-- \/ Yoast SEO plugin. -->","yoast_head_json":{"title":"Gyoza Masterclass - Japan Matsuri - Festival Giapponese Bellinzona","robots":{"index":"index","follow":"follow","max-snippet":"max-snippet:-1","max-image-preview":"max-image-preview:large","max-video-preview":"max-video-preview:-1"},"canonical":"https:\/\/japanmatsuri.org\/de\/gyoza-masterclass\/","og_locale":"de_DE","og_type":"article","og_title":"Gyoza Masterclass - Japan Matsuri - Festival Giapponese Bellinzona","og_description":"Gyoza Masterclass Impara a preparare i ravioli giapponesi autentici Un\u2019esperienza pratica per imparare a realizzare i tradizionali gyoza giapponesi, con particolare attenzione alla versione yaki, ovvero grigliata in padella fino a ottenere la caratteristica base croccante. Il corso inizier\u00e0 con la preparazione dell\u2019impasto per realizzare la sfoglia fatta a mano, seguita dalla composizione del ripieno [&hellip;]","og_url":"https:\/\/japanmatsuri.org\/de\/gyoza-masterclass\/","og_site_name":"Japan Matsuri - Festival Giapponese Bellinzona","article_modified_time":"2025-07-02T19:37:28+00:00","og_image":[{"width":1750,"height":700,"url":"https:\/\/japanmatsuri.org\/wp-content\/uploads\/2025\/06\/5.png","type":"image\/png"}],"twitter_card":"summary_large_image","twitter_misc":{"Gesch\u00e4tzte Lesezeit":"1\u00a0Minute"},"schema":{"@context":"https:\/\/schema.org","@graph":[{"@type":"WebPage","@id":"https:\/\/japanmatsuri.org\/gyoza-masterclass\/","url":"https:\/\/japanmatsuri.org\/gyoza-masterclass\/","name":"Gyoza Masterclass - Japan Matsuri - Festival Giapponese Bellinzona","isPartOf":{"@id":"https:\/\/japanmatsuri.org\/#website"},"primaryImageOfPage":{"@id":"https:\/\/japanmatsuri.org\/gyoza-masterclass\/#primaryimage"},"image":{"@id":"https:\/\/japanmatsuri.org\/gyoza-masterclass\/#primaryimage"},"thumbnailUrl":"https:\/\/japanmatsuri.org\/wp-content\/uploads\/2025\/06\/5.png","datePublished":"2025-06-22T15:19:54+00:00","dateModified":"2025-07-02T19:37:28+00:00","breadcrumb":{"@id":"https:\/\/japanmatsuri.org\/gyoza-masterclass\/#breadcrumb"},"inLanguage":"de-CH","potentialAction":[{"@type":"ReadAction","target":["https:\/\/japanmatsuri.org\/gyoza-masterclass\/"]}]},{"@type":"ImageObject","inLanguage":"de-CH","@id":"https:\/\/japanmatsuri.org\/gyoza-masterclass\/#primaryimage","url":"https:\/\/japanmatsuri.org\/wp-content\/uploads\/2025\/06\/5.png","contentUrl":"https:\/\/japanmatsuri.org\/wp-content\/uploads\/2025\/06\/5.png"},{"@type":"BreadcrumbList","@id":"https:\/\/japanmatsuri.org\/gyoza-masterclass\/#breadcrumb","itemListElement":[{"@type":"ListItem","position":1,"name":"Home","item":"https:\/\/japanmatsuri.org\/it\/"},{"@type":"ListItem","position":2,"name":"Gyoza Masterclass"}]},{"@type":"WebSite","@id":"https:\/\/japanmatsuri.org\/#website","url":"https:\/\/japanmatsuri.org\/","name":"Japan Matsuri - Festival Giapponese Bellinzona","description":"Festival Giapponese Bellinzona","potentialAction":[{"@type":"SearchAction","target":{"@type":"EntryPoint","urlTemplate":"https:\/\/japanmatsuri.org\/?s={search_term_string}"},"query-input":{"@type":"PropertyValueSpecification","valueRequired":true,"valueName":"search_term_string"}}],"inLanguage":"de-CH"}]}},"_links":{"self":[{"href":"https:\/\/japanmatsuri.org\/de\/wp-json\/wp\/v2\/pages\/876","targetHints":{"allow":["GET"]}}],"collection":[{"href":"https:\/\/japanmatsuri.org\/de\/wp-json\/wp\/v2\/pages"}],"about":[{"href":"https:\/\/japanmatsuri.org\/de\/wp-json\/wp\/v2\/types\/page"}],"author":[{"embeddable":true,"href":"https:\/\/japanmatsuri.org\/de\/wp-json\/wp\/v2\/users\/1"}],"replies":[{"embeddable":true,"href":"https:\/\/japanmatsuri.org\/de\/wp-json\/wp\/v2\/comments?post=876"}],"version-history":[{"count":16,"href":"https:\/\/japanmatsuri.org\/de\/wp-json\/wp\/v2\/pages\/876\/revisions"}],"predecessor-version":[{"id":1296,"href":"https:\/\/japanmatsuri.org\/de\/wp-json\/wp\/v2\/pages\/876\/revisions\/1296"}],"wp:attachment":[{"href":"https:\/\/japanmatsuri.org\/de\/wp-json\/wp\/v2\/media?parent=876"}],"curies":[{"name":"wp","href":"https:\/\/api.w.org\/{rel}","templated":true}]}}