{"id":923,"date":"2025-06-22T17:50:14","date_gmt":"2025-06-22T16:50:14","guid":{"rendered":"https:\/\/japanmatsuri.org\/it\/?page_id=923"},"modified":"2025-07-09T20:03:46","modified_gmt":"2025-07-09T19:03:46","slug":"yamanba","status":"publish","type":"page","link":"https:\/\/japanmatsuri.org\/de\/yamanba\/","title":{"rendered":"Yamanba"},"content":{"rendered":"<div data-elementor-type=\"wp-page\" data-elementor-id=\"923\" class=\"elementor elementor-923\" data-elementor-post-type=\"page\">\n\t\t\t\t<div class=\"elementor-element elementor-element-7036a656 e-flex e-con-boxed e-con e-parent\" data-id=\"7036a656\" data-element_type=\"container\">\n\t\t\t\t\t<div class=\"e-con-inner\">\n\t\t\t\t<div class=\"elementor-element elementor-element-1d9b62e6 elementor-widget elementor-widget-heading\" data-id=\"1d9b62e6\" data-element_type=\"widget\" data-widget_type=\"heading.default\">\n\t\t\t\t<div class=\"elementor-widget-container\">\n\t\t\t\t\t<h1 class=\"elementor-heading-title elementor-size-default\">Yamanba<\/h1>\t\t\t\t<\/div>\n\t\t\t\t<\/div>\n\t\t\t\t<div class=\"elementor-element elementor-element-e55be3d elementor-widget elementor-widget-heading\" data-id=\"e55be3d\" data-element_type=\"widget\" data-widget_type=\"heading.default\">\n\t\t\t\t<div class=\"elementor-widget-container\">\n\t\t\t\t\t<h2 class=\"elementor-heading-title elementor-size-default\">Rebellische Frauen Japans<\/h2>\t\t\t\t<\/div>\n\t\t\t\t<\/div>\n\t\t\t\t\t<\/div>\n\t\t\t\t<\/div>\n\t\t<div class=\"elementor-element elementor-element-e19eefc e-flex e-con-boxed e-con e-parent\" data-id=\"e19eefc\" data-element_type=\"container\">\n\t\t\t\t\t<div class=\"e-con-inner\">\n\t\t<div class=\"elementor-element elementor-element-6d38051c e-con-full e-flex e-con e-child\" data-id=\"6d38051c\" data-element_type=\"container\">\n\t\t\t\t<div class=\"elementor-element elementor-element-f8a4be5 elementor-widget elementor-widget-text-editor\" data-id=\"f8a4be5\" data-element_type=\"widget\" data-widget_type=\"text-editor.default\">\n\t\t\t\t<div class=\"elementor-widget-container\">\n\t\t\t\t\t\t\t\t\t<p class=\"translation-block\">Wie die <i>Yamanba<\/i>, die furchterregende alte Hexe aus japanischen Bergm\u00e4rchen, wurden japanische Frauen \u00fcber Jahrhunderte hinweg d\u00e4monisiert und zum Schweigen gebracht. Doch sie haben Mut, Widerstandskraft und Entschlossenheit bewiesen \u2013 und ihre Stimme zur\u00fcckgewonnen.<\/p><p class=\"translation-block\"><br>Rossella Marangoni, eine renommierte Japanologin, spricht mit Elisabeth Sassi \u00fcber ihr neuestes Buch, in dem sie Geschichten rebellischer Frauen erz\u00e4hlt \u2013 real oder fiktiv \u2013, die weit entfernt sind vom noch immer weitverbreiteten Geisha-Klischee.<\/p><p class=\"translation-block\"><b>Datum<\/b>: Samstag, 20. September 2025<br>\n<b>Uhrzeit<\/b>: 15:15 Uhr<br>\n<b>Ort<\/b>: Auditorium<br>\n<b>Kosten<\/b>: Kostenlos<\/p><p><b><i><i><b>Im Anschluss steht Rossella Marangoni f\u00fcr eine Signierstunde zur Verf\u00fcgung.<\/b><\/i><\/i><\/b><\/p>\t\t\t\t\t\t\t\t<\/div>\n\t\t\t\t<\/div>\n\t\t\t\t<div class=\"elementor-element elementor-element-2b4632d elementor-widget-mobile__width-initial elementor-widget elementor-widget-button\" data-id=\"2b4632d\" data-element_type=\"widget\" data-widget_type=\"button.default\">\n\t\t\t\t<div class=\"elementor-widget-container\">\n\t\t\t\t\t\t\t\t\t<div class=\"elementor-button-wrapper\">\n\t\t\t\t\t<a class=\"elementor-button elementor-button-link elementor-size-sm\" href=\"https:\/\/www.ticketino.com\/de\/event\/japan-matsuri-corsi\/205136\" target=\"_blank\">\n\t\t\t\t\t\t<span class=\"elementor-button-content-wrapper\">\n\t\t\t\t\t\t\t\t\t<span class=\"elementor-button-text\">ANMELDUNG<\/span>\n\t\t\t\t\t<\/span>\n\t\t\t\t\t<\/a>\n\t\t\t\t<\/div>\n\t\t\t\t\t\t\t\t<\/div>\n\t\t\t\t<\/div>\n\t\t\t\t<\/div>\n\t\t<div class=\"elementor-element elementor-element-4eacb4e5 e-con-full e-flex e-con e-child\" data-id=\"4eacb4e5\" data-element_type=\"container\">\n\t\t\t\t<div class=\"elementor-element elementor-element-3118918 elementor-widget elementor-widget-image\" data-id=\"3118918\" data-element_type=\"widget\" data-widget_type=\"image.default\">\n\t\t\t\t<div class=\"elementor-widget-container\">\n\t\t\t\t\t\t\t\t\t\t\t\t\t\t\t<img fetchpriority=\"high\" decoding=\"async\" width=\"652\" height=\"1024\" src=\"https:\/\/japanmatsuri.org\/wp-content\/uploads\/2025\/06\/Yamanba-copertina-652x1024.jpg\" class=\"attachment-large size-large wp-image-925\" alt=\"\" srcset=\"https:\/\/japanmatsuri.org\/wp-content\/uploads\/2025\/06\/Yamanba-copertina-652x1024.jpg 652w, https:\/\/japanmatsuri.org\/wp-content\/uploads\/2025\/06\/Yamanba-copertina-191x300.jpg 191w, https:\/\/japanmatsuri.org\/wp-content\/uploads\/2025\/06\/Yamanba-copertina-768x1207.jpg 768w, https:\/\/japanmatsuri.org\/wp-content\/uploads\/2025\/06\/Yamanba-copertina-8x12.jpg 8w, https:\/\/japanmatsuri.org\/wp-content\/uploads\/2025\/06\/Yamanba-copertina.jpg 910w\" sizes=\"(max-width: 652px) 100vw, 652px\" \/>\t\t\t\t\t\t\t\t\t\t\t\t\t\t\t<\/div>\n\t\t\t\t<\/div>\n\t\t\t\t<\/div>\n\t\t\t\t\t<\/div>\n\t\t\t\t<\/div>\n\t\t<div class=\"elementor-element elementor-element-70c26f6 e-flex e-con-boxed e-con e-parent\" data-id=\"70c26f6\" data-element_type=\"container\">\n\t\t\t\t\t<div class=\"e-con-inner\">\n\t\t\t\t<div class=\"elementor-element elementor-element-ea369fa elementor-widget elementor-widget-text-editor\" data-id=\"ea369fa\" data-element_type=\"widget\" data-widget_type=\"text-editor.default\">\n\t\t\t\t<div class=\"elementor-widget-container\">\n\t\t\t\t\t\t\t\t\t<p class=\"translation-block\"><b>Rossella Marangoni<\/b> ist Japanologin, Kulturvermittlerin und unabh\u00e4ngige Autorin. Sie hat Japanische Sprache und Literatur studiert und ihre Ausbildung am Is.M.E.O. (heute Is.I.A.O.) vertieft. Mehrere Studienreisen f\u00fchrten sie nach Japan.<\/p><p class=\"translation-block\">Sie h\u00e4lt Vortr\u00e4ge, Workshops und Seminare zur japanischen Kultur an Institutionen in Italien und der Schweiz. Sie ist Mitglied der AISTUGIA (Italienische Gesellschaft f\u00fcr Japanstudien) und Gr\u00fcnderin der Online-Zeitschrift <i>AsiaTeatro<\/i>, die sich den asiatischen Theaterk\u00fcnsten widmet.<\/p><p>Sie kuratierte Festivals und Kulturprojekte \u00fcber Japan, darunter <i>Giappone sui Navigli<\/i> und <i>Japan SunDays<\/i>, und arbeitet mit Kulturzentren und Bibliotheken als Dozentin und Beraterin zusammen.<\/p><p class=\"translation-block\">Zu ihren Publikationen z\u00e4hlen <i>Onibaba. Das monstr\u00f6se Weibliche in der japanischen Imagination<\/i> (Mimesis, 2013), <i>Shint\u014dismus<\/i> (Editrice Bibliografica, 2018) und <i>Yamanba. Rebellische Frauen Japans<\/i> (Mimesis, 2025). Ihre Schwerpunkte sind das traditionelle Theater, religi\u00f6se \u00c4sthetik und die weibliche Figur in der japanischen Kultur.<\/p>\t\t\t\t\t\t\t\t<\/div>\n\t\t\t\t<\/div>\n\t\t\t\t<div class=\"elementor-element elementor-element-ec54b99 elementor-widget elementor-widget-text-editor\" data-id=\"ec54b99\" data-element_type=\"widget\" data-widget_type=\"text-editor.default\">\n\t\t\t\t<div class=\"elementor-widget-container\">\n\t\t\t\t\t\t\t\t\t<p class=\"translation-block\"><b>Elisabeth Sassi<\/b> ist Kulturredakteurin, Dramatikerin und freie Autorin. Sie nahm an Festivals wie BABEL, Territori und FIT teil sowie an Schreibprojekten mit Pro Helvetia, Emilia Romagna Teatro und Servomuto Teatro.<br>\nAusgebildet bei <i>Luminanza \u2013 Reaktor f\u00fcr zeitgen\u00f6ssische Dramatik<\/i>, vertiefte sie ihre Arbeit u.\u202fa. durch Begegnungen mit Angela Dematt\u00e8, Chiara Lagani und Davide Carnevali. 2025 besuchte sie den Theaterkritik-Workshop der Biennale Teatro, geleitet von Roberta Ferraresi und Massimo Milella.<br>\nIhr erstes St\u00fcck <i>Fortuna<\/i> wurde als szenische Lesung im Teatro Foce (Lugano) pr\u00e4sentiert und sp\u00e4ter als H\u00f6rspiel f\u00fcr RSI produziert. 2023 entwickelte sie f\u00fcri <i>  Babel Isole<\/i> den Podcast <i>Argonaute<\/i>, eine f\u00fcnfteilige Serie mit Unterst\u00fctzung von FSRC\/SRKS, REC und Radio Gwen. Aktuell arbeitet sie an <i>\u00c8 gi\u00e0 la fine del mondo<\/i> mit der T\u00e4nzerin und Performerin Cecilia Francesca Croce sowie an weiteren experimentellen Live-Schreibprojekten im von ihr mitgegr\u00fcndeten Kollektiv H5N1.<\/p>\t\t\t\t\t\t\t\t<\/div>\n\t\t\t\t<\/div>\n\t\t\t\t\t<\/div>\n\t\t\t\t<\/div>\n\t\t<div class=\"elementor-element elementor-element-0808565 e-flex e-con-boxed e-con e-parent\" data-id=\"0808565\" data-element_type=\"container\">\n\t\t\t\t\t<div class=\"e-con-inner\">\n\t\t\t\t\t<\/div>\n\t\t\t\t<\/div>\n\t\t<div class=\"elementor-element elementor-element-d38d606 e-flex e-con-boxed e-con e-parent\" data-id=\"d38d606\" data-element_type=\"container\">\n\t\t\t\t\t<div class=\"e-con-inner\">\n\t\t\t\t<div class=\"elementor-element elementor-element-a15a076 elementor-widget elementor-widget-text-editor\" data-id=\"a15a076\" data-element_type=\"widget\" data-widget_type=\"text-editor.default\">\n\t\t\t\t<div class=\"elementor-widget-container\">\n\t\t\t\t\t\t\t\t\t<p><i>Um Zugang zum Bereich zu erhalten, m\u00fcssen Sie das Armband tragen, das am Festival-Eingang ausgegeben wird. Um den Eintritt zu erleichtern, empfehlen wir, Ihr Festivalticket online zu kaufen. Menschen mit Behinderungen oder eingeschr\u00e4nkter Mobilit\u00e4t bitten wir, uns im Voraus per E-Mail an info@japanmatsuri.org zu kontaktieren, damit wir einen stressfreien Zugang arrangieren k\u00f6nnen.<\/i><\/p>\t\t\t\t\t\t\t\t<\/div>\n\t\t\t\t<\/div>\n\t\t\t\t\t<\/div>\n\t\t\t\t<\/div>\n\t\t<div class=\"elementor-element elementor-element-2b702da6 e-flex e-con-boxed e-con e-parent\" data-id=\"2b702da6\" data-element_type=\"container\">\n\t\t\t\t\t<div class=\"e-con-inner\">\n\t\t<div class=\"elementor-element elementor-element-7e00652e e-con-full e-flex e-con e-child\" data-id=\"7e00652e\" data-element_type=\"container\">\n\t\t\t\t<\/div>\n\t\t<div class=\"elementor-element elementor-element-438ed49c e-con-full e-flex e-con e-child\" data-id=\"438ed49c\" data-element_type=\"container\">\n\t\t\t\t<\/div>\n\t\t\t\t\t<\/div>\n\t\t\t\t<\/div>\n\t\t<div class=\"elementor-element elementor-element-687439ba e-flex e-con-boxed e-con e-parent\" data-id=\"687439ba\" data-element_type=\"container\">\n\t\t\t\t\t<div class=\"e-con-inner\">\n\t\t\t\t\t<\/div>\n\t\t\t\t<\/div>\n\t\t\t\t<\/div>","protected":false},"excerpt":{"rendered":"<p>Yamanba Donne Ribelli del Giappone Come la yamanba, la mostruosa vecchia strega di montagna delle fiabe, le donne giapponesi sono state demonizzate e ridotte al silenzio per secoli. Eppure, hanno saputo dimostrare coraggio, resilienza e determinazione, riuscendo a ritrovare la propria voce. Rossella Marangoni, rinomata nipponista, dialogher\u00e0 con Elisabeth Sassi per presentare il suo ultimo [&hellip;]<\/p>","protected":false},"author":1,"featured_media":0,"parent":0,"menu_order":0,"comment_status":"closed","ping_status":"closed","template":"","meta":{"footnotes":""},"class_list":["post-923","page","type-page","status-publish","hentry"],"yoast_head":"<!-- This site is optimized with the Yoast SEO plugin v25.4 - https:\/\/yoast.com\/wordpress\/plugins\/seo\/ -->\n<title>Yamanba - Japan Matsuri - Festival Giapponese Bellinzona<\/title>\n<meta name=\"robots\" content=\"index, follow, max-snippet:-1, max-image-preview:large, max-video-preview:-1\" \/>\n<link rel=\"canonical\" href=\"https:\/\/japanmatsuri.org\/de\/yamanba\/\" \/>\n<meta property=\"og:locale\" content=\"de_DE\" \/>\n<meta property=\"og:type\" content=\"article\" \/>\n<meta property=\"og:title\" content=\"Yamanba - Japan Matsuri - Festival Giapponese Bellinzona\" \/>\n<meta property=\"og:description\" content=\"Yamanba Donne Ribelli del Giappone Come la yamanba, la mostruosa vecchia strega di montagna delle fiabe, le donne giapponesi sono state demonizzate e ridotte al silenzio per secoli. Eppure, hanno saputo dimostrare coraggio, resilienza e determinazione, riuscendo a ritrovare la propria voce. Rossella Marangoni, rinomata nipponista, dialogher\u00e0 con Elisabeth Sassi per presentare il suo ultimo [&hellip;]\" \/>\n<meta property=\"og:url\" content=\"https:\/\/japanmatsuri.org\/de\/yamanba\/\" \/>\n<meta property=\"og:site_name\" content=\"Japan Matsuri - Festival Giapponese Bellinzona\" \/>\n<meta property=\"article:modified_time\" content=\"2025-07-09T19:03:46+00:00\" \/>\n<meta property=\"og:image\" content=\"https:\/\/japanmatsuri.org\/wp-content\/uploads\/2025\/06\/Yamanba-copertina.jpg\" \/>\n\t<meta property=\"og:image:width\" content=\"910\" \/>\n\t<meta property=\"og:image:height\" content=\"1430\" \/>\n\t<meta property=\"og:image:type\" content=\"image\/jpeg\" \/>\n<meta name=\"twitter:card\" content=\"summary_large_image\" \/>\n<meta name=\"twitter:label1\" content=\"Gesch\u00e4tzte Lesezeit\" \/>\n\t<meta name=\"twitter:data1\" content=\"2\u00a0Minuten\" \/>\n<script type=\"application\/ld+json\" class=\"yoast-schema-graph\">{\"@context\":\"https:\/\/schema.org\",\"@graph\":[{\"@type\":\"WebPage\",\"@id\":\"https:\/\/japanmatsuri.org\/it\/yamanba\/\",\"url\":\"https:\/\/japanmatsuri.org\/it\/yamanba\/\",\"name\":\"Yamanba - Japan Matsuri - Festival Giapponese Bellinzona\",\"isPartOf\":{\"@id\":\"https:\/\/japanmatsuri.org\/#website\"},\"primaryImageOfPage\":{\"@id\":\"https:\/\/japanmatsuri.org\/it\/yamanba\/#primaryimage\"},\"image\":{\"@id\":\"https:\/\/japanmatsuri.org\/it\/yamanba\/#primaryimage\"},\"thumbnailUrl\":\"https:\/\/japanmatsuri.org\/wp-content\/uploads\/2025\/06\/Yamanba-copertina-652x1024.jpg\",\"datePublished\":\"2025-06-22T16:50:14+00:00\",\"dateModified\":\"2025-07-09T19:03:46+00:00\",\"breadcrumb\":{\"@id\":\"https:\/\/japanmatsuri.org\/it\/yamanba\/#breadcrumb\"},\"inLanguage\":\"de-CH\",\"potentialAction\":[{\"@type\":\"ReadAction\",\"target\":[\"https:\/\/japanmatsuri.org\/it\/yamanba\/\"]}]},{\"@type\":\"ImageObject\",\"inLanguage\":\"de-CH\",\"@id\":\"https:\/\/japanmatsuri.org\/it\/yamanba\/#primaryimage\",\"url\":\"https:\/\/japanmatsuri.org\/wp-content\/uploads\/2025\/06\/Yamanba-copertina-652x1024.jpg\",\"contentUrl\":\"https:\/\/japanmatsuri.org\/wp-content\/uploads\/2025\/06\/Yamanba-copertina-652x1024.jpg\"},{\"@type\":\"BreadcrumbList\",\"@id\":\"https:\/\/japanmatsuri.org\/it\/yamanba\/#breadcrumb\",\"itemListElement\":[{\"@type\":\"ListItem\",\"position\":1,\"name\":\"Home\",\"item\":\"https:\/\/japanmatsuri.org\/it\/\"},{\"@type\":\"ListItem\",\"position\":2,\"name\":\"Yamanba\"}]},{\"@type\":\"WebSite\",\"@id\":\"https:\/\/japanmatsuri.org\/#website\",\"url\":\"https:\/\/japanmatsuri.org\/\",\"name\":\"Japan Matsuri - Festival Giapponese Bellinzona\",\"description\":\"Festival Giapponese Bellinzona\",\"potentialAction\":[{\"@type\":\"SearchAction\",\"target\":{\"@type\":\"EntryPoint\",\"urlTemplate\":\"https:\/\/japanmatsuri.org\/?s={search_term_string}\"},\"query-input\":{\"@type\":\"PropertyValueSpecification\",\"valueRequired\":true,\"valueName\":\"search_term_string\"}}],\"inLanguage\":\"de-CH\"}]}<\/script>\n<!-- \/ Yoast SEO plugin. -->","yoast_head_json":{"title":"Yamanba - Japan Matsuri - Festival Giapponese Bellinzona","robots":{"index":"index","follow":"follow","max-snippet":"max-snippet:-1","max-image-preview":"max-image-preview:large","max-video-preview":"max-video-preview:-1"},"canonical":"https:\/\/japanmatsuri.org\/de\/yamanba\/","og_locale":"de_DE","og_type":"article","og_title":"Yamanba - Japan Matsuri - Festival Giapponese Bellinzona","og_description":"Yamanba Donne Ribelli del Giappone Come la yamanba, la mostruosa vecchia strega di montagna delle fiabe, le donne giapponesi sono state demonizzate e ridotte al silenzio per secoli. Eppure, hanno saputo dimostrare coraggio, resilienza e determinazione, riuscendo a ritrovare la propria voce. Rossella Marangoni, rinomata nipponista, dialogher\u00e0 con Elisabeth Sassi per presentare il suo ultimo [&hellip;]","og_url":"https:\/\/japanmatsuri.org\/de\/yamanba\/","og_site_name":"Japan Matsuri - Festival Giapponese Bellinzona","article_modified_time":"2025-07-09T19:03:46+00:00","og_image":[{"width":910,"height":1430,"url":"https:\/\/japanmatsuri.org\/wp-content\/uploads\/2025\/06\/Yamanba-copertina.jpg","type":"image\/jpeg"}],"twitter_card":"summary_large_image","twitter_misc":{"Gesch\u00e4tzte Lesezeit":"2\u00a0Minuten"},"schema":{"@context":"https:\/\/schema.org","@graph":[{"@type":"WebPage","@id":"https:\/\/japanmatsuri.org\/it\/yamanba\/","url":"https:\/\/japanmatsuri.org\/it\/yamanba\/","name":"Yamanba - Japan Matsuri - Festival Giapponese Bellinzona","isPartOf":{"@id":"https:\/\/japanmatsuri.org\/#website"},"primaryImageOfPage":{"@id":"https:\/\/japanmatsuri.org\/it\/yamanba\/#primaryimage"},"image":{"@id":"https:\/\/japanmatsuri.org\/it\/yamanba\/#primaryimage"},"thumbnailUrl":"https:\/\/japanmatsuri.org\/wp-content\/uploads\/2025\/06\/Yamanba-copertina-652x1024.jpg","datePublished":"2025-06-22T16:50:14+00:00","dateModified":"2025-07-09T19:03:46+00:00","breadcrumb":{"@id":"https:\/\/japanmatsuri.org\/it\/yamanba\/#breadcrumb"},"inLanguage":"de-CH","potentialAction":[{"@type":"ReadAction","target":["https:\/\/japanmatsuri.org\/it\/yamanba\/"]}]},{"@type":"ImageObject","inLanguage":"de-CH","@id":"https:\/\/japanmatsuri.org\/it\/yamanba\/#primaryimage","url":"https:\/\/japanmatsuri.org\/wp-content\/uploads\/2025\/06\/Yamanba-copertina-652x1024.jpg","contentUrl":"https:\/\/japanmatsuri.org\/wp-content\/uploads\/2025\/06\/Yamanba-copertina-652x1024.jpg"},{"@type":"BreadcrumbList","@id":"https:\/\/japanmatsuri.org\/it\/yamanba\/#breadcrumb","itemListElement":[{"@type":"ListItem","position":1,"name":"Home","item":"https:\/\/japanmatsuri.org\/it\/"},{"@type":"ListItem","position":2,"name":"Yamanba"}]},{"@type":"WebSite","@id":"https:\/\/japanmatsuri.org\/#website","url":"https:\/\/japanmatsuri.org\/","name":"Japan Matsuri - Festival Giapponese Bellinzona","description":"Festival Giapponese Bellinzona","potentialAction":[{"@type":"SearchAction","target":{"@type":"EntryPoint","urlTemplate":"https:\/\/japanmatsuri.org\/?s={search_term_string}"},"query-input":{"@type":"PropertyValueSpecification","valueRequired":true,"valueName":"search_term_string"}}],"inLanguage":"de-CH"}]}},"_links":{"self":[{"href":"https:\/\/japanmatsuri.org\/de\/wp-json\/wp\/v2\/pages\/923","targetHints":{"allow":["GET"]}}],"collection":[{"href":"https:\/\/japanmatsuri.org\/de\/wp-json\/wp\/v2\/pages"}],"about":[{"href":"https:\/\/japanmatsuri.org\/de\/wp-json\/wp\/v2\/types\/page"}],"author":[{"embeddable":true,"href":"https:\/\/japanmatsuri.org\/de\/wp-json\/wp\/v2\/users\/1"}],"replies":[{"embeddable":true,"href":"https:\/\/japanmatsuri.org\/de\/wp-json\/wp\/v2\/comments?post=923"}],"version-history":[{"count":7,"href":"https:\/\/japanmatsuri.org\/de\/wp-json\/wp\/v2\/pages\/923\/revisions"}],"predecessor-version":[{"id":1353,"href":"https:\/\/japanmatsuri.org\/de\/wp-json\/wp\/v2\/pages\/923\/revisions\/1353"}],"wp:attachment":[{"href":"https:\/\/japanmatsuri.org\/de\/wp-json\/wp\/v2\/media?parent=923"}],"curies":[{"name":"wp","href":"https:\/\/api.w.org\/{rel}","templated":true}]}}