{"id":1198,"date":"2025-07-01T17:18:59","date_gmt":"2025-07-01T16:18:59","guid":{"rendered":"https:\/\/japanmatsuri.org\/it\/?page_id=1198"},"modified":"2025-09-05T18:57:27","modified_gmt":"2025-09-05T17:57:27","slug":"metodo-konmari","status":"publish","type":"page","link":"https:\/\/japanmatsuri.org\/en\/metodo-konmari\/","title":{"rendered":"Metodo KonMari"},"content":{"rendered":"<div data-elementor-type=\"wp-page\" data-elementor-id=\"1198\" class=\"elementor elementor-1198\" data-elementor-post-type=\"page\">\n\t\t\t\t<div class=\"elementor-element elementor-element-1ce695c6 e-flex e-con-boxed e-con e-parent\" data-id=\"1ce695c6\" data-element_type=\"container\">\n\t\t\t\t\t<div class=\"e-con-inner\">\n\t\t\t\t<div class=\"elementor-element elementor-element-3fe16b76 elementor-widget elementor-widget-heading\" data-id=\"3fe16b76\" data-element_type=\"widget\" data-widget_type=\"heading.default\">\n\t\t\t\t<div class=\"elementor-widget-container\">\n\t\t\t\t\t<h1 class=\"elementor-heading-title elementor-size-default\">Discover the Power of the KonMari Method<\/h1>\t\t\t\t<\/div>\n\t\t\t\t<\/div>\n\t\t\t\t<div class=\"elementor-element elementor-element-b2162ce elementor-widget elementor-widget-heading\" data-id=\"b2162ce\" data-element_type=\"widget\" data-widget_type=\"heading.default\">\n\t\t\t\t<div class=\"elementor-widget-container\">\n\t\t\t\t\t<h2 class=\"elementor-heading-title elementor-size-default\">Transform Your Space and Your Life<\/h2>\t\t\t\t<\/div>\n\t\t\t\t<\/div>\n\t\t\t\t\t<\/div>\n\t\t\t\t<\/div>\n\t\t<div class=\"elementor-element elementor-element-14fd3d1b e-flex e-con-boxed e-con e-parent\" data-id=\"14fd3d1b\" data-element_type=\"container\">\n\t\t\t\t\t<div class=\"e-con-inner\">\n\t\t\t\t<div class=\"elementor-element elementor-element-894c7be elementor-widget elementor-widget-image\" data-id=\"894c7be\" data-element_type=\"widget\" data-widget_type=\"image.default\">\n\t\t\t\t<div class=\"elementor-widget-container\">\n\t\t\t\t\t\t\t\t\t\t\t\t\t\t\t<img fetchpriority=\"high\" decoding=\"async\" width=\"1750\" height=\"700\" src=\"https:\/\/japanmatsuri.org\/wp-content\/uploads\/2025\/07\/10.png\" class=\"attachment-full size-full wp-image-1200\" alt=\"\" srcset=\"https:\/\/japanmatsuri.org\/wp-content\/uploads\/2025\/07\/10.png 1750w, https:\/\/japanmatsuri.org\/wp-content\/uploads\/2025\/07\/10-300x120.png 300w, https:\/\/japanmatsuri.org\/wp-content\/uploads\/2025\/07\/10-1024x410.png 1024w, https:\/\/japanmatsuri.org\/wp-content\/uploads\/2025\/07\/10-768x307.png 768w, https:\/\/japanmatsuri.org\/wp-content\/uploads\/2025\/07\/10-1536x614.png 1536w, https:\/\/japanmatsuri.org\/wp-content\/uploads\/2025\/07\/10-18x7.png 18w\" sizes=\"(max-width: 1750px) 100vw, 1750px\" \/>\t\t\t\t\t\t\t\t\t\t\t\t\t\t\t<\/div>\n\t\t\t\t<\/div>\n\t\t\t\t\t<\/div>\n\t\t\t\t<\/div>\n\t\t<div class=\"elementor-element elementor-element-30348c0 e-flex e-con-boxed e-con e-parent\" data-id=\"30348c0\" data-element_type=\"container\">\n\t\t\t\t\t<div class=\"e-con-inner\">\n\t\t\t\t\t<\/div>\n\t\t\t\t<\/div>\n\t\t<div class=\"elementor-element elementor-element-6d0bdf3 e-flex e-con-boxed e-con e-parent\" data-id=\"6d0bdf3\" data-element_type=\"container\">\n\t\t\t\t\t<div class=\"e-con-inner\">\n\t\t\t\t<div class=\"elementor-element elementor-element-374e13c elementor-widget elementor-widget-text-editor\" data-id=\"374e13c\" data-element_type=\"widget\" data-widget_type=\"text-editor.default\">\n\t\t\t\t<div class=\"elementor-widget-container\">\n\t\t\t\t\t\t\t\t\t<p>Do you want to turn your home into an oasis of peace and serenity? The KonMari Method, created by the renowned Marie Kondo, is much more than just an approach to organization; it\u2019s a journey toward inner balance and a happier life. Learn how to surround yourself only with items that truly \u201cspark joy\u201d and create spaces that reflect your true self.<\/p>\t\t\t\t\t\t\t\t<\/div>\n\t\t\t\t<\/div>\n\t\t\t\t\t<\/div>\n\t\t\t\t<\/div>\n\t\t<div class=\"elementor-element elementor-element-30d9580 e-flex e-con-boxed e-con e-parent\" data-id=\"30d9580\" data-element_type=\"container\">\n\t\t\t\t\t<div class=\"e-con-inner\">\n\t\t<div class=\"elementor-element elementor-element-d3908e1 e-con-full e-flex e-con e-child\" data-id=\"d3908e1\" data-element_type=\"container\">\n\t\t\t\t<div class=\"elementor-element elementor-element-561a746 elementor-widget elementor-widget-text-editor\" data-id=\"561a746\" data-element_type=\"widget\" data-widget_type=\"text-editor.default\">\n\t\t\t\t<div class=\"elementor-widget-container\">\n\t\t\t\t\t\t\t\t\t<p>Join our presentation and let Jennifer Smith, the only certified KonMari consultant in Ticino, inspire you. Jennifer will unveil the secrets of this revolutionary method, debunk common myths, and offer practical tips to transform your home into a haven of calm and well-being.<\/p>\t\t\t\t\t\t\t\t<\/div>\n\t\t\t\t<\/div>\n\t\t\t\t<\/div>\n\t\t<div class=\"elementor-element elementor-element-a34983f e-con-full e-flex e-con e-child\" data-id=\"a34983f\" data-element_type=\"container\">\n\t\t\t\t<div class=\"elementor-element elementor-element-245c5a9 elementor-widget elementor-widget-image\" data-id=\"245c5a9\" data-element_type=\"widget\" data-widget_type=\"image.default\">\n\t\t\t\t<div class=\"elementor-widget-container\">\n\t\t\t\t\t\t\t\t\t\t\t\t\t\t\t<img decoding=\"async\" width=\"265\" height=\"300\" src=\"https:\/\/japanmatsuri.org\/wp-content\/uploads\/2025\/07\/KonMari-Jennifer-Smith-1-265x300.jpg\" class=\"attachment-medium size-medium wp-image-1206\" alt=\"\" srcset=\"https:\/\/japanmatsuri.org\/wp-content\/uploads\/2025\/07\/KonMari-Jennifer-Smith-1-265x300.jpg 265w, https:\/\/japanmatsuri.org\/wp-content\/uploads\/2025\/07\/KonMari-Jennifer-Smith-1-904x1024.jpg 904w, https:\/\/japanmatsuri.org\/wp-content\/uploads\/2025\/07\/KonMari-Jennifer-Smith-1-768x870.jpg 768w, https:\/\/japanmatsuri.org\/wp-content\/uploads\/2025\/07\/KonMari-Jennifer-Smith-1-1356x1536.jpg 1356w, https:\/\/japanmatsuri.org\/wp-content\/uploads\/2025\/07\/KonMari-Jennifer-Smith-1-11x12.jpg 11w, https:\/\/japanmatsuri.org\/wp-content\/uploads\/2025\/07\/KonMari-Jennifer-Smith-1.jpg 1500w\" sizes=\"(max-width: 265px) 100vw, 265px\" \/>\t\t\t\t\t\t\t\t\t\t\t\t\t\t\t<\/div>\n\t\t\t\t<\/div>\n\t\t\t\t<\/div>\n\t\t\t\t\t<\/div>\n\t\t\t\t<\/div>\n\t\t<div class=\"elementor-element elementor-element-554c460 e-flex e-con-boxed e-con e-parent\" data-id=\"554c460\" data-element_type=\"container\">\n\t\t\t\t\t<div class=\"e-con-inner\">\n\t\t<div class=\"elementor-element elementor-element-f793579 e-con-full e-flex e-con e-child\" data-id=\"f793579\" data-element_type=\"container\">\n\t\t\t\t<div class=\"elementor-element elementor-element-aedc334 elementor-widget elementor-widget-text-editor\" data-id=\"aedc334\" data-element_type=\"widget\" data-widget_type=\"text-editor.default\">\n\t\t\t\t<div class=\"elementor-widget-container\">\n\t\t\t\t\t\t\t\t\t<p class=\"translation-block\"><b>Date<\/b>: Saturday, September 20, 2025<br>\n <b>Time<\/b>: 4:30 PM \u2013 6:00 PM<br>\n <b>Location <\/b>: Room 2<\/p><p class=\"translation-block\"><b>Date <\/b>: Sunday, September 21, 2025<br>\n<b>Time <\/b>: 3:15 PM \u2013 4:45 PM<br>\n<b>Location <\/b>: Room 1<\/p><p class=\"translation-block\"><b>Participants<\/b>: maximum 24 <br>\n<b>Fee <\/b>: free of charge<\/p><p class=\"translation-block\"><b>Language:<\/b> Italian and English<\/p>\t\t\t\t\t\t\t\t<\/div>\n\t\t\t\t<\/div>\n\t\t\t\t<\/div>\n\t\t<div class=\"elementor-element elementor-element-8db9b8c e-flex e-con-boxed e-con e-child\" data-id=\"8db9b8c\" data-element_type=\"container\">\n\t\t\t\t\t<div class=\"e-con-inner\">\n\t\t\t\t<div class=\"elementor-element elementor-element-1fe0a4d elementor-widget-mobile__width-initial elementor-widget elementor-widget-button\" data-id=\"1fe0a4d\" data-element_type=\"widget\" data-widget_type=\"button.default\">\n\t\t\t\t<div class=\"elementor-widget-container\">\n\t\t\t\t\t\t\t\t\t<div class=\"elementor-button-wrapper\">\n\t\t\t\t\t<a class=\"elementor-button elementor-button-link elementor-size-sm\" href=\"https:\/\/www.ticketino.com\/en\/event\/japan-matsuri-corsi\/205136\" target=\"_blank\">\n\t\t\t\t\t\t<span class=\"elementor-button-content-wrapper\">\n\t\t\t\t\t\t\t\t\t<span class=\"elementor-button-text\">SIGN UP<\/span>\n\t\t\t\t\t<\/span>\n\t\t\t\t\t<\/a>\n\t\t\t\t<\/div>\n\t\t\t\t\t\t\t\t<\/div>\n\t\t\t\t<\/div>\n\t\t\t\t<div class=\"elementor-element elementor-element-2d27be6 elementor-widget elementor-widget-button\" data-id=\"2d27be6\" data-element_type=\"widget\" data-widget_type=\"button.default\">\n\t\t\t\t<div class=\"elementor-widget-container\">\n\t\t\t\t\t\t\t\t\t<div class=\"elementor-button-wrapper\">\n\t\t\t\t\t<a class=\"elementor-button elementor-button-link elementor-size-sm\" href=\"https:\/\/japanmatsuri.org\/en\/rules\/\" target=\"_blank\">\n\t\t\t\t\t\t<span class=\"elementor-button-content-wrapper\">\n\t\t\t\t\t\t\t\t\t<span class=\"elementor-button-text\">RULES<\/span>\n\t\t\t\t\t<\/span>\n\t\t\t\t\t<\/a>\n\t\t\t\t<\/div>\n\t\t\t\t\t\t\t\t<\/div>\n\t\t\t\t<\/div>\n\t\t\t\t\t<\/div>\n\t\t\t\t<\/div>\n\t\t\t\t\t<\/div>\n\t\t\t\t<\/div>\n\t\t<div class=\"elementor-element elementor-element-2616d3e e-flex e-con-boxed e-con e-parent\" data-id=\"2616d3e\" data-element_type=\"container\">\n\t\t\t\t\t<div class=\"e-con-inner\">\n\t\t\t\t<div class=\"elementor-element elementor-element-868c81d elementor-widget elementor-widget-text-editor\" data-id=\"868c81d\" data-element_type=\"widget\" data-widget_type=\"text-editor.default\">\n\t\t\t\t<div class=\"elementor-widget-container\">\n\t\t\t\t\t\t\t\t\t<p><i>To access the workshop area, you will need to wear the wristband provided at the festival entrance. To make entry easier, we recommend purchasing your festival ticket online. For people with disabilities or reduced mobility, please contact us in advance via email at info@japanmatsuri.org so we can arrange stress-free access.<\/i><\/p>\t\t\t\t\t\t\t\t<\/div>\n\t\t\t\t<\/div>\n\t\t\t\t\t<\/div>\n\t\t\t\t<\/div>\n\t\t<div class=\"elementor-element elementor-element-3b9e9ecd e-flex e-con-boxed e-con e-parent\" data-id=\"3b9e9ecd\" data-element_type=\"container\">\n\t\t\t\t\t<div class=\"e-con-inner\">\n\t\t\t\t\t<\/div>\n\t\t\t\t<\/div>\n\t\t\t\t<\/div>","protected":false},"excerpt":{"rendered":"<p>Scopri il Potere del Metodo KonMari Trasforma i tuoi Spazi e la tua Vita Vuoi trasformare la tua casa in un\u2019oasi di pace e serenit\u00e0? Il Metodo KonMari, creato dalla celebre Marie Kondo, \u00e8 molto pi\u00f9 di un semplice approccio all\u2019organizzazione: \u00e8 un viaggio verso un equilibrio interiore e una vita pi\u00f9 felice. Impara a [&hellip;]<\/p>","protected":false},"author":1,"featured_media":0,"parent":0,"menu_order":0,"comment_status":"closed","ping_status":"closed","template":"","meta":{"footnotes":""},"class_list":["post-1198","page","type-page","status-publish","hentry"],"yoast_head":"<!-- This site is optimized with the Yoast SEO plugin v25.4 - https:\/\/yoast.com\/wordpress\/plugins\/seo\/ -->\n<title>Metodo KonMari - Japan Matsuri - Festival Giapponese Bellinzona<\/title>\n<meta name=\"robots\" content=\"index, follow, max-snippet:-1, max-image-preview:large, max-video-preview:-1\" \/>\n<link rel=\"canonical\" href=\"https:\/\/japanmatsuri.org\/en\/metodo-konmari\/\" \/>\n<meta property=\"og:locale\" content=\"en_GB\" \/>\n<meta property=\"og:type\" content=\"article\" \/>\n<meta property=\"og:title\" content=\"Metodo KonMari - Japan Matsuri - Festival Giapponese Bellinzona\" \/>\n<meta property=\"og:description\" content=\"Scopri il Potere del Metodo KonMari Trasforma i tuoi Spazi e la tua Vita Vuoi trasformare la tua casa in un\u2019oasi di pace e serenit\u00e0? Il Metodo KonMari, creato dalla celebre Marie Kondo, \u00e8 molto pi\u00f9 di un semplice approccio all\u2019organizzazione: \u00e8 un viaggio verso un equilibrio interiore e una vita pi\u00f9 felice. Impara a [&hellip;]\" \/>\n<meta property=\"og:url\" content=\"https:\/\/japanmatsuri.org\/en\/metodo-konmari\/\" \/>\n<meta property=\"og:site_name\" content=\"Japan Matsuri - Festival Giapponese Bellinzona\" \/>\n<meta property=\"article:modified_time\" content=\"2025-09-05T17:57:27+00:00\" \/>\n<meta property=\"og:image\" content=\"https:\/\/japanmatsuri.org\/wp-content\/uploads\/2025\/07\/10.png\" \/>\n\t<meta property=\"og:image:width\" content=\"1750\" \/>\n\t<meta property=\"og:image:height\" content=\"700\" \/>\n\t<meta property=\"og:image:type\" content=\"image\/png\" \/>\n<meta name=\"twitter:card\" content=\"summary_large_image\" \/>\n<meta name=\"twitter:label1\" content=\"Estimated reading time\" \/>\n\t<meta name=\"twitter:data1\" content=\"2 minutes\" \/>\n<script type=\"application\/ld+json\" class=\"yoast-schema-graph\">{\"@context\":\"https:\/\/schema.org\",\"@graph\":[{\"@type\":\"WebPage\",\"@id\":\"https:\/\/japanmatsuri.org\/it\/metodo-konmari\/\",\"url\":\"https:\/\/japanmatsuri.org\/it\/metodo-konmari\/\",\"name\":\"Metodo KonMari - Japan Matsuri - Festival Giapponese Bellinzona\",\"isPartOf\":{\"@id\":\"https:\/\/japanmatsuri.org\/#website\"},\"primaryImageOfPage\":{\"@id\":\"https:\/\/japanmatsuri.org\/it\/metodo-konmari\/#primaryimage\"},\"image\":{\"@id\":\"https:\/\/japanmatsuri.org\/it\/metodo-konmari\/#primaryimage\"},\"thumbnailUrl\":\"https:\/\/japanmatsuri.org\/wp-content\/uploads\/2025\/07\/10.png\",\"datePublished\":\"2025-07-01T16:18:59+00:00\",\"dateModified\":\"2025-09-05T17:57:27+00:00\",\"breadcrumb\":{\"@id\":\"https:\/\/japanmatsuri.org\/it\/metodo-konmari\/#breadcrumb\"},\"inLanguage\":\"en-GB\",\"potentialAction\":[{\"@type\":\"ReadAction\",\"target\":[\"https:\/\/japanmatsuri.org\/it\/metodo-konmari\/\"]}]},{\"@type\":\"ImageObject\",\"inLanguage\":\"en-GB\",\"@id\":\"https:\/\/japanmatsuri.org\/it\/metodo-konmari\/#primaryimage\",\"url\":\"https:\/\/japanmatsuri.org\/wp-content\/uploads\/2025\/07\/10.png\",\"contentUrl\":\"https:\/\/japanmatsuri.org\/wp-content\/uploads\/2025\/07\/10.png\"},{\"@type\":\"BreadcrumbList\",\"@id\":\"https:\/\/japanmatsuri.org\/it\/metodo-konmari\/#breadcrumb\",\"itemListElement\":[{\"@type\":\"ListItem\",\"position\":1,\"name\":\"Home\",\"item\":\"https:\/\/japanmatsuri.org\/it\/\"},{\"@type\":\"ListItem\",\"position\":2,\"name\":\"Metodo KonMari\"}]},{\"@type\":\"WebSite\",\"@id\":\"https:\/\/japanmatsuri.org\/#website\",\"url\":\"https:\/\/japanmatsuri.org\/\",\"name\":\"Japan Matsuri - Festival Giapponese Bellinzona\",\"description\":\"Festival Giapponese Bellinzona\",\"potentialAction\":[{\"@type\":\"SearchAction\",\"target\":{\"@type\":\"EntryPoint\",\"urlTemplate\":\"https:\/\/japanmatsuri.org\/?s={search_term_string}\"},\"query-input\":{\"@type\":\"PropertyValueSpecification\",\"valueRequired\":true,\"valueName\":\"search_term_string\"}}],\"inLanguage\":\"en-GB\"}]}<\/script>\n<!-- \/ Yoast SEO plugin. -->","yoast_head_json":{"title":"Metodo KonMari - Japan Matsuri - Festival Giapponese Bellinzona","robots":{"index":"index","follow":"follow","max-snippet":"max-snippet:-1","max-image-preview":"max-image-preview:large","max-video-preview":"max-video-preview:-1"},"canonical":"https:\/\/japanmatsuri.org\/en\/metodo-konmari\/","og_locale":"en_GB","og_type":"article","og_title":"Metodo KonMari - Japan Matsuri - Festival Giapponese Bellinzona","og_description":"Scopri il Potere del Metodo KonMari Trasforma i tuoi Spazi e la tua Vita Vuoi trasformare la tua casa in un\u2019oasi di pace e serenit\u00e0? Il Metodo KonMari, creato dalla celebre Marie Kondo, \u00e8 molto pi\u00f9 di un semplice approccio all\u2019organizzazione: \u00e8 un viaggio verso un equilibrio interiore e una vita pi\u00f9 felice. Impara a [&hellip;]","og_url":"https:\/\/japanmatsuri.org\/en\/metodo-konmari\/","og_site_name":"Japan Matsuri - Festival Giapponese Bellinzona","article_modified_time":"2025-09-05T17:57:27+00:00","og_image":[{"width":1750,"height":700,"url":"https:\/\/japanmatsuri.org\/wp-content\/uploads\/2025\/07\/10.png","type":"image\/png"}],"twitter_card":"summary_large_image","twitter_misc":{"Estimated reading time":"2 minutes"},"schema":{"@context":"https:\/\/schema.org","@graph":[{"@type":"WebPage","@id":"https:\/\/japanmatsuri.org\/it\/metodo-konmari\/","url":"https:\/\/japanmatsuri.org\/it\/metodo-konmari\/","name":"Metodo KonMari - Japan Matsuri - Festival Giapponese Bellinzona","isPartOf":{"@id":"https:\/\/japanmatsuri.org\/#website"},"primaryImageOfPage":{"@id":"https:\/\/japanmatsuri.org\/it\/metodo-konmari\/#primaryimage"},"image":{"@id":"https:\/\/japanmatsuri.org\/it\/metodo-konmari\/#primaryimage"},"thumbnailUrl":"https:\/\/japanmatsuri.org\/wp-content\/uploads\/2025\/07\/10.png","datePublished":"2025-07-01T16:18:59+00:00","dateModified":"2025-09-05T17:57:27+00:00","breadcrumb":{"@id":"https:\/\/japanmatsuri.org\/it\/metodo-konmari\/#breadcrumb"},"inLanguage":"en-GB","potentialAction":[{"@type":"ReadAction","target":["https:\/\/japanmatsuri.org\/it\/metodo-konmari\/"]}]},{"@type":"ImageObject","inLanguage":"en-GB","@id":"https:\/\/japanmatsuri.org\/it\/metodo-konmari\/#primaryimage","url":"https:\/\/japanmatsuri.org\/wp-content\/uploads\/2025\/07\/10.png","contentUrl":"https:\/\/japanmatsuri.org\/wp-content\/uploads\/2025\/07\/10.png"},{"@type":"BreadcrumbList","@id":"https:\/\/japanmatsuri.org\/it\/metodo-konmari\/#breadcrumb","itemListElement":[{"@type":"ListItem","position":1,"name":"Home","item":"https:\/\/japanmatsuri.org\/it\/"},{"@type":"ListItem","position":2,"name":"Metodo KonMari"}]},{"@type":"WebSite","@id":"https:\/\/japanmatsuri.org\/#website","url":"https:\/\/japanmatsuri.org\/","name":"Japan Matsuri - Festival Giapponese Bellinzona","description":"Festival Giapponese Bellinzona","potentialAction":[{"@type":"SearchAction","target":{"@type":"EntryPoint","urlTemplate":"https:\/\/japanmatsuri.org\/?s={search_term_string}"},"query-input":{"@type":"PropertyValueSpecification","valueRequired":true,"valueName":"search_term_string"}}],"inLanguage":"en-GB"}]}},"_links":{"self":[{"href":"https:\/\/japanmatsuri.org\/en\/wp-json\/wp\/v2\/pages\/1198","targetHints":{"allow":["GET"]}}],"collection":[{"href":"https:\/\/japanmatsuri.org\/en\/wp-json\/wp\/v2\/pages"}],"about":[{"href":"https:\/\/japanmatsuri.org\/en\/wp-json\/wp\/v2\/types\/page"}],"author":[{"embeddable":true,"href":"https:\/\/japanmatsuri.org\/en\/wp-json\/wp\/v2\/users\/1"}],"replies":[{"embeddable":true,"href":"https:\/\/japanmatsuri.org\/en\/wp-json\/wp\/v2\/comments?post=1198"}],"version-history":[{"count":13,"href":"https:\/\/japanmatsuri.org\/en\/wp-json\/wp\/v2\/pages\/1198\/revisions"}],"predecessor-version":[{"id":2043,"href":"https:\/\/japanmatsuri.org\/en\/wp-json\/wp\/v2\/pages\/1198\/revisions\/2043"}],"wp:attachment":[{"href":"https:\/\/japanmatsuri.org\/en\/wp-json\/wp\/v2\/media?parent=1198"}],"curies":[{"name":"wp","href":"https:\/\/api.w.org\/{rel}","templated":true}]}}