{"id":1728,"date":"2025-08-19T13:28:19","date_gmt":"2025-08-19T12:28:19","guid":{"rendered":"https:\/\/japanmatsuri.org\/it\/?page_id=1728"},"modified":"2025-09-09T09:56:35","modified_gmt":"2025-09-09T08:56:35","slug":"cosplay-show","status":"publish","type":"page","link":"https:\/\/japanmatsuri.org\/en\/cosplay-show\/","title":{"rendered":"Cosplay Show"},"content":{"rendered":"<div data-elementor-type=\"wp-page\" data-elementor-id=\"1728\" class=\"elementor elementor-1728\" data-elementor-post-type=\"page\">\n\t\t\t\t<div class=\"elementor-element elementor-element-b2902dd e-flex e-con-boxed e-con e-parent\" data-id=\"b2902dd\" data-element_type=\"container\">\n\t\t\t\t\t<div class=\"e-con-inner\">\n\t\t\t\t<div class=\"elementor-element elementor-element-47541bf9 elementor-widget elementor-widget-heading\" data-id=\"47541bf9\" data-element_type=\"widget\" data-widget_type=\"heading.default\">\n\t\t\t\t<div class=\"elementor-widget-container\">\n\t\t\t\t\t<h1 class=\"elementor-heading-title elementor-size-default\">Cosplay Show<\/h1>\t\t\t\t<\/div>\n\t\t\t\t<\/div>\n\t\t\t\t<div class=\"elementor-element elementor-element-60cf021 elementor-widget elementor-widget-heading\" data-id=\"60cf021\" data-element_type=\"widget\" data-widget_type=\"heading.default\">\n\t\t\t\t<div class=\"elementor-widget-container\">\n\t\t\t\t\t<h2 class=\"elementor-heading-title elementor-size-default\"> The Power of Imagination<\/h2>\t\t\t\t<\/div>\n\t\t\t\t<\/div>\n\t\t\t\t\t<\/div>\n\t\t\t\t<\/div>\n\t\t<div class=\"elementor-element elementor-element-b54d147 e-flex e-con-boxed e-con e-parent\" data-id=\"b54d147\" data-element_type=\"container\">\n\t\t\t\t\t<div class=\"e-con-inner\">\n\t\t\t\t<div class=\"elementor-element elementor-element-c2c6940 elementor-widget elementor-widget-image\" data-id=\"c2c6940\" data-element_type=\"widget\" data-widget_type=\"image.default\">\n\t\t\t\t<div class=\"elementor-widget-container\">\n\t\t\t\t\t\t\t\t\t\t\t\t\t\t\t<img fetchpriority=\"high\" decoding=\"async\" width=\"1181\" height=\"591\" src=\"https:\/\/japanmatsuri.org\/wp-content\/uploads\/2025\/08\/cosplayshow.png\" class=\"attachment-full size-full wp-image-1730\" alt=\"\" srcset=\"https:\/\/japanmatsuri.org\/wp-content\/uploads\/2025\/08\/cosplayshow.png 1181w, https:\/\/japanmatsuri.org\/wp-content\/uploads\/2025\/08\/cosplayshow-300x150.png 300w, https:\/\/japanmatsuri.org\/wp-content\/uploads\/2025\/08\/cosplayshow-1024x512.png 1024w, https:\/\/japanmatsuri.org\/wp-content\/uploads\/2025\/08\/cosplayshow-768x384.png 768w, https:\/\/japanmatsuri.org\/wp-content\/uploads\/2025\/08\/cosplayshow-18x9.png 18w\" sizes=\"(max-width: 1181px) 100vw, 1181px\" \/>\t\t\t\t\t\t\t\t\t\t\t\t\t\t\t<\/div>\n\t\t\t\t<\/div>\n\t\t\t\t\t<\/div>\n\t\t\t\t<\/div>\n\t\t<div class=\"elementor-element elementor-element-38892e5 e-flex e-con-boxed e-con e-parent\" data-id=\"38892e5\" data-element_type=\"container\">\n\t\t\t\t\t<div class=\"e-con-inner\">\n\t\t\t\t<div class=\"elementor-element elementor-element-277c1e6 elementor-widget elementor-widget-text-editor\" data-id=\"277c1e6\" data-element_type=\"widget\" data-widget_type=\"text-editor.default\">\n\t\t\t\t<div class=\"elementor-widget-container\">\n\t\t\t\t\t\t\t\t\t<p class=\"translation-block\">A journey through fabric, armor, and dreams.\nThe <b>Cosplay Show<\/b> is much more than a simple parade: it\u2019s a space dedicated to creativity, passion, and the personal stories of those who live cosplay as a true art form.<\/p><p class=\"translation-block\">On stage, our special guests will perform and share their journey, offering a glimpse into the imagination that brings their characters to life.\nFrom <b>Ami-R\u00e2le<\/b>\u2019s handcrafted ingenuity\u2014turning cardboard into breathtaking scenery\u2014to <b>Korawui<\/b>\u2019s versatile talent, and the sartorial elegance of <b>Foxfire<\/b>, each performance will be a unique portrait of dedication and creativity.<\/p><p class=\"translation-block\">Adding to the spectacle, the <b>Swiss Garrison<\/b> and <b>Helvetic Base<\/b>\u2014official Swiss representations of the Star Wars legions\u2014will bring the galactic epic between Empire and Rebellion to life, with authentic costumes and a spirit deeply rooted in solidarity.<\/p><p>A must-see event for cosplay fans, geek culture lovers, and all who believe in the magic of imagination.<\/p>\t\t\t\t\t\t\t\t<\/div>\n\t\t\t\t<\/div>\n\t\t\t\t<div class=\"elementor-element elementor-element-7e7e75b elementor-widget elementor-widget-text-editor\" data-id=\"7e7e75b\" data-element_type=\"widget\" data-widget_type=\"text-editor.default\">\n\t\t\t\t<div class=\"elementor-widget-container\">\n\t\t\t\t\t\t\t\t\t<p class=\"translation-block\">\ud83d\udcc5 <b>Date:<\/b> Saturday, September 20<br>\n\ud83d\udd61 <b>Time:<\/b> 6:30 PM<br>\n\ud83d\udccd <b>Where:<\/b> Main Stage, Pavilion C<\/p>\t\t\t\t\t\t\t\t<\/div>\n\t\t\t\t<\/div>\n\t\t\t\t\t<\/div>\n\t\t\t\t<\/div>\n\t\t<div class=\"elementor-element elementor-element-13230d29 e-flex e-con-boxed e-con e-parent\" data-id=\"13230d29\" data-element_type=\"container\">\n\t\t\t\t\t<div class=\"e-con-inner\">\n\t\t\t\t\t<\/div>\n\t\t\t\t<\/div>\n\t\t\t\t<\/div>","protected":false},"excerpt":{"rendered":"<p>Cosplay Show Il Potere dell\u2019Immaginazione Un viaggio tra stoffe, armature e sogni.Il Cosplay Show\u00a0\u00e8 molto pi\u00f9 di una semplice sfilata: \u00e8 uno spazio dedicato alla creativit\u00e0, alla passione e alle storie personali di chi vive il cosplay come forma d\u2019arte. Sul palco, i nostri ospiti speciali si presenteranno al pubblico attraverso brevi esibizioni, raccontando il [&hellip;]<\/p>","protected":false},"author":1,"featured_media":0,"parent":0,"menu_order":0,"comment_status":"closed","ping_status":"closed","template":"","meta":{"footnotes":""},"class_list":["post-1728","page","type-page","status-publish","hentry"],"yoast_head":"<!-- This site is optimized with the Yoast SEO plugin v25.4 - https:\/\/yoast.com\/wordpress\/plugins\/seo\/ -->\n<title>Cosplay Show - Japan Matsuri - Festival Giapponese Bellinzona<\/title>\n<meta name=\"robots\" content=\"index, follow, max-snippet:-1, max-image-preview:large, max-video-preview:-1\" \/>\n<link rel=\"canonical\" href=\"https:\/\/japanmatsuri.org\/en\/cosplay-show\/\" \/>\n<meta property=\"og:locale\" content=\"en_GB\" \/>\n<meta property=\"og:type\" content=\"article\" \/>\n<meta property=\"og:title\" content=\"Cosplay Show - Japan Matsuri - Festival Giapponese Bellinzona\" \/>\n<meta property=\"og:description\" content=\"Cosplay Show Il Potere dell\u2019Immaginazione Un viaggio tra stoffe, armature e sogni.Il Cosplay Show\u00a0\u00e8 molto pi\u00f9 di una semplice sfilata: \u00e8 uno spazio dedicato alla creativit\u00e0, alla passione e alle storie personali di chi vive il cosplay come forma d\u2019arte. Sul palco, i nostri ospiti speciali si presenteranno al pubblico attraverso brevi esibizioni, raccontando il [&hellip;]\" \/>\n<meta property=\"og:url\" content=\"https:\/\/japanmatsuri.org\/en\/cosplay-show\/\" \/>\n<meta property=\"og:site_name\" content=\"Japan Matsuri - Festival Giapponese Bellinzona\" \/>\n<meta property=\"article:modified_time\" content=\"2025-09-09T08:56:35+00:00\" \/>\n<meta property=\"og:image\" content=\"https:\/\/japanmatsuri.org\/wp-content\/uploads\/2025\/08\/cosplayshow.png\" \/>\n\t<meta property=\"og:image:width\" content=\"1181\" \/>\n\t<meta property=\"og:image:height\" content=\"591\" \/>\n\t<meta property=\"og:image:type\" content=\"image\/png\" \/>\n<meta name=\"twitter:card\" content=\"summary_large_image\" \/>\n<meta name=\"twitter:label1\" content=\"Estimated reading time\" \/>\n\t<meta name=\"twitter:data1\" content=\"2 minutes\" \/>\n<script type=\"application\/ld+json\" class=\"yoast-schema-graph\">{\"@context\":\"https:\/\/schema.org\",\"@graph\":[{\"@type\":\"WebPage\",\"@id\":\"https:\/\/japanmatsuri.org\/it\/cosplay-show\/\",\"url\":\"https:\/\/japanmatsuri.org\/it\/cosplay-show\/\",\"name\":\"Cosplay Show - Japan Matsuri - Festival Giapponese Bellinzona\",\"isPartOf\":{\"@id\":\"https:\/\/japanmatsuri.org\/#website\"},\"primaryImageOfPage\":{\"@id\":\"https:\/\/japanmatsuri.org\/it\/cosplay-show\/#primaryimage\"},\"image\":{\"@id\":\"https:\/\/japanmatsuri.org\/it\/cosplay-show\/#primaryimage\"},\"thumbnailUrl\":\"https:\/\/japanmatsuri.org\/wp-content\/uploads\/2025\/08\/cosplayshow.png\",\"datePublished\":\"2025-08-19T12:28:19+00:00\",\"dateModified\":\"2025-09-09T08:56:35+00:00\",\"breadcrumb\":{\"@id\":\"https:\/\/japanmatsuri.org\/it\/cosplay-show\/#breadcrumb\"},\"inLanguage\":\"en-GB\",\"potentialAction\":[{\"@type\":\"ReadAction\",\"target\":[\"https:\/\/japanmatsuri.org\/it\/cosplay-show\/\"]}]},{\"@type\":\"ImageObject\",\"inLanguage\":\"en-GB\",\"@id\":\"https:\/\/japanmatsuri.org\/it\/cosplay-show\/#primaryimage\",\"url\":\"https:\/\/japanmatsuri.org\/wp-content\/uploads\/2025\/08\/cosplayshow.png\",\"contentUrl\":\"https:\/\/japanmatsuri.org\/wp-content\/uploads\/2025\/08\/cosplayshow.png\"},{\"@type\":\"BreadcrumbList\",\"@id\":\"https:\/\/japanmatsuri.org\/it\/cosplay-show\/#breadcrumb\",\"itemListElement\":[{\"@type\":\"ListItem\",\"position\":1,\"name\":\"Home\",\"item\":\"https:\/\/japanmatsuri.org\/it\/\"},{\"@type\":\"ListItem\",\"position\":2,\"name\":\"Cosplay Show\"}]},{\"@type\":\"WebSite\",\"@id\":\"https:\/\/japanmatsuri.org\/#website\",\"url\":\"https:\/\/japanmatsuri.org\/\",\"name\":\"Japan Matsuri - Festival Giapponese Bellinzona\",\"description\":\"Festival Giapponese Bellinzona\",\"potentialAction\":[{\"@type\":\"SearchAction\",\"target\":{\"@type\":\"EntryPoint\",\"urlTemplate\":\"https:\/\/japanmatsuri.org\/?s={search_term_string}\"},\"query-input\":{\"@type\":\"PropertyValueSpecification\",\"valueRequired\":true,\"valueName\":\"search_term_string\"}}],\"inLanguage\":\"en-GB\"}]}<\/script>\n<!-- \/ Yoast SEO plugin. -->","yoast_head_json":{"title":"Cosplay Show - Japan Matsuri - Festival Giapponese Bellinzona","robots":{"index":"index","follow":"follow","max-snippet":"max-snippet:-1","max-image-preview":"max-image-preview:large","max-video-preview":"max-video-preview:-1"},"canonical":"https:\/\/japanmatsuri.org\/en\/cosplay-show\/","og_locale":"en_GB","og_type":"article","og_title":"Cosplay Show - Japan Matsuri - Festival Giapponese Bellinzona","og_description":"Cosplay Show Il Potere dell\u2019Immaginazione Un viaggio tra stoffe, armature e sogni.Il Cosplay Show\u00a0\u00e8 molto pi\u00f9 di una semplice sfilata: \u00e8 uno spazio dedicato alla creativit\u00e0, alla passione e alle storie personali di chi vive il cosplay come forma d\u2019arte. Sul palco, i nostri ospiti speciali si presenteranno al pubblico attraverso brevi esibizioni, raccontando il [&hellip;]","og_url":"https:\/\/japanmatsuri.org\/en\/cosplay-show\/","og_site_name":"Japan Matsuri - Festival Giapponese Bellinzona","article_modified_time":"2025-09-09T08:56:35+00:00","og_image":[{"width":1181,"height":591,"url":"https:\/\/japanmatsuri.org\/wp-content\/uploads\/2025\/08\/cosplayshow.png","type":"image\/png"}],"twitter_card":"summary_large_image","twitter_misc":{"Estimated reading time":"2 minutes"},"schema":{"@context":"https:\/\/schema.org","@graph":[{"@type":"WebPage","@id":"https:\/\/japanmatsuri.org\/it\/cosplay-show\/","url":"https:\/\/japanmatsuri.org\/it\/cosplay-show\/","name":"Cosplay Show - Japan Matsuri - Festival Giapponese Bellinzona","isPartOf":{"@id":"https:\/\/japanmatsuri.org\/#website"},"primaryImageOfPage":{"@id":"https:\/\/japanmatsuri.org\/it\/cosplay-show\/#primaryimage"},"image":{"@id":"https:\/\/japanmatsuri.org\/it\/cosplay-show\/#primaryimage"},"thumbnailUrl":"https:\/\/japanmatsuri.org\/wp-content\/uploads\/2025\/08\/cosplayshow.png","datePublished":"2025-08-19T12:28:19+00:00","dateModified":"2025-09-09T08:56:35+00:00","breadcrumb":{"@id":"https:\/\/japanmatsuri.org\/it\/cosplay-show\/#breadcrumb"},"inLanguage":"en-GB","potentialAction":[{"@type":"ReadAction","target":["https:\/\/japanmatsuri.org\/it\/cosplay-show\/"]}]},{"@type":"ImageObject","inLanguage":"en-GB","@id":"https:\/\/japanmatsuri.org\/it\/cosplay-show\/#primaryimage","url":"https:\/\/japanmatsuri.org\/wp-content\/uploads\/2025\/08\/cosplayshow.png","contentUrl":"https:\/\/japanmatsuri.org\/wp-content\/uploads\/2025\/08\/cosplayshow.png"},{"@type":"BreadcrumbList","@id":"https:\/\/japanmatsuri.org\/it\/cosplay-show\/#breadcrumb","itemListElement":[{"@type":"ListItem","position":1,"name":"Home","item":"https:\/\/japanmatsuri.org\/it\/"},{"@type":"ListItem","position":2,"name":"Cosplay Show"}]},{"@type":"WebSite","@id":"https:\/\/japanmatsuri.org\/#website","url":"https:\/\/japanmatsuri.org\/","name":"Japan Matsuri - Festival Giapponese Bellinzona","description":"Festival Giapponese Bellinzona","potentialAction":[{"@type":"SearchAction","target":{"@type":"EntryPoint","urlTemplate":"https:\/\/japanmatsuri.org\/?s={search_term_string}"},"query-input":{"@type":"PropertyValueSpecification","valueRequired":true,"valueName":"search_term_string"}}],"inLanguage":"en-GB"}]}},"_links":{"self":[{"href":"https:\/\/japanmatsuri.org\/en\/wp-json\/wp\/v2\/pages\/1728","targetHints":{"allow":["GET"]}}],"collection":[{"href":"https:\/\/japanmatsuri.org\/en\/wp-json\/wp\/v2\/pages"}],"about":[{"href":"https:\/\/japanmatsuri.org\/en\/wp-json\/wp\/v2\/types\/page"}],"author":[{"embeddable":true,"href":"https:\/\/japanmatsuri.org\/en\/wp-json\/wp\/v2\/users\/1"}],"replies":[{"embeddable":true,"href":"https:\/\/japanmatsuri.org\/en\/wp-json\/wp\/v2\/comments?post=1728"}],"version-history":[{"count":10,"href":"https:\/\/japanmatsuri.org\/en\/wp-json\/wp\/v2\/pages\/1728\/revisions"}],"predecessor-version":[{"id":2056,"href":"https:\/\/japanmatsuri.org\/en\/wp-json\/wp\/v2\/pages\/1728\/revisions\/2056"}],"wp:attachment":[{"href":"https:\/\/japanmatsuri.org\/en\/wp-json\/wp\/v2\/media?parent=1728"}],"curies":[{"name":"wp","href":"https:\/\/api.w.org\/{rel}","templated":true}]}}