{"id":456,"date":"2025-05-10T17:57:37","date_gmt":"2025-05-10T16:57:37","guid":{"rendered":"https:\/\/japanmatsuri.org\/?page_id=456"},"modified":"2025-05-10T17:58:08","modified_gmt":"2025-05-10T16:58:08","slug":"about-us","status":"publish","type":"page","link":"https:\/\/japanmatsuri.org\/en\/about-us\/","title":{"rendered":"chi siamo"},"content":{"rendered":"<div data-elementor-type=\"wp-page\" data-elementor-id=\"456\" class=\"elementor elementor-456\" data-elementor-post-type=\"page\">\n\t\t\t\t<div class=\"elementor-element elementor-element-62c81d5b e-flex e-con-boxed e-con e-parent\" data-id=\"62c81d5b\" data-element_type=\"container\">\n\t\t\t\t\t<div class=\"e-con-inner\">\n\t\t\t\t<div class=\"elementor-element elementor-element-2beab5e2 elementor-widget elementor-widget-heading\" data-id=\"2beab5e2\" data-element_type=\"widget\" data-widget_type=\"heading.default\">\n\t\t\t\t<div class=\"elementor-widget-container\">\n\t\t\t\t\t<h1 class=\"elementor-heading-title elementor-size-default\">About us<\/h1>\t\t\t\t<\/div>\n\t\t\t\t<\/div>\n\t\t\t\t\t<\/div>\n\t\t\t\t<\/div>\n\t\t<div class=\"elementor-element elementor-element-1dee9775 e-flex e-con-boxed e-con e-parent\" data-id=\"1dee9775\" data-element_type=\"container\">\n\t\t\t\t\t<div class=\"e-con-inner\">\n\t\t\t\t<div class=\"elementor-element elementor-element-b9297d9 elementor-widget elementor-widget-text-editor\" data-id=\"b9297d9\" data-element_type=\"widget\" data-widget_type=\"text-editor.default\">\n\t\t\t\t<div class=\"elementor-widget-container\">\n\t\t\t\t\t\t\t\t\t<p class=\"translation-block\">Japan Matsuri is the most comprehensive and expansive festival of Japanese culture nationwide, giving its visitors the feeling of being transported to a fascinating and distant world, blending tradition and modernity and representing Japan in its entirety.<\/p><p class=\"translation-block\">Japan Matsuri is the only Japanese festival in Switzerland with a high-level cultural program, spanning two days of immersion in the world of the Land of the Rising Sun.<\/p><p class=\"translation-block\">In 2023, it broke all previous records, attracting approximately 13,000 visitors of all ages who could fully immerse themselves in Japanese culture through the rich program of performances, concerts, and stage conferences; a unique opportunity to freely move between the different areas of the festival, which include an exhibition area with traditional products for sale, a workshop area with many activities related to Japanese culture, and a recreational area with a variety of games to choose from.<\/p><p class=\"\">Every year, the festival has the honor of hosting internationally renowned guests, who often make their national debut at Japan Matsuri.<\/p><p class=\"\">Given its prominent role in Switzerland, the event has welcomed notable political figures to the festival\u2019s opening, such as ambassadors, cultural officials, mayors, and deputy mayors.<\/p><p class=\"\">In 2024, on the occasion of the 160th anniversary of diplomatic relations between Japan and Switzerland, it also was chosen as an integral part of this important anniversary.<\/p><p class=\"\">The festival offers an unparalleled immersion in the magic of the Land of the Rising Sun, as well as in Japanese art, tradition, and modernity, leaving the audience enthralled and electrified by the richness this culture has to offer.<\/p><p class=\"\">Finally, the gastronomy is the centerpiece of the Japan Matsuri, offering a highly varied view of Japanese culinary art, providing not only sushi and sashimi, but also many other delicious traditional dishes.<\/p>\t\t\t\t\t\t\t\t<\/div>\n\t\t\t\t<\/div>\n\t\t\t\t\t<\/div>\n\t\t\t\t<\/div>\n\t\t<div class=\"elementor-element elementor-element-f358f32 e-flex e-con-boxed e-con e-parent\" data-id=\"f358f32\" data-element_type=\"container\">\n\t\t\t\t\t<div class=\"e-con-inner\">\n\t\t\t\t<div class=\"elementor-element elementor-element-1d94221 elementor-widget elementor-widget-image\" data-id=\"1d94221\" data-element_type=\"widget\" data-widget_type=\"image.default\">\n\t\t\t\t<div class=\"elementor-widget-container\">\n\t\t\t\t\t\t\t\t\t\t\t\t\t\t\t<img decoding=\"async\" src=\"https:\/\/japanmatsuri.org\/wp-content\/uploads\/elementor\/thumbs\/JPM-2023-SABATO-apertura-rhtz1gihftubipz6vik4oent2uyj6xixh4o2vrd5sw.jpg\" title=\"JPM-2023-SABATO-apertura\" alt=\"JPM-2023-SABATO-apertura\" loading=\"lazy\" \/>\t\t\t\t\t\t\t\t\t\t\t\t\t\t\t<\/div>\n\t\t\t\t<\/div>\n\t\t\t\t\t<\/div>\n\t\t\t\t<\/div>\n\t\t<div class=\"elementor-element elementor-element-7fba93d e-flex e-con-boxed e-con e-parent\" data-id=\"7fba93d\" data-element_type=\"container\">\n\t\t\t\t\t<div class=\"e-con-inner\">\n\t\t\t\t<div class=\"elementor-element elementor-element-54a4c2d elementor-widget elementor-widget-heading\" data-id=\"54a4c2d\" data-element_type=\"widget\" data-widget_type=\"heading.default\">\n\t\t\t\t<div class=\"elementor-widget-container\">\n\t\t\t\t\t<h3 class=\"elementor-heading-title elementor-size-default\">No-profit Association Japan Matsuri<\/h3>\t\t\t\t<\/div>\n\t\t\t\t<\/div>\n\t\t\t\t<div class=\"elementor-element elementor-element-8449afd elementor-widget elementor-widget-text-editor\" data-id=\"8449afd\" data-element_type=\"widget\" data-widget_type=\"text-editor.default\">\n\t\t\t\t<div class=\"elementor-widget-container\">\n\t\t\t\t\t\t\t\t\t<p>The event is organized by the Japan Matsuri Association, made by young people who share a keen interest in the Japanese culture and who wish to give the visitors a chance to know more about the culture and disciplines related to this beautiful country.<\/p><p>In fact, the aim of this event is to present to the public this fascinating culture in an innovative, fun and dynamic way, and in a relaxed environment. For this purpose, during the two days of the event, there will be many different ways to discover and learn new aspects about the Japanese custom and to enjoy every aspect of it.<\/p><p>As a matter of fact, the public will be able to see some wonderful exhibitions, spend time in some educational spaces where children and adults will be able to participate in different activities, such as drawing manga, origami, Ikebana, bonsai art, shiatsu massage, martial arts, and much more!\nLast but not least, many artists, cultural figures and experts will hold conferences and perform on stage in amazing shows, giving to the visitors the chance to fully immerse in the beauty of Japan<\/p>\t\t\t\t\t\t\t\t<\/div>\n\t\t\t\t<\/div>\n\t\t\t\t\t<\/div>\n\t\t\t\t<\/div>\n\t\t<div class=\"elementor-element elementor-element-3569933 e-flex e-con-boxed e-con e-parent\" data-id=\"3569933\" data-element_type=\"container\">\n\t\t\t\t\t<div class=\"e-con-inner\">\n\t\t\t\t<div class=\"elementor-element elementor-element-8747dc7 elementor-widget elementor-widget-heading\" data-id=\"8747dc7\" data-element_type=\"widget\" data-widget_type=\"heading.default\">\n\t\t\t\t<div class=\"elementor-widget-container\">\n\t\t\t\t\t<h3 class=\"elementor-heading-title elementor-size-default\">Charity purpose<\/h3>\t\t\t\t<\/div>\n\t\t\t\t<\/div>\n\t\t\t\t<div class=\"elementor-element elementor-element-2d12e22 elementor-widget elementor-widget-text-editor\" data-id=\"2d12e22\" data-element_type=\"widget\" data-widget_type=\"text-editor.default\">\n\t\t\t\t<div class=\"elementor-widget-container\">\n\t\t\t\t\t\t\t\t\t<p>The purely cultural footprint is supported by a charitable vocation: as a matter of fact, the association was created in 2011, following the earthquake and tsunami that struck Japan on March 11th of the same year. The first edition of the event took place on April 2012, a year after the terrible catastrophe, in order to remember what happened and make visitors aware of the persistent seriousness of the situation. Once again, with part of the profit of the fair, Japan Matsuri supports the project \u201cSendai Rainbow House\u201d from the fundraising association ASHINAGA, that builds houses to host kids who lost their parents after the 3\/11 disaster.<\/p>\t\t\t\t\t\t\t\t<\/div>\n\t\t\t\t<\/div>\n\t\t\t\t\t<\/div>\n\t\t\t\t<\/div>\n\t\t\t\t<\/div>","protected":false},"excerpt":{"rendered":"<p>Chi Siamo Japan Matsuri \u00e8 il festival sulla cultura nipponica pi\u00f9 completo e vasto a livello nazionale, che d\u00e0 al pubblico la sensazione di essere proiettati in un mondo affascinante e lontano, tra tradizione e modernit\u00e0, che rappresenta il Giappone a 360\u00b0 Si tratta dell\u2019unico evento giapponese in Svizzera con un programma ad alto livello [&hellip;]<\/p>","protected":false},"author":1,"featured_media":0,"parent":0,"menu_order":0,"comment_status":"closed","ping_status":"closed","template":"","meta":{"footnotes":""},"class_list":["post-456","page","type-page","status-publish","hentry"],"yoast_head":"<!-- This site is optimized with the Yoast SEO plugin v25.4 - https:\/\/yoast.com\/wordpress\/plugins\/seo\/ -->\n<title>chi siamo - Japan Matsuri - Festival Giapponese Bellinzona<\/title>\n<meta name=\"robots\" content=\"index, follow, max-snippet:-1, max-image-preview:large, max-video-preview:-1\" \/>\n<link rel=\"canonical\" href=\"https:\/\/japanmatsuri.org\/en\/about-us\/\" \/>\n<meta property=\"og:locale\" content=\"en_GB\" \/>\n<meta property=\"og:type\" content=\"article\" \/>\n<meta property=\"og:title\" content=\"chi siamo - Japan Matsuri - Festival Giapponese Bellinzona\" \/>\n<meta property=\"og:description\" content=\"Chi Siamo Japan Matsuri \u00e8 il festival sulla cultura nipponica pi\u00f9 completo e vasto a livello nazionale, che d\u00e0 al pubblico la sensazione di essere proiettati in un mondo affascinante e lontano, tra tradizione e modernit\u00e0, che rappresenta il Giappone a 360\u00b0 Si tratta dell\u2019unico evento giapponese in Svizzera con un programma ad alto livello [&hellip;]\" \/>\n<meta property=\"og:url\" content=\"https:\/\/japanmatsuri.org\/en\/about-us\/\" \/>\n<meta property=\"og:site_name\" content=\"Japan Matsuri - Festival Giapponese Bellinzona\" \/>\n<meta property=\"article:modified_time\" content=\"2025-05-10T16:58:08+00:00\" \/>\n<meta property=\"og:image\" content=\"https:\/\/japanmatsuri.org\/wp-content\/uploads\/elementor\/thumbs\/JPM-2023-SABATO-apertura-r5m20psql53kr7lfni1f6f2sn6obvw25i227fsv5i8.jpg\" \/>\n<meta name=\"twitter:card\" content=\"summary_large_image\" \/>\n<meta name=\"twitter:label1\" content=\"Estimated reading time\" \/>\n\t<meta name=\"twitter:data1\" content=\"3 minutes\" \/>\n<script type=\"application\/ld+json\" class=\"yoast-schema-graph\">{\"@context\":\"https:\/\/schema.org\",\"@graph\":[{\"@type\":\"WebPage\",\"@id\":\"https:\/\/japanmatsuri.org\/it\/chi-siamo\/\",\"url\":\"https:\/\/japanmatsuri.org\/it\/chi-siamo\/\",\"name\":\"chi siamo - Japan Matsuri - Festival Giapponese Bellinzona\",\"isPartOf\":{\"@id\":\"https:\/\/japanmatsuri.org\/#website\"},\"primaryImageOfPage\":{\"@id\":\"https:\/\/japanmatsuri.org\/it\/chi-siamo\/#primaryimage\"},\"image\":{\"@id\":\"https:\/\/japanmatsuri.org\/it\/chi-siamo\/#primaryimage\"},\"thumbnailUrl\":\"https:\/\/japanmatsuri.org\/wp-content\/uploads\/elementor\/thumbs\/JPM-2023-SABATO-apertura-r5m20psql53kr7lfni1f6f2sn6obvw25i227fsv5i8.jpg\",\"datePublished\":\"2025-05-10T16:57:37+00:00\",\"dateModified\":\"2025-05-10T16:58:08+00:00\",\"breadcrumb\":{\"@id\":\"https:\/\/japanmatsuri.org\/it\/chi-siamo\/#breadcrumb\"},\"inLanguage\":\"en-GB\",\"potentialAction\":[{\"@type\":\"ReadAction\",\"target\":[\"https:\/\/japanmatsuri.org\/it\/chi-siamo\/\"]}]},{\"@type\":\"ImageObject\",\"inLanguage\":\"en-GB\",\"@id\":\"https:\/\/japanmatsuri.org\/it\/chi-siamo\/#primaryimage\",\"url\":\"https:\/\/japanmatsuri.org\/wp-content\/uploads\/elementor\/thumbs\/JPM-2023-SABATO-apertura-r5m20psql53kr7lfni1f6f2sn6obvw25i227fsv5i8.jpg\",\"contentUrl\":\"https:\/\/japanmatsuri.org\/wp-content\/uploads\/elementor\/thumbs\/JPM-2023-SABATO-apertura-r5m20psql53kr7lfni1f6f2sn6obvw25i227fsv5i8.jpg\"},{\"@type\":\"BreadcrumbList\",\"@id\":\"https:\/\/japanmatsuri.org\/it\/chi-siamo\/#breadcrumb\",\"itemListElement\":[{\"@type\":\"ListItem\",\"position\":1,\"name\":\"Home\",\"item\":\"https:\/\/japanmatsuri.org\/it\/\"},{\"@type\":\"ListItem\",\"position\":2,\"name\":\"chi siamo\"}]},{\"@type\":\"WebSite\",\"@id\":\"https:\/\/japanmatsuri.org\/#website\",\"url\":\"https:\/\/japanmatsuri.org\/\",\"name\":\"Japan Matsuri - Festival Giapponese Bellinzona\",\"description\":\"Festival Giapponese Bellinzona\",\"potentialAction\":[{\"@type\":\"SearchAction\",\"target\":{\"@type\":\"EntryPoint\",\"urlTemplate\":\"https:\/\/japanmatsuri.org\/?s={search_term_string}\"},\"query-input\":{\"@type\":\"PropertyValueSpecification\",\"valueRequired\":true,\"valueName\":\"search_term_string\"}}],\"inLanguage\":\"en-GB\"}]}<\/script>\n<!-- \/ Yoast SEO plugin. -->","yoast_head_json":{"title":"chi siamo - Japan Matsuri - Festival Giapponese Bellinzona","robots":{"index":"index","follow":"follow","max-snippet":"max-snippet:-1","max-image-preview":"max-image-preview:large","max-video-preview":"max-video-preview:-1"},"canonical":"https:\/\/japanmatsuri.org\/en\/about-us\/","og_locale":"en_GB","og_type":"article","og_title":"chi siamo - Japan Matsuri - Festival Giapponese Bellinzona","og_description":"Chi Siamo Japan Matsuri \u00e8 il festival sulla cultura nipponica pi\u00f9 completo e vasto a livello nazionale, che d\u00e0 al pubblico la sensazione di essere proiettati in un mondo affascinante e lontano, tra tradizione e modernit\u00e0, che rappresenta il Giappone a 360\u00b0 Si tratta dell\u2019unico evento giapponese in Svizzera con un programma ad alto livello [&hellip;]","og_url":"https:\/\/japanmatsuri.org\/en\/about-us\/","og_site_name":"Japan Matsuri - Festival Giapponese Bellinzona","article_modified_time":"2025-05-10T16:58:08+00:00","og_image":[{"url":"https:\/\/japanmatsuri.org\/wp-content\/uploads\/elementor\/thumbs\/JPM-2023-SABATO-apertura-r5m20psql53kr7lfni1f6f2sn6obvw25i227fsv5i8.jpg","type":"","width":"","height":""}],"twitter_card":"summary_large_image","twitter_misc":{"Estimated reading time":"3 minutes"},"schema":{"@context":"https:\/\/schema.org","@graph":[{"@type":"WebPage","@id":"https:\/\/japanmatsuri.org\/it\/chi-siamo\/","url":"https:\/\/japanmatsuri.org\/it\/chi-siamo\/","name":"chi siamo - Japan Matsuri - Festival Giapponese Bellinzona","isPartOf":{"@id":"https:\/\/japanmatsuri.org\/#website"},"primaryImageOfPage":{"@id":"https:\/\/japanmatsuri.org\/it\/chi-siamo\/#primaryimage"},"image":{"@id":"https:\/\/japanmatsuri.org\/it\/chi-siamo\/#primaryimage"},"thumbnailUrl":"https:\/\/japanmatsuri.org\/wp-content\/uploads\/elementor\/thumbs\/JPM-2023-SABATO-apertura-r5m20psql53kr7lfni1f6f2sn6obvw25i227fsv5i8.jpg","datePublished":"2025-05-10T16:57:37+00:00","dateModified":"2025-05-10T16:58:08+00:00","breadcrumb":{"@id":"https:\/\/japanmatsuri.org\/it\/chi-siamo\/#breadcrumb"},"inLanguage":"en-GB","potentialAction":[{"@type":"ReadAction","target":["https:\/\/japanmatsuri.org\/it\/chi-siamo\/"]}]},{"@type":"ImageObject","inLanguage":"en-GB","@id":"https:\/\/japanmatsuri.org\/it\/chi-siamo\/#primaryimage","url":"https:\/\/japanmatsuri.org\/wp-content\/uploads\/elementor\/thumbs\/JPM-2023-SABATO-apertura-r5m20psql53kr7lfni1f6f2sn6obvw25i227fsv5i8.jpg","contentUrl":"https:\/\/japanmatsuri.org\/wp-content\/uploads\/elementor\/thumbs\/JPM-2023-SABATO-apertura-r5m20psql53kr7lfni1f6f2sn6obvw25i227fsv5i8.jpg"},{"@type":"BreadcrumbList","@id":"https:\/\/japanmatsuri.org\/it\/chi-siamo\/#breadcrumb","itemListElement":[{"@type":"ListItem","position":1,"name":"Home","item":"https:\/\/japanmatsuri.org\/it\/"},{"@type":"ListItem","position":2,"name":"chi siamo"}]},{"@type":"WebSite","@id":"https:\/\/japanmatsuri.org\/#website","url":"https:\/\/japanmatsuri.org\/","name":"Japan Matsuri - Festival Giapponese Bellinzona","description":"Festival Giapponese Bellinzona","potentialAction":[{"@type":"SearchAction","target":{"@type":"EntryPoint","urlTemplate":"https:\/\/japanmatsuri.org\/?s={search_term_string}"},"query-input":{"@type":"PropertyValueSpecification","valueRequired":true,"valueName":"search_term_string"}}],"inLanguage":"en-GB"}]}},"_links":{"self":[{"href":"https:\/\/japanmatsuri.org\/en\/wp-json\/wp\/v2\/pages\/456","targetHints":{"allow":["GET"]}}],"collection":[{"href":"https:\/\/japanmatsuri.org\/en\/wp-json\/wp\/v2\/pages"}],"about":[{"href":"https:\/\/japanmatsuri.org\/en\/wp-json\/wp\/v2\/types\/page"}],"author":[{"embeddable":true,"href":"https:\/\/japanmatsuri.org\/en\/wp-json\/wp\/v2\/users\/1"}],"replies":[{"embeddable":true,"href":"https:\/\/japanmatsuri.org\/en\/wp-json\/wp\/v2\/comments?post=456"}],"version-history":[{"count":4,"href":"https:\/\/japanmatsuri.org\/en\/wp-json\/wp\/v2\/pages\/456\/revisions"}],"predecessor-version":[{"id":463,"href":"https:\/\/japanmatsuri.org\/en\/wp-json\/wp\/v2\/pages\/456\/revisions\/463"}],"wp:attachment":[{"href":"https:\/\/japanmatsuri.org\/en\/wp-json\/wp\/v2\/media?parent=456"}],"curies":[{"name":"wp","href":"https:\/\/api.w.org\/{rel}","templated":true}]}}