{"id":849,"date":"2025-06-22T15:28:15","date_gmt":"2025-06-22T14:28:15","guid":{"rendered":"https:\/\/japanmatsuri.org\/it\/?page_id=849"},"modified":"2025-06-23T17:55:46","modified_gmt":"2025-06-23T16:55:46","slug":"tea-tasting","status":"publish","type":"page","link":"https:\/\/japanmatsuri.org\/en\/tea-tasting\/","title":{"rendered":"degustazione te"},"content":{"rendered":"<div data-elementor-type=\"wp-page\" data-elementor-id=\"849\" class=\"elementor elementor-849\" data-elementor-post-type=\"page\">\n\t\t\t\t<div class=\"elementor-element elementor-element-2233f050 e-flex e-con-boxed e-con e-parent\" data-id=\"2233f050\" data-element_type=\"container\">\n\t\t\t\t\t<div class=\"e-con-inner\">\n\t\t\t\t<div class=\"elementor-element elementor-element-4de5f6a8 elementor-widget elementor-widget-heading\" data-id=\"4de5f6a8\" data-element_type=\"widget\" data-widget_type=\"heading.default\">\n\t\t\t\t<div class=\"elementor-widget-container\">\n\t\t\t\t\t<h1 class=\"elementor-heading-title elementor-size-default\">Japanese Tea Tasting<\/h1>\t\t\t\t<\/div>\n\t\t\t\t<\/div>\n\t\t\t\t\t<\/div>\n\t\t\t\t<\/div>\n\t\t<div class=\"elementor-element elementor-element-07854ec e-flex e-con-boxed e-con e-parent\" data-id=\"07854ec\" data-element_type=\"container\">\n\t\t\t\t\t<div class=\"e-con-inner\">\n\t\t\t\t<div class=\"elementor-element elementor-element-6de0415 elementor-widget elementor-widget-image\" data-id=\"6de0415\" data-element_type=\"widget\" data-widget_type=\"image.default\">\n\t\t\t\t<div class=\"elementor-widget-container\">\n\t\t\t\t\t\t\t\t\t\t\t\t\t\t\t<img fetchpriority=\"high\" decoding=\"async\" width=\"1750\" height=\"700\" src=\"https:\/\/japanmatsuri.org\/wp-content\/uploads\/2025\/06\/9.png\" class=\"attachment-full size-full wp-image-851\" alt=\"\" srcset=\"https:\/\/japanmatsuri.org\/wp-content\/uploads\/2025\/06\/9.png 1750w, https:\/\/japanmatsuri.org\/wp-content\/uploads\/2025\/06\/9-300x120.png 300w, https:\/\/japanmatsuri.org\/wp-content\/uploads\/2025\/06\/9-1024x410.png 1024w, https:\/\/japanmatsuri.org\/wp-content\/uploads\/2025\/06\/9-768x307.png 768w, https:\/\/japanmatsuri.org\/wp-content\/uploads\/2025\/06\/9-1536x614.png 1536w, https:\/\/japanmatsuri.org\/wp-content\/uploads\/2025\/06\/9-18x7.png 18w\" sizes=\"(max-width: 1750px) 100vw, 1750px\" \/>\t\t\t\t\t\t\t\t\t\t\t\t\t\t\t<\/div>\n\t\t\t\t<\/div>\n\t\t\t\t\t<\/div>\n\t\t\t\t<\/div>\n\t\t<div class=\"elementor-element elementor-element-03f21d8 e-flex e-con-boxed e-con e-parent\" data-id=\"03f21d8\" data-element_type=\"container\">\n\t\t\t\t\t<div class=\"e-con-inner\">\n\t\t\t\t\t<\/div>\n\t\t\t\t<\/div>\n\t\t<div class=\"elementor-element elementor-element-adafa5f e-flex e-con-boxed e-con e-parent\" data-id=\"adafa5f\" data-element_type=\"container\">\n\t\t\t\t\t<div class=\"e-con-inner\">\n\t\t\t\t<div class=\"elementor-element elementor-element-2efde79 elementor-widget elementor-widget-text-editor\" data-id=\"2efde79\" data-element_type=\"widget\" data-widget_type=\"text-editor.default\">\n\t\t\t\t<div class=\"elementor-widget-container\">\n\t\t\t\t\t\t\t\t\t<p>A sensory journey through the refined nuances of Japanese tea, led by tea sommelier Kenzo Terada, originally from Shizuoka, one of Japan\u2019s most renowned tea-producing regions.<\/p><p>During this workshop, you'll discover the ancient culture of Japanese tea, learn preparation techniques, and taste a selection of high-quality teas sourced directly from Japan. A unique opportunity to experience the art of tea tasting and appreciate the subtle characteristics of each infusion.<\/p>\t\t\t\t\t\t\t\t<\/div>\n\t\t\t\t<\/div>\n\t\t\t\t\t<\/div>\n\t\t\t\t<\/div>\n\t\t<div class=\"elementor-element elementor-element-b184b7e e-flex e-con-boxed e-con e-parent\" data-id=\"b184b7e\" data-element_type=\"container\">\n\t\t\t\t\t<div class=\"e-con-inner\">\n\t\t\t\t\t<\/div>\n\t\t\t\t<\/div>\n\t\t<div class=\"elementor-element elementor-element-70fe242c e-flex e-con-boxed e-con e-parent\" data-id=\"70fe242c\" data-element_type=\"container\">\n\t\t\t\t\t<div class=\"e-con-inner\">\n\t\t<div class=\"elementor-element elementor-element-7b5a3b9 e-con-full e-flex e-con e-child\" data-id=\"7b5a3b9\" data-element_type=\"container\">\n\t\t\t\t<div class=\"elementor-element elementor-element-91dfddd elementor-widget elementor-widget-text-editor\" data-id=\"91dfddd\" data-element_type=\"widget\" data-widget_type=\"text-editor.default\">\n\t\t\t\t<div class=\"elementor-widget-container\">\n\t\t\t\t\t\t\t\t\t<p class=\"translation-block\"><b>Date<\/b>: Sunday, September 21, 2025<br>\n<b>Time<\/b>: 1:30 PM \u2013 2:30 PM<br>\n<b>Location<\/b>: Room 2<br>\n<b>Participants<\/b>: maximum 20<br>\n<b>Fee<\/b>: free of charge<\/p><p class=\"translation-block\"><b>Language:<\/b> Italian, Japanese<\/p>\t\t\t\t\t\t\t\t<\/div>\n\t\t\t\t<\/div>\n\t\t\t\t<\/div>\n\t\t<div class=\"elementor-element elementor-element-5438981 e-con-full e-flex e-con e-child\" data-id=\"5438981\" data-element_type=\"container\">\n\t\t\t\t<div class=\"elementor-element elementor-element-5c8f9a2 elementor-widget-mobile__width-initial elementor-widget elementor-widget-button\" data-id=\"5c8f9a2\" data-element_type=\"widget\" data-widget_type=\"button.default\">\n\t\t\t\t<div class=\"elementor-widget-container\">\n\t\t\t\t\t\t\t\t\t<div class=\"elementor-button-wrapper\">\n\t\t\t\t\t<a class=\"elementor-button elementor-button-link elementor-size-sm\" href=\"https:\/\/www.ticketino.com\/en\/event\/japan-matsuri-corsi\/205136\" target=\"_blank\">\n\t\t\t\t\t\t<span class=\"elementor-button-content-wrapper\">\n\t\t\t\t\t\t\t\t\t<span class=\"elementor-button-text\">SIGN UP<\/span>\n\t\t\t\t\t<\/span>\n\t\t\t\t\t<\/a>\n\t\t\t\t<\/div>\n\t\t\t\t\t\t\t\t<\/div>\n\t\t\t\t<\/div>\n\t\t\t\t<div class=\"elementor-element elementor-element-1402b36 elementor-widget elementor-widget-button\" data-id=\"1402b36\" data-element_type=\"widget\" data-widget_type=\"button.default\">\n\t\t\t\t<div class=\"elementor-widget-container\">\n\t\t\t\t\t\t\t\t\t<div class=\"elementor-button-wrapper\">\n\t\t\t\t\t<a class=\"elementor-button elementor-button-link elementor-size-sm\" href=\"https:\/\/japanmatsuri.org\/en\/rules\/\" target=\"_blank\">\n\t\t\t\t\t\t<span class=\"elementor-button-content-wrapper\">\n\t\t\t\t\t\t\t\t\t<span class=\"elementor-button-text\">RULES<\/span>\n\t\t\t\t\t<\/span>\n\t\t\t\t\t<\/a>\n\t\t\t\t<\/div>\n\t\t\t\t\t\t\t\t<\/div>\n\t\t\t\t<\/div>\n\t\t\t\t<\/div>\n\t\t\t\t\t<\/div>\n\t\t\t\t<\/div>\n\t\t<div class=\"elementor-element elementor-element-e1ab529 e-flex e-con-boxed e-con e-parent\" data-id=\"e1ab529\" data-element_type=\"container\">\n\t\t\t\t\t<div class=\"e-con-inner\">\n\t\t\t\t\t<\/div>\n\t\t\t\t<\/div>\n\t\t<div class=\"elementor-element elementor-element-8c2a90c e-flex e-con-boxed e-con e-parent\" data-id=\"8c2a90c\" data-element_type=\"container\">\n\t\t\t\t\t<div class=\"e-con-inner\">\n\t\t\t\t<div class=\"elementor-element elementor-element-c2bb98c elementor-widget elementor-widget-text-editor\" data-id=\"c2bb98c\" data-element_type=\"widget\" data-widget_type=\"text-editor.default\">\n\t\t\t\t<div class=\"elementor-widget-container\">\n\t\t\t\t\t\t\t\t\t<p><i>To access the workshop area, you will need to wear the wristband provided at the festival entrance. To make entry easier, we recommend purchasing your festival ticket online. For people with disabilities or reduced mobility, please contact us in advance via email at info@japanmatsuri.org so we can arrange stress-free access.<\/i><\/p>\t\t\t\t\t\t\t\t<\/div>\n\t\t\t\t<\/div>\n\t\t\t\t\t<\/div>\n\t\t\t\t<\/div>\n\t\t\t\t<\/div>","protected":false},"excerpt":{"rendered":"<p>Degustazione del T\u00e8 Giapponese Un viaggio sensoriale tra le raffinate note del t\u00e8 giapponese, guidati da Kenzo Terada, sommelier del t\u00e8 originario della rinomata regione di Shizuoka, culla di alcune tra le variet\u00e0 pi\u00f9 pregiate del Giappone. Durante il workshop avrai l\u2019opportunit\u00e0 di scoprire la cultura millenaria del t\u00e8 giapponese, approfondire le tecniche di preparazione [&hellip;]<\/p>","protected":false},"author":1,"featured_media":0,"parent":0,"menu_order":0,"comment_status":"closed","ping_status":"closed","template":"","meta":{"footnotes":""},"class_list":["post-849","page","type-page","status-publish","hentry"],"yoast_head":"<!-- This site is optimized with the Yoast SEO plugin v25.4 - https:\/\/yoast.com\/wordpress\/plugins\/seo\/ -->\n<title>degustazione te - Japan Matsuri - Festival Giapponese Bellinzona<\/title>\n<meta name=\"robots\" content=\"index, follow, max-snippet:-1, max-image-preview:large, max-video-preview:-1\" \/>\n<link rel=\"canonical\" href=\"https:\/\/japanmatsuri.org\/en\/tea-tasting\/\" \/>\n<meta property=\"og:locale\" content=\"en_GB\" \/>\n<meta property=\"og:type\" content=\"article\" \/>\n<meta property=\"og:title\" content=\"degustazione te - Japan Matsuri - Festival Giapponese Bellinzona\" \/>\n<meta property=\"og:description\" content=\"Degustazione del T\u00e8 Giapponese Un viaggio sensoriale tra le raffinate note del t\u00e8 giapponese, guidati da Kenzo Terada, sommelier del t\u00e8 originario della rinomata regione di Shizuoka, culla di alcune tra le variet\u00e0 pi\u00f9 pregiate del Giappone. Durante il workshop avrai l\u2019opportunit\u00e0 di scoprire la cultura millenaria del t\u00e8 giapponese, approfondire le tecniche di preparazione [&hellip;]\" \/>\n<meta property=\"og:url\" content=\"https:\/\/japanmatsuri.org\/en\/tea-tasting\/\" \/>\n<meta property=\"og:site_name\" content=\"Japan Matsuri - Festival Giapponese Bellinzona\" \/>\n<meta property=\"article:modified_time\" content=\"2025-06-23T16:55:46+00:00\" \/>\n<meta property=\"og:image\" content=\"https:\/\/japanmatsuri.org\/wp-content\/uploads\/2025\/06\/9.png\" \/>\n\t<meta property=\"og:image:width\" content=\"1750\" \/>\n\t<meta property=\"og:image:height\" content=\"700\" \/>\n\t<meta property=\"og:image:type\" content=\"image\/png\" \/>\n<meta name=\"twitter:card\" content=\"summary_large_image\" \/>\n<meta name=\"twitter:label1\" content=\"Estimated reading time\" \/>\n\t<meta name=\"twitter:data1\" content=\"1 minute\" \/>\n<script type=\"application\/ld+json\" class=\"yoast-schema-graph\">{\"@context\":\"https:\/\/schema.org\",\"@graph\":[{\"@type\":\"WebPage\",\"@id\":\"https:\/\/japanmatsuri.org\/it\/degustazione-te\/\",\"url\":\"https:\/\/japanmatsuri.org\/it\/degustazione-te\/\",\"name\":\"degustazione te - Japan Matsuri - Festival Giapponese Bellinzona\",\"isPartOf\":{\"@id\":\"https:\/\/japanmatsuri.org\/#website\"},\"primaryImageOfPage\":{\"@id\":\"https:\/\/japanmatsuri.org\/it\/degustazione-te\/#primaryimage\"},\"image\":{\"@id\":\"https:\/\/japanmatsuri.org\/it\/degustazione-te\/#primaryimage\"},\"thumbnailUrl\":\"https:\/\/japanmatsuri.org\/wp-content\/uploads\/2025\/06\/9.png\",\"datePublished\":\"2025-06-22T14:28:15+00:00\",\"dateModified\":\"2025-06-23T16:55:46+00:00\",\"breadcrumb\":{\"@id\":\"https:\/\/japanmatsuri.org\/it\/degustazione-te\/#breadcrumb\"},\"inLanguage\":\"en-GB\",\"potentialAction\":[{\"@type\":\"ReadAction\",\"target\":[\"https:\/\/japanmatsuri.org\/it\/degustazione-te\/\"]}]},{\"@type\":\"ImageObject\",\"inLanguage\":\"en-GB\",\"@id\":\"https:\/\/japanmatsuri.org\/it\/degustazione-te\/#primaryimage\",\"url\":\"https:\/\/japanmatsuri.org\/wp-content\/uploads\/2025\/06\/9.png\",\"contentUrl\":\"https:\/\/japanmatsuri.org\/wp-content\/uploads\/2025\/06\/9.png\"},{\"@type\":\"BreadcrumbList\",\"@id\":\"https:\/\/japanmatsuri.org\/it\/degustazione-te\/#breadcrumb\",\"itemListElement\":[{\"@type\":\"ListItem\",\"position\":1,\"name\":\"Home\",\"item\":\"https:\/\/japanmatsuri.org\/it\/\"},{\"@type\":\"ListItem\",\"position\":2,\"name\":\"degustazione te\"}]},{\"@type\":\"WebSite\",\"@id\":\"https:\/\/japanmatsuri.org\/#website\",\"url\":\"https:\/\/japanmatsuri.org\/\",\"name\":\"Japan Matsuri - Festival Giapponese Bellinzona\",\"description\":\"Festival Giapponese Bellinzona\",\"potentialAction\":[{\"@type\":\"SearchAction\",\"target\":{\"@type\":\"EntryPoint\",\"urlTemplate\":\"https:\/\/japanmatsuri.org\/?s={search_term_string}\"},\"query-input\":{\"@type\":\"PropertyValueSpecification\",\"valueRequired\":true,\"valueName\":\"search_term_string\"}}],\"inLanguage\":\"en-GB\"}]}<\/script>\n<!-- \/ Yoast SEO plugin. -->","yoast_head_json":{"title":"degustazione te - Japan Matsuri - Festival Giapponese Bellinzona","robots":{"index":"index","follow":"follow","max-snippet":"max-snippet:-1","max-image-preview":"max-image-preview:large","max-video-preview":"max-video-preview:-1"},"canonical":"https:\/\/japanmatsuri.org\/en\/tea-tasting\/","og_locale":"en_GB","og_type":"article","og_title":"degustazione te - Japan Matsuri - Festival Giapponese Bellinzona","og_description":"Degustazione del T\u00e8 Giapponese Un viaggio sensoriale tra le raffinate note del t\u00e8 giapponese, guidati da Kenzo Terada, sommelier del t\u00e8 originario della rinomata regione di Shizuoka, culla di alcune tra le variet\u00e0 pi\u00f9 pregiate del Giappone. Durante il workshop avrai l\u2019opportunit\u00e0 di scoprire la cultura millenaria del t\u00e8 giapponese, approfondire le tecniche di preparazione [&hellip;]","og_url":"https:\/\/japanmatsuri.org\/en\/tea-tasting\/","og_site_name":"Japan Matsuri - Festival Giapponese Bellinzona","article_modified_time":"2025-06-23T16:55:46+00:00","og_image":[{"width":1750,"height":700,"url":"https:\/\/japanmatsuri.org\/wp-content\/uploads\/2025\/06\/9.png","type":"image\/png"}],"twitter_card":"summary_large_image","twitter_misc":{"Estimated reading time":"1 minute"},"schema":{"@context":"https:\/\/schema.org","@graph":[{"@type":"WebPage","@id":"https:\/\/japanmatsuri.org\/it\/degustazione-te\/","url":"https:\/\/japanmatsuri.org\/it\/degustazione-te\/","name":"degustazione te - Japan Matsuri - Festival Giapponese Bellinzona","isPartOf":{"@id":"https:\/\/japanmatsuri.org\/#website"},"primaryImageOfPage":{"@id":"https:\/\/japanmatsuri.org\/it\/degustazione-te\/#primaryimage"},"image":{"@id":"https:\/\/japanmatsuri.org\/it\/degustazione-te\/#primaryimage"},"thumbnailUrl":"https:\/\/japanmatsuri.org\/wp-content\/uploads\/2025\/06\/9.png","datePublished":"2025-06-22T14:28:15+00:00","dateModified":"2025-06-23T16:55:46+00:00","breadcrumb":{"@id":"https:\/\/japanmatsuri.org\/it\/degustazione-te\/#breadcrumb"},"inLanguage":"en-GB","potentialAction":[{"@type":"ReadAction","target":["https:\/\/japanmatsuri.org\/it\/degustazione-te\/"]}]},{"@type":"ImageObject","inLanguage":"en-GB","@id":"https:\/\/japanmatsuri.org\/it\/degustazione-te\/#primaryimage","url":"https:\/\/japanmatsuri.org\/wp-content\/uploads\/2025\/06\/9.png","contentUrl":"https:\/\/japanmatsuri.org\/wp-content\/uploads\/2025\/06\/9.png"},{"@type":"BreadcrumbList","@id":"https:\/\/japanmatsuri.org\/it\/degustazione-te\/#breadcrumb","itemListElement":[{"@type":"ListItem","position":1,"name":"Home","item":"https:\/\/japanmatsuri.org\/it\/"},{"@type":"ListItem","position":2,"name":"degustazione te"}]},{"@type":"WebSite","@id":"https:\/\/japanmatsuri.org\/#website","url":"https:\/\/japanmatsuri.org\/","name":"Japan Matsuri - Festival Giapponese Bellinzona","description":"Festival Giapponese Bellinzona","potentialAction":[{"@type":"SearchAction","target":{"@type":"EntryPoint","urlTemplate":"https:\/\/japanmatsuri.org\/?s={search_term_string}"},"query-input":{"@type":"PropertyValueSpecification","valueRequired":true,"valueName":"search_term_string"}}],"inLanguage":"en-GB"}]}},"_links":{"self":[{"href":"https:\/\/japanmatsuri.org\/en\/wp-json\/wp\/v2\/pages\/849","targetHints":{"allow":["GET"]}}],"collection":[{"href":"https:\/\/japanmatsuri.org\/en\/wp-json\/wp\/v2\/pages"}],"about":[{"href":"https:\/\/japanmatsuri.org\/en\/wp-json\/wp\/v2\/types\/page"}],"author":[{"embeddable":true,"href":"https:\/\/japanmatsuri.org\/en\/wp-json\/wp\/v2\/users\/1"}],"replies":[{"embeddable":true,"href":"https:\/\/japanmatsuri.org\/en\/wp-json\/wp\/v2\/comments?post=849"}],"version-history":[{"count":10,"href":"https:\/\/japanmatsuri.org\/en\/wp-json\/wp\/v2\/pages\/849\/revisions"}],"predecessor-version":[{"id":1091,"href":"https:\/\/japanmatsuri.org\/en\/wp-json\/wp\/v2\/pages\/849\/revisions\/1091"}],"wp:attachment":[{"href":"https:\/\/japanmatsuri.org\/en\/wp-json\/wp\/v2\/media?parent=849"}],"curies":[{"name":"wp","href":"https:\/\/api.w.org\/{rel}","templated":true}]}}