{"id":914,"date":"2025-06-22T17:15:47","date_gmt":"2025-06-22T16:15:47","guid":{"rendered":"https:\/\/japanmatsuri.org\/it\/?page_id=914"},"modified":"2025-06-22T17:35:19","modified_gmt":"2025-06-22T16:35:19","slug":"sushi-masterclass","status":"publish","type":"page","link":"https:\/\/japanmatsuri.org\/en\/sushi-masterclass\/","title":{"rendered":"Sushi Masterclass"},"content":{"rendered":"<div data-elementor-type=\"wp-page\" data-elementor-id=\"914\" class=\"elementor elementor-914\" data-elementor-post-type=\"page\">\n\t\t\t\t<div class=\"elementor-element elementor-element-327b48ee e-flex e-con-boxed e-con e-parent\" data-id=\"327b48ee\" data-element_type=\"container\">\n\t\t\t\t\t<div class=\"e-con-inner\">\n\t\t\t\t<div class=\"elementor-element elementor-element-3198481b elementor-widget elementor-widget-heading\" data-id=\"3198481b\" data-element_type=\"widget\" data-widget_type=\"heading.default\">\n\t\t\t\t<div class=\"elementor-widget-container\">\n\t\t\t\t\t<h1 class=\"elementor-heading-title elementor-size-default\">Sushi Masterclass<\/h1>\t\t\t\t<\/div>\n\t\t\t\t<\/div>\n\t\t\t\t<div class=\"elementor-element elementor-element-514bfaf elementor-widget elementor-widget-heading\" data-id=\"514bfaf\" data-element_type=\"widget\" data-widget_type=\"heading.default\">\n\t\t\t\t<div class=\"elementor-widget-container\">\n\t\t\t\t\t<h4 class=\"elementor-heading-title elementor-size-default\">Nigiri, Hosomaki, and Uramaki with Philippe K\u00e4mpf<\/h4>\t\t\t\t<\/div>\n\t\t\t\t<\/div>\n\t\t\t\t\t<\/div>\n\t\t\t\t<\/div>\n\t\t<div class=\"elementor-element elementor-element-3cc2ff39 e-flex e-con-boxed e-con e-parent\" data-id=\"3cc2ff39\" data-element_type=\"container\">\n\t\t\t\t\t<div class=\"e-con-inner\">\n\t\t\t\t<div class=\"elementor-element elementor-element-de3e142 elementor-widget elementor-widget-image\" data-id=\"de3e142\" data-element_type=\"widget\" data-widget_type=\"image.default\">\n\t\t\t\t<div class=\"elementor-widget-container\">\n\t\t\t\t\t\t\t\t\t\t\t\t\t\t\t<img fetchpriority=\"high\" decoding=\"async\" width=\"1750\" height=\"700\" src=\"https:\/\/japanmatsuri.org\/wp-content\/uploads\/2025\/06\/11.png\" class=\"attachment-full size-full wp-image-916\" alt=\"\" srcset=\"https:\/\/japanmatsuri.org\/wp-content\/uploads\/2025\/06\/11.png 1750w, https:\/\/japanmatsuri.org\/wp-content\/uploads\/2025\/06\/11-300x120.png 300w, https:\/\/japanmatsuri.org\/wp-content\/uploads\/2025\/06\/11-1024x410.png 1024w, https:\/\/japanmatsuri.org\/wp-content\/uploads\/2025\/06\/11-768x307.png 768w, https:\/\/japanmatsuri.org\/wp-content\/uploads\/2025\/06\/11-1536x614.png 1536w, https:\/\/japanmatsuri.org\/wp-content\/uploads\/2025\/06\/11-18x7.png 18w\" sizes=\"(max-width: 1750px) 100vw, 1750px\" \/>\t\t\t\t\t\t\t\t\t\t\t\t\t\t\t<\/div>\n\t\t\t\t<\/div>\n\t\t\t\t\t<\/div>\n\t\t\t\t<\/div>\n\t\t<div class=\"elementor-element elementor-element-c1c68a6 e-flex e-con-boxed e-con e-parent\" data-id=\"c1c68a6\" data-element_type=\"container\">\n\t\t\t\t\t<div class=\"e-con-inner\">\n\t\t\t\t\t<\/div>\n\t\t\t\t<\/div>\n\t\t<div class=\"elementor-element elementor-element-4d96518 e-flex e-con-boxed e-con e-parent\" data-id=\"4d96518\" data-element_type=\"container\">\n\t\t\t\t\t<div class=\"e-con-inner\">\n\t\t\t\t<div class=\"elementor-element elementor-element-f2e4dea elementor-widget elementor-widget-text-editor\" data-id=\"f2e4dea\" data-element_type=\"widget\" data-widget_type=\"text-editor.default\">\n\t\t\t\t<div class=\"elementor-widget-container\">\n\t\t\t\t\t\t\t\t\t<p>Join us for another unmissable sushi workshop! This hands-on session will guide you through the preparation of three classic sushi types: Nigiri, Hosomaki, and Uramaki. Learn tricks and techniques to easily recreate these dishes at home, and discover how to enjoy sushi more sustainably.<\/p>\t\t\t\t\t\t\t\t<\/div>\n\t\t\t\t<\/div>\n\t\t\t\t<div class=\"elementor-element elementor-element-4385f0a elementor-widget elementor-widget-text-editor\" data-id=\"4385f0a\" data-element_type=\"widget\" data-widget_type=\"text-editor.default\">\n\t\t\t\t<div class=\"elementor-widget-container\">\n\t\t\t\t\t\t\t\t\t<p><b><b>What You\u2019ll Do:<\/b><\/b><\/p><ul><li aria-level=\"1\" class=\"translation-block\"><b>Sushi Preparation:<\/b> Follow step-by-step instructions to create Nigiri, Hosomaki, and Uramaki.<\/li><li aria-level=\"1\" class=\"translation-block\"><b>Educational Component:<\/b> Learn where sushi fish comes from and how to make sustainable choices to stay \"healthy as a fish.\"<\/li><\/ul><p>\u00a0<\/p><p><b><b>Included in the Course:<\/b><\/b><\/p><ul><li aria-level=\"1\" class=\"translation-block\"><b>Lunch:<\/b> Enjoy the dishes prepared during the course.<\/li><\/ul><p><b><br \/>n.b<\/b><b>Note:<\/b> If there is leftover food, you can take it home. We recommend bringing your own containers.<\/p>\t\t\t\t\t\t\t\t<\/div>\n\t\t\t\t<\/div>\n\t\t\t\t\t<\/div>\n\t\t\t\t<\/div>\n\t\t<div class=\"elementor-element elementor-element-8e62462 e-flex e-con-boxed e-con e-parent\" data-id=\"8e62462\" data-element_type=\"container\">\n\t\t\t\t\t<div class=\"e-con-inner\">\n\t\t\t\t\t<\/div>\n\t\t\t\t<\/div>\n\t\t<div class=\"elementor-element elementor-element-572e89a e-flex e-con-boxed e-con e-parent\" data-id=\"572e89a\" data-element_type=\"container\">\n\t\t\t\t\t<div class=\"e-con-inner\">\n\t\t<div class=\"elementor-element elementor-element-0b54221 e-con-full e-flex e-con e-child\" data-id=\"0b54221\" data-element_type=\"container\">\n\t\t\t\t<div class=\"elementor-element elementor-element-89c1452 elementor-widget elementor-widget-text-editor\" data-id=\"89c1452\" data-element_type=\"widget\" data-widget_type=\"text-editor.default\">\n\t\t\t\t<div class=\"elementor-widget-container\">\n\t\t\t\t\t\t\t\t\t<p class=\"translation-block\"><b>Instructor:<\/b> Philippe K\u00e4mpf<br>\n<b>Date and Time<\/b>: Saturday, September 20, from 10:45 AM to 1:45 PM (lunch included)<br>\n<b>Location<\/b>: Cooking Classroom<br>\n<b>Maximum Participants<\/b>: 24 (the course will take place only with a minimum of 18 participants)<br>\n<b>Fee<\/b>: CHF 43.-<\/p><p class=\"translation-block\"><b>Languages:<\/b> Italian, French, German, English<\/p><p class=\"translation-block\"><b>Registration Deadline: 16.09.2025<\/b><\/p>\t\t\t\t\t\t\t\t<\/div>\n\t\t\t\t<\/div>\n\t\t\t\t<\/div>\n\t\t<div class=\"elementor-element elementor-element-896c1c0 e-flex e-con-boxed e-con e-child\" data-id=\"896c1c0\" data-element_type=\"container\">\n\t\t\t\t\t<div class=\"e-con-inner\">\n\t\t\t\t<div class=\"elementor-element elementor-element-93f46de elementor-widget-mobile__width-initial elementor-widget elementor-widget-button\" data-id=\"93f46de\" data-element_type=\"widget\" data-widget_type=\"button.default\">\n\t\t\t\t<div class=\"elementor-widget-container\">\n\t\t\t\t\t\t\t\t\t<div class=\"elementor-button-wrapper\">\n\t\t\t\t\t<a class=\"elementor-button elementor-button-link elementor-size-sm\" href=\"https:\/\/www.ticketino.com\/en\/event\/japan-matsuri-workshops\/205119\" target=\"_blank\">\n\t\t\t\t\t\t<span class=\"elementor-button-content-wrapper\">\n\t\t\t\t\t\t\t\t\t<span class=\"elementor-button-text\">SIGN UP<\/span>\n\t\t\t\t\t<\/span>\n\t\t\t\t\t<\/a>\n\t\t\t\t<\/div>\n\t\t\t\t\t\t\t\t<\/div>\n\t\t\t\t<\/div>\n\t\t\t\t<div class=\"elementor-element elementor-element-020ff59 elementor-widget elementor-widget-button\" data-id=\"020ff59\" data-element_type=\"widget\" data-widget_type=\"button.default\">\n\t\t\t\t<div class=\"elementor-widget-container\">\n\t\t\t\t\t\t\t\t\t<div class=\"elementor-button-wrapper\">\n\t\t\t\t\t<a class=\"elementor-button elementor-button-link elementor-size-sm\" href=\"https:\/\/japanmatsuri.org\/en\/rules\/\" target=\"_blank\">\n\t\t\t\t\t\t<span class=\"elementor-button-content-wrapper\">\n\t\t\t\t\t\t\t\t\t<span class=\"elementor-button-text\">RULES<\/span>\n\t\t\t\t\t<\/span>\n\t\t\t\t\t<\/a>\n\t\t\t\t<\/div>\n\t\t\t\t\t\t\t\t<\/div>\n\t\t\t\t<\/div>\n\t\t\t\t\t<\/div>\n\t\t\t\t<\/div>\n\t\t\t\t\t<\/div>\n\t\t\t\t<\/div>\n\t\t<div class=\"elementor-element elementor-element-cb1dd8d e-flex e-con-boxed e-con e-parent\" data-id=\"cb1dd8d\" data-element_type=\"container\">\n\t\t\t\t\t<div class=\"e-con-inner\">\n\t\t\t\t\t<\/div>\n\t\t\t\t<\/div>\n\t\t<div class=\"elementor-element elementor-element-4611194 e-flex e-con-boxed e-con e-parent\" data-id=\"4611194\" data-element_type=\"container\">\n\t\t\t\t\t<div class=\"e-con-inner\">\n\t\t\t\t<div class=\"elementor-element elementor-element-3aeefba elementor-widget elementor-widget-text-editor\" data-id=\"3aeefba\" data-element_type=\"widget\" data-widget_type=\"text-editor.default\">\n\t\t\t\t<div class=\"elementor-widget-container\">\n\t\t\t\t\t\t\t\t\t<p><i>To access the workshop area, you will need to wear the wristband provided at the festival entrance. To make entry easier, we recommend purchasing your festival ticket online. For people with disabilities or reduced mobility, please contact us in advance via email at info@japanmatsuri.org so we can arrange stress-free access.<\/i><\/p>\t\t\t\t\t\t\t\t<\/div>\n\t\t\t\t<\/div>\n\t\t\t\t\t<\/div>\n\t\t\t\t<\/div>\n\t\t<div class=\"elementor-element elementor-element-5779e157 e-flex e-con-boxed e-con e-parent\" data-id=\"5779e157\" data-element_type=\"container\">\n\t\t\t\t\t<div class=\"e-con-inner\">\n\t\t<div class=\"elementor-element elementor-element-632e2d87 e-con-full e-flex e-con e-child\" data-id=\"632e2d87\" data-element_type=\"container\">\n\t\t\t\t<\/div>\n\t\t<div class=\"elementor-element elementor-element-2fc3e2d9 e-con-full e-flex e-con e-child\" data-id=\"2fc3e2d9\" data-element_type=\"container\">\n\t\t\t\t<\/div>\n\t\t\t\t\t<\/div>\n\t\t\t\t<\/div>\n\t\t<div class=\"elementor-element elementor-element-2bd87b36 e-flex e-con-boxed e-con e-parent\" data-id=\"2bd87b36\" data-element_type=\"container\">\n\t\t\t\t\t<div class=\"e-con-inner\">\n\t\t<div class=\"elementor-element elementor-element-2fa91060 e-con-full e-flex e-con e-child\" data-id=\"2fa91060\" data-element_type=\"container\">\n\t\t\t\t<\/div>\n\t\t<div class=\"elementor-element elementor-element-6d763f47 e-con-full e-flex e-con e-child\" data-id=\"6d763f47\" data-element_type=\"container\">\n\t\t\t\t<\/div>\n\t\t\t\t\t<\/div>\n\t\t\t\t<\/div>\n\t\t<div class=\"elementor-element elementor-element-a274f21 e-flex e-con-boxed e-con e-parent\" data-id=\"a274f21\" data-element_type=\"container\">\n\t\t\t\t\t<div class=\"e-con-inner\">\n\t\t\t\t\t<\/div>\n\t\t\t\t<\/div>\n\t\t\t\t<\/div>","protected":false},"excerpt":{"rendered":"<p>Masterclass Sushi Nigiri, Hosomaki e Uramaki con Philippe K\u00e4mpf Unisciti a noi per un altro imperdibile corso sul sushi! Questa sessione pratica ti guider\u00e0 attraverso la preparazione di tre variet\u00e0 classiche di sushi: Nigiri, Hosomaki e Uramaki. Scopri trucchi e tecniche per replicare facilmente questi piatti a casa, e impara anche come consumare sushi in [&hellip;]<\/p>","protected":false},"author":1,"featured_media":0,"parent":0,"menu_order":0,"comment_status":"closed","ping_status":"closed","template":"","meta":{"footnotes":""},"class_list":["post-914","page","type-page","status-publish","hentry"],"yoast_head":"<!-- This site is optimized with the Yoast SEO plugin v25.4 - https:\/\/yoast.com\/wordpress\/plugins\/seo\/ -->\n<title>Masterclass Sushi - Japan Matsuri - Festival Giapponese Bellinzona<\/title>\n<meta name=\"robots\" content=\"index, follow, max-snippet:-1, max-image-preview:large, max-video-preview:-1\" \/>\n<link rel=\"canonical\" href=\"https:\/\/japanmatsuri.org\/en\/sushi-masterclass\/\" \/>\n<meta property=\"og:locale\" content=\"en_GB\" \/>\n<meta property=\"og:type\" content=\"article\" \/>\n<meta property=\"og:title\" content=\"Masterclass Sushi - Japan Matsuri - Festival Giapponese Bellinzona\" \/>\n<meta property=\"og:description\" content=\"Masterclass Sushi Nigiri, Hosomaki e Uramaki con Philippe K\u00e4mpf Unisciti a noi per un altro imperdibile corso sul sushi! Questa sessione pratica ti guider\u00e0 attraverso la preparazione di tre variet\u00e0 classiche di sushi: Nigiri, Hosomaki e Uramaki. Scopri trucchi e tecniche per replicare facilmente questi piatti a casa, e impara anche come consumare sushi in [&hellip;]\" \/>\n<meta property=\"og:url\" content=\"https:\/\/japanmatsuri.org\/en\/sushi-masterclass\/\" \/>\n<meta property=\"og:site_name\" content=\"Japan Matsuri - Festival Giapponese Bellinzona\" \/>\n<meta property=\"article:modified_time\" content=\"2025-06-22T16:35:19+00:00\" \/>\n<meta property=\"og:image\" content=\"https:\/\/japanmatsuri.org\/wp-content\/uploads\/2025\/06\/11-1024x410.png\" \/>\n\t<meta property=\"og:image:width\" content=\"1024\" \/>\n\t<meta property=\"og:image:height\" content=\"410\" \/>\n\t<meta property=\"og:image:type\" content=\"image\/png\" \/>\n<meta name=\"twitter:card\" content=\"summary_large_image\" \/>\n<meta name=\"twitter:label1\" content=\"Estimated reading time\" \/>\n\t<meta name=\"twitter:data1\" content=\"1 minute\" \/>\n<script type=\"application\/ld+json\" class=\"yoast-schema-graph\">{\"@context\":\"https:\/\/schema.org\",\"@graph\":[{\"@type\":\"WebPage\",\"@id\":\"https:\/\/japanmatsuri.org\/sushi-masterclass\/\",\"url\":\"https:\/\/japanmatsuri.org\/sushi-masterclass\/\",\"name\":\"Masterclass Sushi - Japan Matsuri - Festival Giapponese Bellinzona\",\"isPartOf\":{\"@id\":\"https:\/\/japanmatsuri.org\/#website\"},\"primaryImageOfPage\":{\"@id\":\"https:\/\/japanmatsuri.org\/sushi-masterclass\/#primaryimage\"},\"image\":{\"@id\":\"https:\/\/japanmatsuri.org\/sushi-masterclass\/#primaryimage\"},\"thumbnailUrl\":\"https:\/\/japanmatsuri.org\/wp-content\/uploads\/2025\/06\/11.png\",\"datePublished\":\"2025-06-22T16:15:47+00:00\",\"dateModified\":\"2025-06-22T16:35:19+00:00\",\"breadcrumb\":{\"@id\":\"https:\/\/japanmatsuri.org\/sushi-masterclass\/#breadcrumb\"},\"inLanguage\":\"en-GB\",\"potentialAction\":[{\"@type\":\"ReadAction\",\"target\":[\"https:\/\/japanmatsuri.org\/sushi-masterclass\/\"]}]},{\"@type\":\"ImageObject\",\"inLanguage\":\"en-GB\",\"@id\":\"https:\/\/japanmatsuri.org\/sushi-masterclass\/#primaryimage\",\"url\":\"https:\/\/japanmatsuri.org\/wp-content\/uploads\/2025\/06\/11.png\",\"contentUrl\":\"https:\/\/japanmatsuri.org\/wp-content\/uploads\/2025\/06\/11.png\"},{\"@type\":\"BreadcrumbList\",\"@id\":\"https:\/\/japanmatsuri.org\/sushi-masterclass\/#breadcrumb\",\"itemListElement\":[{\"@type\":\"ListItem\",\"position\":1,\"name\":\"Home\",\"item\":\"https:\/\/japanmatsuri.org\/it\/\"},{\"@type\":\"ListItem\",\"position\":2,\"name\":\"Masterclass Sushi\"}]},{\"@type\":\"WebSite\",\"@id\":\"https:\/\/japanmatsuri.org\/#website\",\"url\":\"https:\/\/japanmatsuri.org\/\",\"name\":\"Japan Matsuri - Festival Giapponese Bellinzona\",\"description\":\"Festival Giapponese Bellinzona\",\"potentialAction\":[{\"@type\":\"SearchAction\",\"target\":{\"@type\":\"EntryPoint\",\"urlTemplate\":\"https:\/\/japanmatsuri.org\/?s={search_term_string}\"},\"query-input\":{\"@type\":\"PropertyValueSpecification\",\"valueRequired\":true,\"valueName\":\"search_term_string\"}}],\"inLanguage\":\"en-GB\"}]}<\/script>\n<!-- \/ Yoast SEO plugin. -->","yoast_head_json":{"title":"Masterclass Sushi - Japan Matsuri - Festival Giapponese Bellinzona","robots":{"index":"index","follow":"follow","max-snippet":"max-snippet:-1","max-image-preview":"max-image-preview:large","max-video-preview":"max-video-preview:-1"},"canonical":"https:\/\/japanmatsuri.org\/en\/sushi-masterclass\/","og_locale":"en_GB","og_type":"article","og_title":"Masterclass Sushi - Japan Matsuri - Festival Giapponese Bellinzona","og_description":"Masterclass Sushi Nigiri, Hosomaki e Uramaki con Philippe K\u00e4mpf Unisciti a noi per un altro imperdibile corso sul sushi! Questa sessione pratica ti guider\u00e0 attraverso la preparazione di tre variet\u00e0 classiche di sushi: Nigiri, Hosomaki e Uramaki. Scopri trucchi e tecniche per replicare facilmente questi piatti a casa, e impara anche come consumare sushi in [&hellip;]","og_url":"https:\/\/japanmatsuri.org\/en\/sushi-masterclass\/","og_site_name":"Japan Matsuri - Festival Giapponese Bellinzona","article_modified_time":"2025-06-22T16:35:19+00:00","og_image":[{"width":1024,"height":410,"url":"https:\/\/japanmatsuri.org\/wp-content\/uploads\/2025\/06\/11-1024x410.png","type":"image\/png"}],"twitter_card":"summary_large_image","twitter_misc":{"Estimated reading time":"1 minute"},"schema":{"@context":"https:\/\/schema.org","@graph":[{"@type":"WebPage","@id":"https:\/\/japanmatsuri.org\/sushi-masterclass\/","url":"https:\/\/japanmatsuri.org\/sushi-masterclass\/","name":"Masterclass Sushi - Japan Matsuri - Festival Giapponese Bellinzona","isPartOf":{"@id":"https:\/\/japanmatsuri.org\/#website"},"primaryImageOfPage":{"@id":"https:\/\/japanmatsuri.org\/sushi-masterclass\/#primaryimage"},"image":{"@id":"https:\/\/japanmatsuri.org\/sushi-masterclass\/#primaryimage"},"thumbnailUrl":"https:\/\/japanmatsuri.org\/wp-content\/uploads\/2025\/06\/11.png","datePublished":"2025-06-22T16:15:47+00:00","dateModified":"2025-06-22T16:35:19+00:00","breadcrumb":{"@id":"https:\/\/japanmatsuri.org\/sushi-masterclass\/#breadcrumb"},"inLanguage":"en-GB","potentialAction":[{"@type":"ReadAction","target":["https:\/\/japanmatsuri.org\/sushi-masterclass\/"]}]},{"@type":"ImageObject","inLanguage":"en-GB","@id":"https:\/\/japanmatsuri.org\/sushi-masterclass\/#primaryimage","url":"https:\/\/japanmatsuri.org\/wp-content\/uploads\/2025\/06\/11.png","contentUrl":"https:\/\/japanmatsuri.org\/wp-content\/uploads\/2025\/06\/11.png"},{"@type":"BreadcrumbList","@id":"https:\/\/japanmatsuri.org\/sushi-masterclass\/#breadcrumb","itemListElement":[{"@type":"ListItem","position":1,"name":"Home","item":"https:\/\/japanmatsuri.org\/it\/"},{"@type":"ListItem","position":2,"name":"Masterclass Sushi"}]},{"@type":"WebSite","@id":"https:\/\/japanmatsuri.org\/#website","url":"https:\/\/japanmatsuri.org\/","name":"Japan Matsuri - Festival Giapponese Bellinzona","description":"Festival Giapponese Bellinzona","potentialAction":[{"@type":"SearchAction","target":{"@type":"EntryPoint","urlTemplate":"https:\/\/japanmatsuri.org\/?s={search_term_string}"},"query-input":{"@type":"PropertyValueSpecification","valueRequired":true,"valueName":"search_term_string"}}],"inLanguage":"en-GB"}]}},"_links":{"self":[{"href":"https:\/\/japanmatsuri.org\/en\/wp-json\/wp\/v2\/pages\/914","targetHints":{"allow":["GET"]}}],"collection":[{"href":"https:\/\/japanmatsuri.org\/en\/wp-json\/wp\/v2\/pages"}],"about":[{"href":"https:\/\/japanmatsuri.org\/en\/wp-json\/wp\/v2\/types\/page"}],"author":[{"embeddable":true,"href":"https:\/\/japanmatsuri.org\/en\/wp-json\/wp\/v2\/users\/1"}],"replies":[{"embeddable":true,"href":"https:\/\/japanmatsuri.org\/en\/wp-json\/wp\/v2\/comments?post=914"}],"version-history":[{"count":7,"href":"https:\/\/japanmatsuri.org\/en\/wp-json\/wp\/v2\/pages\/914\/revisions"}],"predecessor-version":[{"id":922,"href":"https:\/\/japanmatsuri.org\/en\/wp-json\/wp\/v2\/pages\/914\/revisions\/922"}],"wp:attachment":[{"href":"https:\/\/japanmatsuri.org\/en\/wp-json\/wp\/v2\/media?parent=914"}],"curies":[{"name":"wp","href":"https:\/\/api.w.org\/{rel}","templated":true}]}}