{"id":1198,"date":"2025-07-01T17:18:59","date_gmt":"2025-07-01T16:18:59","guid":{"rendered":"https:\/\/japanmatsuri.org\/it\/?page_id=1198"},"modified":"2025-09-05T18:57:27","modified_gmt":"2025-09-05T17:57:27","slug":"metodo-konmari","status":"publish","type":"page","link":"https:\/\/japanmatsuri.org\/fr\/metodo-konmari\/","title":{"rendered":"Metodo KonMari"},"content":{"rendered":"<div data-elementor-type=\"wp-page\" data-elementor-id=\"1198\" class=\"elementor elementor-1198\" data-elementor-post-type=\"page\">\n\t\t\t\t<div class=\"elementor-element elementor-element-1ce695c6 e-flex e-con-boxed e-con e-parent\" data-id=\"1ce695c6\" data-element_type=\"container\">\n\t\t\t\t\t<div class=\"e-con-inner\">\n\t\t\t\t<div class=\"elementor-element elementor-element-3fe16b76 elementor-widget elementor-widget-heading\" data-id=\"3fe16b76\" data-element_type=\"widget\" data-widget_type=\"heading.default\">\n\t\t\t\t<div class=\"elementor-widget-container\">\n\t\t\t\t\t<h1 class=\"elementor-heading-title elementor-size-default\">D\u00e9couvrez la Puissance de la M\u00e9thode KonMari<\/h1>\t\t\t\t<\/div>\n\t\t\t\t<\/div>\n\t\t\t\t<div class=\"elementor-element elementor-element-b2162ce elementor-widget elementor-widget-heading\" data-id=\"b2162ce\" data-element_type=\"widget\" data-widget_type=\"heading.default\">\n\t\t\t\t<div class=\"elementor-widget-container\">\n\t\t\t\t\t<h2 class=\"elementor-heading-title elementor-size-default\">ransformez Votre Espace et Votre Vie<\/h2>\t\t\t\t<\/div>\n\t\t\t\t<\/div>\n\t\t\t\t\t<\/div>\n\t\t\t\t<\/div>\n\t\t<div class=\"elementor-element elementor-element-14fd3d1b e-flex e-con-boxed e-con e-parent\" data-id=\"14fd3d1b\" data-element_type=\"container\">\n\t\t\t\t\t<div class=\"e-con-inner\">\n\t\t\t\t<div class=\"elementor-element elementor-element-894c7be elementor-widget elementor-widget-image\" data-id=\"894c7be\" data-element_type=\"widget\" data-widget_type=\"image.default\">\n\t\t\t\t<div class=\"elementor-widget-container\">\n\t\t\t\t\t\t\t\t\t\t\t\t\t\t\t<img fetchpriority=\"high\" decoding=\"async\" width=\"1750\" height=\"700\" src=\"https:\/\/japanmatsuri.org\/wp-content\/uploads\/2025\/07\/10.png\" class=\"attachment-full size-full wp-image-1200\" alt=\"\" srcset=\"https:\/\/japanmatsuri.org\/wp-content\/uploads\/2025\/07\/10.png 1750w, https:\/\/japanmatsuri.org\/wp-content\/uploads\/2025\/07\/10-300x120.png 300w, https:\/\/japanmatsuri.org\/wp-content\/uploads\/2025\/07\/10-1024x410.png 1024w, https:\/\/japanmatsuri.org\/wp-content\/uploads\/2025\/07\/10-768x307.png 768w, https:\/\/japanmatsuri.org\/wp-content\/uploads\/2025\/07\/10-1536x614.png 1536w, https:\/\/japanmatsuri.org\/wp-content\/uploads\/2025\/07\/10-18x7.png 18w\" sizes=\"(max-width: 1750px) 100vw, 1750px\" \/>\t\t\t\t\t\t\t\t\t\t\t\t\t\t\t<\/div>\n\t\t\t\t<\/div>\n\t\t\t\t\t<\/div>\n\t\t\t\t<\/div>\n\t\t<div class=\"elementor-element elementor-element-30348c0 e-flex e-con-boxed e-con e-parent\" data-id=\"30348c0\" data-element_type=\"container\">\n\t\t\t\t\t<div class=\"e-con-inner\">\n\t\t\t\t\t<\/div>\n\t\t\t\t<\/div>\n\t\t<div class=\"elementor-element elementor-element-6d0bdf3 e-flex e-con-boxed e-con e-parent\" data-id=\"6d0bdf3\" data-element_type=\"container\">\n\t\t\t\t\t<div class=\"e-con-inner\">\n\t\t\t\t<div class=\"elementor-element elementor-element-374e13c elementor-widget elementor-widget-text-editor\" data-id=\"374e13c\" data-element_type=\"widget\" data-widget_type=\"text-editor.default\">\n\t\t\t\t<div class=\"elementor-widget-container\">\n\t\t\t\t\t\t\t\t\t<p>Envie de transformer votre maison en une oasis de paix et de s\u00e9r\u00e9nit\u00e9 ? La m\u00e9thode KonMari, cr\u00e9\u00e9e par la c\u00e9l\u00e8bre Marie Kondo, est bien plus qu\u2019une simple approche de l\u2019organisation : c\u2019est un voyage vers un \u00e9quilibre int\u00e9rieur et une vie plus \u00e9panouie. Apprenez \u00e0 ne garder que ce qui \u201cprovoque la joie\u201d et cr\u00e9ez des espaces qui refl\u00e8tent votre v\u00e9ritable personnalit\u00e9.<\/p>\t\t\t\t\t\t\t\t<\/div>\n\t\t\t\t<\/div>\n\t\t\t\t\t<\/div>\n\t\t\t\t<\/div>\n\t\t<div class=\"elementor-element elementor-element-30d9580 e-flex e-con-boxed e-con e-parent\" data-id=\"30d9580\" data-element_type=\"container\">\n\t\t\t\t\t<div class=\"e-con-inner\">\n\t\t<div class=\"elementor-element elementor-element-d3908e1 e-con-full e-flex e-con e-child\" data-id=\"d3908e1\" data-element_type=\"container\">\n\t\t\t\t<div class=\"elementor-element elementor-element-561a746 elementor-widget elementor-widget-text-editor\" data-id=\"561a746\" data-element_type=\"widget\" data-widget_type=\"text-editor.default\">\n\t\t\t\t<div class=\"elementor-widget-container\">\n\t\t\t\t\t\t\t\t\t<p>Participez \u00e0 notre pr\u00e9sentation et laissez-vous inspirer par Jennifer Smith, la seule consultante certifi\u00e9e en m\u00e9thode KonMari au Tessin. Jennifer d\u00e9voilera les secrets de cette m\u00e9thode r\u00e9volutionnaire, d\u00e9construira les mythes courants, et vous donnera des conseils pratiques pour transformer votre maison en un refuge de calme et de bien-\u00eatre.<\/p>\t\t\t\t\t\t\t\t<\/div>\n\t\t\t\t<\/div>\n\t\t\t\t<\/div>\n\t\t<div class=\"elementor-element elementor-element-a34983f e-con-full e-flex e-con e-child\" data-id=\"a34983f\" data-element_type=\"container\">\n\t\t\t\t<div class=\"elementor-element elementor-element-245c5a9 elementor-widget elementor-widget-image\" data-id=\"245c5a9\" data-element_type=\"widget\" data-widget_type=\"image.default\">\n\t\t\t\t<div class=\"elementor-widget-container\">\n\t\t\t\t\t\t\t\t\t\t\t\t\t\t\t<img decoding=\"async\" width=\"265\" height=\"300\" src=\"https:\/\/japanmatsuri.org\/wp-content\/uploads\/2025\/07\/KonMari-Jennifer-Smith-1-265x300.jpg\" class=\"attachment-medium size-medium wp-image-1206\" alt=\"\" srcset=\"https:\/\/japanmatsuri.org\/wp-content\/uploads\/2025\/07\/KonMari-Jennifer-Smith-1-265x300.jpg 265w, https:\/\/japanmatsuri.org\/wp-content\/uploads\/2025\/07\/KonMari-Jennifer-Smith-1-904x1024.jpg 904w, https:\/\/japanmatsuri.org\/wp-content\/uploads\/2025\/07\/KonMari-Jennifer-Smith-1-768x870.jpg 768w, https:\/\/japanmatsuri.org\/wp-content\/uploads\/2025\/07\/KonMari-Jennifer-Smith-1-1356x1536.jpg 1356w, https:\/\/japanmatsuri.org\/wp-content\/uploads\/2025\/07\/KonMari-Jennifer-Smith-1-11x12.jpg 11w, https:\/\/japanmatsuri.org\/wp-content\/uploads\/2025\/07\/KonMari-Jennifer-Smith-1.jpg 1500w\" sizes=\"(max-width: 265px) 100vw, 265px\" \/>\t\t\t\t\t\t\t\t\t\t\t\t\t\t\t<\/div>\n\t\t\t\t<\/div>\n\t\t\t\t<\/div>\n\t\t\t\t\t<\/div>\n\t\t\t\t<\/div>\n\t\t<div class=\"elementor-element elementor-element-554c460 e-flex e-con-boxed e-con e-parent\" data-id=\"554c460\" data-element_type=\"container\">\n\t\t\t\t\t<div class=\"e-con-inner\">\n\t\t<div class=\"elementor-element elementor-element-f793579 e-con-full e-flex e-con e-child\" data-id=\"f793579\" data-element_type=\"container\">\n\t\t\t\t<div class=\"elementor-element elementor-element-aedc334 elementor-widget elementor-widget-text-editor\" data-id=\"aedc334\" data-element_type=\"widget\" data-widget_type=\"text-editor.default\">\n\t\t\t\t<div class=\"elementor-widget-container\">\n\t\t\t\t\t\t\t\t\t<p class=\"translation-block\"><b>Date<\/b>: Samedi 20 septembre 2025<br>\n<b>Horaire<\/b>: 16h30 \u2013 18h00<br>\n<b>Lieu<\/b>: Salle 2<\/p><p class=\"translation-block\"><b>Date<\/b>: Dimanche 21 septembre 2025<br>\n <b>Horaire<\/b> : 15h15 \u2013 16h45<br>\n <b>Lieu<\/b>: Salle 1<\/p><p class=\"translation-block\"><b>Participants<\/b>: maximum 24 personnes<br>\n<b>Prix<\/b>: gratuit<\/p><p class=\"translation-block\"><b>Langues:<\/b> italien et anglais<\/p>\t\t\t\t\t\t\t\t<\/div>\n\t\t\t\t<\/div>\n\t\t\t\t<\/div>\n\t\t<div class=\"elementor-element elementor-element-8db9b8c e-flex e-con-boxed e-con e-child\" data-id=\"8db9b8c\" data-element_type=\"container\">\n\t\t\t\t\t<div class=\"e-con-inner\">\n\t\t\t\t<div class=\"elementor-element elementor-element-1fe0a4d elementor-widget-mobile__width-initial elementor-widget elementor-widget-button\" data-id=\"1fe0a4d\" data-element_type=\"widget\" data-widget_type=\"button.default\">\n\t\t\t\t<div class=\"elementor-widget-container\">\n\t\t\t\t\t\t\t\t\t<div class=\"elementor-button-wrapper\">\n\t\t\t\t\t<a class=\"elementor-button elementor-button-link elementor-size-sm\" href=\"https:\/\/www.ticketino.com\/fr\/event\/japan-matsuri-corsi\/205136\" target=\"_blank\">\n\t\t\t\t\t\t<span class=\"elementor-button-content-wrapper\">\n\t\t\t\t\t\t\t\t\t<span class=\"elementor-button-text\">INSCRIPTION<\/span>\n\t\t\t\t\t<\/span>\n\t\t\t\t\t<\/a>\n\t\t\t\t<\/div>\n\t\t\t\t\t\t\t\t<\/div>\n\t\t\t\t<\/div>\n\t\t\t\t<div class=\"elementor-element elementor-element-2d27be6 elementor-widget elementor-widget-button\" data-id=\"2d27be6\" data-element_type=\"widget\" data-widget_type=\"button.default\">\n\t\t\t\t<div class=\"elementor-widget-container\">\n\t\t\t\t\t\t\t\t\t<div class=\"elementor-button-wrapper\">\n\t\t\t\t\t<a class=\"elementor-button elementor-button-link elementor-size-sm\" href=\"https:\/\/japanmatsuri.org\/fr\/reglement\/\" target=\"_blank\">\n\t\t\t\t\t\t<span class=\"elementor-button-content-wrapper\">\n\t\t\t\t\t\t\t\t\t<span class=\"elementor-button-text\">R\u00c8GLEMENT<\/span>\n\t\t\t\t\t<\/span>\n\t\t\t\t\t<\/a>\n\t\t\t\t<\/div>\n\t\t\t\t\t\t\t\t<\/div>\n\t\t\t\t<\/div>\n\t\t\t\t\t<\/div>\n\t\t\t\t<\/div>\n\t\t\t\t\t<\/div>\n\t\t\t\t<\/div>\n\t\t<div class=\"elementor-element elementor-element-2616d3e e-flex e-con-boxed e-con e-parent\" data-id=\"2616d3e\" data-element_type=\"container\">\n\t\t\t\t\t<div class=\"e-con-inner\">\n\t\t\t\t<div class=\"elementor-element elementor-element-868c81d elementor-widget elementor-widget-text-editor\" data-id=\"868c81d\" data-element_type=\"widget\" data-widget_type=\"text-editor.default\">\n\t\t\t\t<div class=\"elementor-widget-container\">\n\t\t\t\t\t\t\t\t\t<p><i>Pour acc\u00e9der \u00e0 l\u2019espace des ateliers, vous devrez porter le bracelet fourni \u00e0 l\u2019entr\u00e9e du festival. Pour faciliter l\u2019entr\u00e9e, nous vous recommandons d\u2019acheter votre billet de festival en ligne. Les personnes handicap\u00e9es ou \u00e0 mobilit\u00e9 r\u00e9duite sont invit\u00e9es \u00e0 nous contacter \u00e0 l\u2019avance par email \u00e0 l\u2019adresse info@japanmatsuri.org afin que nous puissions organiser un acc\u00e8s sans stress.<\/i><\/p>\t\t\t\t\t\t\t\t<\/div>\n\t\t\t\t<\/div>\n\t\t\t\t\t<\/div>\n\t\t\t\t<\/div>\n\t\t<div class=\"elementor-element elementor-element-3b9e9ecd e-flex e-con-boxed e-con e-parent\" data-id=\"3b9e9ecd\" data-element_type=\"container\">\n\t\t\t\t\t<div class=\"e-con-inner\">\n\t\t\t\t\t<\/div>\n\t\t\t\t<\/div>\n\t\t\t\t<\/div>","protected":false},"excerpt":{"rendered":"<p>Scopri il Potere del Metodo KonMari Trasforma i tuoi Spazi e la tua Vita Vuoi trasformare la tua casa in un\u2019oasi di pace e serenit\u00e0? Il Metodo KonMari, creato dalla celebre Marie Kondo, \u00e8 molto pi\u00f9 di un semplice approccio all\u2019organizzazione: \u00e8 un viaggio verso un equilibrio interiore e una vita pi\u00f9 felice. Impara a [&hellip;]<\/p>","protected":false},"author":1,"featured_media":0,"parent":0,"menu_order":0,"comment_status":"closed","ping_status":"closed","template":"","meta":{"footnotes":""},"class_list":["post-1198","page","type-page","status-publish","hentry"],"yoast_head":"<!-- This site is optimized with the Yoast SEO plugin v25.4 - https:\/\/yoast.com\/wordpress\/plugins\/seo\/ -->\n<title>Metodo KonMari - Japan Matsuri - Festival Giapponese Bellinzona<\/title>\n<meta name=\"robots\" content=\"index, follow, max-snippet:-1, max-image-preview:large, max-video-preview:-1\" \/>\n<link rel=\"canonical\" href=\"https:\/\/japanmatsuri.org\/fr\/metodo-konmari\/\" \/>\n<meta property=\"og:locale\" content=\"fr_FR\" \/>\n<meta property=\"og:type\" content=\"article\" \/>\n<meta property=\"og:title\" content=\"Metodo KonMari - Japan Matsuri - Festival Giapponese Bellinzona\" \/>\n<meta property=\"og:description\" content=\"Scopri il Potere del Metodo KonMari Trasforma i tuoi Spazi e la tua Vita Vuoi trasformare la tua casa in un\u2019oasi di pace e serenit\u00e0? Il Metodo KonMari, creato dalla celebre Marie Kondo, \u00e8 molto pi\u00f9 di un semplice approccio all\u2019organizzazione: \u00e8 un viaggio verso un equilibrio interiore e una vita pi\u00f9 felice. Impara a [&hellip;]\" \/>\n<meta property=\"og:url\" content=\"https:\/\/japanmatsuri.org\/fr\/metodo-konmari\/\" \/>\n<meta property=\"og:site_name\" content=\"Japan Matsuri - Festival Giapponese Bellinzona\" \/>\n<meta property=\"article:modified_time\" content=\"2025-09-05T17:57:27+00:00\" \/>\n<meta property=\"og:image\" content=\"https:\/\/japanmatsuri.org\/wp-content\/uploads\/2025\/07\/10.png\" \/>\n\t<meta property=\"og:image:width\" content=\"1750\" \/>\n\t<meta property=\"og:image:height\" content=\"700\" \/>\n\t<meta property=\"og:image:type\" content=\"image\/png\" \/>\n<meta name=\"twitter:card\" content=\"summary_large_image\" \/>\n<meta name=\"twitter:label1\" content=\"Dur\u00e9e de lecture estim\u00e9e\" \/>\n\t<meta name=\"twitter:data1\" content=\"2 minutes\" \/>\n<script type=\"application\/ld+json\" class=\"yoast-schema-graph\">{\"@context\":\"https:\/\/schema.org\",\"@graph\":[{\"@type\":\"WebPage\",\"@id\":\"https:\/\/japanmatsuri.org\/it\/metodo-konmari\/\",\"url\":\"https:\/\/japanmatsuri.org\/it\/metodo-konmari\/\",\"name\":\"Metodo KonMari - Japan Matsuri - Festival Giapponese Bellinzona\",\"isPartOf\":{\"@id\":\"https:\/\/japanmatsuri.org\/#website\"},\"primaryImageOfPage\":{\"@id\":\"https:\/\/japanmatsuri.org\/it\/metodo-konmari\/#primaryimage\"},\"image\":{\"@id\":\"https:\/\/japanmatsuri.org\/it\/metodo-konmari\/#primaryimage\"},\"thumbnailUrl\":\"https:\/\/japanmatsuri.org\/wp-content\/uploads\/2025\/07\/10.png\",\"datePublished\":\"2025-07-01T16:18:59+00:00\",\"dateModified\":\"2025-09-05T17:57:27+00:00\",\"breadcrumb\":{\"@id\":\"https:\/\/japanmatsuri.org\/it\/metodo-konmari\/#breadcrumb\"},\"inLanguage\":\"fr-FR\",\"potentialAction\":[{\"@type\":\"ReadAction\",\"target\":[\"https:\/\/japanmatsuri.org\/it\/metodo-konmari\/\"]}]},{\"@type\":\"ImageObject\",\"inLanguage\":\"fr-FR\",\"@id\":\"https:\/\/japanmatsuri.org\/it\/metodo-konmari\/#primaryimage\",\"url\":\"https:\/\/japanmatsuri.org\/wp-content\/uploads\/2025\/07\/10.png\",\"contentUrl\":\"https:\/\/japanmatsuri.org\/wp-content\/uploads\/2025\/07\/10.png\"},{\"@type\":\"BreadcrumbList\",\"@id\":\"https:\/\/japanmatsuri.org\/it\/metodo-konmari\/#breadcrumb\",\"itemListElement\":[{\"@type\":\"ListItem\",\"position\":1,\"name\":\"Home\",\"item\":\"https:\/\/japanmatsuri.org\/it\/\"},{\"@type\":\"ListItem\",\"position\":2,\"name\":\"Metodo KonMari\"}]},{\"@type\":\"WebSite\",\"@id\":\"https:\/\/japanmatsuri.org\/#website\",\"url\":\"https:\/\/japanmatsuri.org\/\",\"name\":\"Japan Matsuri - Festival Giapponese Bellinzona\",\"description\":\"Festival Giapponese Bellinzona\",\"potentialAction\":[{\"@type\":\"SearchAction\",\"target\":{\"@type\":\"EntryPoint\",\"urlTemplate\":\"https:\/\/japanmatsuri.org\/?s={search_term_string}\"},\"query-input\":{\"@type\":\"PropertyValueSpecification\",\"valueRequired\":true,\"valueName\":\"search_term_string\"}}],\"inLanguage\":\"fr-FR\"}]}<\/script>\n<!-- \/ Yoast SEO plugin. -->","yoast_head_json":{"title":"Metodo KonMari - Japan Matsuri - Festival Giapponese Bellinzona","robots":{"index":"index","follow":"follow","max-snippet":"max-snippet:-1","max-image-preview":"max-image-preview:large","max-video-preview":"max-video-preview:-1"},"canonical":"https:\/\/japanmatsuri.org\/fr\/metodo-konmari\/","og_locale":"fr_FR","og_type":"article","og_title":"Metodo KonMari - Japan Matsuri - Festival Giapponese Bellinzona","og_description":"Scopri il Potere del Metodo KonMari Trasforma i tuoi Spazi e la tua Vita Vuoi trasformare la tua casa in un\u2019oasi di pace e serenit\u00e0? Il Metodo KonMari, creato dalla celebre Marie Kondo, \u00e8 molto pi\u00f9 di un semplice approccio all\u2019organizzazione: \u00e8 un viaggio verso un equilibrio interiore e una vita pi\u00f9 felice. Impara a [&hellip;]","og_url":"https:\/\/japanmatsuri.org\/fr\/metodo-konmari\/","og_site_name":"Japan Matsuri - Festival Giapponese Bellinzona","article_modified_time":"2025-09-05T17:57:27+00:00","og_image":[{"width":1750,"height":700,"url":"https:\/\/japanmatsuri.org\/wp-content\/uploads\/2025\/07\/10.png","type":"image\/png"}],"twitter_card":"summary_large_image","twitter_misc":{"Dur\u00e9e de lecture estim\u00e9e":"2 minutes"},"schema":{"@context":"https:\/\/schema.org","@graph":[{"@type":"WebPage","@id":"https:\/\/japanmatsuri.org\/it\/metodo-konmari\/","url":"https:\/\/japanmatsuri.org\/it\/metodo-konmari\/","name":"Metodo KonMari - Japan Matsuri - Festival Giapponese Bellinzona","isPartOf":{"@id":"https:\/\/japanmatsuri.org\/#website"},"primaryImageOfPage":{"@id":"https:\/\/japanmatsuri.org\/it\/metodo-konmari\/#primaryimage"},"image":{"@id":"https:\/\/japanmatsuri.org\/it\/metodo-konmari\/#primaryimage"},"thumbnailUrl":"https:\/\/japanmatsuri.org\/wp-content\/uploads\/2025\/07\/10.png","datePublished":"2025-07-01T16:18:59+00:00","dateModified":"2025-09-05T17:57:27+00:00","breadcrumb":{"@id":"https:\/\/japanmatsuri.org\/it\/metodo-konmari\/#breadcrumb"},"inLanguage":"fr-FR","potentialAction":[{"@type":"ReadAction","target":["https:\/\/japanmatsuri.org\/it\/metodo-konmari\/"]}]},{"@type":"ImageObject","inLanguage":"fr-FR","@id":"https:\/\/japanmatsuri.org\/it\/metodo-konmari\/#primaryimage","url":"https:\/\/japanmatsuri.org\/wp-content\/uploads\/2025\/07\/10.png","contentUrl":"https:\/\/japanmatsuri.org\/wp-content\/uploads\/2025\/07\/10.png"},{"@type":"BreadcrumbList","@id":"https:\/\/japanmatsuri.org\/it\/metodo-konmari\/#breadcrumb","itemListElement":[{"@type":"ListItem","position":1,"name":"Home","item":"https:\/\/japanmatsuri.org\/it\/"},{"@type":"ListItem","position":2,"name":"Metodo KonMari"}]},{"@type":"WebSite","@id":"https:\/\/japanmatsuri.org\/#website","url":"https:\/\/japanmatsuri.org\/","name":"Japan Matsuri - Festival Giapponese Bellinzona","description":"Festival Giapponese Bellinzona","potentialAction":[{"@type":"SearchAction","target":{"@type":"EntryPoint","urlTemplate":"https:\/\/japanmatsuri.org\/?s={search_term_string}"},"query-input":{"@type":"PropertyValueSpecification","valueRequired":true,"valueName":"search_term_string"}}],"inLanguage":"fr-FR"}]}},"_links":{"self":[{"href":"https:\/\/japanmatsuri.org\/fr\/wp-json\/wp\/v2\/pages\/1198","targetHints":{"allow":["GET"]}}],"collection":[{"href":"https:\/\/japanmatsuri.org\/fr\/wp-json\/wp\/v2\/pages"}],"about":[{"href":"https:\/\/japanmatsuri.org\/fr\/wp-json\/wp\/v2\/types\/page"}],"author":[{"embeddable":true,"href":"https:\/\/japanmatsuri.org\/fr\/wp-json\/wp\/v2\/users\/1"}],"replies":[{"embeddable":true,"href":"https:\/\/japanmatsuri.org\/fr\/wp-json\/wp\/v2\/comments?post=1198"}],"version-history":[{"count":13,"href":"https:\/\/japanmatsuri.org\/fr\/wp-json\/wp\/v2\/pages\/1198\/revisions"}],"predecessor-version":[{"id":2043,"href":"https:\/\/japanmatsuri.org\/fr\/wp-json\/wp\/v2\/pages\/1198\/revisions\/2043"}],"wp:attachment":[{"href":"https:\/\/japanmatsuri.org\/fr\/wp-json\/wp\/v2\/media?parent=1198"}],"curies":[{"name":"wp","href":"https:\/\/api.w.org\/{rel}","templated":true}]}}