{"id":1214,"date":"2025-07-01T18:18:43","date_gmt":"2025-07-01T17:18:43","guid":{"rendered":"https:\/\/japanmatsuri.org\/it\/?page_id=1214"},"modified":"2025-07-01T18:30:15","modified_gmt":"2025-07-01T17:30:15","slug":"workshop-street-food","status":"publish","type":"page","link":"https:\/\/japanmatsuri.org\/fr\/workshop-street-food\/","title":{"rendered":"workshop Street Food"},"content":{"rendered":"<div data-elementor-type=\"wp-page\" data-elementor-id=\"1214\" class=\"elementor elementor-1214\" data-elementor-post-type=\"page\">\n\t\t\t\t<div class=\"elementor-element elementor-element-42915ef5 e-flex e-con-boxed e-con e-parent\" data-id=\"42915ef5\" data-element_type=\"container\">\n\t\t\t\t\t<div class=\"e-con-inner\">\n\t\t\t\t<div class=\"elementor-element elementor-element-7f118366 elementor-widget elementor-widget-heading\" data-id=\"7f118366\" data-element_type=\"widget\" data-widget_type=\"heading.default\">\n\t\t\t\t<div class=\"elementor-widget-container\">\n\t\t\t\t\t<h1 class=\"elementor-heading-title elementor-size-default\">Street Food Japonais<\/h1>\t\t\t\t<\/div>\n\t\t\t\t<\/div>\n\t\t\t\t<div class=\"elementor-element elementor-element-14e3ac5 elementor-widget elementor-widget-heading\" data-id=\"14e3ac5\" data-element_type=\"widget\" data-widget_type=\"heading.default\">\n\t\t\t\t<div class=\"elementor-widget-container\">\n\t\t\t\t\t<h2 class=\"elementor-heading-title elementor-size-default\">un voyage entre saveurs authentiques et tradition<\/h2>\t\t\t\t<\/div>\n\t\t\t\t<\/div>\n\t\t\t\t\t<\/div>\n\t\t\t\t<\/div>\n\t\t<div class=\"elementor-element elementor-element-7c1a75b0 e-flex e-con-boxed e-con e-parent\" data-id=\"7c1a75b0\" data-element_type=\"container\">\n\t\t\t\t\t<div class=\"e-con-inner\">\n\t\t\t\t<div class=\"elementor-element elementor-element-36547ad elementor-widget elementor-widget-image\" data-id=\"36547ad\" data-element_type=\"widget\" data-widget_type=\"image.default\">\n\t\t\t\t<div class=\"elementor-widget-container\">\n\t\t\t\t\t\t\t\t\t\t\t\t\t\t\t<img fetchpriority=\"high\" decoding=\"async\" width=\"1750\" height=\"700\" src=\"https:\/\/japanmatsuri.org\/wp-content\/uploads\/2025\/07\/14.png\" class=\"attachment-full size-full wp-image-1216\" alt=\"\" srcset=\"https:\/\/japanmatsuri.org\/wp-content\/uploads\/2025\/07\/14.png 1750w, https:\/\/japanmatsuri.org\/wp-content\/uploads\/2025\/07\/14-300x120.png 300w, https:\/\/japanmatsuri.org\/wp-content\/uploads\/2025\/07\/14-1024x410.png 1024w, https:\/\/japanmatsuri.org\/wp-content\/uploads\/2025\/07\/14-768x307.png 768w, https:\/\/japanmatsuri.org\/wp-content\/uploads\/2025\/07\/14-1536x614.png 1536w, https:\/\/japanmatsuri.org\/wp-content\/uploads\/2025\/07\/14-18x7.png 18w\" sizes=\"(max-width: 1750px) 100vw, 1750px\" \/>\t\t\t\t\t\t\t\t\t\t\t\t\t\t\t<\/div>\n\t\t\t\t<\/div>\n\t\t\t\t\t<\/div>\n\t\t\t\t<\/div>\n\t\t<div class=\"elementor-element elementor-element-f8d849b e-flex e-con-boxed e-con e-parent\" data-id=\"f8d849b\" data-element_type=\"container\">\n\t\t\t\t\t<div class=\"e-con-inner\">\n\t\t\t\t\t<\/div>\n\t\t\t\t<\/div>\n\t\t<div class=\"elementor-element elementor-element-5900062 e-flex e-con-boxed e-con e-parent\" data-id=\"5900062\" data-element_type=\"container\">\n\t\t\t\t\t<div class=\"e-con-inner\">\n\t\t\t\t<div class=\"elementor-element elementor-element-da01363 elementor-widget elementor-widget-text-editor\" data-id=\"da01363\" data-element_type=\"widget\" data-widget_type=\"text-editor.default\">\n\t\t\t\t<div class=\"elementor-widget-container\">\n\t\t\t\t\t\t\t\t\t<p>D\u00e9couvrez la culture vibrante des stands de rue japonais, partie int\u00e9grante de la vie quotidienne et des f\u00eates au Japon. Ces \u00e9choppes offrent une atmosph\u00e8re unique o\u00f9 l\u2019on peut d\u00e9guster des plats traditionnels pr\u00e9par\u00e9s sur le moment, selon des recettes transmises de g\u00e9n\u00e9ration en g\u00e9n\u00e9ration.<\/p>\t\t\t\t\t\t\t\t<\/div>\n\t\t\t\t<\/div>\n\t\t\t\t<div class=\"elementor-element elementor-element-16bdd58 elementor-widget elementor-widget-text-editor\" data-id=\"16bdd58\" data-element_type=\"widget\" data-widget_type=\"text-editor.default\">\n\t\t\t\t<div class=\"elementor-widget-container\">\n\t\t\t\t\t\t\t\t\t<p>Au cours de l\u2019atelier, vous apprendrez \u00e0 pr\u00e9parer trois ic\u00f4nes du street food japonais :<\/p><ul><li aria-level=\"1\" class=\"translation-block\"><b>Takoyaki<\/b> : boules de p\u00e2te garnies de poulpe, croustillantes \u00e0 l\u2019ext\u00e9rieur et moelleuses \u00e0 l\u2019int\u00e9rieur, servies avec une sauce et de la mayonnaise. Originaire d\u2019Osaka, c\u2019est l\u2019un des plats de rue les plus populaires au Japon.<\/li><li aria-level=\"1\" class=\"translation-block\"><b>Okonomiyaki<\/b> : une sorte d\u2019omelette sal\u00e9e typique d\u2019Osaka, sans fruits de mer, riche en l\u00e9gumes et cuite sur plaque chauffante. Elle est garnie de sauce, de mayonnaise et de flocons de katsuobushi (thon s\u00e9ch\u00e9).<\/li><li class=\"translation-block\"><b>Yakisoba<\/b>  : nouilles saut\u00e9es \u00e0 la plaque avec des l\u00e9gumes et de la viande, assaisonn\u00e9es d\u2019une sauce \u00e9pic\u00e9e et savoureuse.<\/li><\/ul><p>\u00a0<\/p><p>Une exp\u00e9rience authentique pour explorer les saveurs de la cuisine traditionnelle japonaise et de sa culture pop, dans une ambiance conviviale, ludique et enrichissante.<\/p>\t\t\t\t\t\t\t\t<\/div>\n\t\t\t\t<\/div>\n\t\t\t\t\t<\/div>\n\t\t\t\t<\/div>\n\t\t<div class=\"elementor-element elementor-element-739bb2ec e-flex e-con-boxed e-con e-parent\" data-id=\"739bb2ec\" data-element_type=\"container\">\n\t\t\t\t\t<div class=\"e-con-inner\">\n\t\t<div class=\"elementor-element elementor-element-518a32f0 e-con-full e-flex e-con e-child\" data-id=\"518a32f0\" data-element_type=\"container\">\n\t\t\t\t<div class=\"elementor-element elementor-element-94a5ae7 elementor-widget elementor-widget-text-editor\" data-id=\"94a5ae7\" data-element_type=\"widget\" data-widget_type=\"text-editor.default\">\n\t\t\t\t<div class=\"elementor-widget-container\">\n\t\t\t\t\t\t\t\t\t<p><b>KATSURA YUMI<\/b><b><br \/><\/b> Yumi est n\u00e9e sur l\u2019\u00eele d\u2019Awaji, au Japon. Passionn\u00e9e de cuisine depuis son plus jeune \u00e2ge, elle a commenc\u00e9 \u00e0 travailler en cuisine \u00e0 temps partiel pendant ses \u00e9tudes. Apr\u00e8s le lyc\u00e9e artistique et l\u2019universit\u00e9 d\u2019art, elle a travaill\u00e9 comme graphiste \u00e0 Osaka et Tokyo.<\/p><p>Lors d\u2019un voyage en Italie, elle tombe amoureuse de la culture italienne et \u00e9tudie la langue \u00e0 Salerne. En 2008, elle s\u2019installe \u00e0 Bergame.<\/p><p>Pouss\u00e9e par la nostalgie des saveurs de son pays, elle commence \u00e0 cuisiner des plats japonais avec des ingr\u00e9dients italiens, diffusant sa passion par le bouche-\u00e0-oreille. Depuis 2012, elle enseigne la cuisine japonaise maison \u00e0 Bergame, Brescia, Lecco, Var\u00e8se et Milan, dans le but de faire conna\u00eetre la v\u00e9ritable tradition culinaire japonaise.<\/p>\t\t\t\t\t\t\t\t<\/div>\n\t\t\t\t<\/div>\n\t\t\t\t<\/div>\n\t\t<div class=\"elementor-element elementor-element-649dbf3e e-con-full e-flex e-con e-child\" data-id=\"649dbf3e\" data-element_type=\"container\">\n\t\t\t\t<div class=\"elementor-element elementor-element-2ab73ef elementor-widget elementor-widget-image\" data-id=\"2ab73ef\" data-element_type=\"widget\" data-widget_type=\"image.default\">\n\t\t\t\t<div class=\"elementor-widget-container\">\n\t\t\t\t\t\t\t\t\t\t\t\t\t\t\t<img decoding=\"async\" width=\"731\" height=\"1024\" src=\"https:\/\/japanmatsuri.org\/wp-content\/uploads\/2025\/07\/Street-Food-Yumi-Katsura-731x1024.jpg\" class=\"attachment-large size-large wp-image-1217\" alt=\"\" srcset=\"https:\/\/japanmatsuri.org\/wp-content\/uploads\/2025\/07\/Street-Food-Yumi-Katsura-731x1024.jpg 731w, https:\/\/japanmatsuri.org\/wp-content\/uploads\/2025\/07\/Street-Food-Yumi-Katsura-214x300.jpg 214w, https:\/\/japanmatsuri.org\/wp-content\/uploads\/2025\/07\/Street-Food-Yumi-Katsura-768x1076.jpg 768w, https:\/\/japanmatsuri.org\/wp-content\/uploads\/2025\/07\/Street-Food-Yumi-Katsura-1097x1536.jpg 1097w, https:\/\/japanmatsuri.org\/wp-content\/uploads\/2025\/07\/Street-Food-Yumi-Katsura-9x12.jpg 9w, https:\/\/japanmatsuri.org\/wp-content\/uploads\/2025\/07\/Street-Food-Yumi-Katsura.jpg 1323w\" sizes=\"(max-width: 731px) 100vw, 731px\" \/>\t\t\t\t\t\t\t\t\t\t\t\t\t\t\t<\/div>\n\t\t\t\t<\/div>\n\t\t\t\t<\/div>\n\t\t\t\t\t<\/div>\n\t\t\t\t<\/div>\n\t\t<div class=\"elementor-element elementor-element-20674fc e-flex e-con-boxed e-con e-parent\" data-id=\"20674fc\" data-element_type=\"container\">\n\t\t\t\t\t<div class=\"e-con-inner\">\n\t\t\t\t\t<\/div>\n\t\t\t\t<\/div>\n\t\t<div class=\"elementor-element elementor-element-0d584bb e-flex e-con-boxed e-con e-parent\" data-id=\"0d584bb\" data-element_type=\"container\">\n\t\t\t\t\t<div class=\"e-con-inner\">\n\t\t<div class=\"elementor-element elementor-element-ae71b0c e-con-full e-flex e-con e-child\" data-id=\"ae71b0c\" data-element_type=\"container\">\n\t\t\t\t<div class=\"elementor-element elementor-element-8a5b548 elementor-widget elementor-widget-text-editor\" data-id=\"8a5b548\" data-element_type=\"widget\" data-widget_type=\"text-editor.default\">\n\t\t\t\t<div class=\"elementor-widget-container\">\n\t\t\t\t\t\t\t\t\t<p class=\"translation-block\"><b>Date <\/b>: Dimanche 21 septembre 2025<br>\n<b>Horaire <\/b>: 10h45 \u2013 13h15<br>\n<b>Lieu <\/b>: Salle de Cuisine<br>\n<b>Inscriptions <\/b>: maximum 24 participants<br>\n<b>Prix <\/b>: 43 CHF<\/p><p class=\"translation-block\"><b>Langue :<\/b> italien, japonais<\/p>\t\t\t\t\t\t\t\t<\/div>\n\t\t\t\t<\/div>\n\t\t\t\t<\/div>\n\t\t<div class=\"elementor-element elementor-element-7bd75ab e-flex e-con-boxed e-con e-child\" data-id=\"7bd75ab\" data-element_type=\"container\">\n\t\t\t\t\t<div class=\"e-con-inner\">\n\t\t\t\t<div class=\"elementor-element elementor-element-aeb65c2 elementor-widget-mobile__width-initial elementor-widget elementor-widget-button\" data-id=\"aeb65c2\" data-element_type=\"widget\" data-widget_type=\"button.default\">\n\t\t\t\t<div class=\"elementor-widget-container\">\n\t\t\t\t\t\t\t\t\t<div class=\"elementor-button-wrapper\">\n\t\t\t\t\t<a class=\"elementor-button elementor-button-link elementor-size-sm\" href=\"https:\/\/www.ticketino.com\/fr\/event\/japan-matsuri-workshops\/205119\" target=\"_blank\">\n\t\t\t\t\t\t<span class=\"elementor-button-content-wrapper\">\n\t\t\t\t\t\t\t\t\t<span class=\"elementor-button-text\">INSCRIPTION<\/span>\n\t\t\t\t\t<\/span>\n\t\t\t\t\t<\/a>\n\t\t\t\t<\/div>\n\t\t\t\t\t\t\t\t<\/div>\n\t\t\t\t<\/div>\n\t\t\t\t<div class=\"elementor-element elementor-element-5f8f2df elementor-widget elementor-widget-button\" data-id=\"5f8f2df\" data-element_type=\"widget\" data-widget_type=\"button.default\">\n\t\t\t\t<div class=\"elementor-widget-container\">\n\t\t\t\t\t\t\t\t\t<div class=\"elementor-button-wrapper\">\n\t\t\t\t\t<a class=\"elementor-button elementor-button-link elementor-size-sm\" href=\"https:\/\/japanmatsuri.org\/fr\/reglement\/\" target=\"_blank\">\n\t\t\t\t\t\t<span class=\"elementor-button-content-wrapper\">\n\t\t\t\t\t\t\t\t\t<span class=\"elementor-button-text\">R\u00c8GLEMENT<\/span>\n\t\t\t\t\t<\/span>\n\t\t\t\t\t<\/a>\n\t\t\t\t<\/div>\n\t\t\t\t\t\t\t\t<\/div>\n\t\t\t\t<\/div>\n\t\t\t\t\t<\/div>\n\t\t\t\t<\/div>\n\t\t\t\t\t<\/div>\n\t\t\t\t<\/div>\n\t\t<div class=\"elementor-element elementor-element-0bfd954 e-flex e-con-boxed e-con e-parent\" data-id=\"0bfd954\" data-element_type=\"container\">\n\t\t\t\t\t<div class=\"e-con-inner\">\n\t\t\t\t<div class=\"elementor-element elementor-element-55d2bed elementor-widget elementor-widget-text-editor\" data-id=\"55d2bed\" data-element_type=\"widget\" data-widget_type=\"text-editor.default\">\n\t\t\t\t<div class=\"elementor-widget-container\">\n\t\t\t\t\t\t\t\t\t<p><i>Pour acc\u00e9der \u00e0 l\u2019espace des ateliers, vous devrez porter le bracelet fourni \u00e0 l\u2019entr\u00e9e du festival. Pour faciliter l\u2019entr\u00e9e, nous vous recommandons d\u2019acheter votre billet de festival en ligne. Les personnes handicap\u00e9es ou \u00e0 mobilit\u00e9 r\u00e9duite sont invit\u00e9es \u00e0 nous contacter \u00e0 l\u2019avance par email \u00e0 l\u2019adresse info@japanmatsuri.org afin que nous puissions organiser un acc\u00e8s sans stress.<\/i><\/p>\t\t\t\t\t\t\t\t<\/div>\n\t\t\t\t<\/div>\n\t\t\t\t\t<\/div>\n\t\t\t\t<\/div>\n\t\t<div class=\"elementor-element elementor-element-5c2c7aa7 e-flex e-con-boxed e-con e-parent\" data-id=\"5c2c7aa7\" data-element_type=\"container\">\n\t\t\t\t\t<div class=\"e-con-inner\">\n\t\t\t\t\t<\/div>\n\t\t\t\t<\/div>\n\t\t\t\t<\/div>","protected":false},"excerpt":{"rendered":"<p>Street Food Giapponese un viaggio tra sapori autentici e tradizione Scopri la vibrante cultura delle bancarelle giapponesi, parte integrante della vita quotidiana e delle festivit\u00e0 in Giappone. Questi stand offrono un\u2019atmosfera unica, dove \u00e8 possibile gustare cibi tradizionali preparati al momento, seguendo ricette tramandate nel tempo. Durante il workshop imparerai a preparare tre icone dello [&hellip;]<\/p>","protected":false},"author":1,"featured_media":0,"parent":0,"menu_order":0,"comment_status":"closed","ping_status":"closed","template":"","meta":{"footnotes":""},"class_list":["post-1214","page","type-page","status-publish","hentry"],"yoast_head":"<!-- This site is optimized with the Yoast SEO plugin v25.4 - https:\/\/yoast.com\/wordpress\/plugins\/seo\/ -->\n<title>workshop Street Food - Japan Matsuri - Festival Giapponese Bellinzona<\/title>\n<meta name=\"robots\" content=\"index, follow, max-snippet:-1, max-image-preview:large, max-video-preview:-1\" \/>\n<link rel=\"canonical\" href=\"https:\/\/japanmatsuri.org\/fr\/workshop-street-food\/\" \/>\n<meta property=\"og:locale\" content=\"fr_FR\" \/>\n<meta property=\"og:type\" content=\"article\" \/>\n<meta property=\"og:title\" content=\"workshop Street Food - Japan Matsuri - Festival Giapponese Bellinzona\" \/>\n<meta property=\"og:description\" content=\"Street Food Giapponese un viaggio tra sapori autentici e tradizione Scopri la vibrante cultura delle bancarelle giapponesi, parte integrante della vita quotidiana e delle festivit\u00e0 in Giappone. Questi stand offrono un\u2019atmosfera unica, dove \u00e8 possibile gustare cibi tradizionali preparati al momento, seguendo ricette tramandate nel tempo. Durante il workshop imparerai a preparare tre icone dello [&hellip;]\" \/>\n<meta property=\"og:url\" content=\"https:\/\/japanmatsuri.org\/fr\/workshop-street-food\/\" \/>\n<meta property=\"og:site_name\" content=\"Japan Matsuri - Festival Giapponese Bellinzona\" \/>\n<meta property=\"article:modified_time\" content=\"2025-07-01T17:30:15+00:00\" \/>\n<meta property=\"og:image\" content=\"https:\/\/japanmatsuri.org\/wp-content\/uploads\/2025\/07\/14-1024x410.png\" \/>\n\t<meta property=\"og:image:width\" content=\"1024\" \/>\n\t<meta property=\"og:image:height\" content=\"410\" \/>\n\t<meta property=\"og:image:type\" content=\"image\/png\" \/>\n<meta name=\"twitter:card\" content=\"summary_large_image\" \/>\n<meta name=\"twitter:label1\" content=\"Dur\u00e9e de lecture estim\u00e9e\" \/>\n\t<meta name=\"twitter:data1\" content=\"2 minutes\" \/>\n<script type=\"application\/ld+json\" class=\"yoast-schema-graph\">{\"@context\":\"https:\/\/schema.org\",\"@graph\":[{\"@type\":\"WebPage\",\"@id\":\"https:\/\/japanmatsuri.org\/workshop-street-food\/\",\"url\":\"https:\/\/japanmatsuri.org\/workshop-street-food\/\",\"name\":\"workshop Street Food - Japan Matsuri - Festival Giapponese Bellinzona\",\"isPartOf\":{\"@id\":\"https:\/\/japanmatsuri.org\/#website\"},\"primaryImageOfPage\":{\"@id\":\"https:\/\/japanmatsuri.org\/workshop-street-food\/#primaryimage\"},\"image\":{\"@id\":\"https:\/\/japanmatsuri.org\/workshop-street-food\/#primaryimage\"},\"thumbnailUrl\":\"https:\/\/japanmatsuri.org\/wp-content\/uploads\/2025\/07\/14.png\",\"datePublished\":\"2025-07-01T17:18:43+00:00\",\"dateModified\":\"2025-07-01T17:30:15+00:00\",\"breadcrumb\":{\"@id\":\"https:\/\/japanmatsuri.org\/workshop-street-food\/#breadcrumb\"},\"inLanguage\":\"fr-FR\",\"potentialAction\":[{\"@type\":\"ReadAction\",\"target\":[\"https:\/\/japanmatsuri.org\/workshop-street-food\/\"]}]},{\"@type\":\"ImageObject\",\"inLanguage\":\"fr-FR\",\"@id\":\"https:\/\/japanmatsuri.org\/workshop-street-food\/#primaryimage\",\"url\":\"https:\/\/japanmatsuri.org\/wp-content\/uploads\/2025\/07\/14.png\",\"contentUrl\":\"https:\/\/japanmatsuri.org\/wp-content\/uploads\/2025\/07\/14.png\"},{\"@type\":\"BreadcrumbList\",\"@id\":\"https:\/\/japanmatsuri.org\/workshop-street-food\/#breadcrumb\",\"itemListElement\":[{\"@type\":\"ListItem\",\"position\":1,\"name\":\"Home\",\"item\":\"https:\/\/japanmatsuri.org\/it\/\"},{\"@type\":\"ListItem\",\"position\":2,\"name\":\"workshop Street Food\"}]},{\"@type\":\"WebSite\",\"@id\":\"https:\/\/japanmatsuri.org\/#website\",\"url\":\"https:\/\/japanmatsuri.org\/\",\"name\":\"Japan Matsuri - Festival Giapponese Bellinzona\",\"description\":\"Festival Giapponese Bellinzona\",\"potentialAction\":[{\"@type\":\"SearchAction\",\"target\":{\"@type\":\"EntryPoint\",\"urlTemplate\":\"https:\/\/japanmatsuri.org\/?s={search_term_string}\"},\"query-input\":{\"@type\":\"PropertyValueSpecification\",\"valueRequired\":true,\"valueName\":\"search_term_string\"}}],\"inLanguage\":\"fr-FR\"}]}<\/script>\n<!-- \/ Yoast SEO plugin. -->","yoast_head_json":{"title":"workshop Street Food - Japan Matsuri - Festival Giapponese Bellinzona","robots":{"index":"index","follow":"follow","max-snippet":"max-snippet:-1","max-image-preview":"max-image-preview:large","max-video-preview":"max-video-preview:-1"},"canonical":"https:\/\/japanmatsuri.org\/fr\/workshop-street-food\/","og_locale":"fr_FR","og_type":"article","og_title":"workshop Street Food - Japan Matsuri - Festival Giapponese Bellinzona","og_description":"Street Food Giapponese un viaggio tra sapori autentici e tradizione Scopri la vibrante cultura delle bancarelle giapponesi, parte integrante della vita quotidiana e delle festivit\u00e0 in Giappone. Questi stand offrono un\u2019atmosfera unica, dove \u00e8 possibile gustare cibi tradizionali preparati al momento, seguendo ricette tramandate nel tempo. Durante il workshop imparerai a preparare tre icone dello [&hellip;]","og_url":"https:\/\/japanmatsuri.org\/fr\/workshop-street-food\/","og_site_name":"Japan Matsuri - Festival Giapponese Bellinzona","article_modified_time":"2025-07-01T17:30:15+00:00","og_image":[{"width":1024,"height":410,"url":"https:\/\/japanmatsuri.org\/wp-content\/uploads\/2025\/07\/14-1024x410.png","type":"image\/png"}],"twitter_card":"summary_large_image","twitter_misc":{"Dur\u00e9e de lecture estim\u00e9e":"2 minutes"},"schema":{"@context":"https:\/\/schema.org","@graph":[{"@type":"WebPage","@id":"https:\/\/japanmatsuri.org\/workshop-street-food\/","url":"https:\/\/japanmatsuri.org\/workshop-street-food\/","name":"workshop Street Food - Japan Matsuri - Festival Giapponese Bellinzona","isPartOf":{"@id":"https:\/\/japanmatsuri.org\/#website"},"primaryImageOfPage":{"@id":"https:\/\/japanmatsuri.org\/workshop-street-food\/#primaryimage"},"image":{"@id":"https:\/\/japanmatsuri.org\/workshop-street-food\/#primaryimage"},"thumbnailUrl":"https:\/\/japanmatsuri.org\/wp-content\/uploads\/2025\/07\/14.png","datePublished":"2025-07-01T17:18:43+00:00","dateModified":"2025-07-01T17:30:15+00:00","breadcrumb":{"@id":"https:\/\/japanmatsuri.org\/workshop-street-food\/#breadcrumb"},"inLanguage":"fr-FR","potentialAction":[{"@type":"ReadAction","target":["https:\/\/japanmatsuri.org\/workshop-street-food\/"]}]},{"@type":"ImageObject","inLanguage":"fr-FR","@id":"https:\/\/japanmatsuri.org\/workshop-street-food\/#primaryimage","url":"https:\/\/japanmatsuri.org\/wp-content\/uploads\/2025\/07\/14.png","contentUrl":"https:\/\/japanmatsuri.org\/wp-content\/uploads\/2025\/07\/14.png"},{"@type":"BreadcrumbList","@id":"https:\/\/japanmatsuri.org\/workshop-street-food\/#breadcrumb","itemListElement":[{"@type":"ListItem","position":1,"name":"Home","item":"https:\/\/japanmatsuri.org\/it\/"},{"@type":"ListItem","position":2,"name":"workshop Street Food"}]},{"@type":"WebSite","@id":"https:\/\/japanmatsuri.org\/#website","url":"https:\/\/japanmatsuri.org\/","name":"Japan Matsuri - Festival Giapponese Bellinzona","description":"Festival Giapponese Bellinzona","potentialAction":[{"@type":"SearchAction","target":{"@type":"EntryPoint","urlTemplate":"https:\/\/japanmatsuri.org\/?s={search_term_string}"},"query-input":{"@type":"PropertyValueSpecification","valueRequired":true,"valueName":"search_term_string"}}],"inLanguage":"fr-FR"}]}},"_links":{"self":[{"href":"https:\/\/japanmatsuri.org\/fr\/wp-json\/wp\/v2\/pages\/1214","targetHints":{"allow":["GET"]}}],"collection":[{"href":"https:\/\/japanmatsuri.org\/fr\/wp-json\/wp\/v2\/pages"}],"about":[{"href":"https:\/\/japanmatsuri.org\/fr\/wp-json\/wp\/v2\/types\/page"}],"author":[{"embeddable":true,"href":"https:\/\/japanmatsuri.org\/fr\/wp-json\/wp\/v2\/users\/1"}],"replies":[{"embeddable":true,"href":"https:\/\/japanmatsuri.org\/fr\/wp-json\/wp\/v2\/comments?post=1214"}],"version-history":[{"count":7,"href":"https:\/\/japanmatsuri.org\/fr\/wp-json\/wp\/v2\/pages\/1214\/revisions"}],"predecessor-version":[{"id":1224,"href":"https:\/\/japanmatsuri.org\/fr\/wp-json\/wp\/v2\/pages\/1214\/revisions\/1224"}],"wp:attachment":[{"href":"https:\/\/japanmatsuri.org\/fr\/wp-json\/wp\/v2\/media?parent=1214"}],"curies":[{"name":"wp","href":"https:\/\/api.w.org\/{rel}","templated":true}]}}