{"id":1235,"date":"2025-07-01T19:02:44","date_gmt":"2025-07-01T18:02:44","guid":{"rendered":"https:\/\/japanmatsuri.org\/it\/?page_id=1235"},"modified":"2025-07-09T18:03:25","modified_gmt":"2025-07-09T17:03:25","slug":"sumi-e-shozo-koike","status":"publish","type":"page","link":"https:\/\/japanmatsuri.org\/fr\/sumi-e-shozo-koike\/","title":{"rendered":"SUMI-E Shozo Koike"},"content":{"rendered":"<div data-elementor-type=\"wp-page\" data-elementor-id=\"1235\" class=\"elementor elementor-1235\" data-elementor-post-type=\"page\">\n\t\t\t\t<div class=\"elementor-element elementor-element-68c8ea0d e-flex e-con-boxed e-con e-parent\" data-id=\"68c8ea0d\" data-element_type=\"container\">\n\t\t\t\t\t<div class=\"e-con-inner\">\n\t\t\t\t<div class=\"elementor-element elementor-element-5b3d0899 elementor-widget elementor-widget-heading\" data-id=\"5b3d0899\" data-element_type=\"widget\" data-widget_type=\"heading.default\">\n\t\t\t\t<div class=\"elementor-widget-container\">\n\t\t\t\t\t<h1 class=\"elementor-heading-title elementor-size-default\">SUMI-E avec Shozo Koike<\/h1>\t\t\t\t<\/div>\n\t\t\t\t<\/div>\n\t\t\t\t\t<\/div>\n\t\t\t\t<\/div>\n\t\t<div class=\"elementor-element elementor-element-7d9cda23 e-flex e-con-boxed e-con e-parent\" data-id=\"7d9cda23\" data-element_type=\"container\">\n\t\t\t\t\t<div class=\"e-con-inner\">\n\t\t\t\t<div class=\"elementor-element elementor-element-55d3942 elementor-widget elementor-widget-image\" data-id=\"55d3942\" data-element_type=\"widget\" data-widget_type=\"image.default\">\n\t\t\t\t<div class=\"elementor-widget-container\">\n\t\t\t\t\t\t\t\t\t\t\t\t\t\t\t<img fetchpriority=\"high\" decoding=\"async\" width=\"1750\" height=\"700\" src=\"https:\/\/japanmatsuri.org\/wp-content\/uploads\/2025\/07\/16.png\" class=\"attachment-full size-full wp-image-1237\" alt=\"\" srcset=\"https:\/\/japanmatsuri.org\/wp-content\/uploads\/2025\/07\/16.png 1750w, https:\/\/japanmatsuri.org\/wp-content\/uploads\/2025\/07\/16-300x120.png 300w, https:\/\/japanmatsuri.org\/wp-content\/uploads\/2025\/07\/16-1024x410.png 1024w, https:\/\/japanmatsuri.org\/wp-content\/uploads\/2025\/07\/16-768x307.png 768w, https:\/\/japanmatsuri.org\/wp-content\/uploads\/2025\/07\/16-1536x614.png 1536w, https:\/\/japanmatsuri.org\/wp-content\/uploads\/2025\/07\/16-18x7.png 18w\" sizes=\"(max-width: 1750px) 100vw, 1750px\" \/>\t\t\t\t\t\t\t\t\t\t\t\t\t\t\t<\/div>\n\t\t\t\t<\/div>\n\t\t\t\t\t<\/div>\n\t\t\t\t<\/div>\n\t\t<div class=\"elementor-element elementor-element-7abcbb3 e-flex e-con-boxed e-con e-parent\" data-id=\"7abcbb3\" data-element_type=\"container\">\n\t\t\t\t\t<div class=\"e-con-inner\">\n\t\t\t\t\t<\/div>\n\t\t\t\t<\/div>\n\t\t<div class=\"elementor-element elementor-element-4ab12ba e-flex e-con-boxed e-con e-parent\" data-id=\"4ab12ba\" data-element_type=\"container\">\n\t\t\t\t\t<div class=\"e-con-inner\">\n\t\t\t\t<div class=\"elementor-element elementor-element-be32378 elementor-widget elementor-widget-text-editor\" data-id=\"be32378\" data-element_type=\"widget\" data-widget_type=\"text-editor.default\">\n\t\t\t\t<div class=\"elementor-widget-container\">\n\t\t\t\t\t\t\t\t\t<p>Le terme japonais SUMI-E (\u58a8\u7d75) signifie litt\u00e9ralement \"peinture \u00e0 l'encre\" et d\u00e9signe une forme de peinture r\u00e9alis\u00e9e avec de l'encre noire (sumi) \u00e0 diverses dilutions. Cet art repr\u00e9sente l'harmonie et, par l'utilisation du pinceau, permet de reproduire un monde en noir, blanc et gris; les tonalit\u00e9s et jeux de nuances sur le papier restituent au peintre et \u00e0 l'observateur les m\u00eames sensations que les jeux de couleurs. Les traits trac\u00e9s ne peuvent pas \u00eatre corrig\u00e9s, ce qui exige concentration, d\u00e9vouement et beaucoup de pratique. On ne peint pas pour montrer son savoir-faire, mais pour s'exprimer.<\/p>\t\t\t\t\t\t\t\t<\/div>\n\t\t\t\t<\/div>\n\t\t\t\t<div class=\"elementor-element elementor-element-287a43f elementor-widget elementor-widget-text-editor\" data-id=\"287a43f\" data-element_type=\"widget\" data-widget_type=\"text-editor.default\">\n\t\t\t\t<div class=\"elementor-widget-container\">\n\t\t\t\t\t\t\t\t\t<p class=\"translation-block\"><b>Programme :<\/b>\nSans l'utilisation de croquis, des images apparemment simples sont compos\u00e9es, mais d'o\u00f9 transparaissent harmonie et \u00e9l\u00e9gance. Il n'est pas n\u00e9cessaire d'avoir des connaissances en peinture, car chacun pourra exp\u00e9rimenter cette technique unique pour la premi\u00e8re fois. Cette m\u00e9thode diff\u00e9rente enseigne \u00e0 observer la nature et \u00e0 dessiner avec le pinceau et les nuances de noir. De la dilution de l'encre \u00e0 la pr\u00e9paration des nuances, jusqu'\u00e0 la cr\u00e9ation d'une image, c'est un voyage dans le monde et la culture du Japon.<\/p>\t\t\t\t\t\t\t\t<\/div>\n\t\t\t\t<\/div>\n\t\t\t\t<div class=\"elementor-element elementor-element-810eec2 elementor-widget elementor-widget-text-editor\" data-id=\"810eec2\" data-element_type=\"widget\" data-widget_type=\"text-editor.default\">\n\t\t\t\t<div class=\"elementor-widget-container\">\n\t\t\t\t\t\t\t\t\t<p><strong><b>Contenu de la le\u00e7on :<\/b><\/strong><\/p><ul><li>\u00a0 \u00a0 \u00a0 Pr\u00e9paration de l'encre et utilisation du pinceau<\/li><li>\u00a0 \u00a0 \u00a0 Caract\u00e9ristiques du sumi (encre japonaise)<\/li><li>\u00a0 \u00a0 \u00a0 Techniques et attitude n\u00e9cessaires pour peindre<\/li><li>\u00a0 \u00a0 \u00a0 R\u00e9alisation de quelques sujets traditionnels<\/li><\/ul>\t\t\t\t\t\t\t\t<\/div>\n\t\t\t\t<\/div>\n\t\t\t\t\t<\/div>\n\t\t\t\t<\/div>\n\t\t<div class=\"elementor-element elementor-element-f227403 e-flex e-con-boxed e-con e-parent\" data-id=\"f227403\" data-element_type=\"container\">\n\t\t\t\t\t<div class=\"e-con-inner\">\n\t\t<div class=\"elementor-element elementor-element-146b1b3 e-con-full e-flex e-con e-child\" data-id=\"146b1b3\" data-element_type=\"container\">\n\t\t\t\t<div class=\"elementor-element elementor-element-d29e83a elementor-widget elementor-widget-image\" data-id=\"d29e83a\" data-element_type=\"widget\" data-widget_type=\"image.default\">\n\t\t\t\t<div class=\"elementor-widget-container\">\n\t\t\t\t\t\t\t\t\t\t\t\t\t\t\t<img decoding=\"async\" width=\"800\" height=\"573\" src=\"https:\/\/japanmatsuri.org\/wp-content\/uploads\/2025\/07\/Sumi-e-1024x734.jpg\" class=\"attachment-large size-large wp-image-1238\" alt=\"\" srcset=\"https:\/\/japanmatsuri.org\/wp-content\/uploads\/2025\/07\/Sumi-e-1024x734.jpg 1024w, https:\/\/japanmatsuri.org\/wp-content\/uploads\/2025\/07\/Sumi-e-300x215.jpg 300w, https:\/\/japanmatsuri.org\/wp-content\/uploads\/2025\/07\/Sumi-e-768x550.jpg 768w, https:\/\/japanmatsuri.org\/wp-content\/uploads\/2025\/07\/Sumi-e-1536x1100.jpg 1536w, https:\/\/japanmatsuri.org\/wp-content\/uploads\/2025\/07\/Sumi-e-18x12.jpg 18w, https:\/\/japanmatsuri.org\/wp-content\/uploads\/2025\/07\/Sumi-e.jpg 2048w\" sizes=\"(max-width: 800px) 100vw, 800px\" \/>\t\t\t\t\t\t\t\t\t\t\t\t\t\t\t<\/div>\n\t\t\t\t<\/div>\n\t\t\t\t<\/div>\n\t\t<div class=\"elementor-element elementor-element-3db8ad5 e-con-full e-flex e-con e-child\" data-id=\"3db8ad5\" data-element_type=\"container\">\n\t\t\t\t<div class=\"elementor-element elementor-element-1a57efb elementor-widget elementor-widget-text-editor\" data-id=\"1a57efb\" data-element_type=\"widget\" data-widget_type=\"text-editor.default\">\n\t\t\t\t<div class=\"elementor-widget-container\">\n\t\t\t\t\t\t\t\t\t<p class=\"\"><strong>Docente:<\/strong> Shozo Koike<\/p><p class=\"\">N\u00e9 \u00e0 Okaya, dans la pr\u00e9fecture de Nagano, au Japon, il vit en Italie depuis plus de vingt ans. Apr\u00e8s avoir termin\u00e9 ses \u00e9tudes \u00e0 l\u2019Acad\u00e9mie des Beaux-Arts Taiheiyo \u00e0 Tokyo et acquis une exp\u00e9rience professionnelle et artistique au Japon, il a d\u00e9m\u00e9nag\u00e9 en Italie, pouss\u00e9 par sa passion pour l\u2019art. \u00c0 Florence, il obtient un dipl\u00f4me en restauration de peintures au Palazzo Spinelli et suit un cours de dessin \u00e0 l\u2019Acad\u00e9mie des Beaux-Arts de Florence. Apr\u00e8s de nombreuses ann\u00e9es pass\u00e9es \u00e0 Florence, il s\u2019installe au Pi\u00e9mont, \u00e0 Casale Monferrato (AL), o\u00f9 il enseigne la peinture traditionnelle japonaise \u00e0 l\u2019encre, connue sous le nom de \u2018sumi-e\u2019. En parall\u00e8le de son travail de restaurateur, il m\u00e8ne une carri\u00e8re artistique active, exposant ses \u0153uvres dans des expositions personnelles et collectives depuis 1981, tant au Japon qu\u2019en Italie.<\/p>\t\t\t\t\t\t\t\t<\/div>\n\t\t\t\t<\/div>\n\t\t\t\t<\/div>\n\t\t\t\t\t<\/div>\n\t\t\t\t<\/div>\n\t\t<div class=\"elementor-element elementor-element-fd1f431 e-flex e-con-boxed e-con e-parent\" data-id=\"fd1f431\" data-element_type=\"container\">\n\t\t\t\t\t<div class=\"e-con-inner\">\n\t\t<div class=\"elementor-element elementor-element-8e23d23 e-con-full e-flex e-con e-child\" data-id=\"8e23d23\" data-element_type=\"container\">\n\t\t\t\t<div class=\"elementor-element elementor-element-e0103d8 elementor-widget elementor-widget-text-editor\" data-id=\"e0103d8\" data-element_type=\"widget\" data-widget_type=\"text-editor.default\">\n\t\t\t\t<div class=\"elementor-widget-container\">\n\t\t\t\t\t\t\t\t\t<p class=\"translation-block\"><b>Date<\/b> : Dimanche 21 septembre 2025<br>\n<b>Heure <\/b>: 13h30 \u2013 15h00<br>\n<b>Lieu <\/b>: Salle 1<br>\n<b>Inscriptions <\/b>: Maximum 10 participants<br>\n<b>Prix <\/b>: Gratuit<\/p><p class=\"translation-block\"><b>Langue :<\/b> italien, japonais<\/p>\t\t\t\t\t\t\t\t<\/div>\n\t\t\t\t<\/div>\n\t\t\t\t<\/div>\n\t\t<div class=\"elementor-element elementor-element-75f49a1 e-flex e-con-boxed e-con e-child\" data-id=\"75f49a1\" data-element_type=\"container\">\n\t\t\t\t\t<div class=\"e-con-inner\">\n\t\t\t\t<div class=\"elementor-element elementor-element-d3f91e9 elementor-widget-mobile__width-initial elementor-widget elementor-widget-button\" data-id=\"d3f91e9\" data-element_type=\"widget\" data-widget_type=\"button.default\">\n\t\t\t\t<div class=\"elementor-widget-container\">\n\t\t\t\t\t\t\t\t\t<div class=\"elementor-button-wrapper\">\n\t\t\t\t\t<a class=\"elementor-button elementor-button-link elementor-size-sm\" href=\"https:\/\/www.ticketino.com\/fr\/event\/japan-matsuri-corsi\/205136\" target=\"_blank\">\n\t\t\t\t\t\t<span class=\"elementor-button-content-wrapper\">\n\t\t\t\t\t\t\t\t\t<span class=\"elementor-button-text\">INSCRIPTION<\/span>\n\t\t\t\t\t<\/span>\n\t\t\t\t\t<\/a>\n\t\t\t\t<\/div>\n\t\t\t\t\t\t\t\t<\/div>\n\t\t\t\t<\/div>\n\t\t\t\t<div class=\"elementor-element elementor-element-4a3b6e8 elementor-widget elementor-widget-button\" data-id=\"4a3b6e8\" data-element_type=\"widget\" data-widget_type=\"button.default\">\n\t\t\t\t<div class=\"elementor-widget-container\">\n\t\t\t\t\t\t\t\t\t<div class=\"elementor-button-wrapper\">\n\t\t\t\t\t<a class=\"elementor-button elementor-button-link elementor-size-sm\" href=\"https:\/\/japanmatsuri.org\/fr\/reglement\/\" target=\"_blank\">\n\t\t\t\t\t\t<span class=\"elementor-button-content-wrapper\">\n\t\t\t\t\t\t\t\t\t<span class=\"elementor-button-text\">R\u00c8GLEMENT<\/span>\n\t\t\t\t\t<\/span>\n\t\t\t\t\t<\/a>\n\t\t\t\t<\/div>\n\t\t\t\t\t\t\t\t<\/div>\n\t\t\t\t<\/div>\n\t\t\t\t\t<\/div>\n\t\t\t\t<\/div>\n\t\t\t\t\t<\/div>\n\t\t\t\t<\/div>\n\t\t<div class=\"elementor-element elementor-element-3855ea0 e-flex e-con-boxed e-con e-parent\" data-id=\"3855ea0\" data-element_type=\"container\">\n\t\t\t\t\t<div class=\"e-con-inner\">\n\t\t\t\t<div class=\"elementor-element elementor-element-34375c7 elementor-widget elementor-widget-text-editor\" data-id=\"34375c7\" data-element_type=\"widget\" data-widget_type=\"text-editor.default\">\n\t\t\t\t<div class=\"elementor-widget-container\">\n\t\t\t\t\t\t\t\t\t<p><i>Pour acc\u00e9der \u00e0 l\u2019espace des ateliers, vous devrez porter le bracelet fourni \u00e0 l\u2019entr\u00e9e du festival. Pour faciliter l\u2019entr\u00e9e, nous vous recommandons d\u2019acheter votre billet de festival en ligne. Les personnes handicap\u00e9es ou \u00e0 mobilit\u00e9 r\u00e9duite sont invit\u00e9es \u00e0 nous contacter \u00e0 l\u2019avance par email \u00e0 l\u2019adresse info@japanmatsuri.org afin que nous puissions organiser un acc\u00e8s sans stress.<\/i><\/p>\t\t\t\t\t\t\t\t<\/div>\n\t\t\t\t<\/div>\n\t\t\t\t\t<\/div>\n\t\t\t\t<\/div>\n\t\t<div class=\"elementor-element elementor-element-2a9ad7db e-flex e-con-boxed e-con e-parent\" data-id=\"2a9ad7db\" data-element_type=\"container\">\n\t\t\t\t\t<div class=\"e-con-inner\">\n\t\t\t\t\t<\/div>\n\t\t\t\t<\/div>\n\t\t\t\t<\/div>","protected":false},"excerpt":{"rendered":"<p>SUMI-E con Shozo Koike Il termine giapponese SUMI-E (\u58a8\u7d75) significa letteralmente \u201cpittura ad inchiostro\u201d ed indica una forma di pittura che si esegue con inchiostro nero (sumi) in varie diluizioni. \u00c8 un\u2019arte che rappresenta l\u2019armonia e che tramite l\u2019uso del pennello permette di riprodurre un mondo in bianco, nero, e grigio; tonalit\u00e0 e giochi di [&hellip;]<\/p>","protected":false},"author":1,"featured_media":0,"parent":0,"menu_order":0,"comment_status":"closed","ping_status":"closed","template":"","meta":{"footnotes":""},"class_list":["post-1235","page","type-page","status-publish","hentry"],"yoast_head":"<!-- This site is optimized with the Yoast SEO plugin v25.4 - https:\/\/yoast.com\/wordpress\/plugins\/seo\/ -->\n<title>SUMI-E Shozo Koike - Japan Matsuri - Festival Giapponese Bellinzona<\/title>\n<meta name=\"robots\" content=\"index, follow, max-snippet:-1, max-image-preview:large, max-video-preview:-1\" \/>\n<link rel=\"canonical\" href=\"https:\/\/japanmatsuri.org\/fr\/sumi-e-shozo-koike\/\" \/>\n<meta property=\"og:locale\" content=\"fr_FR\" \/>\n<meta property=\"og:type\" content=\"article\" \/>\n<meta property=\"og:title\" content=\"SUMI-E Shozo Koike - Japan Matsuri - Festival Giapponese Bellinzona\" \/>\n<meta property=\"og:description\" content=\"SUMI-E con Shozo Koike Il termine giapponese SUMI-E (\u58a8\u7d75) significa letteralmente \u201cpittura ad inchiostro\u201d ed indica una forma di pittura che si esegue con inchiostro nero (sumi) in varie diluizioni. \u00c8 un\u2019arte che rappresenta l\u2019armonia e che tramite l\u2019uso del pennello permette di riprodurre un mondo in bianco, nero, e grigio; tonalit\u00e0 e giochi di [&hellip;]\" \/>\n<meta property=\"og:url\" content=\"https:\/\/japanmatsuri.org\/fr\/sumi-e-shozo-koike\/\" \/>\n<meta property=\"og:site_name\" content=\"Japan Matsuri - Festival Giapponese Bellinzona\" \/>\n<meta property=\"article:modified_time\" content=\"2025-07-09T17:03:25+00:00\" \/>\n<meta property=\"og:image\" content=\"https:\/\/japanmatsuri.org\/wp-content\/uploads\/2025\/07\/16.png\" \/>\n\t<meta property=\"og:image:width\" content=\"1750\" \/>\n\t<meta property=\"og:image:height\" content=\"700\" \/>\n\t<meta property=\"og:image:type\" content=\"image\/png\" \/>\n<meta name=\"twitter:card\" content=\"summary_large_image\" \/>\n<meta name=\"twitter:label1\" content=\"Dur\u00e9e de lecture estim\u00e9e\" \/>\n\t<meta name=\"twitter:data1\" content=\"2 minutes\" \/>\n<script type=\"application\/ld+json\" class=\"yoast-schema-graph\">{\"@context\":\"https:\/\/schema.org\",\"@graph\":[{\"@type\":\"WebPage\",\"@id\":\"https:\/\/japanmatsuri.org\/en\/sumi-e-shozo-koike\/\",\"url\":\"https:\/\/japanmatsuri.org\/en\/sumi-e-shozo-koike\/\",\"name\":\"SUMI-E Shozo Koike - Japan Matsuri - Festival Giapponese Bellinzona\",\"isPartOf\":{\"@id\":\"https:\/\/japanmatsuri.org\/#website\"},\"primaryImageOfPage\":{\"@id\":\"https:\/\/japanmatsuri.org\/en\/sumi-e-shozo-koike\/#primaryimage\"},\"image\":{\"@id\":\"https:\/\/japanmatsuri.org\/en\/sumi-e-shozo-koike\/#primaryimage\"},\"thumbnailUrl\":\"https:\/\/japanmatsuri.org\/wp-content\/uploads\/2025\/07\/16.png\",\"datePublished\":\"2025-07-01T18:02:44+00:00\",\"dateModified\":\"2025-07-09T17:03:25+00:00\",\"breadcrumb\":{\"@id\":\"https:\/\/japanmatsuri.org\/en\/sumi-e-shozo-koike\/#breadcrumb\"},\"inLanguage\":\"fr-FR\",\"potentialAction\":[{\"@type\":\"ReadAction\",\"target\":[\"https:\/\/japanmatsuri.org\/en\/sumi-e-shozo-koike\/\"]}]},{\"@type\":\"ImageObject\",\"inLanguage\":\"fr-FR\",\"@id\":\"https:\/\/japanmatsuri.org\/en\/sumi-e-shozo-koike\/#primaryimage\",\"url\":\"https:\/\/japanmatsuri.org\/wp-content\/uploads\/2025\/07\/16.png\",\"contentUrl\":\"https:\/\/japanmatsuri.org\/wp-content\/uploads\/2025\/07\/16.png\"},{\"@type\":\"BreadcrumbList\",\"@id\":\"https:\/\/japanmatsuri.org\/en\/sumi-e-shozo-koike\/#breadcrumb\",\"itemListElement\":[{\"@type\":\"ListItem\",\"position\":1,\"name\":\"Home\",\"item\":\"https:\/\/japanmatsuri.org\/it\/\"},{\"@type\":\"ListItem\",\"position\":2,\"name\":\"SUMI-E Shozo Koike\"}]},{\"@type\":\"WebSite\",\"@id\":\"https:\/\/japanmatsuri.org\/#website\",\"url\":\"https:\/\/japanmatsuri.org\/\",\"name\":\"Japan Matsuri - Festival Giapponese Bellinzona\",\"description\":\"Festival Giapponese Bellinzona\",\"potentialAction\":[{\"@type\":\"SearchAction\",\"target\":{\"@type\":\"EntryPoint\",\"urlTemplate\":\"https:\/\/japanmatsuri.org\/?s={search_term_string}\"},\"query-input\":{\"@type\":\"PropertyValueSpecification\",\"valueRequired\":true,\"valueName\":\"search_term_string\"}}],\"inLanguage\":\"fr-FR\"}]}<\/script>\n<!-- \/ Yoast SEO plugin. -->","yoast_head_json":{"title":"SUMI-E Shozo Koike - Japan Matsuri - Festival Giapponese Bellinzona","robots":{"index":"index","follow":"follow","max-snippet":"max-snippet:-1","max-image-preview":"max-image-preview:large","max-video-preview":"max-video-preview:-1"},"canonical":"https:\/\/japanmatsuri.org\/fr\/sumi-e-shozo-koike\/","og_locale":"fr_FR","og_type":"article","og_title":"SUMI-E Shozo Koike - Japan Matsuri - Festival Giapponese Bellinzona","og_description":"SUMI-E con Shozo Koike Il termine giapponese SUMI-E (\u58a8\u7d75) significa letteralmente \u201cpittura ad inchiostro\u201d ed indica una forma di pittura che si esegue con inchiostro nero (sumi) in varie diluizioni. \u00c8 un\u2019arte che rappresenta l\u2019armonia e che tramite l\u2019uso del pennello permette di riprodurre un mondo in bianco, nero, e grigio; tonalit\u00e0 e giochi di [&hellip;]","og_url":"https:\/\/japanmatsuri.org\/fr\/sumi-e-shozo-koike\/","og_site_name":"Japan Matsuri - Festival Giapponese Bellinzona","article_modified_time":"2025-07-09T17:03:25+00:00","og_image":[{"width":1750,"height":700,"url":"https:\/\/japanmatsuri.org\/wp-content\/uploads\/2025\/07\/16.png","type":"image\/png"}],"twitter_card":"summary_large_image","twitter_misc":{"Dur\u00e9e de lecture estim\u00e9e":"2 minutes"},"schema":{"@context":"https:\/\/schema.org","@graph":[{"@type":"WebPage","@id":"https:\/\/japanmatsuri.org\/en\/sumi-e-shozo-koike\/","url":"https:\/\/japanmatsuri.org\/en\/sumi-e-shozo-koike\/","name":"SUMI-E Shozo Koike - Japan Matsuri - Festival Giapponese Bellinzona","isPartOf":{"@id":"https:\/\/japanmatsuri.org\/#website"},"primaryImageOfPage":{"@id":"https:\/\/japanmatsuri.org\/en\/sumi-e-shozo-koike\/#primaryimage"},"image":{"@id":"https:\/\/japanmatsuri.org\/en\/sumi-e-shozo-koike\/#primaryimage"},"thumbnailUrl":"https:\/\/japanmatsuri.org\/wp-content\/uploads\/2025\/07\/16.png","datePublished":"2025-07-01T18:02:44+00:00","dateModified":"2025-07-09T17:03:25+00:00","breadcrumb":{"@id":"https:\/\/japanmatsuri.org\/en\/sumi-e-shozo-koike\/#breadcrumb"},"inLanguage":"fr-FR","potentialAction":[{"@type":"ReadAction","target":["https:\/\/japanmatsuri.org\/en\/sumi-e-shozo-koike\/"]}]},{"@type":"ImageObject","inLanguage":"fr-FR","@id":"https:\/\/japanmatsuri.org\/en\/sumi-e-shozo-koike\/#primaryimage","url":"https:\/\/japanmatsuri.org\/wp-content\/uploads\/2025\/07\/16.png","contentUrl":"https:\/\/japanmatsuri.org\/wp-content\/uploads\/2025\/07\/16.png"},{"@type":"BreadcrumbList","@id":"https:\/\/japanmatsuri.org\/en\/sumi-e-shozo-koike\/#breadcrumb","itemListElement":[{"@type":"ListItem","position":1,"name":"Home","item":"https:\/\/japanmatsuri.org\/it\/"},{"@type":"ListItem","position":2,"name":"SUMI-E Shozo Koike"}]},{"@type":"WebSite","@id":"https:\/\/japanmatsuri.org\/#website","url":"https:\/\/japanmatsuri.org\/","name":"Japan Matsuri - Festival Giapponese Bellinzona","description":"Festival Giapponese Bellinzona","potentialAction":[{"@type":"SearchAction","target":{"@type":"EntryPoint","urlTemplate":"https:\/\/japanmatsuri.org\/?s={search_term_string}"},"query-input":{"@type":"PropertyValueSpecification","valueRequired":true,"valueName":"search_term_string"}}],"inLanguage":"fr-FR"}]}},"_links":{"self":[{"href":"https:\/\/japanmatsuri.org\/fr\/wp-json\/wp\/v2\/pages\/1235","targetHints":{"allow":["GET"]}}],"collection":[{"href":"https:\/\/japanmatsuri.org\/fr\/wp-json\/wp\/v2\/pages"}],"about":[{"href":"https:\/\/japanmatsuri.org\/fr\/wp-json\/wp\/v2\/types\/page"}],"author":[{"embeddable":true,"href":"https:\/\/japanmatsuri.org\/fr\/wp-json\/wp\/v2\/users\/1"}],"replies":[{"embeddable":true,"href":"https:\/\/japanmatsuri.org\/fr\/wp-json\/wp\/v2\/comments?post=1235"}],"version-history":[{"count":16,"href":"https:\/\/japanmatsuri.org\/fr\/wp-json\/wp\/v2\/pages\/1235\/revisions"}],"predecessor-version":[{"id":1316,"href":"https:\/\/japanmatsuri.org\/fr\/wp-json\/wp\/v2\/pages\/1235\/revisions\/1316"}],"wp:attachment":[{"href":"https:\/\/japanmatsuri.org\/fr\/wp-json\/wp\/v2\/media?parent=1235"}],"curies":[{"name":"wp","href":"https:\/\/api.w.org\/{rel}","templated":true}]}}