{"id":1323,"date":"2025-07-09T18:54:39","date_gmt":"2025-07-09T17:54:39","guid":{"rendered":"https:\/\/japanmatsuri.org\/it\/?page_id=1323"},"modified":"2025-09-16T21:15:50","modified_gmt":"2025-09-16T20:15:50","slug":"philippe-hardy","status":"publish","type":"page","link":"https:\/\/japanmatsuri.org\/fr\/philippe-hardy\/","title":{"rendered":"Philippe Hardy"},"content":{"rendered":"<div data-elementor-type=\"wp-page\" data-elementor-id=\"1323\" class=\"elementor elementor-1323\" data-elementor-post-type=\"page\">\n\t\t\t\t<div class=\"elementor-element elementor-element-abf685e e-flex e-con-boxed e-con e-parent\" data-id=\"abf685e\" data-element_type=\"container\">\n\t\t\t\t\t<div class=\"e-con-inner\">\n\t\t\t\t<div class=\"elementor-element elementor-element-4199f1f4 elementor-widget elementor-widget-heading\" data-id=\"4199f1f4\" data-element_type=\"widget\" data-widget_type=\"heading.default\">\n\t\t\t\t<div class=\"elementor-widget-container\">\n\t\t\t\t\t<h1 class=\"elementor-heading-title elementor-size-default\">Du champ de bataille \u00e0 la table de jeu<\/h1>\t\t\t\t<\/div>\n\t\t\t\t<\/div>\n\t\t\t\t<div class=\"elementor-element elementor-element-c81da6b elementor-widget elementor-widget-heading\" data-id=\"c81da6b\" data-element_type=\"widget\" data-widget_type=\"heading.default\">\n\t\t\t\t<div class=\"elementor-widget-container\">\n\t\t\t\t\t<h2 class=\"elementor-heading-title elementor-size-default\">l\u2019histoire prend vie avec Philippe Hardy\n<\/h2>\t\t\t\t<\/div>\n\t\t\t\t<\/div>\n\t\t\t\t\t<\/div>\n\t\t\t\t<\/div>\n\t\t<div class=\"elementor-element elementor-element-8d3e751 e-flex e-con-boxed e-con e-parent\" data-id=\"8d3e751\" data-element_type=\"container\">\n\t\t\t\t\t<div class=\"e-con-inner\">\n\t\t\t\t<div class=\"elementor-element elementor-element-7999e11 elementor-widget elementor-widget-text-editor\" data-id=\"7999e11\" data-element_type=\"widget\" data-widget_type=\"text-editor.default\">\n\t\t\t\t<div class=\"elementor-widget-container\">\n\t\t\t\t\t\t\t\t\t<p><strong>Evento annullato<\/strong><\/p>\t\t\t\t\t\t\t\t<\/div>\n\t\t\t\t<\/div>\n\t\t\t\t\t<\/div>\n\t\t\t\t<\/div>\n\t\t<div class=\"elementor-element elementor-element-182cf1b e-flex e-con-boxed e-con e-parent\" data-id=\"182cf1b\" data-element_type=\"container\">\n\t\t\t\t\t<div class=\"e-con-inner\">\n\t\t<div class=\"elementor-element elementor-element-e418d98 e-con-full e-flex e-con e-child\" data-id=\"e418d98\" data-element_type=\"container\">\n\t\t\t\t<div class=\"elementor-element elementor-element-65a806d elementor-widget elementor-widget-text-editor\" data-id=\"65a806d\" data-element_type=\"widget\" data-widget_type=\"text-editor.default\">\n\t\t\t\t<div class=\"elementor-widget-container\">\n\t\t\t\t\t\t\t\t\t<p class=\"translation-block\"><b>Philippe Hardy<\/b>, consultant industriel de profession et historien par vocation, est une figure incontournable du wargame historique.<br> Sp\u00e9cialiste des XVe-XVIIe si\u00e8cles, il est le fondateur de <b>SERIOUS HISTORICAL GAMES<\/b>, un projet d\u00e9di\u00e9 \u00e0 la cr\u00e9ation de jeux de soci\u00e9t\u00e9 \u00e0 la fois rigoureux sur le plan historique et captivants.<\/p><p class=\"translation-block\">Il a sign\u00e9 plus de vingt titres publi\u00e9s par les principaux \u00e9diteurs fran\u00e7ais du secteur : <b>VaeVictis<\/b> (16 jeux), <b>Hexasim<\/b> (2 titres) et <b>Ludifolie<\/b> (1 jeu), avec des sc\u00e9narios qui vont des champs de bataille europ\u00e9ens aux terres lointaines de l\u2019Asie f\u00e9odale.<\/p>\t\t\t\t\t\t\t\t<\/div>\n\t\t\t\t<\/div>\n\t\t\t\t<\/div>\n\t\t<div class=\"elementor-element elementor-element-9a09437 e-con-full e-flex e-con e-child\" data-id=\"9a09437\" data-element_type=\"container\">\n\t\t\t\t<div class=\"elementor-element elementor-element-b55d9d1 elementor-widget elementor-widget-image\" data-id=\"b55d9d1\" data-element_type=\"widget\" data-widget_type=\"image.default\">\n\t\t\t\t<div class=\"elementor-widget-container\">\n\t\t\t\t\t\t\t\t\t\t\t\t\t\t\t<img fetchpriority=\"high\" decoding=\"async\" width=\"200\" height=\"300\" src=\"https:\/\/japanmatsuri.org\/wp-content\/uploads\/2025\/07\/Phil.jpeg\" class=\"attachment-large size-large wp-image-1325\" alt=\"\" srcset=\"https:\/\/japanmatsuri.org\/wp-content\/uploads\/2025\/07\/Phil.jpeg 200w, https:\/\/japanmatsuri.org\/wp-content\/uploads\/2025\/07\/Phil-8x12.jpeg 8w\" sizes=\"(max-width: 200px) 100vw, 200px\" \/>\t\t\t\t\t\t\t\t\t\t\t\t\t\t\t<\/div>\n\t\t\t\t<\/div>\n\t\t\t\t<\/div>\n\t\t\t\t\t<\/div>\n\t\t\t\t<\/div>\n\t\t<div class=\"elementor-element elementor-element-41afa7e e-flex e-con-boxed e-con e-parent\" data-id=\"41afa7e\" data-element_type=\"container\">\n\t\t\t\t\t<div class=\"e-con-inner\">\n\t\t\t\t<div class=\"elementor-element elementor-element-ae2bc7d elementor-widget elementor-widget-text-editor\" data-id=\"ae2bc7d\" data-element_type=\"widget\" data-widget_type=\"text-editor.default\">\n\t\t\t\t<div class=\"elementor-widget-container\">\n\t\t\t\t\t\t\t\t\t<p class=\"translation-block\">Lors de sa conf\u00e9rence, Hardy offrira au public un aper\u00e7u approfondi du processus de recherche et de reconstitution historique qui sous-tend la cr\u00e9ation de ses jeux. Il se concentrera en particulier sur le Japon de la Renaissance, en exposant les d\u00e9fis li\u00e9s \u00e0 la collecte et \u00e0 la v\u00e9rification des sources, \u00e0 l\u2019estimation des donn\u00e9es manquantes, ainsi qu\u2019\u00e0 la transposition d\u2019\u00e9v\u00e9nements complexes en m\u00e9caniques de jeu fonctionnelles, \u00e9quilibr\u00e9es et fid\u00e8les au contexte historique.<\/p>\t\t\t\t\t\t\t\t<\/div>\n\t\t\t\t<\/div>\n\t\t\t\t\t<\/div>\n\t\t\t\t<\/div>\n\t\t<div class=\"elementor-element elementor-element-859cf46 e-flex e-con-boxed e-con e-parent\" data-id=\"859cf46\" data-element_type=\"container\">\n\t\t\t\t\t<div class=\"e-con-inner\">\n\t\t<div class=\"elementor-element elementor-element-f923979 e-con-full e-flex e-con e-child\" data-id=\"f923979\" data-element_type=\"container\">\n\t\t\t\t<div class=\"elementor-element elementor-element-0b6fbb5 elementor-widget elementor-widget-image\" data-id=\"0b6fbb5\" data-element_type=\"widget\" data-widget_type=\"image.default\">\n\t\t\t\t<div class=\"elementor-widget-container\">\n\t\t\t\t\t\t\t\t\t\t\t\t\t\t\t<img decoding=\"async\" width=\"778\" height=\"1024\" src=\"https:\/\/japanmatsuri.org\/wp-content\/uploads\/2025\/07\/nagashino-1575-shizugatake-1583-gamers-hq-01-778x1024.jpeg\" class=\"attachment-large size-large wp-image-1326\" alt=\"\" srcset=\"https:\/\/japanmatsuri.org\/wp-content\/uploads\/2025\/07\/nagashino-1575-shizugatake-1583-gamers-hq-01-778x1024.jpeg 778w, https:\/\/japanmatsuri.org\/wp-content\/uploads\/2025\/07\/nagashino-1575-shizugatake-1583-gamers-hq-01-228x300.jpeg 228w, https:\/\/japanmatsuri.org\/wp-content\/uploads\/2025\/07\/nagashino-1575-shizugatake-1583-gamers-hq-01-768x1011.jpeg 768w, https:\/\/japanmatsuri.org\/wp-content\/uploads\/2025\/07\/nagashino-1575-shizugatake-1583-gamers-hq-01-9x12.jpeg 9w, https:\/\/japanmatsuri.org\/wp-content\/uploads\/2025\/07\/nagashino-1575-shizugatake-1583-gamers-hq-01.jpeg 912w\" sizes=\"(max-width: 778px) 100vw, 778px\" \/>\t\t\t\t\t\t\t\t\t\t\t\t\t\t\t<\/div>\n\t\t\t\t<\/div>\n\t\t\t\t<\/div>\n\t\t<div class=\"elementor-element elementor-element-2b2c5ee e-con-full e-flex e-con e-child\" data-id=\"2b2c5ee\" data-element_type=\"container\">\n\t\t\t\t<div class=\"elementor-element elementor-element-745e48c elementor-widget elementor-widget-image\" data-id=\"745e48c\" data-element_type=\"widget\" data-widget_type=\"image.default\">\n\t\t\t\t<div class=\"elementor-widget-container\">\n\t\t\t\t\t\t\t\t\t\t\t\t\t\t\t<img decoding=\"async\" width=\"785\" height=\"1024\" src=\"https:\/\/japanmatsuri.org\/wp-content\/uploads\/2025\/07\/sekigahara-1600-785x1024.jpeg\" class=\"attachment-large size-large wp-image-1327\" alt=\"\" srcset=\"https:\/\/japanmatsuri.org\/wp-content\/uploads\/2025\/07\/sekigahara-1600-785x1024.jpeg 785w, https:\/\/japanmatsuri.org\/wp-content\/uploads\/2025\/07\/sekigahara-1600-230x300.jpeg 230w, https:\/\/japanmatsuri.org\/wp-content\/uploads\/2025\/07\/sekigahara-1600-768x1002.jpeg 768w, https:\/\/japanmatsuri.org\/wp-content\/uploads\/2025\/07\/sekigahara-1600-9x12.jpeg 9w, https:\/\/japanmatsuri.org\/wp-content\/uploads\/2025\/07\/sekigahara-1600.jpeg 920w\" sizes=\"(max-width: 785px) 100vw, 785px\" \/>\t\t\t\t\t\t\t\t\t\t\t\t\t\t\t<\/div>\n\t\t\t\t<\/div>\n\t\t\t\t<\/div>\n\t\t\t\t\t<\/div>\n\t\t\t\t<\/div>\n\t\t<div class=\"elementor-element elementor-element-6a7fb53 e-flex e-con-boxed e-con e-parent\" data-id=\"6a7fb53\" data-element_type=\"container\">\n\t\t\t\t\t<div class=\"e-con-inner\">\n\t\t<div class=\"elementor-element elementor-element-2ee98a2 e-con-full e-flex e-con e-child\" data-id=\"2ee98a2\" data-element_type=\"container\">\n\t\t\t\t<div class=\"elementor-element elementor-element-8720403 elementor-widget elementor-widget-text-editor\" data-id=\"8720403\" data-element_type=\"widget\" data-widget_type=\"text-editor.default\">\n\t\t\t\t<div class=\"elementor-widget-container\">\n\t\t\t\t\t\t\t\t\t<p class=\"translation-block\"><b>Date<\/b> : Dimanche 21 septembre 2025<br>\n<b>Horaire<\/b> : 14h30 \u2013 15h30<br>\n<b>Lieu<\/b> : Pavillon E<br>\n<b>Prix<\/b> : Gratuit<br><\/p>\t\t\t\t\t\t\t\t<\/div>\n\t\t\t\t<\/div>\n\t\t\t\t<\/div>\n\t\t<div class=\"elementor-element elementor-element-ef0252a e-flex e-con-boxed e-con e-child\" data-id=\"ef0252a\" data-element_type=\"container\">\n\t\t\t\t\t<div class=\"e-con-inner\">\n\t\t\t\t\t<\/div>\n\t\t\t\t<\/div>\n\t\t\t\t\t<\/div>\n\t\t\t\t<\/div>\n\t\t<div class=\"elementor-element elementor-element-a33a9d5 e-flex e-con-boxed e-con e-parent\" data-id=\"a33a9d5\" data-element_type=\"container\">\n\t\t\t\t\t<div class=\"e-con-inner\">\n\t\t\t\t<div class=\"elementor-element elementor-element-a42e299 elementor-widget elementor-widget-text-editor\" data-id=\"a42e299\" data-element_type=\"widget\" data-widget_type=\"text-editor.default\">\n\t\t\t\t<div class=\"elementor-widget-container\">\n\t\t\t\t\t\t\t\t\t<p><i>Pour acc\u00e9der \u00e0 l\u2019espace, vous devrez porter le bracelet fourni \u00e0 l\u2019entr\u00e9e du festival. Pour faciliter l\u2019entr\u00e9e, nous vous recommandons d\u2019acheter votre billet de festival en ligne. Les personnes handicap\u00e9es ou \u00e0 mobilit\u00e9 r\u00e9duite sont invit\u00e9es \u00e0 nous contacter \u00e0 l\u2019avance par email \u00e0 l\u2019adresse info@japanmatsuri.org afin que nous puissions organiser un acc\u00e8s sans stress.<\/i><\/p>\t\t\t\t\t\t\t\t<\/div>\n\t\t\t\t<\/div>\n\t\t\t\t\t<\/div>\n\t\t\t\t<\/div>\n\t\t<div class=\"elementor-element elementor-element-46e6c9a2 e-flex e-con-boxed e-con e-parent\" data-id=\"46e6c9a2\" data-element_type=\"container\">\n\t\t\t\t\t<div class=\"e-con-inner\">\n\t\t\t\t\t<\/div>\n\t\t\t\t<\/div>\n\t\t\t\t<\/div>","protected":false},"excerpt":{"rendered":"<p>Dal Campo di Battaglia al Tavolo da Gioco La Storia prende Vita con Philippe Hardy Evento annullato Consulente industriale di professione e storico per vocazione, Philippe Hardy \u00e8 una figura di riferimento nel mondo del wargame storico. Specializzato nello studio dei secoli XV-XVII, \u00e8 il fondatore di SERIOUS HISTORICAL GAMES, un progetto dedicato alla creazione [&hellip;]<\/p>","protected":false},"author":1,"featured_media":0,"parent":0,"menu_order":0,"comment_status":"closed","ping_status":"closed","template":"","meta":{"footnotes":""},"class_list":["post-1323","page","type-page","status-publish","hentry"],"yoast_head":"<!-- This site is optimized with the Yoast SEO plugin v25.4 - https:\/\/yoast.com\/wordpress\/plugins\/seo\/ -->\n<title>Philippe Hardy - Japan Matsuri - Festival Giapponese Bellinzona<\/title>\n<meta name=\"robots\" content=\"index, follow, max-snippet:-1, max-image-preview:large, max-video-preview:-1\" \/>\n<link rel=\"canonical\" href=\"https:\/\/japanmatsuri.org\/fr\/philippe-hardy\/\" \/>\n<meta property=\"og:locale\" content=\"fr_FR\" \/>\n<meta property=\"og:type\" content=\"article\" \/>\n<meta property=\"og:title\" content=\"Philippe Hardy - Japan Matsuri - Festival Giapponese Bellinzona\" \/>\n<meta property=\"og:description\" content=\"Dal Campo di Battaglia al Tavolo da Gioco La Storia prende Vita con Philippe Hardy Evento annullato Consulente industriale di professione e storico per vocazione, Philippe Hardy \u00e8 una figura di riferimento nel mondo del wargame storico. Specializzato nello studio dei secoli XV-XVII, \u00e8 il fondatore di SERIOUS HISTORICAL GAMES, un progetto dedicato alla creazione [&hellip;]\" \/>\n<meta property=\"og:url\" content=\"https:\/\/japanmatsuri.org\/fr\/philippe-hardy\/\" \/>\n<meta property=\"og:site_name\" content=\"Japan Matsuri - Festival Giapponese Bellinzona\" \/>\n<meta property=\"article:modified_time\" content=\"2025-09-16T20:15:50+00:00\" \/>\n<meta property=\"og:image\" content=\"https:\/\/japanmatsuri.org\/wp-content\/uploads\/2025\/07\/Phil.jpeg\" \/>\n\t<meta property=\"og:image:width\" content=\"200\" \/>\n\t<meta property=\"og:image:height\" content=\"300\" \/>\n\t<meta property=\"og:image:type\" content=\"image\/jpeg\" \/>\n<meta name=\"twitter:card\" content=\"summary_large_image\" \/>\n<meta name=\"twitter:label1\" content=\"Dur\u00e9e de lecture estim\u00e9e\" \/>\n\t<meta name=\"twitter:data1\" content=\"2 minutes\" \/>\n<script type=\"application\/ld+json\" class=\"yoast-schema-graph\">{\"@context\":\"https:\/\/schema.org\",\"@graph\":[{\"@type\":\"WebPage\",\"@id\":\"https:\/\/japanmatsuri.org\/it\/philippe-hardy\/\",\"url\":\"https:\/\/japanmatsuri.org\/it\/philippe-hardy\/\",\"name\":\"Philippe Hardy - Japan Matsuri - Festival Giapponese Bellinzona\",\"isPartOf\":{\"@id\":\"https:\/\/japanmatsuri.org\/#website\"},\"primaryImageOfPage\":{\"@id\":\"https:\/\/japanmatsuri.org\/it\/philippe-hardy\/#primaryimage\"},\"image\":{\"@id\":\"https:\/\/japanmatsuri.org\/it\/philippe-hardy\/#primaryimage\"},\"thumbnailUrl\":\"https:\/\/japanmatsuri.org\/wp-content\/uploads\/2025\/07\/Phil.jpeg\",\"datePublished\":\"2025-07-09T17:54:39+00:00\",\"dateModified\":\"2025-09-16T20:15:50+00:00\",\"breadcrumb\":{\"@id\":\"https:\/\/japanmatsuri.org\/it\/philippe-hardy\/#breadcrumb\"},\"inLanguage\":\"fr-FR\",\"potentialAction\":[{\"@type\":\"ReadAction\",\"target\":[\"https:\/\/japanmatsuri.org\/it\/philippe-hardy\/\"]}]},{\"@type\":\"ImageObject\",\"inLanguage\":\"fr-FR\",\"@id\":\"https:\/\/japanmatsuri.org\/it\/philippe-hardy\/#primaryimage\",\"url\":\"https:\/\/japanmatsuri.org\/wp-content\/uploads\/2025\/07\/Phil.jpeg\",\"contentUrl\":\"https:\/\/japanmatsuri.org\/wp-content\/uploads\/2025\/07\/Phil.jpeg\"},{\"@type\":\"BreadcrumbList\",\"@id\":\"https:\/\/japanmatsuri.org\/it\/philippe-hardy\/#breadcrumb\",\"itemListElement\":[{\"@type\":\"ListItem\",\"position\":1,\"name\":\"Home\",\"item\":\"https:\/\/japanmatsuri.org\/it\/\"},{\"@type\":\"ListItem\",\"position\":2,\"name\":\"Philippe Hardy\"}]},{\"@type\":\"WebSite\",\"@id\":\"https:\/\/japanmatsuri.org\/#website\",\"url\":\"https:\/\/japanmatsuri.org\/\",\"name\":\"Japan Matsuri - Festival Giapponese Bellinzona\",\"description\":\"Festival Giapponese Bellinzona\",\"potentialAction\":[{\"@type\":\"SearchAction\",\"target\":{\"@type\":\"EntryPoint\",\"urlTemplate\":\"https:\/\/japanmatsuri.org\/?s={search_term_string}\"},\"query-input\":{\"@type\":\"PropertyValueSpecification\",\"valueRequired\":true,\"valueName\":\"search_term_string\"}}],\"inLanguage\":\"fr-FR\"}]}<\/script>\n<!-- \/ Yoast SEO plugin. -->","yoast_head_json":{"title":"Philippe Hardy - Japan Matsuri - Festival Giapponese Bellinzona","robots":{"index":"index","follow":"follow","max-snippet":"max-snippet:-1","max-image-preview":"max-image-preview:large","max-video-preview":"max-video-preview:-1"},"canonical":"https:\/\/japanmatsuri.org\/fr\/philippe-hardy\/","og_locale":"fr_FR","og_type":"article","og_title":"Philippe Hardy - Japan Matsuri - Festival Giapponese Bellinzona","og_description":"Dal Campo di Battaglia al Tavolo da Gioco La Storia prende Vita con Philippe Hardy Evento annullato Consulente industriale di professione e storico per vocazione, Philippe Hardy \u00e8 una figura di riferimento nel mondo del wargame storico. Specializzato nello studio dei secoli XV-XVII, \u00e8 il fondatore di SERIOUS HISTORICAL GAMES, un progetto dedicato alla creazione [&hellip;]","og_url":"https:\/\/japanmatsuri.org\/fr\/philippe-hardy\/","og_site_name":"Japan Matsuri - Festival Giapponese Bellinzona","article_modified_time":"2025-09-16T20:15:50+00:00","og_image":[{"width":200,"height":300,"url":"https:\/\/japanmatsuri.org\/wp-content\/uploads\/2025\/07\/Phil.jpeg","type":"image\/jpeg"}],"twitter_card":"summary_large_image","twitter_misc":{"Dur\u00e9e de lecture estim\u00e9e":"2 minutes"},"schema":{"@context":"https:\/\/schema.org","@graph":[{"@type":"WebPage","@id":"https:\/\/japanmatsuri.org\/it\/philippe-hardy\/","url":"https:\/\/japanmatsuri.org\/it\/philippe-hardy\/","name":"Philippe Hardy - Japan Matsuri - Festival Giapponese Bellinzona","isPartOf":{"@id":"https:\/\/japanmatsuri.org\/#website"},"primaryImageOfPage":{"@id":"https:\/\/japanmatsuri.org\/it\/philippe-hardy\/#primaryimage"},"image":{"@id":"https:\/\/japanmatsuri.org\/it\/philippe-hardy\/#primaryimage"},"thumbnailUrl":"https:\/\/japanmatsuri.org\/wp-content\/uploads\/2025\/07\/Phil.jpeg","datePublished":"2025-07-09T17:54:39+00:00","dateModified":"2025-09-16T20:15:50+00:00","breadcrumb":{"@id":"https:\/\/japanmatsuri.org\/it\/philippe-hardy\/#breadcrumb"},"inLanguage":"fr-FR","potentialAction":[{"@type":"ReadAction","target":["https:\/\/japanmatsuri.org\/it\/philippe-hardy\/"]}]},{"@type":"ImageObject","inLanguage":"fr-FR","@id":"https:\/\/japanmatsuri.org\/it\/philippe-hardy\/#primaryimage","url":"https:\/\/japanmatsuri.org\/wp-content\/uploads\/2025\/07\/Phil.jpeg","contentUrl":"https:\/\/japanmatsuri.org\/wp-content\/uploads\/2025\/07\/Phil.jpeg"},{"@type":"BreadcrumbList","@id":"https:\/\/japanmatsuri.org\/it\/philippe-hardy\/#breadcrumb","itemListElement":[{"@type":"ListItem","position":1,"name":"Home","item":"https:\/\/japanmatsuri.org\/it\/"},{"@type":"ListItem","position":2,"name":"Philippe Hardy"}]},{"@type":"WebSite","@id":"https:\/\/japanmatsuri.org\/#website","url":"https:\/\/japanmatsuri.org\/","name":"Japan Matsuri - Festival Giapponese Bellinzona","description":"Festival Giapponese Bellinzona","potentialAction":[{"@type":"SearchAction","target":{"@type":"EntryPoint","urlTemplate":"https:\/\/japanmatsuri.org\/?s={search_term_string}"},"query-input":{"@type":"PropertyValueSpecification","valueRequired":true,"valueName":"search_term_string"}}],"inLanguage":"fr-FR"}]}},"_links":{"self":[{"href":"https:\/\/japanmatsuri.org\/fr\/wp-json\/wp\/v2\/pages\/1323","targetHints":{"allow":["GET"]}}],"collection":[{"href":"https:\/\/japanmatsuri.org\/fr\/wp-json\/wp\/v2\/pages"}],"about":[{"href":"https:\/\/japanmatsuri.org\/fr\/wp-json\/wp\/v2\/types\/page"}],"author":[{"embeddable":true,"href":"https:\/\/japanmatsuri.org\/fr\/wp-json\/wp\/v2\/users\/1"}],"replies":[{"embeddable":true,"href":"https:\/\/japanmatsuri.org\/fr\/wp-json\/wp\/v2\/comments?post=1323"}],"version-history":[{"count":13,"href":"https:\/\/japanmatsuri.org\/fr\/wp-json\/wp\/v2\/pages\/1323\/revisions"}],"predecessor-version":[{"id":2106,"href":"https:\/\/japanmatsuri.org\/fr\/wp-json\/wp\/v2\/pages\/1323\/revisions\/2106"}],"wp:attachment":[{"href":"https:\/\/japanmatsuri.org\/fr\/wp-json\/wp\/v2\/media?parent=1323"}],"curies":[{"name":"wp","href":"https:\/\/api.w.org\/{rel}","templated":true}]}}