{"id":1355,"date":"2025-07-14T18:07:05","date_gmt":"2025-07-14T17:07:05","guid":{"rendered":"https:\/\/japanmatsuri.org\/it\/?page_id=1355"},"modified":"2025-07-29T17:38:21","modified_gmt":"2025-07-29T16:38:21","slug":"bonsai","status":"publish","type":"page","link":"https:\/\/japanmatsuri.org\/fr\/bonsai\/","title":{"rendered":"Bonsai"},"content":{"rendered":"<div data-elementor-type=\"wp-page\" data-elementor-id=\"1355\" class=\"elementor elementor-1355\" data-elementor-post-type=\"page\">\n\t\t\t\t<div class=\"elementor-element elementor-element-5f1f3b9 e-flex e-con-boxed e-con e-parent\" data-id=\"5f1f3b9\" data-element_type=\"container\">\n\t\t\t\t\t<div class=\"e-con-inner\">\n\t\t\t\t<div class=\"elementor-element elementor-element-3a117a9d elementor-widget elementor-widget-heading\" data-id=\"3a117a9d\" data-element_type=\"widget\" data-widget_type=\"heading.default\">\n\t\t\t\t<div class=\"elementor-widget-container\">\n\t\t\t\t\t<h1 class=\"elementor-heading-title elementor-size-default\">Bonsai<\/h1>\t\t\t\t<\/div>\n\t\t\t\t<\/div>\n\t\t\t\t\t<\/div>\n\t\t\t\t<\/div>\n\t\t<div class=\"elementor-element elementor-element-ed9f55d e-flex e-con-boxed e-con e-parent\" data-id=\"ed9f55d\" data-element_type=\"container\">\n\t\t\t\t\t<div class=\"e-con-inner\">\n\t\t\t\t<div class=\"elementor-element elementor-element-7a08f0b elementor-widget elementor-widget-image\" data-id=\"7a08f0b\" data-element_type=\"widget\" data-widget_type=\"image.default\">\n\t\t\t\t<div class=\"elementor-widget-container\">\n\t\t\t\t\t\t\t\t\t\t\t\t\t\t\t<img fetchpriority=\"high\" decoding=\"async\" width=\"1750\" height=\"700\" src=\"https:\/\/japanmatsuri.org\/wp-content\/uploads\/2025\/07\/copertine-1.png\" class=\"attachment-full size-full wp-image-1358\" alt=\"\" srcset=\"https:\/\/japanmatsuri.org\/wp-content\/uploads\/2025\/07\/copertine-1.png 1750w, https:\/\/japanmatsuri.org\/wp-content\/uploads\/2025\/07\/copertine-1-300x120.png 300w, https:\/\/japanmatsuri.org\/wp-content\/uploads\/2025\/07\/copertine-1-1024x410.png 1024w, https:\/\/japanmatsuri.org\/wp-content\/uploads\/2025\/07\/copertine-1-768x307.png 768w, https:\/\/japanmatsuri.org\/wp-content\/uploads\/2025\/07\/copertine-1-1536x614.png 1536w, https:\/\/japanmatsuri.org\/wp-content\/uploads\/2025\/07\/copertine-1-18x7.png 18w\" sizes=\"(max-width: 1750px) 100vw, 1750px\" \/>\t\t\t\t\t\t\t\t\t\t\t\t\t\t\t<\/div>\n\t\t\t\t<\/div>\n\t\t\t\t\t<\/div>\n\t\t\t\t<\/div>\n\t\t<div class=\"elementor-element elementor-element-6daa6fe e-flex e-con-boxed e-con e-parent\" data-id=\"6daa6fe\" data-element_type=\"container\">\n\t\t\t\t\t<div class=\"e-con-inner\">\n\t\t\t\t\t<\/div>\n\t\t\t\t<\/div>\n\t\t<div class=\"elementor-element elementor-element-1c74bf2 e-flex e-con-boxed e-con e-parent\" data-id=\"1c74bf2\" data-element_type=\"container\">\n\t\t\t\t\t<div class=\"e-con-inner\">\n\t\t\t\t<div class=\"elementor-element elementor-element-7055673 elementor-widget elementor-widget-text-editor\" data-id=\"7055673\" data-element_type=\"widget\" data-widget_type=\"text-editor.default\">\n\t\t\t\t<div class=\"elementor-widget-container\">\n\t\t\t\t\t\t\t\t\t<p class=\"translation-block\">La Bonsai Club Ticino (BCT) a \u00e9t\u00e9 fond\u00e9e en 1986 par un petit groupe de passionn\u00e9s. Le symbole du BCT, o\u00f9 r\u00e8gne une atmosph\u00e8re d'amiti\u00e9, r\u00e9sume cet esprit dynamique en quelques traits essentiels. Au cours des ann\u00e9es, le club a \u00e9largi ses fronti\u00e8res et apport\u00e9 de nouveaux stimulants aux innombrables activit\u00e9s annuelles, ouvrant l'adh\u00e9sion \u00e0 tous, des nouveaux enthousiastes aux experts dans le domaine. En 2008, le BCT a rejoint la Coordination Pi\u00e9mont-Lombardie et en 2010 le Swiss Bonsai Club.<\/p><p>Les activit\u00e9s propos\u00e9es pendant l'atelier au Japan Matsuri comprennent des d\u00e9monstrations de la technique du bonsa\u00ef, l'assistance aux plantes des visiteurs et l'exposition d'exemples de bonsa\u00efs finis.<\/p>\t\t\t\t\t\t\t\t<\/div>\n\t\t\t\t<\/div>\n\t\t\t\t<div class=\"elementor-element elementor-element-0f7aaad elementor-widget elementor-widget-text-editor\" data-id=\"0f7aaad\" data-element_type=\"widget\" data-widget_type=\"text-editor.default\">\n\t\t\t\t<div class=\"elementor-widget-container\">\n\t\t\t\t\t\t\t\t\t<p class=\"translation-block\"><b>Dates :<\/b> Samedi 20 et dimanche 21 septembre 2025<\/p><p><b>L'atelier est ouvert \u00e0 tous et gratuit.<\/b><\/p>\t\t\t\t\t\t\t\t<\/div>\n\t\t\t\t<\/div>\n\t\t\t\t\t<\/div>\n\t\t\t\t<\/div>\n\t\t<div class=\"elementor-element elementor-element-5cad8a8d e-flex e-con-boxed e-con e-parent\" data-id=\"5cad8a8d\" data-element_type=\"container\">\n\t\t\t\t\t<div class=\"e-con-inner\">\n\t\t\t\t\t<\/div>\n\t\t\t\t<\/div>\n\t\t\t\t<\/div>","protected":false},"excerpt":{"rendered":"<p>Bonsai Il Bonsai Club Ticino (BCT) \u00e8 stato fondato nel lontano 1986 da un piccolo gruppo di appassionati del campo. Il simbolo del BCT, dove si respira un&#8217;atmosfera di amicizia, riassume con pochi tratti essenziali il dinamico spirito che anima. Nel corso degli anni, il club ha allargato le sue frontiere e ha apportato nuovi [&hellip;]<\/p>","protected":false},"author":1,"featured_media":0,"parent":0,"menu_order":0,"comment_status":"closed","ping_status":"closed","template":"","meta":{"footnotes":""},"class_list":["post-1355","page","type-page","status-publish","hentry"],"yoast_head":"<!-- This site is optimized with the Yoast SEO plugin v25.4 - https:\/\/yoast.com\/wordpress\/plugins\/seo\/ -->\n<title>Bonsai - Japan Matsuri - Festival Giapponese Bellinzona<\/title>\n<meta name=\"robots\" content=\"index, follow, max-snippet:-1, max-image-preview:large, max-video-preview:-1\" \/>\n<link rel=\"canonical\" href=\"https:\/\/japanmatsuri.org\/fr\/bonsai\/\" \/>\n<meta property=\"og:locale\" content=\"fr_FR\" \/>\n<meta property=\"og:type\" content=\"article\" \/>\n<meta property=\"og:title\" content=\"Bonsai - Japan Matsuri - Festival Giapponese Bellinzona\" \/>\n<meta property=\"og:description\" content=\"Bonsai Il Bonsai Club Ticino (BCT) \u00e8 stato fondato nel lontano 1986 da un piccolo gruppo di appassionati del campo. Il simbolo del BCT, dove si respira un&#8217;atmosfera di amicizia, riassume con pochi tratti essenziali il dinamico spirito che anima. Nel corso degli anni, il club ha allargato le sue frontiere e ha apportato nuovi [&hellip;]\" \/>\n<meta property=\"og:url\" content=\"https:\/\/japanmatsuri.org\/fr\/bonsai\/\" \/>\n<meta property=\"og:site_name\" content=\"Japan Matsuri - Festival Giapponese Bellinzona\" \/>\n<meta property=\"article:modified_time\" content=\"2025-07-29T16:38:21+00:00\" \/>\n<meta property=\"og:image\" content=\"https:\/\/japanmatsuri.org\/wp-content\/uploads\/2025\/07\/copertine-1.png\" \/>\n\t<meta property=\"og:image:width\" content=\"1750\" \/>\n\t<meta property=\"og:image:height\" content=\"700\" \/>\n\t<meta property=\"og:image:type\" content=\"image\/png\" \/>\n<meta name=\"twitter:card\" content=\"summary_large_image\" \/>\n<meta name=\"twitter:label1\" content=\"Dur\u00e9e de lecture estim\u00e9e\" \/>\n\t<meta name=\"twitter:data1\" content=\"1 minute\" \/>\n<script type=\"application\/ld+json\" class=\"yoast-schema-graph\">{\"@context\":\"https:\/\/schema.org\",\"@graph\":[{\"@type\":\"WebPage\",\"@id\":\"https:\/\/japanmatsuri.org\/it\/bonsai\/\",\"url\":\"https:\/\/japanmatsuri.org\/it\/bonsai\/\",\"name\":\"Bonsai - Japan Matsuri - Festival Giapponese Bellinzona\",\"isPartOf\":{\"@id\":\"https:\/\/japanmatsuri.org\/#website\"},\"primaryImageOfPage\":{\"@id\":\"https:\/\/japanmatsuri.org\/it\/bonsai\/#primaryimage\"},\"image\":{\"@id\":\"https:\/\/japanmatsuri.org\/it\/bonsai\/#primaryimage\"},\"thumbnailUrl\":\"https:\/\/japanmatsuri.org\/wp-content\/uploads\/2025\/07\/copertine-1.png\",\"datePublished\":\"2025-07-14T17:07:05+00:00\",\"dateModified\":\"2025-07-29T16:38:21+00:00\",\"breadcrumb\":{\"@id\":\"https:\/\/japanmatsuri.org\/it\/bonsai\/#breadcrumb\"},\"inLanguage\":\"fr-FR\",\"potentialAction\":[{\"@type\":\"ReadAction\",\"target\":[\"https:\/\/japanmatsuri.org\/it\/bonsai\/\"]}]},{\"@type\":\"ImageObject\",\"inLanguage\":\"fr-FR\",\"@id\":\"https:\/\/japanmatsuri.org\/it\/bonsai\/#primaryimage\",\"url\":\"https:\/\/japanmatsuri.org\/wp-content\/uploads\/2025\/07\/copertine-1.png\",\"contentUrl\":\"https:\/\/japanmatsuri.org\/wp-content\/uploads\/2025\/07\/copertine-1.png\"},{\"@type\":\"BreadcrumbList\",\"@id\":\"https:\/\/japanmatsuri.org\/it\/bonsai\/#breadcrumb\",\"itemListElement\":[{\"@type\":\"ListItem\",\"position\":1,\"name\":\"Home\",\"item\":\"https:\/\/japanmatsuri.org\/it\/\"},{\"@type\":\"ListItem\",\"position\":2,\"name\":\"Bonsai\"}]},{\"@type\":\"WebSite\",\"@id\":\"https:\/\/japanmatsuri.org\/#website\",\"url\":\"https:\/\/japanmatsuri.org\/\",\"name\":\"Japan Matsuri - Festival Giapponese Bellinzona\",\"description\":\"Festival Giapponese Bellinzona\",\"potentialAction\":[{\"@type\":\"SearchAction\",\"target\":{\"@type\":\"EntryPoint\",\"urlTemplate\":\"https:\/\/japanmatsuri.org\/?s={search_term_string}\"},\"query-input\":{\"@type\":\"PropertyValueSpecification\",\"valueRequired\":true,\"valueName\":\"search_term_string\"}}],\"inLanguage\":\"fr-FR\"}]}<\/script>\n<!-- \/ Yoast SEO plugin. -->","yoast_head_json":{"title":"Bonsai - Japan Matsuri - Festival Giapponese Bellinzona","robots":{"index":"index","follow":"follow","max-snippet":"max-snippet:-1","max-image-preview":"max-image-preview:large","max-video-preview":"max-video-preview:-1"},"canonical":"https:\/\/japanmatsuri.org\/fr\/bonsai\/","og_locale":"fr_FR","og_type":"article","og_title":"Bonsai - Japan Matsuri - Festival Giapponese Bellinzona","og_description":"Bonsai Il Bonsai Club Ticino (BCT) \u00e8 stato fondato nel lontano 1986 da un piccolo gruppo di appassionati del campo. Il simbolo del BCT, dove si respira un&#8217;atmosfera di amicizia, riassume con pochi tratti essenziali il dinamico spirito che anima. Nel corso degli anni, il club ha allargato le sue frontiere e ha apportato nuovi [&hellip;]","og_url":"https:\/\/japanmatsuri.org\/fr\/bonsai\/","og_site_name":"Japan Matsuri - Festival Giapponese Bellinzona","article_modified_time":"2025-07-29T16:38:21+00:00","og_image":[{"width":1750,"height":700,"url":"https:\/\/japanmatsuri.org\/wp-content\/uploads\/2025\/07\/copertine-1.png","type":"image\/png"}],"twitter_card":"summary_large_image","twitter_misc":{"Dur\u00e9e de lecture estim\u00e9e":"1 minute"},"schema":{"@context":"https:\/\/schema.org","@graph":[{"@type":"WebPage","@id":"https:\/\/japanmatsuri.org\/it\/bonsai\/","url":"https:\/\/japanmatsuri.org\/it\/bonsai\/","name":"Bonsai - Japan Matsuri - Festival Giapponese Bellinzona","isPartOf":{"@id":"https:\/\/japanmatsuri.org\/#website"},"primaryImageOfPage":{"@id":"https:\/\/japanmatsuri.org\/it\/bonsai\/#primaryimage"},"image":{"@id":"https:\/\/japanmatsuri.org\/it\/bonsai\/#primaryimage"},"thumbnailUrl":"https:\/\/japanmatsuri.org\/wp-content\/uploads\/2025\/07\/copertine-1.png","datePublished":"2025-07-14T17:07:05+00:00","dateModified":"2025-07-29T16:38:21+00:00","breadcrumb":{"@id":"https:\/\/japanmatsuri.org\/it\/bonsai\/#breadcrumb"},"inLanguage":"fr-FR","potentialAction":[{"@type":"ReadAction","target":["https:\/\/japanmatsuri.org\/it\/bonsai\/"]}]},{"@type":"ImageObject","inLanguage":"fr-FR","@id":"https:\/\/japanmatsuri.org\/it\/bonsai\/#primaryimage","url":"https:\/\/japanmatsuri.org\/wp-content\/uploads\/2025\/07\/copertine-1.png","contentUrl":"https:\/\/japanmatsuri.org\/wp-content\/uploads\/2025\/07\/copertine-1.png"},{"@type":"BreadcrumbList","@id":"https:\/\/japanmatsuri.org\/it\/bonsai\/#breadcrumb","itemListElement":[{"@type":"ListItem","position":1,"name":"Home","item":"https:\/\/japanmatsuri.org\/it\/"},{"@type":"ListItem","position":2,"name":"Bonsai"}]},{"@type":"WebSite","@id":"https:\/\/japanmatsuri.org\/#website","url":"https:\/\/japanmatsuri.org\/","name":"Japan Matsuri - Festival Giapponese Bellinzona","description":"Festival Giapponese Bellinzona","potentialAction":[{"@type":"SearchAction","target":{"@type":"EntryPoint","urlTemplate":"https:\/\/japanmatsuri.org\/?s={search_term_string}"},"query-input":{"@type":"PropertyValueSpecification","valueRequired":true,"valueName":"search_term_string"}}],"inLanguage":"fr-FR"}]}},"_links":{"self":[{"href":"https:\/\/japanmatsuri.org\/fr\/wp-json\/wp\/v2\/pages\/1355","targetHints":{"allow":["GET"]}}],"collection":[{"href":"https:\/\/japanmatsuri.org\/fr\/wp-json\/wp\/v2\/pages"}],"about":[{"href":"https:\/\/japanmatsuri.org\/fr\/wp-json\/wp\/v2\/types\/page"}],"author":[{"embeddable":true,"href":"https:\/\/japanmatsuri.org\/fr\/wp-json\/wp\/v2\/users\/1"}],"replies":[{"embeddable":true,"href":"https:\/\/japanmatsuri.org\/fr\/wp-json\/wp\/v2\/comments?post=1355"}],"version-history":[{"count":13,"href":"https:\/\/japanmatsuri.org\/fr\/wp-json\/wp\/v2\/pages\/1355\/revisions"}],"predecessor-version":[{"id":1370,"href":"https:\/\/japanmatsuri.org\/fr\/wp-json\/wp\/v2\/pages\/1355\/revisions\/1370"}],"wp:attachment":[{"href":"https:\/\/japanmatsuri.org\/fr\/wp-json\/wp\/v2\/media?parent=1355"}],"curies":[{"name":"wp","href":"https:\/\/api.w.org\/{rel}","templated":true}]}}