{"id":1394,"date":"2025-07-21T17:21:44","date_gmt":"2025-07-21T16:21:44","guid":{"rendered":"https:\/\/japanmatsuri.org\/it\/?page_id=1394"},"modified":"2025-07-21T17:28:58","modified_gmt":"2025-07-21T16:28:58","slug":"ki-le-mouvement-interieur","status":"publish","type":"page","link":"https:\/\/japanmatsuri.org\/fr\/ki-le-mouvement-interieur\/","title":{"rendered":"ki Il movimento interno"},"content":{"rendered":"<div data-elementor-type=\"wp-page\" data-elementor-id=\"1394\" class=\"elementor elementor-1394\" data-elementor-post-type=\"page\">\n\t\t\t\t<div class=\"elementor-element elementor-element-57b7edd7 e-flex e-con-boxed e-con e-parent\" data-id=\"57b7edd7\" data-element_type=\"container\">\n\t\t\t\t\t<div class=\"e-con-inner\">\n\t\t\t\t<div class=\"elementor-element elementor-element-616cf0dd elementor-widget elementor-widget-heading\" data-id=\"616cf0dd\" data-element_type=\"widget\" data-widget_type=\"heading.default\">\n\t\t\t\t<div class=\"elementor-widget-container\">\n\t\t\t\t\t<h1 class=\"elementor-heading-title elementor-size-default\">Ki, l\u2019\u00e9nergie du souffle<\/h1>\t\t\t\t<\/div>\n\t\t\t\t<\/div>\n\t\t\t\t<div class=\"elementor-element elementor-element-a748482 elementor-widget elementor-widget-heading\" data-id=\"a748482\" data-element_type=\"widget\" data-widget_type=\"heading.default\">\n\t\t\t\t<div class=\"elementor-widget-container\">\n\t\t\t\t\t<h2 class=\"elementor-heading-title elementor-size-default\">Le Mouvement Int\u00e9rieur<\/h2>\t\t\t\t<\/div>\n\t\t\t\t<\/div>\n\t\t\t\t\t<\/div>\n\t\t\t\t<\/div>\n\t\t<div class=\"elementor-element elementor-element-1d80bad5 e-flex e-con-boxed e-con e-parent\" data-id=\"1d80bad5\" data-element_type=\"container\">\n\t\t\t\t\t<div class=\"e-con-inner\">\n\t\t\t\t<div class=\"elementor-element elementor-element-734813c elementor-widget elementor-widget-image\" data-id=\"734813c\" data-element_type=\"widget\" data-widget_type=\"image.default\">\n\t\t\t\t<div class=\"elementor-widget-container\">\n\t\t\t\t\t\t\t\t\t\t\t\t\t\t\t<img fetchpriority=\"high\" decoding=\"async\" width=\"1750\" height=\"700\" src=\"https:\/\/japanmatsuri.org\/wp-content\/uploads\/2025\/06\/4.png\" class=\"attachment-full size-full wp-image-900\" alt=\"\" srcset=\"https:\/\/japanmatsuri.org\/wp-content\/uploads\/2025\/06\/4.png 1750w, https:\/\/japanmatsuri.org\/wp-content\/uploads\/2025\/06\/4-300x120.png 300w, https:\/\/japanmatsuri.org\/wp-content\/uploads\/2025\/06\/4-1024x410.png 1024w, https:\/\/japanmatsuri.org\/wp-content\/uploads\/2025\/06\/4-768x307.png 768w, https:\/\/japanmatsuri.org\/wp-content\/uploads\/2025\/06\/4-1536x614.png 1536w, https:\/\/japanmatsuri.org\/wp-content\/uploads\/2025\/06\/4-18x7.png 18w\" sizes=\"(max-width: 1750px) 100vw, 1750px\" \/>\t\t\t\t\t\t\t\t\t\t\t\t\t\t\t<\/div>\n\t\t\t\t<\/div>\n\t\t\t\t\t<\/div>\n\t\t\t\t<\/div>\n\t\t<div class=\"elementor-element elementor-element-531494e e-flex e-con-boxed e-con e-parent\" data-id=\"531494e\" data-element_type=\"container\">\n\t\t\t\t\t<div class=\"e-con-inner\">\n\t\t\t\t\t<\/div>\n\t\t\t\t<\/div>\n\t\t<div class=\"elementor-element elementor-element-67e9704 e-flex e-con-boxed e-con e-parent\" data-id=\"67e9704\" data-element_type=\"container\">\n\t\t\t\t\t<div class=\"e-con-inner\">\n\t\t\t\t<div class=\"elementor-element elementor-element-df8c106 elementor-widget elementor-widget-text-editor\" data-id=\"df8c106\" data-element_type=\"widget\" data-widget_type=\"text-editor.default\">\n\t\t\t\t<div class=\"elementor-widget-container\">\n\t\t\t\t\t\t\t\t\t<p>Lors de cet atelier, vous exp\u00e9rimentez des techniques de respiration permettant d\u2019augmenter l\u2019\u00e9nergie Ki et d\u2019en faciliter la circulation int\u00e9rieure. Cela favorise \u00e0 la fois une connexion plus profonde avec vous-m\u00eame et la dissolution des tensions internes, pour retrouver un \u00e9tat de bien-\u00eatre global.<\/p><p>Comme l\u2019explique le ma\u00eetre Nishino, le terme <i>Ki <\/i> d\u00e9signe, dans la tradition japonaise ancienne, l\u2019\u00e9nergie vitale. En japonais, les id\u00e9ogrammes signifiant \u00ab vivre \u00bb et \u00ab respirer \u00bb se prononcent de la m\u00eame mani\u00e8re : <i>iki<\/i>. Autrement dit, vivre, c\u2019est respirer. En r\u00e9p\u00e9tant cet id\u00e9ogramme (<i>iki-iki<\/i>), on obtient une expression qui signifie \u00ab plein de vie \u00bb ou \u00ab \u00e9nergique \u00bb, mais qui se traduit litt\u00e9ralement par \u00ab respiration tr\u00e8s active \u00bb. Cultiver le Ki par le souffle revient donc \u00e0 nourrir sa force vitale.<\/p><p class=\"translation-block\">L\u2019<b>Association Yag\u014d<\/b>, situ\u00e9e dans la r\u00e9gion de Lugano, a \u00e9t\u00e9 fond\u00e9e pour transmettre les anciens enseignements orientaux sur la respiration. <i>Yag\u014d<\/i> est un terme historique japonais d\u00e9signant une Maison de pratique \u2013 un lieu traditionnel privil\u00e9gi\u00e9 pour partager une pratique ou un art.<\/p>\t\t\t\t\t\t\t\t<\/div>\n\t\t\t\t<\/div>\n\t\t\t\t\t<\/div>\n\t\t\t\t<\/div>\n\t\t<div class=\"elementor-element elementor-element-602ab44 e-flex e-con-boxed e-con e-parent\" data-id=\"602ab44\" data-element_type=\"container\">\n\t\t\t\t\t<div class=\"e-con-inner\">\n\t\t<div class=\"elementor-element elementor-element-8047f40 e-con-full e-flex e-con e-child\" data-id=\"8047f40\" data-element_type=\"container\">\n\t\t\t\t<div class=\"elementor-element elementor-element-0151595 elementor-widget elementor-widget-text-editor\" data-id=\"0151595\" data-element_type=\"widget\" data-widget_type=\"text-editor.default\">\n\t\t\t\t<div class=\"elementor-widget-container\">\n\t\t\t\t\t\t\t\t\t<p class=\"translation-block\"><b>Date<\/b> : Samedi 20 septembre 2025<br>\n<b>Horaire <\/b>: 11h00 \u2013 12h00<br>\n<b>Lieu<\/b> : En plein air<br>\n<b>Inscriptions<\/b> : 20 participants maximum<br>\n<b>Tarif<\/b> : 15 CHF<br>\n<b>Mat\u00e9riel n\u00e9cessaire<\/b> : V\u00eatements confortables, tapis ou couverture, coussin<\/p><p class=\"translation-block\"><b>Langue :<\/b> italien<\/p>\t\t\t\t\t\t\t\t<\/div>\n\t\t\t\t<\/div>\n\t\t\t\t<\/div>\n\t\t<div class=\"elementor-element elementor-element-7bf8729 e-flex e-con-boxed e-con e-child\" data-id=\"7bf8729\" data-element_type=\"container\">\n\t\t\t\t\t<div class=\"e-con-inner\">\n\t\t\t\t<div class=\"elementor-element elementor-element-d1bc2e4 elementor-widget-mobile__width-initial elementor-widget elementor-widget-button\" data-id=\"d1bc2e4\" data-element_type=\"widget\" data-widget_type=\"button.default\">\n\t\t\t\t<div class=\"elementor-widget-container\">\n\t\t\t\t\t\t\t\t\t<div class=\"elementor-button-wrapper\">\n\t\t\t\t\t<a class=\"elementor-button elementor-button-link elementor-size-sm\" href=\"https:\/\/www.ticketino.com\/fr\/event\/japan-matsuri-workshops\/205119\" target=\"_blank\">\n\t\t\t\t\t\t<span class=\"elementor-button-content-wrapper\">\n\t\t\t\t\t\t\t\t\t<span class=\"elementor-button-text\">INSCRIPTION<\/span>\n\t\t\t\t\t<\/span>\n\t\t\t\t\t<\/a>\n\t\t\t\t<\/div>\n\t\t\t\t\t\t\t\t<\/div>\n\t\t\t\t<\/div>\n\t\t\t\t<div class=\"elementor-element elementor-element-c0c0c72 elementor-widget elementor-widget-button\" data-id=\"c0c0c72\" data-element_type=\"widget\" data-widget_type=\"button.default\">\n\t\t\t\t<div class=\"elementor-widget-container\">\n\t\t\t\t\t\t\t\t\t<div class=\"elementor-button-wrapper\">\n\t\t\t\t\t<a class=\"elementor-button elementor-button-link elementor-size-sm\" href=\"https:\/\/japanmatsuri.org\/fr\/reglement\/\" target=\"_blank\">\n\t\t\t\t\t\t<span class=\"elementor-button-content-wrapper\">\n\t\t\t\t\t\t\t\t\t<span class=\"elementor-button-text\">R\u00c8GLEMENT<\/span>\n\t\t\t\t\t<\/span>\n\t\t\t\t\t<\/a>\n\t\t\t\t<\/div>\n\t\t\t\t\t\t\t\t<\/div>\n\t\t\t\t<\/div>\n\t\t\t\t\t<\/div>\n\t\t\t\t<\/div>\n\t\t\t\t\t<\/div>\n\t\t\t\t<\/div>\n\t\t<div class=\"elementor-element elementor-element-88032e3 e-flex e-con-boxed e-con e-parent\" data-id=\"88032e3\" data-element_type=\"container\">\n\t\t\t\t\t<div class=\"e-con-inner\">\n\t\t\t\t<div class=\"elementor-element elementor-element-1ee5368 elementor-widget elementor-widget-text-editor\" data-id=\"1ee5368\" data-element_type=\"widget\" data-widget_type=\"text-editor.default\">\n\t\t\t\t<div class=\"elementor-widget-container\">\n\t\t\t\t\t\t\t\t\t<p><i>Pour acc\u00e9der \u00e0 l\u2019espace des ateliers, vous devrez porter le bracelet fourni \u00e0 l\u2019entr\u00e9e du festival. Pour faciliter l\u2019entr\u00e9e, nous vous recommandons d\u2019acheter votre billet de festival en ligne. Les personnes handicap\u00e9es ou \u00e0 mobilit\u00e9 r\u00e9duite sont invit\u00e9es \u00e0 nous contacter \u00e0 l\u2019avance par email \u00e0 l\u2019adresse info@japanmatsuri.org afin que nous puissions organiser un acc\u00e8s sans stress.<\/i><\/p>\t\t\t\t\t\t\t\t<\/div>\n\t\t\t\t<\/div>\n\t\t\t\t\t<\/div>\n\t\t\t\t<\/div>\n\t\t<div class=\"elementor-element elementor-element-1326f17a e-flex e-con-boxed e-con e-parent\" data-id=\"1326f17a\" data-element_type=\"container\">\n\t\t\t\t\t<div class=\"e-con-inner\">\n\t\t\t\t\t<\/div>\n\t\t\t\t<\/div>\n\t\t\t\t<\/div>","protected":false},"excerpt":{"rendered":"<p>Ki, l\u2019energia del respiro Il movimento interno In questo workshop potrai fare esperienza delle tecniche di respiro che permettono di incrementare l\u2019energia Ki e facilitarne il suo fluire interno. Questo favorir\u00e0 sia una maggiore connessione con noi stessi, sia il dissolversi delle tensioni interne per ritrovare uno stato di benessere globale. Come sostiene il maestro [&hellip;]<\/p>","protected":false},"author":1,"featured_media":0,"parent":0,"menu_order":0,"comment_status":"closed","ping_status":"closed","template":"","meta":{"footnotes":""},"class_list":["post-1394","page","type-page","status-publish","hentry"],"yoast_head":"<!-- This site is optimized with the Yoast SEO plugin v25.4 - https:\/\/yoast.com\/wordpress\/plugins\/seo\/ -->\n<title>ki Il movimento interno - Japan Matsuri - Festival Giapponese Bellinzona<\/title>\n<meta name=\"robots\" content=\"index, follow, max-snippet:-1, max-image-preview:large, max-video-preview:-1\" \/>\n<link rel=\"canonical\" href=\"https:\/\/japanmatsuri.org\/fr\/ki-le-mouvement-interieur\/\" \/>\n<meta property=\"og:locale\" content=\"fr_FR\" \/>\n<meta property=\"og:type\" content=\"article\" \/>\n<meta property=\"og:title\" content=\"ki Il movimento interno - Japan Matsuri - Festival Giapponese Bellinzona\" \/>\n<meta property=\"og:description\" content=\"Ki, l\u2019energia del respiro Il movimento interno In questo workshop potrai fare esperienza delle tecniche di respiro che permettono di incrementare l\u2019energia Ki e facilitarne il suo fluire interno. Questo favorir\u00e0 sia una maggiore connessione con noi stessi, sia il dissolversi delle tensioni interne per ritrovare uno stato di benessere globale. Come sostiene il maestro [&hellip;]\" \/>\n<meta property=\"og:url\" content=\"https:\/\/japanmatsuri.org\/fr\/ki-le-mouvement-interieur\/\" \/>\n<meta property=\"og:site_name\" content=\"Japan Matsuri - Festival Giapponese Bellinzona\" \/>\n<meta property=\"article:modified_time\" content=\"2025-07-21T16:28:58+00:00\" \/>\n<meta property=\"og:image\" content=\"https:\/\/japanmatsuri.org\/wp-content\/uploads\/2025\/06\/4.png\" \/>\n\t<meta property=\"og:image:width\" content=\"1750\" \/>\n\t<meta property=\"og:image:height\" content=\"700\" \/>\n\t<meta property=\"og:image:type\" content=\"image\/png\" \/>\n<meta name=\"twitter:card\" content=\"summary_large_image\" \/>\n<meta name=\"twitter:label1\" content=\"Dur\u00e9e de lecture estim\u00e9e\" \/>\n\t<meta name=\"twitter:data1\" content=\"1 minute\" \/>\n<script type=\"application\/ld+json\" class=\"yoast-schema-graph\">{\"@context\":\"https:\/\/schema.org\",\"@graph\":[{\"@type\":\"WebPage\",\"@id\":\"https:\/\/japanmatsuri.org\/ki-il-movimento-interno\/\",\"url\":\"https:\/\/japanmatsuri.org\/ki-il-movimento-interno\/\",\"name\":\"ki Il movimento interno - Japan Matsuri - Festival Giapponese Bellinzona\",\"isPartOf\":{\"@id\":\"https:\/\/japanmatsuri.org\/#website\"},\"primaryImageOfPage\":{\"@id\":\"https:\/\/japanmatsuri.org\/ki-il-movimento-interno\/#primaryimage\"},\"image\":{\"@id\":\"https:\/\/japanmatsuri.org\/ki-il-movimento-interno\/#primaryimage\"},\"thumbnailUrl\":\"https:\/\/japanmatsuri.org\/wp-content\/uploads\/2025\/06\/4.png\",\"datePublished\":\"2025-07-21T16:21:44+00:00\",\"dateModified\":\"2025-07-21T16:28:58+00:00\",\"breadcrumb\":{\"@id\":\"https:\/\/japanmatsuri.org\/ki-il-movimento-interno\/#breadcrumb\"},\"inLanguage\":\"fr-FR\",\"potentialAction\":[{\"@type\":\"ReadAction\",\"target\":[\"https:\/\/japanmatsuri.org\/ki-il-movimento-interno\/\"]}]},{\"@type\":\"ImageObject\",\"inLanguage\":\"fr-FR\",\"@id\":\"https:\/\/japanmatsuri.org\/ki-il-movimento-interno\/#primaryimage\",\"url\":\"https:\/\/japanmatsuri.org\/wp-content\/uploads\/2025\/06\/4.png\",\"contentUrl\":\"https:\/\/japanmatsuri.org\/wp-content\/uploads\/2025\/06\/4.png\"},{\"@type\":\"BreadcrumbList\",\"@id\":\"https:\/\/japanmatsuri.org\/ki-il-movimento-interno\/#breadcrumb\",\"itemListElement\":[{\"@type\":\"ListItem\",\"position\":1,\"name\":\"Home\",\"item\":\"https:\/\/japanmatsuri.org\/it\/\"},{\"@type\":\"ListItem\",\"position\":2,\"name\":\"ki Il movimento interno\"}]},{\"@type\":\"WebSite\",\"@id\":\"https:\/\/japanmatsuri.org\/#website\",\"url\":\"https:\/\/japanmatsuri.org\/\",\"name\":\"Japan Matsuri - Festival Giapponese Bellinzona\",\"description\":\"Festival Giapponese Bellinzona\",\"potentialAction\":[{\"@type\":\"SearchAction\",\"target\":{\"@type\":\"EntryPoint\",\"urlTemplate\":\"https:\/\/japanmatsuri.org\/?s={search_term_string}\"},\"query-input\":{\"@type\":\"PropertyValueSpecification\",\"valueRequired\":true,\"valueName\":\"search_term_string\"}}],\"inLanguage\":\"fr-FR\"}]}<\/script>\n<!-- \/ Yoast SEO plugin. -->","yoast_head_json":{"title":"ki Il movimento interno - Japan Matsuri - Festival Giapponese Bellinzona","robots":{"index":"index","follow":"follow","max-snippet":"max-snippet:-1","max-image-preview":"max-image-preview:large","max-video-preview":"max-video-preview:-1"},"canonical":"https:\/\/japanmatsuri.org\/fr\/ki-le-mouvement-interieur\/","og_locale":"fr_FR","og_type":"article","og_title":"ki Il movimento interno - Japan Matsuri - Festival Giapponese Bellinzona","og_description":"Ki, l\u2019energia del respiro Il movimento interno In questo workshop potrai fare esperienza delle tecniche di respiro che permettono di incrementare l\u2019energia Ki e facilitarne il suo fluire interno. Questo favorir\u00e0 sia una maggiore connessione con noi stessi, sia il dissolversi delle tensioni interne per ritrovare uno stato di benessere globale. Come sostiene il maestro [&hellip;]","og_url":"https:\/\/japanmatsuri.org\/fr\/ki-le-mouvement-interieur\/","og_site_name":"Japan Matsuri - Festival Giapponese Bellinzona","article_modified_time":"2025-07-21T16:28:58+00:00","og_image":[{"width":1750,"height":700,"url":"https:\/\/japanmatsuri.org\/wp-content\/uploads\/2025\/06\/4.png","type":"image\/png"}],"twitter_card":"summary_large_image","twitter_misc":{"Dur\u00e9e de lecture estim\u00e9e":"1 minute"},"schema":{"@context":"https:\/\/schema.org","@graph":[{"@type":"WebPage","@id":"https:\/\/japanmatsuri.org\/ki-il-movimento-interno\/","url":"https:\/\/japanmatsuri.org\/ki-il-movimento-interno\/","name":"ki Il movimento interno - Japan Matsuri - Festival Giapponese Bellinzona","isPartOf":{"@id":"https:\/\/japanmatsuri.org\/#website"},"primaryImageOfPage":{"@id":"https:\/\/japanmatsuri.org\/ki-il-movimento-interno\/#primaryimage"},"image":{"@id":"https:\/\/japanmatsuri.org\/ki-il-movimento-interno\/#primaryimage"},"thumbnailUrl":"https:\/\/japanmatsuri.org\/wp-content\/uploads\/2025\/06\/4.png","datePublished":"2025-07-21T16:21:44+00:00","dateModified":"2025-07-21T16:28:58+00:00","breadcrumb":{"@id":"https:\/\/japanmatsuri.org\/ki-il-movimento-interno\/#breadcrumb"},"inLanguage":"fr-FR","potentialAction":[{"@type":"ReadAction","target":["https:\/\/japanmatsuri.org\/ki-il-movimento-interno\/"]}]},{"@type":"ImageObject","inLanguage":"fr-FR","@id":"https:\/\/japanmatsuri.org\/ki-il-movimento-interno\/#primaryimage","url":"https:\/\/japanmatsuri.org\/wp-content\/uploads\/2025\/06\/4.png","contentUrl":"https:\/\/japanmatsuri.org\/wp-content\/uploads\/2025\/06\/4.png"},{"@type":"BreadcrumbList","@id":"https:\/\/japanmatsuri.org\/ki-il-movimento-interno\/#breadcrumb","itemListElement":[{"@type":"ListItem","position":1,"name":"Home","item":"https:\/\/japanmatsuri.org\/it\/"},{"@type":"ListItem","position":2,"name":"ki Il movimento interno"}]},{"@type":"WebSite","@id":"https:\/\/japanmatsuri.org\/#website","url":"https:\/\/japanmatsuri.org\/","name":"Japan Matsuri - Festival Giapponese Bellinzona","description":"Festival Giapponese Bellinzona","potentialAction":[{"@type":"SearchAction","target":{"@type":"EntryPoint","urlTemplate":"https:\/\/japanmatsuri.org\/?s={search_term_string}"},"query-input":{"@type":"PropertyValueSpecification","valueRequired":true,"valueName":"search_term_string"}}],"inLanguage":"fr-FR"}]}},"_links":{"self":[{"href":"https:\/\/japanmatsuri.org\/fr\/wp-json\/wp\/v2\/pages\/1394","targetHints":{"allow":["GET"]}}],"collection":[{"href":"https:\/\/japanmatsuri.org\/fr\/wp-json\/wp\/v2\/pages"}],"about":[{"href":"https:\/\/japanmatsuri.org\/fr\/wp-json\/wp\/v2\/types\/page"}],"author":[{"embeddable":true,"href":"https:\/\/japanmatsuri.org\/fr\/wp-json\/wp\/v2\/users\/1"}],"replies":[{"embeddable":true,"href":"https:\/\/japanmatsuri.org\/fr\/wp-json\/wp\/v2\/comments?post=1394"}],"version-history":[{"count":4,"href":"https:\/\/japanmatsuri.org\/fr\/wp-json\/wp\/v2\/pages\/1394\/revisions"}],"predecessor-version":[{"id":1399,"href":"https:\/\/japanmatsuri.org\/fr\/wp-json\/wp\/v2\/pages\/1394\/revisions\/1399"}],"wp:attachment":[{"href":"https:\/\/japanmatsuri.org\/fr\/wp-json\/wp\/v2\/media?parent=1394"}],"curies":[{"name":"wp","href":"https:\/\/api.w.org\/{rel}","templated":true}]}}