{"id":1405,"date":"2025-07-27T17:16:33","date_gmt":"2025-07-27T16:16:33","guid":{"rendered":"https:\/\/japanmatsuri.org\/it\/?page_id=1405"},"modified":"2025-07-27T17:37:54","modified_gmt":"2025-07-27T16:37:54","slug":"sumi-e-margot-tohkou-olejniczak","status":"publish","type":"page","link":"https:\/\/japanmatsuri.org\/fr\/sumi-e-margot-tohkou-olejniczak\/","title":{"rendered":"sumi-e Margot Tohkou Olejniczak"},"content":{"rendered":"<div data-elementor-type=\"wp-page\" data-elementor-id=\"1405\" class=\"elementor elementor-1405\" data-elementor-post-type=\"page\">\n\t\t\t\t<div class=\"elementor-element elementor-element-c357aaa e-flex e-con-boxed e-con e-parent\" data-id=\"c357aaa\" data-element_type=\"container\">\n\t\t\t\t\t<div class=\"e-con-inner\">\n\t\t\t\t<div class=\"elementor-element elementor-element-4b557e84 elementor-widget elementor-widget-heading\" data-id=\"4b557e84\" data-element_type=\"widget\" data-widget_type=\"heading.default\">\n\t\t\t\t<div class=\"elementor-widget-container\">\n\t\t\t\t\t<h1 class=\"elementor-heading-title elementor-size-default\">La Voie de l\u2019Encre<\/h1>\t\t\t\t<\/div>\n\t\t\t\t<\/div>\n\t\t\t\t<div class=\"elementor-element elementor-element-bdab1a8 elementor-widget elementor-widget-heading\" data-id=\"bdab1a8\" data-element_type=\"widget\" data-widget_type=\"heading.default\">\n\t\t\t\t<div class=\"elementor-widget-container\">\n\t\t\t\t\t<h2 class=\"elementor-heading-title elementor-size-default\">Une Exp\u00e9rience M\u00e9ditative de Peinture Sumi-e<\/h2>\t\t\t\t<\/div>\n\t\t\t\t<\/div>\n\t\t\t\t\t<\/div>\n\t\t\t\t<\/div>\n\t\t<div class=\"elementor-element elementor-element-48f1e7c6 e-flex e-con-boxed e-con e-parent\" data-id=\"48f1e7c6\" data-element_type=\"container\">\n\t\t\t\t\t<div class=\"e-con-inner\">\n\t\t\t\t<div class=\"elementor-element elementor-element-bfe690a elementor-widget elementor-widget-image\" data-id=\"bfe690a\" data-element_type=\"widget\" data-widget_type=\"image.default\">\n\t\t\t\t<div class=\"elementor-widget-container\">\n\t\t\t\t\t\t\t\t\t\t\t\t\t\t\t<img fetchpriority=\"high\" decoding=\"async\" width=\"1750\" height=\"700\" src=\"https:\/\/japanmatsuri.org\/wp-content\/uploads\/2025\/07\/copertine-8.png\" class=\"attachment-full size-full wp-image-1408\" alt=\"\" srcset=\"https:\/\/japanmatsuri.org\/wp-content\/uploads\/2025\/07\/copertine-8.png 1750w, https:\/\/japanmatsuri.org\/wp-content\/uploads\/2025\/07\/copertine-8-300x120.png 300w, https:\/\/japanmatsuri.org\/wp-content\/uploads\/2025\/07\/copertine-8-1024x410.png 1024w, https:\/\/japanmatsuri.org\/wp-content\/uploads\/2025\/07\/copertine-8-768x307.png 768w, https:\/\/japanmatsuri.org\/wp-content\/uploads\/2025\/07\/copertine-8-1536x614.png 1536w, https:\/\/japanmatsuri.org\/wp-content\/uploads\/2025\/07\/copertine-8-18x7.png 18w\" sizes=\"(max-width: 1750px) 100vw, 1750px\" \/>\t\t\t\t\t\t\t\t\t\t\t\t\t\t\t<\/div>\n\t\t\t\t<\/div>\n\t\t\t\t\t<\/div>\n\t\t\t\t<\/div>\n\t\t<div class=\"elementor-element elementor-element-f5bae12 e-flex e-con-boxed e-con e-parent\" data-id=\"f5bae12\" data-element_type=\"container\">\n\t\t\t\t\t<div class=\"e-con-inner\">\n\t\t\t\t\t<\/div>\n\t\t\t\t<\/div>\n\t\t<div class=\"elementor-element elementor-element-1682d74 e-flex e-con-boxed e-con e-parent\" data-id=\"1682d74\" data-element_type=\"container\">\n\t\t\t\t\t<div class=\"e-con-inner\">\n\t\t\t\t<div class=\"elementor-element elementor-element-1473bb6 elementor-widget elementor-widget-text-editor\" data-id=\"1473bb6\" data-element_type=\"widget\" data-widget_type=\"text-editor.default\">\n\t\t\t\t<div class=\"elementor-widget-container\">\n\t\t\t\t\t\t\t\t\t<p class=\"translation-block\"><b>APPRENEZ EN VOUS AMUSANT ET D\u00c9VELOPPEZ VOTRE CR\u00c9ATIVIT\u00c9<\/b><br>\n<b>UN MOMENT UNIQUE AVEC LA PEINTURE JAPONAIS SUMI-E<\/b>\nSumi-e signifie \"dessiner \u00e0 l\u2019encre sur du papier\" et trouve son origine en Chine. Dans cette forme d\u2019art, on sugg\u00e8re plus qu\u2019on ne d\u00e9crit. C\u2019est un art de m\u00e9ditation et de d\u00e9veloppement int\u00e9rieur. Le chemin vers un but est plus important que le but lui-m\u00eame.<\/p><p class=\"translation-block\">Margot Tohkou \u6771\u8679 Olejniczak et les assistantes de son \u00e9cole Atelier Margot animent des ateliers en Suisse, en Allemagne et en Pologne.<br>\nLe samedi 20 septembre, vous apprendrez \u00e0 peindre des feuilles d\u2019\u00e9rable et cr\u00e9erez votre propre \u0153uvre, sign\u00e9e d\u2019un sceau japonais traditionnel.<br>\nRejoignez-nous pour une exp\u00e9rience inoubliable.<\/p>\t\t\t\t\t\t\t\t<\/div>\n\t\t\t\t<\/div>\n\t\t\t\t\t<\/div>\n\t\t\t\t<\/div>\n\t\t<div class=\"elementor-element elementor-element-74f0839 e-flex e-con-boxed e-con e-parent\" data-id=\"74f0839\" data-element_type=\"container\">\n\t\t\t\t\t<div class=\"e-con-inner\">\n\t\t<div class=\"elementor-element elementor-element-b329e22 e-con-full e-flex e-con e-child\" data-id=\"b329e22\" data-element_type=\"container\">\n\t\t\t\t<div class=\"elementor-element elementor-element-5d155d5 elementor-widget elementor-widget-image\" data-id=\"5d155d5\" data-element_type=\"widget\" data-widget_type=\"image.default\">\n\t\t\t\t<div class=\"elementor-widget-container\">\n\t\t\t\t\t\t\t\t\t\t\t\t\t\t\t<img decoding=\"async\" width=\"200\" height=\"300\" src=\"https:\/\/japanmatsuri.org\/wp-content\/uploads\/2025\/07\/Sumi-e-Margot-Tohkou-Olejniczak-200x300.jpeg\" class=\"attachment-medium size-medium wp-image-1409\" alt=\"\" srcset=\"https:\/\/japanmatsuri.org\/wp-content\/uploads\/2025\/07\/Sumi-e-Margot-Tohkou-Olejniczak-200x300.jpeg 200w, https:\/\/japanmatsuri.org\/wp-content\/uploads\/2025\/07\/Sumi-e-Margot-Tohkou-Olejniczak-681x1024.jpeg 681w, https:\/\/japanmatsuri.org\/wp-content\/uploads\/2025\/07\/Sumi-e-Margot-Tohkou-Olejniczak-768x1154.jpeg 768w, https:\/\/japanmatsuri.org\/wp-content\/uploads\/2025\/07\/Sumi-e-Margot-Tohkou-Olejniczak-1022x1536.jpeg 1022w, https:\/\/japanmatsuri.org\/wp-content\/uploads\/2025\/07\/Sumi-e-Margot-Tohkou-Olejniczak-1362x2048.jpeg 1362w, https:\/\/japanmatsuri.org\/wp-content\/uploads\/2025\/07\/Sumi-e-Margot-Tohkou-Olejniczak-8x12.jpeg 8w, https:\/\/japanmatsuri.org\/wp-content\/uploads\/2025\/07\/Sumi-e-Margot-Tohkou-Olejniczak-scaled.jpeg 1703w\" sizes=\"(max-width: 200px) 100vw, 200px\" \/>\t\t\t\t\t\t\t\t\t\t\t\t\t\t\t<\/div>\n\t\t\t\t<\/div>\n\t\t\t\t<\/div>\n\t\t<div class=\"elementor-element elementor-element-06675f4 e-con-full e-flex e-con e-child\" data-id=\"06675f4\" data-element_type=\"container\">\n\t\t\t\t<div class=\"elementor-element elementor-element-2190cb4 elementor-widget elementor-widget-text-editor\" data-id=\"2190cb4\" data-element_type=\"widget\" data-widget_type=\"text-editor.default\">\n\t\t\t\t<div class=\"elementor-widget-container\">\n\t\t\t\t\t\t\t\t\t<p><b><b>\u00c0 propos de l\u2019artiste<\/b><\/b><b><br \/><\/b> Margot Tohkou \u6771\u8679 Olejniczak expose ses \u0153uvres en Europe, aux \u00c9tats-Unis et au Japon. Elle a re\u00e7u de nombreuses distinctions, notamment du Tokyo National Art Center et du Tokyo Metropolitan Art Museum.<\/p><p class=\"translation-block\">En 2021, elle a re\u00e7u le Prix Sp\u00e9cial du Minist\u00e8re des Affaires \u00c9trang\u00e8res du Japon, et le ma\u00eetre Tohun Kobayashi\u2014l\u2019un des plus grands peintres japonais du XXe si\u00e8cle\u2014lui a donn\u00e9 le nom artistique <i>Tohkou \u6771\u8679<\/i> (\"Arc-en-ciel de l\u2019Est\"). Elle enseigne l\u2019art du sumi-e depuis 25 ans.<\/p><p>Website <a href=\"https:\/\/www.m-olejniczak.ch\/\" target=\"_blank\" rel=\"noopener\">m-olejniczak.ch<\/a><\/p>\t\t\t\t\t\t\t\t<\/div>\n\t\t\t\t<\/div>\n\t\t\t\t<\/div>\n\t\t\t\t\t<\/div>\n\t\t\t\t<\/div>\n\t\t<div class=\"elementor-element elementor-element-23fc253 e-flex e-con-boxed e-con e-parent\" data-id=\"23fc253\" data-element_type=\"container\">\n\t\t\t\t\t<div class=\"e-con-inner\">\n\t\t<div class=\"elementor-element elementor-element-c487b9e e-con-full e-flex e-con e-child\" data-id=\"c487b9e\" data-element_type=\"container\">\n\t\t\t\t<div class=\"elementor-element elementor-element-7ca1db7 elementor-widget elementor-widget-text-editor\" data-id=\"7ca1db7\" data-element_type=\"widget\" data-widget_type=\"text-editor.default\">\n\t\t\t\t<div class=\"elementor-widget-container\">\n\t\t\t\t\t\t\t\t\t<p class=\"translation-block\"><b>Date:<\/b> Samedi 20 septembre 2025<br>\n<b>Horaire:<\/b> 16h15 \u2013 17h15<br>\n<b>Lieu:<\/b> Salle 3<br>\n<b>Inscriptions:<\/b> maximum 12 participants<br>\n<b>Prix:<\/b> gratuit<\/p><p class=\"translation-block\"><b>Langues:<\/b> anglais, allemand<\/p>\t\t\t\t\t\t\t\t<\/div>\n\t\t\t\t<\/div>\n\t\t\t\t<\/div>\n\t\t<div class=\"elementor-element elementor-element-bf3328a e-flex e-con-boxed e-con e-child\" data-id=\"bf3328a\" data-element_type=\"container\">\n\t\t\t\t\t<div class=\"e-con-inner\">\n\t\t\t\t<div class=\"elementor-element elementor-element-0646f8e elementor-widget-mobile__width-initial elementor-widget elementor-widget-button\" data-id=\"0646f8e\" data-element_type=\"widget\" data-widget_type=\"button.default\">\n\t\t\t\t<div class=\"elementor-widget-container\">\n\t\t\t\t\t\t\t\t\t<div class=\"elementor-button-wrapper\">\n\t\t\t\t\t<a class=\"elementor-button elementor-button-link elementor-size-sm\" href=\"https:\/\/www.ticketino.com\/fr\/event\/japan-matsuri-corsi\/205136\" target=\"_blank\">\n\t\t\t\t\t\t<span class=\"elementor-button-content-wrapper\">\n\t\t\t\t\t\t\t\t\t<span class=\"elementor-button-text\">INSCRIPTION<\/span>\n\t\t\t\t\t<\/span>\n\t\t\t\t\t<\/a>\n\t\t\t\t<\/div>\n\t\t\t\t\t\t\t\t<\/div>\n\t\t\t\t<\/div>\n\t\t\t\t<div class=\"elementor-element elementor-element-f36d7b1 elementor-widget elementor-widget-button\" data-id=\"f36d7b1\" data-element_type=\"widget\" data-widget_type=\"button.default\">\n\t\t\t\t<div class=\"elementor-widget-container\">\n\t\t\t\t\t\t\t\t\t<div class=\"elementor-button-wrapper\">\n\t\t\t\t\t<a class=\"elementor-button elementor-button-link elementor-size-sm\" href=\"https:\/\/japanmatsuri.org\/fr\/reglement\/\" target=\"_blank\">\n\t\t\t\t\t\t<span class=\"elementor-button-content-wrapper\">\n\t\t\t\t\t\t\t\t\t<span class=\"elementor-button-text\">R\u00c8GLEMENT<\/span>\n\t\t\t\t\t<\/span>\n\t\t\t\t\t<\/a>\n\t\t\t\t<\/div>\n\t\t\t\t\t\t\t\t<\/div>\n\t\t\t\t<\/div>\n\t\t\t\t\t<\/div>\n\t\t\t\t<\/div>\n\t\t\t\t\t<\/div>\n\t\t\t\t<\/div>\n\t\t<div class=\"elementor-element elementor-element-21d0bfd e-flex e-con-boxed e-con e-parent\" data-id=\"21d0bfd\" data-element_type=\"container\">\n\t\t\t\t\t<div class=\"e-con-inner\">\n\t\t\t\t<div class=\"elementor-element elementor-element-08b48db elementor-widget elementor-widget-text-editor\" data-id=\"08b48db\" data-element_type=\"widget\" data-widget_type=\"text-editor.default\">\n\t\t\t\t<div class=\"elementor-widget-container\">\n\t\t\t\t\t\t\t\t\t<p><i>Pour acc\u00e9der \u00e0 l\u2019espace des ateliers, vous devrez porter le bracelet fourni \u00e0 l\u2019entr\u00e9e du festival. Pour faciliter l\u2019entr\u00e9e, nous vous recommandons d\u2019acheter votre billet de festival en ligne. Les personnes handicap\u00e9es ou \u00e0 mobilit\u00e9 r\u00e9duite sont invit\u00e9es \u00e0 nous contacter \u00e0 l\u2019avance par email \u00e0 l\u2019adresse info@japanmatsuri.org afin que nous puissions organiser un acc\u00e8s sans stress.<\/i><\/p>\t\t\t\t\t\t\t\t<\/div>\n\t\t\t\t<\/div>\n\t\t\t\t\t<\/div>\n\t\t\t\t<\/div>\n\t\t<div class=\"elementor-element elementor-element-6bfe5760 e-flex e-con-boxed e-con e-parent\" data-id=\"6bfe5760\" data-element_type=\"container\">\n\t\t\t\t\t<div class=\"e-con-inner\">\n\t\t\t\t\t<\/div>\n\t\t\t\t<\/div>\n\t\t\t\t<\/div>","protected":false},"excerpt":{"rendered":"<p>La Via dell\u2019Inchiostro un\u2019Esperienza Meditativa con la Pittura Sumi-e APPRENDIMENTO E CREATIVIT\u00c0 UN MOMENTO UNICO CON LA PITTURA GIAPPONESE SUMI-E Sumi-e significa &#8220;dipingere con l\u2019inchiostro su carta&#8221; e ha origini cinesi. In questa arte si suggerisce pi\u00f9 di quanto si esprima direttamente. \u00c8 un\u2019arte di meditazione e crescita interiore. Il cammino verso un obiettivo \u00e8 [&hellip;]<\/p>","protected":false},"author":1,"featured_media":0,"parent":0,"menu_order":0,"comment_status":"closed","ping_status":"closed","template":"","meta":{"footnotes":""},"class_list":["post-1405","page","type-page","status-publish","hentry"],"yoast_head":"<!-- This site is optimized with the Yoast SEO plugin v25.4 - https:\/\/yoast.com\/wordpress\/plugins\/seo\/ -->\n<title>sumi-e Margot Tohkou Olejniczak - Japan Matsuri - Festival Giapponese Bellinzona<\/title>\n<meta name=\"robots\" content=\"index, follow, max-snippet:-1, max-image-preview:large, max-video-preview:-1\" \/>\n<link rel=\"canonical\" href=\"https:\/\/japanmatsuri.org\/fr\/sumi-e-margot-tohkou-olejniczak\/\" \/>\n<meta property=\"og:locale\" content=\"fr_FR\" \/>\n<meta property=\"og:type\" content=\"article\" \/>\n<meta property=\"og:title\" content=\"sumi-e Margot Tohkou Olejniczak - Japan Matsuri - Festival Giapponese Bellinzona\" \/>\n<meta property=\"og:description\" content=\"La Via dell\u2019Inchiostro un\u2019Esperienza Meditativa con la Pittura Sumi-e APPRENDIMENTO E CREATIVIT\u00c0 UN MOMENTO UNICO CON LA PITTURA GIAPPONESE SUMI-E Sumi-e significa &#8220;dipingere con l\u2019inchiostro su carta&#8221; e ha origini cinesi. In questa arte si suggerisce pi\u00f9 di quanto si esprima direttamente. \u00c8 un\u2019arte di meditazione e crescita interiore. Il cammino verso un obiettivo \u00e8 [&hellip;]\" \/>\n<meta property=\"og:url\" content=\"https:\/\/japanmatsuri.org\/fr\/sumi-e-margot-tohkou-olejniczak\/\" \/>\n<meta property=\"og:site_name\" content=\"Japan Matsuri - Festival Giapponese Bellinzona\" \/>\n<meta property=\"article:modified_time\" content=\"2025-07-27T16:37:54+00:00\" \/>\n<meta property=\"og:image\" content=\"https:\/\/japanmatsuri.org\/wp-content\/uploads\/2025\/07\/copertine-8.png\" \/>\n\t<meta property=\"og:image:width\" content=\"1750\" \/>\n\t<meta property=\"og:image:height\" content=\"700\" \/>\n\t<meta property=\"og:image:type\" content=\"image\/png\" \/>\n<meta name=\"twitter:card\" content=\"summary_large_image\" \/>\n<meta name=\"twitter:label1\" content=\"Dur\u00e9e de lecture estim\u00e9e\" \/>\n\t<meta name=\"twitter:data1\" content=\"1 minute\" \/>\n<script type=\"application\/ld+json\" class=\"yoast-schema-graph\">{\"@context\":\"https:\/\/schema.org\",\"@graph\":[{\"@type\":\"WebPage\",\"@id\":\"https:\/\/japanmatsuri.org\/sumi-e-margot-tohkou-olejniczak\/\",\"url\":\"https:\/\/japanmatsuri.org\/sumi-e-margot-tohkou-olejniczak\/\",\"name\":\"sumi-e Margot Tohkou Olejniczak - Japan Matsuri - Festival Giapponese Bellinzona\",\"isPartOf\":{\"@id\":\"https:\/\/japanmatsuri.org\/#website\"},\"primaryImageOfPage\":{\"@id\":\"https:\/\/japanmatsuri.org\/sumi-e-margot-tohkou-olejniczak\/#primaryimage\"},\"image\":{\"@id\":\"https:\/\/japanmatsuri.org\/sumi-e-margot-tohkou-olejniczak\/#primaryimage\"},\"thumbnailUrl\":\"https:\/\/japanmatsuri.org\/wp-content\/uploads\/2025\/07\/copertine-8.png\",\"datePublished\":\"2025-07-27T16:16:33+00:00\",\"dateModified\":\"2025-07-27T16:37:54+00:00\",\"breadcrumb\":{\"@id\":\"https:\/\/japanmatsuri.org\/sumi-e-margot-tohkou-olejniczak\/#breadcrumb\"},\"inLanguage\":\"fr-FR\",\"potentialAction\":[{\"@type\":\"ReadAction\",\"target\":[\"https:\/\/japanmatsuri.org\/sumi-e-margot-tohkou-olejniczak\/\"]}]},{\"@type\":\"ImageObject\",\"inLanguage\":\"fr-FR\",\"@id\":\"https:\/\/japanmatsuri.org\/sumi-e-margot-tohkou-olejniczak\/#primaryimage\",\"url\":\"https:\/\/japanmatsuri.org\/wp-content\/uploads\/2025\/07\/copertine-8.png\",\"contentUrl\":\"https:\/\/japanmatsuri.org\/wp-content\/uploads\/2025\/07\/copertine-8.png\"},{\"@type\":\"BreadcrumbList\",\"@id\":\"https:\/\/japanmatsuri.org\/sumi-e-margot-tohkou-olejniczak\/#breadcrumb\",\"itemListElement\":[{\"@type\":\"ListItem\",\"position\":1,\"name\":\"Home\",\"item\":\"https:\/\/japanmatsuri.org\/it\/\"},{\"@type\":\"ListItem\",\"position\":2,\"name\":\"sumi-e Margot Tohkou Olejniczak\"}]},{\"@type\":\"WebSite\",\"@id\":\"https:\/\/japanmatsuri.org\/#website\",\"url\":\"https:\/\/japanmatsuri.org\/\",\"name\":\"Japan Matsuri - Festival Giapponese Bellinzona\",\"description\":\"Festival Giapponese Bellinzona\",\"potentialAction\":[{\"@type\":\"SearchAction\",\"target\":{\"@type\":\"EntryPoint\",\"urlTemplate\":\"https:\/\/japanmatsuri.org\/?s={search_term_string}\"},\"query-input\":{\"@type\":\"PropertyValueSpecification\",\"valueRequired\":true,\"valueName\":\"search_term_string\"}}],\"inLanguage\":\"fr-FR\"}]}<\/script>\n<!-- \/ Yoast SEO plugin. -->","yoast_head_json":{"title":"sumi-e Margot Tohkou Olejniczak - Japan Matsuri - Festival Giapponese Bellinzona","robots":{"index":"index","follow":"follow","max-snippet":"max-snippet:-1","max-image-preview":"max-image-preview:large","max-video-preview":"max-video-preview:-1"},"canonical":"https:\/\/japanmatsuri.org\/fr\/sumi-e-margot-tohkou-olejniczak\/","og_locale":"fr_FR","og_type":"article","og_title":"sumi-e Margot Tohkou Olejniczak - Japan Matsuri - Festival Giapponese Bellinzona","og_description":"La Via dell\u2019Inchiostro un\u2019Esperienza Meditativa con la Pittura Sumi-e APPRENDIMENTO E CREATIVIT\u00c0 UN MOMENTO UNICO CON LA PITTURA GIAPPONESE SUMI-E Sumi-e significa &#8220;dipingere con l\u2019inchiostro su carta&#8221; e ha origini cinesi. In questa arte si suggerisce pi\u00f9 di quanto si esprima direttamente. \u00c8 un\u2019arte di meditazione e crescita interiore. Il cammino verso un obiettivo \u00e8 [&hellip;]","og_url":"https:\/\/japanmatsuri.org\/fr\/sumi-e-margot-tohkou-olejniczak\/","og_site_name":"Japan Matsuri - Festival Giapponese Bellinzona","article_modified_time":"2025-07-27T16:37:54+00:00","og_image":[{"width":1750,"height":700,"url":"https:\/\/japanmatsuri.org\/wp-content\/uploads\/2025\/07\/copertine-8.png","type":"image\/png"}],"twitter_card":"summary_large_image","twitter_misc":{"Dur\u00e9e de lecture estim\u00e9e":"1 minute"},"schema":{"@context":"https:\/\/schema.org","@graph":[{"@type":"WebPage","@id":"https:\/\/japanmatsuri.org\/sumi-e-margot-tohkou-olejniczak\/","url":"https:\/\/japanmatsuri.org\/sumi-e-margot-tohkou-olejniczak\/","name":"sumi-e Margot Tohkou Olejniczak - Japan Matsuri - Festival Giapponese Bellinzona","isPartOf":{"@id":"https:\/\/japanmatsuri.org\/#website"},"primaryImageOfPage":{"@id":"https:\/\/japanmatsuri.org\/sumi-e-margot-tohkou-olejniczak\/#primaryimage"},"image":{"@id":"https:\/\/japanmatsuri.org\/sumi-e-margot-tohkou-olejniczak\/#primaryimage"},"thumbnailUrl":"https:\/\/japanmatsuri.org\/wp-content\/uploads\/2025\/07\/copertine-8.png","datePublished":"2025-07-27T16:16:33+00:00","dateModified":"2025-07-27T16:37:54+00:00","breadcrumb":{"@id":"https:\/\/japanmatsuri.org\/sumi-e-margot-tohkou-olejniczak\/#breadcrumb"},"inLanguage":"fr-FR","potentialAction":[{"@type":"ReadAction","target":["https:\/\/japanmatsuri.org\/sumi-e-margot-tohkou-olejniczak\/"]}]},{"@type":"ImageObject","inLanguage":"fr-FR","@id":"https:\/\/japanmatsuri.org\/sumi-e-margot-tohkou-olejniczak\/#primaryimage","url":"https:\/\/japanmatsuri.org\/wp-content\/uploads\/2025\/07\/copertine-8.png","contentUrl":"https:\/\/japanmatsuri.org\/wp-content\/uploads\/2025\/07\/copertine-8.png"},{"@type":"BreadcrumbList","@id":"https:\/\/japanmatsuri.org\/sumi-e-margot-tohkou-olejniczak\/#breadcrumb","itemListElement":[{"@type":"ListItem","position":1,"name":"Home","item":"https:\/\/japanmatsuri.org\/it\/"},{"@type":"ListItem","position":2,"name":"sumi-e Margot Tohkou Olejniczak"}]},{"@type":"WebSite","@id":"https:\/\/japanmatsuri.org\/#website","url":"https:\/\/japanmatsuri.org\/","name":"Japan Matsuri - Festival Giapponese Bellinzona","description":"Festival Giapponese Bellinzona","potentialAction":[{"@type":"SearchAction","target":{"@type":"EntryPoint","urlTemplate":"https:\/\/japanmatsuri.org\/?s={search_term_string}"},"query-input":{"@type":"PropertyValueSpecification","valueRequired":true,"valueName":"search_term_string"}}],"inLanguage":"fr-FR"}]}},"_links":{"self":[{"href":"https:\/\/japanmatsuri.org\/fr\/wp-json\/wp\/v2\/pages\/1405","targetHints":{"allow":["GET"]}}],"collection":[{"href":"https:\/\/japanmatsuri.org\/fr\/wp-json\/wp\/v2\/pages"}],"about":[{"href":"https:\/\/japanmatsuri.org\/fr\/wp-json\/wp\/v2\/types\/page"}],"author":[{"embeddable":true,"href":"https:\/\/japanmatsuri.org\/fr\/wp-json\/wp\/v2\/users\/1"}],"replies":[{"embeddable":true,"href":"https:\/\/japanmatsuri.org\/fr\/wp-json\/wp\/v2\/comments?post=1405"}],"version-history":[{"count":7,"href":"https:\/\/japanmatsuri.org\/fr\/wp-json\/wp\/v2\/pages\/1405\/revisions"}],"predecessor-version":[{"id":1415,"href":"https:\/\/japanmatsuri.org\/fr\/wp-json\/wp\/v2\/pages\/1405\/revisions\/1415"}],"wp:attachment":[{"href":"https:\/\/japanmatsuri.org\/fr\/wp-json\/wp\/v2\/media?parent=1405"}],"curies":[{"name":"wp","href":"https:\/\/api.w.org\/{rel}","templated":true}]}}