{"id":1443,"date":"2025-07-29T16:51:05","date_gmt":"2025-07-29T15:51:05","guid":{"rendered":"https:\/\/japanmatsuri.org\/it\/?page_id=1443"},"modified":"2025-08-11T18:22:23","modified_gmt":"2025-08-11T17:22:23","slug":"jin-shin-do","status":"publish","type":"page","link":"https:\/\/japanmatsuri.org\/fr\/jin-shin-do\/","title":{"rendered":"Jin Shin Do"},"content":{"rendered":"<div data-elementor-type=\"wp-page\" data-elementor-id=\"1443\" class=\"elementor elementor-1443\" data-elementor-post-type=\"page\">\n\t\t\t\t<div class=\"elementor-element elementor-element-8e0e7ca e-flex e-con-boxed e-con e-parent\" data-id=\"8e0e7ca\" data-element_type=\"container\">\n\t\t\t\t\t<div class=\"e-con-inner\">\n\t\t\t\t<div class=\"elementor-element elementor-element-2f896cf4 elementor-widget elementor-widget-heading\" data-id=\"2f896cf4\" data-element_type=\"widget\" data-widget_type=\"heading.default\">\n\t\t\t\t<div class=\"elementor-widget-container\">\n\t\t\t\t\t<h1 class=\"elementor-heading-title elementor-size-default\">Jin Shin Do\u00ae Bodymind Acupressure\u00ae<\/h1>\t\t\t\t<\/div>\n\t\t\t\t<\/div>\n\t\t\t\t\t<\/div>\n\t\t\t\t<\/div>\n\t\t<div class=\"elementor-element elementor-element-6b53cc74 e-flex e-con-boxed e-con e-parent\" data-id=\"6b53cc74\" data-element_type=\"container\">\n\t\t\t\t\t<div class=\"e-con-inner\">\n\t\t\t\t<div class=\"elementor-element elementor-element-8cae44d elementor-widget elementor-widget-image\" data-id=\"8cae44d\" data-element_type=\"widget\" data-widget_type=\"image.default\">\n\t\t\t\t<div class=\"elementor-widget-container\">\n\t\t\t\t\t\t\t\t\t\t\t\t\t\t\t<img fetchpriority=\"high\" decoding=\"async\" width=\"1750\" height=\"700\" src=\"https:\/\/japanmatsuri.org\/wp-content\/uploads\/2025\/07\/copertine-4.png\" class=\"attachment-full size-full wp-image-1448\" alt=\"\" srcset=\"https:\/\/japanmatsuri.org\/wp-content\/uploads\/2025\/07\/copertine-4.png 1750w, https:\/\/japanmatsuri.org\/wp-content\/uploads\/2025\/07\/copertine-4-300x120.png 300w, https:\/\/japanmatsuri.org\/wp-content\/uploads\/2025\/07\/copertine-4-1024x410.png 1024w, https:\/\/japanmatsuri.org\/wp-content\/uploads\/2025\/07\/copertine-4-768x307.png 768w, https:\/\/japanmatsuri.org\/wp-content\/uploads\/2025\/07\/copertine-4-1536x614.png 1536w, https:\/\/japanmatsuri.org\/wp-content\/uploads\/2025\/07\/copertine-4-18x7.png 18w\" sizes=\"(max-width: 1750px) 100vw, 1750px\" \/>\t\t\t\t\t\t\t\t\t\t\t\t\t\t\t<\/div>\n\t\t\t\t<\/div>\n\t\t\t\t\t<\/div>\n\t\t\t\t<\/div>\n\t\t<div class=\"elementor-element elementor-element-2dd7d75 e-flex e-con-boxed e-con e-parent\" data-id=\"2dd7d75\" data-element_type=\"container\">\n\t\t\t\t\t<div class=\"e-con-inner\">\n\t\t\t\t\t<\/div>\n\t\t\t\t<\/div>\n\t\t<div class=\"elementor-element elementor-element-66eaebf e-flex e-con-boxed e-con e-parent\" data-id=\"66eaebf\" data-element_type=\"container\">\n\t\t\t\t\t<div class=\"e-con-inner\">\n\t\t\t\t<div class=\"elementor-element elementor-element-abf0e6a elementor-widget elementor-widget-text-editor\" data-id=\"abf0e6a\" data-element_type=\"widget\" data-widget_type=\"text-editor.default\">\n\t\t\t\t<div class=\"elementor-widget-container\">\n\t\t\t\t\t\t\t\t\t<p class=\"translation-block\">L\u2019<b>Academy of Acupressure &amp; Awareness<\/b> est sp\u00e9cialis\u00e9e dans la formation en <b>acupression<\/b> et en diverses th\u00e9rapies compl\u00e9mentaires, avec une approche holistique de la sant\u00e9 et du bien-\u00eatre.<br>\nLes cours propos\u00e9s peuvent \u00eatre reconnus dans le cadre de la <b>proc\u00e9dure d\u2019\u00e9quivalence pour le Certificat Sectoriel OmL TC<\/b>, attestant d\u2019une formation qualifi\u00e9e et compl\u00e8te en acupression.<\/p><p class=\"translation-block\">En collaboration avec la <b>Jin Shin Do\u00ae Foundation for Bodymind Acupressure\u00ae (\u00c9tats-Unis)<\/b>, l\u2019Academy propose le parcours officiel complet en <b>Jin Shin Do\u00ae Bodymind Acupressure\u00ae<\/b>, une m\u00e9thode qui associe l\u2019ancienne sagesse orientale \u00e0 des \u00e9l\u00e9ments de la psychologie corporelle occidentale.<\/p><p>Sur le stand, vous pourrez recevoir un traitement de Jin Shin Do\u00ae Bodymind Acupressure\u00ae, une synth\u00e8se de la digitopression japonaise traditionnelle inspir\u00e9e de Jiro Murai, r\u00e9alis\u00e9e par des th\u00e9rapeutes certifi\u00e9s ou des \u00e9tudiants en formation \u00e0 l\u2019Academy.<\/p><p class=\"translation-block\">Le traitement, d\u2019une dur\u00e9e de <b>15 \u00e0 20 minutes<\/b>, se concentre sur la t\u00eate, le cou et les \u00e9paules, aidant \u00e0 rel\u00e2cher les tensions et \u00e0 retrouver l\u2019\u00e9quilibre. Il est propos\u00e9 moyennant une <b>contribution symbolique de 10 CHF<\/b>.<\/p><p>Vous serez accueilli dans un espace calme et apaisant, con\u00e7u pour vous offrir un moment de d\u00e9tente r\u00e9g\u00e9n\u00e9rant.<\/p><p class=\"translation-block\"><b>Dates :<\/b> Samedi 20 et dimanche 21 septembre 2025<\/p><p><b><b>Nombre de participants :<\/b> Ouvert \u00e0 tous<\/b> aperto a tutti<\/p>\t\t\t\t\t\t\t\t<\/div>\n\t\t\t\t<\/div>\n\t\t\t\t\t<\/div>\n\t\t\t\t<\/div>\n\t\t<div class=\"elementor-element elementor-element-5fccac4d e-flex e-con-boxed e-con e-parent\" data-id=\"5fccac4d\" data-element_type=\"container\">\n\t\t\t\t\t<div class=\"e-con-inner\">\n\t\t\t\t\t<\/div>\n\t\t\t\t<\/div>\n\t\t\t\t<\/div>","protected":false},"excerpt":{"rendered":"<p>Jin Shin Do\u00ae Bodymind Acupressure\u00ae La Academy of Acupressure &amp; Awareness \u00e8 specializzata nella formazione in acupressione e in diverse terapie complementari, con un approccio olistico alla salute e al benessere.I corsi offerti possono essere riconosciuti nell\u2019ambito della procedura di equivalenza per il Certificato Settoriale OmL TC, attestando una preparazione qualificata e completa nel metodo [&hellip;]<\/p>","protected":false},"author":1,"featured_media":0,"parent":0,"menu_order":0,"comment_status":"closed","ping_status":"closed","template":"","meta":{"footnotes":""},"class_list":["post-1443","page","type-page","status-publish","hentry"],"yoast_head":"<!-- This site is optimized with the Yoast SEO plugin v25.4 - https:\/\/yoast.com\/wordpress\/plugins\/seo\/ -->\n<title>Jin Shin Do - Japan Matsuri - Festival Giapponese Bellinzona<\/title>\n<meta name=\"robots\" content=\"index, follow, max-snippet:-1, max-image-preview:large, max-video-preview:-1\" \/>\n<link rel=\"canonical\" href=\"https:\/\/japanmatsuri.org\/fr\/jin-shin-do\/\" \/>\n<meta property=\"og:locale\" content=\"fr_FR\" \/>\n<meta property=\"og:type\" content=\"article\" \/>\n<meta property=\"og:title\" content=\"Jin Shin Do - Japan Matsuri - Festival Giapponese Bellinzona\" \/>\n<meta property=\"og:description\" content=\"Jin Shin Do\u00ae Bodymind Acupressure\u00ae La Academy of Acupressure &amp; Awareness \u00e8 specializzata nella formazione in acupressione e in diverse terapie complementari, con un approccio olistico alla salute e al benessere.I corsi offerti possono essere riconosciuti nell\u2019ambito della procedura di equivalenza per il Certificato Settoriale OmL TC, attestando una preparazione qualificata e completa nel metodo [&hellip;]\" \/>\n<meta property=\"og:url\" content=\"https:\/\/japanmatsuri.org\/fr\/jin-shin-do\/\" \/>\n<meta property=\"og:site_name\" content=\"Japan Matsuri - Festival Giapponese Bellinzona\" \/>\n<meta property=\"article:modified_time\" content=\"2025-08-11T17:22:23+00:00\" \/>\n<meta property=\"og:image\" content=\"https:\/\/japanmatsuri.org\/wp-content\/uploads\/2025\/07\/copertine-4.png\" \/>\n\t<meta property=\"og:image:width\" content=\"1750\" \/>\n\t<meta property=\"og:image:height\" content=\"700\" \/>\n\t<meta property=\"og:image:type\" content=\"image\/png\" \/>\n<meta name=\"twitter:card\" content=\"summary_large_image\" \/>\n<meta name=\"twitter:label1\" content=\"Dur\u00e9e de lecture estim\u00e9e\" \/>\n\t<meta name=\"twitter:data1\" content=\"2 minutes\" \/>\n<script type=\"application\/ld+json\" class=\"yoast-schema-graph\">{\"@context\":\"https:\/\/schema.org\",\"@graph\":[{\"@type\":\"WebPage\",\"@id\":\"https:\/\/japanmatsuri.org\/it\/jin-shin-do\/\",\"url\":\"https:\/\/japanmatsuri.org\/it\/jin-shin-do\/\",\"name\":\"Jin Shin Do - Japan Matsuri - Festival Giapponese Bellinzona\",\"isPartOf\":{\"@id\":\"https:\/\/japanmatsuri.org\/#website\"},\"primaryImageOfPage\":{\"@id\":\"https:\/\/japanmatsuri.org\/it\/jin-shin-do\/#primaryimage\"},\"image\":{\"@id\":\"https:\/\/japanmatsuri.org\/it\/jin-shin-do\/#primaryimage\"},\"thumbnailUrl\":\"https:\/\/japanmatsuri.org\/wp-content\/uploads\/2025\/07\/copertine-4.png\",\"datePublished\":\"2025-07-29T15:51:05+00:00\",\"dateModified\":\"2025-08-11T17:22:23+00:00\",\"breadcrumb\":{\"@id\":\"https:\/\/japanmatsuri.org\/it\/jin-shin-do\/#breadcrumb\"},\"inLanguage\":\"fr-FR\",\"potentialAction\":[{\"@type\":\"ReadAction\",\"target\":[\"https:\/\/japanmatsuri.org\/it\/jin-shin-do\/\"]}]},{\"@type\":\"ImageObject\",\"inLanguage\":\"fr-FR\",\"@id\":\"https:\/\/japanmatsuri.org\/it\/jin-shin-do\/#primaryimage\",\"url\":\"https:\/\/japanmatsuri.org\/wp-content\/uploads\/2025\/07\/copertine-4.png\",\"contentUrl\":\"https:\/\/japanmatsuri.org\/wp-content\/uploads\/2025\/07\/copertine-4.png\"},{\"@type\":\"BreadcrumbList\",\"@id\":\"https:\/\/japanmatsuri.org\/it\/jin-shin-do\/#breadcrumb\",\"itemListElement\":[{\"@type\":\"ListItem\",\"position\":1,\"name\":\"Home\",\"item\":\"https:\/\/japanmatsuri.org\/it\/\"},{\"@type\":\"ListItem\",\"position\":2,\"name\":\"Jin Shin Do\"}]},{\"@type\":\"WebSite\",\"@id\":\"https:\/\/japanmatsuri.org\/#website\",\"url\":\"https:\/\/japanmatsuri.org\/\",\"name\":\"Japan Matsuri - Festival Giapponese Bellinzona\",\"description\":\"Festival Giapponese Bellinzona\",\"potentialAction\":[{\"@type\":\"SearchAction\",\"target\":{\"@type\":\"EntryPoint\",\"urlTemplate\":\"https:\/\/japanmatsuri.org\/?s={search_term_string}\"},\"query-input\":{\"@type\":\"PropertyValueSpecification\",\"valueRequired\":true,\"valueName\":\"search_term_string\"}}],\"inLanguage\":\"fr-FR\"}]}<\/script>\n<!-- \/ Yoast SEO plugin. -->","yoast_head_json":{"title":"Jin Shin Do - Japan Matsuri - Festival Giapponese Bellinzona","robots":{"index":"index","follow":"follow","max-snippet":"max-snippet:-1","max-image-preview":"max-image-preview:large","max-video-preview":"max-video-preview:-1"},"canonical":"https:\/\/japanmatsuri.org\/fr\/jin-shin-do\/","og_locale":"fr_FR","og_type":"article","og_title":"Jin Shin Do - Japan Matsuri - Festival Giapponese Bellinzona","og_description":"Jin Shin Do\u00ae Bodymind Acupressure\u00ae La Academy of Acupressure &amp; Awareness \u00e8 specializzata nella formazione in acupressione e in diverse terapie complementari, con un approccio olistico alla salute e al benessere.I corsi offerti possono essere riconosciuti nell\u2019ambito della procedura di equivalenza per il Certificato Settoriale OmL TC, attestando una preparazione qualificata e completa nel metodo [&hellip;]","og_url":"https:\/\/japanmatsuri.org\/fr\/jin-shin-do\/","og_site_name":"Japan Matsuri - Festival Giapponese Bellinzona","article_modified_time":"2025-08-11T17:22:23+00:00","og_image":[{"width":1750,"height":700,"url":"https:\/\/japanmatsuri.org\/wp-content\/uploads\/2025\/07\/copertine-4.png","type":"image\/png"}],"twitter_card":"summary_large_image","twitter_misc":{"Dur\u00e9e de lecture estim\u00e9e":"2 minutes"},"schema":{"@context":"https:\/\/schema.org","@graph":[{"@type":"WebPage","@id":"https:\/\/japanmatsuri.org\/it\/jin-shin-do\/","url":"https:\/\/japanmatsuri.org\/it\/jin-shin-do\/","name":"Jin Shin Do - Japan Matsuri - Festival Giapponese Bellinzona","isPartOf":{"@id":"https:\/\/japanmatsuri.org\/#website"},"primaryImageOfPage":{"@id":"https:\/\/japanmatsuri.org\/it\/jin-shin-do\/#primaryimage"},"image":{"@id":"https:\/\/japanmatsuri.org\/it\/jin-shin-do\/#primaryimage"},"thumbnailUrl":"https:\/\/japanmatsuri.org\/wp-content\/uploads\/2025\/07\/copertine-4.png","datePublished":"2025-07-29T15:51:05+00:00","dateModified":"2025-08-11T17:22:23+00:00","breadcrumb":{"@id":"https:\/\/japanmatsuri.org\/it\/jin-shin-do\/#breadcrumb"},"inLanguage":"fr-FR","potentialAction":[{"@type":"ReadAction","target":["https:\/\/japanmatsuri.org\/it\/jin-shin-do\/"]}]},{"@type":"ImageObject","inLanguage":"fr-FR","@id":"https:\/\/japanmatsuri.org\/it\/jin-shin-do\/#primaryimage","url":"https:\/\/japanmatsuri.org\/wp-content\/uploads\/2025\/07\/copertine-4.png","contentUrl":"https:\/\/japanmatsuri.org\/wp-content\/uploads\/2025\/07\/copertine-4.png"},{"@type":"BreadcrumbList","@id":"https:\/\/japanmatsuri.org\/it\/jin-shin-do\/#breadcrumb","itemListElement":[{"@type":"ListItem","position":1,"name":"Home","item":"https:\/\/japanmatsuri.org\/it\/"},{"@type":"ListItem","position":2,"name":"Jin Shin Do"}]},{"@type":"WebSite","@id":"https:\/\/japanmatsuri.org\/#website","url":"https:\/\/japanmatsuri.org\/","name":"Japan Matsuri - Festival Giapponese Bellinzona","description":"Festival Giapponese Bellinzona","potentialAction":[{"@type":"SearchAction","target":{"@type":"EntryPoint","urlTemplate":"https:\/\/japanmatsuri.org\/?s={search_term_string}"},"query-input":{"@type":"PropertyValueSpecification","valueRequired":true,"valueName":"search_term_string"}}],"inLanguage":"fr-FR"}]}},"_links":{"self":[{"href":"https:\/\/japanmatsuri.org\/fr\/wp-json\/wp\/v2\/pages\/1443","targetHints":{"allow":["GET"]}}],"collection":[{"href":"https:\/\/japanmatsuri.org\/fr\/wp-json\/wp\/v2\/pages"}],"about":[{"href":"https:\/\/japanmatsuri.org\/fr\/wp-json\/wp\/v2\/types\/page"}],"author":[{"embeddable":true,"href":"https:\/\/japanmatsuri.org\/fr\/wp-json\/wp\/v2\/users\/1"}],"replies":[{"embeddable":true,"href":"https:\/\/japanmatsuri.org\/fr\/wp-json\/wp\/v2\/comments?post=1443"}],"version-history":[{"count":16,"href":"https:\/\/japanmatsuri.org\/fr\/wp-json\/wp\/v2\/pages\/1443\/revisions"}],"predecessor-version":[{"id":1720,"href":"https:\/\/japanmatsuri.org\/fr\/wp-json\/wp\/v2\/pages\/1443\/revisions\/1720"}],"wp:attachment":[{"href":"https:\/\/japanmatsuri.org\/fr\/wp-json\/wp\/v2\/media?parent=1443"}],"curies":[{"name":"wp","href":"https:\/\/api.w.org\/{rel}","templated":true}]}}