{"id":1475,"date":"2025-08-02T14:35:20","date_gmt":"2025-08-02T13:35:20","guid":{"rendered":"https:\/\/japanmatsuri.org\/it\/?page_id=1475"},"modified":"2025-08-02T14:36:12","modified_gmt":"2025-08-02T13:36:12","slug":"onidaiko","status":"publish","type":"page","link":"https:\/\/japanmatsuri.org\/fr\/onidaiko\/","title":{"rendered":"Onidaiko"},"content":{"rendered":"<div data-elementor-type=\"wp-page\" data-elementor-id=\"1475\" class=\"elementor elementor-1475\" data-elementor-post-type=\"page\">\n\t\t\t\t<div class=\"elementor-element elementor-element-603e2b04 e-flex e-con-boxed e-con e-parent\" data-id=\"603e2b04\" data-element_type=\"container\">\n\t\t\t\t\t<div class=\"e-con-inner\">\n\t\t\t\t<div class=\"elementor-element elementor-element-7b3db6c2 elementor-widget elementor-widget-heading\" data-id=\"7b3db6c2\" data-element_type=\"widget\" data-widget_type=\"heading.default\">\n\t\t\t\t<div class=\"elementor-widget-container\">\n\t\t\t\t\t<h1 class=\"elementor-heading-title elementor-size-default\">Onidaiko<\/h1>\t\t\t\t<\/div>\n\t\t\t\t<\/div>\n\t\t\t\t<div class=\"elementor-element elementor-element-539f21a elementor-widget elementor-widget-heading\" data-id=\"539f21a\" data-element_type=\"widget\" data-widget_type=\"heading.default\">\n\t\t\t\t<div class=\"elementor-widget-container\">\n\t\t\t\t\t<h2 class=\"elementor-heading-title elementor-size-default\">La Danse Sacr\u00e9e des Oni de Sado<\/h2>\t\t\t\t<\/div>\n\t\t\t\t<\/div>\n\t\t\t\t\t<\/div>\n\t\t\t\t<\/div>\n\t\t<div class=\"elementor-element elementor-element-ed331bf e-flex e-con-boxed e-con e-parent\" data-id=\"ed331bf\" data-element_type=\"container\">\n\t\t\t\t\t<div class=\"e-con-inner\">\n\t\t\t\t<div class=\"elementor-element elementor-element-7af7121 elementor-widget elementor-widget-text-editor\" data-id=\"7af7121\" data-element_type=\"widget\" data-widget_type=\"text-editor.default\">\n\t\t\t\t<div class=\"elementor-widget-container\">\n\t\t\t\t\t\t\t\t\t<p class=\"translation-block\">Depuis l\u2019\u00eele de Sado \u2013 terre impr\u00e9gn\u00e9e de traditions ancestrales et d\u2019un riche h\u00e9ritage spirituel \u2013 arrive le groupe Kasuga Onigumi. Pour la premi\u00e8re fois en Suisse, ce groupe exceptionnel pr\u00e9sente l\u2019<b>Onidaiko<\/b>, aussi appel\u00e9e <b>Ondeko<\/b> : la danse rituelle sacr\u00e9e des Oni.<\/p>\t\t\t\t\t\t\t\t<\/div>\n\t\t\t\t<\/div>\n\t\t\t\t<div class=\"elementor-element elementor-element-bec5659 elementor-widget elementor-widget-image\" data-id=\"bec5659\" data-element_type=\"widget\" data-widget_type=\"image.default\">\n\t\t\t\t<div class=\"elementor-widget-container\">\n\t\t\t\t\t\t\t\t\t\t\t\t\t\t\t<img fetchpriority=\"high\" decoding=\"async\" width=\"800\" height=\"606\" src=\"https:\/\/japanmatsuri.org\/wp-content\/uploads\/2025\/08\/DSC06352-1024x776.jpg\" class=\"attachment-large size-large wp-image-1477\" alt=\"\" srcset=\"https:\/\/japanmatsuri.org\/wp-content\/uploads\/2025\/08\/DSC06352-1024x776.jpg 1024w, https:\/\/japanmatsuri.org\/wp-content\/uploads\/2025\/08\/DSC06352-300x227.jpg 300w, https:\/\/japanmatsuri.org\/wp-content\/uploads\/2025\/08\/DSC06352-768x582.jpg 768w, https:\/\/japanmatsuri.org\/wp-content\/uploads\/2025\/08\/DSC06352-1536x1164.jpg 1536w, https:\/\/japanmatsuri.org\/wp-content\/uploads\/2025\/08\/DSC06352-16x12.jpg 16w, https:\/\/japanmatsuri.org\/wp-content\/uploads\/2025\/08\/DSC06352.jpg 2000w\" sizes=\"(max-width: 800px) 100vw, 800px\" \/>\t\t\t\t\t\t\t\t\t\t\t\t\t\t\t<\/div>\n\t\t\t\t<\/div>\n\t\t\t\t\t<\/div>\n\t\t\t\t<\/div>\n\t\t<div class=\"elementor-element elementor-element-879d9d6 e-flex e-con-boxed e-con e-parent\" data-id=\"879d9d6\" data-element_type=\"container\">\n\t\t\t\t\t<div class=\"e-con-inner\">\n\t\t\t\t<div class=\"elementor-element elementor-element-c2f88ca elementor-widget elementor-widget-text-editor\" data-id=\"c2f88ca\" data-element_type=\"widget\" data-widget_type=\"text-editor.default\">\n\t\t\t\t<div class=\"elementor-widget-container\">\n\t\t\t\t\t\t\t\t\t<p class=\"translation-block\">Cet art puissant et ancien est transmis depuis plus de trois si\u00e8cles. La version interpr\u00e9t\u00e9e par Kasuga Onigumi fut chor\u00e9graphi\u00e9e au d\u00e9but des ann\u00e9es 1700 par le c\u00e9l\u00e8bre acteur de N\u014d Ukyokiyofusa Homma, dont l\u2019h\u00e9ritage a donn\u00e9 naissance \u00e0 l\u2019une des traditions d\u2019Onidaiko les plus respect\u00e9es de l\u2019\u00eele de Sado. L\u2019Onidaiko allie les rythmes tonitruants des tambours Taiko \u00e0 une chor\u00e9graphie hautement symbolique et \u00e0 des masques expressifs. Il ne s\u2019agit pas simplement d\u2019un spectacle, mais d\u2019un acte rituel qui purifie, prot\u00e8ge et c\u00e9l\u00e8bre l\u2019harmonie entre l\u2019homme, la nature et le divin.<\/p><p class=\"translation-block\">Sur l\u2019\u00eele de Sado, l\u2019Oni n\u2019est pas per\u00e7u comme un d\u00e9mon dans un sens n\u00e9gatif ou mal\u00e9fique. Il est au contraire v\u00e9n\u00e9r\u00e9 comme l\u2019incarnation d\u2019une divinit\u00e9, symbole de puissance sacr\u00e9e et de protection. Il repr\u00e9sente la force spirituelle, purifie les foyers, prot\u00e8ge les villages et garantit l\u2019abondance des r\u00e9coltes.<\/p><p>Chaque geste, chaque son, chaque masque porte en lui une signification profonde. Ensemble, ils racontent l\u2019histoire d\u2019un peuple solidement enracin\u00e9 dans son pass\u00e9 et fier de perp\u00e9tuer une tradition vivante avec force et \u00e9l\u00e9gance.<\/p>\t\t\t\t\t\t\t\t<\/div>\n\t\t\t\t<\/div>\n\t\t\t\t<div class=\"elementor-element elementor-element-f50b044 elementor-widget elementor-widget-image\" data-id=\"f50b044\" data-element_type=\"widget\" data-widget_type=\"image.default\">\n\t\t\t\t<div class=\"elementor-widget-container\">\n\t\t\t\t\t\t\t\t\t\t\t\t\t\t\t<img decoding=\"async\" width=\"800\" height=\"533\" src=\"https:\/\/japanmatsuri.org\/wp-content\/uploads\/2025\/08\/yh20210414_0035-912-1024x682.jpg\" class=\"attachment-large size-large wp-image-1478\" alt=\"\" srcset=\"https:\/\/japanmatsuri.org\/wp-content\/uploads\/2025\/08\/yh20210414_0035-912-1024x682.jpg 1024w, https:\/\/japanmatsuri.org\/wp-content\/uploads\/2025\/08\/yh20210414_0035-912-300x200.jpg 300w, https:\/\/japanmatsuri.org\/wp-content\/uploads\/2025\/08\/yh20210414_0035-912-768x512.jpg 768w, https:\/\/japanmatsuri.org\/wp-content\/uploads\/2025\/08\/yh20210414_0035-912-1536x1024.jpg 1536w, https:\/\/japanmatsuri.org\/wp-content\/uploads\/2025\/08\/yh20210414_0035-912-18x12.jpg 18w, https:\/\/japanmatsuri.org\/wp-content\/uploads\/2025\/08\/yh20210414_0035-912.jpg 2000w\" sizes=\"(max-width: 800px) 100vw, 800px\" \/>\t\t\t\t\t\t\t\t\t\t\t\t\t\t\t<\/div>\n\t\t\t\t<\/div>\n\t\t\t\t<div class=\"elementor-element elementor-element-b4d1b20 elementor-widget elementor-widget-text-editor\" data-id=\"b4d1b20\" data-element_type=\"widget\" data-widget_type=\"text-editor.default\">\n\t\t\t\t<div class=\"elementor-widget-container\">\n\t\t\t\t\t\t\t\t\t<p class=\"translation-block\">Le <b>Kasuga Onigumi<\/b> est l\u2019un des plus de cent groupes d\u2019Onidaiko encore actifs aujourd\u2019hui sur l\u2019\u00eele de Sado. Chacun cultive son propre style et son interpr\u00e9tation spirituelle, enrichissant ainsi la diversit\u00e9 de cet h\u00e9ritage culturel vivant.<\/p><p>Apr\u00e8s la repr\u00e9sentation, les visiteurs sont invit\u00e9s \u00e0 participer \u00e0 un atelier propos\u00e9 le samedi et le dimanche. Une occasion rare d\u2019apprendre les mouvements fondamentaux de l\u2019Onidaiko directement aupr\u00e8s des artistes du Kasuga Onigumi. L\u2019atelier est ouvert \u00e0 tous et constitue une opportunit\u00e9 unique d\u2019entrer en contact avec cette tradition exceptionnelle.<\/p><p>Ce n\u2019est pas simplement un spectacle : c\u2019est une rencontre culturelle, un rare aper\u00e7u du c\u0153ur spirituel du Japon.<\/p>\t\t\t\t\t\t\t\t<\/div>\n\t\t\t\t<\/div>\n\t\t\t\t\t<\/div>\n\t\t\t\t<\/div>\n\t\t<div class=\"elementor-element elementor-element-ef89e2f e-flex e-con-boxed e-con e-parent\" data-id=\"ef89e2f\" data-element_type=\"container\">\n\t\t\t\t\t<div class=\"e-con-inner\">\n\t\t<div class=\"elementor-element elementor-element-30f1d2f e-con-full e-flex e-con e-child\" data-id=\"30f1d2f\" data-element_type=\"container\">\n\t\t\t\t<div class=\"elementor-element elementor-element-c135a59 elementor-widget elementor-widget-text-editor\" data-id=\"c135a59\" data-element_type=\"widget\" data-widget_type=\"text-editor.default\">\n\t\t\t\t<div class=\"elementor-widget-container\">\n\t\t\t\t\t\t\t\t\t<p class=\"translation-block\"><b>Samedi 20 septembre<br>\n Performances sur sc\u00e8ne :<\/b><br>\n \u2013 13h30 (dans le cadre de la c\u00e9r\u00e9monie officielle d\u2019ouverture)<br>\n \u2013 18h00<\/p><p class=\"translation-block\"><b>Atelier \u00e0 participation libre :<\/b><br>\n \u2013 15h00 \u2013 16h30<br>\n<b>Lieu :<\/b> Espace Atelier Ext\u00e9rieur<\/p>\t\t\t\t\t\t\t\t<\/div>\n\t\t\t\t<\/div>\n\t\t\t\t<\/div>\n\t\t<div class=\"elementor-element elementor-element-c41a42d e-con-full e-flex e-con e-child\" data-id=\"c41a42d\" data-element_type=\"container\">\n\t\t\t\t<div class=\"elementor-element elementor-element-775040a elementor-widget elementor-widget-text-editor\" data-id=\"775040a\" data-element_type=\"widget\" data-widget_type=\"text-editor.default\">\n\t\t\t\t<div class=\"elementor-widget-container\">\n\t\t\t\t\t\t\t\t\t<p class=\"translation-block\"><b>Dimanche 21 septembre<\/br>\n Performance sur sc\u00e8ne :<\/b><br>\n \u2013 13h00<\/p><p class=\"translation-block\"><b>Atelier \u00e0 participation libre :<\/b><br>\n \u2013  15h30 \u2013 17h00<br>\n<b>Lieu :<\/b> Espace Atelier Ext\u00e9rieur<\/p>\t\t\t\t\t\t\t\t<\/div>\n\t\t\t\t<\/div>\n\t\t\t\t<\/div>\n\t\t\t\t\t<\/div>\n\t\t\t\t<\/div>\n\t\t<div class=\"elementor-element elementor-element-2e73584b e-flex e-con-boxed e-con e-parent\" data-id=\"2e73584b\" data-element_type=\"container\">\n\t\t\t\t\t<div class=\"e-con-inner\">\n\t\t\t\t\t<\/div>\n\t\t\t\t<\/div>\n\t\t\t\t<\/div>","protected":false},"excerpt":{"rendered":"<p>Onidaiko La Danza Sacra degli Oni di Sado Dall\u2019isola di Sado, terra intrisa di antiche tradizioni e di un profondo patrimonio spirituale, arrivano i Kasuga Onigumi. Per la prima volta in Svizzera, questo straordinario gruppo presenta l\u2019Onidaiko, noto anche come Ondeko: la danza rituale sacra degli Oni. Quest\u2019arte potente e secolare viene tramandata da oltre [&hellip;]<\/p>","protected":false},"author":1,"featured_media":0,"parent":0,"menu_order":0,"comment_status":"closed","ping_status":"closed","template":"","meta":{"footnotes":""},"class_list":["post-1475","page","type-page","status-publish","hentry"],"yoast_head":"<!-- This site is optimized with the Yoast SEO plugin v25.4 - https:\/\/yoast.com\/wordpress\/plugins\/seo\/ -->\n<title>Onidaiko - Japan Matsuri - Festival Giapponese Bellinzona<\/title>\n<meta name=\"robots\" content=\"index, follow, max-snippet:-1, max-image-preview:large, max-video-preview:-1\" \/>\n<link rel=\"canonical\" href=\"https:\/\/japanmatsuri.org\/fr\/onidaiko\/\" \/>\n<meta property=\"og:locale\" content=\"fr_FR\" \/>\n<meta property=\"og:type\" content=\"article\" \/>\n<meta property=\"og:title\" content=\"Onidaiko - Japan Matsuri - Festival Giapponese Bellinzona\" \/>\n<meta property=\"og:description\" content=\"Onidaiko La Danza Sacra degli Oni di Sado Dall\u2019isola di Sado, terra intrisa di antiche tradizioni e di un profondo patrimonio spirituale, arrivano i Kasuga Onigumi. Per la prima volta in Svizzera, questo straordinario gruppo presenta l\u2019Onidaiko, noto anche come Ondeko: la danza rituale sacra degli Oni. Quest\u2019arte potente e secolare viene tramandata da oltre [&hellip;]\" \/>\n<meta property=\"og:url\" content=\"https:\/\/japanmatsuri.org\/fr\/onidaiko\/\" \/>\n<meta property=\"og:site_name\" content=\"Japan Matsuri - Festival Giapponese Bellinzona\" \/>\n<meta property=\"article:modified_time\" content=\"2025-08-02T13:36:12+00:00\" \/>\n<meta property=\"og:image\" content=\"https:\/\/japanmatsuri.org\/wp-content\/uploads\/2025\/08\/DSC06352.jpg\" \/>\n\t<meta property=\"og:image:width\" content=\"2000\" \/>\n\t<meta property=\"og:image:height\" content=\"1516\" \/>\n\t<meta property=\"og:image:type\" content=\"image\/jpeg\" \/>\n<meta name=\"twitter:card\" content=\"summary_large_image\" \/>\n<meta name=\"twitter:label1\" content=\"Dur\u00e9e de lecture estim\u00e9e\" \/>\n\t<meta name=\"twitter:data1\" content=\"2 minutes\" \/>\n<script type=\"application\/ld+json\" class=\"yoast-schema-graph\">{\"@context\":\"https:\/\/schema.org\",\"@graph\":[{\"@type\":\"WebPage\",\"@id\":\"https:\/\/japanmatsuri.org\/it\/onidaiko\/\",\"url\":\"https:\/\/japanmatsuri.org\/it\/onidaiko\/\",\"name\":\"Onidaiko - Japan Matsuri - Festival Giapponese Bellinzona\",\"isPartOf\":{\"@id\":\"https:\/\/japanmatsuri.org\/#website\"},\"primaryImageOfPage\":{\"@id\":\"https:\/\/japanmatsuri.org\/it\/onidaiko\/#primaryimage\"},\"image\":{\"@id\":\"https:\/\/japanmatsuri.org\/it\/onidaiko\/#primaryimage\"},\"thumbnailUrl\":\"https:\/\/japanmatsuri.org\/wp-content\/uploads\/2025\/08\/DSC06352-1024x776.jpg\",\"datePublished\":\"2025-08-02T13:35:20+00:00\",\"dateModified\":\"2025-08-02T13:36:12+00:00\",\"breadcrumb\":{\"@id\":\"https:\/\/japanmatsuri.org\/it\/onidaiko\/#breadcrumb\"},\"inLanguage\":\"fr-FR\",\"potentialAction\":[{\"@type\":\"ReadAction\",\"target\":[\"https:\/\/japanmatsuri.org\/it\/onidaiko\/\"]}]},{\"@type\":\"ImageObject\",\"inLanguage\":\"fr-FR\",\"@id\":\"https:\/\/japanmatsuri.org\/it\/onidaiko\/#primaryimage\",\"url\":\"https:\/\/japanmatsuri.org\/wp-content\/uploads\/2025\/08\/DSC06352-1024x776.jpg\",\"contentUrl\":\"https:\/\/japanmatsuri.org\/wp-content\/uploads\/2025\/08\/DSC06352-1024x776.jpg\"},{\"@type\":\"BreadcrumbList\",\"@id\":\"https:\/\/japanmatsuri.org\/it\/onidaiko\/#breadcrumb\",\"itemListElement\":[{\"@type\":\"ListItem\",\"position\":1,\"name\":\"Home\",\"item\":\"https:\/\/japanmatsuri.org\/it\/\"},{\"@type\":\"ListItem\",\"position\":2,\"name\":\"Onidaiko\"}]},{\"@type\":\"WebSite\",\"@id\":\"https:\/\/japanmatsuri.org\/#website\",\"url\":\"https:\/\/japanmatsuri.org\/\",\"name\":\"Japan Matsuri - Festival Giapponese Bellinzona\",\"description\":\"Festival Giapponese Bellinzona\",\"potentialAction\":[{\"@type\":\"SearchAction\",\"target\":{\"@type\":\"EntryPoint\",\"urlTemplate\":\"https:\/\/japanmatsuri.org\/?s={search_term_string}\"},\"query-input\":{\"@type\":\"PropertyValueSpecification\",\"valueRequired\":true,\"valueName\":\"search_term_string\"}}],\"inLanguage\":\"fr-FR\"}]}<\/script>\n<!-- \/ Yoast SEO plugin. -->","yoast_head_json":{"title":"Onidaiko - Japan Matsuri - Festival Giapponese Bellinzona","robots":{"index":"index","follow":"follow","max-snippet":"max-snippet:-1","max-image-preview":"max-image-preview:large","max-video-preview":"max-video-preview:-1"},"canonical":"https:\/\/japanmatsuri.org\/fr\/onidaiko\/","og_locale":"fr_FR","og_type":"article","og_title":"Onidaiko - Japan Matsuri - Festival Giapponese Bellinzona","og_description":"Onidaiko La Danza Sacra degli Oni di Sado Dall\u2019isola di Sado, terra intrisa di antiche tradizioni e di un profondo patrimonio spirituale, arrivano i Kasuga Onigumi. Per la prima volta in Svizzera, questo straordinario gruppo presenta l\u2019Onidaiko, noto anche come Ondeko: la danza rituale sacra degli Oni. Quest\u2019arte potente e secolare viene tramandata da oltre [&hellip;]","og_url":"https:\/\/japanmatsuri.org\/fr\/onidaiko\/","og_site_name":"Japan Matsuri - Festival Giapponese Bellinzona","article_modified_time":"2025-08-02T13:36:12+00:00","og_image":[{"width":2000,"height":1516,"url":"https:\/\/japanmatsuri.org\/wp-content\/uploads\/2025\/08\/DSC06352.jpg","type":"image\/jpeg"}],"twitter_card":"summary_large_image","twitter_misc":{"Dur\u00e9e de lecture estim\u00e9e":"2 minutes"},"schema":{"@context":"https:\/\/schema.org","@graph":[{"@type":"WebPage","@id":"https:\/\/japanmatsuri.org\/it\/onidaiko\/","url":"https:\/\/japanmatsuri.org\/it\/onidaiko\/","name":"Onidaiko - Japan Matsuri - Festival Giapponese Bellinzona","isPartOf":{"@id":"https:\/\/japanmatsuri.org\/#website"},"primaryImageOfPage":{"@id":"https:\/\/japanmatsuri.org\/it\/onidaiko\/#primaryimage"},"image":{"@id":"https:\/\/japanmatsuri.org\/it\/onidaiko\/#primaryimage"},"thumbnailUrl":"https:\/\/japanmatsuri.org\/wp-content\/uploads\/2025\/08\/DSC06352-1024x776.jpg","datePublished":"2025-08-02T13:35:20+00:00","dateModified":"2025-08-02T13:36:12+00:00","breadcrumb":{"@id":"https:\/\/japanmatsuri.org\/it\/onidaiko\/#breadcrumb"},"inLanguage":"fr-FR","potentialAction":[{"@type":"ReadAction","target":["https:\/\/japanmatsuri.org\/it\/onidaiko\/"]}]},{"@type":"ImageObject","inLanguage":"fr-FR","@id":"https:\/\/japanmatsuri.org\/it\/onidaiko\/#primaryimage","url":"https:\/\/japanmatsuri.org\/wp-content\/uploads\/2025\/08\/DSC06352-1024x776.jpg","contentUrl":"https:\/\/japanmatsuri.org\/wp-content\/uploads\/2025\/08\/DSC06352-1024x776.jpg"},{"@type":"BreadcrumbList","@id":"https:\/\/japanmatsuri.org\/it\/onidaiko\/#breadcrumb","itemListElement":[{"@type":"ListItem","position":1,"name":"Home","item":"https:\/\/japanmatsuri.org\/it\/"},{"@type":"ListItem","position":2,"name":"Onidaiko"}]},{"@type":"WebSite","@id":"https:\/\/japanmatsuri.org\/#website","url":"https:\/\/japanmatsuri.org\/","name":"Japan Matsuri - Festival Giapponese Bellinzona","description":"Festival Giapponese Bellinzona","potentialAction":[{"@type":"SearchAction","target":{"@type":"EntryPoint","urlTemplate":"https:\/\/japanmatsuri.org\/?s={search_term_string}"},"query-input":{"@type":"PropertyValueSpecification","valueRequired":true,"valueName":"search_term_string"}}],"inLanguage":"fr-FR"}]}},"_links":{"self":[{"href":"https:\/\/japanmatsuri.org\/fr\/wp-json\/wp\/v2\/pages\/1475","targetHints":{"allow":["GET"]}}],"collection":[{"href":"https:\/\/japanmatsuri.org\/fr\/wp-json\/wp\/v2\/pages"}],"about":[{"href":"https:\/\/japanmatsuri.org\/fr\/wp-json\/wp\/v2\/types\/page"}],"author":[{"embeddable":true,"href":"https:\/\/japanmatsuri.org\/fr\/wp-json\/wp\/v2\/users\/1"}],"replies":[{"embeddable":true,"href":"https:\/\/japanmatsuri.org\/fr\/wp-json\/wp\/v2\/comments?post=1475"}],"version-history":[{"count":4,"href":"https:\/\/japanmatsuri.org\/fr\/wp-json\/wp\/v2\/pages\/1475\/revisions"}],"predecessor-version":[{"id":1481,"href":"https:\/\/japanmatsuri.org\/fr\/wp-json\/wp\/v2\/pages\/1475\/revisions\/1481"}],"wp:attachment":[{"href":"https:\/\/japanmatsuri.org\/fr\/wp-json\/wp\/v2\/media?parent=1475"}],"curies":[{"name":"wp","href":"https:\/\/api.w.org\/{rel}","templated":true}]}}