{"id":1494,"date":"2025-08-02T15:46:54","date_gmt":"2025-08-02T14:46:54","guid":{"rendered":"https:\/\/japanmatsuri.org\/it\/?page_id=1494"},"modified":"2025-08-02T16:27:04","modified_gmt":"2025-08-02T15:27:04","slug":"cristina-d-avena","status":"publish","type":"page","link":"https:\/\/japanmatsuri.org\/fr\/cristina-d-avena\/","title":{"rendered":"Cristina D&#8217;Avena"},"content":{"rendered":"<div data-elementor-type=\"wp-page\" data-elementor-id=\"1494\" class=\"elementor elementor-1494\" data-elementor-post-type=\"page\">\n\t\t\t\t<div class=\"elementor-element elementor-element-311d80e6 e-flex e-con-boxed e-con e-parent\" data-id=\"311d80e6\" data-element_type=\"container\">\n\t\t\t\t\t<div class=\"e-con-inner\">\n\t\t\t\t<div class=\"elementor-element elementor-element-6e8f93cd elementor-widget elementor-widget-heading\" data-id=\"6e8f93cd\" data-element_type=\"widget\" data-widget_type=\"heading.default\">\n\t\t\t\t<div class=\"elementor-widget-container\">\n\t\t\t\t\t<h1 class=\"elementor-heading-title elementor-size-default\">Cristina D'Avena<\/h1>\t\t\t\t<\/div>\n\t\t\t\t<\/div>\n\t\t\t\t\t<\/div>\n\t\t\t\t<\/div>\n\t\t<div class=\"elementor-element elementor-element-988aefd e-flex e-con-boxed e-con e-parent\" data-id=\"988aefd\" data-element_type=\"container\">\n\t\t\t\t\t<div class=\"e-con-inner\">\n\t\t<div class=\"elementor-element elementor-element-feea9c7 e-con-full e-flex e-con e-child\" data-id=\"feea9c7\" data-element_type=\"container\">\n\t\t\t\t<div class=\"elementor-element elementor-element-cf066cc elementor-widget elementor-widget-image\" data-id=\"cf066cc\" data-element_type=\"widget\" data-widget_type=\"image.default\">\n\t\t\t\t<div class=\"elementor-widget-container\">\n\t\t\t\t\t\t\t\t\t\t\t\t\t\t\t<img decoding=\"async\" src=\"https:\/\/japanmatsuri.org\/wp-content\/uploads\/2025\/08\/cristina_2025.png\" title=\"cristina_2025\" alt=\"cristina_2025\" loading=\"lazy\" \/>\t\t\t\t\t\t\t\t\t\t\t\t\t\t\t<\/div>\n\t\t\t\t<\/div>\n\t\t\t\t<\/div>\n\t\t<div class=\"elementor-element elementor-element-d371171 e-con-full e-flex e-con e-child\" data-id=\"d371171\" data-element_type=\"container\">\n\t\t\t\t<div class=\"elementor-element elementor-element-313c71d elementor-widget elementor-widget-text-editor\" data-id=\"313c71d\" data-element_type=\"widget\" data-widget_type=\"text-editor.default\">\n\t\t\t\t<div class=\"elementor-widget-container\">\n\t\t\t\t\t\t\t\t\t<p class=\"translation-block\">Pr\u00e9pare-toi \u00e0 vivre une exp\u00e9rience inoubliable ! Cristina D\u2019Avena, la reine des g\u00e9n\u00e9riques de dessins anim\u00e9s, revient pour nous \u00e9mouvoir avec un <b>concert live exceptionnel le dimanche 21 septembre \u00e0 16h30!<\/b><\/p><p>Des chansons cultes qui ont berc\u00e9 des g\u00e9n\u00e9rations jusqu'aux productions les plus r\u00e9centes, son spectacle est un m\u00e9lange parfait d\u2019\u00e9motion, de musique et d\u2019\u00e9nergie. Un show vibrant, port\u00e9 par la voix magique qui a fait chanter des millions de fans.<\/p><p class=\"translation-block\">Et ce n\u2019est pas tout : \u00e0 partir de <b>17h30<\/b>, juste apr\u00e8s le concert, ne manque pas la s\u00e9ance sp\u00e9ciale <b>Meet &amp; Greet<\/b>. Cristina D\u2019Avena rencontrera son public pour une session exclusive de photos et de d\u00e9dicaces. Une occasion unique de rencontrer en personne une v\u00e9ritable ic\u00f4ne de la musique et de la t\u00e9l\u00e9vision italienne.<\/p><p>Ne manque pas cet \u00e9v\u00e9nement exceptionnel : une v\u00e9ritable f\u00eate pour tous, o\u00f9 musique et souvenirs se retrouvent pour chanter, encore une fois, tous ensemble.<\/p>\t\t\t\t\t\t\t\t<\/div>\n\t\t\t\t<\/div>\n\t\t\t\t<\/div>\n\t\t\t\t\t<\/div>\n\t\t\t\t<\/div>\n\t\t<div class=\"elementor-element elementor-element-3a1d415 e-flex e-con-boxed e-con e-parent\" data-id=\"3a1d415\" data-element_type=\"container\">\n\t\t\t\t\t<div class=\"e-con-inner\">\n\t\t\t\t<div class=\"elementor-element elementor-element-17e0260 elementor-widget elementor-widget-text-editor\" data-id=\"17e0260\" data-element_type=\"widget\" data-widget_type=\"text-editor.default\">\n\t\t\t\t<div class=\"elementor-widget-container\">\n\t\t\t\t\t\t\t\t\t<p><strong>Meet &amp; Greet<\/strong><\/p><p>\u00c0 partir de 17h30, juste apr\u00e8s le concert, Cristina D\u2019Avena rencontrera ses fans pour une s\u00e9ance exclusive de photos et de d\u00e9dicaces. Une occasion unique de partager un moment privil\u00e9gi\u00e9 avec une v\u00e9ritable ic\u00f4ne de la musique et de la t\u00e9l\u00e9vision italienne.<\/p>\t\t\t\t\t\t\t\t<\/div>\n\t\t\t\t<\/div>\n\t\t\t\t\t<\/div>\n\t\t\t\t<\/div>\n\t\t<div class=\"elementor-element elementor-element-f075cf0 e-flex e-con-boxed e-con e-parent\" data-id=\"f075cf0\" data-element_type=\"container\">\n\t\t\t\t\t<div class=\"e-con-inner\">\n\t\t\t\t<div class=\"elementor-element elementor-element-10f9aee elementor-widget elementor-widget-text-editor\" data-id=\"10f9aee\" data-element_type=\"widget\" data-widget_type=\"text-editor.default\">\n\t\t\t\t<div class=\"elementor-widget-container\">\n\t\t\t\t\t\t\t\t\t<p><i>Pour acc\u00e9der \u00e0 l\u2019espace, vous devrez porter le bracelet fourni \u00e0 l\u2019entr\u00e9e du festival. Pour faciliter l\u2019entr\u00e9e, nous vous recommandons d\u2019acheter votre billet de festival en ligne. Les personnes handicap\u00e9es ou \u00e0 mobilit\u00e9 r\u00e9duite sont invit\u00e9es \u00e0 nous contacter \u00e0 l\u2019avance par email \u00e0 l\u2019adresse info@japanmatsuri.org afin que nous puissions organiser un acc\u00e8s sans stress.<\/i><\/p>\t\t\t\t\t\t\t\t<\/div>\n\t\t\t\t<\/div>\n\t\t\t\t\t<\/div>\n\t\t\t\t<\/div>\n\t\t<div class=\"elementor-element elementor-element-317721eb e-flex e-con-boxed e-con e-parent\" data-id=\"317721eb\" data-element_type=\"container\">\n\t\t\t\t\t<div class=\"e-con-inner\">\n\t\t\t\t\t<\/div>\n\t\t\t\t<\/div>\n\t\t\t\t<\/div>","protected":false},"excerpt":{"rendered":"<p>Cristina D&#8217;Avena Preparati a vivere un\u2019esperienza indimenticabile: Cristina D\u2019Avena, la regina delle sigle dei cartoni animati, torna a emozionarci con un imperdibile live show domenica 21 settembre alle 16:30! Dalle canzoni che hanno fatto cantare intere generazioni alle produzioni pi\u00f9 recenti, il suo spettacolo \u00e8 un mix perfetto di emozioni, musica e coinvolgimento. Uno show [&hellip;]<\/p>","protected":false},"author":1,"featured_media":0,"parent":0,"menu_order":0,"comment_status":"closed","ping_status":"closed","template":"","meta":{"footnotes":""},"class_list":["post-1494","page","type-page","status-publish","hentry"],"yoast_head":"<!-- This site is optimized with the Yoast SEO plugin v25.4 - https:\/\/yoast.com\/wordpress\/plugins\/seo\/ -->\n<title>Cristina D&#039;Avena - Japan Matsuri - Festival Giapponese Bellinzona<\/title>\n<meta name=\"robots\" content=\"index, follow, max-snippet:-1, max-image-preview:large, max-video-preview:-1\" \/>\n<link rel=\"canonical\" href=\"https:\/\/japanmatsuri.org\/fr\/cristina-d-avena\/\" \/>\n<meta property=\"og:locale\" content=\"fr_FR\" \/>\n<meta property=\"og:type\" content=\"article\" \/>\n<meta property=\"og:title\" content=\"Cristina D&#039;Avena - Japan Matsuri - Festival Giapponese Bellinzona\" \/>\n<meta property=\"og:description\" content=\"Cristina D&#8217;Avena Preparati a vivere un\u2019esperienza indimenticabile: Cristina D\u2019Avena, la regina delle sigle dei cartoni animati, torna a emozionarci con un imperdibile live show domenica 21 settembre alle 16:30! Dalle canzoni che hanno fatto cantare intere generazioni alle produzioni pi\u00f9 recenti, il suo spettacolo \u00e8 un mix perfetto di emozioni, musica e coinvolgimento. Uno show [&hellip;]\" \/>\n<meta property=\"og:url\" content=\"https:\/\/japanmatsuri.org\/fr\/cristina-d-avena\/\" \/>\n<meta property=\"og:site_name\" content=\"Japan Matsuri - Festival Giapponese Bellinzona\" \/>\n<meta property=\"article:modified_time\" content=\"2025-08-02T15:27:04+00:00\" \/>\n<meta property=\"og:image\" content=\"https:\/\/japanmatsuri.org\/wp-content\/uploads\/2025\/08\/cristina_2025.png\" \/>\n<meta name=\"twitter:card\" content=\"summary_large_image\" \/>\n<meta name=\"twitter:label1\" content=\"Dur\u00e9e de lecture estim\u00e9e\" \/>\n\t<meta name=\"twitter:data1\" content=\"1 minute\" \/>\n<script type=\"application\/ld+json\" class=\"yoast-schema-graph\">{\"@context\":\"https:\/\/schema.org\",\"@graph\":[{\"@type\":\"WebPage\",\"@id\":\"https:\/\/japanmatsuri.org\/it\/cristina-d-avena\/\",\"url\":\"https:\/\/japanmatsuri.org\/it\/cristina-d-avena\/\",\"name\":\"Cristina D'Avena - Japan Matsuri - Festival Giapponese Bellinzona\",\"isPartOf\":{\"@id\":\"https:\/\/japanmatsuri.org\/#website\"},\"primaryImageOfPage\":{\"@id\":\"https:\/\/japanmatsuri.org\/it\/cristina-d-avena\/#primaryimage\"},\"image\":{\"@id\":\"https:\/\/japanmatsuri.org\/it\/cristina-d-avena\/#primaryimage\"},\"thumbnailUrl\":\"https:\/\/japanmatsuri.org\/wp-content\/uploads\/2025\/08\/cristina_2025.png\",\"datePublished\":\"2025-08-02T14:46:54+00:00\",\"dateModified\":\"2025-08-02T15:27:04+00:00\",\"breadcrumb\":{\"@id\":\"https:\/\/japanmatsuri.org\/it\/cristina-d-avena\/#breadcrumb\"},\"inLanguage\":\"fr-FR\",\"potentialAction\":[{\"@type\":\"ReadAction\",\"target\":[\"https:\/\/japanmatsuri.org\/it\/cristina-d-avena\/\"]}]},{\"@type\":\"ImageObject\",\"inLanguage\":\"fr-FR\",\"@id\":\"https:\/\/japanmatsuri.org\/it\/cristina-d-avena\/#primaryimage\",\"url\":\"https:\/\/japanmatsuri.org\/wp-content\/uploads\/2025\/08\/cristina_2025.png\",\"contentUrl\":\"https:\/\/japanmatsuri.org\/wp-content\/uploads\/2025\/08\/cristina_2025.png\"},{\"@type\":\"BreadcrumbList\",\"@id\":\"https:\/\/japanmatsuri.org\/it\/cristina-d-avena\/#breadcrumb\",\"itemListElement\":[{\"@type\":\"ListItem\",\"position\":1,\"name\":\"Home\",\"item\":\"https:\/\/japanmatsuri.org\/it\/\"},{\"@type\":\"ListItem\",\"position\":2,\"name\":\"Cristina D&#8217;Avena\"}]},{\"@type\":\"WebSite\",\"@id\":\"https:\/\/japanmatsuri.org\/#website\",\"url\":\"https:\/\/japanmatsuri.org\/\",\"name\":\"Japan Matsuri - Festival Giapponese Bellinzona\",\"description\":\"Festival Giapponese Bellinzona\",\"potentialAction\":[{\"@type\":\"SearchAction\",\"target\":{\"@type\":\"EntryPoint\",\"urlTemplate\":\"https:\/\/japanmatsuri.org\/?s={search_term_string}\"},\"query-input\":{\"@type\":\"PropertyValueSpecification\",\"valueRequired\":true,\"valueName\":\"search_term_string\"}}],\"inLanguage\":\"fr-FR\"}]}<\/script>\n<!-- \/ Yoast SEO plugin. -->","yoast_head_json":{"title":"Cristina D'Avena - Japan Matsuri - Festival Giapponese Bellinzona","robots":{"index":"index","follow":"follow","max-snippet":"max-snippet:-1","max-image-preview":"max-image-preview:large","max-video-preview":"max-video-preview:-1"},"canonical":"https:\/\/japanmatsuri.org\/fr\/cristina-d-avena\/","og_locale":"fr_FR","og_type":"article","og_title":"Cristina D'Avena - Japan Matsuri - Festival Giapponese Bellinzona","og_description":"Cristina D&#8217;Avena Preparati a vivere un\u2019esperienza indimenticabile: Cristina D\u2019Avena, la regina delle sigle dei cartoni animati, torna a emozionarci con un imperdibile live show domenica 21 settembre alle 16:30! Dalle canzoni che hanno fatto cantare intere generazioni alle produzioni pi\u00f9 recenti, il suo spettacolo \u00e8 un mix perfetto di emozioni, musica e coinvolgimento. Uno show [&hellip;]","og_url":"https:\/\/japanmatsuri.org\/fr\/cristina-d-avena\/","og_site_name":"Japan Matsuri - Festival Giapponese Bellinzona","article_modified_time":"2025-08-02T15:27:04+00:00","og_image":[{"url":"https:\/\/japanmatsuri.org\/wp-content\/uploads\/2025\/08\/cristina_2025.png","type":"","width":"","height":""}],"twitter_card":"summary_large_image","twitter_misc":{"Dur\u00e9e de lecture estim\u00e9e":"1 minute"},"schema":{"@context":"https:\/\/schema.org","@graph":[{"@type":"WebPage","@id":"https:\/\/japanmatsuri.org\/it\/cristina-d-avena\/","url":"https:\/\/japanmatsuri.org\/it\/cristina-d-avena\/","name":"Cristina D'Avena - Japan Matsuri - Festival Giapponese Bellinzona","isPartOf":{"@id":"https:\/\/japanmatsuri.org\/#website"},"primaryImageOfPage":{"@id":"https:\/\/japanmatsuri.org\/it\/cristina-d-avena\/#primaryimage"},"image":{"@id":"https:\/\/japanmatsuri.org\/it\/cristina-d-avena\/#primaryimage"},"thumbnailUrl":"https:\/\/japanmatsuri.org\/wp-content\/uploads\/2025\/08\/cristina_2025.png","datePublished":"2025-08-02T14:46:54+00:00","dateModified":"2025-08-02T15:27:04+00:00","breadcrumb":{"@id":"https:\/\/japanmatsuri.org\/it\/cristina-d-avena\/#breadcrumb"},"inLanguage":"fr-FR","potentialAction":[{"@type":"ReadAction","target":["https:\/\/japanmatsuri.org\/it\/cristina-d-avena\/"]}]},{"@type":"ImageObject","inLanguage":"fr-FR","@id":"https:\/\/japanmatsuri.org\/it\/cristina-d-avena\/#primaryimage","url":"https:\/\/japanmatsuri.org\/wp-content\/uploads\/2025\/08\/cristina_2025.png","contentUrl":"https:\/\/japanmatsuri.org\/wp-content\/uploads\/2025\/08\/cristina_2025.png"},{"@type":"BreadcrumbList","@id":"https:\/\/japanmatsuri.org\/it\/cristina-d-avena\/#breadcrumb","itemListElement":[{"@type":"ListItem","position":1,"name":"Home","item":"https:\/\/japanmatsuri.org\/it\/"},{"@type":"ListItem","position":2,"name":"Cristina D&#8217;Avena"}]},{"@type":"WebSite","@id":"https:\/\/japanmatsuri.org\/#website","url":"https:\/\/japanmatsuri.org\/","name":"Japan Matsuri - Festival Giapponese Bellinzona","description":"Festival Giapponese Bellinzona","potentialAction":[{"@type":"SearchAction","target":{"@type":"EntryPoint","urlTemplate":"https:\/\/japanmatsuri.org\/?s={search_term_string}"},"query-input":{"@type":"PropertyValueSpecification","valueRequired":true,"valueName":"search_term_string"}}],"inLanguage":"fr-FR"}]}},"_links":{"self":[{"href":"https:\/\/japanmatsuri.org\/fr\/wp-json\/wp\/v2\/pages\/1494","targetHints":{"allow":["GET"]}}],"collection":[{"href":"https:\/\/japanmatsuri.org\/fr\/wp-json\/wp\/v2\/pages"}],"about":[{"href":"https:\/\/japanmatsuri.org\/fr\/wp-json\/wp\/v2\/types\/page"}],"author":[{"embeddable":true,"href":"https:\/\/japanmatsuri.org\/fr\/wp-json\/wp\/v2\/users\/1"}],"replies":[{"embeddable":true,"href":"https:\/\/japanmatsuri.org\/fr\/wp-json\/wp\/v2\/comments?post=1494"}],"version-history":[{"count":7,"href":"https:\/\/japanmatsuri.org\/fr\/wp-json\/wp\/v2\/pages\/1494\/revisions"}],"predecessor-version":[{"id":1516,"href":"https:\/\/japanmatsuri.org\/fr\/wp-json\/wp\/v2\/pages\/1494\/revisions\/1516"}],"wp:attachment":[{"href":"https:\/\/japanmatsuri.org\/fr\/wp-json\/wp\/v2\/media?parent=1494"}],"curies":[{"name":"wp","href":"https:\/\/api.w.org\/{rel}","templated":true}]}}