{"id":1555,"date":"2025-08-05T10:37:59","date_gmt":"2025-08-05T09:37:59","guid":{"rendered":"https:\/\/japanmatsuri.org\/it\/?page_id=1555"},"modified":"2025-08-05T10:48:13","modified_gmt":"2025-08-05T09:48:13","slug":"shiba-akita","status":"publish","type":"page","link":"https:\/\/japanmatsuri.org\/fr\/shiba-akita\/","title":{"rendered":"Shiba Akita"},"content":{"rendered":"<div data-elementor-type=\"wp-page\" data-elementor-id=\"1555\" class=\"elementor elementor-1555\" data-elementor-post-type=\"page\">\n\t\t\t\t<div class=\"elementor-element elementor-element-7ef67a7b e-flex e-con-boxed e-con e-parent\" data-id=\"7ef67a7b\" data-element_type=\"container\">\n\t\t\t\t\t<div class=\"e-con-inner\">\n\t\t\t\t<div class=\"elementor-element elementor-element-2c695e8f elementor-widget elementor-widget-heading\" data-id=\"2c695e8f\" data-element_type=\"widget\" data-widget_type=\"heading.default\">\n\t\t\t\t<div class=\"elementor-widget-container\">\n\t\t\t\t\t<h1 class=\"elementor-heading-title elementor-size-default\">D\u00e9couvrez les Races Canines Japonaises<\/h1>\t\t\t\t<\/div>\n\t\t\t\t<\/div>\n\t\t\t\t<div class=\"elementor-element elementor-element-fd82e5c elementor-widget elementor-widget-heading\" data-id=\"fd82e5c\" data-element_type=\"widget\" data-widget_type=\"heading.default\">\n\t\t\t\t<div class=\"elementor-widget-container\">\n\t\t\t\t\t<h2 class=\"elementor-heading-title elementor-size-default\"> Shiba e Akita<\/h2>\t\t\t\t<\/div>\n\t\t\t\t<\/div>\n\t\t\t\t\t<\/div>\n\t\t\t\t<\/div>\n\t\t<div class=\"elementor-element elementor-element-f714453 e-flex e-con-boxed e-con e-parent\" data-id=\"f714453\" data-element_type=\"container\">\n\t\t\t\t\t<div class=\"e-con-inner\">\n\t\t\t\t<div class=\"elementor-element elementor-element-bd83ba8 elementor-widget elementor-widget-text-editor\" data-id=\"bd83ba8\" data-element_type=\"widget\" data-widget_type=\"text-editor.default\">\n\t\t\t\t<div class=\"elementor-widget-container\">\n\t\t\t\t\t\t\t\t\t<div class=\"wp-block-column is-layout-flow wp-block-column-is-layout-flow\"><p class=\"\">Plongez dans l\u2019univers fascinant et adorable des races canines japonaises! Cette ann\u00e9e, d\u00e9couvrez deux des races les plus appr\u00e9ci\u00e9es au Japon: Shiba Inu et Akita Inu. Laissez-vous emporter dans un voyage extraordinaire \u00e0 la d\u00e9couverte des caract\u00e9ristiques uniques de ces merveilleuses cr\u00e9atures. \u00c0 travers des r\u00e9cits captivants, vous apprendrez l\u2019histoire, l\u2019\u00e9l\u00e9gance et la gr\u00e2ce de ces chiens qui d\u00e9fileront sur sc\u00e8ne, d\u00e9voilant toute leur beaut\u00e9.<\/p><p class=\"\">Ne manquez pas cette occasion unique d\u2019immerger dans une exp\u00e9rience inoubliable!<\/p><\/div>\t\t\t\t\t\t\t\t<\/div>\n\t\t\t\t<\/div>\n\t\t\t\t\t<\/div>\n\t\t\t\t<\/div>\n\t\t<div class=\"elementor-element elementor-element-61f4102c e-flex e-con-boxed e-con e-parent\" data-id=\"61f4102c\" data-element_type=\"container\">\n\t\t\t\t\t<div class=\"e-con-inner\">\n\t\t<div class=\"elementor-element elementor-element-527acf5c e-con-full e-flex e-con e-child\" data-id=\"527acf5c\" data-element_type=\"container\">\n\t\t\t\t<div class=\"elementor-element elementor-element-6a74492 elementor-widget elementor-widget-image\" data-id=\"6a74492\" data-element_type=\"widget\" data-widget_type=\"image.default\">\n\t\t\t\t<div class=\"elementor-widget-container\">\n\t\t\t\t\t\t\t\t\t\t\t\t\t\t\t<img fetchpriority=\"high\" decoding=\"async\" width=\"800\" height=\"534\" src=\"https:\/\/japanmatsuri.org\/wp-content\/uploads\/2025\/08\/dogmakennel-1024x683.jpg\" class=\"attachment-large size-large wp-image-1558\" alt=\"\" srcset=\"https:\/\/japanmatsuri.org\/wp-content\/uploads\/2025\/08\/dogmakennel-1024x683.jpg 1024w, https:\/\/japanmatsuri.org\/wp-content\/uploads\/2025\/08\/dogmakennel-300x200.jpg 300w, https:\/\/japanmatsuri.org\/wp-content\/uploads\/2025\/08\/dogmakennel-768x512.jpg 768w, https:\/\/japanmatsuri.org\/wp-content\/uploads\/2025\/08\/dogmakennel-1536x1025.jpg 1536w, https:\/\/japanmatsuri.org\/wp-content\/uploads\/2025\/08\/dogmakennel-18x12.jpg 18w, https:\/\/japanmatsuri.org\/wp-content\/uploads\/2025\/08\/dogmakennel.jpg 2048w\" sizes=\"(max-width: 800px) 100vw, 800px\" \/>\t\t\t\t\t\t\t\t\t\t\t\t\t\t\t<\/div>\n\t\t\t\t<\/div>\n\t\t\t\t<div class=\"elementor-element elementor-element-82b9cb4 elementor-widget elementor-widget-text-editor\" data-id=\"82b9cb4\" data-element_type=\"widget\" data-widget_type=\"text-editor.default\">\n\t\t\t\t<div class=\"elementor-widget-container\">\n\t\t\t\t\t\t\t\t\t<p>Dogma Kennel (Akita Inu): <br \/><a href=\"http:\/\/www.dogmakennel.com\" target=\"_blank\" rel=\"noreferrer noopener\" data-type=\"link\" data-id=\"www.dogmakennel.com\">www.dogmakennel.com<\/a><\/p>\t\t\t\t\t\t\t\t<\/div>\n\t\t\t\t<\/div>\n\t\t\t\t<\/div>\n\t\t<div class=\"elementor-element elementor-element-6acbbb93 e-con-full e-flex e-con e-child\" data-id=\"6acbbb93\" data-element_type=\"container\">\n\t\t\t\t<div class=\"elementor-element elementor-element-3981af2 elementor-widget elementor-widget-image\" data-id=\"3981af2\" data-element_type=\"widget\" data-widget_type=\"image.default\">\n\t\t\t\t<div class=\"elementor-widget-container\">\n\t\t\t\t\t\t\t\t\t\t\t\t\t\t\t<img decoding=\"async\" width=\"800\" height=\"552\" src=\"https:\/\/japanmatsuri.org\/wp-content\/uploads\/2025\/08\/ikigai3.png\" class=\"attachment-large size-large wp-image-1562\" alt=\"\" srcset=\"https:\/\/japanmatsuri.org\/wp-content\/uploads\/2025\/08\/ikigai3.png 1000w, https:\/\/japanmatsuri.org\/wp-content\/uploads\/2025\/08\/ikigai3-300x207.png 300w, https:\/\/japanmatsuri.org\/wp-content\/uploads\/2025\/08\/ikigai3-768x530.png 768w, https:\/\/japanmatsuri.org\/wp-content\/uploads\/2025\/08\/ikigai3-18x12.png 18w\" sizes=\"(max-width: 800px) 100vw, 800px\" \/>\t\t\t\t\t\t\t\t\t\t\t\t\t\t\t<\/div>\n\t\t\t\t<\/div>\n\t\t\t\t<div class=\"elementor-element elementor-element-b604c96 elementor-widget elementor-widget-text-editor\" data-id=\"b604c96\" data-element_type=\"widget\" data-widget_type=\"text-editor.default\">\n\t\t\t\t<div class=\"elementor-widget-container\">\n\t\t\t\t\t\t\t\t\t<p class=\"html-h1 xdj266r x14z9mp xat24cr x1lziwak xexx8yu xyri2b x18d9i69 x1c1uobl x1vvkbs x1heor9g x1qlqyl8 x1pd3egz x1a2a7pz\">Allevamento Ikigai: <br \/><a href=\"https:\/\/www.facebook.com\/allevamentoikigaishibainukishuken\" target=\"_blank\" rel=\"noopener\">facebook.com \/allevamentoikigaishibainukishuken<\/a><\/p>\t\t\t\t\t\t\t\t<\/div>\n\t\t\t\t<\/div>\n\t\t\t\t<\/div>\n\t\t\t\t\t<\/div>\n\t\t\t\t<\/div>\n\t\t<div class=\"elementor-element elementor-element-6361d39f e-flex e-con-boxed e-con e-parent\" data-id=\"6361d39f\" data-element_type=\"container\">\n\t\t\t\t\t<div class=\"e-con-inner\">\n\t\t\t\t\t<\/div>\n\t\t\t\t<\/div>\n\t\t\t\t<\/div>","protected":false},"excerpt":{"rendered":"<p>Scopri le Razze Canine Giapponesi Shiba e Akita Vivi un\u2019esperienza affascinante e adorabile! Quest\u2019anno, scopri due delle pi\u00f9 amate razze canine giapponesi: lo Shiba Inu e l\u2019Akita Inu. In un viaggio straordinario, esplora le caratteristiche uniche di queste meravigliose creature. Attraverso una narrazione coinvolgente, apprenderai la storia, l\u2019eleganza e la grazia di questi cani che [&hellip;]<\/p>","protected":false},"author":1,"featured_media":0,"parent":0,"menu_order":0,"comment_status":"closed","ping_status":"closed","template":"","meta":{"footnotes":""},"class_list":["post-1555","page","type-page","status-publish","hentry"],"yoast_head":"<!-- This site is optimized with the Yoast SEO plugin v25.4 - https:\/\/yoast.com\/wordpress\/plugins\/seo\/ -->\n<title>Shiba Akita - Japan Matsuri - Festival Giapponese Bellinzona<\/title>\n<meta name=\"robots\" content=\"index, follow, max-snippet:-1, max-image-preview:large, max-video-preview:-1\" \/>\n<link rel=\"canonical\" href=\"https:\/\/japanmatsuri.org\/fr\/shiba-akita\/\" \/>\n<meta property=\"og:locale\" content=\"fr_FR\" \/>\n<meta property=\"og:type\" content=\"article\" \/>\n<meta property=\"og:title\" content=\"Shiba Akita - Japan Matsuri - Festival Giapponese Bellinzona\" \/>\n<meta property=\"og:description\" content=\"Scopri le Razze Canine Giapponesi Shiba e Akita Vivi un\u2019esperienza affascinante e adorabile! Quest\u2019anno, scopri due delle pi\u00f9 amate razze canine giapponesi: lo Shiba Inu e l\u2019Akita Inu. In un viaggio straordinario, esplora le caratteristiche uniche di queste meravigliose creature. Attraverso una narrazione coinvolgente, apprenderai la storia, l\u2019eleganza e la grazia di questi cani che [&hellip;]\" \/>\n<meta property=\"og:url\" content=\"https:\/\/japanmatsuri.org\/fr\/shiba-akita\/\" \/>\n<meta property=\"og:site_name\" content=\"Japan Matsuri - Festival Giapponese Bellinzona\" \/>\n<meta property=\"article:modified_time\" content=\"2025-08-05T09:48:13+00:00\" \/>\n<meta property=\"og:image\" content=\"https:\/\/japanmatsuri.org\/wp-content\/uploads\/2025\/08\/dogmakennel.jpg\" \/>\n\t<meta property=\"og:image:width\" content=\"2048\" \/>\n\t<meta property=\"og:image:height\" content=\"1366\" \/>\n\t<meta property=\"og:image:type\" content=\"image\/jpeg\" \/>\n<meta name=\"twitter:card\" content=\"summary_large_image\" \/>\n<script type=\"application\/ld+json\" class=\"yoast-schema-graph\">{\"@context\":\"https:\/\/schema.org\",\"@graph\":[{\"@type\":\"WebPage\",\"@id\":\"https:\/\/japanmatsuri.org\/it\/shiba-akita\/\",\"url\":\"https:\/\/japanmatsuri.org\/it\/shiba-akita\/\",\"name\":\"Shiba Akita - Japan Matsuri - Festival Giapponese Bellinzona\",\"isPartOf\":{\"@id\":\"https:\/\/japanmatsuri.org\/#website\"},\"primaryImageOfPage\":{\"@id\":\"https:\/\/japanmatsuri.org\/it\/shiba-akita\/#primaryimage\"},\"image\":{\"@id\":\"https:\/\/japanmatsuri.org\/it\/shiba-akita\/#primaryimage\"},\"thumbnailUrl\":\"https:\/\/japanmatsuri.org\/wp-content\/uploads\/2025\/08\/dogmakennel-1024x683.jpg\",\"datePublished\":\"2025-08-05T09:37:59+00:00\",\"dateModified\":\"2025-08-05T09:48:13+00:00\",\"breadcrumb\":{\"@id\":\"https:\/\/japanmatsuri.org\/it\/shiba-akita\/#breadcrumb\"},\"inLanguage\":\"fr-FR\",\"potentialAction\":[{\"@type\":\"ReadAction\",\"target\":[\"https:\/\/japanmatsuri.org\/it\/shiba-akita\/\"]}]},{\"@type\":\"ImageObject\",\"inLanguage\":\"fr-FR\",\"@id\":\"https:\/\/japanmatsuri.org\/it\/shiba-akita\/#primaryimage\",\"url\":\"https:\/\/japanmatsuri.org\/wp-content\/uploads\/2025\/08\/dogmakennel-1024x683.jpg\",\"contentUrl\":\"https:\/\/japanmatsuri.org\/wp-content\/uploads\/2025\/08\/dogmakennel-1024x683.jpg\"},{\"@type\":\"BreadcrumbList\",\"@id\":\"https:\/\/japanmatsuri.org\/it\/shiba-akita\/#breadcrumb\",\"itemListElement\":[{\"@type\":\"ListItem\",\"position\":1,\"name\":\"Home\",\"item\":\"https:\/\/japanmatsuri.org\/it\/\"},{\"@type\":\"ListItem\",\"position\":2,\"name\":\"Shiba Akita\"}]},{\"@type\":\"WebSite\",\"@id\":\"https:\/\/japanmatsuri.org\/#website\",\"url\":\"https:\/\/japanmatsuri.org\/\",\"name\":\"Japan Matsuri - Festival Giapponese Bellinzona\",\"description\":\"Festival Giapponese Bellinzona\",\"potentialAction\":[{\"@type\":\"SearchAction\",\"target\":{\"@type\":\"EntryPoint\",\"urlTemplate\":\"https:\/\/japanmatsuri.org\/?s={search_term_string}\"},\"query-input\":{\"@type\":\"PropertyValueSpecification\",\"valueRequired\":true,\"valueName\":\"search_term_string\"}}],\"inLanguage\":\"fr-FR\"}]}<\/script>\n<!-- \/ Yoast SEO plugin. -->","yoast_head_json":{"title":"Shiba Akita - Japan Matsuri - Festival Giapponese Bellinzona","robots":{"index":"index","follow":"follow","max-snippet":"max-snippet:-1","max-image-preview":"max-image-preview:large","max-video-preview":"max-video-preview:-1"},"canonical":"https:\/\/japanmatsuri.org\/fr\/shiba-akita\/","og_locale":"fr_FR","og_type":"article","og_title":"Shiba Akita - Japan Matsuri - Festival Giapponese Bellinzona","og_description":"Scopri le Razze Canine Giapponesi Shiba e Akita Vivi un\u2019esperienza affascinante e adorabile! Quest\u2019anno, scopri due delle pi\u00f9 amate razze canine giapponesi: lo Shiba Inu e l\u2019Akita Inu. In un viaggio straordinario, esplora le caratteristiche uniche di queste meravigliose creature. Attraverso una narrazione coinvolgente, apprenderai la storia, l\u2019eleganza e la grazia di questi cani che [&hellip;]","og_url":"https:\/\/japanmatsuri.org\/fr\/shiba-akita\/","og_site_name":"Japan Matsuri - Festival Giapponese Bellinzona","article_modified_time":"2025-08-05T09:48:13+00:00","og_image":[{"width":2048,"height":1366,"url":"https:\/\/japanmatsuri.org\/wp-content\/uploads\/2025\/08\/dogmakennel.jpg","type":"image\/jpeg"}],"twitter_card":"summary_large_image","schema":{"@context":"https:\/\/schema.org","@graph":[{"@type":"WebPage","@id":"https:\/\/japanmatsuri.org\/it\/shiba-akita\/","url":"https:\/\/japanmatsuri.org\/it\/shiba-akita\/","name":"Shiba Akita - Japan Matsuri - Festival Giapponese Bellinzona","isPartOf":{"@id":"https:\/\/japanmatsuri.org\/#website"},"primaryImageOfPage":{"@id":"https:\/\/japanmatsuri.org\/it\/shiba-akita\/#primaryimage"},"image":{"@id":"https:\/\/japanmatsuri.org\/it\/shiba-akita\/#primaryimage"},"thumbnailUrl":"https:\/\/japanmatsuri.org\/wp-content\/uploads\/2025\/08\/dogmakennel-1024x683.jpg","datePublished":"2025-08-05T09:37:59+00:00","dateModified":"2025-08-05T09:48:13+00:00","breadcrumb":{"@id":"https:\/\/japanmatsuri.org\/it\/shiba-akita\/#breadcrumb"},"inLanguage":"fr-FR","potentialAction":[{"@type":"ReadAction","target":["https:\/\/japanmatsuri.org\/it\/shiba-akita\/"]}]},{"@type":"ImageObject","inLanguage":"fr-FR","@id":"https:\/\/japanmatsuri.org\/it\/shiba-akita\/#primaryimage","url":"https:\/\/japanmatsuri.org\/wp-content\/uploads\/2025\/08\/dogmakennel-1024x683.jpg","contentUrl":"https:\/\/japanmatsuri.org\/wp-content\/uploads\/2025\/08\/dogmakennel-1024x683.jpg"},{"@type":"BreadcrumbList","@id":"https:\/\/japanmatsuri.org\/it\/shiba-akita\/#breadcrumb","itemListElement":[{"@type":"ListItem","position":1,"name":"Home","item":"https:\/\/japanmatsuri.org\/it\/"},{"@type":"ListItem","position":2,"name":"Shiba Akita"}]},{"@type":"WebSite","@id":"https:\/\/japanmatsuri.org\/#website","url":"https:\/\/japanmatsuri.org\/","name":"Japan Matsuri - Festival Giapponese Bellinzona","description":"Festival Giapponese Bellinzona","potentialAction":[{"@type":"SearchAction","target":{"@type":"EntryPoint","urlTemplate":"https:\/\/japanmatsuri.org\/?s={search_term_string}"},"query-input":{"@type":"PropertyValueSpecification","valueRequired":true,"valueName":"search_term_string"}}],"inLanguage":"fr-FR"}]}},"_links":{"self":[{"href":"https:\/\/japanmatsuri.org\/fr\/wp-json\/wp\/v2\/pages\/1555","targetHints":{"allow":["GET"]}}],"collection":[{"href":"https:\/\/japanmatsuri.org\/fr\/wp-json\/wp\/v2\/pages"}],"about":[{"href":"https:\/\/japanmatsuri.org\/fr\/wp-json\/wp\/v2\/types\/page"}],"author":[{"embeddable":true,"href":"https:\/\/japanmatsuri.org\/fr\/wp-json\/wp\/v2\/users\/1"}],"replies":[{"embeddable":true,"href":"https:\/\/japanmatsuri.org\/fr\/wp-json\/wp\/v2\/comments?post=1555"}],"version-history":[{"count":10,"href":"https:\/\/japanmatsuri.org\/fr\/wp-json\/wp\/v2\/pages\/1555\/revisions"}],"predecessor-version":[{"id":1575,"href":"https:\/\/japanmatsuri.org\/fr\/wp-json\/wp\/v2\/pages\/1555\/revisions\/1575"}],"wp:attachment":[{"href":"https:\/\/japanmatsuri.org\/fr\/wp-json\/wp\/v2\/media?parent=1555"}],"curies":[{"name":"wp","href":"https:\/\/api.w.org\/{rel}","templated":true}]}}