{"id":1645,"date":"2025-08-10T17:26:17","date_gmt":"2025-08-10T16:26:17","guid":{"rendered":"https:\/\/japanmatsuri.org\/it\/?page_id=1645"},"modified":"2025-09-09T09:51:19","modified_gmt":"2025-09-09T08:51:19","slug":"taiko","status":"publish","type":"page","link":"https:\/\/japanmatsuri.org\/fr\/taiko\/","title":{"rendered":"taiko"},"content":{"rendered":"<div data-elementor-type=\"wp-page\" data-elementor-id=\"1645\" class=\"elementor elementor-1645\" data-elementor-post-type=\"page\">\n\t\t\t\t<div class=\"elementor-element elementor-element-53a6f6b8 e-flex e-con-boxed e-con e-parent\" data-id=\"53a6f6b8\" data-element_type=\"container\">\n\t\t\t\t\t<div class=\"e-con-inner\">\n\t\t\t\t<div class=\"elementor-element elementor-element-1024032d elementor-widget elementor-widget-heading\" data-id=\"1024032d\" data-element_type=\"widget\" data-widget_type=\"heading.default\">\n\t\t\t\t<div class=\"elementor-widget-container\">\n\t\t\t\t\t<h1 class=\"elementor-heading-title elementor-size-default\">Tambours du Soleil Levant<\/h1>\t\t\t\t<\/div>\n\t\t\t\t<\/div>\n\t\t\t\t<div class=\"elementor-element elementor-element-02365a3 elementor-widget elementor-widget-heading\" data-id=\"02365a3\" data-element_type=\"widget\" data-widget_type=\"heading.default\">\n\t\t\t\t<div class=\"elementor-widget-container\">\n\t\t\t\t\t<h2 class=\"elementor-heading-title elementor-size-default\">Concert de Taiko entre tradition et rythme contemporain<\/h2>\t\t\t\t<\/div>\n\t\t\t\t<\/div>\n\t\t\t\t\t<\/div>\n\t\t\t\t<\/div>\n\t\t<div class=\"elementor-element elementor-element-27f3ad76 e-flex e-con-boxed e-con e-parent\" data-id=\"27f3ad76\" data-element_type=\"container\">\n\t\t\t\t\t<div class=\"e-con-inner\">\n\t\t\t\t<div class=\"elementor-element elementor-element-2219099 elementor-widget elementor-widget-image\" data-id=\"2219099\" data-element_type=\"widget\" data-widget_type=\"image.default\">\n\t\t\t\t<div class=\"elementor-widget-container\">\n\t\t\t\t\t\t\t\t\t\t\t\t\t\t\t<img fetchpriority=\"high\" decoding=\"async\" width=\"1750\" height=\"700\" src=\"https:\/\/japanmatsuri.org\/wp-content\/uploads\/2025\/08\/taiko.png\" class=\"attachment-full size-full wp-image-1647\" alt=\"\" srcset=\"https:\/\/japanmatsuri.org\/wp-content\/uploads\/2025\/08\/taiko.png 1750w, https:\/\/japanmatsuri.org\/wp-content\/uploads\/2025\/08\/taiko-300x120.png 300w, https:\/\/japanmatsuri.org\/wp-content\/uploads\/2025\/08\/taiko-1024x410.png 1024w, https:\/\/japanmatsuri.org\/wp-content\/uploads\/2025\/08\/taiko-768x307.png 768w\" sizes=\"(max-width: 1750px) 100vw, 1750px\" \/>\t\t\t\t\t\t\t\t\t\t\t\t\t\t\t<\/div>\n\t\t\t\t<\/div>\n\t\t\t\t\t<\/div>\n\t\t\t\t<\/div>\n\t\t<div class=\"elementor-element elementor-element-ce09f4a e-flex e-con-boxed e-con e-parent\" data-id=\"ce09f4a\" data-element_type=\"container\">\n\t\t\t\t\t<div class=\"e-con-inner\">\n\t\t\t\t<div class=\"elementor-element elementor-element-d71800b elementor-widget elementor-widget-text-editor\" data-id=\"d71800b\" data-element_type=\"widget\" data-widget_type=\"text-editor.default\">\n\t\t\t\t<div class=\"elementor-widget-container\">\n\t\t\t\t\t\t\t\t\t<p><b>Taiko Zurich vous invite \u00e0 une exp\u00e9rience sonore immersive et envo\u00fbtante, o\u00f9 la puissance ancestrale des tambours japonais rencontre l\u2019\u00e9nergie vibrante des f\u00eates traditionnelles et la libert\u00e9 cr\u00e9ative de la sc\u00e8ne contemporaine.<\/b><\/p><p class=\"translation-block\">Leur r\u00e9pertoire navigue entre les sonorit\u00e9s palpitantes des matsuri \u2014 les f\u00eates populaires japonaises \u2014 et des compositions modernes d\u2019artistes tels que Kenny Endo, Kaoly Asano et Taiko Bastards, qui ont su r\u00e9inventer le Taiko en y int\u00e9grant des influences venues du Japon, des \u00c9tats-Unis, d\u2019Europe et d\u2019ailleurs.<\/p><p class=\"translation-block\">Sur sc\u00e8ne, des chor\u00e9graphies spectaculaires et des rythmes explosifs s\u2019entrelacent avec des instants plus intimes et m\u00e9lodieux, port\u00e9s par les notes d\u00e9licates du shinobue (la fl\u00fbte japonaise), alternant avec des passages l\u00e9gers et ludiques. Leur style, puissant et dynamique, est souvent d\u00e9crit comme l\u2019essence m\u00eame du Taiko festif : collectif, accessible et irr\u00e9sistiblement captivant.<\/p><p>Avec cette vision, Taiko Zurich s\u2019est impos\u00e9 comme l\u2019une des formations les plus originales et actives de la sc\u00e8ne suisse, transformant chaque battement de tambour en une invitation \u00e0 ressentir le rythme dans son corps, \u00e0 se laisser emporter et \u00e0 vivre ensemble une f\u00eate qui unit tradition et avenir.<\/p><p><b>Concert: samedi 20 septembre \u00e0 20h15<\/b><\/p>\t\t\t\t\t\t\t\t<\/div>\n\t\t\t\t<\/div>\n\t\t\t\t\t<\/div>\n\t\t\t\t<\/div>\n\t\t<div class=\"elementor-element elementor-element-532984e e-flex e-con-boxed e-con e-parent\" data-id=\"532984e\" data-element_type=\"container\">\n\t\t\t\t\t<div class=\"e-con-inner\">\n\t\t\t\t\t<\/div>\n\t\t\t\t<\/div>\n\t\t\t\t<\/div>","protected":false},"excerpt":{"rendered":"<p>Tamburi del Sol Levante Concerto di Taiko tra tradizione e ritmo contemporaneo Taiko Zurich vi invita a un\u2019esperienza sonora immersiva e travolgente, dove la potenza ancestrale dei tamburi giapponesi incontra l\u2019energia vibrante delle feste tradizionali e la libert\u00e0 espressiva della scena contemporanea. Il loro repertorio spazia dalle sonorit\u00e0 pulsanti dei matsuri \u2013 le celebrazioni popolari [&hellip;]<\/p>","protected":false},"author":1,"featured_media":0,"parent":0,"menu_order":0,"comment_status":"closed","ping_status":"closed","template":"","meta":{"footnotes":""},"class_list":["post-1645","page","type-page","status-publish","hentry"],"yoast_head":"<!-- This site is optimized with the Yoast SEO plugin v25.4 - https:\/\/yoast.com\/wordpress\/plugins\/seo\/ -->\n<title>taiko - Japan Matsuri - Festival Giapponese Bellinzona<\/title>\n<meta name=\"robots\" content=\"index, follow, max-snippet:-1, max-image-preview:large, max-video-preview:-1\" \/>\n<link rel=\"canonical\" href=\"https:\/\/japanmatsuri.org\/fr\/taiko\/\" \/>\n<meta property=\"og:locale\" content=\"fr_FR\" \/>\n<meta property=\"og:type\" content=\"article\" \/>\n<meta property=\"og:title\" content=\"taiko - Japan Matsuri - Festival Giapponese Bellinzona\" \/>\n<meta property=\"og:description\" content=\"Tamburi del Sol Levante Concerto di Taiko tra tradizione e ritmo contemporaneo Taiko Zurich vi invita a un\u2019esperienza sonora immersiva e travolgente, dove la potenza ancestrale dei tamburi giapponesi incontra l\u2019energia vibrante delle feste tradizionali e la libert\u00e0 espressiva della scena contemporanea. Il loro repertorio spazia dalle sonorit\u00e0 pulsanti dei matsuri \u2013 le celebrazioni popolari [&hellip;]\" \/>\n<meta property=\"og:url\" content=\"https:\/\/japanmatsuri.org\/fr\/taiko\/\" \/>\n<meta property=\"og:site_name\" content=\"Japan Matsuri - Festival Giapponese Bellinzona\" \/>\n<meta property=\"article:modified_time\" content=\"2025-09-09T08:51:19+00:00\" \/>\n<meta property=\"og:image\" content=\"https:\/\/japanmatsuri.org\/wp-content\/uploads\/2025\/08\/taiko.png\" \/>\n\t<meta property=\"og:image:width\" content=\"1750\" \/>\n\t<meta property=\"og:image:height\" content=\"700\" \/>\n\t<meta property=\"og:image:type\" content=\"image\/png\" \/>\n<meta name=\"twitter:card\" content=\"summary_large_image\" \/>\n<meta name=\"twitter:label1\" content=\"Dur\u00e9e de lecture estim\u00e9e\" \/>\n\t<meta name=\"twitter:data1\" content=\"2 minutes\" \/>\n<script type=\"application\/ld+json\" class=\"yoast-schema-graph\">{\"@context\":\"https:\/\/schema.org\",\"@graph\":[{\"@type\":\"WebPage\",\"@id\":\"https:\/\/japanmatsuri.org\/it\/taiko\/\",\"url\":\"https:\/\/japanmatsuri.org\/it\/taiko\/\",\"name\":\"taiko - Japan Matsuri - Festival Giapponese Bellinzona\",\"isPartOf\":{\"@id\":\"https:\/\/japanmatsuri.org\/#website\"},\"primaryImageOfPage\":{\"@id\":\"https:\/\/japanmatsuri.org\/it\/taiko\/#primaryimage\"},\"image\":{\"@id\":\"https:\/\/japanmatsuri.org\/it\/taiko\/#primaryimage\"},\"thumbnailUrl\":\"https:\/\/japanmatsuri.org\/wp-content\/uploads\/2025\/08\/taiko.png\",\"datePublished\":\"2025-08-10T16:26:17+00:00\",\"dateModified\":\"2025-09-09T08:51:19+00:00\",\"breadcrumb\":{\"@id\":\"https:\/\/japanmatsuri.org\/it\/taiko\/#breadcrumb\"},\"inLanguage\":\"fr-FR\",\"potentialAction\":[{\"@type\":\"ReadAction\",\"target\":[\"https:\/\/japanmatsuri.org\/it\/taiko\/\"]}]},{\"@type\":\"ImageObject\",\"inLanguage\":\"fr-FR\",\"@id\":\"https:\/\/japanmatsuri.org\/it\/taiko\/#primaryimage\",\"url\":\"https:\/\/japanmatsuri.org\/wp-content\/uploads\/2025\/08\/taiko.png\",\"contentUrl\":\"https:\/\/japanmatsuri.org\/wp-content\/uploads\/2025\/08\/taiko.png\"},{\"@type\":\"BreadcrumbList\",\"@id\":\"https:\/\/japanmatsuri.org\/it\/taiko\/#breadcrumb\",\"itemListElement\":[{\"@type\":\"ListItem\",\"position\":1,\"name\":\"Home\",\"item\":\"https:\/\/japanmatsuri.org\/it\/\"},{\"@type\":\"ListItem\",\"position\":2,\"name\":\"taiko\"}]},{\"@type\":\"WebSite\",\"@id\":\"https:\/\/japanmatsuri.org\/#website\",\"url\":\"https:\/\/japanmatsuri.org\/\",\"name\":\"Japan Matsuri - Festival Giapponese Bellinzona\",\"description\":\"Festival Giapponese Bellinzona\",\"potentialAction\":[{\"@type\":\"SearchAction\",\"target\":{\"@type\":\"EntryPoint\",\"urlTemplate\":\"https:\/\/japanmatsuri.org\/?s={search_term_string}\"},\"query-input\":{\"@type\":\"PropertyValueSpecification\",\"valueRequired\":true,\"valueName\":\"search_term_string\"}}],\"inLanguage\":\"fr-FR\"}]}<\/script>\n<!-- \/ Yoast SEO plugin. -->","yoast_head_json":{"title":"taiko - Japan Matsuri - Festival Giapponese Bellinzona","robots":{"index":"index","follow":"follow","max-snippet":"max-snippet:-1","max-image-preview":"max-image-preview:large","max-video-preview":"max-video-preview:-1"},"canonical":"https:\/\/japanmatsuri.org\/fr\/taiko\/","og_locale":"fr_FR","og_type":"article","og_title":"taiko - Japan Matsuri - Festival Giapponese Bellinzona","og_description":"Tamburi del Sol Levante Concerto di Taiko tra tradizione e ritmo contemporaneo Taiko Zurich vi invita a un\u2019esperienza sonora immersiva e travolgente, dove la potenza ancestrale dei tamburi giapponesi incontra l\u2019energia vibrante delle feste tradizionali e la libert\u00e0 espressiva della scena contemporanea. Il loro repertorio spazia dalle sonorit\u00e0 pulsanti dei matsuri \u2013 le celebrazioni popolari [&hellip;]","og_url":"https:\/\/japanmatsuri.org\/fr\/taiko\/","og_site_name":"Japan Matsuri - Festival Giapponese Bellinzona","article_modified_time":"2025-09-09T08:51:19+00:00","og_image":[{"width":1750,"height":700,"url":"https:\/\/japanmatsuri.org\/wp-content\/uploads\/2025\/08\/taiko.png","type":"image\/png"}],"twitter_card":"summary_large_image","twitter_misc":{"Dur\u00e9e de lecture estim\u00e9e":"2 minutes"},"schema":{"@context":"https:\/\/schema.org","@graph":[{"@type":"WebPage","@id":"https:\/\/japanmatsuri.org\/it\/taiko\/","url":"https:\/\/japanmatsuri.org\/it\/taiko\/","name":"taiko - Japan Matsuri - Festival Giapponese Bellinzona","isPartOf":{"@id":"https:\/\/japanmatsuri.org\/#website"},"primaryImageOfPage":{"@id":"https:\/\/japanmatsuri.org\/it\/taiko\/#primaryimage"},"image":{"@id":"https:\/\/japanmatsuri.org\/it\/taiko\/#primaryimage"},"thumbnailUrl":"https:\/\/japanmatsuri.org\/wp-content\/uploads\/2025\/08\/taiko.png","datePublished":"2025-08-10T16:26:17+00:00","dateModified":"2025-09-09T08:51:19+00:00","breadcrumb":{"@id":"https:\/\/japanmatsuri.org\/it\/taiko\/#breadcrumb"},"inLanguage":"fr-FR","potentialAction":[{"@type":"ReadAction","target":["https:\/\/japanmatsuri.org\/it\/taiko\/"]}]},{"@type":"ImageObject","inLanguage":"fr-FR","@id":"https:\/\/japanmatsuri.org\/it\/taiko\/#primaryimage","url":"https:\/\/japanmatsuri.org\/wp-content\/uploads\/2025\/08\/taiko.png","contentUrl":"https:\/\/japanmatsuri.org\/wp-content\/uploads\/2025\/08\/taiko.png"},{"@type":"BreadcrumbList","@id":"https:\/\/japanmatsuri.org\/it\/taiko\/#breadcrumb","itemListElement":[{"@type":"ListItem","position":1,"name":"Home","item":"https:\/\/japanmatsuri.org\/it\/"},{"@type":"ListItem","position":2,"name":"taiko"}]},{"@type":"WebSite","@id":"https:\/\/japanmatsuri.org\/#website","url":"https:\/\/japanmatsuri.org\/","name":"Japan Matsuri - Festival Giapponese Bellinzona","description":"Festival Giapponese Bellinzona","potentialAction":[{"@type":"SearchAction","target":{"@type":"EntryPoint","urlTemplate":"https:\/\/japanmatsuri.org\/?s={search_term_string}"},"query-input":{"@type":"PropertyValueSpecification","valueRequired":true,"valueName":"search_term_string"}}],"inLanguage":"fr-FR"}]}},"_links":{"self":[{"href":"https:\/\/japanmatsuri.org\/fr\/wp-json\/wp\/v2\/pages\/1645","targetHints":{"allow":["GET"]}}],"collection":[{"href":"https:\/\/japanmatsuri.org\/fr\/wp-json\/wp\/v2\/pages"}],"about":[{"href":"https:\/\/japanmatsuri.org\/fr\/wp-json\/wp\/v2\/types\/page"}],"author":[{"embeddable":true,"href":"https:\/\/japanmatsuri.org\/fr\/wp-json\/wp\/v2\/users\/1"}],"replies":[{"embeddable":true,"href":"https:\/\/japanmatsuri.org\/fr\/wp-json\/wp\/v2\/comments?post=1645"}],"version-history":[{"count":10,"href":"https:\/\/japanmatsuri.org\/fr\/wp-json\/wp\/v2\/pages\/1645\/revisions"}],"predecessor-version":[{"id":2053,"href":"https:\/\/japanmatsuri.org\/fr\/wp-json\/wp\/v2\/pages\/1645\/revisions\/2053"}],"wp:attachment":[{"href":"https:\/\/japanmatsuri.org\/fr\/wp-json\/wp\/v2\/media?parent=1645"}],"curies":[{"name":"wp","href":"https:\/\/api.w.org\/{rel}","templated":true}]}}