{"id":1682,"date":"2025-08-11T17:05:25","date_gmt":"2025-08-11T16:05:25","guid":{"rendered":"https:\/\/japanmatsuri.org\/it\/?page_id=1682"},"modified":"2025-08-11T17:23:02","modified_gmt":"2025-08-11T16:23:02","slug":"korawui","status":"publish","type":"page","link":"https:\/\/japanmatsuri.org\/fr\/korawui\/","title":{"rendered":"Korawui"},"content":{"rendered":"<div data-elementor-type=\"wp-page\" data-elementor-id=\"1682\" class=\"elementor elementor-1682\" data-elementor-post-type=\"page\">\n\t\t\t\t<div class=\"elementor-element elementor-element-516531c0 e-flex e-con-boxed e-con e-parent\" data-id=\"516531c0\" data-element_type=\"container\">\n\t\t\t\t\t<div class=\"e-con-inner\">\n\t\t\t\t<div class=\"elementor-element elementor-element-19e6b490 elementor-widget elementor-widget-heading\" data-id=\"19e6b490\" data-element_type=\"widget\" data-widget_type=\"heading.default\">\n\t\t\t\t<div class=\"elementor-widget-container\">\n\t\t\t\t\t<h1 class=\"elementor-heading-title elementor-size-default\">Korawui<\/h1>\t\t\t\t<\/div>\n\t\t\t\t<\/div>\n\t\t\t\t\t<\/div>\n\t\t\t\t<\/div>\n\t\t<div class=\"elementor-element elementor-element-6d737429 e-flex e-con-boxed e-con e-parent\" data-id=\"6d737429\" data-element_type=\"container\">\n\t\t\t\t\t<div class=\"e-con-inner\">\n\t\t<div class=\"elementor-element elementor-element-642ebdc5 e-con-full e-flex e-con e-child\" data-id=\"642ebdc5\" data-element_type=\"container\">\n\t\t\t\t<div class=\"elementor-element elementor-element-db49e94 elementor-widget elementor-widget-image\" data-id=\"db49e94\" data-element_type=\"widget\" data-widget_type=\"image.default\">\n\t\t\t\t<div class=\"elementor-widget-container\">\n\t\t\t\t\t\t\t\t\t\t\t\t\t\t\t<img fetchpriority=\"high\" decoding=\"async\" width=\"667\" height=\"1000\" src=\"https:\/\/japanmatsuri.org\/wp-content\/uploads\/2025\/08\/korawui.png\" class=\"attachment-large size-large wp-image-1685\" alt=\"\" srcset=\"https:\/\/japanmatsuri.org\/wp-content\/uploads\/2025\/08\/korawui.png 667w, https:\/\/japanmatsuri.org\/wp-content\/uploads\/2025\/08\/korawui-200x300.png 200w, https:\/\/japanmatsuri.org\/wp-content\/uploads\/2025\/08\/korawui-8x12.png 8w\" sizes=\"(max-width: 667px) 100vw, 667px\" \/>\t\t\t\t\t\t\t\t\t\t\t\t\t\t\t<\/div>\n\t\t\t\t<\/div>\n\t\t\t\t<\/div>\n\t\t<div class=\"elementor-element elementor-element-2b16161d e-con-full e-flex e-con e-child\" data-id=\"2b16161d\" data-element_type=\"container\">\n\t\t\t\t<div class=\"elementor-element elementor-element-efbdf25 elementor-widget elementor-widget-text-editor\" data-id=\"efbdf25\" data-element_type=\"widget\" data-widget_type=\"text-editor.default\">\n\t\t\t\t<div class=\"elementor-widget-container\">\n\t\t\t\t\t\t\t\t\t<p class=\"translation-block\"><b>Korawui est une cosplayeuse suisse active depuis 2018<\/b>. Elle a commenc\u00e9 son parcours en repr\u00e9sentant fi\u00e8rement la Suisse \u00e0 l\u2019European Cosplay Gathering aux c\u00f4t\u00e9s de son p\u00e8re, Ami-R\u00e2le. Cette exp\u00e9rience marquante lui a permis de grandir artistiquement et d\u2019alimenter sa passion pour le cosplay ainsi que son envie constante d\u2019apprendre.<\/p><p>Au fil des ann\u00e9es, elle a particip\u00e9 \u00e0 des \u00e9v\u00e9nements internationaux tels que le Crown Championship et le Global Easter, avant de d\u00e9crocher en 2025 le titre de Vice-Championne Suisse \u00e0 la Polymanga Swiss Cosplay League.<\/p><p>Ses cr\u00e9ations s\u2019inspirent principalement des jeux vid\u00e9o, dont elle appr\u00e9cie l\u2019esth\u00e9tique soign\u00e9e et pr\u00e9cise. Cosplayeuse polyvalente et curieuse, Korawui explore continuellement de nouvelles techniques, avec une ma\u00eetrise particuli\u00e8re de la couture, de la machine Cricut et du travail de la r\u00e9sine.<\/p><p>Elle d\u00e9couvre pour la premi\u00e8re fois le Japan Matsuri, enthousiaste \u00e0 l\u2019id\u00e9e de vivre et partager cette nouvelle exp\u00e9rience.<\/p>\t\t\t\t\t\t\t\t<\/div>\n\t\t\t\t<\/div>\n\t\t\t\t<\/div>\n\t\t\t\t\t<\/div>\n\t\t\t\t<\/div>\n\t\t<div class=\"elementor-element elementor-element-4f629ef3 e-flex e-con-boxed e-con e-parent\" data-id=\"4f629ef3\" data-element_type=\"container\">\n\t\t\t\t\t<div class=\"e-con-inner\">\n\t\t\t\t<div class=\"elementor-element elementor-element-a5bbf1c e-grid-align-mobile-left elementor-shape-rounded elementor-grid-0 e-grid-align-center elementor-widget elementor-widget-social-icons\" data-id=\"a5bbf1c\" data-element_type=\"widget\" data-widget_type=\"social-icons.default\">\n\t\t\t\t<div class=\"elementor-widget-container\">\n\t\t\t\t\t\t\t<div class=\"elementor-social-icons-wrapper elementor-grid\">\n\t\t\t\t\t\t\t<span class=\"elementor-grid-item\">\n\t\t\t\t\t<a class=\"elementor-icon elementor-social-icon elementor-social-icon-instagram elementor-repeater-item-e7a9ae9\" href=\"https:\/\/www.instagram.com\/korawui\/\" target=\"_blank\">\n\t\t\t\t\t\t<span class=\"elementor-screen-only\">Instagram<\/span>\n\t\t\t\t\t\t<svg class=\"e-font-icon-svg e-fab-instagram\" viewbox=\"0 0 448 512\" xmlns=\"http:\/\/www.w3.org\/2000\/svg\"><path d=\"M224.1 141c-63.6 0-114.9 51.3-114.9 114.9s51.3 114.9 114.9 114.9S339 319.5 339 255.9 287.7 141 224.1 141zm0 189.6c-41.1 0-74.7-33.5-74.7-74.7s33.5-74.7 74.7-74.7 74.7 33.5 74.7 74.7-33.6 74.7-74.7 74.7zm146.4-194.3c0 14.9-12 26.8-26.8 26.8-14.9 0-26.8-12-26.8-26.8s12-26.8 26.8-26.8 26.8 12 26.8 26.8zm76.1 27.2c-1.7-35.9-9.9-67.7-36.2-93.9-26.2-26.2-58-34.4-93.9-36.2-37-2.1-147.9-2.1-184.9 0-35.8 1.7-67.6 9.9-93.9 36.1s-34.4 58-36.2 93.9c-2.1 37-2.1 147.9 0 184.9 1.7 35.9 9.9 67.7 36.2 93.9s58 34.4 93.9 36.2c37 2.1 147.9 2.1 184.9 0 35.9-1.7 67.7-9.9 93.9-36.2 26.2-26.2 34.4-58 36.2-93.9 2.1-37 2.1-147.8 0-184.8zM398.8 388c-7.8 19.6-22.9 34.7-42.6 42.6-29.5 11.7-99.5 9-132.1 9s-102.7 2.6-132.1-9c-19.6-7.8-34.7-22.9-42.6-42.6-11.7-29.5-9-99.5-9-132.1s-2.6-102.7 9-132.1c7.8-19.6 22.9-34.7 42.6-42.6 29.5-11.7 99.5-9 132.1-9s102.7-2.6 132.1 9c19.6 7.8 34.7 22.9 42.6 42.6 11.7 29.5 9 99.5 9 132.1s2.7 102.7-9 132.1z\"><\/path><\/svg>\t\t\t\t\t<\/a>\n\t\t\t\t<\/span>\n\t\t\t\t\t<\/div>\n\t\t\t\t\t\t<\/div>\n\t\t\t\t<\/div>\n\t\t\t\t\t<\/div>\n\t\t\t\t<\/div>\n\t\t<div class=\"elementor-element elementor-element-4038491 e-flex e-con-boxed e-con e-parent\" data-id=\"4038491\" data-element_type=\"container\">\n\t\t\t\t\t<div class=\"e-con-inner\">\n\t\t\t\t\t<\/div>\n\t\t\t\t<\/div>\n\t\t\t\t<\/div>","protected":false},"excerpt":{"rendered":"<p>Korawui Korawui \u00e8 una cosplayer svizzera attiva dal 2018. Ha iniziato il suo percorso partecipando all\u2019European Cosplay Gathering insieme al padre, Ami-R\u00e2le, rappresentando con orgoglio la Svizzera. Un&#8217;esperienza intensa che le ha permesso di crescere artisticamente e di rafforzare la sua passione per il cosplay e l\u2019apprendimento continuo. Negli anni ha preso parte a eventi [&hellip;]<\/p>","protected":false},"author":1,"featured_media":0,"parent":0,"menu_order":0,"comment_status":"closed","ping_status":"closed","template":"","meta":{"footnotes":""},"class_list":["post-1682","page","type-page","status-publish","hentry"],"yoast_head":"<!-- This site is optimized with the Yoast SEO plugin v25.4 - https:\/\/yoast.com\/wordpress\/plugins\/seo\/ -->\n<title>Korawui - Japan Matsuri - Festival Giapponese Bellinzona<\/title>\n<meta name=\"robots\" content=\"index, follow, max-snippet:-1, max-image-preview:large, max-video-preview:-1\" \/>\n<link rel=\"canonical\" href=\"https:\/\/japanmatsuri.org\/fr\/korawui\/\" \/>\n<meta property=\"og:locale\" content=\"fr_FR\" \/>\n<meta property=\"og:type\" content=\"article\" \/>\n<meta property=\"og:title\" content=\"Korawui - Japan Matsuri - Festival Giapponese Bellinzona\" \/>\n<meta property=\"og:description\" content=\"Korawui Korawui \u00e8 una cosplayer svizzera attiva dal 2018. Ha iniziato il suo percorso partecipando all\u2019European Cosplay Gathering insieme al padre, Ami-R\u00e2le, rappresentando con orgoglio la Svizzera. Un&#8217;esperienza intensa che le ha permesso di crescere artisticamente e di rafforzare la sua passione per il cosplay e l\u2019apprendimento continuo. Negli anni ha preso parte a eventi [&hellip;]\" \/>\n<meta property=\"og:url\" content=\"https:\/\/japanmatsuri.org\/fr\/korawui\/\" \/>\n<meta property=\"og:site_name\" content=\"Japan Matsuri - Festival Giapponese Bellinzona\" \/>\n<meta property=\"article:modified_time\" content=\"2025-08-11T16:23:02+00:00\" \/>\n<meta property=\"og:image\" content=\"https:\/\/japanmatsuri.org\/wp-content\/uploads\/2025\/08\/korawui.png\" \/>\n\t<meta property=\"og:image:width\" content=\"667\" \/>\n\t<meta property=\"og:image:height\" content=\"1000\" \/>\n\t<meta property=\"og:image:type\" content=\"image\/png\" \/>\n<meta name=\"twitter:card\" content=\"summary_large_image\" \/>\n<meta name=\"twitter:label1\" content=\"Dur\u00e9e de lecture estim\u00e9e\" \/>\n\t<meta name=\"twitter:data1\" content=\"1 minute\" \/>\n<script type=\"application\/ld+json\" class=\"yoast-schema-graph\">{\"@context\":\"https:\/\/schema.org\",\"@graph\":[{\"@type\":\"WebPage\",\"@id\":\"https:\/\/japanmatsuri.org\/it\/korawui\/\",\"url\":\"https:\/\/japanmatsuri.org\/it\/korawui\/\",\"name\":\"Korawui - Japan Matsuri - Festival Giapponese Bellinzona\",\"isPartOf\":{\"@id\":\"https:\/\/japanmatsuri.org\/#website\"},\"primaryImageOfPage\":{\"@id\":\"https:\/\/japanmatsuri.org\/it\/korawui\/#primaryimage\"},\"image\":{\"@id\":\"https:\/\/japanmatsuri.org\/it\/korawui\/#primaryimage\"},\"thumbnailUrl\":\"https:\/\/japanmatsuri.org\/wp-content\/uploads\/2025\/08\/korawui.png\",\"datePublished\":\"2025-08-11T16:05:25+00:00\",\"dateModified\":\"2025-08-11T16:23:02+00:00\",\"breadcrumb\":{\"@id\":\"https:\/\/japanmatsuri.org\/it\/korawui\/#breadcrumb\"},\"inLanguage\":\"fr-FR\",\"potentialAction\":[{\"@type\":\"ReadAction\",\"target\":[\"https:\/\/japanmatsuri.org\/it\/korawui\/\"]}]},{\"@type\":\"ImageObject\",\"inLanguage\":\"fr-FR\",\"@id\":\"https:\/\/japanmatsuri.org\/it\/korawui\/#primaryimage\",\"url\":\"https:\/\/japanmatsuri.org\/wp-content\/uploads\/2025\/08\/korawui.png\",\"contentUrl\":\"https:\/\/japanmatsuri.org\/wp-content\/uploads\/2025\/08\/korawui.png\"},{\"@type\":\"BreadcrumbList\",\"@id\":\"https:\/\/japanmatsuri.org\/it\/korawui\/#breadcrumb\",\"itemListElement\":[{\"@type\":\"ListItem\",\"position\":1,\"name\":\"Home\",\"item\":\"https:\/\/japanmatsuri.org\/it\/\"},{\"@type\":\"ListItem\",\"position\":2,\"name\":\"Korawui\"}]},{\"@type\":\"WebSite\",\"@id\":\"https:\/\/japanmatsuri.org\/#website\",\"url\":\"https:\/\/japanmatsuri.org\/\",\"name\":\"Japan Matsuri - Festival Giapponese Bellinzona\",\"description\":\"Festival Giapponese Bellinzona\",\"potentialAction\":[{\"@type\":\"SearchAction\",\"target\":{\"@type\":\"EntryPoint\",\"urlTemplate\":\"https:\/\/japanmatsuri.org\/?s={search_term_string}\"},\"query-input\":{\"@type\":\"PropertyValueSpecification\",\"valueRequired\":true,\"valueName\":\"search_term_string\"}}],\"inLanguage\":\"fr-FR\"}]}<\/script>\n<!-- \/ Yoast SEO plugin. -->","yoast_head_json":{"title":"Korawui - Japan Matsuri - Festival Giapponese Bellinzona","robots":{"index":"index","follow":"follow","max-snippet":"max-snippet:-1","max-image-preview":"max-image-preview:large","max-video-preview":"max-video-preview:-1"},"canonical":"https:\/\/japanmatsuri.org\/fr\/korawui\/","og_locale":"fr_FR","og_type":"article","og_title":"Korawui - Japan Matsuri - Festival Giapponese Bellinzona","og_description":"Korawui Korawui \u00e8 una cosplayer svizzera attiva dal 2018. Ha iniziato il suo percorso partecipando all\u2019European Cosplay Gathering insieme al padre, Ami-R\u00e2le, rappresentando con orgoglio la Svizzera. Un&#8217;esperienza intensa che le ha permesso di crescere artisticamente e di rafforzare la sua passione per il cosplay e l\u2019apprendimento continuo. Negli anni ha preso parte a eventi [&hellip;]","og_url":"https:\/\/japanmatsuri.org\/fr\/korawui\/","og_site_name":"Japan Matsuri - Festival Giapponese Bellinzona","article_modified_time":"2025-08-11T16:23:02+00:00","og_image":[{"width":667,"height":1000,"url":"https:\/\/japanmatsuri.org\/wp-content\/uploads\/2025\/08\/korawui.png","type":"image\/png"}],"twitter_card":"summary_large_image","twitter_misc":{"Dur\u00e9e de lecture estim\u00e9e":"1 minute"},"schema":{"@context":"https:\/\/schema.org","@graph":[{"@type":"WebPage","@id":"https:\/\/japanmatsuri.org\/it\/korawui\/","url":"https:\/\/japanmatsuri.org\/it\/korawui\/","name":"Korawui - Japan Matsuri - Festival Giapponese Bellinzona","isPartOf":{"@id":"https:\/\/japanmatsuri.org\/#website"},"primaryImageOfPage":{"@id":"https:\/\/japanmatsuri.org\/it\/korawui\/#primaryimage"},"image":{"@id":"https:\/\/japanmatsuri.org\/it\/korawui\/#primaryimage"},"thumbnailUrl":"https:\/\/japanmatsuri.org\/wp-content\/uploads\/2025\/08\/korawui.png","datePublished":"2025-08-11T16:05:25+00:00","dateModified":"2025-08-11T16:23:02+00:00","breadcrumb":{"@id":"https:\/\/japanmatsuri.org\/it\/korawui\/#breadcrumb"},"inLanguage":"fr-FR","potentialAction":[{"@type":"ReadAction","target":["https:\/\/japanmatsuri.org\/it\/korawui\/"]}]},{"@type":"ImageObject","inLanguage":"fr-FR","@id":"https:\/\/japanmatsuri.org\/it\/korawui\/#primaryimage","url":"https:\/\/japanmatsuri.org\/wp-content\/uploads\/2025\/08\/korawui.png","contentUrl":"https:\/\/japanmatsuri.org\/wp-content\/uploads\/2025\/08\/korawui.png"},{"@type":"BreadcrumbList","@id":"https:\/\/japanmatsuri.org\/it\/korawui\/#breadcrumb","itemListElement":[{"@type":"ListItem","position":1,"name":"Home","item":"https:\/\/japanmatsuri.org\/it\/"},{"@type":"ListItem","position":2,"name":"Korawui"}]},{"@type":"WebSite","@id":"https:\/\/japanmatsuri.org\/#website","url":"https:\/\/japanmatsuri.org\/","name":"Japan Matsuri - Festival Giapponese Bellinzona","description":"Festival Giapponese Bellinzona","potentialAction":[{"@type":"SearchAction","target":{"@type":"EntryPoint","urlTemplate":"https:\/\/japanmatsuri.org\/?s={search_term_string}"},"query-input":{"@type":"PropertyValueSpecification","valueRequired":true,"valueName":"search_term_string"}}],"inLanguage":"fr-FR"}]}},"_links":{"self":[{"href":"https:\/\/japanmatsuri.org\/fr\/wp-json\/wp\/v2\/pages\/1682","targetHints":{"allow":["GET"]}}],"collection":[{"href":"https:\/\/japanmatsuri.org\/fr\/wp-json\/wp\/v2\/pages"}],"about":[{"href":"https:\/\/japanmatsuri.org\/fr\/wp-json\/wp\/v2\/types\/page"}],"author":[{"embeddable":true,"href":"https:\/\/japanmatsuri.org\/fr\/wp-json\/wp\/v2\/users\/1"}],"replies":[{"embeddable":true,"href":"https:\/\/japanmatsuri.org\/fr\/wp-json\/wp\/v2\/comments?post=1682"}],"version-history":[{"count":10,"href":"https:\/\/japanmatsuri.org\/fr\/wp-json\/wp\/v2\/pages\/1682\/revisions"}],"predecessor-version":[{"id":1697,"href":"https:\/\/japanmatsuri.org\/fr\/wp-json\/wp\/v2\/pages\/1682\/revisions\/1697"}],"wp:attachment":[{"href":"https:\/\/japanmatsuri.org\/fr\/wp-json\/wp\/v2\/media?parent=1682"}],"curies":[{"name":"wp","href":"https:\/\/api.w.org\/{rel}","templated":true}]}}