{"id":1738,"date":"2025-08-19T15:13:58","date_gmt":"2025-08-19T14:13:58","guid":{"rendered":"https:\/\/japanmatsuri.org\/it\/?page_id=1738"},"modified":"2025-08-23T12:46:05","modified_gmt":"2025-08-23T11:46:05","slug":"swiss-garrison-helvetic-base","status":"publish","type":"page","link":"https:\/\/japanmatsuri.org\/fr\/swiss-garrison-helvetic-base\/","title":{"rendered":"Swiss Garrison Helvetic Base"},"content":{"rendered":"<div data-elementor-type=\"wp-page\" data-elementor-id=\"1738\" class=\"elementor elementor-1738\" data-elementor-post-type=\"page\">\n\t\t\t\t<div class=\"elementor-element elementor-element-31db8d96 e-flex e-con-boxed e-con e-parent\" data-id=\"31db8d96\" data-element_type=\"container\">\n\t\t\t\t\t<div class=\"e-con-inner\">\n\t\t\t\t<div class=\"elementor-element elementor-element-3464fd2f elementor-widget elementor-widget-heading\" data-id=\"3464fd2f\" data-element_type=\"widget\" data-widget_type=\"heading.default\">\n\t\t\t\t<div class=\"elementor-widget-container\">\n\t\t\t\t\t<h1 class=\"elementor-heading-title elementor-size-default\">Swiss Garrison et Helvetic Base <\/h1>\t\t\t\t<\/div>\n\t\t\t\t<\/div>\n\t\t\t\t\t<\/div>\n\t\t\t\t<\/div>\n\t\t<div class=\"elementor-element elementor-element-7264458 e-flex e-con-boxed e-con e-parent\" data-id=\"7264458\" data-element_type=\"container\">\n\t\t\t\t\t<div class=\"e-con-inner\">\n\t\t\t\t<div class=\"elementor-element elementor-element-b4bbfc4 elementor-widget elementor-widget-image\" data-id=\"b4bbfc4\" data-element_type=\"widget\" data-widget_type=\"image.default\">\n\t\t\t\t<div class=\"elementor-widget-container\">\n\t\t\t\t\t\t\t\t\t\t\t\t\t\t\t<img fetchpriority=\"high\" decoding=\"async\" width=\"1750\" height=\"700\" src=\"https:\/\/japanmatsuri.org\/wp-content\/uploads\/2025\/08\/SwissGarrison.png\" class=\"attachment-full size-full wp-image-1740\" alt=\"\" srcset=\"https:\/\/japanmatsuri.org\/wp-content\/uploads\/2025\/08\/SwissGarrison.png 1750w, https:\/\/japanmatsuri.org\/wp-content\/uploads\/2025\/08\/SwissGarrison-300x120.png 300w, https:\/\/japanmatsuri.org\/wp-content\/uploads\/2025\/08\/SwissGarrison-1024x410.png 1024w, https:\/\/japanmatsuri.org\/wp-content\/uploads\/2025\/08\/SwissGarrison-768x307.png 768w, https:\/\/japanmatsuri.org\/wp-content\/uploads\/2025\/08\/SwissGarrison-1536x614.png 1536w, https:\/\/japanmatsuri.org\/wp-content\/uploads\/2025\/08\/SwissGarrison-18x7.png 18w\" sizes=\"(max-width: 1750px) 100vw, 1750px\" \/>\t\t\t\t\t\t\t\t\t\t\t\t\t\t\t<\/div>\n\t\t\t\t<\/div>\n\t\t\t\t\t<\/div>\n\t\t\t\t<\/div>\n\t\t<div class=\"elementor-element elementor-element-47d952e e-flex e-con-boxed e-con e-parent\" data-id=\"47d952e\" data-element_type=\"container\">\n\t\t\t\t\t<div class=\"e-con-inner\">\n\t\t\t\t<div class=\"elementor-element elementor-element-01920da elementor-widget elementor-widget-text-editor\" data-id=\"01920da\" data-element_type=\"widget\" data-widget_type=\"text-editor.default\">\n\t\t\t\t<div class=\"elementor-widget-container\">\n\t\t\t\t\t\t\t\t\t<p class=\"translation-block\">La Swiss Garrison et la Helvetic Base sont les repr\u00e9sentations suisses de la 501st Legion (<a href=\"https:\/\/www.501st.com\/\" target=\"_blank\" rel=\"noopener\">501st.com<\/a>) et de la Rebel Legion (<a href=\"https:\/\/www.rebellegion.com\/\" target=\"_blank\" rel=\"noopener\">rebellegion.com<\/a>), clubs de fans internationaux d\u00e9di\u00e9s \u00e0 l\u2019univers de Star Wars. Tandis que la 501st Legion incarne le c\u00f4t\u00e9 obscur de l\u2019Empire, la Rebel Legion donne vie aux h\u00e9ros de la R\u00e9bellion.<\/p><p>Ces groupes ne se contentent pas de recr\u00e9er les personnages l\u00e9gendaires de la saga : leur mission est d\u2019offrir aux fans \u2013 en particulier aux enfants \u2013 des exp\u00e9riences uniques, en apportant la magie de Star Wars dans le monde r\u00e9el. La bienfaisance est \u00e9galement une valeur essentielle pour les deux l\u00e9gions, qui agissent en tant qu\u2019organisations \u00e0 but non lucratif.<\/p>\t\t\t\t\t\t\t\t<\/div>\n\t\t\t\t<\/div>\n\t\t\t\t<div class=\"elementor-element elementor-element-e10067f elementor-widget elementor-widget-text-editor\" data-id=\"e10067f\" data-element_type=\"widget\" data-widget_type=\"text-editor.default\">\n\t\t\t\t<div class=\"elementor-widget-container\">\n\t\t\t\t\t\t\t\t\t<h4><b>Un po&#8217; di storia<\/b><\/h4><p>La Swiss Garrison \u00e8 stata fondata nel 1998, poco dopo l&#8217;uscita delle edizioni speciali della trilogia originale. La Rebel Legion ha seguito nel 2000, ampliando la rappresentanza dell\u2019universo di Star Wars.<\/p><p>Tout a commenc\u00e9 avec Albin Johnson, fondateur de la 501st Legion, qui s\u2019est pr\u00e9sent\u00e9 dans un cin\u00e9ma aux \u00c9tats-Unis v\u00eatu d\u2019une armure de Stormtrooper. Le public fut conquis et, gr\u00e2ce \u00e0 la couverture m\u00e9diatique, l\u2019id\u00e9e d\u2019un groupe de cosplay officiel se r\u00e9pandit rapidement. Aujourd\u2019hui, la 501st Legion compte plus de 13 000 membres, tandis que la Rebel Legion en d\u00e9passe 9 000, avec des repr\u00e9sentations dans presque tous les pays du monde.<\/p><p>Lucasfilm fait \u00e9galement appel \u00e0 la 501st Legion pour ses \u00e9v\u00e9nements officiels, tels que la Rose Parade 2007 et de nombreuses avant-premi\u00e8res. Depuis 2015, la Swiss Garrison et la Helvetic Base participent avec leur propre stand \u00e0 la Fantasy Basel, le plus grand salon fantasy de Suisse.<\/p>\t\t\t\t\t\t\t\t<\/div>\n\t\t\t\t<\/div>\n\t\t\t\t<div class=\"elementor-element elementor-element-a9bb27c elementor-widget elementor-widget-text-editor\" data-id=\"a9bb27c\" data-element_type=\"widget\" data-widget_type=\"text-editor.default\">\n\t\t\t\t<div class=\"elementor-widget-container\">\n\t\t\t\t\t\t\t\t\t<p>En savoir plus :<br \/>\ud83d\udd17<a href=\"https:\/\/beacons.ai\/helveticabase\" target=\"_blank\" rel=\"noopener\" data-wplink-edit=\"true\"> Helvetic Base<br \/><\/a>\ud83d\udd17<a href=\"https:\/\/linktr.ee\/swissgarrison\" target=\"_blank\" rel=\"noopener\"> Swiss Garrison<\/a><\/p>\t\t\t\t\t\t\t\t<\/div>\n\t\t\t\t<\/div>\n\t\t\t\t\t<\/div>\n\t\t\t\t<\/div>\n\t\t<div class=\"elementor-element elementor-element-1068562 e-flex e-con-boxed e-con e-parent\" data-id=\"1068562\" data-element_type=\"container\">\n\t\t\t\t\t<div class=\"e-con-inner\">\n\t\t\t\t\t<\/div>\n\t\t\t\t<\/div>\n\t\t\t\t<\/div>","protected":false},"excerpt":{"rendered":"<p>Swiss Garrison e Helvetic Base La Swiss Garrison e la Helvetic Base sono le rappresentanze svizzere della 501st Legion (501st.com) e della Rebel Legion (rebellegion.com), fan club globali dedicati all\u2019universo di Star Wars. Mentre la 501st Legion incarna il lato oscuro dell\u2019Impero, la Rebel Legion porta in vita gli eroi della Ribellione. Questi gruppi non [&hellip;]<\/p>","protected":false},"author":1,"featured_media":0,"parent":0,"menu_order":0,"comment_status":"closed","ping_status":"closed","template":"","meta":{"footnotes":""},"class_list":["post-1738","page","type-page","status-publish","hentry"],"yoast_head":"<!-- This site is optimized with the Yoast SEO plugin v25.4 - https:\/\/yoast.com\/wordpress\/plugins\/seo\/ -->\n<title>Swiss Garrison Helvetic Base - Japan Matsuri - Festival Giapponese Bellinzona<\/title>\n<meta name=\"robots\" content=\"index, follow, max-snippet:-1, max-image-preview:large, max-video-preview:-1\" \/>\n<link rel=\"canonical\" href=\"https:\/\/japanmatsuri.org\/fr\/swiss-garrison-helvetic-base\/\" \/>\n<meta property=\"og:locale\" content=\"fr_FR\" \/>\n<meta property=\"og:type\" content=\"article\" \/>\n<meta property=\"og:title\" content=\"Swiss Garrison Helvetic Base - Japan Matsuri - Festival Giapponese Bellinzona\" \/>\n<meta property=\"og:description\" content=\"Swiss Garrison e Helvetic Base La Swiss Garrison e la Helvetic Base sono le rappresentanze svizzere della 501st Legion (501st.com) e della Rebel Legion (rebellegion.com), fan club globali dedicati all\u2019universo di Star Wars. Mentre la 501st Legion incarna il lato oscuro dell\u2019Impero, la Rebel Legion porta in vita gli eroi della Ribellione. Questi gruppi non [&hellip;]\" \/>\n<meta property=\"og:url\" content=\"https:\/\/japanmatsuri.org\/fr\/swiss-garrison-helvetic-base\/\" \/>\n<meta property=\"og:site_name\" content=\"Japan Matsuri - Festival Giapponese Bellinzona\" \/>\n<meta property=\"article:modified_time\" content=\"2025-08-23T11:46:05+00:00\" \/>\n<meta property=\"og:image\" content=\"https:\/\/japanmatsuri.org\/wp-content\/uploads\/2025\/08\/SwissGarrison.png\" \/>\n\t<meta property=\"og:image:width\" content=\"1750\" \/>\n\t<meta property=\"og:image:height\" content=\"700\" \/>\n\t<meta property=\"og:image:type\" content=\"image\/png\" \/>\n<meta name=\"twitter:card\" content=\"summary_large_image\" \/>\n<meta name=\"twitter:label1\" content=\"Dur\u00e9e de lecture estim\u00e9e\" \/>\n\t<meta name=\"twitter:data1\" content=\"3 minutes\" \/>\n<script type=\"application\/ld+json\" class=\"yoast-schema-graph\">{\"@context\":\"https:\/\/schema.org\",\"@graph\":[{\"@type\":\"WebPage\",\"@id\":\"https:\/\/japanmatsuri.org\/it\/swiss-garrison-helvetic-base\/\",\"url\":\"https:\/\/japanmatsuri.org\/it\/swiss-garrison-helvetic-base\/\",\"name\":\"Swiss Garrison Helvetic Base - Japan Matsuri - Festival Giapponese Bellinzona\",\"isPartOf\":{\"@id\":\"https:\/\/japanmatsuri.org\/#website\"},\"primaryImageOfPage\":{\"@id\":\"https:\/\/japanmatsuri.org\/it\/swiss-garrison-helvetic-base\/#primaryimage\"},\"image\":{\"@id\":\"https:\/\/japanmatsuri.org\/it\/swiss-garrison-helvetic-base\/#primaryimage\"},\"thumbnailUrl\":\"https:\/\/japanmatsuri.org\/wp-content\/uploads\/2025\/08\/SwissGarrison.png\",\"datePublished\":\"2025-08-19T14:13:58+00:00\",\"dateModified\":\"2025-08-23T11:46:05+00:00\",\"breadcrumb\":{\"@id\":\"https:\/\/japanmatsuri.org\/it\/swiss-garrison-helvetic-base\/#breadcrumb\"},\"inLanguage\":\"fr-FR\",\"potentialAction\":[{\"@type\":\"ReadAction\",\"target\":[\"https:\/\/japanmatsuri.org\/it\/swiss-garrison-helvetic-base\/\"]}]},{\"@type\":\"ImageObject\",\"inLanguage\":\"fr-FR\",\"@id\":\"https:\/\/japanmatsuri.org\/it\/swiss-garrison-helvetic-base\/#primaryimage\",\"url\":\"https:\/\/japanmatsuri.org\/wp-content\/uploads\/2025\/08\/SwissGarrison.png\",\"contentUrl\":\"https:\/\/japanmatsuri.org\/wp-content\/uploads\/2025\/08\/SwissGarrison.png\"},{\"@type\":\"BreadcrumbList\",\"@id\":\"https:\/\/japanmatsuri.org\/it\/swiss-garrison-helvetic-base\/#breadcrumb\",\"itemListElement\":[{\"@type\":\"ListItem\",\"position\":1,\"name\":\"Home\",\"item\":\"https:\/\/japanmatsuri.org\/it\/\"},{\"@type\":\"ListItem\",\"position\":2,\"name\":\"Swiss Garrison Helvetic Base\"}]},{\"@type\":\"WebSite\",\"@id\":\"https:\/\/japanmatsuri.org\/#website\",\"url\":\"https:\/\/japanmatsuri.org\/\",\"name\":\"Japan Matsuri - Festival Giapponese Bellinzona\",\"description\":\"Festival Giapponese Bellinzona\",\"potentialAction\":[{\"@type\":\"SearchAction\",\"target\":{\"@type\":\"EntryPoint\",\"urlTemplate\":\"https:\/\/japanmatsuri.org\/?s={search_term_string}\"},\"query-input\":{\"@type\":\"PropertyValueSpecification\",\"valueRequired\":true,\"valueName\":\"search_term_string\"}}],\"inLanguage\":\"fr-FR\"}]}<\/script>\n<!-- \/ Yoast SEO plugin. -->","yoast_head_json":{"title":"Swiss Garrison Helvetic Base - Japan Matsuri - Festival Giapponese Bellinzona","robots":{"index":"index","follow":"follow","max-snippet":"max-snippet:-1","max-image-preview":"max-image-preview:large","max-video-preview":"max-video-preview:-1"},"canonical":"https:\/\/japanmatsuri.org\/fr\/swiss-garrison-helvetic-base\/","og_locale":"fr_FR","og_type":"article","og_title":"Swiss Garrison Helvetic Base - Japan Matsuri - Festival Giapponese Bellinzona","og_description":"Swiss Garrison e Helvetic Base La Swiss Garrison e la Helvetic Base sono le rappresentanze svizzere della 501st Legion (501st.com) e della Rebel Legion (rebellegion.com), fan club globali dedicati all\u2019universo di Star Wars. Mentre la 501st Legion incarna il lato oscuro dell\u2019Impero, la Rebel Legion porta in vita gli eroi della Ribellione. Questi gruppi non [&hellip;]","og_url":"https:\/\/japanmatsuri.org\/fr\/swiss-garrison-helvetic-base\/","og_site_name":"Japan Matsuri - Festival Giapponese Bellinzona","article_modified_time":"2025-08-23T11:46:05+00:00","og_image":[{"width":1750,"height":700,"url":"https:\/\/japanmatsuri.org\/wp-content\/uploads\/2025\/08\/SwissGarrison.png","type":"image\/png"}],"twitter_card":"summary_large_image","twitter_misc":{"Dur\u00e9e de lecture estim\u00e9e":"3 minutes"},"schema":{"@context":"https:\/\/schema.org","@graph":[{"@type":"WebPage","@id":"https:\/\/japanmatsuri.org\/it\/swiss-garrison-helvetic-base\/","url":"https:\/\/japanmatsuri.org\/it\/swiss-garrison-helvetic-base\/","name":"Swiss Garrison Helvetic Base - Japan Matsuri - Festival Giapponese Bellinzona","isPartOf":{"@id":"https:\/\/japanmatsuri.org\/#website"},"primaryImageOfPage":{"@id":"https:\/\/japanmatsuri.org\/it\/swiss-garrison-helvetic-base\/#primaryimage"},"image":{"@id":"https:\/\/japanmatsuri.org\/it\/swiss-garrison-helvetic-base\/#primaryimage"},"thumbnailUrl":"https:\/\/japanmatsuri.org\/wp-content\/uploads\/2025\/08\/SwissGarrison.png","datePublished":"2025-08-19T14:13:58+00:00","dateModified":"2025-08-23T11:46:05+00:00","breadcrumb":{"@id":"https:\/\/japanmatsuri.org\/it\/swiss-garrison-helvetic-base\/#breadcrumb"},"inLanguage":"fr-FR","potentialAction":[{"@type":"ReadAction","target":["https:\/\/japanmatsuri.org\/it\/swiss-garrison-helvetic-base\/"]}]},{"@type":"ImageObject","inLanguage":"fr-FR","@id":"https:\/\/japanmatsuri.org\/it\/swiss-garrison-helvetic-base\/#primaryimage","url":"https:\/\/japanmatsuri.org\/wp-content\/uploads\/2025\/08\/SwissGarrison.png","contentUrl":"https:\/\/japanmatsuri.org\/wp-content\/uploads\/2025\/08\/SwissGarrison.png"},{"@type":"BreadcrumbList","@id":"https:\/\/japanmatsuri.org\/it\/swiss-garrison-helvetic-base\/#breadcrumb","itemListElement":[{"@type":"ListItem","position":1,"name":"Home","item":"https:\/\/japanmatsuri.org\/it\/"},{"@type":"ListItem","position":2,"name":"Swiss Garrison Helvetic Base"}]},{"@type":"WebSite","@id":"https:\/\/japanmatsuri.org\/#website","url":"https:\/\/japanmatsuri.org\/","name":"Japan Matsuri - Festival Giapponese Bellinzona","description":"Festival Giapponese Bellinzona","potentialAction":[{"@type":"SearchAction","target":{"@type":"EntryPoint","urlTemplate":"https:\/\/japanmatsuri.org\/?s={search_term_string}"},"query-input":{"@type":"PropertyValueSpecification","valueRequired":true,"valueName":"search_term_string"}}],"inLanguage":"fr-FR"}]}},"_links":{"self":[{"href":"https:\/\/japanmatsuri.org\/fr\/wp-json\/wp\/v2\/pages\/1738","targetHints":{"allow":["GET"]}}],"collection":[{"href":"https:\/\/japanmatsuri.org\/fr\/wp-json\/wp\/v2\/pages"}],"about":[{"href":"https:\/\/japanmatsuri.org\/fr\/wp-json\/wp\/v2\/types\/page"}],"author":[{"embeddable":true,"href":"https:\/\/japanmatsuri.org\/fr\/wp-json\/wp\/v2\/users\/1"}],"replies":[{"embeddable":true,"href":"https:\/\/japanmatsuri.org\/fr\/wp-json\/wp\/v2\/comments?post=1738"}],"version-history":[{"count":10,"href":"https:\/\/japanmatsuri.org\/fr\/wp-json\/wp\/v2\/pages\/1738\/revisions"}],"predecessor-version":[{"id":1761,"href":"https:\/\/japanmatsuri.org\/fr\/wp-json\/wp\/v2\/pages\/1738\/revisions\/1761"}],"wp:attachment":[{"href":"https:\/\/japanmatsuri.org\/fr\/wp-json\/wp\/v2\/media?parent=1738"}],"curies":[{"name":"wp","href":"https:\/\/api.w.org\/{rel}","templated":true}]}}