{"id":1747,"date":"2025-08-23T13:24:05","date_gmt":"2025-08-23T12:24:05","guid":{"rendered":"https:\/\/japanmatsuri.org\/it\/?page_id=1747"},"modified":"2025-08-23T13:27:50","modified_gmt":"2025-08-23T12:27:50","slug":"ludo-ticino","status":"publish","type":"page","link":"https:\/\/japanmatsuri.org\/fr\/ludo-ticino\/","title":{"rendered":"LUDO Ticino"},"content":{"rendered":"<div data-elementor-type=\"wp-page\" data-elementor-id=\"1747\" class=\"elementor elementor-1747\" data-elementor-post-type=\"page\">\n\t\t\t\t<div class=\"elementor-element elementor-element-2ff7a92a e-flex e-con-boxed e-con e-parent\" data-id=\"2ff7a92a\" data-element_type=\"container\">\n\t\t\t\t\t<div class=\"e-con-inner\">\n\t\t\t\t<div class=\"elementor-element elementor-element-73f51d2e elementor-widget elementor-widget-heading\" data-id=\"73f51d2e\" data-element_type=\"widget\" data-widget_type=\"heading.default\">\n\t\t\t\t<div class=\"elementor-widget-container\">\n\t\t\t\t\t<h1 class=\"elementor-heading-title elementor-size-default\">LUDO Ticino<\/h1>\t\t\t\t<\/div>\n\t\t\t\t<\/div>\n\t\t\t\t<div class=\"elementor-element elementor-element-2948806 elementor-widget elementor-widget-heading\" data-id=\"2948806\" data-element_type=\"widget\" data-widget_type=\"heading.default\">\n\t\t\t\t<div class=\"elementor-widget-container\">\n\t\t\t\t\t<h2 class=\"elementor-heading-title elementor-size-default\">\u00e9ducation, communaut\u00e9 et avenir du gaming au Tessin <\/h2>\t\t\t\t<\/div>\n\t\t\t\t<\/div>\n\t\t\t\t\t<\/div>\n\t\t\t\t<\/div>\n\t\t<div class=\"elementor-element elementor-element-c2f5133 e-flex e-con-boxed e-con e-parent\" data-id=\"c2f5133\" data-element_type=\"container\">\n\t\t\t\t\t<div class=\"e-con-inner\">\n\t\t\t\t<div class=\"elementor-element elementor-element-b92d5a2 elementor-widget elementor-widget-text-editor\" data-id=\"b92d5a2\" data-element_type=\"widget\" data-widget_type=\"text-editor.default\">\n\t\t\t\t<div class=\"elementor-widget-container\">\n\t\t\t\t\t\t\t\t\t<p class=\"translation-block\">Dans la section d\u00e9di\u00e9e aux jeux ind\u00e9pendants, un espace est r\u00e9serv\u00e9 \u00e0 la formation et au d\u00e9veloppement de la communaut\u00e9 locale.<\/p><p class=\"translation-block\">Pendant l\u2019\u00e9v\u00e9nement, <b>LUDO Ticino<\/b> sera pr\u00e9sent avec un stand d\u00e9di\u00e9, con\u00e7u comme un point de r\u00e9f\u00e9rence pour tous ceux qui souhaitent d\u00e9couvrir les activit\u00e9s de l\u2019association et les opportunit\u00e9s offertes par le secteur des jeux vid\u00e9o au Tessin.<\/p><p>LUDO Ticino est une association qui rassemble des passionn\u00e9s et des professionnels du secteur, dans le but de favoriser l\u2019\u00e9change d\u2019id\u00e9es, la collaboration et le partage des connaissances dans le domaine des jeux vid\u00e9o. Les membres du comit\u00e9 seront \u00e0 disposition pour pr\u00e9senter les initiatives en cours, r\u00e9pondre aux questions du public et parler des futurs projets.<\/p>\t\t\t\t\t\t\t\t<\/div>\n\t\t\t\t<\/div>\n\t\t\t\t\t<\/div>\n\t\t\t\t<\/div>\n\t\t<div class=\"elementor-element elementor-element-bd51182 e-flex e-con-boxed e-con e-parent\" data-id=\"bd51182\" data-element_type=\"container\">\n\t\t\t\t\t<div class=\"e-con-inner\">\n\t\t<div class=\"elementor-element elementor-element-034175c e-con-full e-flex e-con e-child\" data-id=\"034175c\" data-element_type=\"container\">\n\t\t\t\t<div class=\"elementor-element elementor-element-eb54445 elementor-widget elementor-widget-image\" data-id=\"eb54445\" data-element_type=\"widget\" data-widget_type=\"image.default\">\n\t\t\t\t<div class=\"elementor-widget-container\">\n\t\t\t\t\t\t\t\t\t\t\t\t\t\t\t<img fetchpriority=\"high\" decoding=\"async\" width=\"800\" height=\"450\" src=\"https:\/\/japanmatsuri.org\/wp-content\/uploads\/2025\/08\/Immagine-WhatsApp-2025-08-19-ore-16.59.46_e59563cc-1024x576.jpg\" class=\"attachment-large size-large wp-image-1772\" alt=\"\" srcset=\"https:\/\/japanmatsuri.org\/wp-content\/uploads\/2025\/08\/Immagine-WhatsApp-2025-08-19-ore-16.59.46_e59563cc-1024x576.jpg 1024w, https:\/\/japanmatsuri.org\/wp-content\/uploads\/2025\/08\/Immagine-WhatsApp-2025-08-19-ore-16.59.46_e59563cc-300x169.jpg 300w, https:\/\/japanmatsuri.org\/wp-content\/uploads\/2025\/08\/Immagine-WhatsApp-2025-08-19-ore-16.59.46_e59563cc-768x432.jpg 768w, https:\/\/japanmatsuri.org\/wp-content\/uploads\/2025\/08\/Immagine-WhatsApp-2025-08-19-ore-16.59.46_e59563cc-18x10.jpg 18w, https:\/\/japanmatsuri.org\/wp-content\/uploads\/2025\/08\/Immagine-WhatsApp-2025-08-19-ore-16.59.46_e59563cc.jpg 1200w\" sizes=\"(max-width: 800px) 100vw, 800px\" \/>\t\t\t\t\t\t\t\t\t\t\t\t\t\t\t<\/div>\n\t\t\t\t<\/div>\n\t\t\t\t<\/div>\n\t\t<div class=\"elementor-element elementor-element-2e7b2e2 e-con-full e-flex e-con e-child\" data-id=\"2e7b2e2\" data-element_type=\"container\">\n\t\t\t\t<div class=\"elementor-element elementor-element-9d55f5a elementor-widget elementor-widget-text-editor\" data-id=\"9d55f5a\" data-element_type=\"widget\" data-widget_type=\"text-editor.default\">\n\t\t\t\t<div class=\"elementor-widget-container\">\n\t\t\t\t\t\t\t\t\t<p class=\"translation-block\">Le stand accueillera \u00e9galement la <b>Scuola Specializzata Superiore d'Arte Applicata du CSIA<\/b>(<i>Haute \u00e9cole sp\u00e9cialis\u00e9e des arts appliqu\u00e9s du CSIA<\/i> et l\u2019<b>\u00c9cole des Arts et M\u00e9tiers de Trevano<\/b>, qui pr\u00e9senteront une s\u00e9lection de jeux vid\u00e9o d\u00e9velopp\u00e9s pendant leurs cours.<\/p><p>Ce sera une occasion unique de d\u00e9couvrir de pr\u00e8s le travail \u00e9ducatif et cr\u00e9atif men\u00e9 dans les \u00e9coles tessinoises et de tester en personne certains des projets r\u00e9alis\u00e9s.<\/p>\t\t\t\t\t\t\t\t<\/div>\n\t\t\t\t<\/div>\n\t\t\t\t<\/div>\n\t\t\t\t\t<\/div>\n\t\t\t\t<\/div>\n\t\t<div class=\"elementor-element elementor-element-ce5e2e3 e-flex e-con-boxed e-con e-parent\" data-id=\"ce5e2e3\" data-element_type=\"container\">\n\t\t\t\t\t<div class=\"e-con-inner\">\n\t\t\t\t<div class=\"elementor-element elementor-element-6b7323d elementor-widget elementor-widget-text-editor\" data-id=\"6b7323d\" data-element_type=\"widget\" data-widget_type=\"text-editor.default\">\n\t\t\t\t<div class=\"elementor-widget-container\">\n\t\t\t\t\t\t\t\t\t<p>Le stand de LUDO Ticino sera actif pendant toute la dur\u00e9e de l\u2019\u00e9v\u00e9nement et offrira une excellente opportunit\u00e9 de r\u00e9seautage pour les d\u00e9veloppeurs, les professionnels et les passionn\u00e9s.\nVenez rencontrer la communaut\u00e9 et laissez-vous inspirer par l\u2019avenir du gaming au Tessin!<\/p>\t\t\t\t\t\t\t\t<\/div>\n\t\t\t\t<\/div>\n\t\t\t\t\t<\/div>\n\t\t\t\t<\/div>\n\t\t<div class=\"elementor-element elementor-element-be77dde e-flex e-con-boxed e-con e-parent\" data-id=\"be77dde\" data-element_type=\"container\">\n\t\t\t\t\t<div class=\"e-con-inner\">\n\t\t\t\t\t<\/div>\n\t\t\t\t<\/div>\n\t\t\t\t<\/div>","protected":false},"excerpt":{"rendered":"<p>LUDO Ticino educazione, community e futuro del gaming in Ticino All\u2019interno della sezione dedicata agli indie games, non pu\u00f2 mancare uno spazio rivolto alla formazione e allo sviluppo della community locale. Durante l\u2019evento, LUDO Ticino sar\u00e0 presente con uno stand dedicato, pensato come punto di riferimento per tutti coloro che desiderano scoprire le attivit\u00e0 dell\u2019associazione [&hellip;]<\/p>","protected":false},"author":1,"featured_media":0,"parent":0,"menu_order":0,"comment_status":"closed","ping_status":"closed","template":"","meta":{"footnotes":""},"class_list":["post-1747","page","type-page","status-publish","hentry"],"yoast_head":"<!-- This site is optimized with the Yoast SEO plugin v25.4 - https:\/\/yoast.com\/wordpress\/plugins\/seo\/ -->\n<title>LUDO Ticino - Japan Matsuri - Festival Giapponese Bellinzona<\/title>\n<meta name=\"robots\" content=\"index, follow, max-snippet:-1, max-image-preview:large, max-video-preview:-1\" \/>\n<link rel=\"canonical\" href=\"https:\/\/japanmatsuri.org\/fr\/ludo-ticino\/\" \/>\n<meta property=\"og:locale\" content=\"fr_FR\" \/>\n<meta property=\"og:type\" content=\"article\" \/>\n<meta property=\"og:title\" content=\"LUDO Ticino - Japan Matsuri - Festival Giapponese Bellinzona\" \/>\n<meta property=\"og:description\" content=\"LUDO Ticino educazione, community e futuro del gaming in Ticino All\u2019interno della sezione dedicata agli indie games, non pu\u00f2 mancare uno spazio rivolto alla formazione e allo sviluppo della community locale. Durante l\u2019evento, LUDO Ticino sar\u00e0 presente con uno stand dedicato, pensato come punto di riferimento per tutti coloro che desiderano scoprire le attivit\u00e0 dell\u2019associazione [&hellip;]\" \/>\n<meta property=\"og:url\" content=\"https:\/\/japanmatsuri.org\/fr\/ludo-ticino\/\" \/>\n<meta property=\"og:site_name\" content=\"Japan Matsuri - Festival Giapponese Bellinzona\" \/>\n<meta property=\"article:modified_time\" content=\"2025-08-23T12:27:50+00:00\" \/>\n<meta property=\"og:image\" content=\"https:\/\/japanmatsuri.org\/wp-content\/uploads\/2025\/08\/Immagine-WhatsApp-2025-08-19-ore-16.59.46_e59563cc.jpg\" \/>\n\t<meta property=\"og:image:width\" content=\"1200\" \/>\n\t<meta property=\"og:image:height\" content=\"675\" \/>\n\t<meta property=\"og:image:type\" content=\"image\/jpeg\" \/>\n<meta name=\"twitter:card\" content=\"summary_large_image\" \/>\n<meta name=\"twitter:label1\" content=\"Dur\u00e9e de lecture estim\u00e9e\" \/>\n\t<meta name=\"twitter:data1\" content=\"2 minutes\" \/>\n<script type=\"application\/ld+json\" class=\"yoast-schema-graph\">{\"@context\":\"https:\/\/schema.org\",\"@graph\":[{\"@type\":\"WebPage\",\"@id\":\"https:\/\/japanmatsuri.org\/it\/ludo-ticino\/\",\"url\":\"https:\/\/japanmatsuri.org\/it\/ludo-ticino\/\",\"name\":\"LUDO Ticino - Japan Matsuri - Festival Giapponese Bellinzona\",\"isPartOf\":{\"@id\":\"https:\/\/japanmatsuri.org\/#website\"},\"primaryImageOfPage\":{\"@id\":\"https:\/\/japanmatsuri.org\/it\/ludo-ticino\/#primaryimage\"},\"image\":{\"@id\":\"https:\/\/japanmatsuri.org\/it\/ludo-ticino\/#primaryimage\"},\"thumbnailUrl\":\"https:\/\/japanmatsuri.org\/wp-content\/uploads\/2025\/08\/Immagine-WhatsApp-2025-08-19-ore-16.59.46_e59563cc-1024x576.jpg\",\"datePublished\":\"2025-08-23T12:24:05+00:00\",\"dateModified\":\"2025-08-23T12:27:50+00:00\",\"breadcrumb\":{\"@id\":\"https:\/\/japanmatsuri.org\/it\/ludo-ticino\/#breadcrumb\"},\"inLanguage\":\"fr-FR\",\"potentialAction\":[{\"@type\":\"ReadAction\",\"target\":[\"https:\/\/japanmatsuri.org\/it\/ludo-ticino\/\"]}]},{\"@type\":\"ImageObject\",\"inLanguage\":\"fr-FR\",\"@id\":\"https:\/\/japanmatsuri.org\/it\/ludo-ticino\/#primaryimage\",\"url\":\"https:\/\/japanmatsuri.org\/wp-content\/uploads\/2025\/08\/Immagine-WhatsApp-2025-08-19-ore-16.59.46_e59563cc-1024x576.jpg\",\"contentUrl\":\"https:\/\/japanmatsuri.org\/wp-content\/uploads\/2025\/08\/Immagine-WhatsApp-2025-08-19-ore-16.59.46_e59563cc-1024x576.jpg\"},{\"@type\":\"BreadcrumbList\",\"@id\":\"https:\/\/japanmatsuri.org\/it\/ludo-ticino\/#breadcrumb\",\"itemListElement\":[{\"@type\":\"ListItem\",\"position\":1,\"name\":\"Home\",\"item\":\"https:\/\/japanmatsuri.org\/it\/\"},{\"@type\":\"ListItem\",\"position\":2,\"name\":\"LUDO Ticino\"}]},{\"@type\":\"WebSite\",\"@id\":\"https:\/\/japanmatsuri.org\/#website\",\"url\":\"https:\/\/japanmatsuri.org\/\",\"name\":\"Japan Matsuri - Festival Giapponese Bellinzona\",\"description\":\"Festival Giapponese Bellinzona\",\"potentialAction\":[{\"@type\":\"SearchAction\",\"target\":{\"@type\":\"EntryPoint\",\"urlTemplate\":\"https:\/\/japanmatsuri.org\/?s={search_term_string}\"},\"query-input\":{\"@type\":\"PropertyValueSpecification\",\"valueRequired\":true,\"valueName\":\"search_term_string\"}}],\"inLanguage\":\"fr-FR\"}]}<\/script>\n<!-- \/ Yoast SEO plugin. -->","yoast_head_json":{"title":"LUDO Ticino - Japan Matsuri - Festival Giapponese Bellinzona","robots":{"index":"index","follow":"follow","max-snippet":"max-snippet:-1","max-image-preview":"max-image-preview:large","max-video-preview":"max-video-preview:-1"},"canonical":"https:\/\/japanmatsuri.org\/fr\/ludo-ticino\/","og_locale":"fr_FR","og_type":"article","og_title":"LUDO Ticino - Japan Matsuri - Festival Giapponese Bellinzona","og_description":"LUDO Ticino educazione, community e futuro del gaming in Ticino All\u2019interno della sezione dedicata agli indie games, non pu\u00f2 mancare uno spazio rivolto alla formazione e allo sviluppo della community locale. Durante l\u2019evento, LUDO Ticino sar\u00e0 presente con uno stand dedicato, pensato come punto di riferimento per tutti coloro che desiderano scoprire le attivit\u00e0 dell\u2019associazione [&hellip;]","og_url":"https:\/\/japanmatsuri.org\/fr\/ludo-ticino\/","og_site_name":"Japan Matsuri - Festival Giapponese Bellinzona","article_modified_time":"2025-08-23T12:27:50+00:00","og_image":[{"width":1200,"height":675,"url":"https:\/\/japanmatsuri.org\/wp-content\/uploads\/2025\/08\/Immagine-WhatsApp-2025-08-19-ore-16.59.46_e59563cc.jpg","type":"image\/jpeg"}],"twitter_card":"summary_large_image","twitter_misc":{"Dur\u00e9e de lecture estim\u00e9e":"2 minutes"},"schema":{"@context":"https:\/\/schema.org","@graph":[{"@type":"WebPage","@id":"https:\/\/japanmatsuri.org\/it\/ludo-ticino\/","url":"https:\/\/japanmatsuri.org\/it\/ludo-ticino\/","name":"LUDO Ticino - Japan Matsuri - Festival Giapponese Bellinzona","isPartOf":{"@id":"https:\/\/japanmatsuri.org\/#website"},"primaryImageOfPage":{"@id":"https:\/\/japanmatsuri.org\/it\/ludo-ticino\/#primaryimage"},"image":{"@id":"https:\/\/japanmatsuri.org\/it\/ludo-ticino\/#primaryimage"},"thumbnailUrl":"https:\/\/japanmatsuri.org\/wp-content\/uploads\/2025\/08\/Immagine-WhatsApp-2025-08-19-ore-16.59.46_e59563cc-1024x576.jpg","datePublished":"2025-08-23T12:24:05+00:00","dateModified":"2025-08-23T12:27:50+00:00","breadcrumb":{"@id":"https:\/\/japanmatsuri.org\/it\/ludo-ticino\/#breadcrumb"},"inLanguage":"fr-FR","potentialAction":[{"@type":"ReadAction","target":["https:\/\/japanmatsuri.org\/it\/ludo-ticino\/"]}]},{"@type":"ImageObject","inLanguage":"fr-FR","@id":"https:\/\/japanmatsuri.org\/it\/ludo-ticino\/#primaryimage","url":"https:\/\/japanmatsuri.org\/wp-content\/uploads\/2025\/08\/Immagine-WhatsApp-2025-08-19-ore-16.59.46_e59563cc-1024x576.jpg","contentUrl":"https:\/\/japanmatsuri.org\/wp-content\/uploads\/2025\/08\/Immagine-WhatsApp-2025-08-19-ore-16.59.46_e59563cc-1024x576.jpg"},{"@type":"BreadcrumbList","@id":"https:\/\/japanmatsuri.org\/it\/ludo-ticino\/#breadcrumb","itemListElement":[{"@type":"ListItem","position":1,"name":"Home","item":"https:\/\/japanmatsuri.org\/it\/"},{"@type":"ListItem","position":2,"name":"LUDO Ticino"}]},{"@type":"WebSite","@id":"https:\/\/japanmatsuri.org\/#website","url":"https:\/\/japanmatsuri.org\/","name":"Japan Matsuri - Festival Giapponese Bellinzona","description":"Festival Giapponese Bellinzona","potentialAction":[{"@type":"SearchAction","target":{"@type":"EntryPoint","urlTemplate":"https:\/\/japanmatsuri.org\/?s={search_term_string}"},"query-input":{"@type":"PropertyValueSpecification","valueRequired":true,"valueName":"search_term_string"}}],"inLanguage":"fr-FR"}]}},"_links":{"self":[{"href":"https:\/\/japanmatsuri.org\/fr\/wp-json\/wp\/v2\/pages\/1747","targetHints":{"allow":["GET"]}}],"collection":[{"href":"https:\/\/japanmatsuri.org\/fr\/wp-json\/wp\/v2\/pages"}],"about":[{"href":"https:\/\/japanmatsuri.org\/fr\/wp-json\/wp\/v2\/types\/page"}],"author":[{"embeddable":true,"href":"https:\/\/japanmatsuri.org\/fr\/wp-json\/wp\/v2\/users\/1"}],"replies":[{"embeddable":true,"href":"https:\/\/japanmatsuri.org\/fr\/wp-json\/wp\/v2\/comments?post=1747"}],"version-history":[{"count":10,"href":"https:\/\/japanmatsuri.org\/fr\/wp-json\/wp\/v2\/pages\/1747\/revisions"}],"predecessor-version":[{"id":1779,"href":"https:\/\/japanmatsuri.org\/fr\/wp-json\/wp\/v2\/pages\/1747\/revisions\/1779"}],"wp:attachment":[{"href":"https:\/\/japanmatsuri.org\/fr\/wp-json\/wp\/v2\/media?parent=1747"}],"curies":[{"name":"wp","href":"https:\/\/api.w.org\/{rel}","templated":true}]}}