{"id":1780,"date":"2025-08-29T14:54:09","date_gmt":"2025-08-29T13:54:09","guid":{"rendered":"https:\/\/japanmatsuri.org\/it\/?page_id=1780"},"modified":"2025-08-29T14:56:37","modified_gmt":"2025-08-29T13:56:37","slug":"indie-games","status":"publish","type":"page","link":"https:\/\/japanmatsuri.org\/fr\/indie-games\/","title":{"rendered":"Indie Games"},"content":{"rendered":"<div data-elementor-type=\"wp-page\" data-elementor-id=\"1780\" class=\"elementor elementor-1780\" data-elementor-post-type=\"page\">\n\t\t\t\t<div class=\"elementor-element elementor-element-4b4f26c4 e-flex e-con-boxed e-con e-parent\" data-id=\"4b4f26c4\" data-element_type=\"container\">\n\t\t\t\t\t<div class=\"e-con-inner\">\n\t\t\t\t<div class=\"elementor-element elementor-element-5eff9a85 elementor-widget elementor-widget-heading\" data-id=\"5eff9a85\" data-element_type=\"widget\" data-widget_type=\"heading.default\">\n\t\t\t\t<div class=\"elementor-widget-container\">\n\t\t\t\t\t<h1 class=\"elementor-heading-title elementor-size-default\">Indie Games<\/h1>\t\t\t\t<\/div>\n\t\t\t\t<\/div>\n\t\t\t\t<div class=\"elementor-element elementor-element-5c7ba38 elementor-widget elementor-widget-heading\" data-id=\"5c7ba38\" data-element_type=\"widget\" data-widget_type=\"heading.default\">\n\t\t\t\t<div class=\"elementor-widget-container\">\n\t\t\t\t\t<h2 class=\"elementor-heading-title elementor-size-default\">Swiss Game Developers Association (SGDA) et Stelex Software<\/h2>\t\t\t\t<\/div>\n\t\t\t\t<\/div>\n\t\t\t\t\t<\/div>\n\t\t\t\t<\/div>\n\t\t<div class=\"elementor-element elementor-element-4d8c2ee e-flex e-con-boxed e-con e-parent\" data-id=\"4d8c2ee\" data-element_type=\"container\">\n\t\t\t\t\t<div class=\"e-con-inner\">\n\t\t\t\t<div class=\"elementor-element elementor-element-2c47afb elementor-widget elementor-widget-image\" data-id=\"2c47afb\" data-element_type=\"widget\" data-widget_type=\"image.default\">\n\t\t\t\t<div class=\"elementor-widget-container\">\n\t\t\t\t\t\t\t\t\t\t\t\t\t\t\t<img fetchpriority=\"high\" decoding=\"async\" width=\"1750\" height=\"700\" src=\"https:\/\/japanmatsuri.org\/wp-content\/uploads\/2025\/08\/indiegame.png\" class=\"attachment-full size-full wp-image-1914\" alt=\"\" srcset=\"https:\/\/japanmatsuri.org\/wp-content\/uploads\/2025\/08\/indiegame.png 1750w, https:\/\/japanmatsuri.org\/wp-content\/uploads\/2025\/08\/indiegame-300x120.png 300w, https:\/\/japanmatsuri.org\/wp-content\/uploads\/2025\/08\/indiegame-1024x410.png 1024w, https:\/\/japanmatsuri.org\/wp-content\/uploads\/2025\/08\/indiegame-768x307.png 768w, https:\/\/japanmatsuri.org\/wp-content\/uploads\/2025\/08\/indiegame-1536x614.png 1536w, https:\/\/japanmatsuri.org\/wp-content\/uploads\/2025\/08\/indiegame-18x7.png 18w\" sizes=\"(max-width: 1750px) 100vw, 1750px\" \/>\t\t\t\t\t\t\t\t\t\t\t\t\t\t\t<\/div>\n\t\t\t\t<\/div>\n\t\t\t\t\t<\/div>\n\t\t\t\t<\/div>\n\t\t<div class=\"elementor-element elementor-element-78a16740 e-flex e-con-boxed e-con e-parent\" data-id=\"78a16740\" data-element_type=\"container\">\n\t\t\t\t\t<div class=\"e-con-inner\">\n\t\t\t\t\t<\/div>\n\t\t\t\t<\/div>\n\t\t<div class=\"elementor-element elementor-element-6473f4e e-flex e-con-boxed e-con e-parent\" data-id=\"6473f4e\" data-element_type=\"container\">\n\t\t\t\t\t<div class=\"e-con-inner\">\n\t\t\t\t<div class=\"elementor-element elementor-element-5d954c5 elementor-widget elementor-widget-text-editor\" data-id=\"5d954c5\" data-element_type=\"widget\" data-widget_type=\"text-editor.default\">\n\t\t\t\t<div class=\"elementor-widget-container\">\n\t\t\t\t\t\t\t\t\t<p>Explorez l\u2019univers des jeux ind\u00e9pendants venus des quatre coins de la Suisse. Plongez dans un monde de cr\u00e9ativit\u00e9 et d\u2019originalit\u00e9. Testez en avant-premi\u00e8re les chefs-d\u2019\u0153uvre des d\u00e9veloppeurs suisses ind\u00e9pendants et d\u00e9couvrez le talent derri\u00e8re chaque pixel.<\/p><p><b>SWISS GAME DEVELOPERS ASSOCIATION (SGDA)<\/b><b><br \/><\/b> La Swiss Game Developers Association (SGDA) est une organisation ind\u00e9pendante et le principal d\u00e9fenseur des d\u00e9veloppeurs de jeux vid\u00e9o en Suisse. En tant qu\u2019association \u00e0 but non lucratif, ses objectifs incluent le soutien politique, la professionnalisation \u00e0 travers la formation et la promotion de jeunes talents, ainsi qu\u2019une meilleure visibilit\u00e9 d\u2019une industrie vid\u00e9oludique suisse forte. La SGDA organise les \u00abSwiss Game Awards\u00bb, qui r\u00e9compensent l\u2019innovation suisse dans le domaine du jeu vid\u00e9o.<\/p>\t\t\t\t\t\t\t\t<\/div>\n\t\t\t\t<\/div>\n\t\t\t\t<div class=\"elementor-element elementor-element-3d6db34 elementor-widget elementor-widget-text-editor\" data-id=\"3d6db34\" data-element_type=\"widget\" data-widget_type=\"text-editor.default\">\n\t\t\t\t<div class=\"elementor-widget-container\">\n\t\t\t\t\t\t\t\t\t<p><b>STELEX SOFTWARE<\/b><b><br \/><\/b> Stelex Software est n\u00e9e en 2004 de la passion de deux jeunes de la Vallemaggia, simples amateurs de jeux vid\u00e9o, sans formation sp\u00e9cifique, qui d\u00e9veloppent des jeux amateurs pour le plaisir, l\u2019apprentissage et l\u2019exp\u00e9rimentation, sans but lucratif.<br \/>En 2012, la soci\u00e9t\u00e9 est reprise par Stefano Maccarinelli (cofondateur et actuel co-propri\u00e9taire) et son \u00e9pouse Tania Maccarinelli (co-propri\u00e9taire et artiste 3D environnementale), qui lui donnent un nouveau souffle en la transformant en une v\u00e9ritable entreprise, plus professionnelle et aux services \u00e9largis.<br \/>Stelex Software est fi\u00e8re de proposer des jeux originaux, souvent de niche, qui se distinguent des productions de masse : des jeux \u201cavec une \u00e2me\u201d, r\u00e9alis\u00e9s avec passion. Tandis que les autres crient, nous pr\u00e9f\u00e9rons chuchoter.<br \/>En 2012, Stelex Software remporte un prix aux Swiss Game Awards, la r\u00e9compense vid\u00e9oludique la plus prestigieuse en Suisse.<\/p>\t\t\t\t\t\t\t\t<\/div>\n\t\t\t\t<\/div>\n\t\t\t\t\t<\/div>\n\t\t\t\t<\/div>\n\t\t<div class=\"elementor-element elementor-element-71a33dc4 e-flex e-con-boxed e-con e-parent\" data-id=\"71a33dc4\" data-element_type=\"container\">\n\t\t\t\t\t<div class=\"e-con-inner\">\n\t\t\t\t\t<\/div>\n\t\t\t\t<\/div>\n\t\t\t\t<\/div>","protected":false},"excerpt":{"rendered":"<p>Indie Games Swiss Game Developers Association (SGDA) e Stelex Software Esplora l\u2019universo dei giochi indipendenti provenienti da ogni angolo della Svizzera. Immergiti in un mondo di giochi indie che celebrano l\u2019originalit\u00e0. Prova in anteprima i capolavori degli sviluppatori indipendenti svizzeri e scopri il talento dietro ogni pixel. SWISS GAME DEVELOPERS ASSOCIATION (SGDA) La Swiss Game [&hellip;]<\/p>","protected":false},"author":1,"featured_media":0,"parent":0,"menu_order":0,"comment_status":"closed","ping_status":"closed","template":"","meta":{"footnotes":""},"class_list":["post-1780","page","type-page","status-publish","hentry"],"yoast_head":"<!-- This site is optimized with the Yoast SEO plugin v25.4 - https:\/\/yoast.com\/wordpress\/plugins\/seo\/ -->\n<title>Indie Games - Japan Matsuri - Festival Giapponese Bellinzona<\/title>\n<meta name=\"robots\" content=\"index, follow, max-snippet:-1, max-image-preview:large, max-video-preview:-1\" \/>\n<link rel=\"canonical\" href=\"https:\/\/japanmatsuri.org\/fr\/indie-games\/\" \/>\n<meta property=\"og:locale\" content=\"fr_FR\" \/>\n<meta property=\"og:type\" content=\"article\" \/>\n<meta property=\"og:title\" content=\"Indie Games - Japan Matsuri - Festival Giapponese Bellinzona\" \/>\n<meta property=\"og:description\" content=\"Indie Games Swiss Game Developers Association (SGDA) e Stelex Software Esplora l\u2019universo dei giochi indipendenti provenienti da ogni angolo della Svizzera. Immergiti in un mondo di giochi indie che celebrano l\u2019originalit\u00e0. Prova in anteprima i capolavori degli sviluppatori indipendenti svizzeri e scopri il talento dietro ogni pixel. SWISS GAME DEVELOPERS ASSOCIATION (SGDA) La Swiss Game [&hellip;]\" \/>\n<meta property=\"og:url\" content=\"https:\/\/japanmatsuri.org\/fr\/indie-games\/\" \/>\n<meta property=\"og:site_name\" content=\"Japan Matsuri - Festival Giapponese Bellinzona\" \/>\n<meta property=\"article:modified_time\" content=\"2025-08-29T13:56:37+00:00\" \/>\n<meta property=\"og:image\" content=\"https:\/\/japanmatsuri.org\/wp-content\/uploads\/2025\/08\/indiegame.png\" \/>\n\t<meta property=\"og:image:width\" content=\"1750\" \/>\n\t<meta property=\"og:image:height\" content=\"700\" \/>\n\t<meta property=\"og:image:type\" content=\"image\/png\" \/>\n<meta name=\"twitter:card\" content=\"summary_large_image\" \/>\n<meta name=\"twitter:label1\" content=\"Dur\u00e9e de lecture estim\u00e9e\" \/>\n\t<meta name=\"twitter:data1\" content=\"2 minutes\" \/>\n<script type=\"application\/ld+json\" class=\"yoast-schema-graph\">{\"@context\":\"https:\/\/schema.org\",\"@graph\":[{\"@type\":\"WebPage\",\"@id\":\"https:\/\/japanmatsuri.org\/it\/indie-games\/\",\"url\":\"https:\/\/japanmatsuri.org\/it\/indie-games\/\",\"name\":\"Indie Games - Japan Matsuri - Festival Giapponese Bellinzona\",\"isPartOf\":{\"@id\":\"https:\/\/japanmatsuri.org\/#website\"},\"primaryImageOfPage\":{\"@id\":\"https:\/\/japanmatsuri.org\/it\/indie-games\/#primaryimage\"},\"image\":{\"@id\":\"https:\/\/japanmatsuri.org\/it\/indie-games\/#primaryimage\"},\"thumbnailUrl\":\"https:\/\/japanmatsuri.org\/wp-content\/uploads\/2025\/08\/indiegame.png\",\"datePublished\":\"2025-08-29T13:54:09+00:00\",\"dateModified\":\"2025-08-29T13:56:37+00:00\",\"breadcrumb\":{\"@id\":\"https:\/\/japanmatsuri.org\/it\/indie-games\/#breadcrumb\"},\"inLanguage\":\"fr-FR\",\"potentialAction\":[{\"@type\":\"ReadAction\",\"target\":[\"https:\/\/japanmatsuri.org\/it\/indie-games\/\"]}]},{\"@type\":\"ImageObject\",\"inLanguage\":\"fr-FR\",\"@id\":\"https:\/\/japanmatsuri.org\/it\/indie-games\/#primaryimage\",\"url\":\"https:\/\/japanmatsuri.org\/wp-content\/uploads\/2025\/08\/indiegame.png\",\"contentUrl\":\"https:\/\/japanmatsuri.org\/wp-content\/uploads\/2025\/08\/indiegame.png\"},{\"@type\":\"BreadcrumbList\",\"@id\":\"https:\/\/japanmatsuri.org\/it\/indie-games\/#breadcrumb\",\"itemListElement\":[{\"@type\":\"ListItem\",\"position\":1,\"name\":\"Home\",\"item\":\"https:\/\/japanmatsuri.org\/it\/\"},{\"@type\":\"ListItem\",\"position\":2,\"name\":\"Indie Games\"}]},{\"@type\":\"WebSite\",\"@id\":\"https:\/\/japanmatsuri.org\/#website\",\"url\":\"https:\/\/japanmatsuri.org\/\",\"name\":\"Japan Matsuri - Festival Giapponese Bellinzona\",\"description\":\"Festival Giapponese Bellinzona\",\"potentialAction\":[{\"@type\":\"SearchAction\",\"target\":{\"@type\":\"EntryPoint\",\"urlTemplate\":\"https:\/\/japanmatsuri.org\/?s={search_term_string}\"},\"query-input\":{\"@type\":\"PropertyValueSpecification\",\"valueRequired\":true,\"valueName\":\"search_term_string\"}}],\"inLanguage\":\"fr-FR\"}]}<\/script>\n<!-- \/ Yoast SEO plugin. -->","yoast_head_json":{"title":"Indie Games - Japan Matsuri - Festival Giapponese Bellinzona","robots":{"index":"index","follow":"follow","max-snippet":"max-snippet:-1","max-image-preview":"max-image-preview:large","max-video-preview":"max-video-preview:-1"},"canonical":"https:\/\/japanmatsuri.org\/fr\/indie-games\/","og_locale":"fr_FR","og_type":"article","og_title":"Indie Games - Japan Matsuri - Festival Giapponese Bellinzona","og_description":"Indie Games Swiss Game Developers Association (SGDA) e Stelex Software Esplora l\u2019universo dei giochi indipendenti provenienti da ogni angolo della Svizzera. Immergiti in un mondo di giochi indie che celebrano l\u2019originalit\u00e0. Prova in anteprima i capolavori degli sviluppatori indipendenti svizzeri e scopri il talento dietro ogni pixel. SWISS GAME DEVELOPERS ASSOCIATION (SGDA) La Swiss Game [&hellip;]","og_url":"https:\/\/japanmatsuri.org\/fr\/indie-games\/","og_site_name":"Japan Matsuri - Festival Giapponese Bellinzona","article_modified_time":"2025-08-29T13:56:37+00:00","og_image":[{"width":1750,"height":700,"url":"https:\/\/japanmatsuri.org\/wp-content\/uploads\/2025\/08\/indiegame.png","type":"image\/png"}],"twitter_card":"summary_large_image","twitter_misc":{"Dur\u00e9e de lecture estim\u00e9e":"2 minutes"},"schema":{"@context":"https:\/\/schema.org","@graph":[{"@type":"WebPage","@id":"https:\/\/japanmatsuri.org\/it\/indie-games\/","url":"https:\/\/japanmatsuri.org\/it\/indie-games\/","name":"Indie Games - Japan Matsuri - Festival Giapponese Bellinzona","isPartOf":{"@id":"https:\/\/japanmatsuri.org\/#website"},"primaryImageOfPage":{"@id":"https:\/\/japanmatsuri.org\/it\/indie-games\/#primaryimage"},"image":{"@id":"https:\/\/japanmatsuri.org\/it\/indie-games\/#primaryimage"},"thumbnailUrl":"https:\/\/japanmatsuri.org\/wp-content\/uploads\/2025\/08\/indiegame.png","datePublished":"2025-08-29T13:54:09+00:00","dateModified":"2025-08-29T13:56:37+00:00","breadcrumb":{"@id":"https:\/\/japanmatsuri.org\/it\/indie-games\/#breadcrumb"},"inLanguage":"fr-FR","potentialAction":[{"@type":"ReadAction","target":["https:\/\/japanmatsuri.org\/it\/indie-games\/"]}]},{"@type":"ImageObject","inLanguage":"fr-FR","@id":"https:\/\/japanmatsuri.org\/it\/indie-games\/#primaryimage","url":"https:\/\/japanmatsuri.org\/wp-content\/uploads\/2025\/08\/indiegame.png","contentUrl":"https:\/\/japanmatsuri.org\/wp-content\/uploads\/2025\/08\/indiegame.png"},{"@type":"BreadcrumbList","@id":"https:\/\/japanmatsuri.org\/it\/indie-games\/#breadcrumb","itemListElement":[{"@type":"ListItem","position":1,"name":"Home","item":"https:\/\/japanmatsuri.org\/it\/"},{"@type":"ListItem","position":2,"name":"Indie Games"}]},{"@type":"WebSite","@id":"https:\/\/japanmatsuri.org\/#website","url":"https:\/\/japanmatsuri.org\/","name":"Japan Matsuri - Festival Giapponese Bellinzona","description":"Festival Giapponese Bellinzona","potentialAction":[{"@type":"SearchAction","target":{"@type":"EntryPoint","urlTemplate":"https:\/\/japanmatsuri.org\/?s={search_term_string}"},"query-input":{"@type":"PropertyValueSpecification","valueRequired":true,"valueName":"search_term_string"}}],"inLanguage":"fr-FR"}]}},"_links":{"self":[{"href":"https:\/\/japanmatsuri.org\/fr\/wp-json\/wp\/v2\/pages\/1780","targetHints":{"allow":["GET"]}}],"collection":[{"href":"https:\/\/japanmatsuri.org\/fr\/wp-json\/wp\/v2\/pages"}],"about":[{"href":"https:\/\/japanmatsuri.org\/fr\/wp-json\/wp\/v2\/types\/page"}],"author":[{"embeddable":true,"href":"https:\/\/japanmatsuri.org\/fr\/wp-json\/wp\/v2\/users\/1"}],"replies":[{"embeddable":true,"href":"https:\/\/japanmatsuri.org\/fr\/wp-json\/wp\/v2\/comments?post=1780"}],"version-history":[{"count":10,"href":"https:\/\/japanmatsuri.org\/fr\/wp-json\/wp\/v2\/pages\/1780\/revisions"}],"predecessor-version":[{"id":1921,"href":"https:\/\/japanmatsuri.org\/fr\/wp-json\/wp\/v2\/pages\/1780\/revisions\/1921"}],"wp:attachment":[{"href":"https:\/\/japanmatsuri.org\/fr\/wp-json\/wp\/v2\/media?parent=1780"}],"curies":[{"name":"wp","href":"https:\/\/api.w.org\/{rel}","templated":true}]}}