{"id":1785,"date":"2025-08-23T13:46:24","date_gmt":"2025-08-23T12:46:24","guid":{"rendered":"https:\/\/japanmatsuri.org\/it\/?page_id=1785"},"modified":"2025-08-23T13:57:50","modified_gmt":"2025-08-23T12:57:50","slug":"giochi-da-tavolo","status":"publish","type":"page","link":"https:\/\/japanmatsuri.org\/fr\/giochi-da-tavolo\/","title":{"rendered":"Jeux de Soci\u00e9t\u00e9"},"content":{"rendered":"<div data-elementor-type=\"wp-page\" data-elementor-id=\"1785\" class=\"elementor elementor-1785\" data-elementor-post-type=\"page\">\n\t\t\t\t<div class=\"elementor-element elementor-element-2ebbe617 e-flex e-con-boxed e-con e-parent\" data-id=\"2ebbe617\" data-element_type=\"container\">\n\t\t\t\t\t<div class=\"e-con-inner\">\n\t\t\t\t<div class=\"elementor-element elementor-element-241f797 elementor-widget elementor-widget-heading\" data-id=\"241f797\" data-element_type=\"widget\" data-widget_type=\"heading.default\">\n\t\t\t\t<div class=\"elementor-widget-container\">\n\t\t\t\t\t<h1 class=\"elementor-heading-title elementor-size-default\">Jeux de Soci\u00e9t\u00e9<\/h1>\t\t\t\t<\/div>\n\t\t\t\t<\/div>\n\t\t\t\t\t<\/div>\n\t\t\t\t<\/div>\n\t\t<div class=\"elementor-element elementor-element-54a1b07 e-flex e-con-boxed e-con e-parent\" data-id=\"54a1b07\" data-element_type=\"container\">\n\t\t\t\t\t<div class=\"e-con-inner\">\n\t\t\t\t<div class=\"elementor-element elementor-element-082999c elementor-widget elementor-widget-image\" data-id=\"082999c\" data-element_type=\"widget\" data-widget_type=\"image.default\">\n\t\t\t\t<div class=\"elementor-widget-container\">\n\t\t\t\t\t\t\t\t\t\t\t\t\t\t\t<img fetchpriority=\"high\" decoding=\"async\" width=\"1750\" height=\"700\" src=\"https:\/\/japanmatsuri.org\/wp-content\/uploads\/2025\/08\/giochi.png\" class=\"attachment-full size-full wp-image-1787\" alt=\"\" srcset=\"https:\/\/japanmatsuri.org\/wp-content\/uploads\/2025\/08\/giochi.png 1750w, https:\/\/japanmatsuri.org\/wp-content\/uploads\/2025\/08\/giochi-300x120.png 300w, https:\/\/japanmatsuri.org\/wp-content\/uploads\/2025\/08\/giochi-1024x410.png 1024w, https:\/\/japanmatsuri.org\/wp-content\/uploads\/2025\/08\/giochi-768x307.png 768w, https:\/\/japanmatsuri.org\/wp-content\/uploads\/2025\/08\/giochi-1536x614.png 1536w, https:\/\/japanmatsuri.org\/wp-content\/uploads\/2025\/08\/giochi-18x7.png 18w\" sizes=\"(max-width: 1750px) 100vw, 1750px\" \/>\t\t\t\t\t\t\t\t\t\t\t\t\t\t\t<\/div>\n\t\t\t\t<\/div>\n\t\t\t\t\t<\/div>\n\t\t\t\t<\/div>\n\t\t<div class=\"elementor-element elementor-element-613ccd7 e-flex e-con-boxed e-con e-parent\" data-id=\"613ccd7\" data-element_type=\"container\">\n\t\t\t\t\t<div class=\"e-con-inner\">\n\t\t\t\t<div class=\"elementor-element elementor-element-5dace02 elementor-widget elementor-widget-text-editor\" data-id=\"5dace02\" data-element_type=\"widget\" data-widget_type=\"text-editor.default\">\n\t\t\t\t<div class=\"elementor-widget-container\">\n\t\t\t\t\t\t\t\t\t<p>Le Japan Matsuri offre aux visiteurs l\u2019opportunit\u00e9 de d\u00e9couvrir l\u2019univers des jeux de soci\u00e9t\u00e9, de cartes et de figurines : une exp\u00e9rience qui allie divertissement, strat\u00e9gie et convivialit\u00e9.<\/p><p>Gr\u00e2ce \u00e0 la collaboration de plusieurs associations et acteurs locaux, le festival propose un large \u00e9ventail d\u2019activit\u00e9s, destin\u00e9es aussi bien aux joueurs exp\u00e9riment\u00e9s qu\u2019\u00e0 ceux qui souhaitent s\u2019initier \u00e0 cet univers pour la premi\u00e8re fois.<\/p>\t\t\t\t\t\t\t\t<\/div>\n\t\t\t\t<\/div>\n\t\t\t\t\t<\/div>\n\t\t\t\t<\/div>\n\t\t<div class=\"elementor-element elementor-element-634d581 e-flex e-con-boxed e-con e-parent\" data-id=\"634d581\" data-element_type=\"container\">\n\t\t\t\t\t<div class=\"e-con-inner\">\n\t\t\t\t<div class=\"elementor-element elementor-element-e4778b7 elementor-widget elementor-widget-text-editor\" data-id=\"e4778b7\" data-element_type=\"widget\" data-widget_type=\"text-editor.default\">\n\t\t\t\t<div class=\"elementor-widget-container\">\n\t\t\t\t\t\t\t\t\t<p><b>Giochintavola<\/b><b><br \/><\/b> Association engag\u00e9e dans la promotion et la diffusion des jeux de soci\u00e9t\u00e9, elle pr\u00e9sentera des titres modernes et captivants, dont des jeux sur le th\u00e8me du Japon et des cr\u00e9ations d\u2019auteurs nippons. Son objectif est de stimuler l\u2019esprit et de favoriser le partage, en offrant une alternative culturelle et sociale de grande valeur.<\/p><p class=\"translation-block\"><b>Lo Stregatto \u2013 I Giochi<\/b><br>\n N\u00e9e comme librairie pour enfants \u00e0 Locarno, elle est aujourd\u2019hui \u00e9galement un lieu de r\u00e9f\u00e9rence pour les jeux de soci\u00e9t\u00e9, de cartes et de figurines. Au Japan Matsuri, elle proposera une s\u00e9lection de titres, parmi lesquels les c\u00e9l\u00e8bres jeux de cartes \u00e0 collectionner One Piece et Gundam, ainsi que de nombreuses autres cr\u00e9ations d\u2019auteurs japonais et internationaux.<\/p>\t\t\t\t\t\t\t\t<\/div>\n\t\t\t\t<\/div>\n\t\t\t\t<div class=\"elementor-element elementor-element-ee11720 elementor-widget elementor-widget-text-editor\" data-id=\"ee11720\" data-element_type=\"widget\" data-widget_type=\"text-editor.default\">\n\t\t\t\t<div class=\"elementor-widget-container\">\n\t\t\t\t\t\t\t\t\t<p><b>Neuromante Ticino<\/b><b><br \/><\/b> Association qui promeut le jeu comme outil d\u2019agr\u00e9gation et de d\u00e9veloppement social. Portant une attention particuli\u00e8re aux jeunes, elle propose des activit\u00e9s visant \u00e0 r\u00e9duire la d\u00e9pendance au num\u00e9rique et \u00e0 favoriser des exp\u00e9riences r\u00e9elles et partag\u00e9es. Sa participation au Japan Matsuri constitue une occasion de diffuser davantage sa mission.<\/p><p class=\"translation-block\"><b>Wargaming Ticino<\/b><br>\nJeune association qui valorise les jeux de figurines. Du fantastique \u00e0 l\u2019historique, en passant par des titres embl\u00e9matiques comme <i>Warhammer 40k<\/i>, <i>Kings of War<\/i> et <i>Conquest<\/i>, elle propose tournois, d\u00e9monstrations et moments de rencontre pour passionn\u00e9s et curieux.<\/p><p class=\"translation-block\"><b>Association Lotus Ticino<\/b><br>\nAssociation \u00e0 but non lucratif qui organise des tournois de <i>Magic: The Gathering<\/i> et de jeux de soci\u00e9t\u00e9, dans le but de cr\u00e9er une communaut\u00e9 et de favoriser la convivialit\u00e9 \u00e0 travers le jeu.<\/p>\t\t\t\t\t\t\t\t<\/div>\n\t\t\t\t<\/div>\n\t\t\t\t<div class=\"elementor-element elementor-element-77ee1e6 elementor-widget elementor-widget-text-editor\" data-id=\"77ee1e6\" data-element_type=\"widget\" data-widget_type=\"text-editor.default\">\n\t\t\t\t<div class=\"elementor-widget-container\">\n\t\t\t\t\t\t\t\t\t<p>Ainsi, le Japan Matsuri s\u2019affirme non seulement comme un festival culturel, mais aussi comme un lieu o\u00f9 le jeu devient une occasion de d\u00e9couverte, de rencontre et de plaisir pour tous.<\/p><p><b><i>Toutes ces activit\u00e9s auront lieu dans le Pavillon D.<\/i><\/b><\/p>\t\t\t\t\t\t\t\t<\/div>\n\t\t\t\t<\/div>\n\t\t\t\t\t<\/div>\n\t\t\t\t<\/div>\n\t\t<div class=\"elementor-element elementor-element-3700bc7c e-flex e-con-boxed e-con e-parent\" data-id=\"3700bc7c\" data-element_type=\"container\">\n\t\t\t\t\t<div class=\"e-con-inner\">\n\t\t\t\t\t<\/div>\n\t\t\t\t<\/div>\n\t\t\t\t<\/div>","protected":false},"excerpt":{"rendered":"<p>Giochi da Tavolo Il Japan Matsuri offre ai visitatori l\u2019opportunit\u00e0 di esplorare il mondo dei giochi da tavolo, di carte e di miniature: un\u2019esperienza che unisce intrattenimento, strategia e socialit\u00e0. Grazie alla collaborazione con diverse associazioni e realt\u00e0 del territorio, il festival propone un\u2019ampia gamma di attivit\u00e0, pensate sia per i giocatori pi\u00f9 esperti sia [&hellip;]<\/p>","protected":false},"author":1,"featured_media":0,"parent":0,"menu_order":0,"comment_status":"closed","ping_status":"closed","template":"","meta":{"footnotes":""},"class_list":["post-1785","page","type-page","status-publish","hentry"],"yoast_head":"<!-- This site is optimized with the Yoast SEO plugin v25.4 - https:\/\/yoast.com\/wordpress\/plugins\/seo\/ -->\n<title>Giochi da Tavolo - Japan Matsuri - Festival Giapponese Bellinzona<\/title>\n<meta name=\"robots\" content=\"index, follow, max-snippet:-1, max-image-preview:large, max-video-preview:-1\" \/>\n<link rel=\"canonical\" href=\"https:\/\/japanmatsuri.org\/fr\/giochi-da-tavolo\/\" \/>\n<meta property=\"og:locale\" content=\"fr_FR\" \/>\n<meta property=\"og:type\" content=\"article\" \/>\n<meta property=\"og:title\" content=\"Giochi da Tavolo - Japan Matsuri - Festival Giapponese Bellinzona\" \/>\n<meta property=\"og:description\" content=\"Giochi da Tavolo Il Japan Matsuri offre ai visitatori l\u2019opportunit\u00e0 di esplorare il mondo dei giochi da tavolo, di carte e di miniature: un\u2019esperienza che unisce intrattenimento, strategia e socialit\u00e0. Grazie alla collaborazione con diverse associazioni e realt\u00e0 del territorio, il festival propone un\u2019ampia gamma di attivit\u00e0, pensate sia per i giocatori pi\u00f9 esperti sia [&hellip;]\" \/>\n<meta property=\"og:url\" content=\"https:\/\/japanmatsuri.org\/fr\/giochi-da-tavolo\/\" \/>\n<meta property=\"og:site_name\" content=\"Japan Matsuri - Festival Giapponese Bellinzona\" \/>\n<meta property=\"article:modified_time\" content=\"2025-08-23T12:57:50+00:00\" \/>\n<meta property=\"og:image\" content=\"https:\/\/japanmatsuri.org\/wp-content\/uploads\/2025\/08\/giochi-1024x410.png\" \/>\n\t<meta property=\"og:image:width\" content=\"1024\" \/>\n\t<meta property=\"og:image:height\" content=\"410\" \/>\n\t<meta property=\"og:image:type\" content=\"image\/png\" \/>\n<meta name=\"twitter:card\" content=\"summary_large_image\" \/>\n<meta name=\"twitter:label1\" content=\"Dur\u00e9e de lecture estim\u00e9e\" \/>\n\t<meta name=\"twitter:data1\" content=\"2 minutes\" \/>\n<script type=\"application\/ld+json\" class=\"yoast-schema-graph\">{\"@context\":\"https:\/\/schema.org\",\"@graph\":[{\"@type\":\"WebPage\",\"@id\":\"https:\/\/japanmatsuri.org\/it\/giochi-da-tavolo\/\",\"url\":\"https:\/\/japanmatsuri.org\/it\/giochi-da-tavolo\/\",\"name\":\"Giochi da Tavolo - Japan Matsuri - Festival Giapponese Bellinzona\",\"isPartOf\":{\"@id\":\"https:\/\/japanmatsuri.org\/#website\"},\"primaryImageOfPage\":{\"@id\":\"https:\/\/japanmatsuri.org\/it\/giochi-da-tavolo\/#primaryimage\"},\"image\":{\"@id\":\"https:\/\/japanmatsuri.org\/it\/giochi-da-tavolo\/#primaryimage\"},\"thumbnailUrl\":\"https:\/\/japanmatsuri.org\/wp-content\/uploads\/2025\/08\/giochi.png\",\"datePublished\":\"2025-08-23T12:46:24+00:00\",\"dateModified\":\"2025-08-23T12:57:50+00:00\",\"breadcrumb\":{\"@id\":\"https:\/\/japanmatsuri.org\/it\/giochi-da-tavolo\/#breadcrumb\"},\"inLanguage\":\"fr-FR\",\"potentialAction\":[{\"@type\":\"ReadAction\",\"target\":[\"https:\/\/japanmatsuri.org\/it\/giochi-da-tavolo\/\"]}]},{\"@type\":\"ImageObject\",\"inLanguage\":\"fr-FR\",\"@id\":\"https:\/\/japanmatsuri.org\/it\/giochi-da-tavolo\/#primaryimage\",\"url\":\"https:\/\/japanmatsuri.org\/wp-content\/uploads\/2025\/08\/giochi.png\",\"contentUrl\":\"https:\/\/japanmatsuri.org\/wp-content\/uploads\/2025\/08\/giochi.png\"},{\"@type\":\"BreadcrumbList\",\"@id\":\"https:\/\/japanmatsuri.org\/it\/giochi-da-tavolo\/#breadcrumb\",\"itemListElement\":[{\"@type\":\"ListItem\",\"position\":1,\"name\":\"Home\",\"item\":\"https:\/\/japanmatsuri.org\/it\/\"},{\"@type\":\"ListItem\",\"position\":2,\"name\":\"Giochi da Tavolo\"}]},{\"@type\":\"WebSite\",\"@id\":\"https:\/\/japanmatsuri.org\/#website\",\"url\":\"https:\/\/japanmatsuri.org\/\",\"name\":\"Japan Matsuri - Festival Giapponese Bellinzona\",\"description\":\"Festival Giapponese Bellinzona\",\"potentialAction\":[{\"@type\":\"SearchAction\",\"target\":{\"@type\":\"EntryPoint\",\"urlTemplate\":\"https:\/\/japanmatsuri.org\/?s={search_term_string}\"},\"query-input\":{\"@type\":\"PropertyValueSpecification\",\"valueRequired\":true,\"valueName\":\"search_term_string\"}}],\"inLanguage\":\"fr-FR\"}]}<\/script>\n<!-- \/ Yoast SEO plugin. -->","yoast_head_json":{"title":"Giochi da Tavolo - Japan Matsuri - Festival Giapponese Bellinzona","robots":{"index":"index","follow":"follow","max-snippet":"max-snippet:-1","max-image-preview":"max-image-preview:large","max-video-preview":"max-video-preview:-1"},"canonical":"https:\/\/japanmatsuri.org\/fr\/giochi-da-tavolo\/","og_locale":"fr_FR","og_type":"article","og_title":"Giochi da Tavolo - Japan Matsuri - Festival Giapponese Bellinzona","og_description":"Giochi da Tavolo Il Japan Matsuri offre ai visitatori l\u2019opportunit\u00e0 di esplorare il mondo dei giochi da tavolo, di carte e di miniature: un\u2019esperienza che unisce intrattenimento, strategia e socialit\u00e0. Grazie alla collaborazione con diverse associazioni e realt\u00e0 del territorio, il festival propone un\u2019ampia gamma di attivit\u00e0, pensate sia per i giocatori pi\u00f9 esperti sia [&hellip;]","og_url":"https:\/\/japanmatsuri.org\/fr\/giochi-da-tavolo\/","og_site_name":"Japan Matsuri - Festival Giapponese Bellinzona","article_modified_time":"2025-08-23T12:57:50+00:00","og_image":[{"width":1024,"height":410,"url":"https:\/\/japanmatsuri.org\/wp-content\/uploads\/2025\/08\/giochi-1024x410.png","type":"image\/png"}],"twitter_card":"summary_large_image","twitter_misc":{"Dur\u00e9e de lecture estim\u00e9e":"2 minutes"},"schema":{"@context":"https:\/\/schema.org","@graph":[{"@type":"WebPage","@id":"https:\/\/japanmatsuri.org\/it\/giochi-da-tavolo\/","url":"https:\/\/japanmatsuri.org\/it\/giochi-da-tavolo\/","name":"Giochi da Tavolo - Japan Matsuri - Festival Giapponese Bellinzona","isPartOf":{"@id":"https:\/\/japanmatsuri.org\/#website"},"primaryImageOfPage":{"@id":"https:\/\/japanmatsuri.org\/it\/giochi-da-tavolo\/#primaryimage"},"image":{"@id":"https:\/\/japanmatsuri.org\/it\/giochi-da-tavolo\/#primaryimage"},"thumbnailUrl":"https:\/\/japanmatsuri.org\/wp-content\/uploads\/2025\/08\/giochi.png","datePublished":"2025-08-23T12:46:24+00:00","dateModified":"2025-08-23T12:57:50+00:00","breadcrumb":{"@id":"https:\/\/japanmatsuri.org\/it\/giochi-da-tavolo\/#breadcrumb"},"inLanguage":"fr-FR","potentialAction":[{"@type":"ReadAction","target":["https:\/\/japanmatsuri.org\/it\/giochi-da-tavolo\/"]}]},{"@type":"ImageObject","inLanguage":"fr-FR","@id":"https:\/\/japanmatsuri.org\/it\/giochi-da-tavolo\/#primaryimage","url":"https:\/\/japanmatsuri.org\/wp-content\/uploads\/2025\/08\/giochi.png","contentUrl":"https:\/\/japanmatsuri.org\/wp-content\/uploads\/2025\/08\/giochi.png"},{"@type":"BreadcrumbList","@id":"https:\/\/japanmatsuri.org\/it\/giochi-da-tavolo\/#breadcrumb","itemListElement":[{"@type":"ListItem","position":1,"name":"Home","item":"https:\/\/japanmatsuri.org\/it\/"},{"@type":"ListItem","position":2,"name":"Giochi da Tavolo"}]},{"@type":"WebSite","@id":"https:\/\/japanmatsuri.org\/#website","url":"https:\/\/japanmatsuri.org\/","name":"Japan Matsuri - Festival Giapponese Bellinzona","description":"Festival Giapponese Bellinzona","potentialAction":[{"@type":"SearchAction","target":{"@type":"EntryPoint","urlTemplate":"https:\/\/japanmatsuri.org\/?s={search_term_string}"},"query-input":{"@type":"PropertyValueSpecification","valueRequired":true,"valueName":"search_term_string"}}],"inLanguage":"fr-FR"}]}},"_links":{"self":[{"href":"https:\/\/japanmatsuri.org\/fr\/wp-json\/wp\/v2\/pages\/1785","targetHints":{"allow":["GET"]}}],"collection":[{"href":"https:\/\/japanmatsuri.org\/fr\/wp-json\/wp\/v2\/pages"}],"about":[{"href":"https:\/\/japanmatsuri.org\/fr\/wp-json\/wp\/v2\/types\/page"}],"author":[{"embeddable":true,"href":"https:\/\/japanmatsuri.org\/fr\/wp-json\/wp\/v2\/users\/1"}],"replies":[{"embeddable":true,"href":"https:\/\/japanmatsuri.org\/fr\/wp-json\/wp\/v2\/comments?post=1785"}],"version-history":[{"count":10,"href":"https:\/\/japanmatsuri.org\/fr\/wp-json\/wp\/v2\/pages\/1785\/revisions"}],"predecessor-version":[{"id":1797,"href":"https:\/\/japanmatsuri.org\/fr\/wp-json\/wp\/v2\/pages\/1785\/revisions\/1797"}],"wp:attachment":[{"href":"https:\/\/japanmatsuri.org\/fr\/wp-json\/wp\/v2\/media?parent=1785"}],"curies":[{"name":"wp","href":"https:\/\/api.w.org\/{rel}","templated":true}]}}