{"id":1888,"date":"2025-08-29T12:52:51","date_gmt":"2025-08-29T11:52:51","guid":{"rendered":"https:\/\/japanmatsuri.org\/it\/?page_id=1888"},"modified":"2025-09-05T18:56:10","modified_gmt":"2025-09-05T17:56:10","slug":"hyakki-yagyo-manhole","status":"publish","type":"page","link":"https:\/\/japanmatsuri.org\/fr\/hyakki-yagyo-manhole\/","title":{"rendered":"Hyakki Yagy\u014d Manhole"},"content":{"rendered":"<div data-elementor-type=\"wp-page\" data-elementor-id=\"1888\" class=\"elementor elementor-1888\" data-elementor-post-type=\"page\">\n\t\t\t\t<div class=\"elementor-element elementor-element-754314e0 e-flex e-con-boxed e-con e-parent\" data-id=\"754314e0\" data-element_type=\"container\">\n\t\t\t\t\t<div class=\"e-con-inner\">\n\t\t\t\t<div class=\"elementor-element elementor-element-6287496b elementor-widget elementor-widget-heading\" data-id=\"6287496b\" data-element_type=\"widget\" data-widget_type=\"heading.default\">\n\t\t\t\t<div class=\"elementor-widget-container\">\n\t\t\t\t\t<h1 class=\"elementor-heading-title elementor-size-default\"> Hyakki Yagy\u014d Manhole\n<\/h1>\t\t\t\t<\/div>\n\t\t\t\t<\/div>\n\t\t\t\t<div class=\"elementor-element elementor-element-1f736b8 elementor-widget elementor-widget-heading\" data-id=\"1f736b8\" data-element_type=\"widget\" data-widget_type=\"heading.default\">\n\t\t\t\t<div class=\"elementor-widget-container\">\n\t\t\t\t\t<h2 class=\"elementor-heading-title elementor-size-default\">Disegna la cultura giapponese<\/h2>\t\t\t\t<\/div>\n\t\t\t\t<\/div>\n\t\t\t\t\t<\/div>\n\t\t\t\t<\/div>\n\t\t<div class=\"elementor-element elementor-element-fc6032d e-flex e-con-boxed e-con e-parent\" data-id=\"fc6032d\" data-element_type=\"container\">\n\t\t\t\t\t<div class=\"e-con-inner\">\n\t\t\t\t<div class=\"elementor-element elementor-element-a9e1a7f elementor-widget elementor-widget-image\" data-id=\"a9e1a7f\" data-element_type=\"widget\" data-widget_type=\"image.default\">\n\t\t\t\t<div class=\"elementor-widget-container\">\n\t\t\t\t\t\t\t\t\t\t\t\t\t\t\t<img fetchpriority=\"high\" decoding=\"async\" width=\"1750\" height=\"700\" src=\"https:\/\/japanmatsuri.org\/wp-content\/uploads\/2025\/08\/yokai.png\" class=\"attachment-full size-full wp-image-1902\" alt=\"\" srcset=\"https:\/\/japanmatsuri.org\/wp-content\/uploads\/2025\/08\/yokai.png 1750w, https:\/\/japanmatsuri.org\/wp-content\/uploads\/2025\/08\/yokai-300x120.png 300w, https:\/\/japanmatsuri.org\/wp-content\/uploads\/2025\/08\/yokai-1024x410.png 1024w, https:\/\/japanmatsuri.org\/wp-content\/uploads\/2025\/08\/yokai-768x307.png 768w, https:\/\/japanmatsuri.org\/wp-content\/uploads\/2025\/08\/yokai-1536x614.png 1536w, https:\/\/japanmatsuri.org\/wp-content\/uploads\/2025\/08\/yokai-18x7.png 18w\" sizes=\"(max-width: 1750px) 100vw, 1750px\" \/>\t\t\t\t\t\t\t\t\t\t\t\t\t\t\t<\/div>\n\t\t\t\t<\/div>\n\t\t\t\t\t<\/div>\n\t\t\t\t<\/div>\n\t\t<div class=\"elementor-element elementor-element-72a3845 e-flex e-con-boxed e-con e-parent\" data-id=\"72a3845\" data-element_type=\"container\">\n\t\t\t\t\t<div class=\"e-con-inner\">\n\t\t\t\t<div class=\"elementor-element elementor-element-9632c7f elementor-widget elementor-widget-text-editor\" data-id=\"9632c7f\" data-element_type=\"widget\" data-widget_type=\"text-editor.default\">\n\t\t\t\t<div class=\"elementor-widget-container\">\n\t\t\t\t\t\t\t\t\t<p><b>L\u2019art urbain des plaques d\u2019\u00e9gout japonaises<\/b><b><br \/><\/b> I <i>manhole<\/i> giapponesi sono vere opere di arte urbana: piccoli scrigni di cultura locale che raccontano folklore, natura e identit\u00e0. Come i graffiti in Occidente, anche i <i>manhole<\/i> sono una forma di arte pubblica e popolare, visibile a tutti e radicata nello spazio quotidiano. I temi sono vari e spesso \u00e8 facile incontrare personaggi che si conoscono grazie al mondo degli anime e dei manga. \u00c8 un\u2019arte che unisce funzionalit\u00e0 e creativit\u00e0, trasformando un semplice coperchio in un piccolo mondo da scoprire.<br \/>In questo laboratorio ti aiuter\u00f2 tramite un percorso cretivo mirato a realizzare un design completo, dalla A alla Z, per il tuo tombino Yokai giapponese!<\/p>\t\t\t\t\t\t\t\t<\/div>\n\t\t\t\t<\/div>\n\t\t\t\t<div class=\"elementor-element elementor-element-1b251a3 elementor-widget elementor-widget-text-editor\" data-id=\"1b251a3\" data-element_type=\"widget\" data-widget_type=\"text-editor.default\">\n\t\t\t\t<div class=\"elementor-widget-container\">\n\t\t\t\t\t\t\t\t\t<p><b>Ce que nous ferons :<\/b><b><br \/><\/b>En nous inspirant des c\u00e9l\u00e8bres plaques d\u2019\u00e9gout diss\u00e9min\u00e9es partout au Japon, nous concevrons et r\u00e9aliserons notre propre plaque d\u2019\u00e9gout Y\u014dkai, bien s\u00fbr en format circulaire !<\/p><p class=\"translation-block\">Ce que tu apprendras :<\/p><ul><li>D\u00e9couvrir l\u2019univers fascinant des y\u014dkai<\/li><li class=\"translation-block\">Choisir et analyser ton y\u014dkai pr\u00e9f\u00e9r\u00e9 pour le reproduire dans ton style<\/li><li class=\"translation-block\">Apprendre les bases du dessin pour le r\u00e9aliser facilement<\/li><li class=\"translation-block\">Exp\u00e9rimenter et colorier avec les feutres Copic, c\u00e9l\u00e8bres outils des designers et mangaka<\/li><li class=\"translation-block\">D\u00e9couvrir quelques astuces pour valoriser, finaliser et composer tes cr\u00e9ations<\/li><\/ul>\t\t\t\t\t\t\t\t<\/div>\n\t\t\t\t<\/div>\n\t\t\t\t\t<\/div>\n\t\t\t\t<\/div>\n\t\t<div class=\"elementor-element elementor-element-9683826 e-flex e-con-boxed e-con e-parent\" data-id=\"9683826\" data-element_type=\"container\">\n\t\t\t\t\t<div class=\"e-con-inner\">\n\t\t\t\t<div class=\"elementor-element elementor-element-1712f81 elementor-widget elementor-widget-text-editor\" data-id=\"1712f81\" data-element_type=\"widget\" data-widget_type=\"text-editor.default\">\n\t\t\t\t<div class=\"elementor-widget-container\">\n\t\t\t\t\t\t\t\t\t<p><b>Cinzia Bruschi<\/b><\/p><p>Enseignante dipl\u00f4m\u00e9e en \u00e9ducation visuelle et arts plastiques (SUPSI DFA), elle s\u2019est \u00e9galement form\u00e9e \u00e0 l\u2019Acad\u00e9mie Europ\u00e9enne de Manga, o\u00f9 elle a d\u2019abord \u00e9tudi\u00e9 puis enseign\u00e9.<\/p><p>Sp\u00e9cialis\u00e9e dans la culture pop japonaise, elle a consacr\u00e9 ses deux m\u00e9moires au pays du Soleil-Levant, approfondissant ses recherches \u00e0 l\u2019universit\u00e9 Ca\u2019 Foscari.<\/p><p>Depuis plus de quinze ans, elle se rend r\u00e9guli\u00e8rement au Japon pour ses \u00e9tudes, son travail et son inspiration. Elle affectionne particuli\u00e8rement sa participation aux grands salons de l\u2019auto\u00e9dition au Japon, tels que le Comiket et le Comitia.<\/p>\t\t\t\t\t\t\t\t<\/div>\n\t\t\t\t<\/div>\n\t\t\t\t\t<\/div>\n\t\t\t\t<\/div>\n\t\t<div class=\"elementor-element elementor-element-8e3cb10 e-flex e-con-boxed e-con e-parent\" data-id=\"8e3cb10\" data-element_type=\"container\">\n\t\t\t\t\t<div class=\"e-con-inner\">\n\t\t<div class=\"elementor-element elementor-element-1dc32d6 e-con-full e-flex e-con e-child\" data-id=\"1dc32d6\" data-element_type=\"container\">\n\t\t\t\t<div class=\"elementor-element elementor-element-4c6c305 elementor-widget elementor-widget-text-editor\" data-id=\"4c6c305\" data-element_type=\"widget\" data-widget_type=\"text-editor.default\">\n\t\t\t\t<div class=\"elementor-widget-container\">\n\t\t\t\t\t\t\t\t\t<p class=\"translation-block\"><b>Date :<\/b> Dimanche 21 septembre<br>\n<b>Horaire :<\/b> 11h00 \u2013 12h30 (petits snacks offerts)<br>\n<b>Lieu :<\/b> Salle 1<br>\n<b>Participants :<\/b> Maximum 24 <br>\n<b>Co\u00fbt :<\/b> 15 CHF \u2013 ET tu re\u00e7ois un BON de 30 CHF !<br>\n (\u00c0 la fin de l\u2019atelier, tu recevras un bon de 30 CHF pour l\u2019inscription \u00e0 l\u2019un des tout nouveaux workshops de l\u2019\u00e9cole suisse d\u2019illustration et de technique manga MYOKO de Bellinzone, propos\u00e9s tout au long de l\u2019ann\u00e9e)<\/p><p class=\"translation-block\"><b>Langues:<\/b> italien et anglais<\/p><p>l\u2019enseignante adaptera l\u2019atelier afin d\u2019accompagner chacun vers la r\u00e9ussite de sa propre \u00ab plaque d\u2019\u00e9gout Y\u014dkai \u00bb<\/p>\t\t\t\t\t\t\t\t<\/div>\n\t\t\t\t<\/div>\n\t\t\t\t<\/div>\n\t\t<div class=\"elementor-element elementor-element-e2a1b39 e-flex e-con-boxed e-con e-child\" data-id=\"e2a1b39\" data-element_type=\"container\">\n\t\t\t\t\t<div class=\"e-con-inner\">\n\t\t\t\t<div class=\"elementor-element elementor-element-a6d12d6 elementor-widget-mobile__width-initial elementor-widget elementor-widget-button\" data-id=\"a6d12d6\" data-element_type=\"widget\" data-widget_type=\"button.default\">\n\t\t\t\t<div class=\"elementor-widget-container\">\n\t\t\t\t\t\t\t\t\t<div class=\"elementor-button-wrapper\">\n\t\t\t\t\t<a class=\"elementor-button elementor-button-link elementor-size-sm\" href=\"https:\/\/www.ticketino.com\/fr\/event\/japan-matsuri-workshops\/205119\" target=\"_blank\">\n\t\t\t\t\t\t<span class=\"elementor-button-content-wrapper\">\n\t\t\t\t\t\t\t\t\t<span class=\"elementor-button-text\">INSCRIPTION<\/span>\n\t\t\t\t\t<\/span>\n\t\t\t\t\t<\/a>\n\t\t\t\t<\/div>\n\t\t\t\t\t\t\t\t<\/div>\n\t\t\t\t<\/div>\n\t\t\t\t<div class=\"elementor-element elementor-element-99045bf elementor-widget elementor-widget-button\" data-id=\"99045bf\" data-element_type=\"widget\" data-widget_type=\"button.default\">\n\t\t\t\t<div class=\"elementor-widget-container\">\n\t\t\t\t\t\t\t\t\t<div class=\"elementor-button-wrapper\">\n\t\t\t\t\t<a class=\"elementor-button elementor-button-link elementor-size-sm\" href=\"https:\/\/japanmatsuri.org\/fr\/reglement\/\" target=\"_blank\">\n\t\t\t\t\t\t<span class=\"elementor-button-content-wrapper\">\n\t\t\t\t\t\t\t\t\t<span class=\"elementor-button-text\">R\u00c8GLEMENT<\/span>\n\t\t\t\t\t<\/span>\n\t\t\t\t\t<\/a>\n\t\t\t\t<\/div>\n\t\t\t\t\t\t\t\t<\/div>\n\t\t\t\t<\/div>\n\t\t\t\t\t<\/div>\n\t\t\t\t<\/div>\n\t\t\t\t\t<\/div>\n\t\t\t\t<\/div>\n\t\t<div class=\"elementor-element elementor-element-92e2594 e-flex e-con-boxed e-con e-parent\" data-id=\"92e2594\" data-element_type=\"container\">\n\t\t\t\t\t<div class=\"e-con-inner\">\n\t\t\t\t\t<\/div>\n\t\t\t\t<\/div>\n\t\t<div class=\"elementor-element elementor-element-cf4f26e e-flex e-con-boxed e-con e-parent\" data-id=\"cf4f26e\" data-element_type=\"container\">\n\t\t\t\t\t<div class=\"e-con-inner\">\n\t\t\t\t<div class=\"elementor-element elementor-element-e91b1e5 elementor-widget elementor-widget-text-editor\" data-id=\"e91b1e5\" data-element_type=\"widget\" data-widget_type=\"text-editor.default\">\n\t\t\t\t<div class=\"elementor-widget-container\">\n\t\t\t\t\t\t\t\t\t<p><i>Pour acc\u00e9der \u00e0 l\u2019espace des ateliers, vous devrez porter le bracelet fourni \u00e0 l\u2019entr\u00e9e du festival. Pour faciliter l\u2019entr\u00e9e, nous vous recommandons d\u2019acheter votre billet de festival en ligne. Les personnes handicap\u00e9es ou \u00e0 mobilit\u00e9 r\u00e9duite sont invit\u00e9es \u00e0 nous contacter \u00e0 l\u2019avance par email \u00e0 l\u2019adresse info@japanmatsuri.org afin que nous puissions organiser un acc\u00e8s sans stress.<\/i><\/p>\t\t\t\t\t\t\t\t<\/div>\n\t\t\t\t<\/div>\n\t\t\t\t\t<\/div>\n\t\t\t\t<\/div>\n\t\t<div class=\"elementor-element elementor-element-6f2f22cb e-flex e-con-boxed e-con e-parent\" data-id=\"6f2f22cb\" data-element_type=\"container\">\n\t\t\t\t\t<div class=\"e-con-inner\">\n\t\t\t\t\t<\/div>\n\t\t\t\t<\/div>\n\t\t\t\t<\/div>","protected":false},"excerpt":{"rendered":"<p>Hyakki Yagy\u014d Manhole Disegna la cultura giapponese L\u2019arte urbana dei tombini giapponesi I manhole giapponesi sono vere opere di arte urbana: piccoli scrigni di cultura locale che raccontano folklore, natura e identit\u00e0. Come i graffiti in Occidente, anche i manhole sono una forma di arte pubblica e popolare, visibile a tutti e radicata nello spazio [&hellip;]<\/p>","protected":false},"author":1,"featured_media":0,"parent":0,"menu_order":0,"comment_status":"closed","ping_status":"closed","template":"","meta":{"footnotes":""},"class_list":["post-1888","page","type-page","status-publish","hentry"],"yoast_head":"<!-- This site is optimized with the Yoast SEO plugin v25.4 - https:\/\/yoast.com\/wordpress\/plugins\/seo\/ -->\n<title>Hyakki Yagy\u014d Manhole - Japan Matsuri - Festival Giapponese Bellinzona<\/title>\n<meta name=\"robots\" content=\"index, follow, max-snippet:-1, max-image-preview:large, max-video-preview:-1\" \/>\n<link rel=\"canonical\" href=\"https:\/\/japanmatsuri.org\/fr\/hyakki-yagyo-manhole\/\" \/>\n<meta property=\"og:locale\" content=\"fr_FR\" \/>\n<meta property=\"og:type\" content=\"article\" \/>\n<meta property=\"og:title\" content=\"Hyakki Yagy\u014d Manhole - Japan Matsuri - Festival Giapponese Bellinzona\" \/>\n<meta property=\"og:description\" content=\"Hyakki Yagy\u014d Manhole Disegna la cultura giapponese L\u2019arte urbana dei tombini giapponesi I manhole giapponesi sono vere opere di arte urbana: piccoli scrigni di cultura locale che raccontano folklore, natura e identit\u00e0. Come i graffiti in Occidente, anche i manhole sono una forma di arte pubblica e popolare, visibile a tutti e radicata nello spazio [&hellip;]\" \/>\n<meta property=\"og:url\" content=\"https:\/\/japanmatsuri.org\/fr\/hyakki-yagyo-manhole\/\" \/>\n<meta property=\"og:site_name\" content=\"Japan Matsuri - Festival Giapponese Bellinzona\" \/>\n<meta property=\"article:modified_time\" content=\"2025-09-05T17:56:10+00:00\" \/>\n<meta property=\"og:image\" content=\"https:\/\/japanmatsuri.org\/wp-content\/uploads\/2025\/08\/yokai.png\" \/>\n\t<meta property=\"og:image:width\" content=\"1750\" \/>\n\t<meta property=\"og:image:height\" content=\"700\" \/>\n\t<meta property=\"og:image:type\" content=\"image\/png\" \/>\n<meta name=\"twitter:card\" content=\"summary_large_image\" \/>\n<meta name=\"twitter:label1\" content=\"Dur\u00e9e de lecture estim\u00e9e\" \/>\n\t<meta name=\"twitter:data1\" content=\"3 minutes\" \/>\n<script type=\"application\/ld+json\" class=\"yoast-schema-graph\">{\"@context\":\"https:\/\/schema.org\",\"@graph\":[{\"@type\":\"WebPage\",\"@id\":\"https:\/\/japanmatsuri.org\/it\/hyakki-yagyo-manhole\/\",\"url\":\"https:\/\/japanmatsuri.org\/it\/hyakki-yagyo-manhole\/\",\"name\":\"Hyakki Yagy\u014d Manhole - Japan Matsuri - Festival Giapponese Bellinzona\",\"isPartOf\":{\"@id\":\"https:\/\/japanmatsuri.org\/#website\"},\"primaryImageOfPage\":{\"@id\":\"https:\/\/japanmatsuri.org\/it\/hyakki-yagyo-manhole\/#primaryimage\"},\"image\":{\"@id\":\"https:\/\/japanmatsuri.org\/it\/hyakki-yagyo-manhole\/#primaryimage\"},\"thumbnailUrl\":\"https:\/\/japanmatsuri.org\/wp-content\/uploads\/2025\/08\/yokai.png\",\"datePublished\":\"2025-08-29T11:52:51+00:00\",\"dateModified\":\"2025-09-05T17:56:10+00:00\",\"breadcrumb\":{\"@id\":\"https:\/\/japanmatsuri.org\/it\/hyakki-yagyo-manhole\/#breadcrumb\"},\"inLanguage\":\"fr-FR\",\"potentialAction\":[{\"@type\":\"ReadAction\",\"target\":[\"https:\/\/japanmatsuri.org\/it\/hyakki-yagyo-manhole\/\"]}]},{\"@type\":\"ImageObject\",\"inLanguage\":\"fr-FR\",\"@id\":\"https:\/\/japanmatsuri.org\/it\/hyakki-yagyo-manhole\/#primaryimage\",\"url\":\"https:\/\/japanmatsuri.org\/wp-content\/uploads\/2025\/08\/yokai.png\",\"contentUrl\":\"https:\/\/japanmatsuri.org\/wp-content\/uploads\/2025\/08\/yokai.png\"},{\"@type\":\"BreadcrumbList\",\"@id\":\"https:\/\/japanmatsuri.org\/it\/hyakki-yagyo-manhole\/#breadcrumb\",\"itemListElement\":[{\"@type\":\"ListItem\",\"position\":1,\"name\":\"Home\",\"item\":\"https:\/\/japanmatsuri.org\/it\/\"},{\"@type\":\"ListItem\",\"position\":2,\"name\":\"Hyakki Yagy\u014d Manhole\"}]},{\"@type\":\"WebSite\",\"@id\":\"https:\/\/japanmatsuri.org\/#website\",\"url\":\"https:\/\/japanmatsuri.org\/\",\"name\":\"Japan Matsuri - Festival Giapponese Bellinzona\",\"description\":\"Festival Giapponese Bellinzona\",\"potentialAction\":[{\"@type\":\"SearchAction\",\"target\":{\"@type\":\"EntryPoint\",\"urlTemplate\":\"https:\/\/japanmatsuri.org\/?s={search_term_string}\"},\"query-input\":{\"@type\":\"PropertyValueSpecification\",\"valueRequired\":true,\"valueName\":\"search_term_string\"}}],\"inLanguage\":\"fr-FR\"}]}<\/script>\n<!-- \/ Yoast SEO plugin. -->","yoast_head_json":{"title":"Hyakki Yagy\u014d Manhole - Japan Matsuri - Festival Giapponese Bellinzona","robots":{"index":"index","follow":"follow","max-snippet":"max-snippet:-1","max-image-preview":"max-image-preview:large","max-video-preview":"max-video-preview:-1"},"canonical":"https:\/\/japanmatsuri.org\/fr\/hyakki-yagyo-manhole\/","og_locale":"fr_FR","og_type":"article","og_title":"Hyakki Yagy\u014d Manhole - Japan Matsuri - Festival Giapponese Bellinzona","og_description":"Hyakki Yagy\u014d Manhole Disegna la cultura giapponese L\u2019arte urbana dei tombini giapponesi I manhole giapponesi sono vere opere di arte urbana: piccoli scrigni di cultura locale che raccontano folklore, natura e identit\u00e0. Come i graffiti in Occidente, anche i manhole sono una forma di arte pubblica e popolare, visibile a tutti e radicata nello spazio [&hellip;]","og_url":"https:\/\/japanmatsuri.org\/fr\/hyakki-yagyo-manhole\/","og_site_name":"Japan Matsuri - Festival Giapponese Bellinzona","article_modified_time":"2025-09-05T17:56:10+00:00","og_image":[{"width":1750,"height":700,"url":"https:\/\/japanmatsuri.org\/wp-content\/uploads\/2025\/08\/yokai.png","type":"image\/png"}],"twitter_card":"summary_large_image","twitter_misc":{"Dur\u00e9e de lecture estim\u00e9e":"3 minutes"},"schema":{"@context":"https:\/\/schema.org","@graph":[{"@type":"WebPage","@id":"https:\/\/japanmatsuri.org\/it\/hyakki-yagyo-manhole\/","url":"https:\/\/japanmatsuri.org\/it\/hyakki-yagyo-manhole\/","name":"Hyakki Yagy\u014d Manhole - Japan Matsuri - Festival Giapponese Bellinzona","isPartOf":{"@id":"https:\/\/japanmatsuri.org\/#website"},"primaryImageOfPage":{"@id":"https:\/\/japanmatsuri.org\/it\/hyakki-yagyo-manhole\/#primaryimage"},"image":{"@id":"https:\/\/japanmatsuri.org\/it\/hyakki-yagyo-manhole\/#primaryimage"},"thumbnailUrl":"https:\/\/japanmatsuri.org\/wp-content\/uploads\/2025\/08\/yokai.png","datePublished":"2025-08-29T11:52:51+00:00","dateModified":"2025-09-05T17:56:10+00:00","breadcrumb":{"@id":"https:\/\/japanmatsuri.org\/it\/hyakki-yagyo-manhole\/#breadcrumb"},"inLanguage":"fr-FR","potentialAction":[{"@type":"ReadAction","target":["https:\/\/japanmatsuri.org\/it\/hyakki-yagyo-manhole\/"]}]},{"@type":"ImageObject","inLanguage":"fr-FR","@id":"https:\/\/japanmatsuri.org\/it\/hyakki-yagyo-manhole\/#primaryimage","url":"https:\/\/japanmatsuri.org\/wp-content\/uploads\/2025\/08\/yokai.png","contentUrl":"https:\/\/japanmatsuri.org\/wp-content\/uploads\/2025\/08\/yokai.png"},{"@type":"BreadcrumbList","@id":"https:\/\/japanmatsuri.org\/it\/hyakki-yagyo-manhole\/#breadcrumb","itemListElement":[{"@type":"ListItem","position":1,"name":"Home","item":"https:\/\/japanmatsuri.org\/it\/"},{"@type":"ListItem","position":2,"name":"Hyakki Yagy\u014d Manhole"}]},{"@type":"WebSite","@id":"https:\/\/japanmatsuri.org\/#website","url":"https:\/\/japanmatsuri.org\/","name":"Japan Matsuri - Festival Giapponese Bellinzona","description":"Festival Giapponese Bellinzona","potentialAction":[{"@type":"SearchAction","target":{"@type":"EntryPoint","urlTemplate":"https:\/\/japanmatsuri.org\/?s={search_term_string}"},"query-input":{"@type":"PropertyValueSpecification","valueRequired":true,"valueName":"search_term_string"}}],"inLanguage":"fr-FR"}]}},"_links":{"self":[{"href":"https:\/\/japanmatsuri.org\/fr\/wp-json\/wp\/v2\/pages\/1888","targetHints":{"allow":["GET"]}}],"collection":[{"href":"https:\/\/japanmatsuri.org\/fr\/wp-json\/wp\/v2\/pages"}],"about":[{"href":"https:\/\/japanmatsuri.org\/fr\/wp-json\/wp\/v2\/types\/page"}],"author":[{"embeddable":true,"href":"https:\/\/japanmatsuri.org\/fr\/wp-json\/wp\/v2\/users\/1"}],"replies":[{"embeddable":true,"href":"https:\/\/japanmatsuri.org\/fr\/wp-json\/wp\/v2\/comments?post=1888"}],"version-history":[{"count":16,"href":"https:\/\/japanmatsuri.org\/fr\/wp-json\/wp\/v2\/pages\/1888\/revisions"}],"predecessor-version":[{"id":2040,"href":"https:\/\/japanmatsuri.org\/fr\/wp-json\/wp\/v2\/pages\/1888\/revisions\/2040"}],"wp:attachment":[{"href":"https:\/\/japanmatsuri.org\/fr\/wp-json\/wp\/v2\/media?parent=1888"}],"curies":[{"name":"wp","href":"https:\/\/api.w.org\/{rel}","templated":true}]}}