{"id":1961,"date":"2025-08-31T17:27:38","date_gmt":"2025-08-31T16:27:38","guid":{"rendered":"https:\/\/japanmatsuri.org\/it\/?page_id=1961"},"modified":"2025-09-16T21:03:16","modified_gmt":"2025-09-16T20:03:16","slug":"karate-shintai-karate-do","status":"publish","type":"page","link":"https:\/\/japanmatsuri.org\/fr\/karate-shintai-karate-do\/","title":{"rendered":"Karate Shintai-Karate Do"},"content":{"rendered":"<div data-elementor-type=\"wp-page\" data-elementor-id=\"1961\" class=\"elementor elementor-1961\" data-elementor-post-type=\"page\">\n\t\t\t\t<div class=\"elementor-element elementor-element-78468dc3 e-flex e-con-boxed e-con e-parent\" data-id=\"78468dc3\" data-element_type=\"container\">\n\t\t\t\t\t<div class=\"e-con-inner\">\n\t\t\t\t<div class=\"elementor-element elementor-element-23d797dc elementor-widget elementor-widget-heading\" data-id=\"23d797dc\" data-element_type=\"widget\" data-widget_type=\"heading.default\">\n\t\t\t\t<div class=\"elementor-widget-container\">\n\t\t\t\t\t<h1 class=\"elementor-heading-title elementor-size-default\">Karate<\/h1>\t\t\t\t<\/div>\n\t\t\t\t<\/div>\n\t\t\t\t<div class=\"elementor-element elementor-element-a4ac4e1 elementor-widget elementor-widget-heading\" data-id=\"a4ac4e1\" data-element_type=\"widget\" data-widget_type=\"heading.default\">\n\t\t\t\t<div class=\"elementor-widget-container\">\n\t\t\t\t\t<h2 class=\"elementor-heading-title elementor-size-default\">Shintai-Karate Do<\/h2>\t\t\t\t<\/div>\n\t\t\t\t<\/div>\n\t\t\t\t\t<\/div>\n\t\t\t\t<\/div>\n\t\t<div class=\"elementor-element elementor-element-4d3958a e-flex e-con-boxed e-con e-parent\" data-id=\"4d3958a\" data-element_type=\"container\">\n\t\t\t\t\t<div class=\"e-con-inner\">\n\t\t\t\t<div class=\"elementor-element elementor-element-04fb31d elementor-widget elementor-widget-image\" data-id=\"04fb31d\" data-element_type=\"widget\" data-widget_type=\"image.default\">\n\t\t\t\t<div class=\"elementor-widget-container\">\n\t\t\t\t\t\t\t\t\t\t\t\t\t\t\t<img fetchpriority=\"high\" decoding=\"async\" width=\"1750\" height=\"700\" src=\"https:\/\/japanmatsuri.org\/wp-content\/uploads\/2025\/08\/Shintai-Karate_Do.png\" class=\"attachment-full size-full wp-image-1963\" alt=\"\" srcset=\"https:\/\/japanmatsuri.org\/wp-content\/uploads\/2025\/08\/Shintai-Karate_Do.png 1750w, https:\/\/japanmatsuri.org\/wp-content\/uploads\/2025\/08\/Shintai-Karate_Do-300x120.png 300w, https:\/\/japanmatsuri.org\/wp-content\/uploads\/2025\/08\/Shintai-Karate_Do-1024x410.png 1024w, https:\/\/japanmatsuri.org\/wp-content\/uploads\/2025\/08\/Shintai-Karate_Do-768x307.png 768w, https:\/\/japanmatsuri.org\/wp-content\/uploads\/2025\/08\/Shintai-Karate_Do-1536x614.png 1536w, https:\/\/japanmatsuri.org\/wp-content\/uploads\/2025\/08\/Shintai-Karate_Do-18x7.png 18w\" sizes=\"(max-width: 1750px) 100vw, 1750px\" \/>\t\t\t\t\t\t\t\t\t\t\t\t\t\t\t<\/div>\n\t\t\t\t<\/div>\n\t\t\t\t\t<\/div>\n\t\t\t\t<\/div>\n\t\t<div class=\"elementor-element elementor-element-343125c e-flex e-con-boxed e-con e-parent\" data-id=\"343125c\" data-element_type=\"container\">\n\t\t\t\t\t<div class=\"e-con-inner\">\n\t\t\t\t<div class=\"elementor-element elementor-element-eb09b84 elementor-widget elementor-widget-text-editor\" data-id=\"eb09b84\" data-element_type=\"widget\" data-widget_type=\"text-editor.default\">\n\t\t\t\t<div class=\"elementor-widget-container\">\n\t\t\t\t\t\t\t\t\t<p>Plongez au c\u0153ur du Karat\u00e9 Shotokan de Tokyo, en d\u00e9couvrant sa philosophie profonde, sa riche histoire et sa pratique authentique. D\u00e9couvrez la diff\u00e9rence entre le karat\u00e9 traditionnel, qui cultive la discipline int\u00e9rieure et l\u2019harmonie, et le karat\u00e9 sportif, ax\u00e9 sur la comp\u00e9tition. Approfondissez les principaux styles, le sens des termes <i>kihon<\/i>, <i>kata<\/b> et <i>kumite<\/i>, ainsi que l\u2019impressionnante diffusion mondiale de cet art martial. Participez \u00e0 une pr\u00e9sentation accompagn\u00e9e d\u2019un entra\u00eenement de base dirig\u00e9 par des ma\u00eetres exp\u00e9riment\u00e9s, comprenant \u00e9chauffement, techniques fondamentales, encha\u00eenements de formes et combat, pour une exp\u00e9rience immersive unissant corps, esprit et \u00e2me.<\/p>\t\t\t\t\t\t\t\t<\/div>\n\t\t\t\t<\/div>\n\t\t\t\t<div class=\"elementor-element elementor-element-31d0b68 elementor-widget elementor-widget-text-editor\" data-id=\"31d0b68\" data-element_type=\"widget\" data-widget_type=\"text-editor.default\">\n\t\t\t\t<div class=\"elementor-widget-container\">\n\t\t\t\t\t\t\t\t\t<p class=\"translation-block\"><b>Shintai-Karate Do<\/b> est une jeune \u00e9cole de karat\u00e9 bas\u00e9e \u00e0 Lugano. Depuis trois ans, elle s\u2019efforce de transmettre et de diffuser cet art martial ancestral avec authenticit\u00e9, professionnalisme et, surtout, respect de la tradition. Elle est membre actif de la JKS, une f\u00e9d\u00e9ration japonaise fond\u00e9e \u00e0 Tokyo en 2000 par le ma\u00eetre Asai Tetsuhiko.<\/p>\t\t\t\t\t\t\t\t<\/div>\n\t\t\t\t<\/div>\n\t\t\t\t\t<\/div>\n\t\t\t\t<\/div>\n\t\t<div class=\"elementor-element elementor-element-96a4f68 e-flex e-con-boxed e-con e-parent\" data-id=\"96a4f68\" data-element_type=\"container\">\n\t\t\t\t\t<div class=\"e-con-inner\">\n\t\t\t\t<div class=\"elementor-element elementor-element-1aeddd5 elementor-widget elementor-widget-image\" data-id=\"1aeddd5\" data-element_type=\"widget\" data-widget_type=\"image.default\">\n\t\t\t\t<div class=\"elementor-widget-container\">\n\t\t\t\t\t\t\t\t\t\t\t\t\t\t\t<img decoding=\"async\" width=\"800\" height=\"317\" src=\"https:\/\/japanmatsuri.org\/wp-content\/uploads\/2025\/08\/Karate3.png\" class=\"attachment-large size-large wp-image-1972\" alt=\"\" srcset=\"https:\/\/japanmatsuri.org\/wp-content\/uploads\/2025\/08\/Karate3.png 1000w, https:\/\/japanmatsuri.org\/wp-content\/uploads\/2025\/08\/Karate3-300x119.png 300w, https:\/\/japanmatsuri.org\/wp-content\/uploads\/2025\/08\/Karate3-768x304.png 768w, https:\/\/japanmatsuri.org\/wp-content\/uploads\/2025\/08\/Karate3-18x7.png 18w\" sizes=\"(max-width: 800px) 100vw, 800px\" \/>\t\t\t\t\t\t\t\t\t\t\t\t\t\t\t<\/div>\n\t\t\t\t<\/div>\n\t\t\t\t\t<\/div>\n\t\t\t\t<\/div>\n\t\t<div class=\"elementor-element elementor-element-04ccd26 e-flex e-con-boxed e-con e-parent\" data-id=\"04ccd26\" data-element_type=\"container\">\n\t\t\t\t\t<div class=\"e-con-inner\">\n\t\t<div class=\"elementor-element elementor-element-556257a e-con-full e-flex e-con e-child\" data-id=\"556257a\" data-element_type=\"container\">\n\t\t\t\t<div class=\"elementor-element elementor-element-8454cf4 elementor-widget elementor-widget-text-editor\" data-id=\"8454cf4\" data-element_type=\"widget\" data-widget_type=\"text-editor.default\">\n\t\t\t\t<div class=\"elementor-widget-container\">\n\t\t\t\t\t\t\t\t\t<p class=\"translation-block\"><b>Date:<\/b> Dimanche 21 septembre 2025<br>\n<b>Horaire:<\/b> 14h15 \u2013 15h15<br>\n<b>Lieu:<\/b> Espace ext\u00e9rieur<br>\n<b>Inscriptions:<\/b> maximum 24 participants<br>\n<b>Co\u00fbt:<\/b> gratuit<\/p><p class=\"translation-block\"><b>Langue :<\/b> italien, japonais<\/p>\t\t\t\t\t\t\t\t<\/div>\n\t\t\t\t<\/div>\n\t\t\t\t<\/div>\n\t\t<div class=\"elementor-element elementor-element-5e5df7e e-flex e-con-boxed e-con e-child\" data-id=\"5e5df7e\" data-element_type=\"container\">\n\t\t\t\t\t<div class=\"e-con-inner\">\n\t\t\t\t<div class=\"elementor-element elementor-element-79921d0 elementor-widget-mobile__width-initial elementor-widget elementor-widget-button\" data-id=\"79921d0\" data-element_type=\"widget\" data-widget_type=\"button.default\">\n\t\t\t\t<div class=\"elementor-widget-container\">\n\t\t\t\t\t\t\t\t\t<div class=\"elementor-button-wrapper\">\n\t\t\t\t\t<a class=\"elementor-button elementor-button-link elementor-size-sm\" href=\"https:\/\/www.ticketino.com\/fr\/event\/japan-matsuri-corsi\/205136\" target=\"_blank\">\n\t\t\t\t\t\t<span class=\"elementor-button-content-wrapper\">\n\t\t\t\t\t\t\t\t\t<span class=\"elementor-button-text\">INSCRIPTION<\/span>\n\t\t\t\t\t<\/span>\n\t\t\t\t\t<\/a>\n\t\t\t\t<\/div>\n\t\t\t\t\t\t\t\t<\/div>\n\t\t\t\t<\/div>\n\t\t\t\t<div class=\"elementor-element elementor-element-220815f elementor-widget elementor-widget-button\" data-id=\"220815f\" data-element_type=\"widget\" data-widget_type=\"button.default\">\n\t\t\t\t<div class=\"elementor-widget-container\">\n\t\t\t\t\t\t\t\t\t<div class=\"elementor-button-wrapper\">\n\t\t\t\t\t<a class=\"elementor-button elementor-button-link elementor-size-sm\" href=\"https:\/\/japanmatsuri.org\/fr\/reglement\/\" target=\"_blank\">\n\t\t\t\t\t\t<span class=\"elementor-button-content-wrapper\">\n\t\t\t\t\t\t\t\t\t<span class=\"elementor-button-text\">R\u00c8GLEMENT<\/span>\n\t\t\t\t\t<\/span>\n\t\t\t\t\t<\/a>\n\t\t\t\t<\/div>\n\t\t\t\t\t\t\t\t<\/div>\n\t\t\t\t<\/div>\n\t\t\t\t\t<\/div>\n\t\t\t\t<\/div>\n\t\t\t\t\t<\/div>\n\t\t\t\t<\/div>\n\t\t<div class=\"elementor-element elementor-element-f0a14d6 e-flex e-con-boxed e-con e-parent\" data-id=\"f0a14d6\" data-element_type=\"container\">\n\t\t\t\t\t<div class=\"e-con-inner\">\n\t\t\t\t<div class=\"elementor-element elementor-element-05e3783 elementor-widget elementor-widget-text-editor\" data-id=\"05e3783\" data-element_type=\"widget\" data-widget_type=\"text-editor.default\">\n\t\t\t\t<div class=\"elementor-widget-container\">\n\t\t\t\t\t\t\t\t\t<p><i>Pour acc\u00e9der \u00e0 l\u2019espace des ateliers, vous devrez porter le bracelet fourni \u00e0 l\u2019entr\u00e9e du festival. Pour faciliter l\u2019entr\u00e9e, nous vous recommandons d\u2019acheter votre billet de festival en ligne. Les personnes handicap\u00e9es ou \u00e0 mobilit\u00e9 r\u00e9duite sont invit\u00e9es \u00e0 nous contacter \u00e0 l\u2019avance par email \u00e0 l\u2019adresse info@japanmatsuri.org afin que nous puissions organiser un acc\u00e8s sans stress.<\/i><\/p>\t\t\t\t\t\t\t\t<\/div>\n\t\t\t\t<\/div>\n\t\t\t\t\t<\/div>\n\t\t\t\t<\/div>\n\t\t<div class=\"elementor-element elementor-element-6c068adb e-flex e-con-boxed e-con e-parent\" data-id=\"6c068adb\" data-element_type=\"container\">\n\t\t\t\t\t<div class=\"e-con-inner\">\n\t\t\t\t\t<\/div>\n\t\t\t\t<\/div>\n\t\t\t\t<\/div>","protected":false},"excerpt":{"rendered":"<p>Karate Shintai-Karate Do Immergiti nel cuore del Karate Shotokan di Tokyo, esplorando la sua profonda filosofia, la sua ricca storia e la pratica autentica. Scopri la distinzione tra Karat\u00e9 tradizionale, che coltiva disciplina interiore e armonia, e quello sportivo, incentrato sulla competizione agonistica. Approfondisci i principali stili, il significato di termini come kihon, kata e [&hellip;]<\/p>","protected":false},"author":1,"featured_media":0,"parent":0,"menu_order":0,"comment_status":"closed","ping_status":"closed","template":"","meta":{"footnotes":""},"class_list":["post-1961","page","type-page","status-publish","hentry"],"yoast_head":"<!-- This site is optimized with the Yoast SEO plugin v25.4 - https:\/\/yoast.com\/wordpress\/plugins\/seo\/ -->\n<title>Karate Shintai-Karate Do - Japan Matsuri - Festival Giapponese Bellinzona<\/title>\n<meta name=\"robots\" content=\"index, follow, max-snippet:-1, max-image-preview:large, max-video-preview:-1\" \/>\n<link rel=\"canonical\" href=\"https:\/\/japanmatsuri.org\/fr\/karate-shintai-karate-do\/\" \/>\n<meta property=\"og:locale\" content=\"fr_FR\" \/>\n<meta property=\"og:type\" content=\"article\" \/>\n<meta property=\"og:title\" content=\"Karate Shintai-Karate Do - Japan Matsuri - Festival Giapponese Bellinzona\" \/>\n<meta property=\"og:description\" content=\"Karate Shintai-Karate Do Immergiti nel cuore del Karate Shotokan di Tokyo, esplorando la sua profonda filosofia, la sua ricca storia e la pratica autentica. Scopri la distinzione tra Karat\u00e9 tradizionale, che coltiva disciplina interiore e armonia, e quello sportivo, incentrato sulla competizione agonistica. Approfondisci i principali stili, il significato di termini come kihon, kata e [&hellip;]\" \/>\n<meta property=\"og:url\" content=\"https:\/\/japanmatsuri.org\/fr\/karate-shintai-karate-do\/\" \/>\n<meta property=\"og:site_name\" content=\"Japan Matsuri - Festival Giapponese Bellinzona\" \/>\n<meta property=\"article:modified_time\" content=\"2025-09-16T20:03:16+00:00\" \/>\n<meta property=\"og:image\" content=\"https:\/\/japanmatsuri.org\/wp-content\/uploads\/2025\/08\/Shintai-Karate_Do.png\" \/>\n\t<meta property=\"og:image:width\" content=\"1750\" \/>\n\t<meta property=\"og:image:height\" content=\"700\" \/>\n\t<meta property=\"og:image:type\" content=\"image\/png\" \/>\n<meta name=\"twitter:card\" content=\"summary_large_image\" \/>\n<meta name=\"twitter:label1\" content=\"Dur\u00e9e de lecture estim\u00e9e\" \/>\n\t<meta name=\"twitter:data1\" content=\"2 minutes\" \/>\n<script type=\"application\/ld+json\" class=\"yoast-schema-graph\">{\"@context\":\"https:\/\/schema.org\",\"@graph\":[{\"@type\":\"WebPage\",\"@id\":\"https:\/\/japanmatsuri.org\/it\/karate-shintai-karate-do\/\",\"url\":\"https:\/\/japanmatsuri.org\/it\/karate-shintai-karate-do\/\",\"name\":\"Karate Shintai-Karate Do - Japan Matsuri - Festival Giapponese Bellinzona\",\"isPartOf\":{\"@id\":\"https:\/\/japanmatsuri.org\/#website\"},\"primaryImageOfPage\":{\"@id\":\"https:\/\/japanmatsuri.org\/it\/karate-shintai-karate-do\/#primaryimage\"},\"image\":{\"@id\":\"https:\/\/japanmatsuri.org\/it\/karate-shintai-karate-do\/#primaryimage\"},\"thumbnailUrl\":\"https:\/\/japanmatsuri.org\/wp-content\/uploads\/2025\/08\/Shintai-Karate_Do.png\",\"datePublished\":\"2025-08-31T16:27:38+00:00\",\"dateModified\":\"2025-09-16T20:03:16+00:00\",\"breadcrumb\":{\"@id\":\"https:\/\/japanmatsuri.org\/it\/karate-shintai-karate-do\/#breadcrumb\"},\"inLanguage\":\"fr-FR\",\"potentialAction\":[{\"@type\":\"ReadAction\",\"target\":[\"https:\/\/japanmatsuri.org\/it\/karate-shintai-karate-do\/\"]}]},{\"@type\":\"ImageObject\",\"inLanguage\":\"fr-FR\",\"@id\":\"https:\/\/japanmatsuri.org\/it\/karate-shintai-karate-do\/#primaryimage\",\"url\":\"https:\/\/japanmatsuri.org\/wp-content\/uploads\/2025\/08\/Shintai-Karate_Do.png\",\"contentUrl\":\"https:\/\/japanmatsuri.org\/wp-content\/uploads\/2025\/08\/Shintai-Karate_Do.png\"},{\"@type\":\"BreadcrumbList\",\"@id\":\"https:\/\/japanmatsuri.org\/it\/karate-shintai-karate-do\/#breadcrumb\",\"itemListElement\":[{\"@type\":\"ListItem\",\"position\":1,\"name\":\"Home\",\"item\":\"https:\/\/japanmatsuri.org\/it\/\"},{\"@type\":\"ListItem\",\"position\":2,\"name\":\"Karate Shintai-Karate Do\"}]},{\"@type\":\"WebSite\",\"@id\":\"https:\/\/japanmatsuri.org\/#website\",\"url\":\"https:\/\/japanmatsuri.org\/\",\"name\":\"Japan Matsuri - Festival Giapponese Bellinzona\",\"description\":\"Festival Giapponese Bellinzona\",\"potentialAction\":[{\"@type\":\"SearchAction\",\"target\":{\"@type\":\"EntryPoint\",\"urlTemplate\":\"https:\/\/japanmatsuri.org\/?s={search_term_string}\"},\"query-input\":{\"@type\":\"PropertyValueSpecification\",\"valueRequired\":true,\"valueName\":\"search_term_string\"}}],\"inLanguage\":\"fr-FR\"}]}<\/script>\n<!-- \/ Yoast SEO plugin. -->","yoast_head_json":{"title":"Karate Shintai-Karate Do - Japan Matsuri - Festival Giapponese Bellinzona","robots":{"index":"index","follow":"follow","max-snippet":"max-snippet:-1","max-image-preview":"max-image-preview:large","max-video-preview":"max-video-preview:-1"},"canonical":"https:\/\/japanmatsuri.org\/fr\/karate-shintai-karate-do\/","og_locale":"fr_FR","og_type":"article","og_title":"Karate Shintai-Karate Do - Japan Matsuri - Festival Giapponese Bellinzona","og_description":"Karate Shintai-Karate Do Immergiti nel cuore del Karate Shotokan di Tokyo, esplorando la sua profonda filosofia, la sua ricca storia e la pratica autentica. Scopri la distinzione tra Karat\u00e9 tradizionale, che coltiva disciplina interiore e armonia, e quello sportivo, incentrato sulla competizione agonistica. Approfondisci i principali stili, il significato di termini come kihon, kata e [&hellip;]","og_url":"https:\/\/japanmatsuri.org\/fr\/karate-shintai-karate-do\/","og_site_name":"Japan Matsuri - Festival Giapponese Bellinzona","article_modified_time":"2025-09-16T20:03:16+00:00","og_image":[{"width":1750,"height":700,"url":"https:\/\/japanmatsuri.org\/wp-content\/uploads\/2025\/08\/Shintai-Karate_Do.png","type":"image\/png"}],"twitter_card":"summary_large_image","twitter_misc":{"Dur\u00e9e de lecture estim\u00e9e":"2 minutes"},"schema":{"@context":"https:\/\/schema.org","@graph":[{"@type":"WebPage","@id":"https:\/\/japanmatsuri.org\/it\/karate-shintai-karate-do\/","url":"https:\/\/japanmatsuri.org\/it\/karate-shintai-karate-do\/","name":"Karate Shintai-Karate Do - Japan Matsuri - Festival Giapponese Bellinzona","isPartOf":{"@id":"https:\/\/japanmatsuri.org\/#website"},"primaryImageOfPage":{"@id":"https:\/\/japanmatsuri.org\/it\/karate-shintai-karate-do\/#primaryimage"},"image":{"@id":"https:\/\/japanmatsuri.org\/it\/karate-shintai-karate-do\/#primaryimage"},"thumbnailUrl":"https:\/\/japanmatsuri.org\/wp-content\/uploads\/2025\/08\/Shintai-Karate_Do.png","datePublished":"2025-08-31T16:27:38+00:00","dateModified":"2025-09-16T20:03:16+00:00","breadcrumb":{"@id":"https:\/\/japanmatsuri.org\/it\/karate-shintai-karate-do\/#breadcrumb"},"inLanguage":"fr-FR","potentialAction":[{"@type":"ReadAction","target":["https:\/\/japanmatsuri.org\/it\/karate-shintai-karate-do\/"]}]},{"@type":"ImageObject","inLanguage":"fr-FR","@id":"https:\/\/japanmatsuri.org\/it\/karate-shintai-karate-do\/#primaryimage","url":"https:\/\/japanmatsuri.org\/wp-content\/uploads\/2025\/08\/Shintai-Karate_Do.png","contentUrl":"https:\/\/japanmatsuri.org\/wp-content\/uploads\/2025\/08\/Shintai-Karate_Do.png"},{"@type":"BreadcrumbList","@id":"https:\/\/japanmatsuri.org\/it\/karate-shintai-karate-do\/#breadcrumb","itemListElement":[{"@type":"ListItem","position":1,"name":"Home","item":"https:\/\/japanmatsuri.org\/it\/"},{"@type":"ListItem","position":2,"name":"Karate Shintai-Karate Do"}]},{"@type":"WebSite","@id":"https:\/\/japanmatsuri.org\/#website","url":"https:\/\/japanmatsuri.org\/","name":"Japan Matsuri - Festival Giapponese Bellinzona","description":"Festival Giapponese Bellinzona","potentialAction":[{"@type":"SearchAction","target":{"@type":"EntryPoint","urlTemplate":"https:\/\/japanmatsuri.org\/?s={search_term_string}"},"query-input":{"@type":"PropertyValueSpecification","valueRequired":true,"valueName":"search_term_string"}}],"inLanguage":"fr-FR"}]}},"_links":{"self":[{"href":"https:\/\/japanmatsuri.org\/fr\/wp-json\/wp\/v2\/pages\/1961","targetHints":{"allow":["GET"]}}],"collection":[{"href":"https:\/\/japanmatsuri.org\/fr\/wp-json\/wp\/v2\/pages"}],"about":[{"href":"https:\/\/japanmatsuri.org\/fr\/wp-json\/wp\/v2\/types\/page"}],"author":[{"embeddable":true,"href":"https:\/\/japanmatsuri.org\/fr\/wp-json\/wp\/v2\/users\/1"}],"replies":[{"embeddable":true,"href":"https:\/\/japanmatsuri.org\/fr\/wp-json\/wp\/v2\/comments?post=1961"}],"version-history":[{"count":13,"href":"https:\/\/japanmatsuri.org\/fr\/wp-json\/wp\/v2\/pages\/1961\/revisions"}],"predecessor-version":[{"id":2102,"href":"https:\/\/japanmatsuri.org\/fr\/wp-json\/wp\/v2\/pages\/1961\/revisions\/2102"}],"wp:attachment":[{"href":"https:\/\/japanmatsuri.org\/fr\/wp-json\/wp\/v2\/media?parent=1961"}],"curies":[{"name":"wp","href":"https:\/\/api.w.org\/{rel}","templated":true}]}}