{"id":1978,"date":"2025-08-31T18:01:50","date_gmt":"2025-08-31T17:01:50","guid":{"rendered":"https:\/\/japanmatsuri.org\/it\/?page_id=1978"},"modified":"2025-08-31T18:04:36","modified_gmt":"2025-08-31T17:04:36","slug":"introduzione-al-cosplay","status":"publish","type":"page","link":"https:\/\/japanmatsuri.org\/fr\/introduzione-al-cosplay\/","title":{"rendered":"Introduzione al cosplay"},"content":{"rendered":"<div data-elementor-type=\"wp-page\" data-elementor-id=\"1978\" class=\"elementor elementor-1978\" data-elementor-post-type=\"page\">\n\t\t\t\t<div class=\"elementor-element elementor-element-1140f095 e-flex e-con-boxed e-con e-parent\" data-id=\"1140f095\" data-element_type=\"container\">\n\t\t\t\t\t<div class=\"e-con-inner\">\n\t\t\t\t<div class=\"elementor-element elementor-element-7a578510 elementor-widget elementor-widget-heading\" data-id=\"7a578510\" data-element_type=\"widget\" data-widget_type=\"heading.default\">\n\t\t\t\t<div class=\"elementor-widget-container\">\n\t\t\t\t\t<h1 class=\"elementor-heading-title elementor-size-default\">Introduzione al cosplay<\/h1>\t\t\t\t<\/div>\n\t\t\t\t<\/div>\n\t\t\t\t\t<\/div>\n\t\t\t\t<\/div>\n\t\t<div class=\"elementor-element elementor-element-0d3d5c5 e-flex e-con-boxed e-con e-parent\" data-id=\"0d3d5c5\" data-element_type=\"container\">\n\t\t\t\t\t<div class=\"e-con-inner\">\n\t\t\t\t<div class=\"elementor-element elementor-element-8ec5051 elementor-widget elementor-widget-image\" data-id=\"8ec5051\" data-element_type=\"widget\" data-widget_type=\"image.default\">\n\t\t\t\t<div class=\"elementor-widget-container\">\n\t\t\t\t\t\t\t\t\t\t\t\t\t\t\t<img fetchpriority=\"high\" decoding=\"async\" width=\"1701\" height=\"700\" src=\"https:\/\/japanmatsuri.org\/wp-content\/uploads\/2025\/08\/CosplayIntro.png\" class=\"attachment-full size-full wp-image-1981\" alt=\"\" srcset=\"https:\/\/japanmatsuri.org\/wp-content\/uploads\/2025\/08\/CosplayIntro.png 1701w, https:\/\/japanmatsuri.org\/wp-content\/uploads\/2025\/08\/CosplayIntro-300x123.png 300w, https:\/\/japanmatsuri.org\/wp-content\/uploads\/2025\/08\/CosplayIntro-1024x421.png 1024w, https:\/\/japanmatsuri.org\/wp-content\/uploads\/2025\/08\/CosplayIntro-768x316.png 768w, https:\/\/japanmatsuri.org\/wp-content\/uploads\/2025\/08\/CosplayIntro-1536x632.png 1536w, https:\/\/japanmatsuri.org\/wp-content\/uploads\/2025\/08\/CosplayIntro-18x7.png 18w\" sizes=\"(max-width: 1701px) 100vw, 1701px\" \/>\t\t\t\t\t\t\t\t\t\t\t\t\t\t\t<\/div>\n\t\t\t\t<\/div>\n\t\t\t\t\t<\/div>\n\t\t\t\t<\/div>\n\t\t<div class=\"elementor-element elementor-element-0bcf92a e-flex e-con-boxed e-con e-parent\" data-id=\"0bcf92a\" data-element_type=\"container\">\n\t\t\t\t\t<div class=\"e-con-inner\">\n\t\t\t\t<div class=\"elementor-element elementor-element-90cb69a elementor-widget elementor-widget-text-editor\" data-id=\"90cb69a\" data-element_type=\"widget\" data-widget_type=\"text-editor.default\">\n\t\t\t\t<div class=\"elementor-widget-container\">\n\t\t\t\t\t\t\t\t\t<p>Un aper\u00e7u captivant du cosplay, de ses origines \u00e0 la terminologie actuelle. Pr\u00e9sentation d\u2019exemples, anecdotes int\u00e9ressantes et conseils pratiques autour de cet univers riche et enthousiasmant, avec un espace d\u00e9di\u00e9 aux questions et au partage d\u2019exp\u00e9riences.<\/p>\t\t\t\t\t\t\t\t<\/div>\n\t\t\t\t<\/div>\n\t\t\t\t\t<\/div>\n\t\t\t\t<\/div>\n\t\t<div class=\"elementor-element elementor-element-f027c95 e-flex e-con-boxed e-con e-parent\" data-id=\"f027c95\" data-element_type=\"container\">\n\t\t\t\t\t<div class=\"e-con-inner\">\n\t\t<div class=\"elementor-element elementor-element-ef0c018 e-con-full e-flex e-con e-child\" data-id=\"ef0c018\" data-element_type=\"container\">\n\t\t\t\t<div class=\"elementor-element elementor-element-33226f0 elementor-widget elementor-widget-text-editor\" data-id=\"33226f0\" data-element_type=\"widget\" data-widget_type=\"text-editor.default\">\n\t\t\t\t<div class=\"elementor-widget-container\">\n\t\t\t\t\t\t\t\t\t<p class=\"translation-block\"><b>Date:<\/b> Samedi 20 septembre 2025<br>\n <b>Horaire:<\/b> 13h30 \u2013 14h30<br>\n <b>Lieu:<\/b> Pavillon D, Salle 3<br>\n <b>Inscriptions:<\/b> Maximum 24 participants<br>\n <b>Co\u00fbt:<\/b> Gratuit<\/p><p class=\"translation-block\"><b>Langues<\/b> : italien, anglais, fran\u00e7ais<\/p>\t\t\t\t\t\t\t\t<\/div>\n\t\t\t\t<\/div>\n\t\t\t\t<\/div>\n\t\t<div class=\"elementor-element elementor-element-02aee03 e-flex e-con-boxed e-con e-child\" data-id=\"02aee03\" data-element_type=\"container\">\n\t\t\t\t\t<div class=\"e-con-inner\">\n\t\t\t\t<div class=\"elementor-element elementor-element-535edfc elementor-widget-mobile__width-initial elementor-widget elementor-widget-button\" data-id=\"535edfc\" data-element_type=\"widget\" data-widget_type=\"button.default\">\n\t\t\t\t<div class=\"elementor-widget-container\">\n\t\t\t\t\t\t\t\t\t<div class=\"elementor-button-wrapper\">\n\t\t\t\t\t<a class=\"elementor-button elementor-button-link elementor-size-sm\" href=\"https:\/\/www.ticketino.com\/fr\/event\/japan-matsuri-corsi\/205136\" target=\"_blank\">\n\t\t\t\t\t\t<span class=\"elementor-button-content-wrapper\">\n\t\t\t\t\t\t\t\t\t<span class=\"elementor-button-text\">INSCRIPTION<\/span>\n\t\t\t\t\t<\/span>\n\t\t\t\t\t<\/a>\n\t\t\t\t<\/div>\n\t\t\t\t\t\t\t\t<\/div>\n\t\t\t\t<\/div>\n\t\t\t\t<div class=\"elementor-element elementor-element-bbffb5a elementor-widget elementor-widget-button\" data-id=\"bbffb5a\" data-element_type=\"widget\" data-widget_type=\"button.default\">\n\t\t\t\t<div class=\"elementor-widget-container\">\n\t\t\t\t\t\t\t\t\t<div class=\"elementor-button-wrapper\">\n\t\t\t\t\t<a class=\"elementor-button elementor-button-link elementor-size-sm\" href=\"https:\/\/japanmatsuri.org\/fr\/reglement\/\" target=\"_blank\">\n\t\t\t\t\t\t<span class=\"elementor-button-content-wrapper\">\n\t\t\t\t\t\t\t\t\t<span class=\"elementor-button-text\">R\u00c8GLEMENT<\/span>\n\t\t\t\t\t<\/span>\n\t\t\t\t\t<\/a>\n\t\t\t\t<\/div>\n\t\t\t\t\t\t\t\t<\/div>\n\t\t\t\t<\/div>\n\t\t\t\t\t<\/div>\n\t\t\t\t<\/div>\n\t\t\t\t\t<\/div>\n\t\t\t\t<\/div>\n\t\t<div class=\"elementor-element elementor-element-c74a109 e-flex e-con-boxed e-con e-parent\" data-id=\"c74a109\" data-element_type=\"container\">\n\t\t\t\t\t<div class=\"e-con-inner\">\n\t\t\t\t<div class=\"elementor-element elementor-element-c9666d4 elementor-widget elementor-widget-text-editor\" data-id=\"c9666d4\" data-element_type=\"widget\" data-widget_type=\"text-editor.default\">\n\t\t\t\t<div class=\"elementor-widget-container\">\n\t\t\t\t\t\t\t\t\t<p><i>Pour acc\u00e9der \u00e0 l\u2019espace des ateliers, vous devrez porter le bracelet fourni \u00e0 l\u2019entr\u00e9e du festival. Pour faciliter l\u2019entr\u00e9e, nous vous recommandons d\u2019acheter votre billet de festival en ligne. Les personnes handicap\u00e9es ou \u00e0 mobilit\u00e9 r\u00e9duite sont invit\u00e9es \u00e0 nous contacter \u00e0 l\u2019avance par email \u00e0 l\u2019adresse info@japanmatsuri.org afin que nous puissions organiser un acc\u00e8s sans stress.<\/i><\/p>\t\t\t\t\t\t\t\t<\/div>\n\t\t\t\t<\/div>\n\t\t\t\t\t<\/div>\n\t\t\t\t<\/div>\n\t\t<div class=\"elementor-element elementor-element-4bfdd78d e-flex e-con-boxed e-con e-parent\" data-id=\"4bfdd78d\" data-element_type=\"container\">\n\t\t\t\t\t<div class=\"e-con-inner\">\n\t\t\t\t\t<\/div>\n\t\t\t\t<\/div>\n\t\t\t\t<\/div>","protected":false},"excerpt":{"rendered":"<p>Introduzione al cosplay Panoramica esplicativa sulla pratica del cosplay, dalle sue origini alla terminologia odierna. Esempi, curiosit\u00e0 interessanti e consigli utili legati a questo mondo variopinto ed entusiasmante, con spazio dedicato per rispondere a domande e condividere esperienze. Data: Sabato 20 settembre 2025Orario: 13:30 &#8211; 14:30Luogo: Padiglione D, Aula 3Iscrizioni: massimo 24 partecipantiCosto: gratuito Lingue: [&hellip;]<\/p>","protected":false},"author":1,"featured_media":0,"parent":0,"menu_order":0,"comment_status":"closed","ping_status":"closed","template":"","meta":{"footnotes":""},"class_list":["post-1978","page","type-page","status-publish","hentry"],"yoast_head":"<!-- This site is optimized with the Yoast SEO plugin v25.4 - https:\/\/yoast.com\/wordpress\/plugins\/seo\/ -->\n<title>Introduzione al cosplay - Japan Matsuri - Festival Giapponese Bellinzona<\/title>\n<meta name=\"robots\" content=\"index, follow, max-snippet:-1, max-image-preview:large, max-video-preview:-1\" \/>\n<link rel=\"canonical\" href=\"https:\/\/japanmatsuri.org\/fr\/introduzione-al-cosplay\/\" \/>\n<meta property=\"og:locale\" content=\"fr_FR\" \/>\n<meta property=\"og:type\" content=\"article\" \/>\n<meta property=\"og:title\" content=\"Introduzione al cosplay - Japan Matsuri - Festival Giapponese Bellinzona\" \/>\n<meta property=\"og:description\" content=\"Introduzione al cosplay Panoramica esplicativa sulla pratica del cosplay, dalle sue origini alla terminologia odierna. Esempi, curiosit\u00e0 interessanti e consigli utili legati a questo mondo variopinto ed entusiasmante, con spazio dedicato per rispondere a domande e condividere esperienze. Data: Sabato 20 settembre 2025Orario: 13:30 &#8211; 14:30Luogo: Padiglione D, Aula 3Iscrizioni: massimo 24 partecipantiCosto: gratuito Lingue: [&hellip;]\" \/>\n<meta property=\"og:url\" content=\"https:\/\/japanmatsuri.org\/fr\/introduzione-al-cosplay\/\" \/>\n<meta property=\"og:site_name\" content=\"Japan Matsuri - Festival Giapponese Bellinzona\" \/>\n<meta property=\"article:modified_time\" content=\"2025-08-31T17:04:36+00:00\" \/>\n<meta property=\"og:image\" content=\"https:\/\/japanmatsuri.org\/wp-content\/uploads\/2025\/08\/CosplayIntro.png\" \/>\n\t<meta property=\"og:image:width\" content=\"1701\" \/>\n\t<meta property=\"og:image:height\" content=\"700\" \/>\n\t<meta property=\"og:image:type\" content=\"image\/png\" \/>\n<meta name=\"twitter:card\" content=\"summary_large_image\" \/>\n<meta name=\"twitter:label1\" content=\"Dur\u00e9e de lecture estim\u00e9e\" \/>\n\t<meta name=\"twitter:data1\" content=\"1 minute\" \/>\n<script type=\"application\/ld+json\" class=\"yoast-schema-graph\">{\"@context\":\"https:\/\/schema.org\",\"@graph\":[{\"@type\":\"WebPage\",\"@id\":\"https:\/\/japanmatsuri.org\/it\/introduzione-al-cosplay\/\",\"url\":\"https:\/\/japanmatsuri.org\/it\/introduzione-al-cosplay\/\",\"name\":\"Introduzione al cosplay - Japan Matsuri - Festival Giapponese Bellinzona\",\"isPartOf\":{\"@id\":\"https:\/\/japanmatsuri.org\/#website\"},\"primaryImageOfPage\":{\"@id\":\"https:\/\/japanmatsuri.org\/it\/introduzione-al-cosplay\/#primaryimage\"},\"image\":{\"@id\":\"https:\/\/japanmatsuri.org\/it\/introduzione-al-cosplay\/#primaryimage\"},\"thumbnailUrl\":\"https:\/\/japanmatsuri.org\/wp-content\/uploads\/2025\/08\/CosplayIntro.png\",\"datePublished\":\"2025-08-31T17:01:50+00:00\",\"dateModified\":\"2025-08-31T17:04:36+00:00\",\"breadcrumb\":{\"@id\":\"https:\/\/japanmatsuri.org\/it\/introduzione-al-cosplay\/#breadcrumb\"},\"inLanguage\":\"fr-FR\",\"potentialAction\":[{\"@type\":\"ReadAction\",\"target\":[\"https:\/\/japanmatsuri.org\/it\/introduzione-al-cosplay\/\"]}]},{\"@type\":\"ImageObject\",\"inLanguage\":\"fr-FR\",\"@id\":\"https:\/\/japanmatsuri.org\/it\/introduzione-al-cosplay\/#primaryimage\",\"url\":\"https:\/\/japanmatsuri.org\/wp-content\/uploads\/2025\/08\/CosplayIntro.png\",\"contentUrl\":\"https:\/\/japanmatsuri.org\/wp-content\/uploads\/2025\/08\/CosplayIntro.png\"},{\"@type\":\"BreadcrumbList\",\"@id\":\"https:\/\/japanmatsuri.org\/it\/introduzione-al-cosplay\/#breadcrumb\",\"itemListElement\":[{\"@type\":\"ListItem\",\"position\":1,\"name\":\"Home\",\"item\":\"https:\/\/japanmatsuri.org\/it\/\"},{\"@type\":\"ListItem\",\"position\":2,\"name\":\"Introduzione al cosplay\"}]},{\"@type\":\"WebSite\",\"@id\":\"https:\/\/japanmatsuri.org\/#website\",\"url\":\"https:\/\/japanmatsuri.org\/\",\"name\":\"Japan Matsuri - Festival Giapponese Bellinzona\",\"description\":\"Festival Giapponese Bellinzona\",\"potentialAction\":[{\"@type\":\"SearchAction\",\"target\":{\"@type\":\"EntryPoint\",\"urlTemplate\":\"https:\/\/japanmatsuri.org\/?s={search_term_string}\"},\"query-input\":{\"@type\":\"PropertyValueSpecification\",\"valueRequired\":true,\"valueName\":\"search_term_string\"}}],\"inLanguage\":\"fr-FR\"}]}<\/script>\n<!-- \/ Yoast SEO plugin. -->","yoast_head_json":{"title":"Introduzione al cosplay - Japan Matsuri - Festival Giapponese Bellinzona","robots":{"index":"index","follow":"follow","max-snippet":"max-snippet:-1","max-image-preview":"max-image-preview:large","max-video-preview":"max-video-preview:-1"},"canonical":"https:\/\/japanmatsuri.org\/fr\/introduzione-al-cosplay\/","og_locale":"fr_FR","og_type":"article","og_title":"Introduzione al cosplay - Japan Matsuri - Festival Giapponese Bellinzona","og_description":"Introduzione al cosplay Panoramica esplicativa sulla pratica del cosplay, dalle sue origini alla terminologia odierna. Esempi, curiosit\u00e0 interessanti e consigli utili legati a questo mondo variopinto ed entusiasmante, con spazio dedicato per rispondere a domande e condividere esperienze. Data: Sabato 20 settembre 2025Orario: 13:30 &#8211; 14:30Luogo: Padiglione D, Aula 3Iscrizioni: massimo 24 partecipantiCosto: gratuito Lingue: [&hellip;]","og_url":"https:\/\/japanmatsuri.org\/fr\/introduzione-al-cosplay\/","og_site_name":"Japan Matsuri - Festival Giapponese Bellinzona","article_modified_time":"2025-08-31T17:04:36+00:00","og_image":[{"width":1701,"height":700,"url":"https:\/\/japanmatsuri.org\/wp-content\/uploads\/2025\/08\/CosplayIntro.png","type":"image\/png"}],"twitter_card":"summary_large_image","twitter_misc":{"Dur\u00e9e de lecture estim\u00e9e":"1 minute"},"schema":{"@context":"https:\/\/schema.org","@graph":[{"@type":"WebPage","@id":"https:\/\/japanmatsuri.org\/it\/introduzione-al-cosplay\/","url":"https:\/\/japanmatsuri.org\/it\/introduzione-al-cosplay\/","name":"Introduzione al cosplay - Japan Matsuri - Festival Giapponese Bellinzona","isPartOf":{"@id":"https:\/\/japanmatsuri.org\/#website"},"primaryImageOfPage":{"@id":"https:\/\/japanmatsuri.org\/it\/introduzione-al-cosplay\/#primaryimage"},"image":{"@id":"https:\/\/japanmatsuri.org\/it\/introduzione-al-cosplay\/#primaryimage"},"thumbnailUrl":"https:\/\/japanmatsuri.org\/wp-content\/uploads\/2025\/08\/CosplayIntro.png","datePublished":"2025-08-31T17:01:50+00:00","dateModified":"2025-08-31T17:04:36+00:00","breadcrumb":{"@id":"https:\/\/japanmatsuri.org\/it\/introduzione-al-cosplay\/#breadcrumb"},"inLanguage":"fr-FR","potentialAction":[{"@type":"ReadAction","target":["https:\/\/japanmatsuri.org\/it\/introduzione-al-cosplay\/"]}]},{"@type":"ImageObject","inLanguage":"fr-FR","@id":"https:\/\/japanmatsuri.org\/it\/introduzione-al-cosplay\/#primaryimage","url":"https:\/\/japanmatsuri.org\/wp-content\/uploads\/2025\/08\/CosplayIntro.png","contentUrl":"https:\/\/japanmatsuri.org\/wp-content\/uploads\/2025\/08\/CosplayIntro.png"},{"@type":"BreadcrumbList","@id":"https:\/\/japanmatsuri.org\/it\/introduzione-al-cosplay\/#breadcrumb","itemListElement":[{"@type":"ListItem","position":1,"name":"Home","item":"https:\/\/japanmatsuri.org\/it\/"},{"@type":"ListItem","position":2,"name":"Introduzione al cosplay"}]},{"@type":"WebSite","@id":"https:\/\/japanmatsuri.org\/#website","url":"https:\/\/japanmatsuri.org\/","name":"Japan Matsuri - Festival Giapponese Bellinzona","description":"Festival Giapponese Bellinzona","potentialAction":[{"@type":"SearchAction","target":{"@type":"EntryPoint","urlTemplate":"https:\/\/japanmatsuri.org\/?s={search_term_string}"},"query-input":{"@type":"PropertyValueSpecification","valueRequired":true,"valueName":"search_term_string"}}],"inLanguage":"fr-FR"}]}},"_links":{"self":[{"href":"https:\/\/japanmatsuri.org\/fr\/wp-json\/wp\/v2\/pages\/1978","targetHints":{"allow":["GET"]}}],"collection":[{"href":"https:\/\/japanmatsuri.org\/fr\/wp-json\/wp\/v2\/pages"}],"about":[{"href":"https:\/\/japanmatsuri.org\/fr\/wp-json\/wp\/v2\/types\/page"}],"author":[{"embeddable":true,"href":"https:\/\/japanmatsuri.org\/fr\/wp-json\/wp\/v2\/users\/1"}],"replies":[{"embeddable":true,"href":"https:\/\/japanmatsuri.org\/fr\/wp-json\/wp\/v2\/comments?post=1978"}],"version-history":[{"count":7,"href":"https:\/\/japanmatsuri.org\/fr\/wp-json\/wp\/v2\/pages\/1978\/revisions"}],"predecessor-version":[{"id":1987,"href":"https:\/\/japanmatsuri.org\/fr\/wp-json\/wp\/v2\/pages\/1978\/revisions\/1987"}],"wp:attachment":[{"href":"https:\/\/japanmatsuri.org\/fr\/wp-json\/wp\/v2\/media?parent=1978"}],"curies":[{"name":"wp","href":"https:\/\/api.w.org\/{rel}","templated":true}]}}