{"id":456,"date":"2025-05-10T17:57:37","date_gmt":"2025-05-10T16:57:37","guid":{"rendered":"https:\/\/japanmatsuri.org\/?page_id=456"},"modified":"2025-05-10T17:58:08","modified_gmt":"2025-05-10T16:58:08","slug":"presentation","status":"publish","type":"page","link":"https:\/\/japanmatsuri.org\/fr\/presentation\/","title":{"rendered":"chi siamo"},"content":{"rendered":"<div data-elementor-type=\"wp-page\" data-elementor-id=\"456\" class=\"elementor elementor-456\" data-elementor-post-type=\"page\">\n\t\t\t\t<div class=\"elementor-element elementor-element-62c81d5b e-flex e-con-boxed e-con e-parent\" data-id=\"62c81d5b\" data-element_type=\"container\">\n\t\t\t\t\t<div class=\"e-con-inner\">\n\t\t\t\t<div class=\"elementor-element elementor-element-2beab5e2 elementor-widget elementor-widget-heading\" data-id=\"2beab5e2\" data-element_type=\"widget\" data-widget_type=\"heading.default\">\n\t\t\t\t<div class=\"elementor-widget-container\">\n\t\t\t\t\t<h1 class=\"elementor-heading-title elementor-size-default\">Pr\u00e9sentation<\/h1>\t\t\t\t<\/div>\n\t\t\t\t<\/div>\n\t\t\t\t\t<\/div>\n\t\t\t\t<\/div>\n\t\t<div class=\"elementor-element elementor-element-1dee9775 e-flex e-con-boxed e-con e-parent\" data-id=\"1dee9775\" data-element_type=\"container\">\n\t\t\t\t\t<div class=\"e-con-inner\">\n\t\t\t\t<div class=\"elementor-element elementor-element-b9297d9 elementor-widget elementor-widget-text-editor\" data-id=\"b9297d9\" data-element_type=\"widget\" data-widget_type=\"text-editor.default\">\n\t\t\t\t<div class=\"elementor-widget-container\">\n\t\t\t\t\t\t\t\t\t<p class=\"translation-block\">Le Japan Matsuri est le festival de la culture japonaise le plus complet et vaste \u00e0 l\u2019\u00e9chelle nationale, offrant au public la sensation d\u2019\u00eatre transport\u00e9 dans un monde fascinant et lointain, entre tradition et modernit\u00e9, repr\u00e9sentant le Japon \u00e0 360 degr\u00e9s.<\/p><p class=\"translation-block\">C\u2019est le seul \u00e9v\u00e9nement japonais en Suisse proposant un programme culturel de haut niveau. \u00c9tal\u00e9 sur deux jours d\u2019immersion dans le monde du Soleil Levant, le Japan Matsuri est le festival japonais le plus important de la conf\u00e9d\u00e9ration.<\/p><p class=\"translation-block\">En 2023, il a battu tous ses records pr\u00e9c\u00e9dents, attirant environ 13 000 visiteurs de tous \u00e2ges et leur offrant la possibilit\u00e9 de plonger enti\u00e8rement dans la culture japonaise gr\u00e2ce \u00e0 un riche programme de spectacles, de concerts et de conf\u00e9rences sur sc\u00e8ne ; une opportunit\u00e9 unique de se d\u00e9placer librement entre les diff\u00e9rentes zones du festival, comprenant un salon marchand o\u00f9 il est possible d\u2019acheter des produits typiques, une zone d\u2019ateliers proposant de nombreuses activit\u00e9s li\u00e9es aux coutumes japonaises, et une zone ludique offrant une vari\u00e9t\u00e9 de jeux \u00e0 choisir.<\/p><p class=\"\">Chaque ann\u00e9e, le festival a l\u2019honneur d\u2019accueillir des invit\u00e9s de renom au niveau international, qui assistent souvent au Japan Matsuri en avant-premi\u00e8re nationale.<\/p><p class=\"\">En raison de son r\u00f4le de premier plan en Suisse, l\u2019\u00e9v\u00e9nement a \u00e9galement accueilli des personnalit\u00e9s politiques de haut niveau, telles que des ambassadeurs, des fonctionnaires culturels, des maires et des adjoints, lors de l\u2019inauguration du festival.<\/p><p class=\"\">En 2024, \u00e0 l\u2019occasion du 160e anniversaire des relations diplomatiques entre le Japon et la Suisse, le festival a \u00e9t\u00e9 choisi comme partie int\u00e9grante de cet important anniversaire.<\/p><p class=\"\">Une immersion incomparable dans la magie du Soleil Levant, ainsi que dans l\u2019art, la tradition et la modernit\u00e9 japonaise, laissant le spectateur enthousiaste et \u00e9lectris\u00e9 par tout ce que cette culture a \u00e0 offrir.<\/p><p class=\"\">Enfin, la gastronomie est au c\u0153ur du Japan Matsuri, offrant une vision tr\u00e8s vari\u00e9e de l\u2019art culinaire japonais, proposant non seulement des sushis et des sashimis mais aussi de nombreux autres d\u00e9licieux plats traditionnels.<\/p>\t\t\t\t\t\t\t\t<\/div>\n\t\t\t\t<\/div>\n\t\t\t\t\t<\/div>\n\t\t\t\t<\/div>\n\t\t<div class=\"elementor-element elementor-element-f358f32 e-flex e-con-boxed e-con e-parent\" data-id=\"f358f32\" data-element_type=\"container\">\n\t\t\t\t\t<div class=\"e-con-inner\">\n\t\t\t\t<div class=\"elementor-element elementor-element-1d94221 elementor-widget elementor-widget-image\" data-id=\"1d94221\" data-element_type=\"widget\" data-widget_type=\"image.default\">\n\t\t\t\t<div class=\"elementor-widget-container\">\n\t\t\t\t\t\t\t\t\t\t\t\t\t\t\t<img decoding=\"async\" src=\"https:\/\/japanmatsuri.org\/wp-content\/uploads\/elementor\/thumbs\/JPM-2023-SABATO-apertura-rhtz1gihftubipz6vik4oent2uyj6xixh4o2vrd5sw.jpg\" title=\"JPM-2023-SABATO-apertura\" alt=\"JPM-2023-SABATO-apertura\" loading=\"lazy\" \/>\t\t\t\t\t\t\t\t\t\t\t\t\t\t\t<\/div>\n\t\t\t\t<\/div>\n\t\t\t\t\t<\/div>\n\t\t\t\t<\/div>\n\t\t<div class=\"elementor-element elementor-element-7fba93d e-flex e-con-boxed e-con e-parent\" data-id=\"7fba93d\" data-element_type=\"container\">\n\t\t\t\t\t<div class=\"e-con-inner\">\n\t\t\t\t<div class=\"elementor-element elementor-element-54a4c2d elementor-widget elementor-widget-heading\" data-id=\"54a4c2d\" data-element_type=\"widget\" data-widget_type=\"heading.default\">\n\t\t\t\t<div class=\"elementor-widget-container\">\n\t\t\t\t\t<h3 class=\"elementor-heading-title elementor-size-default\">Association \u00e0 but non lucratif Japan Matsuri<\/h3>\t\t\t\t<\/div>\n\t\t\t\t<\/div>\n\t\t\t\t<div class=\"elementor-element elementor-element-8449afd elementor-widget elementor-widget-text-editor\" data-id=\"8449afd\" data-element_type=\"widget\" data-widget_type=\"text-editor.default\">\n\t\t\t\t<div class=\"elementor-widget-container\">\n\t\t\t\t\t\t\t\t\t<p>L\u2019\u00e9v\u00e9nement est organis\u00e9 par l\u2019association homonyme, compos\u00e9 par des jeunes volontaires qui cultivent une grande passion commune pour la culture japonaise et qui souhaitent que des autres gens aussi peuvent exp\u00e9rimenter les traditions et les disciplines li\u00e9es \u00e0 au Japon.<\/p><p>L\u2019objectif de ce salon est donc de pr\u00e9senter au public cette culture merveilleuse de fa\u00e7on innovante, amusante et dynamique dans un environnement relax\u00e9 et d\u00e9barrass\u00e9 des pr\u00e9jug\u00e9s, qui encourage la curiosit\u00e9 pour toutes les nuances caract\u00e9ristiques qui rendent ce pays si fascinant.<\/p><p>Alors, pendant les deux jours de festival, on n\u2019aura pas seulement la zone d\u2019exposition, o\u00f9 les visiteurs pourraient acheter des produits traditionnels japonais, mais un \u00e9v\u00e9nement \u00e0 la d\u00e9couverte des aspects caract\u00e9ristique du Nippon. En effet, le public aura la possibilit\u00e9 de visionner des expositions magnifiques, \u00e9couter des conf\u00e9rences, suivre ce que s\u2019arrive sur la sc\u00e8ne, o\u00f9 artistes, invit\u00e9s de premier plan, personnalit\u00e9s culturelles et experts vont s\u2019alterner pour vous faire d\u00e9couvrir le Japon par vous-m\u00eames ; parmi plusieurs activit\u00e9s comme la technique manga, l\u2019origami, la cuisine japonaise, l\u2019ikebana, l\u2019art du bonsa\u00ef, le shiatsu, les arts martiaux et beaucoup plus.<\/p>\t\t\t\t\t\t\t\t<\/div>\n\t\t\t\t<\/div>\n\t\t\t\t\t<\/div>\n\t\t\t\t<\/div>\n\t\t<div class=\"elementor-element elementor-element-3569933 e-flex e-con-boxed e-con e-parent\" data-id=\"3569933\" data-element_type=\"container\">\n\t\t\t\t\t<div class=\"e-con-inner\">\n\t\t\t\t<div class=\"elementor-element elementor-element-8747dc7 elementor-widget elementor-widget-heading\" data-id=\"8747dc7\" data-element_type=\"widget\" data-widget_type=\"heading.default\">\n\t\t\t\t<div class=\"elementor-widget-container\">\n\t\t\t\t\t<h3 class=\"elementor-heading-title elementor-size-default\">Bienfaisance<\/h3>\t\t\t\t<\/div>\n\t\t\t\t<\/div>\n\t\t\t\t<div class=\"elementor-element elementor-element-2d12e22 elementor-widget elementor-widget-text-editor\" data-id=\"2d12e22\" data-element_type=\"widget\" data-widget_type=\"text-editor.default\">\n\t\t\t\t<div class=\"elementor-widget-container\">\n\t\t\t\t\t\t\t\t\t<p>Association \u00e0 but non lucratif Japan Matsuri\nAux aspects purement culturaux se rapproche la vocation humanitaire : l\u2019association se constitue en 2011, en suite au tremblement de terre et le tsunami qui a frapp\u00e9 le Japon l\u201911 Mars de la m\u00eame ann\u00e9e. La premi\u00e8re \u00e9dition a donc eu lieu pendant le mois d\u2019Avril 2012, une ann\u00e9e apr\u00e8s le terrible cataclysme, pour se rappeler de ce qui s\u2019\u00e9t\u00e9 pass\u00e9 et sensibiliser les visiteurs \u00e0 la gravit\u00e9 de la situation. Aujourd\u2019hui encore, une partie des revenues est consacr\u00e9 au projet de l\u2019association humanitaire ASHINAGA \u2018Sendai Rainbow House\u2019. Cette infrastructure accueille les enfants qui sont devenues orphelins apr\u00e8s la catastrophe climatique du 2011. En plus, l\u2019Association bien va \u00e0 des projets en Tessin aussi.<\/p>\t\t\t\t\t\t\t\t<\/div>\n\t\t\t\t<\/div>\n\t\t\t\t\t<\/div>\n\t\t\t\t<\/div>\n\t\t\t\t<\/div>","protected":false},"excerpt":{"rendered":"<p>Chi Siamo Japan Matsuri \u00e8 il festival sulla cultura nipponica pi\u00f9 completo e vasto a livello nazionale, che d\u00e0 al pubblico la sensazione di essere proiettati in un mondo affascinante e lontano, tra tradizione e modernit\u00e0, che rappresenta il Giappone a 360\u00b0 Si tratta dell\u2019unico evento giapponese in Svizzera con un programma ad alto livello [&hellip;]<\/p>","protected":false},"author":1,"featured_media":0,"parent":0,"menu_order":0,"comment_status":"closed","ping_status":"closed","template":"","meta":{"footnotes":""},"class_list":["post-456","page","type-page","status-publish","hentry"],"yoast_head":"<!-- This site is optimized with the Yoast SEO plugin v25.4 - https:\/\/yoast.com\/wordpress\/plugins\/seo\/ -->\n<title>chi siamo - Japan Matsuri - Festival Giapponese Bellinzona<\/title>\n<meta name=\"robots\" content=\"index, follow, max-snippet:-1, max-image-preview:large, max-video-preview:-1\" \/>\n<link rel=\"canonical\" href=\"https:\/\/japanmatsuri.org\/fr\/presentation\/\" \/>\n<meta property=\"og:locale\" content=\"fr_FR\" \/>\n<meta property=\"og:type\" content=\"article\" \/>\n<meta property=\"og:title\" content=\"chi siamo - Japan Matsuri - Festival Giapponese Bellinzona\" \/>\n<meta property=\"og:description\" content=\"Chi Siamo Japan Matsuri \u00e8 il festival sulla cultura nipponica pi\u00f9 completo e vasto a livello nazionale, che d\u00e0 al pubblico la sensazione di essere proiettati in un mondo affascinante e lontano, tra tradizione e modernit\u00e0, che rappresenta il Giappone a 360\u00b0 Si tratta dell\u2019unico evento giapponese in Svizzera con un programma ad alto livello [&hellip;]\" \/>\n<meta property=\"og:url\" content=\"https:\/\/japanmatsuri.org\/fr\/presentation\/\" \/>\n<meta property=\"og:site_name\" content=\"Japan Matsuri - Festival Giapponese Bellinzona\" \/>\n<meta property=\"article:modified_time\" content=\"2025-05-10T16:58:08+00:00\" \/>\n<meta property=\"og:image\" content=\"https:\/\/japanmatsuri.org\/wp-content\/uploads\/elementor\/thumbs\/JPM-2023-SABATO-apertura-r5m20psql53kr7lfni1f6f2sn6obvw25i227fsv5i8.jpg\" \/>\n<meta name=\"twitter:card\" content=\"summary_large_image\" \/>\n<meta name=\"twitter:label1\" content=\"Dur\u00e9e de lecture estim\u00e9e\" \/>\n\t<meta name=\"twitter:data1\" content=\"3 minutes\" \/>\n<script type=\"application\/ld+json\" class=\"yoast-schema-graph\">{\"@context\":\"https:\/\/schema.org\",\"@graph\":[{\"@type\":\"WebPage\",\"@id\":\"https:\/\/japanmatsuri.org\/it\/chi-siamo\/\",\"url\":\"https:\/\/japanmatsuri.org\/it\/chi-siamo\/\",\"name\":\"chi siamo - Japan Matsuri - Festival Giapponese Bellinzona\",\"isPartOf\":{\"@id\":\"https:\/\/japanmatsuri.org\/#website\"},\"primaryImageOfPage\":{\"@id\":\"https:\/\/japanmatsuri.org\/it\/chi-siamo\/#primaryimage\"},\"image\":{\"@id\":\"https:\/\/japanmatsuri.org\/it\/chi-siamo\/#primaryimage\"},\"thumbnailUrl\":\"https:\/\/japanmatsuri.org\/wp-content\/uploads\/elementor\/thumbs\/JPM-2023-SABATO-apertura-r5m20psql53kr7lfni1f6f2sn6obvw25i227fsv5i8.jpg\",\"datePublished\":\"2025-05-10T16:57:37+00:00\",\"dateModified\":\"2025-05-10T16:58:08+00:00\",\"breadcrumb\":{\"@id\":\"https:\/\/japanmatsuri.org\/it\/chi-siamo\/#breadcrumb\"},\"inLanguage\":\"fr-FR\",\"potentialAction\":[{\"@type\":\"ReadAction\",\"target\":[\"https:\/\/japanmatsuri.org\/it\/chi-siamo\/\"]}]},{\"@type\":\"ImageObject\",\"inLanguage\":\"fr-FR\",\"@id\":\"https:\/\/japanmatsuri.org\/it\/chi-siamo\/#primaryimage\",\"url\":\"https:\/\/japanmatsuri.org\/wp-content\/uploads\/elementor\/thumbs\/JPM-2023-SABATO-apertura-r5m20psql53kr7lfni1f6f2sn6obvw25i227fsv5i8.jpg\",\"contentUrl\":\"https:\/\/japanmatsuri.org\/wp-content\/uploads\/elementor\/thumbs\/JPM-2023-SABATO-apertura-r5m20psql53kr7lfni1f6f2sn6obvw25i227fsv5i8.jpg\"},{\"@type\":\"BreadcrumbList\",\"@id\":\"https:\/\/japanmatsuri.org\/it\/chi-siamo\/#breadcrumb\",\"itemListElement\":[{\"@type\":\"ListItem\",\"position\":1,\"name\":\"Home\",\"item\":\"https:\/\/japanmatsuri.org\/it\/\"},{\"@type\":\"ListItem\",\"position\":2,\"name\":\"chi siamo\"}]},{\"@type\":\"WebSite\",\"@id\":\"https:\/\/japanmatsuri.org\/#website\",\"url\":\"https:\/\/japanmatsuri.org\/\",\"name\":\"Japan Matsuri - Festival Giapponese Bellinzona\",\"description\":\"Festival Giapponese Bellinzona\",\"potentialAction\":[{\"@type\":\"SearchAction\",\"target\":{\"@type\":\"EntryPoint\",\"urlTemplate\":\"https:\/\/japanmatsuri.org\/?s={search_term_string}\"},\"query-input\":{\"@type\":\"PropertyValueSpecification\",\"valueRequired\":true,\"valueName\":\"search_term_string\"}}],\"inLanguage\":\"fr-FR\"}]}<\/script>\n<!-- \/ Yoast SEO plugin. -->","yoast_head_json":{"title":"chi siamo - Japan Matsuri - Festival Giapponese Bellinzona","robots":{"index":"index","follow":"follow","max-snippet":"max-snippet:-1","max-image-preview":"max-image-preview:large","max-video-preview":"max-video-preview:-1"},"canonical":"https:\/\/japanmatsuri.org\/fr\/presentation\/","og_locale":"fr_FR","og_type":"article","og_title":"chi siamo - Japan Matsuri - Festival Giapponese Bellinzona","og_description":"Chi Siamo Japan Matsuri \u00e8 il festival sulla cultura nipponica pi\u00f9 completo e vasto a livello nazionale, che d\u00e0 al pubblico la sensazione di essere proiettati in un mondo affascinante e lontano, tra tradizione e modernit\u00e0, che rappresenta il Giappone a 360\u00b0 Si tratta dell\u2019unico evento giapponese in Svizzera con un programma ad alto livello [&hellip;]","og_url":"https:\/\/japanmatsuri.org\/fr\/presentation\/","og_site_name":"Japan Matsuri - Festival Giapponese Bellinzona","article_modified_time":"2025-05-10T16:58:08+00:00","og_image":[{"url":"https:\/\/japanmatsuri.org\/wp-content\/uploads\/elementor\/thumbs\/JPM-2023-SABATO-apertura-r5m20psql53kr7lfni1f6f2sn6obvw25i227fsv5i8.jpg","type":"","width":"","height":""}],"twitter_card":"summary_large_image","twitter_misc":{"Dur\u00e9e de lecture estim\u00e9e":"3 minutes"},"schema":{"@context":"https:\/\/schema.org","@graph":[{"@type":"WebPage","@id":"https:\/\/japanmatsuri.org\/it\/chi-siamo\/","url":"https:\/\/japanmatsuri.org\/it\/chi-siamo\/","name":"chi siamo - Japan Matsuri - Festival Giapponese Bellinzona","isPartOf":{"@id":"https:\/\/japanmatsuri.org\/#website"},"primaryImageOfPage":{"@id":"https:\/\/japanmatsuri.org\/it\/chi-siamo\/#primaryimage"},"image":{"@id":"https:\/\/japanmatsuri.org\/it\/chi-siamo\/#primaryimage"},"thumbnailUrl":"https:\/\/japanmatsuri.org\/wp-content\/uploads\/elementor\/thumbs\/JPM-2023-SABATO-apertura-r5m20psql53kr7lfni1f6f2sn6obvw25i227fsv5i8.jpg","datePublished":"2025-05-10T16:57:37+00:00","dateModified":"2025-05-10T16:58:08+00:00","breadcrumb":{"@id":"https:\/\/japanmatsuri.org\/it\/chi-siamo\/#breadcrumb"},"inLanguage":"fr-FR","potentialAction":[{"@type":"ReadAction","target":["https:\/\/japanmatsuri.org\/it\/chi-siamo\/"]}]},{"@type":"ImageObject","inLanguage":"fr-FR","@id":"https:\/\/japanmatsuri.org\/it\/chi-siamo\/#primaryimage","url":"https:\/\/japanmatsuri.org\/wp-content\/uploads\/elementor\/thumbs\/JPM-2023-SABATO-apertura-r5m20psql53kr7lfni1f6f2sn6obvw25i227fsv5i8.jpg","contentUrl":"https:\/\/japanmatsuri.org\/wp-content\/uploads\/elementor\/thumbs\/JPM-2023-SABATO-apertura-r5m20psql53kr7lfni1f6f2sn6obvw25i227fsv5i8.jpg"},{"@type":"BreadcrumbList","@id":"https:\/\/japanmatsuri.org\/it\/chi-siamo\/#breadcrumb","itemListElement":[{"@type":"ListItem","position":1,"name":"Home","item":"https:\/\/japanmatsuri.org\/it\/"},{"@type":"ListItem","position":2,"name":"chi siamo"}]},{"@type":"WebSite","@id":"https:\/\/japanmatsuri.org\/#website","url":"https:\/\/japanmatsuri.org\/","name":"Japan Matsuri - Festival Giapponese Bellinzona","description":"Festival Giapponese Bellinzona","potentialAction":[{"@type":"SearchAction","target":{"@type":"EntryPoint","urlTemplate":"https:\/\/japanmatsuri.org\/?s={search_term_string}"},"query-input":{"@type":"PropertyValueSpecification","valueRequired":true,"valueName":"search_term_string"}}],"inLanguage":"fr-FR"}]}},"_links":{"self":[{"href":"https:\/\/japanmatsuri.org\/fr\/wp-json\/wp\/v2\/pages\/456","targetHints":{"allow":["GET"]}}],"collection":[{"href":"https:\/\/japanmatsuri.org\/fr\/wp-json\/wp\/v2\/pages"}],"about":[{"href":"https:\/\/japanmatsuri.org\/fr\/wp-json\/wp\/v2\/types\/page"}],"author":[{"embeddable":true,"href":"https:\/\/japanmatsuri.org\/fr\/wp-json\/wp\/v2\/users\/1"}],"replies":[{"embeddable":true,"href":"https:\/\/japanmatsuri.org\/fr\/wp-json\/wp\/v2\/comments?post=456"}],"version-history":[{"count":4,"href":"https:\/\/japanmatsuri.org\/fr\/wp-json\/wp\/v2\/pages\/456\/revisions"}],"predecessor-version":[{"id":463,"href":"https:\/\/japanmatsuri.org\/fr\/wp-json\/wp\/v2\/pages\/456\/revisions\/463"}],"wp:attachment":[{"href":"https:\/\/japanmatsuri.org\/fr\/wp-json\/wp\/v2\/media?parent=456"}],"curies":[{"name":"wp","href":"https:\/\/api.w.org\/{rel}","templated":true}]}}