{"id":471,"date":"2025-05-10T18:41:36","date_gmt":"2025-05-10T17:41:36","guid":{"rendered":"https:\/\/japanmatsuri.org\/?page_id=471"},"modified":"2025-06-01T20:22:14","modified_gmt":"2025-06-01T19:22:14","slug":"billets","status":"publish","type":"page","link":"https:\/\/japanmatsuri.org\/fr\/billets\/","title":{"rendered":"biglietti"},"content":{"rendered":"<div data-elementor-type=\"wp-page\" data-elementor-id=\"471\" class=\"elementor elementor-471\" data-elementor-post-type=\"page\">\n\t\t\t\t<div class=\"elementor-element elementor-element-1b637d37 e-flex e-con-boxed e-con e-parent\" data-id=\"1b637d37\" data-element_type=\"container\">\n\t\t\t\t\t<div class=\"e-con-inner\">\n\t\t\t\t<div class=\"elementor-element elementor-element-20a096ec elementor-widget elementor-widget-heading\" data-id=\"20a096ec\" data-element_type=\"widget\" data-widget_type=\"heading.default\">\n\t\t\t\t<div class=\"elementor-widget-container\">\n\t\t\t\t\t<h1 class=\"elementor-heading-title elementor-size-default\">Billets<\/h1>\t\t\t\t<\/div>\n\t\t\t\t<\/div>\n\t\t\t\t\t<\/div>\n\t\t\t\t<\/div>\n\t\t<div class=\"elementor-element elementor-element-448f37ee e-flex e-con-boxed e-con e-parent\" data-id=\"448f37ee\" data-element_type=\"container\">\n\t\t\t\t\t<div class=\"e-con-inner\">\n\t\t\t\t<div class=\"elementor-element elementor-element-3825bfc elementor-widget elementor-widget-text-editor\" data-id=\"3825bfc\" data-element_type=\"widget\" data-widget_type=\"text-editor.default\">\n\t\t\t\t<div class=\"elementor-widget-container\">\n\t\t\t\t\t\t\t\t\t<p class=\"translation-block\">Les billets sont achetables en ligne sur <a href=\"https:\/\/www.ticketino.com\/fr\/event\/202747\" target=\"_blank\" rel=\"noopener\">ticketino.com<\/a> ou au guichet sur place.<\/p>\t\t\t\t\t\t\t\t<\/div>\n\t\t\t\t<\/div>\n\t\t\t\t\t<\/div>\n\t\t\t\t<\/div>\n\t\t<div class=\"elementor-element elementor-element-eaf3c15 e-flex e-con-boxed e-con e-parent\" data-id=\"eaf3c15\" data-element_type=\"container\">\n\t\t\t\t\t<div class=\"e-con-inner\">\n\t\t\t\t<div class=\"elementor-element elementor-element-2de7eaf elementor-widget elementor-widget-heading\" data-id=\"2de7eaf\" data-element_type=\"widget\" data-widget_type=\"heading.default\">\n\t\t\t\t<div class=\"elementor-widget-container\">\n\t\t\t\t\t<h3 class=\"elementor-heading-title elementor-size-default\">Prix au guichet<\/h3>\t\t\t\t<\/div>\n\t\t\t\t<\/div>\n\t\t\t\t\t<\/div>\n\t\t\t\t<\/div>\n\t\t<div class=\"elementor-element elementor-element-365f1be e-flex e-con-boxed e-con e-parent\" data-id=\"365f1be\" data-element_type=\"container\">\n\t\t\t\t\t<div class=\"e-con-inner\">\n\t\t<div class=\"elementor-element elementor-element-a7c7f30 e-con-full e-flex e-con e-child\" data-id=\"a7c7f30\" data-element_type=\"container\">\n\t\t\t\t<div class=\"elementor-element elementor-element-7304299 elementor-widget elementor-widget-text-editor\" data-id=\"7304299\" data-element_type=\"widget\" data-widget_type=\"text-editor.default\">\n\t\t\t\t<div class=\"elementor-widget-container\">\n\t\t\t\t\t\t\t\t\t<div class=\"wp-block-column is-layout-flow wp-block-column-is-layout-flow\"><p class=\"\"><strong><em>Pass pour 1 jour :<br \/><\/em><\/strong>Adulti\u00a0 CHF 17.-<br \/>Enfants (6-14 ans) : CHF 8.-<br \/>Enfants de moins de 6 ans: gratuit<\/p><p class=\"\"><strong><em>Pass pour 2 jours :<br \/><\/em><\/strong>Adulti \u00a0 CHF 22.-<br \/>Enfants (6-14 ans) : CHF 13.-<br \/>Enfants de moins de 6 ans: gratuit<\/p><\/div>\t\t\t\t\t\t\t\t<\/div>\n\t\t\t\t<\/div>\n\t\t\t\t<\/div>\n\t\t<div class=\"elementor-element elementor-element-3c70551 e-con-full e-flex e-con e-child\" data-id=\"3c70551\" data-element_type=\"container\">\n\t\t\t\t<div class=\"elementor-element elementor-element-3b0236d elementor-widget elementor-widget-image\" data-id=\"3b0236d\" data-element_type=\"widget\" data-widget_type=\"image.default\">\n\t\t\t\t<div class=\"elementor-widget-container\">\n\t\t\t\t\t\t\t\t\t\t\t\t\t\t\t<img fetchpriority=\"high\" decoding=\"async\" width=\"300\" height=\"283\" src=\"https:\/\/japanmatsuri.org\/wp-content\/uploads\/2025\/05\/Cash-300x283-1.jpg\" class=\"attachment-large size-large wp-image-473\" alt=\"\" srcset=\"https:\/\/japanmatsuri.org\/wp-content\/uploads\/2025\/05\/Cash-300x283-1.jpg 300w, https:\/\/japanmatsuri.org\/wp-content\/uploads\/2025\/05\/Cash-300x283-1-13x12.jpg 13w\" sizes=\"(max-width: 300px) 100vw, 300px\" \/>\t\t\t\t\t\t\t\t\t\t\t\t\t\t\t<\/div>\n\t\t\t\t<\/div>\n\t\t\t\t<\/div>\n\t\t\t\t\t<\/div>\n\t\t\t\t<\/div>\n\t\t<div class=\"elementor-element elementor-element-db99263 e-flex e-con-boxed e-con e-parent\" data-id=\"db99263\" data-element_type=\"container\">\n\t\t\t\t\t<div class=\"e-con-inner\">\n\t\t\t\t<div class=\"elementor-element elementor-element-80b37be elementor-widget elementor-widget-text-editor\" data-id=\"80b37be\" data-element_type=\"widget\" data-widget_type=\"text-editor.default\">\n\t\t\t\t<div class=\"elementor-widget-container\">\n\t\t\t\t\t\t\t\t\t<p><strong>Non si accettano banconote da CHF 200.- e CHF 1000.-<\/strong><\/p>\t\t\t\t\t\t\t\t<\/div>\n\t\t\t\t<\/div>\n\t\t\t\t\t<\/div>\n\t\t\t\t<\/div>\n\t\t<div class=\"elementor-element elementor-element-f061710 e-flex e-con-boxed e-con e-parent\" data-id=\"f061710\" data-element_type=\"container\">\n\t\t\t\t\t<div class=\"e-con-inner\">\n\t\t\t\t<div class=\"elementor-element elementor-element-bba2cdc elementor-widget elementor-widget-heading\" data-id=\"bba2cdc\" data-element_type=\"widget\" data-widget_type=\"heading.default\">\n\t\t\t\t<div class=\"elementor-widget-container\">\n\t\t\t\t\t<h3 class=\"elementor-heading-title elementor-size-default\">Prix en ligne<\/h3>\t\t\t\t<\/div>\n\t\t\t\t<\/div>\n\t\t\t\t<div class=\"elementor-element elementor-element-73defb9 elementor-widget elementor-widget-text-editor\" data-id=\"73defb9\" data-element_type=\"widget\" data-widget_type=\"text-editor.default\">\n\t\t\t\t<div class=\"elementor-widget-container\">\n\t\t\t\t\t\t\t\t\t<p>En achetant votre billet en ligne, vous aurez la possibilit\u00e9 de profiter du festival en entrant par une entr\u00e9e lat\u00e9rale. En effet, vous pourrez acc\u00e9der \u00e0 la zone d\u2019exposition par une entr\u00e9e exclusive situ\u00e9e sur Via del Bramantino, du c\u00f4t\u00e9 du PalaSport donnant sur les parkings. De plus, avec votre billet en ligne, vous aurez \u00e9galement le droit de participer \u00e0 notre fantastique concours.<\/p>\t\t\t\t\t\t\t\t<\/div>\n\t\t\t\t<\/div>\n\t\t\t\t<div class=\"elementor-element elementor-element-ecef01c elementor-widget elementor-widget-image\" data-id=\"ecef01c\" data-element_type=\"widget\" data-widget_type=\"image.default\">\n\t\t\t\t<div class=\"elementor-widget-container\">\n\t\t\t\t\t\t\t\t\t\t\t\t\t\t\t<img decoding=\"async\" width=\"300\" height=\"228\" src=\"https:\/\/japanmatsuri.org\/wp-content\/uploads\/2025\/05\/QR-300x228-1.jpg\" class=\"attachment-large size-large wp-image-474\" alt=\"\" srcset=\"https:\/\/japanmatsuri.org\/wp-content\/uploads\/2025\/05\/QR-300x228-1.jpg 300w, https:\/\/japanmatsuri.org\/wp-content\/uploads\/2025\/05\/QR-300x228-1-16x12.jpg 16w\" sizes=\"(max-width: 300px) 100vw, 300px\" \/>\t\t\t\t\t\t\t\t\t\t\t\t\t\t\t<\/div>\n\t\t\t\t<\/div>\n\t\t\t\t\t<\/div>\n\t\t\t\t<\/div>\n\t\t<div class=\"elementor-element elementor-element-db33f5d e-flex e-con-boxed e-con e-parent\" data-id=\"db33f5d\" data-element_type=\"container\">\n\t\t\t\t\t<div class=\"e-con-inner\">\n\t\t\t\t<div class=\"elementor-element elementor-element-c3927b3 elementor-widget elementor-widget-text-editor\" data-id=\"c3927b3\" data-element_type=\"widget\" data-widget_type=\"text-editor.default\">\n\t\t\t\t<div class=\"elementor-widget-container\">\n\t\t\t\t\t\t\t\t\t<p class=\"\">*<em>Les billets r\u00e9duits pour les personnes ayant des besoins sp\u00e9cifiques peuvent \u00eatre achet\u00e9s uniquement au guichet pendant les jours de l\u2019\u00e9v\u00e9nement<\/em><\/p><p class=\"\">Achetez les billets en ligne sur <a href=\"https:\/\/www.ticketino.com\/fr\/event\/202747\" target=\"_blank\" rel=\"noopener\">ticketino.com<\/a><\/p>\t\t\t\t\t\t\t\t<\/div>\n\t\t\t\t<\/div>\n\t\t\t\t\t<\/div>\n\t\t\t\t<\/div>\n\t\t<div class=\"elementor-element elementor-element-b58a289 e-flex e-con-boxed e-con e-parent\" data-id=\"b58a289\" data-element_type=\"container\">\n\t\t\t\t\t<div class=\"e-con-inner\">\n\t\t\t\t<div class=\"elementor-element elementor-element-b2b039e elementor-widget elementor-widget-html\" data-id=\"b2b039e\" data-element_type=\"widget\" data-widget_type=\"html.default\">\n\t\t\t\t<div class=\"elementor-widget-container\">\n\t\t\t\t\t<script src=\"https:\/\/www.ticketino.com\/js\/iframe-resizer\/iframeResizer.min.js\"><\/script>\n<script>function iframeDidLoad() { iFrameResize({ log: false, heightCalculationMethod: 'max' }, '#ticketino-iframe'); }<\/script>\n<iframe id=\"ticketino-iframe\" style=\"width: 1px; min-width: 100%; border: none;\" src=\"https:\/\/www.ticketino.com\/it\/event\/Embed\/202747\" onload=\"iframeDidLoad()\"><\/iframe>\t\t\t\t<\/div>\n\t\t\t\t<\/div>\n\t\t\t\t\t<\/div>\n\t\t\t\t<\/div>\n\t\t<div class=\"elementor-element elementor-element-b7658d3 e-flex e-con-boxed e-con e-parent\" data-id=\"b7658d3\" data-element_type=\"container\">\n\t\t\t\t\t<div class=\"e-con-inner\">\n\t\t\t\t<div class=\"elementor-element elementor-element-0fcf6de elementor-widget elementor-widget-heading\" data-id=\"0fcf6de\" data-element_type=\"widget\" data-widget_type=\"heading.default\">\n\t\t\t\t<div class=\"elementor-widget-container\">\n\t\t\t\t\t<h3 class=\"elementor-heading-title elementor-size-default\">Fonctionnement<\/h3>\t\t\t\t<\/div>\n\t\t\t\t<\/div>\n\t\t\t\t<div class=\"elementor-element elementor-element-dd55898 elementor-widget elementor-widget-text-editor\" data-id=\"dd55898\" data-element_type=\"widget\" data-widget_type=\"text-editor.default\">\n\t\t\t\t<div class=\"elementor-widget-container\">\n\t\t\t\t\t\t\t\t\t<p>oit que vous avez achet\u00e9 votre billet en ligne, soit que vous l\u2019avez achet\u00e9 au guichet sur place, il sera remplac\u00e9 par un pass au moment votre premier acc\u00e8s au festival, constituant d\u2019un brassard.<\/p><p><span style=\"text-decoration: underline;\"><strong>Les brassards ab\u00eem\u00e9s ou enlev\u00e9s ne seront pas remplac\u00e9s.<\/strong><\/span><\/p>\t\t\t\t\t\t\t\t<\/div>\n\t\t\t\t<\/div>\n\t\t\t\t\t<\/div>\n\t\t\t\t<\/div>\n\t\t\t\t<\/div>","protected":false},"excerpt":{"rendered":"<p>Biglietti I biglietti sono acquistabili direttamente alla cassa o online su ticketino.com Costo alla cassa Pass valido 1 Giorno:Adulti\u00a0 CHF 17.-Bambini(6-14) CHF 8.-Bambini sotto i 6 anni: gratis Pass valido 2 Giorni:Adulti \u00a0 CHF 22.-Bambini(6-14)\u00a0 CHF 13.-Bambini sotto i 6 anni: gratis Non si accettano banconote da CHF 200.- e CHF 1000.- Costo biglietto online [&hellip;]<\/p>","protected":false},"author":1,"featured_media":0,"parent":0,"menu_order":0,"comment_status":"closed","ping_status":"closed","template":"","meta":{"footnotes":""},"class_list":["post-471","page","type-page","status-publish","hentry"],"yoast_head":"<!-- This site is optimized with the Yoast SEO plugin v25.4 - https:\/\/yoast.com\/wordpress\/plugins\/seo\/ -->\n<title>biglietti - Japan Matsuri - Festival Giapponese Bellinzona<\/title>\n<meta name=\"robots\" content=\"index, follow, max-snippet:-1, max-image-preview:large, max-video-preview:-1\" \/>\n<link rel=\"canonical\" href=\"https:\/\/japanmatsuri.org\/fr\/billets\/\" \/>\n<meta property=\"og:locale\" content=\"fr_FR\" \/>\n<meta property=\"og:type\" content=\"article\" \/>\n<meta property=\"og:title\" content=\"biglietti - Japan Matsuri - Festival Giapponese Bellinzona\" \/>\n<meta property=\"og:description\" content=\"Biglietti I biglietti sono acquistabili direttamente alla cassa o online su ticketino.com Costo alla cassa Pass valido 1 Giorno:Adulti\u00a0 CHF 17.-Bambini(6-14) CHF 8.-Bambini sotto i 6 anni: gratis Pass valido 2 Giorni:Adulti \u00a0 CHF 22.-Bambini(6-14)\u00a0 CHF 13.-Bambini sotto i 6 anni: gratis Non si accettano banconote da CHF 200.- e CHF 1000.- Costo biglietto online [&hellip;]\" \/>\n<meta property=\"og:url\" content=\"https:\/\/japanmatsuri.org\/fr\/billets\/\" \/>\n<meta property=\"og:site_name\" content=\"Japan Matsuri - Festival Giapponese Bellinzona\" \/>\n<meta property=\"article:modified_time\" content=\"2025-06-01T19:22:14+00:00\" \/>\n<meta property=\"og:image\" content=\"https:\/\/japanmatsuri.org\/wp-content\/uploads\/2025\/05\/Cash-300x283-1.jpg\" \/>\n\t<meta property=\"og:image:width\" content=\"300\" \/>\n\t<meta property=\"og:image:height\" content=\"283\" \/>\n\t<meta property=\"og:image:type\" content=\"image\/jpeg\" \/>\n<meta name=\"twitter:card\" content=\"summary_large_image\" \/>\n<meta name=\"twitter:label1\" content=\"Dur\u00e9e de lecture estim\u00e9e\" \/>\n\t<meta name=\"twitter:data1\" content=\"1 minute\" \/>\n<script type=\"application\/ld+json\" class=\"yoast-schema-graph\">{\"@context\":\"https:\/\/schema.org\",\"@graph\":[{\"@type\":\"WebPage\",\"@id\":\"https:\/\/japanmatsuri.org\/it\/biglietti\/\",\"url\":\"https:\/\/japanmatsuri.org\/it\/biglietti\/\",\"name\":\"biglietti - Japan Matsuri - Festival Giapponese Bellinzona\",\"isPartOf\":{\"@id\":\"https:\/\/japanmatsuri.org\/#website\"},\"primaryImageOfPage\":{\"@id\":\"https:\/\/japanmatsuri.org\/it\/biglietti\/#primaryimage\"},\"image\":{\"@id\":\"https:\/\/japanmatsuri.org\/it\/biglietti\/#primaryimage\"},\"thumbnailUrl\":\"https:\/\/japanmatsuri.org\/wp-content\/uploads\/2025\/05\/Cash-300x283-1.jpg\",\"datePublished\":\"2025-05-10T17:41:36+00:00\",\"dateModified\":\"2025-06-01T19:22:14+00:00\",\"breadcrumb\":{\"@id\":\"https:\/\/japanmatsuri.org\/it\/biglietti\/#breadcrumb\"},\"inLanguage\":\"fr-FR\",\"potentialAction\":[{\"@type\":\"ReadAction\",\"target\":[\"https:\/\/japanmatsuri.org\/it\/biglietti\/\"]}]},{\"@type\":\"ImageObject\",\"inLanguage\":\"fr-FR\",\"@id\":\"https:\/\/japanmatsuri.org\/it\/biglietti\/#primaryimage\",\"url\":\"https:\/\/japanmatsuri.org\/wp-content\/uploads\/2025\/05\/Cash-300x283-1.jpg\",\"contentUrl\":\"https:\/\/japanmatsuri.org\/wp-content\/uploads\/2025\/05\/Cash-300x283-1.jpg\"},{\"@type\":\"BreadcrumbList\",\"@id\":\"https:\/\/japanmatsuri.org\/it\/biglietti\/#breadcrumb\",\"itemListElement\":[{\"@type\":\"ListItem\",\"position\":1,\"name\":\"Home\",\"item\":\"https:\/\/japanmatsuri.org\/it\/\"},{\"@type\":\"ListItem\",\"position\":2,\"name\":\"biglietti\"}]},{\"@type\":\"WebSite\",\"@id\":\"https:\/\/japanmatsuri.org\/#website\",\"url\":\"https:\/\/japanmatsuri.org\/\",\"name\":\"Japan Matsuri - Festival Giapponese Bellinzona\",\"description\":\"Festival Giapponese Bellinzona\",\"potentialAction\":[{\"@type\":\"SearchAction\",\"target\":{\"@type\":\"EntryPoint\",\"urlTemplate\":\"https:\/\/japanmatsuri.org\/?s={search_term_string}\"},\"query-input\":{\"@type\":\"PropertyValueSpecification\",\"valueRequired\":true,\"valueName\":\"search_term_string\"}}],\"inLanguage\":\"fr-FR\"}]}<\/script>\n<!-- \/ Yoast SEO plugin. -->","yoast_head_json":{"title":"biglietti - Japan Matsuri - Festival Giapponese Bellinzona","robots":{"index":"index","follow":"follow","max-snippet":"max-snippet:-1","max-image-preview":"max-image-preview:large","max-video-preview":"max-video-preview:-1"},"canonical":"https:\/\/japanmatsuri.org\/fr\/billets\/","og_locale":"fr_FR","og_type":"article","og_title":"biglietti - Japan Matsuri - Festival Giapponese Bellinzona","og_description":"Biglietti I biglietti sono acquistabili direttamente alla cassa o online su ticketino.com Costo alla cassa Pass valido 1 Giorno:Adulti\u00a0 CHF 17.-Bambini(6-14) CHF 8.-Bambini sotto i 6 anni: gratis Pass valido 2 Giorni:Adulti \u00a0 CHF 22.-Bambini(6-14)\u00a0 CHF 13.-Bambini sotto i 6 anni: gratis Non si accettano banconote da CHF 200.- e CHF 1000.- Costo biglietto online [&hellip;]","og_url":"https:\/\/japanmatsuri.org\/fr\/billets\/","og_site_name":"Japan Matsuri - Festival Giapponese Bellinzona","article_modified_time":"2025-06-01T19:22:14+00:00","og_image":[{"width":300,"height":283,"url":"https:\/\/japanmatsuri.org\/wp-content\/uploads\/2025\/05\/Cash-300x283-1.jpg","type":"image\/jpeg"}],"twitter_card":"summary_large_image","twitter_misc":{"Dur\u00e9e de lecture estim\u00e9e":"1 minute"},"schema":{"@context":"https:\/\/schema.org","@graph":[{"@type":"WebPage","@id":"https:\/\/japanmatsuri.org\/it\/biglietti\/","url":"https:\/\/japanmatsuri.org\/it\/biglietti\/","name":"biglietti - Japan Matsuri - Festival Giapponese Bellinzona","isPartOf":{"@id":"https:\/\/japanmatsuri.org\/#website"},"primaryImageOfPage":{"@id":"https:\/\/japanmatsuri.org\/it\/biglietti\/#primaryimage"},"image":{"@id":"https:\/\/japanmatsuri.org\/it\/biglietti\/#primaryimage"},"thumbnailUrl":"https:\/\/japanmatsuri.org\/wp-content\/uploads\/2025\/05\/Cash-300x283-1.jpg","datePublished":"2025-05-10T17:41:36+00:00","dateModified":"2025-06-01T19:22:14+00:00","breadcrumb":{"@id":"https:\/\/japanmatsuri.org\/it\/biglietti\/#breadcrumb"},"inLanguage":"fr-FR","potentialAction":[{"@type":"ReadAction","target":["https:\/\/japanmatsuri.org\/it\/biglietti\/"]}]},{"@type":"ImageObject","inLanguage":"fr-FR","@id":"https:\/\/japanmatsuri.org\/it\/biglietti\/#primaryimage","url":"https:\/\/japanmatsuri.org\/wp-content\/uploads\/2025\/05\/Cash-300x283-1.jpg","contentUrl":"https:\/\/japanmatsuri.org\/wp-content\/uploads\/2025\/05\/Cash-300x283-1.jpg"},{"@type":"BreadcrumbList","@id":"https:\/\/japanmatsuri.org\/it\/biglietti\/#breadcrumb","itemListElement":[{"@type":"ListItem","position":1,"name":"Home","item":"https:\/\/japanmatsuri.org\/it\/"},{"@type":"ListItem","position":2,"name":"biglietti"}]},{"@type":"WebSite","@id":"https:\/\/japanmatsuri.org\/#website","url":"https:\/\/japanmatsuri.org\/","name":"Japan Matsuri - Festival Giapponese Bellinzona","description":"Festival Giapponese Bellinzona","potentialAction":[{"@type":"SearchAction","target":{"@type":"EntryPoint","urlTemplate":"https:\/\/japanmatsuri.org\/?s={search_term_string}"},"query-input":{"@type":"PropertyValueSpecification","valueRequired":true,"valueName":"search_term_string"}}],"inLanguage":"fr-FR"}]}},"_links":{"self":[{"href":"https:\/\/japanmatsuri.org\/fr\/wp-json\/wp\/v2\/pages\/471","targetHints":{"allow":["GET"]}}],"collection":[{"href":"https:\/\/japanmatsuri.org\/fr\/wp-json\/wp\/v2\/pages"}],"about":[{"href":"https:\/\/japanmatsuri.org\/fr\/wp-json\/wp\/v2\/types\/page"}],"author":[{"embeddable":true,"href":"https:\/\/japanmatsuri.org\/fr\/wp-json\/wp\/v2\/users\/1"}],"replies":[{"embeddable":true,"href":"https:\/\/japanmatsuri.org\/fr\/wp-json\/wp\/v2\/comments?post=471"}],"version-history":[{"count":13,"href":"https:\/\/japanmatsuri.org\/fr\/wp-json\/wp\/v2\/pages\/471\/revisions"}],"predecessor-version":[{"id":780,"href":"https:\/\/japanmatsuri.org\/fr\/wp-json\/wp\/v2\/pages\/471\/revisions\/780"}],"wp:attachment":[{"href":"https:\/\/japanmatsuri.org\/fr\/wp-json\/wp\/v2\/media?parent=471"}],"curies":[{"name":"wp","href":"https:\/\/api.w.org\/{rel}","templated":true}]}}