{"id":546,"date":"2025-05-11T17:15:53","date_gmt":"2025-05-11T16:15:53","guid":{"rendered":"https:\/\/japanmatsuri.org\/?page_id=546"},"modified":"2025-05-11T17:16:08","modified_gmt":"2025-05-11T16:16:08","slug":"location-de-kimono","status":"publish","type":"page","link":"https:\/\/japanmatsuri.org\/fr\/location-de-kimono\/","title":{"rendered":"noleggio kimono"},"content":{"rendered":"<div data-elementor-type=\"wp-page\" data-elementor-id=\"546\" class=\"elementor elementor-546\" data-elementor-post-type=\"page\">\n\t\t\t\t<div class=\"elementor-element elementor-element-3a712372 e-flex e-con-boxed e-con e-parent\" data-id=\"3a712372\" data-element_type=\"container\">\n\t\t\t\t\t<div class=\"e-con-inner\">\n\t\t\t\t<div class=\"elementor-element elementor-element-1f973cad elementor-widget elementor-widget-heading\" data-id=\"1f973cad\" data-element_type=\"widget\" data-widget_type=\"heading.default\">\n\t\t\t\t<div class=\"elementor-widget-container\">\n\t\t\t\t\t<h1 class=\"elementor-heading-title elementor-size-default\">Location de Kimono<\/h1>\t\t\t\t<\/div>\n\t\t\t\t<\/div>\n\t\t\t\t\t<\/div>\n\t\t\t\t<\/div>\n\t\t<div class=\"elementor-element elementor-element-13f98217 e-flex e-con-boxed e-con e-parent\" data-id=\"13f98217\" data-element_type=\"container\">\n\t\t\t\t\t<div class=\"e-con-inner\">\n\t\t<div class=\"elementor-element elementor-element-360e7350 e-con-full e-flex e-con e-child\" data-id=\"360e7350\" data-element_type=\"container\">\n\t\t\t\t<div class=\"elementor-element elementor-element-3bdf845 elementor-widget elementor-widget-text-editor\" data-id=\"3bdf845\" data-element_type=\"widget\" data-widget_type=\"text-editor.default\">\n\t\t\t\t<div class=\"elementor-widget-container\">\n\t\t\t\t\t\t\t\t\t<p class=\"translation-block\">Le kimono est certainement le v\u00eatement japonais le plus caract\u00e9ristique. Comme chaque ann\u00e9e vous aurez la possibilit\u00e9 d\u2019exp\u00e9rimenter sur votre peau cet habit merveilleux.\nL\u2019exp\u00e9rience comprendra l\u2019habillement, qui est cur\u00e9 par des mains japonaise expertes.<\/p><p class=\"\">Ne manquez pas l\u2019occasion de porter ce fabuleux habit japonais!<\/p>\t\t\t\t\t\t\t\t<\/div>\n\t\t\t\t<\/div>\n\t\t\t\t<div class=\"elementor-element elementor-element-2218112 elementor-widget elementor-widget-text-editor\" data-id=\"2218112\" data-element_type=\"widget\" data-widget_type=\"text-editor.default\">\n\t\t\t\t<div class=\"elementor-widget-container\">\n\t\t\t\t\t\t\t\t\t<p>Ulteriori informazioni saranno disponibili allo<strong> stand di Eto<\/strong>.<\/p><p class=\"\"><strong>Tarifs :<\/strong><br \/>Habillement : CHF 15.00<br \/>Location : CHF 5.00 par demi-heure<\/p>\t\t\t\t\t\t\t\t<\/div>\n\t\t\t\t<\/div>\n\t\t\t\t<\/div>\n\t\t<div class=\"elementor-element elementor-element-52ca0a28 e-con-full e-flex e-con e-child\" data-id=\"52ca0a28\" data-element_type=\"container\">\n\t\t\t\t<div class=\"elementor-element elementor-element-fed2314 elementor-widget elementor-widget-image\" data-id=\"fed2314\" data-element_type=\"widget\" data-widget_type=\"image.default\">\n\t\t\t\t<div class=\"elementor-widget-container\">\n\t\t\t\t\t\t\t\t\t\t\t\t\t\t\t<img fetchpriority=\"high\" decoding=\"async\" width=\"683\" height=\"1024\" src=\"https:\/\/japanmatsuri.org\/wp-content\/uploads\/2025\/05\/kimono-683x1024.jpg\" class=\"attachment-large size-large wp-image-549\" alt=\"\" srcset=\"https:\/\/japanmatsuri.org\/wp-content\/uploads\/2025\/05\/kimono-683x1024.jpg 683w, https:\/\/japanmatsuri.org\/wp-content\/uploads\/2025\/05\/kimono-200x300.jpg 200w, https:\/\/japanmatsuri.org\/wp-content\/uploads\/2025\/05\/kimono-768x1152.jpg 768w, https:\/\/japanmatsuri.org\/wp-content\/uploads\/2025\/05\/kimono-8x12.jpg 8w, https:\/\/japanmatsuri.org\/wp-content\/uploads\/2025\/05\/kimono.jpg 1000w\" sizes=\"(max-width: 683px) 100vw, 683px\" \/>\t\t\t\t\t\t\t\t\t\t\t\t\t\t\t<\/div>\n\t\t\t\t<\/div>\n\t\t\t\t<\/div>\n\t\t\t\t\t<\/div>\n\t\t\t\t<\/div>\n\t\t<div class=\"elementor-element elementor-element-379ff6a4 e-flex e-con-boxed e-con e-parent\" data-id=\"379ff6a4\" data-element_type=\"container\">\n\t\t\t\t\t<div class=\"e-con-inner\">\n\t\t\t\t\t<\/div>\n\t\t\t\t<\/div>\n\t\t\t\t<\/div>","protected":false},"excerpt":{"rendered":"<p>Noleggio Kimono Il kimono \u00e8 senza ombra di dubbio l\u2019abito giapponese pi\u00f9 caratteristico. Come ogni anno avrete la possibilit\u00e0 di provare sulla vostra pelle uno di questi indumenti.Questo comprender\u00e0 ovviamente anche tutto il processo di vestizione, curato da mani esperte giapponesi. Non perdete l\u2019occasione di indossare questo splendido abito! Ulteriori informazioni saranno disponibili allo stand [&hellip;]<\/p>","protected":false},"author":1,"featured_media":0,"parent":0,"menu_order":0,"comment_status":"closed","ping_status":"closed","template":"","meta":{"footnotes":""},"class_list":["post-546","page","type-page","status-publish","hentry"],"yoast_head":"<!-- This site is optimized with the Yoast SEO plugin v25.4 - https:\/\/yoast.com\/wordpress\/plugins\/seo\/ -->\n<title>noleggio kimono - Japan Matsuri - Festival Giapponese Bellinzona<\/title>\n<meta name=\"robots\" content=\"index, follow, max-snippet:-1, max-image-preview:large, max-video-preview:-1\" \/>\n<link rel=\"canonical\" href=\"https:\/\/japanmatsuri.org\/fr\/location-de-kimono\/\" \/>\n<meta property=\"og:locale\" content=\"fr_FR\" \/>\n<meta property=\"og:type\" content=\"article\" \/>\n<meta property=\"og:title\" content=\"noleggio kimono - Japan Matsuri - Festival Giapponese Bellinzona\" \/>\n<meta property=\"og:description\" content=\"Noleggio Kimono Il kimono \u00e8 senza ombra di dubbio l\u2019abito giapponese pi\u00f9 caratteristico. Come ogni anno avrete la possibilit\u00e0 di provare sulla vostra pelle uno di questi indumenti.Questo comprender\u00e0 ovviamente anche tutto il processo di vestizione, curato da mani esperte giapponesi. Non perdete l\u2019occasione di indossare questo splendido abito! Ulteriori informazioni saranno disponibili allo stand [&hellip;]\" \/>\n<meta property=\"og:url\" content=\"https:\/\/japanmatsuri.org\/fr\/location-de-kimono\/\" \/>\n<meta property=\"og:site_name\" content=\"Japan Matsuri - Festival Giapponese Bellinzona\" \/>\n<meta property=\"article:modified_time\" content=\"2025-05-11T16:16:08+00:00\" \/>\n<meta property=\"og:image\" content=\"https:\/\/japanmatsuri.org\/wp-content\/uploads\/2025\/05\/kimono.jpg\" \/>\n\t<meta property=\"og:image:width\" content=\"1000\" \/>\n\t<meta property=\"og:image:height\" content=\"1500\" \/>\n\t<meta property=\"og:image:type\" content=\"image\/jpeg\" \/>\n<meta name=\"twitter:card\" content=\"summary_large_image\" \/>\n<script type=\"application\/ld+json\" class=\"yoast-schema-graph\">{\"@context\":\"https:\/\/schema.org\",\"@graph\":[{\"@type\":\"WebPage\",\"@id\":\"https:\/\/japanmatsuri.org\/noleggio-kimono\/\",\"url\":\"https:\/\/japanmatsuri.org\/noleggio-kimono\/\",\"name\":\"noleggio kimono - Japan Matsuri - Festival Giapponese Bellinzona\",\"isPartOf\":{\"@id\":\"https:\/\/japanmatsuri.org\/#website\"},\"primaryImageOfPage\":{\"@id\":\"https:\/\/japanmatsuri.org\/noleggio-kimono\/#primaryimage\"},\"image\":{\"@id\":\"https:\/\/japanmatsuri.org\/noleggio-kimono\/#primaryimage\"},\"thumbnailUrl\":\"https:\/\/japanmatsuri.org\/wp-content\/uploads\/2025\/05\/kimono-683x1024.jpg\",\"datePublished\":\"2025-05-11T16:15:53+00:00\",\"dateModified\":\"2025-05-11T16:16:08+00:00\",\"breadcrumb\":{\"@id\":\"https:\/\/japanmatsuri.org\/noleggio-kimono\/#breadcrumb\"},\"inLanguage\":\"fr-FR\",\"potentialAction\":[{\"@type\":\"ReadAction\",\"target\":[\"https:\/\/japanmatsuri.org\/noleggio-kimono\/\"]}]},{\"@type\":\"ImageObject\",\"inLanguage\":\"fr-FR\",\"@id\":\"https:\/\/japanmatsuri.org\/noleggio-kimono\/#primaryimage\",\"url\":\"https:\/\/japanmatsuri.org\/wp-content\/uploads\/2025\/05\/kimono-683x1024.jpg\",\"contentUrl\":\"https:\/\/japanmatsuri.org\/wp-content\/uploads\/2025\/05\/kimono-683x1024.jpg\"},{\"@type\":\"BreadcrumbList\",\"@id\":\"https:\/\/japanmatsuri.org\/noleggio-kimono\/#breadcrumb\",\"itemListElement\":[{\"@type\":\"ListItem\",\"position\":1,\"name\":\"Home\",\"item\":\"https:\/\/japanmatsuri.org\/it\/\"},{\"@type\":\"ListItem\",\"position\":2,\"name\":\"noleggio kimono\"}]},{\"@type\":\"WebSite\",\"@id\":\"https:\/\/japanmatsuri.org\/#website\",\"url\":\"https:\/\/japanmatsuri.org\/\",\"name\":\"Japan Matsuri - Festival Giapponese Bellinzona\",\"description\":\"Festival Giapponese Bellinzona\",\"potentialAction\":[{\"@type\":\"SearchAction\",\"target\":{\"@type\":\"EntryPoint\",\"urlTemplate\":\"https:\/\/japanmatsuri.org\/?s={search_term_string}\"},\"query-input\":{\"@type\":\"PropertyValueSpecification\",\"valueRequired\":true,\"valueName\":\"search_term_string\"}}],\"inLanguage\":\"fr-FR\"}]}<\/script>\n<!-- \/ Yoast SEO plugin. -->","yoast_head_json":{"title":"noleggio kimono - Japan Matsuri - Festival Giapponese Bellinzona","robots":{"index":"index","follow":"follow","max-snippet":"max-snippet:-1","max-image-preview":"max-image-preview:large","max-video-preview":"max-video-preview:-1"},"canonical":"https:\/\/japanmatsuri.org\/fr\/location-de-kimono\/","og_locale":"fr_FR","og_type":"article","og_title":"noleggio kimono - Japan Matsuri - Festival Giapponese Bellinzona","og_description":"Noleggio Kimono Il kimono \u00e8 senza ombra di dubbio l\u2019abito giapponese pi\u00f9 caratteristico. Come ogni anno avrete la possibilit\u00e0 di provare sulla vostra pelle uno di questi indumenti.Questo comprender\u00e0 ovviamente anche tutto il processo di vestizione, curato da mani esperte giapponesi. Non perdete l\u2019occasione di indossare questo splendido abito! Ulteriori informazioni saranno disponibili allo stand [&hellip;]","og_url":"https:\/\/japanmatsuri.org\/fr\/location-de-kimono\/","og_site_name":"Japan Matsuri - Festival Giapponese Bellinzona","article_modified_time":"2025-05-11T16:16:08+00:00","og_image":[{"width":1000,"height":1500,"url":"https:\/\/japanmatsuri.org\/wp-content\/uploads\/2025\/05\/kimono.jpg","type":"image\/jpeg"}],"twitter_card":"summary_large_image","schema":{"@context":"https:\/\/schema.org","@graph":[{"@type":"WebPage","@id":"https:\/\/japanmatsuri.org\/noleggio-kimono\/","url":"https:\/\/japanmatsuri.org\/noleggio-kimono\/","name":"noleggio kimono - Japan Matsuri - Festival Giapponese Bellinzona","isPartOf":{"@id":"https:\/\/japanmatsuri.org\/#website"},"primaryImageOfPage":{"@id":"https:\/\/japanmatsuri.org\/noleggio-kimono\/#primaryimage"},"image":{"@id":"https:\/\/japanmatsuri.org\/noleggio-kimono\/#primaryimage"},"thumbnailUrl":"https:\/\/japanmatsuri.org\/wp-content\/uploads\/2025\/05\/kimono-683x1024.jpg","datePublished":"2025-05-11T16:15:53+00:00","dateModified":"2025-05-11T16:16:08+00:00","breadcrumb":{"@id":"https:\/\/japanmatsuri.org\/noleggio-kimono\/#breadcrumb"},"inLanguage":"fr-FR","potentialAction":[{"@type":"ReadAction","target":["https:\/\/japanmatsuri.org\/noleggio-kimono\/"]}]},{"@type":"ImageObject","inLanguage":"fr-FR","@id":"https:\/\/japanmatsuri.org\/noleggio-kimono\/#primaryimage","url":"https:\/\/japanmatsuri.org\/wp-content\/uploads\/2025\/05\/kimono-683x1024.jpg","contentUrl":"https:\/\/japanmatsuri.org\/wp-content\/uploads\/2025\/05\/kimono-683x1024.jpg"},{"@type":"BreadcrumbList","@id":"https:\/\/japanmatsuri.org\/noleggio-kimono\/#breadcrumb","itemListElement":[{"@type":"ListItem","position":1,"name":"Home","item":"https:\/\/japanmatsuri.org\/it\/"},{"@type":"ListItem","position":2,"name":"noleggio kimono"}]},{"@type":"WebSite","@id":"https:\/\/japanmatsuri.org\/#website","url":"https:\/\/japanmatsuri.org\/","name":"Japan Matsuri - Festival Giapponese Bellinzona","description":"Festival Giapponese Bellinzona","potentialAction":[{"@type":"SearchAction","target":{"@type":"EntryPoint","urlTemplate":"https:\/\/japanmatsuri.org\/?s={search_term_string}"},"query-input":{"@type":"PropertyValueSpecification","valueRequired":true,"valueName":"search_term_string"}}],"inLanguage":"fr-FR"}]}},"_links":{"self":[{"href":"https:\/\/japanmatsuri.org\/fr\/wp-json\/wp\/v2\/pages\/546","targetHints":{"allow":["GET"]}}],"collection":[{"href":"https:\/\/japanmatsuri.org\/fr\/wp-json\/wp\/v2\/pages"}],"about":[{"href":"https:\/\/japanmatsuri.org\/fr\/wp-json\/wp\/v2\/types\/page"}],"author":[{"embeddable":true,"href":"https:\/\/japanmatsuri.org\/fr\/wp-json\/wp\/v2\/users\/1"}],"replies":[{"embeddable":true,"href":"https:\/\/japanmatsuri.org\/fr\/wp-json\/wp\/v2\/comments?post=546"}],"version-history":[{"count":4,"href":"https:\/\/japanmatsuri.org\/fr\/wp-json\/wp\/v2\/pages\/546\/revisions"}],"predecessor-version":[{"id":552,"href":"https:\/\/japanmatsuri.org\/fr\/wp-json\/wp\/v2\/pages\/546\/revisions\/552"}],"wp:attachment":[{"href":"https:\/\/japanmatsuri.org\/fr\/wp-json\/wp\/v2\/media?parent=546"}],"curies":[{"name":"wp","href":"https:\/\/api.w.org\/{rel}","templated":true}]}}